{"id":64447,"date":"2023-06-13T20:05:43","date_gmt":"2023-06-13T20:05:43","guid":{"rendered":"https:\/\/apgsolutions.com\/pilotes-pour-tiroir-caisse-usb\/"},"modified":"2026-01-27T16:21:29","modified_gmt":"2026-01-27T16:21:29","slug":"pilotes-pour-tiroir-caisse-usb","status":"publish","type":"page","link":"https:\/\/apgsolutions.com\/fr\/pilotes-pour-tiroir-caisse-usb\/","title":{"rendered":"Pilotes pour tiroir-caisse USB"},"content":{"rendered":"<div class=\"section_page-header \">\n    <img decoding=\"async\" class=\"header-image\" src=\"https:\/\/apgsolutions.com\/wp-content\/uploads\/2023\/05\/European-USB-Drivers.jpg\" alt=\"European-USB-Drivers\" title=\"European-USB-Drivers\">\n            <div class=\"header-content\">\n            <h1>European<br>USB Drivers<\/h1>\n        <\/div>\n    <\/div>\n<h2 class=\"wp-block-heading\" id=\"h-usb-drivers-and-testing-utility\">Pilotes USB et utilitaire de test<\/h2>\n\n<p>Les liens de t\u00e9l\u00e9chargement suivants comprennent l&rsquo;Utilitaire de test du tiroir-caisse USB d&rsquo;APG \/ Cash Bases (pour Windows uniquement) pour tiroirs \u00e0 USB int\u00e9gr\u00e9 et modules UMI vers USB, un fichier de configuration associ\u00e9, des pilotes USB pour Windows, et un manuel d&rsquo;utilisation. L&rsquo;utilitaire facilite le test des tiroirs-caisses connect\u00e9s en USB, active l&rsquo;ouverture des tiroirs et permet de suivre leur statut (ouvert ou ferm\u00e9). Veuillez choisir le t\u00e9l\u00e9chargement adapt\u00e9 \u00e0 votre type d&rsquo;appareil:<\/p>\n\n<p><a href=\"\/wp-content\/uploads\/2023\/05\/PROG0077.zip\">USB interne<\/a><br\/><a href=\"https:\/\/apgsolutions.com\/wp-content\/uploads\/2023\/05\/PROG0061.zip\">UMI &#8211; USB<\/a><\/p>\n\n<h2 class=\"wp-block-heading\" id=\"h-opos-drivers-and-testing-utility\">Pilotes OPOS et utilitaire de test<\/h2>\n\n<p>Les liens de t\u00e9l\u00e9chargement suivants comprennent les pilotes OPOS et l&rsquo;Utilitaire de test (pour Windows uniquement) d&rsquo;APG \/ Cash Bases pour tiroirs \u00e0 USB int\u00e9gr\u00e9 et modules UMI vers USB, ainsi que les CCO OPOS requis et un manuel d&rsquo;utilisation. Ces pilotes activent l&rsquo;ouverture des tiroirs et permettent de suivre leur statut (ouvert ou ferm\u00e9) via la norme OPOS. L&rsquo;utilitaire fourni facilite le test du pilote. Veuillez choisir le t\u00e9l\u00e9chargement adapt\u00e9 \u00e0 votre type d&rsquo;appareil:<\/p>\n\n<p><a href=\"\/wp-content\/uploads\/2023\/05\/PROG0121-rev-A-USB-OPOS-Driver-for-Windows.zip\">Pilote USB OPOS interne <\/a><br\/><a href=\"https:\/\/apgsolutions.com\/wp-content\/uploads\/2023\/05\/PROG0078-rev-B-UMI-OPOS-Driver-for-Windows.zip\">UMI &#8211; Pilote USB OPOS<\/a><\/p>\n\n<h2 class=\"wp-block-heading\" id=\"h-usb-sdk\">&#8211;<\/h2>\n\n<p>&#8211; &#8211; &#8211;<\/p>\n\n<p><a href=\"\/wp-content\/uploads\/2023\/05\/APG-EMEA-USB-Interface-SDK-rev-1.0.zip\">&#8211;<\/a><\/p>\n\n<hr class=\"wp-block-separator has-alpha-channel-opacity\"\/>\n\n<p>Les pilotes USB du tiroir-caisse pour d&rsquo;autres syst\u00e8mes d&rsquo;exploitation sont disponibles ici <a href=\"http:\/\/www.ftdichip.com\/FTDrivers.htm\" target=\"_blank\" rel=\"noreferrer noopener nofollow\">: https:\/\/www.ftdichip.com\/FTDrivers.htm<\/a><\/p>\n\n<p>Pour toute demande d&rsquo;assistance technique, veuillez contacter: <a href=\"mailto:sales.na@apgsolutions.com\">sales.na@apgsolutions.com<\/a> et <a href=\"mailto:sales.eu@apgsolutions.com\">sales.eu@apgsolutions.com<\/a><\/p>\n\n<p><\/p>\n","protected":false},"excerpt":{"rendered":"<p>Pilotes USB et utilitaire de test Les liens de t\u00e9l\u00e9chargement suivants comprennent l&rsquo;Utilitaire de test du tiroir-caisse USB d&rsquo;APG \/ Cash Bases (pour Windows uniquement) pour tiroirs \u00e0 USB int\u00e9gr\u00e9 et modules UMI vers USB, un fichier de configuration associ\u00e9, des pilotes USB pour Windows, et un manuel d&rsquo;utilisation. L&rsquo;utilitaire facilite le test des tiroirs-caisses [&hellip;]<\/p>\n","protected":false},"author":4,"featured_media":0,"parent":0,"menu_order":0,"comment_status":"closed","ping_status":"closed","template":"","meta":{"_acf_changed":false,"content-type":"","footnotes":""},"class_list":["post-64447","page","type-page","status-publish"],"yoast_head":"<!-- This site is optimized with the Yoast SEO Premium plugin v23.5 (Yoast SEO v27.2) - https:\/\/yoast.com\/product\/yoast-seo-premium-wordpress\/ -->\n<title>Pilotes USB europ\u00e9ens | apg\u00ae Solutions<\/title>\n<meta name=\"description\" content=\"Cash Bases Utilitaire de test des tiroirs-caisses USB (Windows uniquement) pour les tiroirs USB internes et les modules UMI to USB et autres.\" \/>\n<meta name=\"robots\" content=\"index, follow, max-snippet:-1, max-image-preview:large, max-video-preview:-1\" \/>\n<link rel=\"canonical\" href=\"https:\/\/apgsolutions.com\/fr\/pilotes-pour-tiroir-caisse-usb\/\" \/>\n<meta property=\"og:locale\" content=\"fr_FR\" \/>\n<meta property=\"og:type\" content=\"article\" \/>\n<meta property=\"og:title\" content=\"Pilotes USB europ\u00e9ens | apg\u00ae Solutions\" \/>\n<meta property=\"og:description\" content=\"Cash Bases Utilitaire de test des tiroirs-caisses USB (Windows uniquement) pour les tiroirs USB internes et les modules UMI to USB et autres.\" \/>\n<meta property=\"og:url\" content=\"https:\/\/apgsolutions.com\/fr\/pilotes-pour-tiroir-caisse-usb\/\" \/>\n<meta property=\"og:site_name\" content=\"apg\u00ae Solutions\" \/>\n<meta property=\"article:publisher\" content=\"https:\/\/www.facebook.com\/apgglobalsolutions\" \/>\n<meta property=\"article:modified_time\" content=\"2026-01-27T16:21:29+00:00\" \/>\n<meta name=\"twitter:card\" content=\"summary_large_image\" \/>\n<meta name=\"twitter:site\" content=\"@apg_solutions\" \/>\n<meta name=\"twitter:label1\" content=\"Dur\u00e9e de lecture estim\u00e9e\" \/>\n\t<meta name=\"twitter:data1\" content=\"1 minute\" \/>\n<script type=\"application\/ld+json\" class=\"yoast-schema-graph\">{\"@context\":\"https:\/\/schema.org\",\"@graph\":[{\"@type\":\"WebPage\",\"@id\":\"https:\/\/apgsolutions.com\/fr\/pilotes-pour-tiroir-caisse-usb\/\",\"url\":\"https:\/\/apgsolutions.com\/fr\/pilotes-pour-tiroir-caisse-usb\/\",\"name\":\"Pilotes USB europ\u00e9ens | apg\u00ae Solutions\",\"isPartOf\":{\"@id\":\"https:\/\/apgsolutions.com\/fr\/#website\"},\"datePublished\":\"2023-06-13T20:05:43+00:00\",\"dateModified\":\"2026-01-27T16:21:29+00:00\",\"description\":\"Cash Bases Utilitaire de test des tiroirs-caisses USB (Windows uniquement) pour les tiroirs USB internes et les modules UMI to USB et autres.\",\"inLanguage\":\"fr-FR\",\"potentialAction\":[{\"@type\":\"ReadAction\",\"target\":[\"https:\/\/apgsolutions.com\/fr\/pilotes-pour-tiroir-caisse-usb\/\"]}]},{\"@type\":\"WebSite\",\"@id\":\"https:\/\/apgsolutions.com\/fr\/#website\",\"url\":\"https:\/\/apgsolutions.com\/fr\/\",\"name\":\"APG Solutions, LLC\",\"description\":\"Trust at every point.\",\"publisher\":{\"@id\":\"https:\/\/apgsolutions.com\/fr\/#organization\"},\"potentialAction\":[{\"@type\":\"SearchAction\",\"target\":{\"@type\":\"EntryPoint\",\"urlTemplate\":\"https:\/\/apgsolutions.com\/fr\/?s={search_term_string}\"},\"query-input\":{\"@type\":\"PropertyValueSpecification\",\"valueRequired\":true,\"valueName\":\"search_term_string\"}}],\"inLanguage\":\"fr-FR\"},{\"@type\":\"Organization\",\"@id\":\"https:\/\/apgsolutions.com\/fr\/#organization\",\"name\":\"APG Solution, LLC\",\"url\":\"https:\/\/apgsolutions.com\/fr\/\",\"logo\":{\"@type\":\"ImageObject\",\"inLanguage\":\"fr-FR\",\"@id\":\"https:\/\/apgsolutions.com\/fr\/#\/schema\/logo\/image\/\",\"url\":\"https:\/\/apgsolutions.com\/wp-content\/uploads\/2023\/12\/logomark-color.svg\",\"contentUrl\":\"https:\/\/apgsolutions.com\/wp-content\/uploads\/2023\/12\/logomark-color.svg\",\"width\":141,\"height\":138,\"caption\":\"APG Solution, LLC\"},\"image\":{\"@id\":\"https:\/\/apgsolutions.com\/fr\/#\/schema\/logo\/image\/\"},\"sameAs\":[\"https:\/\/www.facebook.com\/apgglobalsolutions\",\"https:\/\/x.com\/apg_solutions\",\"https:\/\/www.youtube.com\/c\/CashManagementGlobalSolutionsbyapg\",\"https:\/\/www.linkedin.com\/company\/apgglobalsolutions\/\",\"https:\/\/www.instagram.com\/apgglobalsolutions\/\",\"https:\/\/www.pinterest.com\/apgcashdrawer\/\"]}]}<\/script>\n<!-- \/ Yoast SEO Premium plugin. -->","yoast_head_json":{"title":"Pilotes USB europ\u00e9ens | apg\u00ae Solutions","description":"Cash Bases Utilitaire de test des tiroirs-caisses USB (Windows uniquement) pour les tiroirs USB internes et les modules UMI to USB et autres.","robots":{"index":"index","follow":"follow","max-snippet":"max-snippet:-1","max-image-preview":"max-image-preview:large","max-video-preview":"max-video-preview:-1"},"canonical":"https:\/\/apgsolutions.com\/fr\/pilotes-pour-tiroir-caisse-usb\/","og_locale":"fr_FR","og_type":"article","og_title":"Pilotes USB europ\u00e9ens | apg\u00ae Solutions","og_description":"Cash Bases Utilitaire de test des tiroirs-caisses USB (Windows uniquement) pour les tiroirs USB internes et les modules UMI to USB et autres.","og_url":"https:\/\/apgsolutions.com\/fr\/pilotes-pour-tiroir-caisse-usb\/","og_site_name":"apg\u00ae Solutions","article_publisher":"https:\/\/www.facebook.com\/apgglobalsolutions","article_modified_time":"2026-01-27T16:21:29+00:00","twitter_card":"summary_large_image","twitter_site":"@apg_solutions","twitter_misc":{"Dur\u00e9e de lecture estim\u00e9e":"1 minute"},"schema":{"@context":"https:\/\/schema.org","@graph":[{"@type":"WebPage","@id":"https:\/\/apgsolutions.com\/fr\/pilotes-pour-tiroir-caisse-usb\/","url":"https:\/\/apgsolutions.com\/fr\/pilotes-pour-tiroir-caisse-usb\/","name":"Pilotes USB europ\u00e9ens | apg\u00ae Solutions","isPartOf":{"@id":"https:\/\/apgsolutions.com\/fr\/#website"},"datePublished":"2023-06-13T20:05:43+00:00","dateModified":"2026-01-27T16:21:29+00:00","description":"Cash Bases Utilitaire de test des tiroirs-caisses USB (Windows uniquement) pour les tiroirs USB internes et les modules UMI to USB et autres.","inLanguage":"fr-FR","potentialAction":[{"@type":"ReadAction","target":["https:\/\/apgsolutions.com\/fr\/pilotes-pour-tiroir-caisse-usb\/"]}]},{"@type":"WebSite","@id":"https:\/\/apgsolutions.com\/fr\/#website","url":"https:\/\/apgsolutions.com\/fr\/","name":"APG Solutions, LLC","description":"Trust at every point.","publisher":{"@id":"https:\/\/apgsolutions.com\/fr\/#organization"},"potentialAction":[{"@type":"SearchAction","target":{"@type":"EntryPoint","urlTemplate":"https:\/\/apgsolutions.com\/fr\/?s={search_term_string}"},"query-input":{"@type":"PropertyValueSpecification","valueRequired":true,"valueName":"search_term_string"}}],"inLanguage":"fr-FR"},{"@type":"Organization","@id":"https:\/\/apgsolutions.com\/fr\/#organization","name":"APG Solution, LLC","url":"https:\/\/apgsolutions.com\/fr\/","logo":{"@type":"ImageObject","inLanguage":"fr-FR","@id":"https:\/\/apgsolutions.com\/fr\/#\/schema\/logo\/image\/","url":"https:\/\/apgsolutions.com\/wp-content\/uploads\/2023\/12\/logomark-color.svg","contentUrl":"https:\/\/apgsolutions.com\/wp-content\/uploads\/2023\/12\/logomark-color.svg","width":141,"height":138,"caption":"APG Solution, LLC"},"image":{"@id":"https:\/\/apgsolutions.com\/fr\/#\/schema\/logo\/image\/"},"sameAs":["https:\/\/www.facebook.com\/apgglobalsolutions","https:\/\/x.com\/apg_solutions","https:\/\/www.youtube.com\/c\/CashManagementGlobalSolutionsbyapg","https:\/\/www.linkedin.com\/company\/apgglobalsolutions\/","https:\/\/www.instagram.com\/apgglobalsolutions\/","https:\/\/www.pinterest.com\/apgcashdrawer\/"]}]}},"acf":[],"_links":{"self":[{"href":"https:\/\/apgsolutions.com\/fr\/wp-json\/wp\/v2\/pages\/64447","targetHints":{"allow":["GET"]}}],"collection":[{"href":"https:\/\/apgsolutions.com\/fr\/wp-json\/wp\/v2\/pages"}],"about":[{"href":"https:\/\/apgsolutions.com\/fr\/wp-json\/wp\/v2\/types\/page"}],"author":[{"embeddable":true,"href":"https:\/\/apgsolutions.com\/fr\/wp-json\/wp\/v2\/users\/4"}],"replies":[{"embeddable":true,"href":"https:\/\/apgsolutions.com\/fr\/wp-json\/wp\/v2\/comments?post=64447"}],"version-history":[{"count":4,"href":"https:\/\/apgsolutions.com\/fr\/wp-json\/wp\/v2\/pages\/64447\/revisions"}],"predecessor-version":[{"id":103441,"href":"https:\/\/apgsolutions.com\/fr\/wp-json\/wp\/v2\/pages\/64447\/revisions\/103441"}],"wp:attachment":[{"href":"https:\/\/apgsolutions.com\/fr\/wp-json\/wp\/v2\/media?parent=64447"}],"curies":[{"name":"wp","href":"https:\/\/api.w.org\/{rel}","templated":true}]}}