{"id":64451,"date":"2023-06-13T20:39:09","date_gmt":"2023-06-13T20:39:09","guid":{"rendered":"https:\/\/apgsolutions.com\/politique-de-confidentialite\/"},"modified":"2026-01-22T14:41:14","modified_gmt":"2026-01-22T14:41:14","slug":"politique-de-confidentialite","status":"publish","type":"page","link":"https:\/\/apgsolutions.com\/fr\/politique-de-confidentialite\/","title":{"rendered":"Politique de confidentialit\u00e9"},"content":{"rendered":"<div class=\"section_page-header \">\n    <img decoding=\"async\" class=\"header-image\" src=\"https:\/\/apgsolutions.com\/wp-content\/uploads\/2023\/04\/dark-blue-rotated.jpg\" alt=\"dark-blue\" title=\"dark-blue\">\n            <div class=\"header-content\">\n            <h1>Privacy Policy<\/h1>\n        <\/div>\n    <\/div>\n\n\n<p>APG Cash Drawer, LLC s&rsquo;engage \u00e0 garantir la confidentialit\u00e9 des informations personnelles que vous choisissez de partager avec nous. Si nous vous demandons de nous fournir certaines informations permettant de vous identifier lors de l&rsquo;utilisation de ce site Web, soyez certain(e) que celles-ci seront uniquement utilis\u00e9es conform\u00e9ment \u00e0 cette charte de confidentialit\u00e9.<\/p>\n\n\n\n<h2 class=\"wp-block-heading\" id=\"h-quelles-informations-collectons-nous\">Quelles informations collectons-nous ?<\/h2>\n\n\n\n<p>Si vous nous demandez des renseignements ou nous envoyez des informations en nous envoyant un e-mail ou en remplissant les formulaires de notre site, nous pouvons collecter les informations personnelles suivantes : <\/p>\n\n\n\n<ul class=\"wp-block-list\">\n<li>Pr\u00e9nom et nom<\/li>\n\n\n\n<li>Informations pertinentes relatives \u00e0 votre soci\u00e9t\u00e9<\/li>\n\n\n\n<li>Coordonn\u00e9es, adresse e-mail comprise<\/li>\n\n\n\n<li>Informations d\u00e9mographiques, comme votre ville ou pays<\/li>\n\n\n\n<li>Adresse de livraison ou de facturation<\/li>\n\n\n\n<li>Autres donn\u00e9es pertinentes permettant \u00e0 APG Cash Drawer de vous contacter<\/li>\n<\/ul>\n\n\n\n<h2 class=\"wp-block-heading\" id=\"h-quelles-fins-utilisons-nous-vos-informations\">\u00c0 quelles fins utilisons-nous vos informations ?<\/h2>\n\n\n\n<p>Ces informations peuvent \u00eatre utilis\u00e9es pour vous contacter ult\u00e9rieurement par courrier, e-mail ou t\u00e9l\u00e9phone, afin de communiquer des informations sur les produits ou services d&rsquo;APG Cash Drawer. Les informations que vous choisissez de nous fournir ne seront vendues \u00e0 aucun tiers. <\/p>\n\n\n\n<p>Ces informations nous sont n\u00e9cessaires pour comprendre vos besoins et vous fournir un meilleur service, ainsi que pour les raisons suivantes :<\/p>\n\n\n\n<ul class=\"wp-block-list\">\n<li>Tenue des dossiers en interne<\/li>\n\n\n\n<li>Am\u00e9lioration de nos produits et services<\/li>\n\n\n\n<li>Envoi p\u00e9riodique d&rsquo;e-mails promotionnels \u00e0 propos de nouveaux produits, de salons professionnels, de webinaires, de newsletters ou d&rsquo;autres informations susceptibles de vous int\u00e9resser \u00e0 l&rsquo;adresse e-mail que vous nous avez fournie<\/li>\n\n\n\n<li>Traitement de vos demandes, comme l&rsquo;organisation d&rsquo;une r\u00e9union ou la livraison d&rsquo;un produit<\/li>\n\n\n\n<li>Invitations \u00e0 des \u00e9v\u00e9nements et des salons professionnels<\/li>\n\n\n\n<li>Demande de votre avis sur les produits ou services d&rsquo;APG<\/li>\n<\/ul>\n\n\n\n<h2 class=\"wp-block-heading\" id=\"h-comment-prot-geons-nous-vos-informations\">Comment prot\u00e9geons-nous vos informations ?<\/h2>\n\n\n\n<p>APG Cash Drawer a recours \u00e0 un grand nombre de mesures de s\u00e9curit\u00e9 afin de pr\u00e9server la s\u00fbret\u00e9 de vos informations personnelles lorsque nous traitons vos donn\u00e9es personnelles.<\/p>\n\n\n\n<h2 class=\"wp-block-heading\" id=\"h-cookies\">Cookies<\/h2>\n\n\n\n<p>Nous souhaitons que vous compreniez parfaitement comment nous prot\u00e9geons la vie priv\u00e9e des utilisateurs du site Web d&rsquo;APG Cash Drawer et comment les cookies les affectent. De m\u00eame, nous avons \u00e0 c\u0153ur de vous faire vivre une exp\u00e9rience conviviale lorsque vous visitez le site Web d&rsquo;APG Cash Drawer. Veuillez consulter notre <a href=\"https:\/\/apgsolutions.com\/fr\/politique-relative-aux-cookies\/\">Politique relative aux cookies<\/a> pour en savoir plus sur les cookies <a href=\"https:\/\/apgsolutions.com\/\"><\/a><a href=\"https:\/\/apgsolutions.com\/\"><\/a>utilis\u00e9s par <a href=\"https:\/\/apgsolutions.com\/\">www.cashdrawer.com<\/a>.<\/p>\n\n\n\n<h2 class=\"wp-block-heading\" id=\"h-confidentialit-des-donn-es-relatives-aux-enfants\">Confidentialit\u00e9 des donn\u00e9es relatives aux enfants<\/h2>\n\n\n\n<p>APG Cash Drawer, LLC ne recueille ni n&rsquo;utilise sciemment de donn\u00e9es personnelles d&rsquo;enfants de moins de 13 ans. Ce site Web n&rsquo;est pas destin\u00e9 aux enfants. <\/p>\n\n\n\n<h2 class=\"wp-block-heading\" id=\"h-divulguons-nous-des-informations-des-tiers\">Divulguons-nous des informations \u00e0 des tiers ?<\/h2>\n\n\n\n<p>APG Cash Drawer, LLC ne vend pas, n&rsquo;\u00e9change pas, ou ne transf\u00e8re pas vos informations personnelles \u00e0 des tiers. Cela ne concerne pas les tiers de confiance qui nous assistent dans l&rsquo;exploitation de notre site Web, la conduite de nos activit\u00e9s ou la fourniture de nos services, \u00e0 condition que ces parties acceptent de pr\u00e9server le caract\u00e8re confidentiel de ces informations. Nous pouvons \u00e9galement divulguer vos informations lorsque nous pensons que cela est appropri\u00e9 pour respecter la loi, appliquer les r\u00e8gles de notre site ou prot\u00e9ger nos droits, nos biens ou notre s\u00e9curit\u00e9.<\/p>\n\n\n\n<h2 class=\"wp-block-heading\" id=\"h-liens-tiers\">Liens tiers<\/h2>\n\n\n\n<p>Le site Web d&rsquo;APG Cash Drawer peut contenir des liens vers d&rsquo;autres sites Web susceptibles de vous int\u00e9resser. Si vous choisissez d&rsquo;utiliser l&rsquo;un de ces liens pour quitter le site Web d&rsquo;APG Cash Drawer, nous n&rsquo;avons aucun contr\u00f4le sur le site que vous choisissez de visiter. Par cons\u00e9quent, APG Cash Drawer ne peut pas \u00eatre responsable de la protection ni de la confidentialit\u00e9 des informations que vous fournissez lors de votre visite sur ces sites, et ces derniers ne sont pas r\u00e9gis par la pr\u00e9sente charte de confidentialit\u00e9. Nous vous recommandons de faire preuve de prudence et de consulter la charte de confidentialit\u00e9 r\u00e9gissant le site Web que vous choisissez de consulter.<\/p>\n\n\n\n<h2 class=\"wp-block-heading\" id=\"h-contr-le-de-vos-informations-personnelles\">Contr\u00f4le de vos informations personnelles<\/h2>\n\n\n\n<p>Nous traitons vos informations sur la base d&rsquo;int\u00e9r\u00eats l\u00e9gitimes. Vous pouvez \u00e0 tout moment vous d\u00e9sabonner des futures communications de notre part. Veuillez nous contacter \u00e0 l&rsquo;adresse <a href=\"mailto:marketing.na@apgsolutions.com\">marketing.na@apgsolutions.com<\/a> and <a href=\"mailto:marketing.eu@apgsolutions.com\">marketing.eu@apgsolutions.com<\/a> pour :<\/p>\n\n\n\n<ul class=\"wp-block-list\">\n<li>acc\u00e9der aux donn\u00e9es que nous poss\u00e9dons sur vous, le cas \u00e9ch\u00e9ant ;<\/li>\n\n\n\n<li>modifier ou corriger les donn\u00e9es que nous poss\u00e9dons sur vous ;<\/li>\n\n\n\n<li>exprimer vos r\u00e9serves par rapport \u00e0 notre utilisation de vos donn\u00e9es.<\/li>\n<\/ul>\n\n\n\n<p>Nous ne vendrons ni n&rsquo;\u00e9changerons pas vos informations personnelles aupr\u00e8s de tiers, sauf si vous nous autorisez \u00e0 le faire ou si la loi l&rsquo;exige.<\/p>\n\n\n\n<h2 class=\"wp-block-heading\" id=\"h-consentement-et-accord\">Consentement et accord<\/h2>\n\n\n\n<p>En utilisant le site Web d&rsquo;APG Cash Drawer, vous acceptez les conditions g\u00e9n\u00e9rales de la pr\u00e9sente politique de confidentialit\u00e9. Si vous n&rsquo;acceptez pas ces conditions g\u00e9n\u00e9rales, veuillez ne divulguer aucune information personnelle sur le site Web d&rsquo;APG Cash Drawer. APG Cash Drawer, LLC peut modifier la pr\u00e9sente politique de confidentialit\u00e9 de temps \u00e0 autre en mettant cette page \u00e0 jour. Nous vous recommandons de consulter r\u00e9guli\u00e8rement cette page pour vous assurer que vous \u00eates satisfait(e) des changements \u00e9ventuels. La pr\u00e9sente politique a \u00e9t\u00e9 r\u00e9vis\u00e9e le 9 mai 2018.<\/p>\n\n\n\n<h2 class=\"wp-block-heading\" id=\"h-nous-contacter\">Nous contacter<\/h2>\n\n\n\n<p>Si vous avez des questions ou des suggestions concernant notre politique de confidentialit\u00e9, veuillez nous contacter \u00e0 l&rsquo;adresse <a href=\"mailto:marketing.na@apgsolutions.com\">marketing.na@apgsolutions.com<\/a> and <a href=\"mailto:marketing.eu@apgsolutions.com\">marketing.eu@apgsolutions.com<\/a>.<\/p>\n","protected":false},"excerpt":{"rendered":"<p>APG Cash Drawer, LLC s&rsquo;engage \u00e0 garantir la confidentialit\u00e9 des informations personnelles que vous choisissez de partager avec nous. Si nous vous demandons de nous fournir certaines informations permettant de vous identifier lors de l&rsquo;utilisation de ce site Web, soyez certain(e) que celles-ci seront uniquement utilis\u00e9es conform\u00e9ment \u00e0 cette charte de confidentialit\u00e9. Quelles informations collectons-nous [&hellip;]<\/p>\n","protected":false},"author":1,"featured_media":0,"parent":0,"menu_order":0,"comment_status":"closed","ping_status":"closed","template":"","meta":{"_acf_changed":false,"content-type":"","footnotes":""},"class_list":["post-64451","page","type-page","status-publish"],"yoast_head":"<!-- This site is optimized with the Yoast SEO Premium plugin v23.5 (Yoast SEO v27.2) - https:\/\/yoast.com\/product\/yoast-seo-premium-wordpress\/ -->\n<title>Politique de confidentialit\u00e9 | apg\u00ae Solutions<\/title>\n<meta name=\"description\" content=\"APG Cash Drawer, LLC s&#039;engage \u00e0 garantir la confidentialit\u00e9 des informations personnelles que vous choisissez de partager avec nous.\" \/>\n<meta name=\"robots\" content=\"index, follow, max-snippet:-1, max-image-preview:large, max-video-preview:-1\" \/>\n<link rel=\"canonical\" href=\"https:\/\/apgsolutions.com\/fr\/politique-de-confidentialite\/\" \/>\n<meta property=\"og:locale\" content=\"fr_FR\" \/>\n<meta property=\"og:type\" content=\"article\" \/>\n<meta property=\"og:title\" content=\"Politique de confidentialit\u00e9 | apg\u00ae Solutions\" \/>\n<meta property=\"og:description\" content=\"APG Cash Drawer, LLC s&#039;engage \u00e0 garantir la confidentialit\u00e9 des informations personnelles que vous choisissez de partager avec nous.\" \/>\n<meta property=\"og:url\" content=\"https:\/\/apgsolutions.com\/fr\/politique-de-confidentialite\/\" \/>\n<meta property=\"og:site_name\" content=\"apg\u00ae Solutions\" \/>\n<meta property=\"article:publisher\" content=\"https:\/\/www.facebook.com\/apgglobalsolutions\" \/>\n<meta property=\"article:modified_time\" content=\"2026-01-22T14:41:14+00:00\" \/>\n<meta name=\"twitter:card\" content=\"summary_large_image\" \/>\n<meta name=\"twitter:site\" content=\"@apg_solutions\" \/>\n<meta name=\"twitter:label1\" content=\"Dur\u00e9e de lecture estim\u00e9e\" \/>\n\t<meta name=\"twitter:data1\" content=\"4 minutes\" \/>\n<script type=\"application\/ld+json\" class=\"yoast-schema-graph\">{\"@context\":\"https:\/\/schema.org\",\"@graph\":[{\"@type\":\"WebPage\",\"@id\":\"https:\/\/apgsolutions.com\/fr\/politique-de-confidentialite\/\",\"url\":\"https:\/\/apgsolutions.com\/fr\/politique-de-confidentialite\/\",\"name\":\"Politique de confidentialit\u00e9 | apg\u00ae Solutions\",\"isPartOf\":{\"@id\":\"https:\/\/apgsolutions.com\/fr\/#website\"},\"datePublished\":\"2023-06-13T20:39:09+00:00\",\"dateModified\":\"2026-01-22T14:41:14+00:00\",\"description\":\"APG Cash Drawer, LLC s'engage \u00e0 garantir la confidentialit\u00e9 des informations personnelles que vous choisissez de partager avec nous.\",\"inLanguage\":\"fr-FR\",\"potentialAction\":[{\"@type\":\"ReadAction\",\"target\":[\"https:\/\/apgsolutions.com\/fr\/politique-de-confidentialite\/\"]}]},{\"@type\":\"WebSite\",\"@id\":\"https:\/\/apgsolutions.com\/fr\/#website\",\"url\":\"https:\/\/apgsolutions.com\/fr\/\",\"name\":\"APG Solutions, LLC\",\"description\":\"Trust at every point.\",\"publisher\":{\"@id\":\"https:\/\/apgsolutions.com\/fr\/#organization\"},\"potentialAction\":[{\"@type\":\"SearchAction\",\"target\":{\"@type\":\"EntryPoint\",\"urlTemplate\":\"https:\/\/apgsolutions.com\/fr\/?s={search_term_string}\"},\"query-input\":{\"@type\":\"PropertyValueSpecification\",\"valueRequired\":true,\"valueName\":\"search_term_string\"}}],\"inLanguage\":\"fr-FR\"},{\"@type\":\"Organization\",\"@id\":\"https:\/\/apgsolutions.com\/fr\/#organization\",\"name\":\"APG Solution, LLC\",\"url\":\"https:\/\/apgsolutions.com\/fr\/\",\"logo\":{\"@type\":\"ImageObject\",\"inLanguage\":\"fr-FR\",\"@id\":\"https:\/\/apgsolutions.com\/fr\/#\/schema\/logo\/image\/\",\"url\":\"https:\/\/apgsolutions.com\/wp-content\/uploads\/2023\/12\/logomark-color.svg\",\"contentUrl\":\"https:\/\/apgsolutions.com\/wp-content\/uploads\/2023\/12\/logomark-color.svg\",\"width\":141,\"height\":138,\"caption\":\"APG Solution, LLC\"},\"image\":{\"@id\":\"https:\/\/apgsolutions.com\/fr\/#\/schema\/logo\/image\/\"},\"sameAs\":[\"https:\/\/www.facebook.com\/apgglobalsolutions\",\"https:\/\/x.com\/apg_solutions\",\"https:\/\/www.youtube.com\/c\/CashManagementGlobalSolutionsbyapg\",\"https:\/\/www.linkedin.com\/company\/apgglobalsolutions\/\",\"https:\/\/www.instagram.com\/apgglobalsolutions\/\",\"https:\/\/www.pinterest.com\/apgcashdrawer\/\"]}]}<\/script>\n<!-- \/ Yoast SEO Premium plugin. -->","yoast_head_json":{"title":"Politique de confidentialit\u00e9 | apg\u00ae Solutions","description":"APG Cash Drawer, LLC s'engage \u00e0 garantir la confidentialit\u00e9 des informations personnelles que vous choisissez de partager avec nous.","robots":{"index":"index","follow":"follow","max-snippet":"max-snippet:-1","max-image-preview":"max-image-preview:large","max-video-preview":"max-video-preview:-1"},"canonical":"https:\/\/apgsolutions.com\/fr\/politique-de-confidentialite\/","og_locale":"fr_FR","og_type":"article","og_title":"Politique de confidentialit\u00e9 | apg\u00ae Solutions","og_description":"APG Cash Drawer, LLC s'engage \u00e0 garantir la confidentialit\u00e9 des informations personnelles que vous choisissez de partager avec nous.","og_url":"https:\/\/apgsolutions.com\/fr\/politique-de-confidentialite\/","og_site_name":"apg\u00ae Solutions","article_publisher":"https:\/\/www.facebook.com\/apgglobalsolutions","article_modified_time":"2026-01-22T14:41:14+00:00","twitter_card":"summary_large_image","twitter_site":"@apg_solutions","twitter_misc":{"Dur\u00e9e de lecture estim\u00e9e":"4 minutes"},"schema":{"@context":"https:\/\/schema.org","@graph":[{"@type":"WebPage","@id":"https:\/\/apgsolutions.com\/fr\/politique-de-confidentialite\/","url":"https:\/\/apgsolutions.com\/fr\/politique-de-confidentialite\/","name":"Politique de confidentialit\u00e9 | apg\u00ae Solutions","isPartOf":{"@id":"https:\/\/apgsolutions.com\/fr\/#website"},"datePublished":"2023-06-13T20:39:09+00:00","dateModified":"2026-01-22T14:41:14+00:00","description":"APG Cash Drawer, LLC s'engage \u00e0 garantir la confidentialit\u00e9 des informations personnelles que vous choisissez de partager avec nous.","inLanguage":"fr-FR","potentialAction":[{"@type":"ReadAction","target":["https:\/\/apgsolutions.com\/fr\/politique-de-confidentialite\/"]}]},{"@type":"WebSite","@id":"https:\/\/apgsolutions.com\/fr\/#website","url":"https:\/\/apgsolutions.com\/fr\/","name":"APG Solutions, LLC","description":"Trust at every point.","publisher":{"@id":"https:\/\/apgsolutions.com\/fr\/#organization"},"potentialAction":[{"@type":"SearchAction","target":{"@type":"EntryPoint","urlTemplate":"https:\/\/apgsolutions.com\/fr\/?s={search_term_string}"},"query-input":{"@type":"PropertyValueSpecification","valueRequired":true,"valueName":"search_term_string"}}],"inLanguage":"fr-FR"},{"@type":"Organization","@id":"https:\/\/apgsolutions.com\/fr\/#organization","name":"APG Solution, LLC","url":"https:\/\/apgsolutions.com\/fr\/","logo":{"@type":"ImageObject","inLanguage":"fr-FR","@id":"https:\/\/apgsolutions.com\/fr\/#\/schema\/logo\/image\/","url":"https:\/\/apgsolutions.com\/wp-content\/uploads\/2023\/12\/logomark-color.svg","contentUrl":"https:\/\/apgsolutions.com\/wp-content\/uploads\/2023\/12\/logomark-color.svg","width":141,"height":138,"caption":"APG Solution, LLC"},"image":{"@id":"https:\/\/apgsolutions.com\/fr\/#\/schema\/logo\/image\/"},"sameAs":["https:\/\/www.facebook.com\/apgglobalsolutions","https:\/\/x.com\/apg_solutions","https:\/\/www.youtube.com\/c\/CashManagementGlobalSolutionsbyapg","https:\/\/www.linkedin.com\/company\/apgglobalsolutions\/","https:\/\/www.instagram.com\/apgglobalsolutions\/","https:\/\/www.pinterest.com\/apgcashdrawer\/"]}]}},"acf":[],"_links":{"self":[{"href":"https:\/\/apgsolutions.com\/fr\/wp-json\/wp\/v2\/pages\/64451","targetHints":{"allow":["GET"]}}],"collection":[{"href":"https:\/\/apgsolutions.com\/fr\/wp-json\/wp\/v2\/pages"}],"about":[{"href":"https:\/\/apgsolutions.com\/fr\/wp-json\/wp\/v2\/types\/page"}],"author":[{"embeddable":true,"href":"https:\/\/apgsolutions.com\/fr\/wp-json\/wp\/v2\/users\/1"}],"replies":[{"embeddable":true,"href":"https:\/\/apgsolutions.com\/fr\/wp-json\/wp\/v2\/comments?post=64451"}],"version-history":[{"count":1,"href":"https:\/\/apgsolutions.com\/fr\/wp-json\/wp\/v2\/pages\/64451\/revisions"}],"predecessor-version":[{"id":98330,"href":"https:\/\/apgsolutions.com\/fr\/wp-json\/wp\/v2\/pages\/64451\/revisions\/98330"}],"wp:attachment":[{"href":"https:\/\/apgsolutions.com\/fr\/wp-json\/wp\/v2\/media?parent=64451"}],"curies":[{"name":"wp","href":"https:\/\/api.w.org\/{rel}","templated":true}]}}