{"id":64461,"date":"2023-06-14T14:49:28","date_gmt":"2023-06-14T14:49:28","guid":{"rendered":"https:\/\/apgsolutions.com\/politique-relative-aux-cookies\/"},"modified":"2025-10-14T04:20:13","modified_gmt":"2025-10-14T04:20:13","slug":"politique-relative-aux-cookies","status":"publish","type":"page","link":"https:\/\/apgsolutions.com\/fr\/politique-relative-aux-cookies\/","title":{"rendered":"Politique relative aux cookies"},"content":{"rendered":"<div class=\"section_page-header \">\n    <img decoding=\"async\" class=\"header-image\" src=\"https:\/\/apgsolutions.com\/wp-content\/uploads\/2023\/04\/dark-blue-rotated.jpg\" alt=\"dark-blue\" title=\"dark-blue\">\n            <div class=\"header-content\">\n            <h1>Cookies <br>Policy<\/h1>\n        <\/div>\n    <\/div>\n<p>Nous souhaitons qu&rsquo;en tant qu&rsquo;utilisateur du site Internet d&rsquo;apg\u00ae, vous compreniez parfaitement votre droit \u00e0 la vie priv\u00e9e, la mani\u00e8re dont les cookies vous affectent et que vous vous sentiez parfaitement \u00e0 l&rsquo;aise sur le site Internet d&rsquo;apg\u00ae. Si vous souhaitez obtenir plus d&rsquo;informations sur la politique de confidentialit\u00e9 d&rsquo;apg, veuillez consulter notre page sur <a href=\"https:\/\/apgsolutions.com\/fr\/politique-de-confidentialite\/\">la politique de confidentialit\u00e9<\/a>. <\/p>\n\n<h2 class=\"wp-block-heading\" id=\"h-what-are-cookies\"><strong>Que sont les cookies ?<\/strong><\/h2>\n\n<p>Un cookie est un petit fichier qui demande souvent la permission d&rsquo;\u00eatre plac\u00e9 sur le disque dur de votre ordinateur. Une fois que vous avez donn\u00e9 votre accord, le fichier est ajout\u00e9 et le cookie permet d&rsquo;analyser le trafic web. Par exemple, les cookies peuvent permettre de savoir si vous vous \u00eates connect\u00e9 \u00e0 un site, si vous avez visit\u00e9 certaines pages ou si vous avez cliqu\u00e9 sur certains boutons d&rsquo;appel \u00e0 l&rsquo;action.<\/p>\n\n<p>Un cookie ne nous donne en aucun cas acc\u00e8s \u00e0 votre ordinateur ou \u00e0 toute autre information vous concernant, \u00e0 l&rsquo;exception des donn\u00e9es que vous choisissez de partager avec nous. Vous pouvez choisir d&rsquo;accepter ou de refuser les cookies. La plupart des navigateurs web acceptent automatiquement les cookies, mais vous pouvez modifier les param\u00e8tres de votre navigateur pour refuser les cookies.<\/p>\n\n<h2 class=\"wp-block-heading\"><strong>Pourquoi utilisons-nous des cookies ?<\/strong><\/h2>\n\n<ul class=\"wp-block-list\">\n<li><em>Google Analytics<\/em>\n<ul class=\"wp-block-list\">\n<li>Les codes de suivi Google Analytics nous aident \u00e0 comprendre comment le site est utilis\u00e9 afin d&rsquo;am\u00e9liorer l&rsquo;exp\u00e9rience de l&rsquo;utilisateur.<\/li>\n\n\n\n<li>Les donn\u00e9es des utilisateurs sont toutes anonymes. En savoir plus sur la <a href=\"https:\/\/support.google.com\/analytics\/answer\/6004245\" target=\"_blank\" rel=\"noreferrer noopener\">position de Google en mati\u00e8re de confidentialit\u00e9<\/a> en tant que service d&rsquo;analyse et sur l&rsquo;<a href=\"https:\/\/developers.google.com\/analytics\/devguides\/collection\/analyticsjs\/cookie-usage\" target=\"_blank\" rel=\"noreferrer noopener\">utilisation des cookies sur les sites web<\/a>.<\/li>\n<\/ul>\n<\/li>\n\n\n\n<li><em>HubSpot<\/em>\n<ul class=\"wp-block-list\">\n<li>Les codes de suivi HubSpot nous aident \u00e0 suivre le succ\u00e8s de nos campagnes de marketing et les performances de notre site web. En savoir <a href=\"https:\/\/knowledge.hubspot.com\/privacy-and-consent\/what-cookies-does-hubspot-set-in-a-visitor-s-browser\" target=\"_blank\" rel=\"noreferrer noopener\">plus<\/a> sur l&rsquo;utilisation des cookies par HubSpot<\/li>\n\n\n\n<li>Les codes de suivi nous aident \u00e0 capturer les donn\u00e9es :\n<ul class=\"wp-block-list\">\n<li>L&rsquo;efficacit\u00e9 avec laquelle notre site web g\u00e9n\u00e8re du trafic et des prospects<\/li>\n\n\n\n<li>Domaines dans lesquels nous pouvons am\u00e9liorer le trafic sur notre site web et nos campagnes de marketing<\/li>\n\n\n\n<li>Lead intelligence, qui permet de transformer en clients davantage de pistes de marketing, de ventes et de sites web.<\/li>\n\n\n\n<li>recueillir des informations sur votre navigateur et vos pr\u00e9f\u00e9rences<\/li>\n<\/ul>\n<\/li>\n<\/ul>\n<\/li>\n\n\n\n<li><em>WooCommerce<\/em>\n<ul class=\"wp-block-list\">\n<li>Les cookies WooCommerce sont utilis\u00e9s pour suivre les donn\u00e9es du panier dans la boutique en ligne apg\u00ae. En savoir plus sur les cookies de WooCommerce<\/li>\n<\/ul>\n<\/li>\n<\/ul>\n\n<h2 class=\"wp-block-heading\"><strong>Informations collect\u00e9es \u00e0 l&rsquo;aide de cookies<\/strong><\/h2>\n\n<p>apg\u00ae utilise Google Analytics pour conna\u00eetre l&rsquo;utilisation de son site web, c&rsquo;est-\u00e0-dire la mani\u00e8re dont les utilisateurs arrivent sur notre site, ce qu&rsquo;ils font sur le site, le navigateur qu&rsquo;ils utilisent, le syst\u00e8me d&rsquo;exploitation qu&rsquo;ils utilisent, etc. Toutefois, ces donn\u00e9es analytiques, collect\u00e9es par le biais de codes de suivi dans les pages de notre site, ne sont pas li\u00e9es \u00e0 des informations personnellement identifiables.<\/p>\n\n<p>Le site web de l&rsquo;apg utilise \u00e9galement des codes de suivi HubSpot qui permettent de suivre les visiteurs de mani\u00e8re anonyme. Lorsqu&rsquo;un utilisateur remplit un formulaire HubSpot sur le site web de l&rsquo;apg\u00ae, ses donn\u00e9es personnelles sont associ\u00e9es \u00e0 son activit\u00e9 ant\u00e9rieure sur le site web au moment de la soumission du formulaire. Toutefois, si vous ne souhaitez pas divulguer vos donn\u00e9es personnelles, veuillez ne pas soumettre d&rsquo;informations via les formulaires de l&rsquo;apg. <a href=\"https:\/\/knowledge.hubspot.com\/articles\/kcs_article\/account\/how-does-hubspot-track-visitors\" target=\"_blank\" rel=\"noreferrer noopener\">Apprenez-en plus<\/a> sur la mani\u00e8re dont HubSpot suit les visiteurs.  <\/p>\n\n<h2 class=\"wp-block-heading\"><strong>Cookies de tiers<\/strong><\/h2>\n\n<p>Pour vous offrir une meilleure exp\u00e9rience utilisateur, apg\u00ae int\u00e8gre parfois des photos, des vid\u00e9os ou des \u00e9l\u00e9ments similaires h\u00e9berg\u00e9s sur des services en ligne tiers tels que YouTube. Par cons\u00e9quent, vous pouvez \u00eatre expos\u00e9 \u00e0 des cookies provenant de ces services lorsque vous visitez une page d&rsquo;apg\u00ae contenant ce type de contenu. <\/p>\n\n<p>Des boutons de partage int\u00e9gr\u00e9s peuvent \u00eatre utilis\u00e9s sur le site web de l&rsquo;apg\u00ae. Ces boutons permettent aux utilisateurs de partager facilement des contenus avec leurs amis par l&rsquo;interm\u00e9diaire de plusieurs r\u00e9seaux sociaux populaires. Lorsque vous cliquez sur l&rsquo;un de ces boutons, un cookie peut \u00eatre install\u00e9 par le service que vous avez choisi pour partager le contenu.<\/p>\n\n<p>apg\u00ae ne contr\u00f4le pas la distribution de ces cookies de services en ligne de tiers et nous vous recommandons de consulter le site web du tiers concern\u00e9 pour plus d&rsquo;informations.<\/p>\n\n<h2 class=\"wp-block-heading\"><strong>Consentement et accord<\/strong><\/h2>\n\n<p>EN CONTINUANT \u00c0 UTILISER NOTRE SITE WEB, VOUS ACCEPTEZ D&rsquo;\u00caTRE SOUMIS AUX CONDITIONS DE LA PR\u00c9SENTE POLITIQUE EN MATI\u00c8RE DE COOKIES ET \u00c0 NOTRE UTILISATION DES COOKIES TELLE QU&rsquo;ELLE EST D\u00c9CRITE DANS LA PR\u00c9SENTE POLITIQUE. Si vous n&rsquo;acceptez pas ces conditions, veuillez ne pas divulguer d&rsquo;informations personnelles sur le site web de l&rsquo;apg\u00ae. APG Cash Drawer, LLC peut modifier cette politique de cookies de temps \u00e0 autre en mettant \u00e0 jour cette page. Nous vous recommandons de consulter r\u00e9guli\u00e8rement cette page pour vous assurer que vous \u00eates satisfait des modifications apport\u00e9es. Cette politique a \u00e9t\u00e9 r\u00e9vis\u00e9e le 9 mai 2018.<\/p>\n\n<h2 class=\"wp-block-heading\"><strong>Nous contacter<\/strong><\/h2>\n\n<p>Si vous avez des questions concernant notre politique en mati\u00e8re de cookies, veuillez nous contacter par courrier \u00e9lectronique \u00e0 l&rsquo;adresse <a href=\"mailto:marketing.na@apgsolutions.com\">marketing.na@apgsolutions.com<\/a> et <a href=\"mailto:marketing.eu@apgsolutions.com\">marketing.eu@apgsolutions.com<\/a>.<\/p>\n","protected":false},"excerpt":{"rendered":"<p>Nous souhaitons qu&rsquo;en tant qu&rsquo;utilisateur du site Internet d&rsquo;apg\u00ae, vous compreniez parfaitement votre droit \u00e0 la vie priv\u00e9e, la mani\u00e8re dont les cookies vous affectent et que vous vous sentiez parfaitement \u00e0 l&rsquo;aise sur le site Internet d&rsquo;apg\u00ae. Si vous souhaitez obtenir plus d&rsquo;informations sur la politique de confidentialit\u00e9 d&rsquo;apg, veuillez consulter notre page sur [&hellip;]<\/p>\n","protected":false},"author":4,"featured_media":0,"parent":0,"menu_order":0,"comment_status":"closed","ping_status":"closed","template":"","meta":{"_acf_changed":false,"content-type":"","footnotes":""},"class_list":["post-64461","page","type-page","status-publish"],"yoast_head":"<!-- This site is optimized with the Yoast SEO Premium plugin v23.5 (Yoast SEO v27.2) - https:\/\/yoast.com\/product\/yoast-seo-premium-wordpress\/ -->\n<title>Politique en mati\u00e8re de cookies - apg\u00ae<\/title>\n<meta name=\"description\" content=\"Nous souhaitons qu&#039;en tant qu&#039;utilisateur du site Web d&#039;apg\u00ae, vous compreniez parfaitement votre droit \u00e0 la vie priv\u00e9e, la mani\u00e8re dont les cookies vous affectent et que vous vous sentiez parfaitement \u00e0 l&#039;aise sur le site Web d&#039;apg\u00ae. Cliquez ici pour consulter la politique compl\u00e8te d&#039;apg.\" \/>\n<meta name=\"robots\" content=\"index, follow, max-snippet:-1, max-image-preview:large, max-video-preview:-1\" \/>\n<link rel=\"canonical\" href=\"https:\/\/apgsolutions.com\/fr\/politique-relative-aux-cookies\/\" \/>\n<meta property=\"og:locale\" content=\"fr_FR\" \/>\n<meta property=\"og:type\" content=\"article\" \/>\n<meta property=\"og:title\" content=\"Politique en mati\u00e8re de cookies - apg\u00ae\" \/>\n<meta property=\"og:description\" content=\"Nous souhaitons qu&#039;en tant qu&#039;utilisateur du site Web d&#039;apg\u00ae, vous compreniez parfaitement votre droit \u00e0 la vie priv\u00e9e, la mani\u00e8re dont les cookies vous affectent et que vous vous sentiez parfaitement \u00e0 l&#039;aise sur le site Web d&#039;apg\u00ae. Cliquez ici pour consulter la politique compl\u00e8te d&#039;apg.\" \/>\n<meta property=\"og:url\" content=\"https:\/\/apgsolutions.com\/fr\/politique-relative-aux-cookies\/\" \/>\n<meta property=\"og:site_name\" content=\"apg\u00ae Solutions\" \/>\n<meta property=\"article:publisher\" content=\"https:\/\/www.facebook.com\/apgglobalsolutions\" \/>\n<meta property=\"article:modified_time\" content=\"2025-10-14T04:20:13+00:00\" \/>\n<meta name=\"twitter:card\" content=\"summary_large_image\" \/>\n<meta name=\"twitter:site\" content=\"@apg_solutions\" \/>\n<meta name=\"twitter:label1\" content=\"Dur\u00e9e de lecture estim\u00e9e\" \/>\n\t<meta name=\"twitter:data1\" content=\"4 minutes\" \/>\n<script type=\"application\/ld+json\" class=\"yoast-schema-graph\">{\"@context\":\"https:\/\/schema.org\",\"@graph\":[{\"@type\":\"WebPage\",\"@id\":\"https:\/\/apgsolutions.com\/fr\/politique-relative-aux-cookies\/\",\"url\":\"https:\/\/apgsolutions.com\/fr\/politique-relative-aux-cookies\/\",\"name\":\"Politique en mati\u00e8re de cookies - apg\u00ae\",\"isPartOf\":{\"@id\":\"https:\/\/apgsolutions.com\/fr\/#website\"},\"datePublished\":\"2023-06-14T14:49:28+00:00\",\"dateModified\":\"2025-10-14T04:20:13+00:00\",\"description\":\"Nous souhaitons qu'en tant qu'utilisateur du site Web d'apg\u00ae, vous compreniez parfaitement votre droit \u00e0 la vie priv\u00e9e, la mani\u00e8re dont les cookies vous affectent et que vous vous sentiez parfaitement \u00e0 l'aise sur le site Web d'apg\u00ae. Cliquez ici pour consulter la politique compl\u00e8te d'apg.\",\"inLanguage\":\"fr-FR\",\"potentialAction\":[{\"@type\":\"ReadAction\",\"target\":[\"https:\/\/apgsolutions.com\/fr\/politique-relative-aux-cookies\/\"]}]},{\"@type\":\"WebSite\",\"@id\":\"https:\/\/apgsolutions.com\/fr\/#website\",\"url\":\"https:\/\/apgsolutions.com\/fr\/\",\"name\":\"APG Solutions, LLC\",\"description\":\"Trust at every point.\",\"publisher\":{\"@id\":\"https:\/\/apgsolutions.com\/fr\/#organization\"},\"potentialAction\":[{\"@type\":\"SearchAction\",\"target\":{\"@type\":\"EntryPoint\",\"urlTemplate\":\"https:\/\/apgsolutions.com\/fr\/?s={search_term_string}\"},\"query-input\":{\"@type\":\"PropertyValueSpecification\",\"valueRequired\":true,\"valueName\":\"search_term_string\"}}],\"inLanguage\":\"fr-FR\"},{\"@type\":\"Organization\",\"@id\":\"https:\/\/apgsolutions.com\/fr\/#organization\",\"name\":\"APG Solution, LLC\",\"url\":\"https:\/\/apgsolutions.com\/fr\/\",\"logo\":{\"@type\":\"ImageObject\",\"inLanguage\":\"fr-FR\",\"@id\":\"https:\/\/apgsolutions.com\/fr\/#\/schema\/logo\/image\/\",\"url\":\"https:\/\/apgsolutions.com\/wp-content\/uploads\/2023\/12\/logomark-color.svg\",\"contentUrl\":\"https:\/\/apgsolutions.com\/wp-content\/uploads\/2023\/12\/logomark-color.svg\",\"width\":141,\"height\":138,\"caption\":\"APG Solution, LLC\"},\"image\":{\"@id\":\"https:\/\/apgsolutions.com\/fr\/#\/schema\/logo\/image\/\"},\"sameAs\":[\"https:\/\/www.facebook.com\/apgglobalsolutions\",\"https:\/\/x.com\/apg_solutions\",\"https:\/\/www.youtube.com\/c\/CashManagementGlobalSolutionsbyapg\",\"https:\/\/www.linkedin.com\/company\/apgglobalsolutions\/\",\"https:\/\/www.instagram.com\/apgglobalsolutions\/\",\"https:\/\/www.pinterest.com\/apgcashdrawer\/\"]}]}<\/script>\n<!-- \/ Yoast SEO Premium plugin. -->","yoast_head_json":{"title":"Politique en mati\u00e8re de cookies - apg\u00ae","description":"Nous souhaitons qu'en tant qu'utilisateur du site Web d'apg\u00ae, vous compreniez parfaitement votre droit \u00e0 la vie priv\u00e9e, la mani\u00e8re dont les cookies vous affectent et que vous vous sentiez parfaitement \u00e0 l'aise sur le site Web d'apg\u00ae. Cliquez ici pour consulter la politique compl\u00e8te d'apg.","robots":{"index":"index","follow":"follow","max-snippet":"max-snippet:-1","max-image-preview":"max-image-preview:large","max-video-preview":"max-video-preview:-1"},"canonical":"https:\/\/apgsolutions.com\/fr\/politique-relative-aux-cookies\/","og_locale":"fr_FR","og_type":"article","og_title":"Politique en mati\u00e8re de cookies - apg\u00ae","og_description":"Nous souhaitons qu'en tant qu'utilisateur du site Web d'apg\u00ae, vous compreniez parfaitement votre droit \u00e0 la vie priv\u00e9e, la mani\u00e8re dont les cookies vous affectent et que vous vous sentiez parfaitement \u00e0 l'aise sur le site Web d'apg\u00ae. Cliquez ici pour consulter la politique compl\u00e8te d'apg.","og_url":"https:\/\/apgsolutions.com\/fr\/politique-relative-aux-cookies\/","og_site_name":"apg\u00ae Solutions","article_publisher":"https:\/\/www.facebook.com\/apgglobalsolutions","article_modified_time":"2025-10-14T04:20:13+00:00","twitter_card":"summary_large_image","twitter_site":"@apg_solutions","twitter_misc":{"Dur\u00e9e de lecture estim\u00e9e":"4 minutes"},"schema":{"@context":"https:\/\/schema.org","@graph":[{"@type":"WebPage","@id":"https:\/\/apgsolutions.com\/fr\/politique-relative-aux-cookies\/","url":"https:\/\/apgsolutions.com\/fr\/politique-relative-aux-cookies\/","name":"Politique en mati\u00e8re de cookies - apg\u00ae","isPartOf":{"@id":"https:\/\/apgsolutions.com\/fr\/#website"},"datePublished":"2023-06-14T14:49:28+00:00","dateModified":"2025-10-14T04:20:13+00:00","description":"Nous souhaitons qu'en tant qu'utilisateur du site Web d'apg\u00ae, vous compreniez parfaitement votre droit \u00e0 la vie priv\u00e9e, la mani\u00e8re dont les cookies vous affectent et que vous vous sentiez parfaitement \u00e0 l'aise sur le site Web d'apg\u00ae. Cliquez ici pour consulter la politique compl\u00e8te d'apg.","inLanguage":"fr-FR","potentialAction":[{"@type":"ReadAction","target":["https:\/\/apgsolutions.com\/fr\/politique-relative-aux-cookies\/"]}]},{"@type":"WebSite","@id":"https:\/\/apgsolutions.com\/fr\/#website","url":"https:\/\/apgsolutions.com\/fr\/","name":"APG Solutions, LLC","description":"Trust at every point.","publisher":{"@id":"https:\/\/apgsolutions.com\/fr\/#organization"},"potentialAction":[{"@type":"SearchAction","target":{"@type":"EntryPoint","urlTemplate":"https:\/\/apgsolutions.com\/fr\/?s={search_term_string}"},"query-input":{"@type":"PropertyValueSpecification","valueRequired":true,"valueName":"search_term_string"}}],"inLanguage":"fr-FR"},{"@type":"Organization","@id":"https:\/\/apgsolutions.com\/fr\/#organization","name":"APG Solution, LLC","url":"https:\/\/apgsolutions.com\/fr\/","logo":{"@type":"ImageObject","inLanguage":"fr-FR","@id":"https:\/\/apgsolutions.com\/fr\/#\/schema\/logo\/image\/","url":"https:\/\/apgsolutions.com\/wp-content\/uploads\/2023\/12\/logomark-color.svg","contentUrl":"https:\/\/apgsolutions.com\/wp-content\/uploads\/2023\/12\/logomark-color.svg","width":141,"height":138,"caption":"APG Solution, LLC"},"image":{"@id":"https:\/\/apgsolutions.com\/fr\/#\/schema\/logo\/image\/"},"sameAs":["https:\/\/www.facebook.com\/apgglobalsolutions","https:\/\/x.com\/apg_solutions","https:\/\/www.youtube.com\/c\/CashManagementGlobalSolutionsbyapg","https:\/\/www.linkedin.com\/company\/apgglobalsolutions\/","https:\/\/www.instagram.com\/apgglobalsolutions\/","https:\/\/www.pinterest.com\/apgcashdrawer\/"]}]}},"acf":[],"_links":{"self":[{"href":"https:\/\/apgsolutions.com\/fr\/wp-json\/wp\/v2\/pages\/64461","targetHints":{"allow":["GET"]}}],"collection":[{"href":"https:\/\/apgsolutions.com\/fr\/wp-json\/wp\/v2\/pages"}],"about":[{"href":"https:\/\/apgsolutions.com\/fr\/wp-json\/wp\/v2\/types\/page"}],"author":[{"embeddable":true,"href":"https:\/\/apgsolutions.com\/fr\/wp-json\/wp\/v2\/users\/4"}],"replies":[{"embeddable":true,"href":"https:\/\/apgsolutions.com\/fr\/wp-json\/wp\/v2\/comments?post=64461"}],"version-history":[{"count":2,"href":"https:\/\/apgsolutions.com\/fr\/wp-json\/wp\/v2\/pages\/64461\/revisions"}],"predecessor-version":[{"id":94810,"href":"https:\/\/apgsolutions.com\/fr\/wp-json\/wp\/v2\/pages\/64461\/revisions\/94810"}],"wp:attachment":[{"href":"https:\/\/apgsolutions.com\/fr\/wp-json\/wp\/v2\/media?parent=64461"}],"curies":[{"name":"wp","href":"https:\/\/api.w.org\/{rel}","templated":true}]}}