{"id":66326,"date":"2023-06-28T21:21:30","date_gmt":"2023-06-28T21:21:30","guid":{"rendered":"https:\/\/apgsolutions.com\/assistance\/faq\/reparations\/"},"modified":"2026-01-27T16:21:43","modified_gmt":"2026-01-27T16:21:43","slug":"reparations","status":"publish","type":"page","link":"https:\/\/apgsolutions.com\/fr\/assistance\/faq\/reparations\/","title":{"rendered":"R\u00e9parations"},"content":{"rendered":"<div class=\"section_page-header \">\n    <img decoding=\"async\" class=\"header-image\" src=\"https:\/\/apgsolutions.com\/wp-content\/uploads\/2023\/04\/business-cards.jpg\" alt=\"business-cards\" title=\"business-cards\">\n            <div class=\"header-content\">\n            <h1>R\u00e9parations<\/h1>\n        <\/div>\n    <\/div>\n<h2 class=\"wp-block-heading has-text-align-center has-x-large-font-size\" id=\"h-cash-drawer-warranty-and-repairs-faqs\">Cash Drawer Warranty and Repairs FAQs<\/h2>\n\n<p class=\"has-text-align-center\">Scroll below for more questions related to cash drawer warranties, how to repair your cash drawer, or getting a replacement cash drawer. Si vous avez besoin d&rsquo;une assistance technique suppl\u00e9mentaire, veuillez remplir le formulaire de contact sur notre <a href=\"https:\/\/apgsolutions.com\/fr\/assistance\/\">page d&rsquo;assistance.<\/a><\/p>\n\n<div style=\"height:0.5rem\" aria-hidden=\"true\" class=\"wp-block-spacer\"><\/div>\n\n<div class=\"wp-block-columns is-layout-flex wp-container-core-columns-is-layout-9d6595d7 wp-block-columns-is-layout-flex\">\n<div class=\"wp-block-column tile has-link is-layout-flow wp-block-column-is-layout-flow\" style=\"flex-basis:20%\"><div class=\"wp-block-image\">\n<figure class=\"aligncenter size-full is-resized\"><img decoding=\"async\" width=\"100\" height=\"100\" src=\"https:\/\/apgsolutions.com\/wp-content\/uploads\/2023\/06\/USB-Interface-Icon_white-1.png\" alt=\"Ic&#xF4;ne d'interface USB\" class=\"wp-image-65801\" style=\"width:60px;height:60px\" srcset=\"https:\/\/apgsolutions.com\/wp-content\/uploads\/2023\/06\/USB-Interface-Icon_white-1.png 100w, https:\/\/apgsolutions.com\/wp-content\/uploads\/2023\/06\/USB-Interface-Icon_white-1-80x80.png 80w, https:\/\/apgsolutions.com\/wp-content\/uploads\/2023\/06\/USB-Interface-Icon_white-1-95x95.png 95w\" sizes=\"(max-width: 100px) 100vw, 100px\" \/><\/figure>\n<\/div>\n\n\n<h3 class=\"wp-block-heading has-text-align-center\" id=\"h-cables\" style=\"font-size:1.125rem\">C\u00e2bles<\/h3>\n\n\n\n<p class=\"has-text-align-center\">Consultez nos FAQ concernant les tiroirs-caisses \u00e0 imprimante d&rsquo;APG.<\/p>\n\n\n\n<p class=\"has-text-align-center cover-link\"><a href=\"https:\/\/apgsolutions.com\/fr\/assistance\/faq\/cables\/\">Lien<\/a><\/p>\n<\/div>\n\n\n\n<div class=\"wp-block-column tile has-link is-layout-flow wp-block-column-is-layout-flow\" style=\"flex-basis:20%\"><div class=\"wp-block-image\">\n<figure class=\"aligncenter size-full\"><img decoding=\"async\" width=\"63\" height=\"60\" src=\"https:\/\/apgsolutions.com\/wp-content\/uploads\/2023\/06\/Archive_white.png\" alt=\"Ic&#xF4;ne d'archive\" class=\"wp-image-65817\" srcset=\"https:\/\/apgsolutions.com\/wp-content\/uploads\/2023\/06\/Archive_white.png 63w, https:\/\/apgsolutions.com\/wp-content\/uploads\/2023\/06\/Archive_white-61x58.png 61w\" sizes=\"(max-width: 63px) 100vw, 63px\" \/><\/figure>\n<\/div>\n\n\n<h3 class=\"wp-block-heading has-text-align-center\" id=\"h-interface-drivers\" style=\"font-size:1.125rem\">Interface + pilotes<\/h3>\n\n\n\n<p class=\"has-text-align-center\">Cliquez ici pour consulter les questions relatives aux interfaces et aux pilotes<\/p>\n\n\n\n<p class=\"has-text-align-center cover-link\"><a href=\"https:\/\/apgsolutions.com\/fr\/assistance\/faq\/pilotes\/\">Lien<\/a><\/p>\n<\/div>\n\n\n\n<div class=\"wp-block-column tile has-link is-layout-flow wp-block-column-is-layout-flow\" style=\"flex-basis:20%\"><div class=\"wp-block-image\">\n<figure class=\"aligncenter size-full is-resized\"><img decoding=\"async\" width=\"68\" height=\"67\" src=\"https:\/\/apgsolutions.com\/wp-content\/uploads\/2023\/06\/KeysandLocks.png\" alt=\"Ic&#xF4;ne des cl&#xE9;s et serrures\" class=\"wp-image-65822\" style=\"width:61px;height:60px\"\/><\/figure>\n<\/div>\n\n\n<h3 class=\"wp-block-heading has-text-align-center\" id=\"h-keys-and-locks\" style=\"font-size:1.125rem\">Cl\u00e9s et serrures<\/h3>\n\n\n\n<p class=\"has-text-align-center\">Cliquez ici pour consulter les questions relatives aux cl\u00e9s et serrures de tiroirs-caisses<\/p>\n\n\n\n<p class=\"has-text-align-center cover-link\"><a href=\"https:\/\/apgsolutions.com\/fr\/assistance\/faq\/keys-and-locks\/\">Lien<\/a><\/p>\n<\/div>\n\n\n\n<div class=\"wp-block-column tile has-link is-layout-flow wp-block-column-is-layout-flow\" style=\"flex-basis:20%\"><div class=\"wp-block-image\">\n<figure class=\"aligncenter size-full is-resized\"><img loading=\"lazy\" decoding=\"async\" width=\"65\" height=\"65\" src=\"https:\/\/apgsolutions.com\/wp-content\/uploads\/2023\/06\/Operations_White.png\" alt=\"Ic&#xF4;ne des op&#xE9;rations\" class=\"wp-image-65827\" style=\"width:60px;height:60px\"\/><\/figure>\n<\/div>\n\n\n<h3 class=\"wp-block-heading has-text-align-center\" id=\"h-operating-maintenance\" style=\"font-size:1.125rem\">Caract\u00e9ristiques m\u00e9caniques<\/h3>\n\n\n\n<p class=\"has-text-align-center\">Cliquez ici pour consulter les questions fr\u00e9quemment pos\u00e9es concernant la maintenance des tiroirs-caisses et les ressources op\u00e9rationnelles.<\/p>\n\n\n\n<p class=\"has-text-align-center cover-link\"><a href=\"https:\/\/apgsolutions.com\/fr\/assistance\/faq\/caracteristiques-mecaniques\/\">Lien<\/a><\/p>\n<\/div>\n\n\n\n<div class=\"wp-block-column tile has-link selected is-layout-flow wp-block-column-is-layout-flow\" style=\"flex-basis:20%\"><div class=\"wp-block-image\">\n<figure class=\"aligncenter size-full is-resized\"><img loading=\"lazy\" decoding=\"async\" width=\"65\" height=\"61\" src=\"https:\/\/apgsolutions.com\/wp-content\/uploads\/2023\/06\/repair-tools_white.png\" alt=\"ic&#xF4;ne de l'outil de r&#xE9;paration\" class=\"wp-image-65832\" style=\"width:64px;height:60px\" srcset=\"https:\/\/apgsolutions.com\/wp-content\/uploads\/2023\/06\/repair-tools_white.png 65w, https:\/\/apgsolutions.com\/wp-content\/uploads\/2023\/06\/repair-tools_white-61x58.png 61w\" sizes=\"(max-width: 65px) 100vw, 65px\" \/><\/figure>\n<\/div>\n\n\n<h3 class=\"wp-block-heading has-text-align-center\" id=\"h-warranty-repairs\" style=\"font-size:1.125rem\">R\u00e9parations<\/h3>\n\n\n\n<p class=\"has-text-align-center\">Cliquez ici pour consulter les questions relatives aux r\u00e9parations<\/p>\n\n\n\n<p class=\"has-text-align-center cover-link\"><a href=\"https:\/\/apgsolutions.com\/fr\/assistance\/faq\/reparations\/\">Lien<\/a><\/p>\n<\/div>\n<\/div>\n\n<div style=\"height:2rem\" aria-hidden=\"true\" class=\"wp-block-spacer\"><\/div>\n\n<h2 class=\"wp-block-heading\">&#8211;<\/h2>\n\n<p>For more information regarding apg product warranty, please visit our <a href=\"https:\/\/apgsolutions.com\/fr\/garantie\/\">Warranty page<\/a>.<\/p>\n\n<h2 class=\"wp-block-heading\">Quelle est la politique de retour ?<\/h2>\n\n<p>apg Cash Drawer stands behind their products and continues to work toward making your shopping experience as enjoyable and as simple as possible. Si vous n&rsquo;\u00eates pas enti\u00e8rement satisfait de votre achat, nous nous ferons un plaisir de vous renvoyer l&rsquo;article, \u00e0 l&rsquo;exclusion des frais d&rsquo;exp\u00e9dition et de manutention.  <strong>apg Cash Drawer will accept returns under the following conditions. Le produit doit \u00eatre :<\/strong> <\/p>\n\n<ul class=\"wp-block-list\">\n<li>Purchased from apg&rsquo;s Online Store<\/li>\n\n\n\n<li>Dans son \u00e9tat d&rsquo;origine<\/li>\n\n\n\n<li>R\u00e9ception dans nos locaux dans les 30 jours suivant la livraison<\/li>\n\n\n\n<li>Tout article sera rembours\u00e9 sur la base du mode de paiement original dans les 30 \u00e0 60 jours suivant sa r\u00e9ception dans nos locaux.<\/li>\n<\/ul>\n\n<p><strong>Return Instructions<em>:<\/em><\/strong> Please use a pre-printed label provided with your order. Placez-la \u00e0 l&rsquo;ext\u00e9rieur du colis et exp\u00e9diez-le \u00e0 notre \u00e9tablissement de Minneapolis, MN. Les retours seront rembours\u00e9s dans les 30 \u00e0 60 jours suivant leur r\u00e9ception dans nos locaux. Les frais d&rsquo;exp\u00e9dition et de manutention ne sont pas remboursables. Contact <a href=\"mailto:ebizreturns@apgcd.com\">ebizreturns@apgcd.com<\/a> if you are not completely satisfied with your purchase, we&rsquo;ll be happy to return the item, excluding shipping and handling fees.<\/p>\n\n<h2 class=\"wp-block-heading\">How do I get a replacement cash drawer?<\/h2>\n\n<p>apg Cash Drawer sell product through <a href=\"https:\/\/apgsolutions.com\/fr\/distributeurs\/\">Distributors<\/a>, OEM customers, and Dealers. If you know who you purchased the original cash drawer from, please contact them and they should be able to assist you. If you have an OEM POS system, you will need to reach out to them for assistance. If you can configure the cash drawer through our <a href=\"https:\/\/apgsolutions.com\/fr\/configurator\/\">product configurator,<\/a> you will be able to request a quote from a <a href=\"https:\/\/apgsolutions.com\/fr\/distributeurs\/\">Distributor<\/a> after the configuration is completed.<\/p>\n\n<h2 class=\"wp-block-heading\">What are my options for repair?<\/h2>\n\n<p>We offer warranty and non-warranty RMA&rsquo;s. Please <a href=\"https:\/\/apgsolutions.com\/fr\/nous-contacter\/\">contact us<\/a> for a unique RMA number to ship the drawer back to apg for repair. If the drawer is under warranty, we will cover the cost of parts, labor, and shipment back to you. Customers with drawers not under warranty should contact us for an estimate of the charges. If you are able to repair the drawer yourself, we will ship out parts to customers with product within warranty. Customers with product outside of warranty may purchase parts <a href=\"\/store\/\">online<\/a> or from your POS reseller.<\/p>\n\n<h2 class=\"wp-block-heading\">How do I get an RMA?<\/h2>\n\n<p>Please contact us and have the following ready: your part and serial numbers, a return address, and a description of the problem. We will assign a unique RMA number. This number will accompany your drawer through our factory and back to your return address.<\/p>\n\n<h2 class=\"wp-block-heading\">Will you service the equipment?<\/h2>\n\n<p>Meeting and exceeding our customer requirements is something we take to heart. apg stands behind our customers and our products. Should your cash drawer require service, enhancements, or upgrades, apg has dedicated service technicians located in its Minneapolis based service depot. apg believes in product refurbishment, not just repair. All warranty RMA products are brought up to the current manufacture revision. apg has an excellent support team that can help meet your needs. Please feel free to <a href=\"https:\/\/apgsolutions.com\/fr\/nous-contacter\/\">contact us<\/a>. See our <a href=\"https:\/\/apgsolutions.com\/fr\/garantie\/\">Limited Warranty Statement<\/a> for more information.<\/p>\n\n<h2 class=\"wp-block-heading\">I bought the wrong cash drawer what can I do?<\/h2>\n\n<p>You must contact your reseller for an exchange.<\/p>\n\n<h2 class=\"wp-block-heading\">Comment retourner mes achats ?<\/h2>\n\n<p>Vous devez utiliser la documentation incluse dans le colis pour effectuer un retour.<\/p>\n\n<h2 class=\"wp-block-heading\">Comment retourner mes achats ?<\/h2>\n\n<p>Vous devez utiliser la documentation incluse dans le colis pour effectuer un retour.<\/p>\n\n<div style=\"height:100px\" aria-hidden=\"true\" class=\"wp-block-spacer\"><\/div>\n<p><script charset=\"utf-8\" type=\"text\/javascript\" src=\"\/\/js.hsforms.net\/forms\/embed\/v2.js\"><\/script><br \/>\n<script>\n  hbspt.forms.create({\n    region: \"na1\",\n    portalId: \"3337275\",\n    formId: \"3a628e92-d1cb-47d1-aee7-a34c02043524\"\n  });\n<\/script><\/p>\n","protected":false},"excerpt":{"rendered":"<p>Cash Drawer Warranty and Repairs FAQs Scroll below for more questions related to cash drawer warranties, how to repair your cash drawer, or getting a replacement cash drawer. Si vous avez besoin d&rsquo;une assistance technique suppl\u00e9mentaire, veuillez remplir le formulaire de contact sur notre page d&rsquo;assistance. C\u00e2bles Consultez nos FAQ concernant les tiroirs-caisses \u00e0 imprimante [&hellip;]<\/p>\n","protected":false},"author":4,"featured_media":0,"parent":61787,"menu_order":0,"comment_status":"closed","ping_status":"closed","template":"","meta":{"_acf_changed":false,"content-type":"","footnotes":""},"class_list":["post-66326","page","type-page","status-publish"],"yoast_head":"<!-- This site is optimized with the Yoast SEO Premium plugin v23.5 (Yoast SEO v27.2) - https:\/\/yoast.com\/product\/yoast-seo-premium-wordpress\/ -->\n<title>R\u00e9parations<\/title>\n<meta name=\"description\" content=\"Consultez les FAQ sur la garantie des tiroirs-caisses, les r\u00e9parations, les retours et les processus d&#039;assistance pour le service et le remplacement des produits.\" \/>\n<meta name=\"robots\" content=\"index, follow, max-snippet:-1, max-image-preview:large, max-video-preview:-1\" \/>\n<link rel=\"canonical\" href=\"https:\/\/apgsolutions.com\/fr\/assistance\/faq\/reparations\/\" \/>\n<meta property=\"og:locale\" content=\"fr_FR\" \/>\n<meta property=\"og:type\" content=\"article\" \/>\n<meta property=\"og:title\" content=\"R\u00e9parations\" \/>\n<meta property=\"og:description\" content=\"Consultez les FAQ sur la garantie des tiroirs-caisses, les r\u00e9parations, les retours et les processus d&#039;assistance pour le service et le remplacement des produits.\" \/>\n<meta property=\"og:url\" content=\"https:\/\/apgsolutions.com\/fr\/assistance\/faq\/reparations\/\" \/>\n<meta property=\"og:site_name\" content=\"apg\u00ae Solutions\" \/>\n<meta property=\"article:publisher\" content=\"https:\/\/www.facebook.com\/apgglobalsolutions\" \/>\n<meta property=\"article:modified_time\" content=\"2026-01-27T16:21:43+00:00\" \/>\n<meta property=\"og:image\" content=\"https:\/\/apgsolutions.com\/wp-content\/uploads\/2023\/06\/USB-Interface-Icon_white-1.png\" \/>\n<meta name=\"twitter:card\" content=\"summary_large_image\" \/>\n<meta name=\"twitter:site\" content=\"@apg_solutions\" \/>\n<meta name=\"twitter:label1\" content=\"Dur\u00e9e de lecture estim\u00e9e\" \/>\n\t<meta name=\"twitter:data1\" content=\"3 minutes\" \/>\n<script type=\"application\/ld+json\" class=\"yoast-schema-graph\">{\"@context\":\"https:\/\/schema.org\",\"@graph\":[{\"@type\":\"WebPage\",\"@id\":\"https:\/\/apgsolutions.com\/fr\/assistance\/faq\/reparations\/\",\"url\":\"https:\/\/apgsolutions.com\/fr\/assistance\/faq\/reparations\/\",\"name\":\"R\u00e9parations\",\"isPartOf\":{\"@id\":\"https:\/\/apgsolutions.com\/fr\/#website\"},\"primaryImageOfPage\":{\"@id\":\"https:\/\/apgsolutions.com\/fr\/assistance\/faq\/reparations\/#primaryimage\"},\"image\":{\"@id\":\"https:\/\/apgsolutions.com\/fr\/assistance\/faq\/reparations\/#primaryimage\"},\"thumbnailUrl\":\"https:\/\/apgsolutions.com\/wp-content\/uploads\/2023\/06\/USB-Interface-Icon_white-1.png\",\"datePublished\":\"2023-06-28T21:21:30+00:00\",\"dateModified\":\"2026-01-27T16:21:43+00:00\",\"description\":\"Consultez les FAQ sur la garantie des tiroirs-caisses, les r\u00e9parations, les retours et les processus d'assistance pour le service et le remplacement des produits.\",\"breadcrumb\":{\"@id\":\"https:\/\/apgsolutions.com\/fr\/assistance\/faq\/reparations\/#breadcrumb\"},\"inLanguage\":\"fr-FR\",\"potentialAction\":[{\"@type\":\"ReadAction\",\"target\":[\"https:\/\/apgsolutions.com\/fr\/assistance\/faq\/reparations\/\"]}]},{\"@type\":\"ImageObject\",\"inLanguage\":\"fr-FR\",\"@id\":\"https:\/\/apgsolutions.com\/fr\/assistance\/faq\/reparations\/#primaryimage\",\"url\":\"https:\/\/apgsolutions.com\/wp-content\/uploads\/2023\/06\/USB-Interface-Icon_white-1.png\",\"contentUrl\":\"https:\/\/apgsolutions.com\/wp-content\/uploads\/2023\/06\/USB-Interface-Icon_white-1.png\"},{\"@type\":\"BreadcrumbList\",\"@id\":\"https:\/\/apgsolutions.com\/fr\/assistance\/faq\/reparations\/#breadcrumb\",\"itemListElement\":[{\"@type\":\"ListItem\",\"position\":1,\"name\":\"Assistance\",\"item\":\"https:\/\/apgsolutions.com\/fr\/assistance\/\"},{\"@type\":\"ListItem\",\"position\":2,\"name\":\"Foire aux questions\",\"item\":\"https:\/\/apgsolutions.com\/fr\/assistance\/faq\/\"},{\"@type\":\"ListItem\",\"position\":3,\"name\":\"R\u00e9parations\"}]},{\"@type\":\"WebSite\",\"@id\":\"https:\/\/apgsolutions.com\/fr\/#website\",\"url\":\"https:\/\/apgsolutions.com\/fr\/\",\"name\":\"APG Solutions, LLC\",\"description\":\"Trust at every point.\",\"publisher\":{\"@id\":\"https:\/\/apgsolutions.com\/fr\/#organization\"},\"potentialAction\":[{\"@type\":\"SearchAction\",\"target\":{\"@type\":\"EntryPoint\",\"urlTemplate\":\"https:\/\/apgsolutions.com\/fr\/?s={search_term_string}\"},\"query-input\":{\"@type\":\"PropertyValueSpecification\",\"valueRequired\":true,\"valueName\":\"search_term_string\"}}],\"inLanguage\":\"fr-FR\"},{\"@type\":\"Organization\",\"@id\":\"https:\/\/apgsolutions.com\/fr\/#organization\",\"name\":\"APG Solution, LLC\",\"url\":\"https:\/\/apgsolutions.com\/fr\/\",\"logo\":{\"@type\":\"ImageObject\",\"inLanguage\":\"fr-FR\",\"@id\":\"https:\/\/apgsolutions.com\/fr\/#\/schema\/logo\/image\/\",\"url\":\"https:\/\/apgsolutions.com\/wp-content\/uploads\/2023\/12\/logomark-color.svg\",\"contentUrl\":\"https:\/\/apgsolutions.com\/wp-content\/uploads\/2023\/12\/logomark-color.svg\",\"width\":141,\"height\":138,\"caption\":\"APG Solution, LLC\"},\"image\":{\"@id\":\"https:\/\/apgsolutions.com\/fr\/#\/schema\/logo\/image\/\"},\"sameAs\":[\"https:\/\/www.facebook.com\/apgglobalsolutions\",\"https:\/\/x.com\/apg_solutions\",\"https:\/\/www.youtube.com\/c\/CashManagementGlobalSolutionsbyapg\",\"https:\/\/www.linkedin.com\/company\/apgglobalsolutions\/\",\"https:\/\/www.instagram.com\/apgglobalsolutions\/\",\"https:\/\/www.pinterest.com\/apgcashdrawer\/\"]}]}<\/script>\n<!-- \/ Yoast SEO Premium plugin. -->","yoast_head_json":{"title":"R\u00e9parations","description":"Consultez les FAQ sur la garantie des tiroirs-caisses, les r\u00e9parations, les retours et les processus d'assistance pour le service et le remplacement des produits.","robots":{"index":"index","follow":"follow","max-snippet":"max-snippet:-1","max-image-preview":"max-image-preview:large","max-video-preview":"max-video-preview:-1"},"canonical":"https:\/\/apgsolutions.com\/fr\/assistance\/faq\/reparations\/","og_locale":"fr_FR","og_type":"article","og_title":"R\u00e9parations","og_description":"Consultez les FAQ sur la garantie des tiroirs-caisses, les r\u00e9parations, les retours et les processus d'assistance pour le service et le remplacement des produits.","og_url":"https:\/\/apgsolutions.com\/fr\/assistance\/faq\/reparations\/","og_site_name":"apg\u00ae Solutions","article_publisher":"https:\/\/www.facebook.com\/apgglobalsolutions","article_modified_time":"2026-01-27T16:21:43+00:00","og_image":[{"url":"https:\/\/apgsolutions.com\/wp-content\/uploads\/2023\/06\/USB-Interface-Icon_white-1.png","type":"","width":"","height":""}],"twitter_card":"summary_large_image","twitter_site":"@apg_solutions","twitter_misc":{"Dur\u00e9e de lecture estim\u00e9e":"3 minutes"},"schema":{"@context":"https:\/\/schema.org","@graph":[{"@type":"WebPage","@id":"https:\/\/apgsolutions.com\/fr\/assistance\/faq\/reparations\/","url":"https:\/\/apgsolutions.com\/fr\/assistance\/faq\/reparations\/","name":"R\u00e9parations","isPartOf":{"@id":"https:\/\/apgsolutions.com\/fr\/#website"},"primaryImageOfPage":{"@id":"https:\/\/apgsolutions.com\/fr\/assistance\/faq\/reparations\/#primaryimage"},"image":{"@id":"https:\/\/apgsolutions.com\/fr\/assistance\/faq\/reparations\/#primaryimage"},"thumbnailUrl":"https:\/\/apgsolutions.com\/wp-content\/uploads\/2023\/06\/USB-Interface-Icon_white-1.png","datePublished":"2023-06-28T21:21:30+00:00","dateModified":"2026-01-27T16:21:43+00:00","description":"Consultez les FAQ sur la garantie des tiroirs-caisses, les r\u00e9parations, les retours et les processus d'assistance pour le service et le remplacement des produits.","breadcrumb":{"@id":"https:\/\/apgsolutions.com\/fr\/assistance\/faq\/reparations\/#breadcrumb"},"inLanguage":"fr-FR","potentialAction":[{"@type":"ReadAction","target":["https:\/\/apgsolutions.com\/fr\/assistance\/faq\/reparations\/"]}]},{"@type":"ImageObject","inLanguage":"fr-FR","@id":"https:\/\/apgsolutions.com\/fr\/assistance\/faq\/reparations\/#primaryimage","url":"https:\/\/apgsolutions.com\/wp-content\/uploads\/2023\/06\/USB-Interface-Icon_white-1.png","contentUrl":"https:\/\/apgsolutions.com\/wp-content\/uploads\/2023\/06\/USB-Interface-Icon_white-1.png"},{"@type":"BreadcrumbList","@id":"https:\/\/apgsolutions.com\/fr\/assistance\/faq\/reparations\/#breadcrumb","itemListElement":[{"@type":"ListItem","position":1,"name":"Assistance","item":"https:\/\/apgsolutions.com\/fr\/assistance\/"},{"@type":"ListItem","position":2,"name":"Foire aux questions","item":"https:\/\/apgsolutions.com\/fr\/assistance\/faq\/"},{"@type":"ListItem","position":3,"name":"R\u00e9parations"}]},{"@type":"WebSite","@id":"https:\/\/apgsolutions.com\/fr\/#website","url":"https:\/\/apgsolutions.com\/fr\/","name":"APG Solutions, LLC","description":"Trust at every point.","publisher":{"@id":"https:\/\/apgsolutions.com\/fr\/#organization"},"potentialAction":[{"@type":"SearchAction","target":{"@type":"EntryPoint","urlTemplate":"https:\/\/apgsolutions.com\/fr\/?s={search_term_string}"},"query-input":{"@type":"PropertyValueSpecification","valueRequired":true,"valueName":"search_term_string"}}],"inLanguage":"fr-FR"},{"@type":"Organization","@id":"https:\/\/apgsolutions.com\/fr\/#organization","name":"APG Solution, LLC","url":"https:\/\/apgsolutions.com\/fr\/","logo":{"@type":"ImageObject","inLanguage":"fr-FR","@id":"https:\/\/apgsolutions.com\/fr\/#\/schema\/logo\/image\/","url":"https:\/\/apgsolutions.com\/wp-content\/uploads\/2023\/12\/logomark-color.svg","contentUrl":"https:\/\/apgsolutions.com\/wp-content\/uploads\/2023\/12\/logomark-color.svg","width":141,"height":138,"caption":"APG Solution, LLC"},"image":{"@id":"https:\/\/apgsolutions.com\/fr\/#\/schema\/logo\/image\/"},"sameAs":["https:\/\/www.facebook.com\/apgglobalsolutions","https:\/\/x.com\/apg_solutions","https:\/\/www.youtube.com\/c\/CashManagementGlobalSolutionsbyapg","https:\/\/www.linkedin.com\/company\/apgglobalsolutions\/","https:\/\/www.instagram.com\/apgglobalsolutions\/","https:\/\/www.pinterest.com\/apgcashdrawer\/"]}]}},"acf":[],"_links":{"self":[{"href":"https:\/\/apgsolutions.com\/fr\/wp-json\/wp\/v2\/pages\/66326","targetHints":{"allow":["GET"]}}],"collection":[{"href":"https:\/\/apgsolutions.com\/fr\/wp-json\/wp\/v2\/pages"}],"about":[{"href":"https:\/\/apgsolutions.com\/fr\/wp-json\/wp\/v2\/types\/page"}],"author":[{"embeddable":true,"href":"https:\/\/apgsolutions.com\/fr\/wp-json\/wp\/v2\/users\/4"}],"replies":[{"embeddable":true,"href":"https:\/\/apgsolutions.com\/fr\/wp-json\/wp\/v2\/comments?post=66326"}],"version-history":[{"count":21,"href":"https:\/\/apgsolutions.com\/fr\/wp-json\/wp\/v2\/pages\/66326\/revisions"}],"predecessor-version":[{"id":103453,"href":"https:\/\/apgsolutions.com\/fr\/wp-json\/wp\/v2\/pages\/66326\/revisions\/103453"}],"up":[{"embeddable":true,"href":"https:\/\/apgsolutions.com\/fr\/wp-json\/wp\/v2\/pages\/61787"}],"wp:attachment":[{"href":"https:\/\/apgsolutions.com\/fr\/wp-json\/wp\/v2\/media?parent=66326"}],"curies":[{"name":"wp","href":"https:\/\/api.w.org\/{rel}","templated":true}]}}