{"id":67627,"date":"2023-07-12T15:56:49","date_gmt":"2023-07-12T15:56:49","guid":{"rendered":"https:\/\/apgsolutions.com\/produits\/solutions-de-gestion-des-especes\/"},"modified":"2025-09-17T05:07:34","modified_gmt":"2025-09-17T05:07:34","slug":"solutions-de-gestion-des-especes","status":"publish","type":"page","link":"https:\/\/apgsolutions.com\/fr\/solutions-de-gestion-des-especes\/","title":{"rendered":"Solutions De Gestion Des Esp\u00e8ces"},"content":{"rendered":"<div class=\"section_page-header \">\n    <img decoding=\"async\" class=\"header-image\" src=\"https:\/\/apgsolutions.com\/wp-content\/uploads\/2023\/07\/Treasury-Thumbnail.jpg\" alt=\"Treasury-Thumbnail\" title=\"Treasury-Thumbnail\">\n            <div class=\"header-content\">\n            <h1>Cash Management Solutions<\/h1>\n        <\/div>\n    <\/div>\n\n\n<h2 class=\"wp-block-heading\" id=\"h-decouvrez-des-solutions-de-gestion-des-especes-revolutionnaires\">D\u00e9couvrez des solutions de gestion des esp\u00e8ces r\u00e9volutionnaires.<\/h2>\n\n\n\n<p>La gestion des esp\u00e8ces peut s&rsquo;av\u00e9rer un processus chronophage et co\u00fbteux pour tout environnement de vente au d\u00e9tail. La solution de gestion des esp\u00e8ces <strong><em>SMART<\/em><\/strong>till et le monnayeur automatique Cashlogy POS1000US r\u00e9volutionnent la gestion des esp\u00e8ces car ils permettent aux commer\u00e7ants d&rsquo;\u00e9radiquer les pertes, de r\u00e9duire le laborieux processus de manipulation des esp\u00e8ces, et d&rsquo;am\u00e9liorer le service \u00e0 la client\u00e8le et l&rsquo;exp\u00e9rience client en magasin.<\/p>\n\n\n\n<div class=\"wp-block-columns is-layout-flex wp-container-core-columns-is-layout-9d6595d7 wp-block-columns-is-layout-flex\">\n<div class=\"wp-block-column product-title-col-img is-layout-flow wp-block-column-is-layout-flow\" style=\"flex-basis:33.33%\">\n<div class=\"wp-block-cover\"><img fetchpriority=\"high\" decoding=\"async\" width=\"350\" height=\"350\" class=\"wp-block-cover__image-background wp-image-67271\" alt=\"ST-temporary-Sidebar\" src=\"https:\/\/apgsolutions.com\/wp-content\/uploads\/2023\/07\/ST-temporary-Sidebar-edited.jpg\" data-object-fit=\"cover\" srcset=\"https:\/\/apgsolutions.com\/wp-content\/uploads\/2023\/07\/ST-temporary-Sidebar-edited.jpg 350w, https:\/\/apgsolutions.com\/wp-content\/uploads\/2023\/07\/ST-temporary-Sidebar-edited-300x300.jpg 300w, https:\/\/apgsolutions.com\/wp-content\/uploads\/2023\/07\/ST-temporary-Sidebar-edited-150x150.jpg 150w, https:\/\/apgsolutions.com\/wp-content\/uploads\/2023\/07\/ST-temporary-Sidebar-edited-80x80.jpg 80w, https:\/\/apgsolutions.com\/wp-content\/uploads\/2023\/07\/ST-temporary-Sidebar-edited-160x160.jpg 160w, https:\/\/apgsolutions.com\/wp-content\/uploads\/2023\/07\/ST-temporary-Sidebar-edited-95x95.jpg 95w, https:\/\/apgsolutions.com\/wp-content\/uploads\/2023\/07\/ST-temporary-Sidebar-edited-100x100.jpg 100w\" sizes=\"(max-width: 350px) 100vw, 350px\" \/><span aria-hidden=\"true\" class=\"wp-block-cover__background has-background-dim-0 has-background-dim\"><\/span><div class=\"wp-block-cover__inner-container is-layout-flow wp-block-cover-is-layout-flow\">\n<h3 class=\"wp-block-heading has-text-align-center has-large-font-size\">Solution de gestion des esp\u00e8ces <strong><em>SMART<\/em><\/strong>till<\/h3>\n<\/div><\/div>\n<\/div>\n\n\n\n<div class=\"wp-block-column is-layout-flow wp-block-column-is-layout-flow\" style=\"flex-basis:66.66%\">\n<figure class=\"wp-block-image size-full\"><img decoding=\"async\" width=\"150\" height=\"150\" src=\"https:\/\/apgsolutions.com\/wp-content\/uploads\/2023\/07\/ST-FlipLid-SlideOut-Hybrid.png\" alt=\"ST-FlipLid-SlideOut-Hybrid\" class=\"wp-image-67275\" srcset=\"https:\/\/apgsolutions.com\/wp-content\/uploads\/2023\/07\/ST-FlipLid-SlideOut-Hybrid.png 150w, https:\/\/apgsolutions.com\/wp-content\/uploads\/2023\/07\/ST-FlipLid-SlideOut-Hybrid-80x80.png 80w, https:\/\/apgsolutions.com\/wp-content\/uploads\/2023\/07\/ST-FlipLid-SlideOut-Hybrid-95x95.png 95w, https:\/\/apgsolutions.com\/wp-content\/uploads\/2023\/07\/ST-FlipLid-SlideOut-Hybrid-100x100.png 100w\" sizes=\"(max-width: 150px) 100vw, 150px\" \/><\/figure>\n\n\n\n<p>La solution <strong><em>SMART<\/em><\/strong>till est la toute derni\u00e8re g\u00e9n\u00e9ration de dispositifs de gestion des esp\u00e8ces ; elle permet aux commer\u00e7ants et aux professionnels de l&rsquo;h\u00f4tellerie et de la restauration d&rsquo;augmenter leur productivit\u00e9 tout en r\u00e9duisant les pertes et le co\u00fbt de la manipulation des esp\u00e8ces. La solution <strong><em>SMART<\/em><\/strong>till, int\u00e9gr\u00e9e \u00e0 l&rsquo;\u00e9cosyst\u00e8me de votre partenaire de confiance, capture en temps r\u00e9el toutes les transactions et tous les \u00e9carts de caisse de chaque caisse enregistreuse de chaque magasin, et vous fournit de puissantes analyses qui vous permettront d&rsquo;am\u00e9liorer la gestion de votre entreprise.<\/p>\n\n\n\n<p><strong>Types d&rsquo;entreprises :<\/strong><br>Vente de d\u00e9tail, restauration et restauration rapide, alimentation, sup\u00e9rettes<br><strong>Disponibilit\u00e9 :<\/strong><br>USD, Euro, Sterling<\/p>\n\n\n\n<div class=\"wp-block-buttons is-layout-flex wp-block-buttons-is-layout-flex\">\n<div class=\"wp-block-button\"><a class=\"wp-block-button__link wp-element-button\" href=\"https:\/\/apgsolutions.com\/fr\/products\/smarttill-solution-suite\/\" target=\"_blank\" rel=\"noreferrer noopener\">CONFIGURER + VOIR LES RESSOURCES<\/a><\/div>\n<\/div>\n<\/div>\n<\/div>\n","protected":false},"excerpt":{"rendered":"<p>D\u00e9couvrez des solutions de gestion des esp\u00e8ces r\u00e9volutionnaires. La gestion des esp\u00e8ces peut s&rsquo;av\u00e9rer un processus chronophage et co\u00fbteux pour tout environnement de vente au d\u00e9tail. La solution de gestion des esp\u00e8ces SMARTtill et le monnayeur automatique Cashlogy POS1000US r\u00e9volutionnent la gestion des esp\u00e8ces car ils permettent aux commer\u00e7ants d&rsquo;\u00e9radiquer les pertes, de r\u00e9duire le [&hellip;]<\/p>\n","protected":false},"author":4,"featured_media":0,"parent":0,"menu_order":0,"comment_status":"closed","ping_status":"closed","template":"","meta":{"_acf_changed":false,"content-type":"","footnotes":""},"class_list":["post-67627","page","type-page","status-publish"],"yoast_head":"<!-- This site is optimized with the Yoast SEO Premium plugin v23.5 (Yoast SEO v27.2) - https:\/\/yoast.com\/product\/yoast-seo-premium-wordpress\/ -->\n<title>Solutions De Gestion Des Esp\u00e8ces<\/title>\n<meta name=\"robots\" content=\"index, follow, max-snippet:-1, max-image-preview:large, max-video-preview:-1\" \/>\n<link rel=\"canonical\" href=\"https:\/\/apgsolutions.com\/fr\/solutions-de-gestion-des-especes\/\" \/>\n<meta property=\"og:locale\" content=\"fr_FR\" \/>\n<meta property=\"og:type\" content=\"article\" \/>\n<meta property=\"og:title\" content=\"Solutions De Gestion Des Esp\u00e8ces\" \/>\n<meta property=\"og:description\" content=\"D\u00e9couvrez des solutions de gestion des esp\u00e8ces r\u00e9volutionnaires. La gestion des esp\u00e8ces peut s&rsquo;av\u00e9rer un processus chronophage et co\u00fbteux pour tout environnement de vente au d\u00e9tail. La solution de gestion des esp\u00e8ces SMARTtill et le monnayeur automatique Cashlogy POS1000US r\u00e9volutionnent la gestion des esp\u00e8ces car ils permettent aux commer\u00e7ants d&rsquo;\u00e9radiquer les pertes, de r\u00e9duire le [&hellip;]\" \/>\n<meta property=\"og:url\" content=\"https:\/\/apgsolutions.com\/fr\/solutions-de-gestion-des-especes\/\" \/>\n<meta property=\"og:site_name\" content=\"apg\u00ae Solutions\" \/>\n<meta property=\"article:publisher\" content=\"https:\/\/www.facebook.com\/apgglobalsolutions\" \/>\n<meta property=\"article:modified_time\" content=\"2025-09-17T05:07:34+00:00\" \/>\n<meta property=\"og:image\" content=\"https:\/\/apgsolutions.com\/wp-content\/uploads\/2023\/07\/ST-temporary-Sidebar-edited.jpg\" \/>\n<meta name=\"twitter:card\" content=\"summary_large_image\" \/>\n<meta name=\"twitter:site\" content=\"@apg_solutions\" \/>\n<meta name=\"twitter:label1\" content=\"Dur\u00e9e de lecture estim\u00e9e\" \/>\n\t<meta name=\"twitter:data1\" content=\"2 minutes\" \/>\n<script type=\"application\/ld+json\" class=\"yoast-schema-graph\">{\"@context\":\"https:\/\/schema.org\",\"@graph\":[{\"@type\":\"WebPage\",\"@id\":\"https:\/\/apgsolutions.com\/fr\/solutions-de-gestion-des-especes\/\",\"url\":\"https:\/\/apgsolutions.com\/fr\/solutions-de-gestion-des-especes\/\",\"name\":\"Solutions De Gestion Des Esp\u00e8ces\",\"isPartOf\":{\"@id\":\"https:\/\/apgsolutions.com\/fr\/#website\"},\"primaryImageOfPage\":{\"@id\":\"https:\/\/apgsolutions.com\/fr\/solutions-de-gestion-des-especes\/#primaryimage\"},\"image\":{\"@id\":\"https:\/\/apgsolutions.com\/fr\/solutions-de-gestion-des-especes\/#primaryimage\"},\"thumbnailUrl\":\"https:\/\/apgsolutions.com\/wp-content\/uploads\/2023\/07\/ST-temporary-Sidebar-edited.jpg\",\"datePublished\":\"2023-07-12T15:56:49+00:00\",\"dateModified\":\"2025-09-17T05:07:34+00:00\",\"inLanguage\":\"fr-FR\",\"potentialAction\":[{\"@type\":\"ReadAction\",\"target\":[\"https:\/\/apgsolutions.com\/fr\/solutions-de-gestion-des-especes\/\"]}]},{\"@type\":\"ImageObject\",\"inLanguage\":\"fr-FR\",\"@id\":\"https:\/\/apgsolutions.com\/fr\/solutions-de-gestion-des-especes\/#primaryimage\",\"url\":\"https:\/\/apgsolutions.com\/wp-content\/uploads\/2023\/07\/ST-temporary-Sidebar-edited.jpg\",\"contentUrl\":\"https:\/\/apgsolutions.com\/wp-content\/uploads\/2023\/07\/ST-temporary-Sidebar-edited.jpg\"},{\"@type\":\"WebSite\",\"@id\":\"https:\/\/apgsolutions.com\/fr\/#website\",\"url\":\"https:\/\/apgsolutions.com\/fr\/\",\"name\":\"APG Solutions, LLC\",\"description\":\"Trust at every point.\",\"publisher\":{\"@id\":\"https:\/\/apgsolutions.com\/fr\/#organization\"},\"potentialAction\":[{\"@type\":\"SearchAction\",\"target\":{\"@type\":\"EntryPoint\",\"urlTemplate\":\"https:\/\/apgsolutions.com\/fr\/?s={search_term_string}\"},\"query-input\":{\"@type\":\"PropertyValueSpecification\",\"valueRequired\":true,\"valueName\":\"search_term_string\"}}],\"inLanguage\":\"fr-FR\"},{\"@type\":\"Organization\",\"@id\":\"https:\/\/apgsolutions.com\/fr\/#organization\",\"name\":\"APG Solution, LLC\",\"url\":\"https:\/\/apgsolutions.com\/fr\/\",\"logo\":{\"@type\":\"ImageObject\",\"inLanguage\":\"fr-FR\",\"@id\":\"https:\/\/apgsolutions.com\/fr\/#\/schema\/logo\/image\/\",\"url\":\"https:\/\/apgsolutions.com\/wp-content\/uploads\/2023\/12\/logomark-color.svg\",\"contentUrl\":\"https:\/\/apgsolutions.com\/wp-content\/uploads\/2023\/12\/logomark-color.svg\",\"width\":141,\"height\":138,\"caption\":\"APG Solution, LLC\"},\"image\":{\"@id\":\"https:\/\/apgsolutions.com\/fr\/#\/schema\/logo\/image\/\"},\"sameAs\":[\"https:\/\/www.facebook.com\/apgglobalsolutions\",\"https:\/\/x.com\/apg_solutions\",\"https:\/\/www.youtube.com\/c\/CashManagementGlobalSolutionsbyapg\",\"https:\/\/www.linkedin.com\/company\/apgglobalsolutions\/\",\"https:\/\/www.instagram.com\/apgglobalsolutions\/\",\"https:\/\/www.pinterest.com\/apgcashdrawer\/\"]}]}<\/script>\n<!-- \/ Yoast SEO Premium plugin. -->","yoast_head_json":{"title":"Solutions De Gestion Des Esp\u00e8ces","robots":{"index":"index","follow":"follow","max-snippet":"max-snippet:-1","max-image-preview":"max-image-preview:large","max-video-preview":"max-video-preview:-1"},"canonical":"https:\/\/apgsolutions.com\/fr\/solutions-de-gestion-des-especes\/","og_locale":"fr_FR","og_type":"article","og_title":"Solutions De Gestion Des Esp\u00e8ces","og_description":"D\u00e9couvrez des solutions de gestion des esp\u00e8ces r\u00e9volutionnaires. La gestion des esp\u00e8ces peut s&rsquo;av\u00e9rer un processus chronophage et co\u00fbteux pour tout environnement de vente au d\u00e9tail. La solution de gestion des esp\u00e8ces SMARTtill et le monnayeur automatique Cashlogy POS1000US r\u00e9volutionnent la gestion des esp\u00e8ces car ils permettent aux commer\u00e7ants d&rsquo;\u00e9radiquer les pertes, de r\u00e9duire le [&hellip;]","og_url":"https:\/\/apgsolutions.com\/fr\/solutions-de-gestion-des-especes\/","og_site_name":"apg\u00ae Solutions","article_publisher":"https:\/\/www.facebook.com\/apgglobalsolutions","article_modified_time":"2025-09-17T05:07:34+00:00","og_image":[{"url":"https:\/\/apgsolutions.com\/wp-content\/uploads\/2023\/07\/ST-temporary-Sidebar-edited.jpg","type":"","width":"","height":""}],"twitter_card":"summary_large_image","twitter_site":"@apg_solutions","twitter_misc":{"Dur\u00e9e de lecture estim\u00e9e":"2 minutes"},"schema":{"@context":"https:\/\/schema.org","@graph":[{"@type":"WebPage","@id":"https:\/\/apgsolutions.com\/fr\/solutions-de-gestion-des-especes\/","url":"https:\/\/apgsolutions.com\/fr\/solutions-de-gestion-des-especes\/","name":"Solutions De Gestion Des Esp\u00e8ces","isPartOf":{"@id":"https:\/\/apgsolutions.com\/fr\/#website"},"primaryImageOfPage":{"@id":"https:\/\/apgsolutions.com\/fr\/solutions-de-gestion-des-especes\/#primaryimage"},"image":{"@id":"https:\/\/apgsolutions.com\/fr\/solutions-de-gestion-des-especes\/#primaryimage"},"thumbnailUrl":"https:\/\/apgsolutions.com\/wp-content\/uploads\/2023\/07\/ST-temporary-Sidebar-edited.jpg","datePublished":"2023-07-12T15:56:49+00:00","dateModified":"2025-09-17T05:07:34+00:00","inLanguage":"fr-FR","potentialAction":[{"@type":"ReadAction","target":["https:\/\/apgsolutions.com\/fr\/solutions-de-gestion-des-especes\/"]}]},{"@type":"ImageObject","inLanguage":"fr-FR","@id":"https:\/\/apgsolutions.com\/fr\/solutions-de-gestion-des-especes\/#primaryimage","url":"https:\/\/apgsolutions.com\/wp-content\/uploads\/2023\/07\/ST-temporary-Sidebar-edited.jpg","contentUrl":"https:\/\/apgsolutions.com\/wp-content\/uploads\/2023\/07\/ST-temporary-Sidebar-edited.jpg"},{"@type":"WebSite","@id":"https:\/\/apgsolutions.com\/fr\/#website","url":"https:\/\/apgsolutions.com\/fr\/","name":"APG Solutions, LLC","description":"Trust at every point.","publisher":{"@id":"https:\/\/apgsolutions.com\/fr\/#organization"},"potentialAction":[{"@type":"SearchAction","target":{"@type":"EntryPoint","urlTemplate":"https:\/\/apgsolutions.com\/fr\/?s={search_term_string}"},"query-input":{"@type":"PropertyValueSpecification","valueRequired":true,"valueName":"search_term_string"}}],"inLanguage":"fr-FR"},{"@type":"Organization","@id":"https:\/\/apgsolutions.com\/fr\/#organization","name":"APG Solution, LLC","url":"https:\/\/apgsolutions.com\/fr\/","logo":{"@type":"ImageObject","inLanguage":"fr-FR","@id":"https:\/\/apgsolutions.com\/fr\/#\/schema\/logo\/image\/","url":"https:\/\/apgsolutions.com\/wp-content\/uploads\/2023\/12\/logomark-color.svg","contentUrl":"https:\/\/apgsolutions.com\/wp-content\/uploads\/2023\/12\/logomark-color.svg","width":141,"height":138,"caption":"APG Solution, LLC"},"image":{"@id":"https:\/\/apgsolutions.com\/fr\/#\/schema\/logo\/image\/"},"sameAs":["https:\/\/www.facebook.com\/apgglobalsolutions","https:\/\/x.com\/apg_solutions","https:\/\/www.youtube.com\/c\/CashManagementGlobalSolutionsbyapg","https:\/\/www.linkedin.com\/company\/apgglobalsolutions\/","https:\/\/www.instagram.com\/apgglobalsolutions\/","https:\/\/www.pinterest.com\/apgcashdrawer\/"]}]}},"acf":[],"_links":{"self":[{"href":"https:\/\/apgsolutions.com\/fr\/wp-json\/wp\/v2\/pages\/67627","targetHints":{"allow":["GET"]}}],"collection":[{"href":"https:\/\/apgsolutions.com\/fr\/wp-json\/wp\/v2\/pages"}],"about":[{"href":"https:\/\/apgsolutions.com\/fr\/wp-json\/wp\/v2\/types\/page"}],"author":[{"embeddable":true,"href":"https:\/\/apgsolutions.com\/fr\/wp-json\/wp\/v2\/users\/4"}],"replies":[{"embeddable":true,"href":"https:\/\/apgsolutions.com\/fr\/wp-json\/wp\/v2\/comments?post=67627"}],"version-history":[{"count":4,"href":"https:\/\/apgsolutions.com\/fr\/wp-json\/wp\/v2\/pages\/67627\/revisions"}],"predecessor-version":[{"id":93016,"href":"https:\/\/apgsolutions.com\/fr\/wp-json\/wp\/v2\/pages\/67627\/revisions\/93016"}],"wp:attachment":[{"href":"https:\/\/apgsolutions.com\/fr\/wp-json\/wp\/v2\/media?parent=67627"}],"curies":[{"name":"wp","href":"https:\/\/api.w.org\/{rel}","templated":true}]}}