{"id":92466,"date":"2025-09-01T10:06:36","date_gmt":"2025-09-01T10:06:36","guid":{"rendered":"https:\/\/apgsolutions.com\/come-work-with-us\/"},"modified":"2025-11-25T06:44:47","modified_gmt":"2025-11-25T06:44:47","slug":"careers","status":"publish","type":"page","link":"https:\/\/apgsolutions.com\/fr\/careers\/","title":{"rendered":"Carri\u00e8res"},"content":{"rendered":"\n<div class=\"wp-block-columns test-career-bg my-fullwidth-row is-layout-flex wp-container-core-columns-is-layout-9d6595d7 wp-block-columns-is-layout-flex\">\n<div class=\"wp-block-column inside-fw-container is-layout-flow wp-block-column-is-layout-flow\">\n<div style=\"height:140px\" aria-hidden=\"true\" class=\"wp-block-spacer career-space\"><\/div>\n\n\n\n<p class=\"has-text-align-center has-white-color has-text-color has-link-color has-large-font-size wp-elements-594b778c58ad3ae39ebef501d0a815b1\"><strong>En savoir plus sur notre culture, nos collaborateurs et nos offres d&#8217;emploi<\/strong><\/p>\n\n\n\n<p class=\"has-text-align-center has-white-color has-text-color has-link-color wp-elements-79ece846192345813ed8a35bd73e9659\" style=\"font-size:18px\"><strong>Les sites qui recrutent actuellement :<\/strong><\/p>\n\n\n\n<div style=\"height:2rem\" aria-hidden=\"true\" class=\"wp-block-spacer\"><\/div>\n\n\n\n<div class=\"wp-block-group\"><div class=\"wp-block-group__inner-container is-layout-constrained wp-block-group-is-layout-constrained\">\n<div class=\"wp-block-columns career-card-justify is-layout-flex wp-container-core-columns-is-layout-9d6595d7 wp-block-columns-is-layout-flex\">\n<div class=\"wp-block-column is-vertically-aligned-center career-card-div has-background is-layout-flow wp-block-column-is-layout-flow\" style=\"background-color:#fafafaab;flex-basis:349px\">\n<div style=\"height:2rem\" aria-hidden=\"true\" class=\"wp-block-spacer\"><\/div>\n\n\n\n<p class=\"has-text-align-center blue-accent-txt\" style=\"font-size:22px\"><strong><a href=\"https:\/\/apgsolutions.com\/careers\">Carri\u00e8res en France<\/a><\/strong><\/p>\n\n\n\n<hr class=\"wp-block-separator has-text-color has-white-color has-alpha-channel-opacity has-white-background-color has-background is-style-default\"\/>\n\n\n\n<div style=\"height:1rem\" aria-hidden=\"true\" class=\"wp-block-spacer\"><\/div>\n\n\n<div class=\"wp-block-image\">\n<figure class=\"aligncenter size-full is-resized\"><a href=\"https:\/\/apgsolutions.com\/careers\"><img decoding=\"async\" width=\"211\" height=\"136\" src=\"https:\/\/apgsolutions.com\/wp-content\/uploads\/2023\/08\/France-flag.jpg\" alt=\"France flag\" class=\"wp-image-71318\" style=\"width:120px\" srcset=\"https:\/\/apgsolutions.com\/wp-content\/uploads\/2023\/08\/France-flag.jpg 211w, https:\/\/apgsolutions.com\/wp-content\/uploads\/2023\/08\/France-flag-80x52.jpg 80w\" sizes=\"(max-width: 211px) 100vw, 211px\" \/><\/a><\/figure>\n<\/div>\n\n\n<div style=\"height:3rem\" aria-hidden=\"true\" class=\"wp-block-spacer career-card-bp\"><\/div>\n<\/div>\n\n\n\n<div class=\"wp-block-column is-vertically-aligned-center career-card-div has-background is-layout-flow wp-block-column-is-layout-flow\" style=\"background-color:#fafafaab;flex-basis:349px\">\n<div style=\"height:2rem\" aria-hidden=\"true\" class=\"wp-block-spacer\"><\/div>\n\n\n\n<p class=\"has-text-align-center blue-accent-txt\" style=\"font-size:22px\"><strong><strong><a href=\"https:\/\/apgsolutions.com\/careers\">Carri\u00e8res \u00e0 Minneapolis<\/a><\/strong><\/strong><\/p>\n\n\n\n<hr class=\"wp-block-separator has-text-color has-white-color has-alpha-channel-opacity has-white-background-color has-background is-style-default\"\/>\n\n\n\n<div style=\"height:1rem\" aria-hidden=\"true\" class=\"wp-block-spacer\"><\/div>\n\n\n<div class=\"wp-block-image\">\n<figure class=\"aligncenter size-full is-resized\"><a href=\"https:\/\/apgsolutions.com\/careers\"><img decoding=\"async\" width=\"211\" height=\"140\" src=\"https:\/\/apgsolutions.com\/wp-content\/uploads\/2023\/03\/USA-Flag-211-2.png\" alt=\"USA Flag 211 2\" class=\"wp-image-934\" style=\"width:120px\"\/><\/a><\/figure>\n<\/div>\n\n\n<div style=\"height:3rem\" aria-hidden=\"true\" class=\"wp-block-spacer career-card-bp\"><\/div>\n<\/div>\n\n\n\n<div class=\"wp-block-column is-vertically-aligned-center career-card-div has-background is-layout-flow wp-block-column-is-layout-flow\" style=\"background-color:#fafafaab;flex-basis:349px\">\n<div style=\"height:2rem\" aria-hidden=\"true\" class=\"wp-block-spacer\"><\/div>\n\n\n\n<p class=\"has-text-align-center blue-accent-txt\" style=\"font-size:22px\"><strong><strong><a href=\"https:\/\/apgsolutions.com\/careers\">Carri\u00e8res \u00e0 Newhaven<\/a><\/strong><\/strong><\/p>\n\n\n\n<hr class=\"wp-block-separator has-text-color has-white-color has-alpha-channel-opacity has-white-background-color has-background is-style-default\"\/>\n\n\n\n<div style=\"height:1rem\" aria-hidden=\"true\" class=\"wp-block-spacer\"><\/div>\n\n\n<div class=\"wp-block-image\">\n<figure class=\"aligncenter size-full is-resized\"><a href=\"https:\/\/apgsolutions.com\/careers\"><img decoding=\"async\" width=\"211\" height=\"140\" src=\"https:\/\/apgsolutions.com\/wp-content\/uploads\/2023\/08\/UK-flag.jpg\" alt=\"UK flag\" class=\"wp-image-71271\" style=\"width:120px\" srcset=\"https:\/\/apgsolutions.com\/wp-content\/uploads\/2023\/08\/UK-flag.jpg 211w, https:\/\/apgsolutions.com\/wp-content\/uploads\/2023\/08\/UK-flag-80x53.jpg 80w\" sizes=\"(max-width: 211px) 100vw, 211px\" \/><\/a><\/figure>\n<\/div>\n\n\n<div style=\"height:3rem\" aria-hidden=\"true\" class=\"wp-block-spacer career-card-bp\"><\/div>\n<\/div>\n<\/div>\n<\/div><\/div>\n\n\n\n<div style=\"height:100px\" aria-hidden=\"true\" class=\"wp-block-spacer career-space\"><\/div>\n<\/div>\n<\/div>\n","protected":false},"excerpt":{"rendered":"<p>En savoir plus sur notre culture, nos collaborateurs et nos offres d&#8217;emploi Les sites qui recrutent actuellement : Carri\u00e8res en France Carri\u00e8res \u00e0 Minneapolis Carri\u00e8res \u00e0 Newhaven<\/p>\n","protected":false},"author":4,"featured_media":0,"parent":0,"menu_order":0,"comment_status":"closed","ping_status":"closed","template":"","meta":{"_acf_changed":false,"content-type":"","footnotes":""},"class_list":["post-92466","page","type-page","status-publish"],"yoast_head":"<!-- This site is optimized with the Yoast SEO Premium plugin v23.5 (Yoast SEO v27.2) - https:\/\/yoast.com\/product\/yoast-seo-premium-wordpress\/ -->\n<title>En savoir plus sur la culture d&#039;apg\u00ae et les offres d&#039;emploi | apg\u00ae Solutions<\/title>\n<meta name=\"description\" content=\"Venez faire partie d&#039;une culture \u00e9tonnante et travailler au sein d&#039;une organisation mondiale en pleine croissance. Cliquez sur le lieu qui vous int\u00e9resse pour en savoir plus sur apg\u00ae.\" \/>\n<meta name=\"robots\" content=\"index, follow, max-snippet:-1, max-image-preview:large, max-video-preview:-1\" \/>\n<link rel=\"canonical\" href=\"https:\/\/apgsolutions.com\/fr\/careers\/\" \/>\n<meta property=\"og:locale\" content=\"fr_FR\" \/>\n<meta property=\"og:type\" content=\"article\" \/>\n<meta property=\"og:title\" content=\"En savoir plus sur la culture d&#039;apg\u00ae et les offres d&#039;emploi | apg\u00ae Solutions\" \/>\n<meta property=\"og:description\" content=\"Venez faire partie d&#039;une culture \u00e9tonnante et travailler au sein d&#039;une organisation mondiale en pleine croissance. Cliquez sur le lieu qui vous int\u00e9resse pour en savoir plus sur apg\u00ae.\" \/>\n<meta property=\"og:url\" content=\"https:\/\/apgsolutions.com\/fr\/careers\/\" \/>\n<meta property=\"og:site_name\" content=\"apg\u00ae Solutions\" \/>\n<meta property=\"article:publisher\" content=\"https:\/\/www.facebook.com\/apgglobalsolutions\" \/>\n<meta property=\"article:modified_time\" content=\"2025-11-25T06:44:47+00:00\" \/>\n<meta property=\"og:image\" content=\"https:\/\/apgsolutions.com\/wp-content\/uploads\/2023\/08\/France-flag.jpg\" \/>\n<meta name=\"twitter:card\" content=\"summary_large_image\" \/>\n<meta name=\"twitter:site\" content=\"@apg_solutions\" \/>\n<meta name=\"twitter:label1\" content=\"Dur\u00e9e de lecture estim\u00e9e\" \/>\n\t<meta name=\"twitter:data1\" content=\"1 minute\" \/>\n<script type=\"application\/ld+json\" class=\"yoast-schema-graph\">{\"@context\":\"https:\/\/schema.org\",\"@graph\":[{\"@type\":\"WebPage\",\"@id\":\"https:\/\/apgsolutions.com\/fr\/careers\/\",\"url\":\"https:\/\/apgsolutions.com\/fr\/careers\/\",\"name\":\"En savoir plus sur la culture d'apg\u00ae et les offres d'emploi | apg\u00ae Solutions\",\"isPartOf\":{\"@id\":\"https:\/\/apgsolutions.com\/fr\/#website\"},\"primaryImageOfPage\":{\"@id\":\"https:\/\/apgsolutions.com\/fr\/careers\/#primaryimage\"},\"image\":{\"@id\":\"https:\/\/apgsolutions.com\/fr\/careers\/#primaryimage\"},\"thumbnailUrl\":\"https:\/\/apgsolutions.com\/wp-content\/uploads\/2023\/08\/France-flag.jpg\",\"datePublished\":\"2025-09-01T10:06:36+00:00\",\"dateModified\":\"2025-11-25T06:44:47+00:00\",\"description\":\"Venez faire partie d'une culture \u00e9tonnante et travailler au sein d'une organisation mondiale en pleine croissance. Cliquez sur le lieu qui vous int\u00e9resse pour en savoir plus sur apg\u00ae.\",\"inLanguage\":\"fr-FR\",\"potentialAction\":[{\"@type\":\"ReadAction\",\"target\":[\"https:\/\/apgsolutions.com\/fr\/careers\/\"]}]},{\"@type\":\"ImageObject\",\"inLanguage\":\"fr-FR\",\"@id\":\"https:\/\/apgsolutions.com\/fr\/careers\/#primaryimage\",\"url\":\"https:\/\/apgsolutions.com\/wp-content\/uploads\/2023\/08\/France-flag.jpg\",\"contentUrl\":\"https:\/\/apgsolutions.com\/wp-content\/uploads\/2023\/08\/France-flag.jpg\"},{\"@type\":\"WebSite\",\"@id\":\"https:\/\/apgsolutions.com\/fr\/#website\",\"url\":\"https:\/\/apgsolutions.com\/fr\/\",\"name\":\"APG Solutions, LLC\",\"description\":\"Trust at every point.\",\"publisher\":{\"@id\":\"https:\/\/apgsolutions.com\/fr\/#organization\"},\"potentialAction\":[{\"@type\":\"SearchAction\",\"target\":{\"@type\":\"EntryPoint\",\"urlTemplate\":\"https:\/\/apgsolutions.com\/fr\/?s={search_term_string}\"},\"query-input\":{\"@type\":\"PropertyValueSpecification\",\"valueRequired\":true,\"valueName\":\"search_term_string\"}}],\"inLanguage\":\"fr-FR\"},{\"@type\":\"Organization\",\"@id\":\"https:\/\/apgsolutions.com\/fr\/#organization\",\"name\":\"APG Solution, LLC\",\"url\":\"https:\/\/apgsolutions.com\/fr\/\",\"logo\":{\"@type\":\"ImageObject\",\"inLanguage\":\"fr-FR\",\"@id\":\"https:\/\/apgsolutions.com\/fr\/#\/schema\/logo\/image\/\",\"url\":\"https:\/\/apgsolutions.com\/wp-content\/uploads\/2023\/12\/logomark-color.svg\",\"contentUrl\":\"https:\/\/apgsolutions.com\/wp-content\/uploads\/2023\/12\/logomark-color.svg\",\"width\":141,\"height\":138,\"caption\":\"APG Solution, LLC\"},\"image\":{\"@id\":\"https:\/\/apgsolutions.com\/fr\/#\/schema\/logo\/image\/\"},\"sameAs\":[\"https:\/\/www.facebook.com\/apgglobalsolutions\",\"https:\/\/x.com\/apg_solutions\",\"https:\/\/www.youtube.com\/c\/CashManagementGlobalSolutionsbyapg\",\"https:\/\/www.linkedin.com\/company\/apgglobalsolutions\/\",\"https:\/\/www.instagram.com\/apgglobalsolutions\/\",\"https:\/\/www.pinterest.com\/apgcashdrawer\/\"]}]}<\/script>\n<!-- \/ Yoast SEO Premium plugin. -->","yoast_head_json":{"title":"En savoir plus sur la culture d'apg\u00ae et les offres d'emploi | apg\u00ae Solutions","description":"Venez faire partie d'une culture \u00e9tonnante et travailler au sein d'une organisation mondiale en pleine croissance. Cliquez sur le lieu qui vous int\u00e9resse pour en savoir plus sur apg\u00ae.","robots":{"index":"index","follow":"follow","max-snippet":"max-snippet:-1","max-image-preview":"max-image-preview:large","max-video-preview":"max-video-preview:-1"},"canonical":"https:\/\/apgsolutions.com\/fr\/careers\/","og_locale":"fr_FR","og_type":"article","og_title":"En savoir plus sur la culture d'apg\u00ae et les offres d'emploi | apg\u00ae Solutions","og_description":"Venez faire partie d'une culture \u00e9tonnante et travailler au sein d'une organisation mondiale en pleine croissance. Cliquez sur le lieu qui vous int\u00e9resse pour en savoir plus sur apg\u00ae.","og_url":"https:\/\/apgsolutions.com\/fr\/careers\/","og_site_name":"apg\u00ae Solutions","article_publisher":"https:\/\/www.facebook.com\/apgglobalsolutions","article_modified_time":"2025-11-25T06:44:47+00:00","og_image":[{"url":"https:\/\/apgsolutions.com\/wp-content\/uploads\/2023\/08\/France-flag.jpg","type":"","width":"","height":""}],"twitter_card":"summary_large_image","twitter_site":"@apg_solutions","twitter_misc":{"Dur\u00e9e de lecture estim\u00e9e":"1 minute"},"schema":{"@context":"https:\/\/schema.org","@graph":[{"@type":"WebPage","@id":"https:\/\/apgsolutions.com\/fr\/careers\/","url":"https:\/\/apgsolutions.com\/fr\/careers\/","name":"En savoir plus sur la culture d'apg\u00ae et les offres d'emploi | apg\u00ae Solutions","isPartOf":{"@id":"https:\/\/apgsolutions.com\/fr\/#website"},"primaryImageOfPage":{"@id":"https:\/\/apgsolutions.com\/fr\/careers\/#primaryimage"},"image":{"@id":"https:\/\/apgsolutions.com\/fr\/careers\/#primaryimage"},"thumbnailUrl":"https:\/\/apgsolutions.com\/wp-content\/uploads\/2023\/08\/France-flag.jpg","datePublished":"2025-09-01T10:06:36+00:00","dateModified":"2025-11-25T06:44:47+00:00","description":"Venez faire partie d'une culture \u00e9tonnante et travailler au sein d'une organisation mondiale en pleine croissance. Cliquez sur le lieu qui vous int\u00e9resse pour en savoir plus sur apg\u00ae.","inLanguage":"fr-FR","potentialAction":[{"@type":"ReadAction","target":["https:\/\/apgsolutions.com\/fr\/careers\/"]}]},{"@type":"ImageObject","inLanguage":"fr-FR","@id":"https:\/\/apgsolutions.com\/fr\/careers\/#primaryimage","url":"https:\/\/apgsolutions.com\/wp-content\/uploads\/2023\/08\/France-flag.jpg","contentUrl":"https:\/\/apgsolutions.com\/wp-content\/uploads\/2023\/08\/France-flag.jpg"},{"@type":"WebSite","@id":"https:\/\/apgsolutions.com\/fr\/#website","url":"https:\/\/apgsolutions.com\/fr\/","name":"APG Solutions, LLC","description":"Trust at every point.","publisher":{"@id":"https:\/\/apgsolutions.com\/fr\/#organization"},"potentialAction":[{"@type":"SearchAction","target":{"@type":"EntryPoint","urlTemplate":"https:\/\/apgsolutions.com\/fr\/?s={search_term_string}"},"query-input":{"@type":"PropertyValueSpecification","valueRequired":true,"valueName":"search_term_string"}}],"inLanguage":"fr-FR"},{"@type":"Organization","@id":"https:\/\/apgsolutions.com\/fr\/#organization","name":"APG Solution, LLC","url":"https:\/\/apgsolutions.com\/fr\/","logo":{"@type":"ImageObject","inLanguage":"fr-FR","@id":"https:\/\/apgsolutions.com\/fr\/#\/schema\/logo\/image\/","url":"https:\/\/apgsolutions.com\/wp-content\/uploads\/2023\/12\/logomark-color.svg","contentUrl":"https:\/\/apgsolutions.com\/wp-content\/uploads\/2023\/12\/logomark-color.svg","width":141,"height":138,"caption":"APG Solution, LLC"},"image":{"@id":"https:\/\/apgsolutions.com\/fr\/#\/schema\/logo\/image\/"},"sameAs":["https:\/\/www.facebook.com\/apgglobalsolutions","https:\/\/x.com\/apg_solutions","https:\/\/www.youtube.com\/c\/CashManagementGlobalSolutionsbyapg","https:\/\/www.linkedin.com\/company\/apgglobalsolutions\/","https:\/\/www.instagram.com\/apgglobalsolutions\/","https:\/\/www.pinterest.com\/apgcashdrawer\/"]}]}},"acf":[],"_links":{"self":[{"href":"https:\/\/apgsolutions.com\/fr\/wp-json\/wp\/v2\/pages\/92466","targetHints":{"allow":["GET"]}}],"collection":[{"href":"https:\/\/apgsolutions.com\/fr\/wp-json\/wp\/v2\/pages"}],"about":[{"href":"https:\/\/apgsolutions.com\/fr\/wp-json\/wp\/v2\/types\/page"}],"author":[{"embeddable":true,"href":"https:\/\/apgsolutions.com\/fr\/wp-json\/wp\/v2\/users\/4"}],"replies":[{"embeddable":true,"href":"https:\/\/apgsolutions.com\/fr\/wp-json\/wp\/v2\/comments?post=92466"}],"version-history":[{"count":9,"href":"https:\/\/apgsolutions.com\/fr\/wp-json\/wp\/v2\/pages\/92466\/revisions"}],"predecessor-version":[{"id":97412,"href":"https:\/\/apgsolutions.com\/fr\/wp-json\/wp\/v2\/pages\/92466\/revisions\/97412"}],"wp:attachment":[{"href":"https:\/\/apgsolutions.com\/fr\/wp-json\/wp\/v2\/media?parent=92466"}],"curies":[{"name":"wp","href":"https:\/\/api.w.org\/{rel}","templated":true}]}}