{"id":92649,"date":"2025-09-09T07:51:40","date_gmt":"2025-09-09T07:51:40","guid":{"rendered":"https:\/\/apgsolutions.com\/thank-you-for-visiting-apg-cash-drawer-at-our-booth\/"},"modified":"2025-11-03T14:42:43","modified_gmt":"2025-11-03T14:42:43","slug":"thank-you-for-visiting-apg-cash-drawer-at-our-booth","status":"publish","type":"page","link":"https:\/\/apgsolutions.com\/fr\/thank-you-for-visiting-apg-cash-drawer-at-our-booth\/","title":{"rendered":"Merci d&rsquo;avoir visit\u00e9 le tiroir-caisse de la SGA \u00e0 notre stand"},"content":{"rendered":"<div class=\"section_page-header \">\n    <img decoding=\"async\" class=\"header-image\" src=\"https:\/\/apgsolutions.com\/wp-content\/uploads\/2023\/04\/dark-blue-rotated.jpg\" alt=\"dark-blue\" title=\"dark-blue\">\n            <div class=\"header-content\">\n            <h1>Thank you for Visiting APG Cash Drawer<\/h1>\n        <\/div>\n    <\/div>\n\n\n<h2 class=\"wp-block-heading has-text-align-center has-large-font-size\" id=\"h-apg-cash-drawer-est-un-fabricant-mondial-de-solutions-de-gestion-de-tresorerie-au-service-d-une-grande-variete-de-clients-et-d-industries\">APG Cash Drawer est un fabricant mondial de solutions de gestion de tr\u00e9sorerie au service d&rsquo;une grande vari\u00e9t\u00e9 de clients et d&rsquo;industries.<\/h2>\n\n\n\n<p>Explorez les liens ci-dessous pour en savoir plus sur les tiroirs-caisses de la SGA :<\/p>\n\n\n\n<ul class=\"wp-block-list\">\n<li><a href=\"https:\/\/apgsolutions.com\/fr\/produits\/\">Produits APG<\/a><\/li>\n\n\n\n<li><a href=\"https:\/\/apgsolutions.com\/fr\/a-propos-de-la-societe-apg-cash-drawer\/\">Pourquoi choisir SGA Cash Drawer ?<\/a><\/li>\n\n\n\n<li><a href=\"https:\/\/apgsolutions.com\/fr\/press\/\">Salle de presse<\/a><\/li>\n\n\n\n<li><a href=\"https:\/\/apgsolutions.com\/fr\/ressources\/\">Ressources SGA<\/a><\/li>\n\n\n\n<li>En savoir plus sur nos <a href=\"https:\/\/apgsolutions.com\/fr\/distributeurs\/\">distributeurs<\/a><\/li>\n<\/ul>\n\n\n\n<p>Vous souhaitez devenir un partenaire privil\u00e9gi\u00e9 ? <a href=\"https:\/\/apgsolutions.com\/fr\/partenaires-internationaux\/\">Cliquez ici<\/a> pour en savoir plus.<\/p>\n\n\n\n<p>Ou n&rsquo;h\u00e9sitez pas \u00e0 <a href=\"https:\/\/apgsolutions.com\/fr\/nous-contacter\/\" target=\"_blank\" rel=\"noreferrer noopener\">nous contacter<\/a> pour toute question suppl\u00e9mentaire.<\/p>\n","protected":false},"excerpt":{"rendered":"<p>APG Cash Drawer est un fabricant mondial de solutions de gestion de tr\u00e9sorerie au service d&rsquo;une grande vari\u00e9t\u00e9 de clients et d&rsquo;industries. Explorez les liens ci-dessous pour en savoir plus sur les tiroirs-caisses de la SGA : Vous souhaitez devenir un partenaire privil\u00e9gi\u00e9 ? Cliquez ici pour en savoir plus. Ou n&rsquo;h\u00e9sitez pas \u00e0 nous [&hellip;]<\/p>\n","protected":false},"author":4,"featured_media":0,"parent":0,"menu_order":0,"comment_status":"closed","ping_status":"closed","template":"","meta":{"_acf_changed":false,"content-type":"","footnotes":""},"class_list":["post-92649","page","type-page","status-publish"],"yoast_head":"<!-- This site is optimized with the Yoast SEO Premium plugin v23.5 (Yoast SEO v27.2) - https:\/\/yoast.com\/product\/yoast-seo-premium-wordpress\/ -->\n<title>Merci d&#039;avoir visit\u00e9 SGA Cash Drawer - SGA Cash Drawer<\/title>\n<meta name=\"description\" content=\"Nous vous remercions de votre visite lors de nos salons. Vous souhaitez plus d&#039;informations ? Explorez les liens de cette page et apprenez-en plus sur les tiroirs-caisses SGA.\" \/>\n<meta name=\"robots\" content=\"index, follow, max-snippet:-1, max-image-preview:large, max-video-preview:-1\" \/>\n<link rel=\"canonical\" href=\"https:\/\/apgsolutions.com\/fr\/thank-you-for-visiting-apg-cash-drawer-at-our-booth\/\" \/>\n<meta property=\"og:locale\" content=\"fr_FR\" \/>\n<meta property=\"og:type\" content=\"article\" \/>\n<meta property=\"og:title\" content=\"Merci d&#039;avoir visit\u00e9 SGA Cash Drawer - SGA Cash Drawer\" \/>\n<meta property=\"og:description\" content=\"Nous vous remercions de votre visite lors de nos salons. Vous souhaitez plus d&#039;informations ? Explorez les liens de cette page et apprenez-en plus sur les tiroirs-caisses SGA.\" \/>\n<meta property=\"og:url\" content=\"https:\/\/apgsolutions.com\/fr\/thank-you-for-visiting-apg-cash-drawer-at-our-booth\/\" \/>\n<meta property=\"og:site_name\" content=\"apg\u00ae Solutions\" \/>\n<meta property=\"article:publisher\" content=\"https:\/\/www.facebook.com\/apgglobalsolutions\" \/>\n<meta property=\"article:modified_time\" content=\"2025-11-03T14:42:43+00:00\" \/>\n<meta name=\"twitter:card\" content=\"summary_large_image\" \/>\n<meta name=\"twitter:site\" content=\"@apg_solutions\" \/>\n<meta name=\"twitter:label1\" content=\"Dur\u00e9e de lecture estim\u00e9e\" \/>\n\t<meta name=\"twitter:data1\" content=\"1 minute\" \/>\n<script type=\"application\/ld+json\" class=\"yoast-schema-graph\">{\"@context\":\"https:\/\/schema.org\",\"@graph\":[{\"@type\":\"WebPage\",\"@id\":\"https:\/\/apgsolutions.com\/fr\/thank-you-for-visiting-apg-cash-drawer-at-our-booth\/\",\"url\":\"https:\/\/apgsolutions.com\/fr\/thank-you-for-visiting-apg-cash-drawer-at-our-booth\/\",\"name\":\"Merci d'avoir visit\u00e9 SGA Cash Drawer - SGA Cash Drawer\",\"isPartOf\":{\"@id\":\"https:\/\/apgsolutions.com\/fr\/#website\"},\"datePublished\":\"2025-09-09T07:51:40+00:00\",\"dateModified\":\"2025-11-03T14:42:43+00:00\",\"description\":\"Nous vous remercions de votre visite lors de nos salons. Vous souhaitez plus d'informations ? Explorez les liens de cette page et apprenez-en plus sur les tiroirs-caisses SGA.\",\"inLanguage\":\"fr-FR\",\"potentialAction\":[{\"@type\":\"ReadAction\",\"target\":[\"https:\/\/apgsolutions.com\/fr\/thank-you-for-visiting-apg-cash-drawer-at-our-booth\/\"]}]},{\"@type\":\"WebSite\",\"@id\":\"https:\/\/apgsolutions.com\/fr\/#website\",\"url\":\"https:\/\/apgsolutions.com\/fr\/\",\"name\":\"APG Solutions, LLC\",\"description\":\"Trust at every point.\",\"publisher\":{\"@id\":\"https:\/\/apgsolutions.com\/fr\/#organization\"},\"potentialAction\":[{\"@type\":\"SearchAction\",\"target\":{\"@type\":\"EntryPoint\",\"urlTemplate\":\"https:\/\/apgsolutions.com\/fr\/?s={search_term_string}\"},\"query-input\":{\"@type\":\"PropertyValueSpecification\",\"valueRequired\":true,\"valueName\":\"search_term_string\"}}],\"inLanguage\":\"fr-FR\"},{\"@type\":\"Organization\",\"@id\":\"https:\/\/apgsolutions.com\/fr\/#organization\",\"name\":\"APG Solution, LLC\",\"url\":\"https:\/\/apgsolutions.com\/fr\/\",\"logo\":{\"@type\":\"ImageObject\",\"inLanguage\":\"fr-FR\",\"@id\":\"https:\/\/apgsolutions.com\/fr\/#\/schema\/logo\/image\/\",\"url\":\"https:\/\/apgsolutions.com\/wp-content\/uploads\/2023\/12\/logomark-color.svg\",\"contentUrl\":\"https:\/\/apgsolutions.com\/wp-content\/uploads\/2023\/12\/logomark-color.svg\",\"width\":141,\"height\":138,\"caption\":\"APG Solution, LLC\"},\"image\":{\"@id\":\"https:\/\/apgsolutions.com\/fr\/#\/schema\/logo\/image\/\"},\"sameAs\":[\"https:\/\/www.facebook.com\/apgglobalsolutions\",\"https:\/\/x.com\/apg_solutions\",\"https:\/\/www.youtube.com\/c\/CashManagementGlobalSolutionsbyapg\",\"https:\/\/www.linkedin.com\/company\/apgglobalsolutions\/\",\"https:\/\/www.instagram.com\/apgglobalsolutions\/\",\"https:\/\/www.pinterest.com\/apgcashdrawer\/\"]}]}<\/script>\n<!-- \/ Yoast SEO Premium plugin. -->","yoast_head_json":{"title":"Merci d'avoir visit\u00e9 SGA Cash Drawer - SGA Cash Drawer","description":"Nous vous remercions de votre visite lors de nos salons. Vous souhaitez plus d'informations ? Explorez les liens de cette page et apprenez-en plus sur les tiroirs-caisses SGA.","robots":{"index":"index","follow":"follow","max-snippet":"max-snippet:-1","max-image-preview":"max-image-preview:large","max-video-preview":"max-video-preview:-1"},"canonical":"https:\/\/apgsolutions.com\/fr\/thank-you-for-visiting-apg-cash-drawer-at-our-booth\/","og_locale":"fr_FR","og_type":"article","og_title":"Merci d'avoir visit\u00e9 SGA Cash Drawer - SGA Cash Drawer","og_description":"Nous vous remercions de votre visite lors de nos salons. Vous souhaitez plus d'informations ? Explorez les liens de cette page et apprenez-en plus sur les tiroirs-caisses SGA.","og_url":"https:\/\/apgsolutions.com\/fr\/thank-you-for-visiting-apg-cash-drawer-at-our-booth\/","og_site_name":"apg\u00ae Solutions","article_publisher":"https:\/\/www.facebook.com\/apgglobalsolutions","article_modified_time":"2025-11-03T14:42:43+00:00","twitter_card":"summary_large_image","twitter_site":"@apg_solutions","twitter_misc":{"Dur\u00e9e de lecture estim\u00e9e":"1 minute"},"schema":{"@context":"https:\/\/schema.org","@graph":[{"@type":"WebPage","@id":"https:\/\/apgsolutions.com\/fr\/thank-you-for-visiting-apg-cash-drawer-at-our-booth\/","url":"https:\/\/apgsolutions.com\/fr\/thank-you-for-visiting-apg-cash-drawer-at-our-booth\/","name":"Merci d'avoir visit\u00e9 SGA Cash Drawer - SGA Cash Drawer","isPartOf":{"@id":"https:\/\/apgsolutions.com\/fr\/#website"},"datePublished":"2025-09-09T07:51:40+00:00","dateModified":"2025-11-03T14:42:43+00:00","description":"Nous vous remercions de votre visite lors de nos salons. Vous souhaitez plus d'informations ? Explorez les liens de cette page et apprenez-en plus sur les tiroirs-caisses SGA.","inLanguage":"fr-FR","potentialAction":[{"@type":"ReadAction","target":["https:\/\/apgsolutions.com\/fr\/thank-you-for-visiting-apg-cash-drawer-at-our-booth\/"]}]},{"@type":"WebSite","@id":"https:\/\/apgsolutions.com\/fr\/#website","url":"https:\/\/apgsolutions.com\/fr\/","name":"APG Solutions, LLC","description":"Trust at every point.","publisher":{"@id":"https:\/\/apgsolutions.com\/fr\/#organization"},"potentialAction":[{"@type":"SearchAction","target":{"@type":"EntryPoint","urlTemplate":"https:\/\/apgsolutions.com\/fr\/?s={search_term_string}"},"query-input":{"@type":"PropertyValueSpecification","valueRequired":true,"valueName":"search_term_string"}}],"inLanguage":"fr-FR"},{"@type":"Organization","@id":"https:\/\/apgsolutions.com\/fr\/#organization","name":"APG Solution, LLC","url":"https:\/\/apgsolutions.com\/fr\/","logo":{"@type":"ImageObject","inLanguage":"fr-FR","@id":"https:\/\/apgsolutions.com\/fr\/#\/schema\/logo\/image\/","url":"https:\/\/apgsolutions.com\/wp-content\/uploads\/2023\/12\/logomark-color.svg","contentUrl":"https:\/\/apgsolutions.com\/wp-content\/uploads\/2023\/12\/logomark-color.svg","width":141,"height":138,"caption":"APG Solution, LLC"},"image":{"@id":"https:\/\/apgsolutions.com\/fr\/#\/schema\/logo\/image\/"},"sameAs":["https:\/\/www.facebook.com\/apgglobalsolutions","https:\/\/x.com\/apg_solutions","https:\/\/www.youtube.com\/c\/CashManagementGlobalSolutionsbyapg","https:\/\/www.linkedin.com\/company\/apgglobalsolutions\/","https:\/\/www.instagram.com\/apgglobalsolutions\/","https:\/\/www.pinterest.com\/apgcashdrawer\/"]}]}},"acf":[],"_links":{"self":[{"href":"https:\/\/apgsolutions.com\/fr\/wp-json\/wp\/v2\/pages\/92649","targetHints":{"allow":["GET"]}}],"collection":[{"href":"https:\/\/apgsolutions.com\/fr\/wp-json\/wp\/v2\/pages"}],"about":[{"href":"https:\/\/apgsolutions.com\/fr\/wp-json\/wp\/v2\/types\/page"}],"author":[{"embeddable":true,"href":"https:\/\/apgsolutions.com\/fr\/wp-json\/wp\/v2\/users\/4"}],"replies":[{"embeddable":true,"href":"https:\/\/apgsolutions.com\/fr\/wp-json\/wp\/v2\/comments?post=92649"}],"version-history":[{"count":2,"href":"https:\/\/apgsolutions.com\/fr\/wp-json\/wp\/v2\/pages\/92649\/revisions"}],"predecessor-version":[{"id":96711,"href":"https:\/\/apgsolutions.com\/fr\/wp-json\/wp\/v2\/pages\/92649\/revisions\/96711"}],"wp:attachment":[{"href":"https:\/\/apgsolutions.com\/fr\/wp-json\/wp\/v2\/media?parent=92649"}],"curies":[{"name":"wp","href":"https:\/\/api.w.org\/{rel}","templated":true}]}}