{"id":92688,"date":"2025-09-09T08:59:47","date_gmt":"2025-09-09T08:59:47","guid":{"rendered":"https:\/\/apgsolutions.com\/squirrel-systems-cash-drawer-solutions\/"},"modified":"2026-01-23T10:50:36","modified_gmt":"2026-01-23T10:50:36","slug":"squirrel-systems-cash-drawer-solutions","status":"publish","type":"page","link":"https:\/\/apgsolutions.com\/fr\/squirrel-systems-cash-drawer-solutions\/","title":{"rendered":"Solutions de tiroirs-caisses Squirrel Systems"},"content":{"rendered":"<div class=\"section_page-header \">\n    <img decoding=\"async\" class=\"header-image\" src=\"https:\/\/apgsolutions.com\/wp-content\/uploads\/2023\/04\/dark-blue-rotated.jpg\" alt=\"dark-blue\" title=\"dark-blue\">\n            <div class=\"header-content\">\n            <h1>Squirrel Systems Cash Drawer Solutions<\/h1>\n        <\/div>\n    <\/div><div class=\"wp-block-image\">\n<figure class=\"aligncenter size-full\"><img fetchpriority=\"high\" decoding=\"async\" width=\"300\" height=\"180\" src=\"https:\/\/apgsolutions.com\/wp-content\/uploads\/2023\/05\/squirrel-systems-logo-300x180-1.png\" alt=\"logo de l'&#xE9;cureuil\" class=\"wp-image-3282\"\/><\/figure>\n<\/div>\n<p>APG offre une grande vari\u00e9t\u00e9 de tiroirs-caisses pour tous les types d&rsquo;environnements POS. Squirrel Systems et APG travaillent ensemble depuis longtemps pour fournir une solution mat\u00e9rielle POS robuste avec un faible co\u00fbt total de possession. Pour en savoir plus, visitez notre site <a href=\"https:\/\/apgsolutions.com\/\">www.cashdrawer.com.<\/a>  <\/p>\n\n<h2 class=\"wp-block-heading has-text-align-center\" id=\"h-series-100-cash-drawer\">Tiroir-caisse s\u00e9rie 100<\/h2>\n\n<h3 class=\"wp-block-heading\">Une solution efficace qui augmente l&rsquo;efficacit\u00e9 de votre poste de travail.<\/h3>\n\n<p>De petite taille, le tiroir-caisse de la s\u00e9rie 100 d&rsquo;APG ne compromet pas l&rsquo;efficacit\u00e9. En fait, il l&rsquo;am\u00e9liore, augmentant ainsi l&rsquo;efficacit\u00e9 de votre poste de travail.  Con\u00e7ue autour d&rsquo;une caisse de taille normale, l&#8217;empreinte \u00e9troite de la s\u00e9rie 100 minimise l&rsquo;espace de comptoir n\u00e9cessaire. Un compartiment profond sous le basculeur permet de ranger les rouleaux de pi\u00e8ces de monnaie et les billets emball\u00e9s. Un s\u00e9parateur de fentes r\u00e9glable permet de s\u00e9parer et d&rsquo;organiser les diff\u00e9rents types de supports. <\/p>\n\n<p>Avec des caract\u00e9ristiques telles que des glissi\u00e8res \u00e0 roulement \u00e0 billes en acier et un m\u00e9canisme de verrouillage robuste, la s\u00e9rie 100 a fait ses preuves au-del\u00e0 de 4 millions de cycles. La conception durable de la caisse et la finition en peinture poudre r\u00e9sistent aux abus, m\u00eame dans les environnements les plus difficiles. Des options de taille, de couleur, d&rsquo;interface, d&rsquo;accessoires et de configuration compl\u00e8tent la solution de la s\u00e9rie 100.  <\/p>\n\n<p><strong>T\u00e9l\u00e9chargements PDF :<\/strong><\/p>\n\n<p><a href=\"\/wp-content\/uploads\/2023\/05\/M-43-001-Rev.-I-Series-100-English_WEB-1.pdf\">S\u00e9rie 100 Brochure<\/a><br\/><a href=\"\/wp-content\/uploads\/2023\/05\/M-423_RevA.pdf\">Instructions d&rsquo;utilisation et de maintenance de la s\u00e9rie 100<\/a><br\/><a href=\"\/wp-content\/uploads\/2023\/04\/M-43-021-Rev.-M-Performance-Accessories-Guide_WEB.pdf\">Guide des accessoires de performance<\/a><br\/><a href=\"\/wp-content\/uploads\/2023\/04\/M-43-118-Rev.-E-Coin-Cups_web.pdf\">Brochure sur les gobelets pesants pour pi\u00e8ces de monnaie<\/a><\/p>\n\n<h2 class=\"wp-block-heading has-text-align-center\" id=\"h-vasario-cash-drawer\">Tiroir-caisse Vasario\u2122<\/h2>\n\n<h3 class=\"wp-block-heading\">La solution parfaite pour les applications qui ne peuvent \u00eatre trait\u00e9es avec un tiroir-caisse standard.<\/h3>\n\n<p>La s\u00e9rie Vasario est un choix \u00e9conomique qui ne sacrifie ni la qualit\u00e9 ni la fiabilit\u00e9. Chaque membre de la famille des tiroirs-caisses Vasario est propos\u00e9 \u00e0 un prix comp\u00e9titif et comprend des caract\u00e9ristiques, telles que des serrures multifonctions et des rapports sur l&rsquo;\u00e9tat du tiroir, que l&rsquo;on trouve dans des tiroirs-caisses plus on\u00e9reux.  Une vari\u00e9t\u00e9 de mod\u00e8les avec un large \u00e9ventail de tailles, de styles, de couleurs, d&rsquo;interfaces et d&rsquo;options de configuration de la caisse sont disponibles pour r\u00e9pondre \u00e0 vos besoins sp\u00e9cifiques.<\/p>\n\n<p><strong>T\u00e9l\u00e9chargements PDF :<\/strong><\/p>\n\n<p><a href=\"\/wp-content\/uploads\/2023\/05\/M-43-026-Rev.-J-Vasario-Series-English-1.pdf\">Brochure Vasario<\/a><br\/><a href=\"\/wp-content\/uploads\/2023\/05\/M-43-024-Rev.-K-Standard-Accessories-Guide_WEB.pdf\">Brochure sur les accessoires standard<\/a><br\/><a href=\"\/wp-content\/uploads\/2023\/04\/M-43-118-Rev.-E-Coin-Cups_web.pdf\">Brochure sur les gobelets pesants pour pi\u00e8ces de monnaie<\/a><\/p>\n","protected":false},"excerpt":{"rendered":"<p>APG offre une grande vari\u00e9t\u00e9 de tiroirs-caisses pour tous les types d&rsquo;environnements POS. Squirrel Systems et APG travaillent ensemble depuis longtemps pour fournir une solution mat\u00e9rielle POS robuste avec un faible co\u00fbt total de possession. Pour en savoir plus, visitez notre site www.cashdrawer.com. Tiroir-caisse s\u00e9rie 100 Une solution efficace qui augmente l&rsquo;efficacit\u00e9 de votre poste [&hellip;]<\/p>\n","protected":false},"author":4,"featured_media":0,"parent":0,"menu_order":0,"comment_status":"closed","ping_status":"closed","template":"","meta":{"_acf_changed":false,"content-type":"","footnotes":""},"class_list":["post-92688","page","type-page","status-publish"],"yoast_head":"<!-- This site is optimized with the Yoast SEO Premium plugin v23.5 (Yoast SEO v27.2) - https:\/\/yoast.com\/product\/yoast-seo-premium-wordpress\/ -->\n<title>Solutions de tiroirs-caisses Squirrel Systems<\/title>\n<meta name=\"description\" content=\"Options de tiroirs-caisses APG pour Squirrel Systems POS. Des int\u00e9grations fiables pour les environnements h\u00f4teliers.\" \/>\n<meta name=\"robots\" content=\"index, follow, max-snippet:-1, max-image-preview:large, max-video-preview:-1\" \/>\n<link rel=\"canonical\" href=\"https:\/\/apgsolutions.com\/fr\/squirrel-systems-cash-drawer-solutions\/\" \/>\n<meta property=\"og:locale\" content=\"fr_FR\" \/>\n<meta property=\"og:type\" content=\"article\" \/>\n<meta property=\"og:title\" content=\"Solutions de tiroirs-caisses Squirrel Systems\" \/>\n<meta property=\"og:description\" content=\"Options de tiroirs-caisses APG pour Squirrel Systems POS. Des int\u00e9grations fiables pour les environnements h\u00f4teliers.\" \/>\n<meta property=\"og:url\" content=\"https:\/\/apgsolutions.com\/fr\/squirrel-systems-cash-drawer-solutions\/\" \/>\n<meta property=\"og:site_name\" content=\"apg\u00ae Solutions\" \/>\n<meta property=\"article:publisher\" content=\"https:\/\/www.facebook.com\/apgglobalsolutions\" \/>\n<meta property=\"article:modified_time\" content=\"2026-01-23T10:50:36+00:00\" \/>\n<meta property=\"og:image\" content=\"https:\/\/apgsolutions.com\/wp-content\/uploads\/2023\/05\/squirrel-systems-logo-300x180-1.png\" \/>\n<meta name=\"twitter:card\" content=\"summary_large_image\" \/>\n<meta name=\"twitter:site\" content=\"@apg_solutions\" \/>\n<meta name=\"twitter:label1\" content=\"Dur\u00e9e de lecture estim\u00e9e\" \/>\n\t<meta name=\"twitter:data1\" content=\"2 minutes\" \/>\n<script type=\"application\/ld+json\" class=\"yoast-schema-graph\">{\"@context\":\"https:\/\/schema.org\",\"@graph\":[{\"@type\":\"WebPage\",\"@id\":\"https:\/\/apgsolutions.com\/fr\/squirrel-systems-cash-drawer-solutions\/\",\"url\":\"https:\/\/apgsolutions.com\/fr\/squirrel-systems-cash-drawer-solutions\/\",\"name\":\"Solutions de tiroirs-caisses Squirrel Systems\",\"isPartOf\":{\"@id\":\"https:\/\/apgsolutions.com\/fr\/#website\"},\"primaryImageOfPage\":{\"@id\":\"https:\/\/apgsolutions.com\/fr\/squirrel-systems-cash-drawer-solutions\/#primaryimage\"},\"image\":{\"@id\":\"https:\/\/apgsolutions.com\/fr\/squirrel-systems-cash-drawer-solutions\/#primaryimage\"},\"thumbnailUrl\":\"https:\/\/apgsolutions.com\/wp-content\/uploads\/2023\/05\/squirrel-systems-logo-300x180-1.png\",\"datePublished\":\"2025-09-09T08:59:47+00:00\",\"dateModified\":\"2026-01-23T10:50:36+00:00\",\"description\":\"Options de tiroirs-caisses APG pour Squirrel Systems POS. Des int\u00e9grations fiables pour les environnements h\u00f4teliers.\",\"inLanguage\":\"fr-FR\",\"potentialAction\":[{\"@type\":\"ReadAction\",\"target\":[\"https:\/\/apgsolutions.com\/fr\/squirrel-systems-cash-drawer-solutions\/\"]}]},{\"@type\":\"ImageObject\",\"inLanguage\":\"fr-FR\",\"@id\":\"https:\/\/apgsolutions.com\/fr\/squirrel-systems-cash-drawer-solutions\/#primaryimage\",\"url\":\"https:\/\/apgsolutions.com\/wp-content\/uploads\/2023\/05\/squirrel-systems-logo-300x180-1.png\",\"contentUrl\":\"https:\/\/apgsolutions.com\/wp-content\/uploads\/2023\/05\/squirrel-systems-logo-300x180-1.png\"},{\"@type\":\"WebSite\",\"@id\":\"https:\/\/apgsolutions.com\/fr\/#website\",\"url\":\"https:\/\/apgsolutions.com\/fr\/\",\"name\":\"APG Solutions, LLC\",\"description\":\"Trust at every point.\",\"publisher\":{\"@id\":\"https:\/\/apgsolutions.com\/fr\/#organization\"},\"potentialAction\":[{\"@type\":\"SearchAction\",\"target\":{\"@type\":\"EntryPoint\",\"urlTemplate\":\"https:\/\/apgsolutions.com\/fr\/?s={search_term_string}\"},\"query-input\":{\"@type\":\"PropertyValueSpecification\",\"valueRequired\":true,\"valueName\":\"search_term_string\"}}],\"inLanguage\":\"fr-FR\"},{\"@type\":\"Organization\",\"@id\":\"https:\/\/apgsolutions.com\/fr\/#organization\",\"name\":\"APG Solution, LLC\",\"url\":\"https:\/\/apgsolutions.com\/fr\/\",\"logo\":{\"@type\":\"ImageObject\",\"inLanguage\":\"fr-FR\",\"@id\":\"https:\/\/apgsolutions.com\/fr\/#\/schema\/logo\/image\/\",\"url\":\"https:\/\/apgsolutions.com\/wp-content\/uploads\/2023\/12\/logomark-color.svg\",\"contentUrl\":\"https:\/\/apgsolutions.com\/wp-content\/uploads\/2023\/12\/logomark-color.svg\",\"width\":141,\"height\":138,\"caption\":\"APG Solution, LLC\"},\"image\":{\"@id\":\"https:\/\/apgsolutions.com\/fr\/#\/schema\/logo\/image\/\"},\"sameAs\":[\"https:\/\/www.facebook.com\/apgglobalsolutions\",\"https:\/\/x.com\/apg_solutions\",\"https:\/\/www.youtube.com\/c\/CashManagementGlobalSolutionsbyapg\",\"https:\/\/www.linkedin.com\/company\/apgglobalsolutions\/\",\"https:\/\/www.instagram.com\/apgglobalsolutions\/\",\"https:\/\/www.pinterest.com\/apgcashdrawer\/\"]}]}<\/script>\n<!-- \/ Yoast SEO Premium plugin. -->","yoast_head_json":{"title":"Solutions de tiroirs-caisses Squirrel Systems","description":"Options de tiroirs-caisses APG pour Squirrel Systems POS. Des int\u00e9grations fiables pour les environnements h\u00f4teliers.","robots":{"index":"index","follow":"follow","max-snippet":"max-snippet:-1","max-image-preview":"max-image-preview:large","max-video-preview":"max-video-preview:-1"},"canonical":"https:\/\/apgsolutions.com\/fr\/squirrel-systems-cash-drawer-solutions\/","og_locale":"fr_FR","og_type":"article","og_title":"Solutions de tiroirs-caisses Squirrel Systems","og_description":"Options de tiroirs-caisses APG pour Squirrel Systems POS. Des int\u00e9grations fiables pour les environnements h\u00f4teliers.","og_url":"https:\/\/apgsolutions.com\/fr\/squirrel-systems-cash-drawer-solutions\/","og_site_name":"apg\u00ae Solutions","article_publisher":"https:\/\/www.facebook.com\/apgglobalsolutions","article_modified_time":"2026-01-23T10:50:36+00:00","og_image":[{"url":"https:\/\/apgsolutions.com\/wp-content\/uploads\/2023\/05\/squirrel-systems-logo-300x180-1.png","type":"","width":"","height":""}],"twitter_card":"summary_large_image","twitter_site":"@apg_solutions","twitter_misc":{"Dur\u00e9e de lecture estim\u00e9e":"2 minutes"},"schema":{"@context":"https:\/\/schema.org","@graph":[{"@type":"WebPage","@id":"https:\/\/apgsolutions.com\/fr\/squirrel-systems-cash-drawer-solutions\/","url":"https:\/\/apgsolutions.com\/fr\/squirrel-systems-cash-drawer-solutions\/","name":"Solutions de tiroirs-caisses Squirrel Systems","isPartOf":{"@id":"https:\/\/apgsolutions.com\/fr\/#website"},"primaryImageOfPage":{"@id":"https:\/\/apgsolutions.com\/fr\/squirrel-systems-cash-drawer-solutions\/#primaryimage"},"image":{"@id":"https:\/\/apgsolutions.com\/fr\/squirrel-systems-cash-drawer-solutions\/#primaryimage"},"thumbnailUrl":"https:\/\/apgsolutions.com\/wp-content\/uploads\/2023\/05\/squirrel-systems-logo-300x180-1.png","datePublished":"2025-09-09T08:59:47+00:00","dateModified":"2026-01-23T10:50:36+00:00","description":"Options de tiroirs-caisses APG pour Squirrel Systems POS. Des int\u00e9grations fiables pour les environnements h\u00f4teliers.","inLanguage":"fr-FR","potentialAction":[{"@type":"ReadAction","target":["https:\/\/apgsolutions.com\/fr\/squirrel-systems-cash-drawer-solutions\/"]}]},{"@type":"ImageObject","inLanguage":"fr-FR","@id":"https:\/\/apgsolutions.com\/fr\/squirrel-systems-cash-drawer-solutions\/#primaryimage","url":"https:\/\/apgsolutions.com\/wp-content\/uploads\/2023\/05\/squirrel-systems-logo-300x180-1.png","contentUrl":"https:\/\/apgsolutions.com\/wp-content\/uploads\/2023\/05\/squirrel-systems-logo-300x180-1.png"},{"@type":"WebSite","@id":"https:\/\/apgsolutions.com\/fr\/#website","url":"https:\/\/apgsolutions.com\/fr\/","name":"APG Solutions, LLC","description":"Trust at every point.","publisher":{"@id":"https:\/\/apgsolutions.com\/fr\/#organization"},"potentialAction":[{"@type":"SearchAction","target":{"@type":"EntryPoint","urlTemplate":"https:\/\/apgsolutions.com\/fr\/?s={search_term_string}"},"query-input":{"@type":"PropertyValueSpecification","valueRequired":true,"valueName":"search_term_string"}}],"inLanguage":"fr-FR"},{"@type":"Organization","@id":"https:\/\/apgsolutions.com\/fr\/#organization","name":"APG Solution, LLC","url":"https:\/\/apgsolutions.com\/fr\/","logo":{"@type":"ImageObject","inLanguage":"fr-FR","@id":"https:\/\/apgsolutions.com\/fr\/#\/schema\/logo\/image\/","url":"https:\/\/apgsolutions.com\/wp-content\/uploads\/2023\/12\/logomark-color.svg","contentUrl":"https:\/\/apgsolutions.com\/wp-content\/uploads\/2023\/12\/logomark-color.svg","width":141,"height":138,"caption":"APG Solution, LLC"},"image":{"@id":"https:\/\/apgsolutions.com\/fr\/#\/schema\/logo\/image\/"},"sameAs":["https:\/\/www.facebook.com\/apgglobalsolutions","https:\/\/x.com\/apg_solutions","https:\/\/www.youtube.com\/c\/CashManagementGlobalSolutionsbyapg","https:\/\/www.linkedin.com\/company\/apgglobalsolutions\/","https:\/\/www.instagram.com\/apgglobalsolutions\/","https:\/\/www.pinterest.com\/apgcashdrawer\/"]}]}},"acf":[],"_links":{"self":[{"href":"https:\/\/apgsolutions.com\/fr\/wp-json\/wp\/v2\/pages\/92688","targetHints":{"allow":["GET"]}}],"collection":[{"href":"https:\/\/apgsolutions.com\/fr\/wp-json\/wp\/v2\/pages"}],"about":[{"href":"https:\/\/apgsolutions.com\/fr\/wp-json\/wp\/v2\/types\/page"}],"author":[{"embeddable":true,"href":"https:\/\/apgsolutions.com\/fr\/wp-json\/wp\/v2\/users\/4"}],"replies":[{"embeddable":true,"href":"https:\/\/apgsolutions.com\/fr\/wp-json\/wp\/v2\/comments?post=92688"}],"version-history":[{"count":4,"href":"https:\/\/apgsolutions.com\/fr\/wp-json\/wp\/v2\/pages\/92688\/revisions"}],"predecessor-version":[{"id":99279,"href":"https:\/\/apgsolutions.com\/fr\/wp-json\/wp\/v2\/pages\/92688\/revisions\/99279"}],"wp:attachment":[{"href":"https:\/\/apgsolutions.com\/fr\/wp-json\/wp\/v2\/media?parent=92688"}],"curies":[{"name":"wp","href":"https:\/\/api.w.org\/{rel}","templated":true}]}}