{"id":92741,"date":"2025-09-11T08:20:28","date_gmt":"2025-09-11T08:20:28","guid":{"rendered":"https:\/\/apgsolutions.com\/software-development-kits\/"},"modified":"2025-11-03T14:28:27","modified_gmt":"2025-11-03T14:28:27","slug":"software-development-kits","status":"publish","type":"page","link":"https:\/\/apgsolutions.com\/fr\/software-development-kits\/","title":{"rendered":"T\u00e9l\u00e9chargements de pilotes de tiroirs-caisses et de SDK"},"content":{"rendered":"<div class=\"section_page-header \">\n    <img decoding=\"async\" class=\"header-image\" src=\"https:\/\/apgsolutions.com\/wp-content\/uploads\/2023\/04\/dark-blue-rotated.jpg\" alt=\"dark-blue\" title=\"dark-blue\">\n            <div class=\"header-content\">\n            <h1>T\u00e9l\u00e9chargements de pilotes de tiroirs-caisses et de SDK<\/h1>\n        <\/div>\n    <\/div>\n\n\n<h2 class=\"wp-block-heading has-text-align-center has-large-font-size\" id=\"h-telechargements-de-pilotes-de-tiroirs-caisses-et-de-sdk\">T\u00e9l\u00e9chargements de pilotes de tiroirs-caisses et de SDK<\/h2>\n\n\n\n<p><strong>\u00cates-vous un d\u00e9veloppeur de logiciels ? Si c&rsquo;est le cas, <a href=\"https:\/\/apgsolutions.com\/fr\/software-driver-kits\/\">visitez plut\u00f4t cette page.<\/a> <\/strong><\/p>\n\n\n\n<p>Les tiroirs-caisses apg\u00ae peuvent \u00eatre \u00e9quip\u00e9s d&rsquo;une vari\u00e9t\u00e9 d&rsquo;interfaces diff\u00e9rentes afin de s&rsquo;assurer qu&rsquo;ils communiquent correctement avec d&rsquo;autres mat\u00e9riels et logiciels de <a href=\"https:\/\/apgsolutions.com\/fr\/produits\/\">point de vente<\/a>. Nous ne fournissons pas de pilotes pour les tiroirs-caisses tels que les interfaces 320-24vdc, 420-12vdc, 520-12\/24vdc. Ces tiroirs sont connect\u00e9s et contr\u00f4l\u00e9s par des imprimantes de re\u00e7us POS ou des terminaux POS. Consultez le fabricant de votre imprimante ou de votre terminal pour conna\u00eetre les pilotes\/codes. Consultez les options de tiroirs-caisses ci-dessous et t\u00e9l\u00e9chargez ce dont vous avez besoin pour votre magasin !<\/p>\n\n\n\n<p>554A USBPro : <a href=\"https:\/\/cashdrawer.sharefile.com\/d-s8292426c31344c3a\">https:\/\/cashdrawer.sharefile.com\/d-s8292426c31344c3a<\/a><br>554B USBPro : <a href=\"https:\/\/cashdrawer.sharefile.com\/d-s28a2b9aa3d041fbb\">https:\/\/cashdrawer.sharefile.com\/d-s28a2b9aa3d041fbb<\/a><br>484A SerialPRO : <a href=\"https:\/\/cashdrawer.sharefile.com\/d-s4dbbf4b58ad431e8\">https:\/\/cashdrawer.sharefile.com\/d-s4dbbf4b58ad431e8<\/a><br>485 USBProLite : <a href=\"https:\/\/cashdrawer.sharefile.com\/d-sa79027af2d74b3d9\">https:\/\/cashdrawer.sharefile.com\/d-sa79027af2d74b3d9<\/a><br>480A\/490A NetPRO : <a href=\"https:\/\/cashdrawer.sharefile.com\/d-s2fafd0bd4eb4665b\">https:\/\/cashdrawer.sharefile.com\/d-s2fafd0bd4eb4665b<\/a><br>486\/496 NetPRO Auth+Encrypt :<a href=\"https:\/\/cashdrawer.sharefile.com\/d-s8665bbbaac34c13a\"> https:\/\/cashdrawer.sharefile.com\/d-s8665bbbaac34c13a<\/a><br>470 NetPRO <a href=\"https:\/\/cashdrawer.sharefile.com\/d-s3474fcfe2874909a\">: https:\/\/cashdrawer.sharefile.com\/d-s3474fcfe2874909a<\/a><\/p>\n\n\n\n<p>Si vous avez des questions, n&rsquo;h\u00e9sitez pas \u00e0 nous contacter \u00e0 l&rsquo;adresse <a href=\"mailto:support@us.cashdrawer.com\">suivante : support@us.cashdrawer.com<\/a><\/p>\n","protected":false},"excerpt":{"rendered":"<p>T\u00e9l\u00e9chargements de pilotes de tiroirs-caisses et de SDK \u00cates-vous un d\u00e9veloppeur de logiciels ? Si c&rsquo;est le cas, visitez plut\u00f4t cette page. Les tiroirs-caisses apg\u00ae peuvent \u00eatre \u00e9quip\u00e9s d&rsquo;une vari\u00e9t\u00e9 d&rsquo;interfaces diff\u00e9rentes afin de s&rsquo;assurer qu&rsquo;ils communiquent correctement avec d&rsquo;autres mat\u00e9riels et logiciels de point de vente. Nous ne fournissons pas de pilotes pour les [&hellip;]<\/p>\n","protected":false},"author":4,"featured_media":0,"parent":0,"menu_order":0,"comment_status":"closed","ping_status":"closed","template":"","meta":{"_acf_changed":false,"content-type":"","footnotes":""},"class_list":["post-92741","page","type-page","status-publish"],"yoast_head":"<!-- This site is optimized with the Yoast SEO Premium plugin v23.5 (Yoast SEO v27.2) - https:\/\/yoast.com\/product\/yoast-seo-premium-wordpress\/ -->\n<title>T\u00e9l\u00e9chargements de pilotes de tiroirs-caisses et de SDK<\/title>\n<meta name=\"description\" content=\"Vous recherchez des pilotes de tiroirs-caisses et des SDK ? Consultez les options de pilotes ci-dessous et t\u00e9l\u00e9chargez ce dont vous avez besoin pour votre magasin !\" \/>\n<meta name=\"robots\" content=\"index, follow, max-snippet:-1, max-image-preview:large, max-video-preview:-1\" \/>\n<link rel=\"canonical\" href=\"https:\/\/apgsolutions.com\/fr\/software-development-kits\/\" \/>\n<meta property=\"og:locale\" content=\"fr_FR\" \/>\n<meta property=\"og:type\" content=\"article\" \/>\n<meta property=\"og:title\" content=\"T\u00e9l\u00e9chargements de pilotes de tiroirs-caisses et de SDK\" \/>\n<meta property=\"og:description\" content=\"Vous recherchez des pilotes de tiroirs-caisses et des SDK ? Consultez les options de pilotes ci-dessous et t\u00e9l\u00e9chargez ce dont vous avez besoin pour votre magasin !\" \/>\n<meta property=\"og:url\" content=\"https:\/\/apgsolutions.com\/fr\/software-development-kits\/\" \/>\n<meta property=\"og:site_name\" content=\"apg\u00ae Solutions\" \/>\n<meta property=\"article:publisher\" content=\"https:\/\/www.facebook.com\/apgglobalsolutions\" \/>\n<meta property=\"article:modified_time\" content=\"2025-11-03T14:28:27+00:00\" \/>\n<meta name=\"twitter:card\" content=\"summary_large_image\" \/>\n<meta name=\"twitter:site\" content=\"@apg_solutions\" \/>\n<meta name=\"twitter:label1\" content=\"Dur\u00e9e de lecture estim\u00e9e\" \/>\n\t<meta name=\"twitter:data1\" content=\"1 minute\" \/>\n<script type=\"application\/ld+json\" class=\"yoast-schema-graph\">{\"@context\":\"https:\/\/schema.org\",\"@graph\":[{\"@type\":\"WebPage\",\"@id\":\"https:\/\/apgsolutions.com\/fr\/software-development-kits\/\",\"url\":\"https:\/\/apgsolutions.com\/fr\/software-development-kits\/\",\"name\":\"T\u00e9l\u00e9chargements de pilotes de tiroirs-caisses et de SDK\",\"isPartOf\":{\"@id\":\"https:\/\/apgsolutions.com\/fr\/#website\"},\"datePublished\":\"2025-09-11T08:20:28+00:00\",\"dateModified\":\"2025-11-03T14:28:27+00:00\",\"description\":\"Vous recherchez des pilotes de tiroirs-caisses et des SDK ? Consultez les options de pilotes ci-dessous et t\u00e9l\u00e9chargez ce dont vous avez besoin pour votre magasin !\",\"inLanguage\":\"fr-FR\",\"potentialAction\":[{\"@type\":\"ReadAction\",\"target\":[\"https:\/\/apgsolutions.com\/fr\/software-development-kits\/\"]}]},{\"@type\":\"WebSite\",\"@id\":\"https:\/\/apgsolutions.com\/fr\/#website\",\"url\":\"https:\/\/apgsolutions.com\/fr\/\",\"name\":\"APG Solutions, LLC\",\"description\":\"Trust at every point.\",\"publisher\":{\"@id\":\"https:\/\/apgsolutions.com\/fr\/#organization\"},\"potentialAction\":[{\"@type\":\"SearchAction\",\"target\":{\"@type\":\"EntryPoint\",\"urlTemplate\":\"https:\/\/apgsolutions.com\/fr\/?s={search_term_string}\"},\"query-input\":{\"@type\":\"PropertyValueSpecification\",\"valueRequired\":true,\"valueName\":\"search_term_string\"}}],\"inLanguage\":\"fr-FR\"},{\"@type\":\"Organization\",\"@id\":\"https:\/\/apgsolutions.com\/fr\/#organization\",\"name\":\"APG Solution, LLC\",\"url\":\"https:\/\/apgsolutions.com\/fr\/\",\"logo\":{\"@type\":\"ImageObject\",\"inLanguage\":\"fr-FR\",\"@id\":\"https:\/\/apgsolutions.com\/fr\/#\/schema\/logo\/image\/\",\"url\":\"https:\/\/apgsolutions.com\/wp-content\/uploads\/2023\/12\/logomark-color.svg\",\"contentUrl\":\"https:\/\/apgsolutions.com\/wp-content\/uploads\/2023\/12\/logomark-color.svg\",\"width\":141,\"height\":138,\"caption\":\"APG Solution, LLC\"},\"image\":{\"@id\":\"https:\/\/apgsolutions.com\/fr\/#\/schema\/logo\/image\/\"},\"sameAs\":[\"https:\/\/www.facebook.com\/apgglobalsolutions\",\"https:\/\/x.com\/apg_solutions\",\"https:\/\/www.youtube.com\/c\/CashManagementGlobalSolutionsbyapg\",\"https:\/\/www.linkedin.com\/company\/apgglobalsolutions\/\",\"https:\/\/www.instagram.com\/apgglobalsolutions\/\",\"https:\/\/www.pinterest.com\/apgcashdrawer\/\"]}]}<\/script>\n<!-- \/ Yoast SEO Premium plugin. -->","yoast_head_json":{"title":"T\u00e9l\u00e9chargements de pilotes de tiroirs-caisses et de SDK","description":"Vous recherchez des pilotes de tiroirs-caisses et des SDK ? Consultez les options de pilotes ci-dessous et t\u00e9l\u00e9chargez ce dont vous avez besoin pour votre magasin !","robots":{"index":"index","follow":"follow","max-snippet":"max-snippet:-1","max-image-preview":"max-image-preview:large","max-video-preview":"max-video-preview:-1"},"canonical":"https:\/\/apgsolutions.com\/fr\/software-development-kits\/","og_locale":"fr_FR","og_type":"article","og_title":"T\u00e9l\u00e9chargements de pilotes de tiroirs-caisses et de SDK","og_description":"Vous recherchez des pilotes de tiroirs-caisses et des SDK ? Consultez les options de pilotes ci-dessous et t\u00e9l\u00e9chargez ce dont vous avez besoin pour votre magasin !","og_url":"https:\/\/apgsolutions.com\/fr\/software-development-kits\/","og_site_name":"apg\u00ae Solutions","article_publisher":"https:\/\/www.facebook.com\/apgglobalsolutions","article_modified_time":"2025-11-03T14:28:27+00:00","twitter_card":"summary_large_image","twitter_site":"@apg_solutions","twitter_misc":{"Dur\u00e9e de lecture estim\u00e9e":"1 minute"},"schema":{"@context":"https:\/\/schema.org","@graph":[{"@type":"WebPage","@id":"https:\/\/apgsolutions.com\/fr\/software-development-kits\/","url":"https:\/\/apgsolutions.com\/fr\/software-development-kits\/","name":"T\u00e9l\u00e9chargements de pilotes de tiroirs-caisses et de SDK","isPartOf":{"@id":"https:\/\/apgsolutions.com\/fr\/#website"},"datePublished":"2025-09-11T08:20:28+00:00","dateModified":"2025-11-03T14:28:27+00:00","description":"Vous recherchez des pilotes de tiroirs-caisses et des SDK ? Consultez les options de pilotes ci-dessous et t\u00e9l\u00e9chargez ce dont vous avez besoin pour votre magasin !","inLanguage":"fr-FR","potentialAction":[{"@type":"ReadAction","target":["https:\/\/apgsolutions.com\/fr\/software-development-kits\/"]}]},{"@type":"WebSite","@id":"https:\/\/apgsolutions.com\/fr\/#website","url":"https:\/\/apgsolutions.com\/fr\/","name":"APG Solutions, LLC","description":"Trust at every point.","publisher":{"@id":"https:\/\/apgsolutions.com\/fr\/#organization"},"potentialAction":[{"@type":"SearchAction","target":{"@type":"EntryPoint","urlTemplate":"https:\/\/apgsolutions.com\/fr\/?s={search_term_string}"},"query-input":{"@type":"PropertyValueSpecification","valueRequired":true,"valueName":"search_term_string"}}],"inLanguage":"fr-FR"},{"@type":"Organization","@id":"https:\/\/apgsolutions.com\/fr\/#organization","name":"APG Solution, LLC","url":"https:\/\/apgsolutions.com\/fr\/","logo":{"@type":"ImageObject","inLanguage":"fr-FR","@id":"https:\/\/apgsolutions.com\/fr\/#\/schema\/logo\/image\/","url":"https:\/\/apgsolutions.com\/wp-content\/uploads\/2023\/12\/logomark-color.svg","contentUrl":"https:\/\/apgsolutions.com\/wp-content\/uploads\/2023\/12\/logomark-color.svg","width":141,"height":138,"caption":"APG Solution, LLC"},"image":{"@id":"https:\/\/apgsolutions.com\/fr\/#\/schema\/logo\/image\/"},"sameAs":["https:\/\/www.facebook.com\/apgglobalsolutions","https:\/\/x.com\/apg_solutions","https:\/\/www.youtube.com\/c\/CashManagementGlobalSolutionsbyapg","https:\/\/www.linkedin.com\/company\/apgglobalsolutions\/","https:\/\/www.instagram.com\/apgglobalsolutions\/","https:\/\/www.pinterest.com\/apgcashdrawer\/"]}]}},"acf":[],"_links":{"self":[{"href":"https:\/\/apgsolutions.com\/fr\/wp-json\/wp\/v2\/pages\/92741","targetHints":{"allow":["GET"]}}],"collection":[{"href":"https:\/\/apgsolutions.com\/fr\/wp-json\/wp\/v2\/pages"}],"about":[{"href":"https:\/\/apgsolutions.com\/fr\/wp-json\/wp\/v2\/types\/page"}],"author":[{"embeddable":true,"href":"https:\/\/apgsolutions.com\/fr\/wp-json\/wp\/v2\/users\/4"}],"replies":[{"embeddable":true,"href":"https:\/\/apgsolutions.com\/fr\/wp-json\/wp\/v2\/comments?post=92741"}],"version-history":[{"count":10,"href":"https:\/\/apgsolutions.com\/fr\/wp-json\/wp\/v2\/pages\/92741\/revisions"}],"predecessor-version":[{"id":96701,"href":"https:\/\/apgsolutions.com\/fr\/wp-json\/wp\/v2\/pages\/92741\/revisions\/96701"}],"wp:attachment":[{"href":"https:\/\/apgsolutions.com\/fr\/wp-json\/wp\/v2\/media?parent=92741"}],"curies":[{"name":"wp","href":"https:\/\/api.w.org\/{rel}","templated":true}]}}