{"id":93354,"date":"2025-09-23T06:48:24","date_gmt":"2025-09-23T06:48:24","guid":{"rendered":"https:\/\/apgsolutions.com\/cash-statistics\/"},"modified":"2026-01-27T16:22:21","modified_gmt":"2026-01-27T16:22:21","slug":"cash-statistics","status":"publish","type":"page","link":"https:\/\/apgsolutions.com\/fr\/cash-statistics\/","title":{"rendered":"Statistiques sur les liquidit\u00e9s"},"content":{"rendered":"<div class=\"section_page-header \">\n    <img decoding=\"async\" class=\"header-image\" src=\"https:\/\/apgsolutions.com\/wp-content\/uploads\/2024\/07\/Screenshot-2024-07-17-083512.png\" alt=\"Screenshot 2024-07-17 083512\" title=\"Screenshot 2024-07-17 083512\">\n            <div class=\"header-content\">\n            <h1>Cash Statistics<\/h1>\n        <\/div>\n    <\/div>\n<div class=\"wp-block-columns is-layout-flex wp-container-core-columns-is-layout-9d6595d7 wp-block-columns-is-layout-flex\">\n<div class=\"wp-block-column is-vertically-aligned-center is-layout-flow wp-block-column-is-layout-flow\">\n<div class=\"wp-block-columns is-layout-flex wp-container-core-columns-is-layout-9d6595d7 wp-block-columns-is-layout-flex\">\n<div class=\"wp-block-column is-layout-flow wp-block-column-is-layout-flow\"><div class=\"wp-block-image\">\n<figure class=\"aligncenter size-full is-resized\"><img fetchpriority=\"high\" decoding=\"async\" width=\"762\" height=\"582\" src=\"https:\/\/apgsolutions.com\/wp-content\/uploads\/2024\/07\/Screenshot-2024-07-26-090613.png\" alt=\"L'argent liquide : Un actif intemporel\" class=\"wp-image-85681\" style=\"width:482px;height:auto\" srcset=\"https:\/\/apgsolutions.com\/wp-content\/uploads\/2024\/07\/Screenshot-2024-07-26-090613.png 762w, https:\/\/apgsolutions.com\/wp-content\/uploads\/2024\/07\/Screenshot-2024-07-26-090613-300x229.png 300w, https:\/\/apgsolutions.com\/wp-content\/uploads\/2024\/07\/Screenshot-2024-07-26-090613-550x420.png 550w, https:\/\/apgsolutions.com\/wp-content\/uploads\/2024\/07\/Screenshot-2024-07-26-090613-80x61.png 80w, https:\/\/apgsolutions.com\/wp-content\/uploads\/2024\/07\/Screenshot-2024-07-26-090613-600x458.png 600w\" sizes=\"(max-width: 762px) 100vw, 762px\" \/><\/figure>\n<\/div><\/div>\n<\/div>\n<\/div>\n\n\n\n<div class=\"wp-block-column is-layout-flow wp-block-column-is-layout-flow\">\n<h2 class=\"wp-block-heading\" id=\"h-cash-a-timeless-asset\">L&rsquo;argent liquide : Un actif intemporel<\/h2>\n\n\n\n<p>Dans le paysage diversifi\u00e9 des paiements d&rsquo;aujourd&rsquo;hui, de nombreuses m\u00e9thodes rivalisent pour faciliter les transactions. Toutefois, parmi ces options, l&rsquo;argent liquide reste in\u00e9branlable et indispensable. <\/p>\n\n\n\n<p>R\u00e9put\u00e9es pour leur rapidit\u00e9, leur commodit\u00e9 et leur acceptation universelle, les esp\u00e8ces restent utiles dans de nombreux environnements. Qu&rsquo;il s&rsquo;agisse de petits \u00e9tablissements de vente au d\u00e9tail ou de magasins de proximit\u00e9, et dans les endroits o\u00f9 les pourboires sont courants, la demande de monnaie physique est forte. <\/p>\n\n\n\n<p>En p\u00e9riode d&rsquo;incertitude, l&rsquo;argent liquide continue d&rsquo;\u00eatre largement accept\u00e9. Selon la R\u00e9serve f\u00e9d\u00e9rale, lorsqu&rsquo;on a demand\u00e9 aux gens s&rsquo;ils avaient l&rsquo;intention de cesser d&rsquo;utiliser de l&rsquo;argent liquide, 93 % ont r\u00e9pondu qu&rsquo;ils n&rsquo;avaient pas l&rsquo;intention de cesser d&rsquo;utiliser de l&rsquo;argent liquide. <\/p>\n<\/div>\n<\/div>\n\n<div class=\"wp-block-columns is-layout-flex wp-container-core-columns-is-layout-9d6595d7 wp-block-columns-is-layout-flex\">\n<div class=\"wp-block-column is-vertically-aligned-stretch resource-item has-white-color has-text-color has-background is-layout-flow wp-block-column-is-layout-flow\" style=\"background-color:#bfbfbf\">\n<h4 class=\"wp-block-heading has-text-align-center\" id=\"h-cash-has-control\">L&rsquo;argent liquide a le contr\u00f4le<\/h4>\n\n\n<div class=\"wp-block-image\">\n<figure class=\"aligncenter size-full is-resized\"><img decoding=\"async\" width=\"80\" height=\"80\" src=\"https:\/\/apgsolutions.com\/wp-content\/uploads\/2023\/07\/Finance_White-3.png\" alt=\"L'argent liquide a le contr&#xF4;le\" class=\"wp-image-69259\" style=\"width:70px;height:auto\"\/><\/figure>\n<\/div>\n\n\n<p><\/p>\n\n\n\n<p class=\"has-text-align-center\">77% des Am\u00e9ricains d\u00e9clarent que les autres moyens de paiement, tels que les cartes de cr\u00e9dit et de d\u00e9bit, les inciteront \u00e0 d\u00e9penser plus que s&rsquo;ils utilisaient de l&rsquo;argent liquide.<\/p>\n<\/div>\n\n\n\n<div class=\"wp-block-column is-layout-flow wp-block-column-is-layout-flow\">\n<p><\/p>\n<\/div>\n\n\n\n<div class=\"wp-block-column is-vertically-aligned-stretch resource-item has-white-color has-text-color has-background is-layout-flow wp-block-column-is-layout-flow\" style=\"background-color:#da7700\">\n<h4 class=\"wp-block-heading has-text-align-center\" id=\"h-cash-purchases\">Achats en esp\u00e8ces<\/h4>\n\n\n<div class=\"wp-block-image\">\n<figure class=\"aligncenter size-full\"><img decoding=\"async\" width=\"80\" height=\"80\" src=\"https:\/\/apgsolutions.com\/wp-content\/uploads\/2023\/07\/Bill_White.png\" alt=\"Achats en esp&#xE8;ces\" class=\"wp-image-68963\"\/><\/figure>\n<\/div>\n\n\n<p><\/p>\n\n\n\n<p class=\"has-text-align-center\">Pr\u00e8s de la moiti\u00e9 des ventes d&rsquo;une valeur inf\u00e9rieure \u00e0 25 dollars sont effectu\u00e9es en esp\u00e8ces.<\/p>\n<\/div>\n\n\n\n<div class=\"wp-block-column is-layout-flow wp-block-column-is-layout-flow\">\n<p><\/p>\n<\/div>\n\n\n\n<div class=\"wp-block-column is-vertically-aligned-stretch resource-item has-white-color has-text-color has-background is-layout-flow wp-block-column-is-layout-flow\" style=\"background-color:#00224a\">\n<h4 class=\"wp-block-heading has-text-align-center\" id=\"h-cash-is-inclusive\">L&rsquo;argent liquide est inclus<\/h4>\n\n\n<div class=\"wp-block-image\">\n<figure class=\"aligncenter size-full is-resized\"><img loading=\"lazy\" decoding=\"async\" width=\"80\" height=\"80\" src=\"https:\/\/apgsolutions.com\/wp-content\/uploads\/2023\/07\/Partners_White.png\" alt=\"L'argent liquide est inclus\" class=\"wp-image-69364\" style=\"width:74px;height:auto\"\/><\/figure>\n<\/div>\n\n\n<p><\/p>\n\n\n\n<p class=\"has-text-align-center\">Selon la FDIC, environ 5,9 millions de m\u00e9nages am\u00e9ricains ne seront pas bancaris\u00e9s en 2021.<\/p>\n<\/div>\n\n\n\n<div class=\"wp-block-column is-layout-flow wp-block-column-is-layout-flow\">\n<p><\/p>\n<\/div>\n\n\n\n<div class=\"wp-block-column is-vertically-aligned-stretch resource-item has-white-color has-text-color has-background is-layout-flow wp-block-column-is-layout-flow\" style=\"background-color:#066b7f\">\n<h4 class=\"wp-block-heading has-text-align-center\" id=\"h-cash-in-circulation\">L&rsquo;argent en circulation<\/h4>\n\n\n<div class=\"wp-block-image\">\n<figure class=\"aligncenter size-full is-resized\"><img loading=\"lazy\" decoding=\"async\" width=\"80\" height=\"80\" src=\"https:\/\/apgsolutions.com\/wp-content\/uploads\/2023\/07\/Shrinkage_White.png\" alt=\"L'argent en circulation\" class=\"wp-image-69281\" style=\"width:80px;height:auto\"\/><\/figure>\n<\/div>\n\n\n<p><\/p>\n\n\n\n<p class=\"has-text-align-center\">En juin 2024, plus de 2 300 milliards de dollars am\u00e9ricains seront en circulation.<\/p>\n<\/div>\n<\/div>\n\n<div class=\"wp-block-columns is-layout-flex wp-container-core-columns-is-layout-9d6595d7 wp-block-columns-is-layout-flex\">\n<div class=\"wp-block-column is-vertically-aligned-center is-layout-flow wp-block-column-is-layout-flow\">\n<h2 class=\"wp-block-heading has-text-align-center\" id=\"h-seven-situations-where-cash-is-king\">Sept situations o\u00f9 l&rsquo;argent liquide est roi<\/h2>\n\n\n\n<p class=\"has-text-align-center\">Au fil des ans, l&rsquo;argent liquide s&rsquo;est av\u00e9r\u00e9 r\u00e9sistant malgr\u00e9 les menaces que repr\u00e9sentent diverses alternatives, notamment les cartes de cr\u00e9dit et de d\u00e9bit, les syst\u00e8mes de paiement en ligne et les portefeuilles num\u00e9riques. Son aspect physique offre un sentiment tangible de s\u00e9curit\u00e9 et de contr\u00f4le que les m\u00e9thodes num\u00e9riques ne peuvent pas toujours reproduire. <\/p>\n\n\n\n<p class=\"has-text-align-center\">Les transactions en esp\u00e8ces sont souvent plus rapides et plus directes, et ne n\u00e9cessitent pas de technologie ou de connexion \u00e0 l&rsquo;internet. Voici sept raisons pour lesquelles l&rsquo;argent liquide est roi. <\/p>\n<\/div>\n\n\n\n<div class=\"wp-block-column is-vertically-aligned-stretch wp-embed-aspect-16-9 wp-has-aspect-ratio is-layout-flow wp-block-column-is-layout-flow\">\n<figure class=\"wp-block-embed aligncenter is-type-video is-provider-youtube wp-block-embed-youtube wp-embed-aspect-16-9 wp-has-aspect-ratio\"><div class=\"wp-block-embed__wrapper\">\n<iframe title=\"7 Situations Where Cash Is King\" width=\"500\" height=\"281\" src=\"https:\/\/www.youtube.com\/embed\/vXyLj239G7o?feature=oembed\" frameborder=\"0\" allow=\"accelerometer; autoplay; clipboard-write; encrypted-media; gyroscope; picture-in-picture; web-share\" referrerpolicy=\"strict-origin-when-cross-origin\" allowfullscreen><\/iframe>\n<\/div><\/figure>\n<\/div>\n<\/div>\n\n<div class=\"wp-block-columns is-layout-flex wp-container-core-columns-is-layout-9d6595d7 wp-block-columns-is-layout-flex\">\n<div class=\"wp-block-column is-vertically-aligned-top is-layout-flow wp-block-column-is-layout-flow\">\n<h2 class=\"wp-block-heading has-text-align-center\" id=\"h-banning-cashless-stores\">Interdiction des magasins sans argent liquide<\/h2>\n\n\n\n<p class=\"has-text-align-center\">\u00c0 l&rsquo;heure actuelle, treize \u00c9tats am\u00e9ricains ont interdit les magasins sans argent liquide et dix-neuf autres envisagent d&rsquo;adopter une l\u00e9gislation similaire. Cette tendance croissante souligne la reconnaissance du r\u00f4le vital de l&rsquo;argent liquide pour garantir l&rsquo;accessibilit\u00e9 et l&rsquo;inclusion dans le commerce. <\/p>\n\n\n<div class=\"wp-block-image\">\n<figure class=\"aligncenter size-large is-resized\"><img loading=\"lazy\" decoding=\"async\" width=\"1024\" height=\"578\" src=\"https:\/\/apgsolutions.com\/wp-content\/uploads\/2024\/07\/Screenshot-2024-07-18-115447-1024x578.png\" alt=\"&#xC9;tats interdisant les magasins sans argent liquide\" class=\"wp-image-85475\" style=\"width:726px;height:auto\"\/><\/figure>\n<\/div><\/div>\n<\/div>\n","protected":false},"excerpt":{"rendered":"<p>L&rsquo;argent liquide : Un actif intemporel Dans le paysage diversifi\u00e9 des paiements d&rsquo;aujourd&rsquo;hui, de nombreuses m\u00e9thodes rivalisent pour faciliter les transactions. Toutefois, parmi ces options, l&rsquo;argent liquide reste in\u00e9branlable et indispensable. R\u00e9put\u00e9es pour leur rapidit\u00e9, leur commodit\u00e9 et leur acceptation universelle, les esp\u00e8ces restent utiles dans de nombreux environnements. Qu&rsquo;il s&rsquo;agisse de petits \u00e9tablissements de [&hellip;]<\/p>\n","protected":false},"author":3233,"featured_media":0,"parent":0,"menu_order":0,"comment_status":"closed","ping_status":"closed","template":"","meta":{"_acf_changed":false,"content-type":"","footnotes":""},"class_list":["post-93354","page","type-page","status-publish"],"yoast_head":"<!-- This site is optimized with the Yoast SEO Premium plugin v23.5 (Yoast SEO v27.2) - https:\/\/yoast.com\/product\/yoast-seo-premium-wordpress\/ -->\n<title>Statistiques sur les liquidit\u00e9s<\/title>\n<meta name=\"description\" content=\"D\u00e9couvrez les principales statistiques sur l&#039;utilisation des esp\u00e8ces dans le commerce de d\u00e9tail. Comprenez pourquoi l&#039;argent liquide reste essentiel dans les transactions modernes.\" \/>\n<meta name=\"robots\" content=\"index, follow, max-snippet:-1, max-image-preview:large, max-video-preview:-1\" \/>\n<link rel=\"canonical\" href=\"https:\/\/apgsolutions.com\/fr\/cash-statistics\/\" \/>\n<meta property=\"og:locale\" content=\"fr_FR\" \/>\n<meta property=\"og:type\" content=\"article\" \/>\n<meta property=\"og:title\" content=\"Statistiques sur les liquidit\u00e9s\" \/>\n<meta property=\"og:description\" content=\"D\u00e9couvrez les principales statistiques sur l&#039;utilisation des esp\u00e8ces dans le commerce de d\u00e9tail. Comprenez pourquoi l&#039;argent liquide reste essentiel dans les transactions modernes.\" \/>\n<meta property=\"og:url\" content=\"https:\/\/apgsolutions.com\/fr\/cash-statistics\/\" \/>\n<meta property=\"og:site_name\" content=\"apg\u00ae Solutions\" \/>\n<meta property=\"article:publisher\" content=\"https:\/\/www.facebook.com\/apgglobalsolutions\" \/>\n<meta property=\"article:modified_time\" content=\"2026-01-27T16:22:21+00:00\" \/>\n<meta property=\"og:image\" content=\"https:\/\/apgsolutions.com\/wp-content\/uploads\/2024\/07\/Screenshot-2024-07-26-090613.png\" \/>\n<meta name=\"twitter:card\" content=\"summary_large_image\" \/>\n<meta name=\"twitter:site\" content=\"@apg_solutions\" \/>\n<meta name=\"twitter:label1\" content=\"Dur\u00e9e de lecture estim\u00e9e\" \/>\n\t<meta name=\"twitter:data1\" content=\"2 minutes\" \/>\n<script type=\"application\/ld+json\" class=\"yoast-schema-graph\">{\"@context\":\"https:\/\/schema.org\",\"@graph\":[{\"@type\":\"WebPage\",\"@id\":\"https:\/\/apgsolutions.com\/fr\/cash-statistics\/\",\"url\":\"https:\/\/apgsolutions.com\/fr\/cash-statistics\/\",\"name\":\"Statistiques sur les liquidit\u00e9s\",\"isPartOf\":{\"@id\":\"https:\/\/apgsolutions.com\/fr\/#website\"},\"primaryImageOfPage\":{\"@id\":\"https:\/\/apgsolutions.com\/fr\/cash-statistics\/#primaryimage\"},\"image\":{\"@id\":\"https:\/\/apgsolutions.com\/fr\/cash-statistics\/#primaryimage\"},\"thumbnailUrl\":\"https:\/\/apgsolutions.com\/wp-content\/uploads\/2024\/07\/Screenshot-2024-07-26-090613.png\",\"datePublished\":\"2025-09-23T06:48:24+00:00\",\"dateModified\":\"2026-01-27T16:22:21+00:00\",\"description\":\"D\u00e9couvrez les principales statistiques sur l'utilisation des esp\u00e8ces dans le commerce de d\u00e9tail. Comprenez pourquoi l'argent liquide reste essentiel dans les transactions modernes.\",\"inLanguage\":\"fr-FR\",\"potentialAction\":[{\"@type\":\"ReadAction\",\"target\":[\"https:\/\/apgsolutions.com\/fr\/cash-statistics\/\"]}]},{\"@type\":\"ImageObject\",\"inLanguage\":\"fr-FR\",\"@id\":\"https:\/\/apgsolutions.com\/fr\/cash-statistics\/#primaryimage\",\"url\":\"https:\/\/apgsolutions.com\/wp-content\/uploads\/2024\/07\/Screenshot-2024-07-26-090613.png\",\"contentUrl\":\"https:\/\/apgsolutions.com\/wp-content\/uploads\/2024\/07\/Screenshot-2024-07-26-090613.png\"},{\"@type\":\"WebSite\",\"@id\":\"https:\/\/apgsolutions.com\/fr\/#website\",\"url\":\"https:\/\/apgsolutions.com\/fr\/\",\"name\":\"APG Solutions, LLC\",\"description\":\"Trust at every point.\",\"publisher\":{\"@id\":\"https:\/\/apgsolutions.com\/fr\/#organization\"},\"potentialAction\":[{\"@type\":\"SearchAction\",\"target\":{\"@type\":\"EntryPoint\",\"urlTemplate\":\"https:\/\/apgsolutions.com\/fr\/?s={search_term_string}\"},\"query-input\":{\"@type\":\"PropertyValueSpecification\",\"valueRequired\":true,\"valueName\":\"search_term_string\"}}],\"inLanguage\":\"fr-FR\"},{\"@type\":\"Organization\",\"@id\":\"https:\/\/apgsolutions.com\/fr\/#organization\",\"name\":\"APG Solution, LLC\",\"url\":\"https:\/\/apgsolutions.com\/fr\/\",\"logo\":{\"@type\":\"ImageObject\",\"inLanguage\":\"fr-FR\",\"@id\":\"https:\/\/apgsolutions.com\/fr\/#\/schema\/logo\/image\/\",\"url\":\"https:\/\/apgsolutions.com\/wp-content\/uploads\/2023\/12\/logomark-color.svg\",\"contentUrl\":\"https:\/\/apgsolutions.com\/wp-content\/uploads\/2023\/12\/logomark-color.svg\",\"width\":141,\"height\":138,\"caption\":\"APG Solution, LLC\"},\"image\":{\"@id\":\"https:\/\/apgsolutions.com\/fr\/#\/schema\/logo\/image\/\"},\"sameAs\":[\"https:\/\/www.facebook.com\/apgglobalsolutions\",\"https:\/\/x.com\/apg_solutions\",\"https:\/\/www.youtube.com\/c\/CashManagementGlobalSolutionsbyapg\",\"https:\/\/www.linkedin.com\/company\/apgglobalsolutions\/\",\"https:\/\/www.instagram.com\/apgglobalsolutions\/\",\"https:\/\/www.pinterest.com\/apgcashdrawer\/\"]}]}<\/script>\n<!-- \/ Yoast SEO Premium plugin. -->","yoast_head_json":{"title":"Statistiques sur les liquidit\u00e9s","description":"D\u00e9couvrez les principales statistiques sur l'utilisation des esp\u00e8ces dans le commerce de d\u00e9tail. Comprenez pourquoi l'argent liquide reste essentiel dans les transactions modernes.","robots":{"index":"index","follow":"follow","max-snippet":"max-snippet:-1","max-image-preview":"max-image-preview:large","max-video-preview":"max-video-preview:-1"},"canonical":"https:\/\/apgsolutions.com\/fr\/cash-statistics\/","og_locale":"fr_FR","og_type":"article","og_title":"Statistiques sur les liquidit\u00e9s","og_description":"D\u00e9couvrez les principales statistiques sur l'utilisation des esp\u00e8ces dans le commerce de d\u00e9tail. Comprenez pourquoi l'argent liquide reste essentiel dans les transactions modernes.","og_url":"https:\/\/apgsolutions.com\/fr\/cash-statistics\/","og_site_name":"apg\u00ae Solutions","article_publisher":"https:\/\/www.facebook.com\/apgglobalsolutions","article_modified_time":"2026-01-27T16:22:21+00:00","og_image":[{"url":"https:\/\/apgsolutions.com\/wp-content\/uploads\/2024\/07\/Screenshot-2024-07-26-090613.png","type":"","width":"","height":""}],"twitter_card":"summary_large_image","twitter_site":"@apg_solutions","twitter_misc":{"Dur\u00e9e de lecture estim\u00e9e":"2 minutes"},"schema":{"@context":"https:\/\/schema.org","@graph":[{"@type":"WebPage","@id":"https:\/\/apgsolutions.com\/fr\/cash-statistics\/","url":"https:\/\/apgsolutions.com\/fr\/cash-statistics\/","name":"Statistiques sur les liquidit\u00e9s","isPartOf":{"@id":"https:\/\/apgsolutions.com\/fr\/#website"},"primaryImageOfPage":{"@id":"https:\/\/apgsolutions.com\/fr\/cash-statistics\/#primaryimage"},"image":{"@id":"https:\/\/apgsolutions.com\/fr\/cash-statistics\/#primaryimage"},"thumbnailUrl":"https:\/\/apgsolutions.com\/wp-content\/uploads\/2024\/07\/Screenshot-2024-07-26-090613.png","datePublished":"2025-09-23T06:48:24+00:00","dateModified":"2026-01-27T16:22:21+00:00","description":"D\u00e9couvrez les principales statistiques sur l'utilisation des esp\u00e8ces dans le commerce de d\u00e9tail. Comprenez pourquoi l'argent liquide reste essentiel dans les transactions modernes.","inLanguage":"fr-FR","potentialAction":[{"@type":"ReadAction","target":["https:\/\/apgsolutions.com\/fr\/cash-statistics\/"]}]},{"@type":"ImageObject","inLanguage":"fr-FR","@id":"https:\/\/apgsolutions.com\/fr\/cash-statistics\/#primaryimage","url":"https:\/\/apgsolutions.com\/wp-content\/uploads\/2024\/07\/Screenshot-2024-07-26-090613.png","contentUrl":"https:\/\/apgsolutions.com\/wp-content\/uploads\/2024\/07\/Screenshot-2024-07-26-090613.png"},{"@type":"WebSite","@id":"https:\/\/apgsolutions.com\/fr\/#website","url":"https:\/\/apgsolutions.com\/fr\/","name":"APG Solutions, LLC","description":"Trust at every point.","publisher":{"@id":"https:\/\/apgsolutions.com\/fr\/#organization"},"potentialAction":[{"@type":"SearchAction","target":{"@type":"EntryPoint","urlTemplate":"https:\/\/apgsolutions.com\/fr\/?s={search_term_string}"},"query-input":{"@type":"PropertyValueSpecification","valueRequired":true,"valueName":"search_term_string"}}],"inLanguage":"fr-FR"},{"@type":"Organization","@id":"https:\/\/apgsolutions.com\/fr\/#organization","name":"APG Solution, LLC","url":"https:\/\/apgsolutions.com\/fr\/","logo":{"@type":"ImageObject","inLanguage":"fr-FR","@id":"https:\/\/apgsolutions.com\/fr\/#\/schema\/logo\/image\/","url":"https:\/\/apgsolutions.com\/wp-content\/uploads\/2023\/12\/logomark-color.svg","contentUrl":"https:\/\/apgsolutions.com\/wp-content\/uploads\/2023\/12\/logomark-color.svg","width":141,"height":138,"caption":"APG Solution, LLC"},"image":{"@id":"https:\/\/apgsolutions.com\/fr\/#\/schema\/logo\/image\/"},"sameAs":["https:\/\/www.facebook.com\/apgglobalsolutions","https:\/\/x.com\/apg_solutions","https:\/\/www.youtube.com\/c\/CashManagementGlobalSolutionsbyapg","https:\/\/www.linkedin.com\/company\/apgglobalsolutions\/","https:\/\/www.instagram.com\/apgglobalsolutions\/","https:\/\/www.pinterest.com\/apgcashdrawer\/"]}]}},"acf":[],"_links":{"self":[{"href":"https:\/\/apgsolutions.com\/fr\/wp-json\/wp\/v2\/pages\/93354","targetHints":{"allow":["GET"]}}],"collection":[{"href":"https:\/\/apgsolutions.com\/fr\/wp-json\/wp\/v2\/pages"}],"about":[{"href":"https:\/\/apgsolutions.com\/fr\/wp-json\/wp\/v2\/types\/page"}],"author":[{"embeddable":true,"href":"https:\/\/apgsolutions.com\/fr\/wp-json\/wp\/v2\/users\/3233"}],"replies":[{"embeddable":true,"href":"https:\/\/apgsolutions.com\/fr\/wp-json\/wp\/v2\/comments?post=93354"}],"version-history":[{"count":6,"href":"https:\/\/apgsolutions.com\/fr\/wp-json\/wp\/v2\/pages\/93354\/revisions"}],"predecessor-version":[{"id":103493,"href":"https:\/\/apgsolutions.com\/fr\/wp-json\/wp\/v2\/pages\/93354\/revisions\/103493"}],"wp:attachment":[{"href":"https:\/\/apgsolutions.com\/fr\/wp-json\/wp\/v2\/media?parent=93354"}],"curies":[{"name":"wp","href":"https:\/\/api.w.org\/{rel}","templated":true}]}}