{"id":93419,"date":"2025-09-24T06:13:14","date_gmt":"2025-09-24T06:13:14","guid":{"rendered":"https:\/\/apgsolutions.com\/hospitalite\/"},"modified":"2026-03-12T11:45:20","modified_gmt":"2026-03-12T11:45:20","slug":"hospitalite","status":"publish","type":"page","link":"https:\/\/apgsolutions.com\/fr\/hospitalite\/","title":{"rendered":"Solutions POS et tiroirs-caisses pour l&rsquo;h\u00f4tellerie"},"content":{"rendered":"<div class=\"section_page-header \">\n    <img decoding=\"async\" class=\"header-image\" src=\"https:\/\/apgsolutions.com\/wp-content\/uploads\/2023\/07\/Hospitality-2.jpg\" alt=\"Hospitality\" title=\"Hospitality\">\n            <div class=\"header-content\">\n            <h1>POS Solutions &amp; Cash Drawers for Hospitality<\/h1>\n        <\/div>\n    <\/div>\n<div class=\"wp-block-group pos-content-div is-vertical is-content-justification-center is-layout-flex wp-container-core-group-is-layout-4b2eccd6 wp-block-group-is-layout-flex\">\n<div style=\"height:0px\" aria-hidden=\"true\" class=\"wp-block-spacer wp-container-content-b83b6736\"><\/div>\n\n\n\n<div class=\"wp-block-group is-vertical is-content-justification-center is-nowrap is-layout-flex wp-container-core-group-is-layout-e862386f wp-block-group-is-layout-flex\">\n<p class=\"has-text-align-center has-large-font-size\"><strong>Am\u00e9liorer l&rsquo;exp\u00e9rience et le service \u00e0 la client\u00e8le<\/strong><\/p>\n\n\n\n<div style=\"height:0px\" aria-hidden=\"true\" class=\"wp-block-spacer wp-container-content-5082a153\"><\/div>\n\n\n\n<p class=\"has-text-align-center\">Fournir des divertissements \u00e0 des millions de clients dans un secteur fortement r\u00e9glement\u00e9 peut \u00eatre source de stress pour la direction. En raison de la forte concurrence, le secteur de la restauration continuera \u00e0 progresser en 2024. Selon la National Restaurant Association, le nombre total d&#8217;emplois dans le secteur devrait atteindre 15,7 millions d&rsquo;ici \u00e0 la fin de 2024.  <\/p>\n\n\n\n<p class=\"has-text-align-center\"><\/p>\n\n\n\n<p class=\"has-text-align-center\">  Dans ce paysage dynamique, le r\u00f4le des syst\u00e8mes de point de vente dans les op\u00e9rations h\u00f4teli\u00e8res est essentiel. apg\u00ae propose des <a href=\"https:\/\/apgsolutions.com\/fr\/produits\/\">solutions de point de vente<\/a> con\u00e7ues pour rationaliser les transactions et garantir des op\u00e9rations fluides et sans heurts. Donnez \u00e0 vos employ\u00e9s les moyens d&rsquo;offrir un service et une exp\u00e9rience exceptionnels \u00e0 tous leurs clients. Gardez une longueur d&rsquo;avance dans le secteur comp\u00e9titif de l&rsquo;h\u00f4tellerie et \u00e9levez vos normes de service avec apg\u00ae.   <\/p>\n<\/div>\n\n\n\n<div style=\"height:0px\" aria-hidden=\"true\" class=\"wp-block-spacer wp-container-content-b83b6736\"><\/div>\n\n\n\n<div class=\"wp-block-group is-vertical is-layout-flex wp-container-core-group-is-layout-8cf370e7 wp-block-group-is-layout-flex\">\n<p style=\"font-size:30px\"><strong>Faits et statistiques<\/strong><\/p>\n\n\n\n<div style=\"height:0px\" aria-hidden=\"true\" class=\"wp-block-spacer wp-container-content-5082a153\"><\/div>\n<\/div>\n\n\n\n<div class=\"wp-block-columns is-layout-flex wp-container-core-columns-is-layout-9d6595d7 wp-block-columns-is-layout-flex\">\n<div class=\"wp-block-column pos-card-box has-background is-layout-flow wp-block-column-is-layout-flow\" style=\"background-color:#fcfaf7;flex-basis:360px\">\n<div style=\"height:1rem\" aria-hidden=\"true\" class=\"wp-block-spacer\"><\/div>\n\n\n<div class=\"wp-block-image\">\n<figure class=\"aligncenter size-full\"><img decoding=\"async\" width=\"80\" height=\"80\" src=\"https:\/\/apgsolutions.com\/wp-content\/uploads\/2023\/07\/Money-Growth_Light-Blue.png\" alt=\"Principale source de revenus Ic&#xF4;ne\" class=\"wp-image-68978\" style=\"object-fit:cover\" \/><\/figure>\n<\/div>\n\n\n<h3 class=\"wp-block-heading has-text-align-center\" id=\"h-growth\">Croissance<\/h3>\n\n\n\n<p class=\"has-text-align-center\">En 2023, il y aura pr\u00e8s de 750 000 restaurants aux \u00c9tats-Unis.<\/p>\n\n\n\n<div style=\"height:1rem\" aria-hidden=\"true\" class=\"wp-block-spacer\"><\/div>\n<\/div>\n\n\n\n<div class=\"wp-block-column pos-card-box has-background is-layout-flow wp-block-column-is-layout-flow\" style=\"background-color:#fcfaf7;flex-basis:360px\">\n<div style=\"height:1rem\" aria-hidden=\"true\" class=\"wp-block-spacer\"><\/div>\n\n\n<div class=\"wp-block-image\">\n<figure class=\"aligncenter size-full\"><img decoding=\"async\" width=\"80\" height=\"80\" src=\"https:\/\/apgsolutions.com\/wp-content\/uploads\/2023\/07\/Global-Coins_Light-Blue.png\" alt=\"Commission d'interchange\" class=\"wp-image-69322\" style=\"object-fit:cover\" \/><\/figure>\n<\/div>\n\n\n<h3 class=\"wp-block-heading has-text-align-center\" id=\"h-interchange-fee\">Commission d&rsquo;interchange<\/h3>\n\n\n\n<p class=\"has-text-align-center\">La commission d&rsquo;interchange actuelle est de 21 cents plus 0,05% de la valeur de la transaction de d\u00e9bit &#8211; les restaurants favorisent l&rsquo;argent liquide.<\/p>\n\n\n\n<div style=\"height:1rem\" aria-hidden=\"true\" class=\"wp-block-spacer\"><\/div>\n<\/div>\n\n\n\n<div class=\"wp-block-column pos-card-box has-background is-layout-flow wp-block-column-is-layout-flow\" style=\"background-color:#fcfaf7;flex-basis:360px\">\n<div style=\"height:1rem\" aria-hidden=\"true\" class=\"wp-block-spacer\"><\/div>\n\n\n<div class=\"wp-block-image\">\n<figure class=\"aligncenter size-full\"><img decoding=\"async\" width=\"80\" height=\"80\" src=\"https:\/\/apgsolutions.com\/wp-content\/uploads\/2023\/07\/Partners-5.png\" alt=\"Ic&#xF4;ne des partenaires\" class=\"wp-image-69397\" style=\"object-fit:cover\" \/><\/figure>\n<\/div>\n\n\n<h3 class=\"wp-block-heading has-text-align-center\" id=\"h-opportunity\">Opportunit\u00e9<\/h3>\n\n\n\n<p class=\"has-text-align-center\">Le secteur de la restauration emploie 15,5 millions de personnes.<\/p>\n\n\n\n<div style=\"height:16px\" aria-hidden=\"true\" class=\"wp-block-spacer\"><\/div>\n<\/div>\n<\/div>\n\n\n\n<div style=\"height:0px\" aria-hidden=\"true\" class=\"wp-block-spacer wp-container-content-b83b6736\"><\/div>\n\n\n\n<div class=\"wp-block-group is-vertical is-layout-flex wp-container-core-group-is-layout-8cf370e7 wp-block-group-is-layout-flex\">\n<p style=\"font-size:30px\"><strong>Nos tiroirs recommand\u00e9s pour l&rsquo;h\u00f4tellerie<\/strong><\/p>\n\n\n\n<div style=\"height:0px\" aria-hidden=\"true\" class=\"wp-block-spacer wp-container-content-2cb1e7d4\"><\/div>\n<\/div>\n\n\n\n<div class=\"wp-block-columns is-layout-flex wp-container-core-columns-is-layout-9d6595d7 wp-block-columns-is-layout-flex\">\n<div class=\"wp-block-column is-layout-flow wp-block-column-is-layout-flow\">\n<div style=\"height:1rem\" aria-hidden=\"true\" class=\"wp-block-spacer\"><\/div>\n\n\n<div class=\"wp-block-image\">\n<figure class=\"aligncenter size-full is-resized\"><img loading=\"lazy\" decoding=\"async\" width=\"280\" height=\"210\" src=\"https:\/\/apgsolutions.com\/wp-content\/uploads\/2023\/06\/Vasario-VBxxx-BL1616-Closed-Left.jpg\" alt=\"Tiroir-caisse Vasario\" class=\"wp-image-62747\" style=\"width:186px\" \/><\/figure>\n<\/div>\n\n\n<h3 class=\"wp-block-heading has-text-align-center\" id=\"h-vasario-cash-drawer\">Tiroir-caisse Vasario<\/h3>\n\n\n\n<p class=\"has-text-align-left\">For a cost-effective choice, choose the <a href=\"https:\/\/apgsolutions.com\/products\/cash-drawers\/standard-duty\/vasario\">Vasario cash drawer<\/a>. With various sizes to suit different service areas, it\u2019s designed to meet the needs of the hospitality industry.\u00a0<\/p>\n\n\n\n<p class=\"has-text-align-left\">Test\u00e9 pour durer plus d&rsquo;un million de transactions, le tiroir-caisse Vasario offre des performances fiables et une grande durabilit\u00e9, ce qui en fait le choix id\u00e9al pour traiter des volumes de transactions mod\u00e9r\u00e9s.<\/p>\n\n\n\n<div style=\"height:1rem\" aria-hidden=\"true\" class=\"wp-block-spacer\"><\/div>\n<\/div>\n\n\n\n<div class=\"wp-block-column is-layout-flow wp-block-column-is-layout-flow\">\n<div style=\"height:1rem\" aria-hidden=\"true\" class=\"wp-block-spacer\"><\/div>\n\n\n<div class=\"wp-block-image\">\n<figure class=\"aligncenter size-full is-resized\"><img decoding=\"async\" src=\"https:\/\/apgsolutions.com\/wp-content\/uploads\/2024\/09\/Series-100.png\" alt=\"Tiroir-caisse de la s&#xE9;rie 100\" class=\"wp-image-86680\" style=\"width:186px\" \/><\/figure>\n<\/div>\n\n\n<h3 class=\"wp-block-heading has-text-align-center\" id=\"h-series-100-cash-drawer\">Tiroir-caisse s\u00e9rie 100<\/h3>\n\n\n\n<p class=\"has-text-align-left\">The <a href=\"https:\/\/apgsolutions.com\/products\/cash-drawers\/heavy-duty\/series-100\/\">Series 100<\/a> is an excellent choice for the hospitality industry, providing generous storage with a deep under-till compartment for coin rolls and packaged currency.\u00a0<\/p>\n\n\n\n<p class=\"has-text-align-left\">Sa conception compacte optimise l&rsquo;espace de travail, ce qui le rend id\u00e9al pour les halls d&rsquo;h\u00f4tel, les restaurants et autres lieux d&rsquo;accueil. Con\u00e7u pour traiter plus de quatre millions de transactions, il offre une fiabilit\u00e9 et des performances exceptionnelles.<\/p>\n\n\n\n<div style=\"height:1rem\" aria-hidden=\"true\" class=\"wp-block-spacer\"><\/div>\n<\/div>\n<\/div>\n<\/div>\n","protected":false},"excerpt":{"rendered":"<p>Am\u00e9liorer l&rsquo;exp\u00e9rience et le service \u00e0 la client\u00e8le Fournir des divertissements \u00e0 des millions de clients dans un secteur fortement r\u00e9glement\u00e9 peut \u00eatre source de stress pour la direction. En raison de la forte concurrence, le secteur de la restauration continuera \u00e0 progresser en 2024. Selon la National Restaurant Association, le nombre total d&#8217;emplois dans [&hellip;]<\/p>\n","protected":false},"author":4,"featured_media":0,"parent":0,"menu_order":0,"comment_status":"closed","ping_status":"closed","template":"","meta":{"_acf_changed":false,"content-type":"","footnotes":""},"class_list":["post-93419","page","type-page","status-publish"],"yoast_head":"<!-- This site is optimized with the Yoast SEO Premium plugin v23.5 (Yoast SEO v27.2) - https:\/\/yoast.com\/product\/yoast-seo-premium-wordpress\/ -->\n<title>Solutions POS pour l&#039;h\u00f4tellerie et la restauration - Tiroirs-caisses pour l&#039;h\u00f4tellerie et la restauration - apg\u00ae - Tiroirs-caisses pour l&#039;h\u00f4tellerie<\/title>\n<meta name=\"description\" content=\"Les syst\u00e8mes de point de vente dans le secteur de l&#039;h\u00f4tellerie et de la restauration sont essentiels pour les op\u00e9rations en amont. Des transactions fluides et sans heurts sont essentielles pour satisfaire les clients.\" \/>\n<meta name=\"robots\" content=\"index, follow, max-snippet:-1, max-image-preview:large, max-video-preview:-1\" \/>\n<link rel=\"canonical\" href=\"https:\/\/apgsolutions.com\/fr\/hospitalite\/\" \/>\n<meta property=\"og:locale\" content=\"fr_FR\" \/>\n<meta property=\"og:type\" content=\"article\" \/>\n<meta property=\"og:title\" content=\"Solutions POS pour l&#039;h\u00f4tellerie et la restauration - Tiroirs-caisses pour l&#039;h\u00f4tellerie et la restauration - apg\u00ae - Tiroirs-caisses pour l&#039;h\u00f4tellerie\" \/>\n<meta property=\"og:description\" content=\"Les syst\u00e8mes de point de vente dans le secteur de l&#039;h\u00f4tellerie et de la restauration sont essentiels pour les op\u00e9rations en amont. Des transactions fluides et sans heurts sont essentielles pour satisfaire les clients.\" \/>\n<meta property=\"og:url\" content=\"https:\/\/apgsolutions.com\/fr\/hospitalite\/\" \/>\n<meta property=\"og:site_name\" content=\"apg\u00ae Solutions\" \/>\n<meta property=\"article:publisher\" content=\"https:\/\/www.facebook.com\/apgglobalsolutions\" \/>\n<meta property=\"article:modified_time\" content=\"2026-03-12T11:45:20+00:00\" \/>\n<meta property=\"og:image\" content=\"https:\/\/apgsolutions.com\/wp-content\/uploads\/2023\/07\/Money-Growth_Light-Blue.png\" \/>\n<meta name=\"twitter:card\" content=\"summary_large_image\" \/>\n<meta name=\"twitter:site\" content=\"@apg_solutions\" \/>\n<meta name=\"twitter:label1\" content=\"Dur\u00e9e de lecture estim\u00e9e\" \/>\n\t<meta name=\"twitter:data1\" content=\"2 minutes\" \/>\n<script type=\"application\/ld+json\" class=\"yoast-schema-graph\">{\"@context\":\"https:\/\/schema.org\",\"@graph\":[{\"@type\":\"WebPage\",\"@id\":\"https:\/\/apgsolutions.com\/fr\/hospitalite\/\",\"url\":\"https:\/\/apgsolutions.com\/fr\/hospitalite\/\",\"name\":\"Solutions POS pour l'h\u00f4tellerie et la restauration - Tiroirs-caisses pour l'h\u00f4tellerie et la restauration - apg\u00ae - Tiroirs-caisses pour l'h\u00f4tellerie\",\"isPartOf\":{\"@id\":\"https:\/\/apgsolutions.com\/fr\/#website\"},\"primaryImageOfPage\":{\"@id\":\"https:\/\/apgsolutions.com\/fr\/hospitalite\/#primaryimage\"},\"image\":{\"@id\":\"https:\/\/apgsolutions.com\/fr\/hospitalite\/#primaryimage\"},\"thumbnailUrl\":\"https:\/\/apgsolutions.com\/wp-content\/uploads\/2023\/07\/Money-Growth_Light-Blue.png\",\"datePublished\":\"2025-09-24T06:13:14+00:00\",\"dateModified\":\"2026-03-12T11:45:20+00:00\",\"description\":\"Les syst\u00e8mes de point de vente dans le secteur de l'h\u00f4tellerie et de la restauration sont essentiels pour les op\u00e9rations en amont. Des transactions fluides et sans heurts sont essentielles pour satisfaire les clients.\",\"inLanguage\":\"fr-FR\",\"potentialAction\":[{\"@type\":\"ReadAction\",\"target\":[\"https:\/\/apgsolutions.com\/fr\/hospitalite\/\"]}]},{\"@type\":\"ImageObject\",\"inLanguage\":\"fr-FR\",\"@id\":\"https:\/\/apgsolutions.com\/fr\/hospitalite\/#primaryimage\",\"url\":\"https:\/\/apgsolutions.com\/wp-content\/uploads\/2023\/07\/Money-Growth_Light-Blue.png\",\"contentUrl\":\"https:\/\/apgsolutions.com\/wp-content\/uploads\/2023\/07\/Money-Growth_Light-Blue.png\"},{\"@type\":\"WebSite\",\"@id\":\"https:\/\/apgsolutions.com\/fr\/#website\",\"url\":\"https:\/\/apgsolutions.com\/fr\/\",\"name\":\"APG Solutions, LLC\",\"description\":\"Trust at every point.\",\"publisher\":{\"@id\":\"https:\/\/apgsolutions.com\/fr\/#organization\"},\"potentialAction\":[{\"@type\":\"SearchAction\",\"target\":{\"@type\":\"EntryPoint\",\"urlTemplate\":\"https:\/\/apgsolutions.com\/fr\/?s={search_term_string}\"},\"query-input\":{\"@type\":\"PropertyValueSpecification\",\"valueRequired\":true,\"valueName\":\"search_term_string\"}}],\"inLanguage\":\"fr-FR\"},{\"@type\":\"Organization\",\"@id\":\"https:\/\/apgsolutions.com\/fr\/#organization\",\"name\":\"APG Solution, LLC\",\"url\":\"https:\/\/apgsolutions.com\/fr\/\",\"logo\":{\"@type\":\"ImageObject\",\"inLanguage\":\"fr-FR\",\"@id\":\"https:\/\/apgsolutions.com\/fr\/#\/schema\/logo\/image\/\",\"url\":\"https:\/\/apgsolutions.com\/wp-content\/uploads\/2023\/12\/logomark-color.svg\",\"contentUrl\":\"https:\/\/apgsolutions.com\/wp-content\/uploads\/2023\/12\/logomark-color.svg\",\"width\":141,\"height\":138,\"caption\":\"APG Solution, LLC\"},\"image\":{\"@id\":\"https:\/\/apgsolutions.com\/fr\/#\/schema\/logo\/image\/\"},\"sameAs\":[\"https:\/\/www.facebook.com\/apgglobalsolutions\",\"https:\/\/x.com\/apg_solutions\",\"https:\/\/www.youtube.com\/c\/CashManagementGlobalSolutionsbyapg\",\"https:\/\/www.linkedin.com\/company\/apgglobalsolutions\/\",\"https:\/\/www.instagram.com\/apgglobalsolutions\/\",\"https:\/\/www.pinterest.com\/apgcashdrawer\/\"]}]}<\/script>\n<!-- \/ Yoast SEO Premium plugin. -->","yoast_head_json":{"title":"Solutions POS pour l'h\u00f4tellerie et la restauration - Tiroirs-caisses pour l'h\u00f4tellerie et la restauration - apg\u00ae - Tiroirs-caisses pour l'h\u00f4tellerie","description":"Les syst\u00e8mes de point de vente dans le secteur de l'h\u00f4tellerie et de la restauration sont essentiels pour les op\u00e9rations en amont. Des transactions fluides et sans heurts sont essentielles pour satisfaire les clients.","robots":{"index":"index","follow":"follow","max-snippet":"max-snippet:-1","max-image-preview":"max-image-preview:large","max-video-preview":"max-video-preview:-1"},"canonical":"https:\/\/apgsolutions.com\/fr\/hospitalite\/","og_locale":"fr_FR","og_type":"article","og_title":"Solutions POS pour l'h\u00f4tellerie et la restauration - Tiroirs-caisses pour l'h\u00f4tellerie et la restauration - apg\u00ae - Tiroirs-caisses pour l'h\u00f4tellerie","og_description":"Les syst\u00e8mes de point de vente dans le secteur de l'h\u00f4tellerie et de la restauration sont essentiels pour les op\u00e9rations en amont. Des transactions fluides et sans heurts sont essentielles pour satisfaire les clients.","og_url":"https:\/\/apgsolutions.com\/fr\/hospitalite\/","og_site_name":"apg\u00ae Solutions","article_publisher":"https:\/\/www.facebook.com\/apgglobalsolutions","article_modified_time":"2026-03-12T11:45:20+00:00","og_image":[{"url":"https:\/\/apgsolutions.com\/wp-content\/uploads\/2023\/07\/Money-Growth_Light-Blue.png","type":"","width":"","height":""}],"twitter_card":"summary_large_image","twitter_site":"@apg_solutions","twitter_misc":{"Dur\u00e9e de lecture estim\u00e9e":"2 minutes"},"schema":{"@context":"https:\/\/schema.org","@graph":[{"@type":"WebPage","@id":"https:\/\/apgsolutions.com\/fr\/hospitalite\/","url":"https:\/\/apgsolutions.com\/fr\/hospitalite\/","name":"Solutions POS pour l'h\u00f4tellerie et la restauration - Tiroirs-caisses pour l'h\u00f4tellerie et la restauration - apg\u00ae - Tiroirs-caisses pour l'h\u00f4tellerie","isPartOf":{"@id":"https:\/\/apgsolutions.com\/fr\/#website"},"primaryImageOfPage":{"@id":"https:\/\/apgsolutions.com\/fr\/hospitalite\/#primaryimage"},"image":{"@id":"https:\/\/apgsolutions.com\/fr\/hospitalite\/#primaryimage"},"thumbnailUrl":"https:\/\/apgsolutions.com\/wp-content\/uploads\/2023\/07\/Money-Growth_Light-Blue.png","datePublished":"2025-09-24T06:13:14+00:00","dateModified":"2026-03-12T11:45:20+00:00","description":"Les syst\u00e8mes de point de vente dans le secteur de l'h\u00f4tellerie et de la restauration sont essentiels pour les op\u00e9rations en amont. Des transactions fluides et sans heurts sont essentielles pour satisfaire les clients.","inLanguage":"fr-FR","potentialAction":[{"@type":"ReadAction","target":["https:\/\/apgsolutions.com\/fr\/hospitalite\/"]}]},{"@type":"ImageObject","inLanguage":"fr-FR","@id":"https:\/\/apgsolutions.com\/fr\/hospitalite\/#primaryimage","url":"https:\/\/apgsolutions.com\/wp-content\/uploads\/2023\/07\/Money-Growth_Light-Blue.png","contentUrl":"https:\/\/apgsolutions.com\/wp-content\/uploads\/2023\/07\/Money-Growth_Light-Blue.png"},{"@type":"WebSite","@id":"https:\/\/apgsolutions.com\/fr\/#website","url":"https:\/\/apgsolutions.com\/fr\/","name":"APG Solutions, LLC","description":"Trust at every point.","publisher":{"@id":"https:\/\/apgsolutions.com\/fr\/#organization"},"potentialAction":[{"@type":"SearchAction","target":{"@type":"EntryPoint","urlTemplate":"https:\/\/apgsolutions.com\/fr\/?s={search_term_string}"},"query-input":{"@type":"PropertyValueSpecification","valueRequired":true,"valueName":"search_term_string"}}],"inLanguage":"fr-FR"},{"@type":"Organization","@id":"https:\/\/apgsolutions.com\/fr\/#organization","name":"APG Solution, LLC","url":"https:\/\/apgsolutions.com\/fr\/","logo":{"@type":"ImageObject","inLanguage":"fr-FR","@id":"https:\/\/apgsolutions.com\/fr\/#\/schema\/logo\/image\/","url":"https:\/\/apgsolutions.com\/wp-content\/uploads\/2023\/12\/logomark-color.svg","contentUrl":"https:\/\/apgsolutions.com\/wp-content\/uploads\/2023\/12\/logomark-color.svg","width":141,"height":138,"caption":"APG Solution, LLC"},"image":{"@id":"https:\/\/apgsolutions.com\/fr\/#\/schema\/logo\/image\/"},"sameAs":["https:\/\/www.facebook.com\/apgglobalsolutions","https:\/\/x.com\/apg_solutions","https:\/\/www.youtube.com\/c\/CashManagementGlobalSolutionsbyapg","https:\/\/www.linkedin.com\/company\/apgglobalsolutions\/","https:\/\/www.instagram.com\/apgglobalsolutions\/","https:\/\/www.pinterest.com\/apgcashdrawer\/"]}]}},"acf":[],"_links":{"self":[{"href":"https:\/\/apgsolutions.com\/fr\/wp-json\/wp\/v2\/pages\/93419","targetHints":{"allow":["GET"]}}],"collection":[{"href":"https:\/\/apgsolutions.com\/fr\/wp-json\/wp\/v2\/pages"}],"about":[{"href":"https:\/\/apgsolutions.com\/fr\/wp-json\/wp\/v2\/types\/page"}],"author":[{"embeddable":true,"href":"https:\/\/apgsolutions.com\/fr\/wp-json\/wp\/v2\/users\/4"}],"replies":[{"embeddable":true,"href":"https:\/\/apgsolutions.com\/fr\/wp-json\/wp\/v2\/comments?post=93419"}],"version-history":[{"count":5,"href":"https:\/\/apgsolutions.com\/fr\/wp-json\/wp\/v2\/pages\/93419\/revisions"}],"predecessor-version":[{"id":105351,"href":"https:\/\/apgsolutions.com\/fr\/wp-json\/wp\/v2\/pages\/93419\/revisions\/105351"}],"wp:attachment":[{"href":"https:\/\/apgsolutions.com\/fr\/wp-json\/wp\/v2\/media?parent=93419"}],"curies":[{"name":"wp","href":"https:\/\/api.w.org\/{rel}","templated":true}]}}