{"id":93489,"date":"2025-09-26T05:18:07","date_gmt":"2025-09-26T05:18:07","guid":{"rendered":"https:\/\/apgsolutions.com\/epicerie\/"},"modified":"2026-01-22T14:43:05","modified_gmt":"2026-01-22T14:43:05","slug":"epicerie","status":"publish","type":"page","link":"https:\/\/apgsolutions.com\/fr\/epicerie\/","title":{"rendered":"Solutions POS et tiroirs-caisses pour les \u00e9piceries"},"content":{"rendered":"<div class=\"section_page-header \">\n    <img decoding=\"async\" class=\"header-image\" src=\"https:\/\/apgsolutions.com\/wp-content\/uploads\/2023\/09\/Grocery-Business-type-3.jpg\" alt=\"Grocery\" title=\"Grocery\">\n            <div class=\"header-content\">\n            <h1>POS Solutions &amp; Cash Drawers for Grocery Stores<\/h1>\n        <\/div>\n    <\/div>\n<div class=\"wp-block-group pos-content-div is-vertical is-content-justification-center is-layout-flex wp-container-core-group-is-layout-4b2eccd6 wp-block-group-is-layout-flex\">\n<div style=\"height:0px\" aria-hidden=\"true\" class=\"wp-block-spacer wp-container-content-b83b6736\"><\/div>\n\n\n\n<div class=\"wp-block-group is-vertical is-content-justification-center is-nowrap is-layout-flex wp-container-core-group-is-layout-e862386f wp-block-group-is-layout-flex\">\n<p class=\"has-text-align-center has-large-font-size\"><strong>Am\u00e9liorer le fonctionnement et la productivit\u00e9<\/strong><\/p>\n\n\n\n<div style=\"height:0px\" aria-hidden=\"true\" class=\"wp-block-spacer wp-container-content-5082a153\"><\/div>\n\n\n\n<p class=\"has-text-align-center\">Les magasins d&rsquo;alimentation offrent un large \u00e9ventail d&rsquo;options d&rsquo;achat, de la nourriture aux articles m\u00e9nagers. Sur le march\u00e9 actuel, qui \u00e9volue rapidement, les entreprises doivent adopter une nouvelle technologie de point de vente pour servir efficacement leurs clients et rester rentables. En r\u00e8gle g\u00e9n\u00e9rale, les \u00e9piceries disposent de 20 \u00e0 30 pistes de sortie de caisse, en fonction de leur taille et de l&rsquo;affluence des clients. Selon Statista, en 2023, les ventes des supermarch\u00e9s et des \u00e9piceries aux \u00c9tats-Unis atteindront le chiffre impressionnant de 846 milliards de dollars.   <\/p>\n\n\n\n<p class=\"has-text-align-center\"><\/p>\n\n\n\n<p class=\"has-text-align-center\">\u00c9tant donn\u00e9 que de nombreuses transactions sont effectu\u00e9es en esp\u00e8ces, des syst\u00e8mes de point de vente fiables sont essentiels pour assurer le bon d\u00e9roulement des op\u00e9rations et un service ininterrompu. L&rsquo;utilisation de <a href=\"https:\/\/apgsolutions.com\/fr\/produits\/smarttill-solution-suite\/\">solutions de gestion des esp\u00e8ces<\/a> permet de r\u00e9duire les erreurs et les pertes, ce qui permet aux employ\u00e9s de se concentrer sur la prestation d&rsquo;un excellent service \u00e0 la client\u00e8le. APG\u00ae propose des <a href=\"https:\/\/apgsolutions.com\/fr\/produits\/\">solutions POS<\/a> qui am\u00e9liorent et prot\u00e8gent les terminaux de caisse des \u00e9piceries, garantissant la fiabilit\u00e9 et la s\u00e9curit\u00e9 pour aider les \u00e9piceries \u00e0 r\u00e9pondre efficacement aux besoins des clients.  <\/p>\n<\/div>\n\n\n\n<div style=\"height:0px\" aria-hidden=\"true\" class=\"wp-block-spacer wp-container-content-b83b6736\"><\/div>\n\n\n\n<div class=\"wp-block-group is-vertical is-layout-flex wp-container-core-group-is-layout-8cf370e7 wp-block-group-is-layout-flex\">\n<p style=\"font-size:30px\"><strong>Faits et statistiques<\/strong><\/p>\n\n\n\n<div style=\"height:0px\" aria-hidden=\"true\" class=\"wp-block-spacer wp-container-content-5082a153\"><\/div>\n<\/div>\n\n\n\n<div class=\"wp-block-columns is-layout-flex wp-container-core-columns-is-layout-9d6595d7 wp-block-columns-is-layout-flex\">\n<div class=\"wp-block-column pos-card-box has-background is-layout-flow wp-block-column-is-layout-flow\" style=\"background-color:#fcfaf7;flex-basis:360px\">\n<div style=\"height:1rem\" aria-hidden=\"true\" class=\"wp-block-spacer\"><\/div>\n\n\n<div class=\"wp-block-image\">\n<figure class=\"aligncenter size-full\"><img decoding=\"async\" width=\"80\" height=\"80\" src=\"https:\/\/apgsolutions.com\/wp-content\/uploads\/2023\/07\/Money-Growth_Light-Blue.png\" alt=\"Principale source de revenus Ic&#xF4;ne\" class=\"wp-image-68978\" style=\"object-fit:cover\" \/><\/figure>\n<\/div>\n\n\n<h3 class=\"wp-block-heading has-text-align-center\" id=\"h-growth\">Croissance<\/h3>\n\n\n\n<p class=\"has-text-align-center\">En 2022, les ventes hebdomadaires moyennes par supermarch\u00e9 s&rsquo;\u00e9levaient \u00e0 595 987 dollars.<\/p>\n\n\n\n<div style=\"height:1rem\" aria-hidden=\"true\" class=\"wp-block-spacer\"><\/div>\n<\/div>\n\n\n\n<div class=\"wp-block-column pos-card-box has-background is-layout-flow wp-block-column-is-layout-flow\" style=\"background-color:#fcfaf7;flex-basis:360px\">\n<div style=\"height:1rem\" aria-hidden=\"true\" class=\"wp-block-spacer\"><\/div>\n\n\n<div class=\"wp-block-image\">\n<figure class=\"aligncenter size-full\"><img decoding=\"async\" width=\"80\" height=\"80\" src=\"https:\/\/apgsolutions.com\/wp-content\/uploads\/2023\/07\/Partners-5.png\" alt=\"Ic&#xF4;ne des partenaires\" class=\"wp-image-69397\" style=\"object-fit:cover\" \/><\/figure>\n<\/div>\n\n\n<h3 class=\"wp-block-heading has-text-align-center\" id=\"h-opportunity\">Opportunit\u00e9<\/h3>\n\n\n\n<p class=\"has-text-align-center\">En 2023, 2,8 millions de personnes travailleront dans les supermarch\u00e9s et les \u00e9piceries aux \u00c9tats-Unis.<\/p>\n\n\n\n<div style=\"height:1rem\" aria-hidden=\"true\" class=\"wp-block-spacer\"><\/div>\n<\/div>\n\n\n\n<div class=\"wp-block-column pos-card-box has-background is-layout-flow wp-block-column-is-layout-flow\" style=\"background-color:#fcfaf7;flex-basis:360px\">\n<div style=\"height:1rem\" aria-hidden=\"true\" class=\"wp-block-spacer\"><\/div>\n\n\n<div class=\"wp-block-image\">\n<figure class=\"aligncenter size-full\"><img decoding=\"async\" width=\"80\" height=\"80\" src=\"https:\/\/apgsolutions.com\/wp-content\/uploads\/2023\/07\/Finance-3.png\" alt=\"Ic&#xF4;ne de la finance\" class=\"wp-image-69255\" style=\"object-fit:cover\" \/><\/figure>\n<\/div>\n\n\n<h3 class=\"wp-block-heading has-text-align-center\" id=\"h-revenue\">Recettes<\/h3>\n\n\n\n<p class=\"has-text-align-center\">En 2023, les ventes des magasins d&rsquo;alimentation s&rsquo;\u00e9levaient \u00e0 846 milliards de dollars | Statista<\/p>\n\n\n\n<div style=\"height:16px\" aria-hidden=\"true\" class=\"wp-block-spacer\"><\/div>\n<\/div>\n<\/div>\n\n\n\n<div style=\"height:0px\" aria-hidden=\"true\" class=\"wp-block-spacer wp-container-content-b83b6736\"><\/div>\n\n\n\n<div class=\"wp-block-group is-vertical is-layout-flex wp-container-core-group-is-layout-8cf370e7 wp-block-group-is-layout-flex\">\n<p style=\"font-size:30px\"><strong>Nos tiroirs recommand\u00e9s pour l&rsquo;\u00e9picerie<\/strong><\/p>\n\n\n\n<div style=\"height:0px\" aria-hidden=\"true\" class=\"wp-block-spacer wp-container-content-2cb1e7d4\"><\/div>\n<\/div>\n\n\n\n<div class=\"wp-block-columns is-layout-flex wp-container-core-columns-is-layout-9d6595d7 wp-block-columns-is-layout-flex\">\n<div class=\"wp-block-column is-layout-flow wp-block-column-is-layout-flow\">\n<div style=\"height:1rem\" aria-hidden=\"true\" class=\"wp-block-spacer\"><\/div>\n\n\n<div class=\"wp-block-image\">\n<figure class=\"aligncenter size-full is-resized\"><img loading=\"lazy\" decoding=\"async\" width=\"684\" height=\"365\" src=\"https:\/\/apgsolutions.com\/wp-content\/uploads\/2024\/07\/APG-Flptp-Clsd-R-SST-removebg-preview.png\" alt=\"Tiroir-caisse de la s&#xE9;rie Vasario\" class=\"wp-image-85851\" style=\"width:240px\" srcset=\"https:\/\/apgsolutions.com\/wp-content\/uploads\/2024\/07\/APG-Flptp-Clsd-R-SST-removebg-preview.png 684w, https:\/\/apgsolutions.com\/wp-content\/uploads\/2024\/07\/APG-Flptp-Clsd-R-SST-removebg-preview-300x160.png 300w, https:\/\/apgsolutions.com\/wp-content\/uploads\/2024\/07\/APG-Flptp-Clsd-R-SST-removebg-preview-550x293.png 550w, https:\/\/apgsolutions.com\/wp-content\/uploads\/2024\/07\/APG-Flptp-Clsd-R-SST-removebg-preview-80x43.png 80w, https:\/\/apgsolutions.com\/wp-content\/uploads\/2024\/07\/APG-Flptp-Clsd-R-SST-removebg-preview-600x320.png 600w, https:\/\/apgsolutions.com\/wp-content\/uploads\/2024\/07\/elementor\/thumbs\/APG-Flptp-Clsd-R-SST-removebg-preview-qrvtp81bzpa34q0d49l29xmhmdmbi958srf90o8m6m.png 230w, https:\/\/apgsolutions.com\/wp-content\/uploads\/2024\/07\/elementor\/thumbs\/APG-Flptp-Clsd-R-SST-removebg-preview-qrvtp81c435p9oyiucqk26ptpf49t4v999lvj5yl8g.png 240w, https:\/\/apgsolutions.com\/wp-content\/uploads\/2024\/07\/elementor\/thumbs\/APG-Flptp-Clsd-R-SST-removebg-preview-qrvtp81c0kusycmjx4ffqwvuu1qgurrqgq7eaubglq.png 232w\" sizes=\"(max-width: 684px) 100vw, 684px\" \/><\/figure>\n<\/div>\n\n\n<h3 class=\"wp-block-heading has-text-align-center\" id=\"h-vasario-series-cash-drawer\">Tiroir-caisse de la s\u00e9rie Vasario<\/h3>\n\n\n\n<p class=\"has-text-align-left\">Le <a href=\"https:\/\/apgsolutions.com\/de\/cash-drawer\/flip-top-cash-drawer-mf437a-bg460\/\">tiroir-caisse E3600<\/a> simplifie la t\u00e2che des caissiers, qu&rsquo;ils soient nouveaux ou exp\u00e9riment\u00e9s. Con\u00e7u pour faire face \u00e0 un trafic important dans les \u00e9piceries, il garantit des transactions rapides et efficaces pendant les p\u00e9riodes de forte affluence. <\/p>\n\n\n\n<p class=\"has-text-align-left\">Test\u00e9 pour durer plus de quatre millions de transactions, le E3600 offre des performances fiables \u00e0 chaque fois.<\/p>\n\n\n\n<div style=\"height:1rem\" aria-hidden=\"true\" class=\"wp-block-spacer\"><\/div>\n<\/div>\n\n\n\n<div class=\"wp-block-column is-layout-flow wp-block-column-is-layout-flow\">\n<div style=\"height:1rem\" aria-hidden=\"true\" class=\"wp-block-spacer\"><\/div>\n\n\n<div class=\"wp-block-image\">\n<figure class=\"aligncenter size-full is-resized\"><img loading=\"lazy\" decoding=\"async\" width=\"1600\" height=\"1200\" src=\"https:\/\/apgsolutions.com\/wp-content\/uploads\/2023\/06\/Series-4000-JB520-BL1816-Closed-Right.png\" alt=\"Tiroir-caisse de la s&#xE9;rie 4000\" class=\"wp-image-83857\" style=\"width:186px\" srcset=\"https:\/\/apgsolutions.com\/wp-content\/uploads\/2023\/06\/Series-4000-JB520-BL1816-Closed-Right.png 1600w, https:\/\/apgsolutions.com\/wp-content\/uploads\/2023\/06\/Series-4000-JB520-BL1816-Closed-Right-300x225.png 300w, https:\/\/apgsolutions.com\/wp-content\/uploads\/2023\/06\/Series-4000-JB520-BL1816-Closed-Right-1024x768.png 1024w, https:\/\/apgsolutions.com\/wp-content\/uploads\/2023\/06\/Series-4000-JB520-BL1816-Closed-Right-768x576.png 768w, https:\/\/apgsolutions.com\/wp-content\/uploads\/2023\/06\/Series-4000-JB520-BL1816-Closed-Right-1536x1152.png 1536w, https:\/\/apgsolutions.com\/wp-content\/uploads\/2023\/06\/Series-4000-JB520-BL1816-Closed-Right-550x413.png 550w, https:\/\/apgsolutions.com\/wp-content\/uploads\/2023\/06\/Series-4000-JB520-BL1816-Closed-Right-80x60.png 80w, https:\/\/apgsolutions.com\/wp-content\/uploads\/2023\/06\/Series-4000-JB520-BL1816-Closed-Right-600x450.png 600w\" sizes=\"(max-width: 1600px) 100vw, 1600px\" \/><\/figure>\n<\/div>\n\n\n<h3 class=\"wp-block-heading has-text-align-center\" id=\"h-series-4000-cash-drawer\">Tiroir-caisse de la s\u00e9rie 4000<\/h3>\n\n\n\n<p class=\"has-text-align-left\">La <a href=\"https:\/\/apgsolutions.com\/products\/cash-drawers\/heavy-duty\/series-4000\/\">s\u00e9rie 4000<\/a> est con\u00e7ue pour r\u00e9pondre aux exigences rapides des \u00e9piceries, offrant un espace de stockage flexible avec diff\u00e9rentes tailles et couleurs pour s&rsquo;adapter \u00e0 vos besoins en mati\u00e8re de caisses.<\/p>\n\n\n\n<p class=\"has-text-align-left\">Con\u00e7ue pour durer au-del\u00e0 de quatre millions de transactions, la s\u00e9rie 4000 garantit des performances fiables et une durabilit\u00e9 \u00e0 long terme, ce qui en fait un choix fiable pour les \u00e9piceries.<\/p>\n\n\n\n<div style=\"height:1rem\" aria-hidden=\"true\" class=\"wp-block-spacer\"><\/div>\n<\/div>\n<\/div>\n<\/div>\n","protected":false},"excerpt":{"rendered":"<p>Am\u00e9liorer le fonctionnement et la productivit\u00e9 Les magasins d&rsquo;alimentation offrent un large \u00e9ventail d&rsquo;options d&rsquo;achat, de la nourriture aux articles m\u00e9nagers. Sur le march\u00e9 actuel, qui \u00e9volue rapidement, les entreprises doivent adopter une nouvelle technologie de point de vente pour servir efficacement leurs clients et rester rentables. En r\u00e8gle g\u00e9n\u00e9rale, les \u00e9piceries disposent de 20 [&hellip;]<\/p>\n","protected":false},"author":4,"featured_media":0,"parent":0,"menu_order":0,"comment_status":"closed","ping_status":"closed","template":"","meta":{"_acf_changed":false,"content-type":"","footnotes":""},"class_list":["post-93489","page","type-page","status-publish"],"yoast_head":"<!-- This site is optimized with the Yoast SEO Premium plugin v23.5 (Yoast SEO v27.2) - https:\/\/yoast.com\/product\/yoast-seo-premium-wordpress\/ -->\n<title>Solutions POS pour l&#039;\u00e9picerie - Tiroirs-caisses pour l&#039;\u00e9picerie - apg\u00ae<\/title>\n<meta name=\"description\" content=\"APG fournit des solutions POS pour les \u00e9piceries afin d&#039;am\u00e9liorer et de s\u00e9curiser les terminaux de caisse des \u00e9piceries et d&#039;augmenter la productivit\u00e9 globale.\" \/>\n<meta name=\"robots\" content=\"index, follow, max-snippet:-1, max-image-preview:large, max-video-preview:-1\" \/>\n<link rel=\"canonical\" href=\"https:\/\/apgsolutions.com\/fr\/epicerie\/\" \/>\n<meta property=\"og:locale\" content=\"fr_FR\" \/>\n<meta property=\"og:type\" content=\"article\" \/>\n<meta property=\"og:title\" content=\"Solutions POS pour l&#039;\u00e9picerie - Tiroirs-caisses pour l&#039;\u00e9picerie - apg\u00ae\" \/>\n<meta property=\"og:description\" content=\"APG fournit des solutions POS pour les \u00e9piceries afin d&#039;am\u00e9liorer et de s\u00e9curiser les terminaux de caisse des \u00e9piceries et d&#039;augmenter la productivit\u00e9 globale.\" \/>\n<meta property=\"og:url\" content=\"https:\/\/apgsolutions.com\/fr\/epicerie\/\" \/>\n<meta property=\"og:site_name\" content=\"apg\u00ae Solutions\" \/>\n<meta property=\"article:publisher\" content=\"https:\/\/www.facebook.com\/apgglobalsolutions\" \/>\n<meta property=\"article:modified_time\" content=\"2026-01-22T14:43:05+00:00\" \/>\n<meta property=\"og:image\" content=\"https:\/\/apgsolutions.com\/wp-content\/uploads\/2023\/07\/Money-Growth_Light-Blue.png\" \/>\n<meta name=\"twitter:card\" content=\"summary_large_image\" \/>\n<meta name=\"twitter:site\" content=\"@apg_solutions\" \/>\n<meta name=\"twitter:label1\" content=\"Dur\u00e9e de lecture estim\u00e9e\" \/>\n\t<meta name=\"twitter:data1\" content=\"2 minutes\" \/>\n<script type=\"application\/ld+json\" class=\"yoast-schema-graph\">{\"@context\":\"https:\/\/schema.org\",\"@graph\":[{\"@type\":\"WebPage\",\"@id\":\"https:\/\/apgsolutions.com\/fr\/epicerie\/\",\"url\":\"https:\/\/apgsolutions.com\/fr\/epicerie\/\",\"name\":\"Solutions POS pour l'\u00e9picerie - Tiroirs-caisses pour l'\u00e9picerie - apg\u00ae\",\"isPartOf\":{\"@id\":\"https:\/\/apgsolutions.com\/fr\/#website\"},\"primaryImageOfPage\":{\"@id\":\"https:\/\/apgsolutions.com\/fr\/epicerie\/#primaryimage\"},\"image\":{\"@id\":\"https:\/\/apgsolutions.com\/fr\/epicerie\/#primaryimage\"},\"thumbnailUrl\":\"https:\/\/apgsolutions.com\/wp-content\/uploads\/2023\/07\/Money-Growth_Light-Blue.png\",\"datePublished\":\"2025-09-26T05:18:07+00:00\",\"dateModified\":\"2026-01-22T14:43:05+00:00\",\"description\":\"APG fournit des solutions POS pour les \u00e9piceries afin d'am\u00e9liorer et de s\u00e9curiser les terminaux de caisse des \u00e9piceries et d'augmenter la productivit\u00e9 globale.\",\"inLanguage\":\"fr-FR\",\"potentialAction\":[{\"@type\":\"ReadAction\",\"target\":[\"https:\/\/apgsolutions.com\/fr\/epicerie\/\"]}]},{\"@type\":\"ImageObject\",\"inLanguage\":\"fr-FR\",\"@id\":\"https:\/\/apgsolutions.com\/fr\/epicerie\/#primaryimage\",\"url\":\"https:\/\/apgsolutions.com\/wp-content\/uploads\/2023\/07\/Money-Growth_Light-Blue.png\",\"contentUrl\":\"https:\/\/apgsolutions.com\/wp-content\/uploads\/2023\/07\/Money-Growth_Light-Blue.png\"},{\"@type\":\"WebSite\",\"@id\":\"https:\/\/apgsolutions.com\/fr\/#website\",\"url\":\"https:\/\/apgsolutions.com\/fr\/\",\"name\":\"APG Solutions, LLC\",\"description\":\"Trust at every point.\",\"publisher\":{\"@id\":\"https:\/\/apgsolutions.com\/fr\/#organization\"},\"potentialAction\":[{\"@type\":\"SearchAction\",\"target\":{\"@type\":\"EntryPoint\",\"urlTemplate\":\"https:\/\/apgsolutions.com\/fr\/?s={search_term_string}\"},\"query-input\":{\"@type\":\"PropertyValueSpecification\",\"valueRequired\":true,\"valueName\":\"search_term_string\"}}],\"inLanguage\":\"fr-FR\"},{\"@type\":\"Organization\",\"@id\":\"https:\/\/apgsolutions.com\/fr\/#organization\",\"name\":\"APG Solution, LLC\",\"url\":\"https:\/\/apgsolutions.com\/fr\/\",\"logo\":{\"@type\":\"ImageObject\",\"inLanguage\":\"fr-FR\",\"@id\":\"https:\/\/apgsolutions.com\/fr\/#\/schema\/logo\/image\/\",\"url\":\"https:\/\/apgsolutions.com\/wp-content\/uploads\/2023\/12\/logomark-color.svg\",\"contentUrl\":\"https:\/\/apgsolutions.com\/wp-content\/uploads\/2023\/12\/logomark-color.svg\",\"width\":141,\"height\":138,\"caption\":\"APG Solution, LLC\"},\"image\":{\"@id\":\"https:\/\/apgsolutions.com\/fr\/#\/schema\/logo\/image\/\"},\"sameAs\":[\"https:\/\/www.facebook.com\/apgglobalsolutions\",\"https:\/\/x.com\/apg_solutions\",\"https:\/\/www.youtube.com\/c\/CashManagementGlobalSolutionsbyapg\",\"https:\/\/www.linkedin.com\/company\/apgglobalsolutions\/\",\"https:\/\/www.instagram.com\/apgglobalsolutions\/\",\"https:\/\/www.pinterest.com\/apgcashdrawer\/\"]}]}<\/script>\n<!-- \/ Yoast SEO Premium plugin. -->","yoast_head_json":{"title":"Solutions POS pour l'\u00e9picerie - Tiroirs-caisses pour l'\u00e9picerie - apg\u00ae","description":"APG fournit des solutions POS pour les \u00e9piceries afin d'am\u00e9liorer et de s\u00e9curiser les terminaux de caisse des \u00e9piceries et d'augmenter la productivit\u00e9 globale.","robots":{"index":"index","follow":"follow","max-snippet":"max-snippet:-1","max-image-preview":"max-image-preview:large","max-video-preview":"max-video-preview:-1"},"canonical":"https:\/\/apgsolutions.com\/fr\/epicerie\/","og_locale":"fr_FR","og_type":"article","og_title":"Solutions POS pour l'\u00e9picerie - Tiroirs-caisses pour l'\u00e9picerie - apg\u00ae","og_description":"APG fournit des solutions POS pour les \u00e9piceries afin d'am\u00e9liorer et de s\u00e9curiser les terminaux de caisse des \u00e9piceries et d'augmenter la productivit\u00e9 globale.","og_url":"https:\/\/apgsolutions.com\/fr\/epicerie\/","og_site_name":"apg\u00ae Solutions","article_publisher":"https:\/\/www.facebook.com\/apgglobalsolutions","article_modified_time":"2026-01-22T14:43:05+00:00","og_image":[{"url":"https:\/\/apgsolutions.com\/wp-content\/uploads\/2023\/07\/Money-Growth_Light-Blue.png","type":"","width":"","height":""}],"twitter_card":"summary_large_image","twitter_site":"@apg_solutions","twitter_misc":{"Dur\u00e9e de lecture estim\u00e9e":"2 minutes"},"schema":{"@context":"https:\/\/schema.org","@graph":[{"@type":"WebPage","@id":"https:\/\/apgsolutions.com\/fr\/epicerie\/","url":"https:\/\/apgsolutions.com\/fr\/epicerie\/","name":"Solutions POS pour l'\u00e9picerie - Tiroirs-caisses pour l'\u00e9picerie - apg\u00ae","isPartOf":{"@id":"https:\/\/apgsolutions.com\/fr\/#website"},"primaryImageOfPage":{"@id":"https:\/\/apgsolutions.com\/fr\/epicerie\/#primaryimage"},"image":{"@id":"https:\/\/apgsolutions.com\/fr\/epicerie\/#primaryimage"},"thumbnailUrl":"https:\/\/apgsolutions.com\/wp-content\/uploads\/2023\/07\/Money-Growth_Light-Blue.png","datePublished":"2025-09-26T05:18:07+00:00","dateModified":"2026-01-22T14:43:05+00:00","description":"APG fournit des solutions POS pour les \u00e9piceries afin d'am\u00e9liorer et de s\u00e9curiser les terminaux de caisse des \u00e9piceries et d'augmenter la productivit\u00e9 globale.","inLanguage":"fr-FR","potentialAction":[{"@type":"ReadAction","target":["https:\/\/apgsolutions.com\/fr\/epicerie\/"]}]},{"@type":"ImageObject","inLanguage":"fr-FR","@id":"https:\/\/apgsolutions.com\/fr\/epicerie\/#primaryimage","url":"https:\/\/apgsolutions.com\/wp-content\/uploads\/2023\/07\/Money-Growth_Light-Blue.png","contentUrl":"https:\/\/apgsolutions.com\/wp-content\/uploads\/2023\/07\/Money-Growth_Light-Blue.png"},{"@type":"WebSite","@id":"https:\/\/apgsolutions.com\/fr\/#website","url":"https:\/\/apgsolutions.com\/fr\/","name":"APG Solutions, LLC","description":"Trust at every point.","publisher":{"@id":"https:\/\/apgsolutions.com\/fr\/#organization"},"potentialAction":[{"@type":"SearchAction","target":{"@type":"EntryPoint","urlTemplate":"https:\/\/apgsolutions.com\/fr\/?s={search_term_string}"},"query-input":{"@type":"PropertyValueSpecification","valueRequired":true,"valueName":"search_term_string"}}],"inLanguage":"fr-FR"},{"@type":"Organization","@id":"https:\/\/apgsolutions.com\/fr\/#organization","name":"APG Solution, LLC","url":"https:\/\/apgsolutions.com\/fr\/","logo":{"@type":"ImageObject","inLanguage":"fr-FR","@id":"https:\/\/apgsolutions.com\/fr\/#\/schema\/logo\/image\/","url":"https:\/\/apgsolutions.com\/wp-content\/uploads\/2023\/12\/logomark-color.svg","contentUrl":"https:\/\/apgsolutions.com\/wp-content\/uploads\/2023\/12\/logomark-color.svg","width":141,"height":138,"caption":"APG Solution, LLC"},"image":{"@id":"https:\/\/apgsolutions.com\/fr\/#\/schema\/logo\/image\/"},"sameAs":["https:\/\/www.facebook.com\/apgglobalsolutions","https:\/\/x.com\/apg_solutions","https:\/\/www.youtube.com\/c\/CashManagementGlobalSolutionsbyapg","https:\/\/www.linkedin.com\/company\/apgglobalsolutions\/","https:\/\/www.instagram.com\/apgglobalsolutions\/","https:\/\/www.pinterest.com\/apgcashdrawer\/"]}]}},"acf":[],"_links":{"self":[{"href":"https:\/\/apgsolutions.com\/fr\/wp-json\/wp\/v2\/pages\/93489","targetHints":{"allow":["GET"]}}],"collection":[{"href":"https:\/\/apgsolutions.com\/fr\/wp-json\/wp\/v2\/pages"}],"about":[{"href":"https:\/\/apgsolutions.com\/fr\/wp-json\/wp\/v2\/types\/page"}],"author":[{"embeddable":true,"href":"https:\/\/apgsolutions.com\/fr\/wp-json\/wp\/v2\/users\/4"}],"replies":[{"embeddable":true,"href":"https:\/\/apgsolutions.com\/fr\/wp-json\/wp\/v2\/comments?post=93489"}],"version-history":[{"count":4,"href":"https:\/\/apgsolutions.com\/fr\/wp-json\/wp\/v2\/pages\/93489\/revisions"}],"predecessor-version":[{"id":98422,"href":"https:\/\/apgsolutions.com\/fr\/wp-json\/wp\/v2\/pages\/93489\/revisions\/98422"}],"wp:attachment":[{"href":"https:\/\/apgsolutions.com\/fr\/wp-json\/wp\/v2\/media?parent=93489"}],"curies":[{"name":"wp","href":"https:\/\/api.w.org\/{rel}","templated":true}]}}