{"id":93497,"date":"2025-09-26T06:12:27","date_gmt":"2025-09-26T06:12:27","guid":{"rendered":"https:\/\/apgsolutions.com\/modern-slavery-act\/"},"modified":"2026-01-27T16:22:48","modified_gmt":"2026-01-27T16:22:48","slug":"modern-slavery-act","status":"publish","type":"page","link":"https:\/\/apgsolutions.com\/fr\/modern-slavery-act\/","title":{"rendered":"Loi sur l&rsquo;esclavage moderne"},"content":{"rendered":"<div class=\"section_page-header \">\n    <img decoding=\"async\" class=\"header-image\" src=\"https:\/\/apgsolutions.com\/wp-content\/uploads\/2023\/04\/dark-blue-rotated.jpg\" alt=\"dark-blue\" title=\"dark-blue\">\n            <div class=\"header-content\">\n            <h1>Modern Slavery Act<\/h1>\n        <\/div>\n    <\/div>\n<p><strong>Cette d\u00e9claration est faite au nom d&rsquo;APG Cash Drawer Ltd (APG) conform\u00e9ment \u00e0 l&rsquo;article 54(1) du Modern Slavery Act 2015 (la \u00a0\u00bb Loi \u00ab\u00a0), et constitue la d\u00e9claration de notre groupe sur l&rsquo;esclavage et la traite des \u00eatres humains pour l&rsquo;ann\u00e9e se terminant le 31 d\u00e9cembre 2021.<\/strong><\/p>\n\n<p><strong>NOTRE ACTIVIT\u00c9 ET NOTRE STRUCTURE<\/strong><\/p>\n\n<p>APG ach\u00e8te et fabrique des tiroirs-caisses pour des distributeurs et des revendeurs du monde entier. Notre si\u00e8ge social se trouve \u00e0 Minneapolis (Minnesota), aux \u00c9tats-Unis, et nous avons des bureaux et des succursales au Royaume-Uni, en France, en Belgique, en Espagne et en Allemagne. <\/p>\n\n<p><strong>NOS CHA\u00ceNES D&rsquo;APPROVISIONNEMENT<\/strong><\/p>\n\n<p>Nos cha\u00eenes d&rsquo;approvisionnement comprennent des tiroirs-caisses, des t\u00f4les, des fixations, des composants \u00e9lectroniques, des circuits imprim\u00e9s, des assemblages de c\u00e2bles, du carton, des emballages, des services d&rsquo;\u00e9dition et d&rsquo;impression, des services informatiques, des prestataires de formation et des consultants, des services de marketing et de relations publiques. Nous avons examin\u00e9 les risques que ces cha\u00eenes d&rsquo;approvisionnement peuvent pr\u00e9senter et, bien que nous consid\u00e9rions que notre exposition \u00e0 l&rsquo;esclavage moderne est limit\u00e9e, nous attendons de nos fournisseurs et de nos sous-traitants qu&rsquo;ils adoptent une approche de tol\u00e9rance z\u00e9ro \u00e0 l&rsquo;\u00e9gard de l&rsquo;exploitation. <\/p>\n\n<p><strong>AGIR<\/strong><\/p>\n\n<p>Dans le cadre de notre processus d&rsquo;approvisionnement en 2021, nous avons engag\u00e9 un dialogue avec nos fournisseurs dans le but non seulement de les sensibiliser, mais aussi d&rsquo;obtenir l&rsquo;assurance qu&rsquo;ils comprennent la loi de 2015 sur l&rsquo;esclavage moderne et la mani\u00e8re dont elle les concerne. Nous continuons \u00e0 recueillir des donn\u00e9es aupr\u00e8s de nos principaux fournisseurs et pr\u00e9senterons nos conclusions dans une d\u00e9claration au d\u00e9but de l&rsquo;ann\u00e9e 2023. <\/p>\n\n<p><strong>NOTRE PERSONNEL CHARG\u00c9 DES ACHATS<\/strong><\/p>\n\n<p>Notre \u00e9quipe charg\u00e9e des achats est tout \u00e0 fait consciente que l&rsquo;esclavage moderne est un probl\u00e8me mondial qui nous concerne tous. Elle est consciente des pi\u00e8ges cognitifs auxquels sont confront\u00e9s les jeunes employ\u00e9s qui pourraient involontairement faire partie du cycle. Gr\u00e2ce \u00e0 la formation et aux qualifications du CIPS en 2021, nous avons pris des mesures pour att\u00e9nuer ces risques.  <\/p>\n","protected":false},"excerpt":{"rendered":"<p>Cette d\u00e9claration est faite au nom d&rsquo;APG Cash Drawer Ltd (APG) conform\u00e9ment \u00e0 l&rsquo;article 54(1) du Modern Slavery Act 2015 (la \u00a0\u00bb Loi \u00ab\u00a0), et constitue la d\u00e9claration de notre groupe sur l&rsquo;esclavage et la traite des \u00eatres humains pour l&rsquo;ann\u00e9e se terminant le 31 d\u00e9cembre 2021. NOTRE ACTIVIT\u00c9 ET NOTRE STRUCTURE APG ach\u00e8te et [&hellip;]<\/p>\n","protected":false},"author":4,"featured_media":0,"parent":0,"menu_order":0,"comment_status":"closed","ping_status":"closed","template":"","meta":{"_acf_changed":false,"content-type":"","footnotes":""},"class_list":["post-93497","page","type-page","status-publish"],"yoast_head":"<!-- This site is optimized with the Yoast SEO Premium plugin v23.5 (Yoast SEO v27.2) - https:\/\/yoast.com\/product\/yoast-seo-premium-wordpress\/ -->\n<title>Loi sur l&#039;esclavage moderne<\/title>\n<meta name=\"description\" content=\"D\u00e9claration d&#039;APG sur le respect de la loi sur l&#039;esclavage moderne. Engagement en faveur de pratiques \u00e9thiques dans les cha\u00eenes d&#039;approvisionnement.\" \/>\n<meta name=\"robots\" content=\"index, follow, max-snippet:-1, max-image-preview:large, max-video-preview:-1\" \/>\n<link rel=\"canonical\" href=\"https:\/\/apgsolutions.com\/fr\/modern-slavery-act\/\" \/>\n<meta property=\"og:locale\" content=\"fr_FR\" \/>\n<meta property=\"og:type\" content=\"article\" \/>\n<meta property=\"og:title\" content=\"Loi sur l&#039;esclavage moderne\" \/>\n<meta property=\"og:description\" content=\"D\u00e9claration d&#039;APG sur le respect de la loi sur l&#039;esclavage moderne. Engagement en faveur de pratiques \u00e9thiques dans les cha\u00eenes d&#039;approvisionnement.\" \/>\n<meta property=\"og:url\" content=\"https:\/\/apgsolutions.com\/fr\/modern-slavery-act\/\" \/>\n<meta property=\"og:site_name\" content=\"apg\u00ae Solutions\" \/>\n<meta property=\"article:publisher\" content=\"https:\/\/www.facebook.com\/apgglobalsolutions\" \/>\n<meta property=\"article:modified_time\" content=\"2026-01-27T16:22:48+00:00\" \/>\n<meta name=\"twitter:card\" content=\"summary_large_image\" \/>\n<meta name=\"twitter:site\" content=\"@apg_solutions\" \/>\n<meta name=\"twitter:label1\" content=\"Dur\u00e9e de lecture estim\u00e9e\" \/>\n\t<meta name=\"twitter:data1\" content=\"2 minutes\" \/>\n<script type=\"application\/ld+json\" class=\"yoast-schema-graph\">{\"@context\":\"https:\/\/schema.org\",\"@graph\":[{\"@type\":\"WebPage\",\"@id\":\"https:\/\/apgsolutions.com\/fr\/modern-slavery-act\/\",\"url\":\"https:\/\/apgsolutions.com\/fr\/modern-slavery-act\/\",\"name\":\"Loi sur l'esclavage moderne\",\"isPartOf\":{\"@id\":\"https:\/\/apgsolutions.com\/fr\/#website\"},\"datePublished\":\"2025-09-26T06:12:27+00:00\",\"dateModified\":\"2026-01-27T16:22:48+00:00\",\"description\":\"D\u00e9claration d'APG sur le respect de la loi sur l'esclavage moderne. Engagement en faveur de pratiques \u00e9thiques dans les cha\u00eenes d'approvisionnement.\",\"inLanguage\":\"fr-FR\",\"potentialAction\":[{\"@type\":\"ReadAction\",\"target\":[\"https:\/\/apgsolutions.com\/fr\/modern-slavery-act\/\"]}]},{\"@type\":\"WebSite\",\"@id\":\"https:\/\/apgsolutions.com\/fr\/#website\",\"url\":\"https:\/\/apgsolutions.com\/fr\/\",\"name\":\"APG Solutions, LLC\",\"description\":\"Trust at every point.\",\"publisher\":{\"@id\":\"https:\/\/apgsolutions.com\/fr\/#organization\"},\"potentialAction\":[{\"@type\":\"SearchAction\",\"target\":{\"@type\":\"EntryPoint\",\"urlTemplate\":\"https:\/\/apgsolutions.com\/fr\/?s={search_term_string}\"},\"query-input\":{\"@type\":\"PropertyValueSpecification\",\"valueRequired\":true,\"valueName\":\"search_term_string\"}}],\"inLanguage\":\"fr-FR\"},{\"@type\":\"Organization\",\"@id\":\"https:\/\/apgsolutions.com\/fr\/#organization\",\"name\":\"APG Solution, LLC\",\"url\":\"https:\/\/apgsolutions.com\/fr\/\",\"logo\":{\"@type\":\"ImageObject\",\"inLanguage\":\"fr-FR\",\"@id\":\"https:\/\/apgsolutions.com\/fr\/#\/schema\/logo\/image\/\",\"url\":\"https:\/\/apgsolutions.com\/wp-content\/uploads\/2023\/12\/logomark-color.svg\",\"contentUrl\":\"https:\/\/apgsolutions.com\/wp-content\/uploads\/2023\/12\/logomark-color.svg\",\"width\":141,\"height\":138,\"caption\":\"APG Solution, LLC\"},\"image\":{\"@id\":\"https:\/\/apgsolutions.com\/fr\/#\/schema\/logo\/image\/\"},\"sameAs\":[\"https:\/\/www.facebook.com\/apgglobalsolutions\",\"https:\/\/x.com\/apg_solutions\",\"https:\/\/www.youtube.com\/c\/CashManagementGlobalSolutionsbyapg\",\"https:\/\/www.linkedin.com\/company\/apgglobalsolutions\/\",\"https:\/\/www.instagram.com\/apgglobalsolutions\/\",\"https:\/\/www.pinterest.com\/apgcashdrawer\/\"]}]}<\/script>\n<!-- \/ Yoast SEO Premium plugin. -->","yoast_head_json":{"title":"Loi sur l'esclavage moderne","description":"D\u00e9claration d'APG sur le respect de la loi sur l'esclavage moderne. Engagement en faveur de pratiques \u00e9thiques dans les cha\u00eenes d'approvisionnement.","robots":{"index":"index","follow":"follow","max-snippet":"max-snippet:-1","max-image-preview":"max-image-preview:large","max-video-preview":"max-video-preview:-1"},"canonical":"https:\/\/apgsolutions.com\/fr\/modern-slavery-act\/","og_locale":"fr_FR","og_type":"article","og_title":"Loi sur l'esclavage moderne","og_description":"D\u00e9claration d'APG sur le respect de la loi sur l'esclavage moderne. Engagement en faveur de pratiques \u00e9thiques dans les cha\u00eenes d'approvisionnement.","og_url":"https:\/\/apgsolutions.com\/fr\/modern-slavery-act\/","og_site_name":"apg\u00ae Solutions","article_publisher":"https:\/\/www.facebook.com\/apgglobalsolutions","article_modified_time":"2026-01-27T16:22:48+00:00","twitter_card":"summary_large_image","twitter_site":"@apg_solutions","twitter_misc":{"Dur\u00e9e de lecture estim\u00e9e":"2 minutes"},"schema":{"@context":"https:\/\/schema.org","@graph":[{"@type":"WebPage","@id":"https:\/\/apgsolutions.com\/fr\/modern-slavery-act\/","url":"https:\/\/apgsolutions.com\/fr\/modern-slavery-act\/","name":"Loi sur l'esclavage moderne","isPartOf":{"@id":"https:\/\/apgsolutions.com\/fr\/#website"},"datePublished":"2025-09-26T06:12:27+00:00","dateModified":"2026-01-27T16:22:48+00:00","description":"D\u00e9claration d'APG sur le respect de la loi sur l'esclavage moderne. Engagement en faveur de pratiques \u00e9thiques dans les cha\u00eenes d'approvisionnement.","inLanguage":"fr-FR","potentialAction":[{"@type":"ReadAction","target":["https:\/\/apgsolutions.com\/fr\/modern-slavery-act\/"]}]},{"@type":"WebSite","@id":"https:\/\/apgsolutions.com\/fr\/#website","url":"https:\/\/apgsolutions.com\/fr\/","name":"APG Solutions, LLC","description":"Trust at every point.","publisher":{"@id":"https:\/\/apgsolutions.com\/fr\/#organization"},"potentialAction":[{"@type":"SearchAction","target":{"@type":"EntryPoint","urlTemplate":"https:\/\/apgsolutions.com\/fr\/?s={search_term_string}"},"query-input":{"@type":"PropertyValueSpecification","valueRequired":true,"valueName":"search_term_string"}}],"inLanguage":"fr-FR"},{"@type":"Organization","@id":"https:\/\/apgsolutions.com\/fr\/#organization","name":"APG Solution, LLC","url":"https:\/\/apgsolutions.com\/fr\/","logo":{"@type":"ImageObject","inLanguage":"fr-FR","@id":"https:\/\/apgsolutions.com\/fr\/#\/schema\/logo\/image\/","url":"https:\/\/apgsolutions.com\/wp-content\/uploads\/2023\/12\/logomark-color.svg","contentUrl":"https:\/\/apgsolutions.com\/wp-content\/uploads\/2023\/12\/logomark-color.svg","width":141,"height":138,"caption":"APG Solution, LLC"},"image":{"@id":"https:\/\/apgsolutions.com\/fr\/#\/schema\/logo\/image\/"},"sameAs":["https:\/\/www.facebook.com\/apgglobalsolutions","https:\/\/x.com\/apg_solutions","https:\/\/www.youtube.com\/c\/CashManagementGlobalSolutionsbyapg","https:\/\/www.linkedin.com\/company\/apgglobalsolutions\/","https:\/\/www.instagram.com\/apgglobalsolutions\/","https:\/\/www.pinterest.com\/apgcashdrawer\/"]}]}},"acf":[],"_links":{"self":[{"href":"https:\/\/apgsolutions.com\/fr\/wp-json\/wp\/v2\/pages\/93497","targetHints":{"allow":["GET"]}}],"collection":[{"href":"https:\/\/apgsolutions.com\/fr\/wp-json\/wp\/v2\/pages"}],"about":[{"href":"https:\/\/apgsolutions.com\/fr\/wp-json\/wp\/v2\/types\/page"}],"author":[{"embeddable":true,"href":"https:\/\/apgsolutions.com\/fr\/wp-json\/wp\/v2\/users\/4"}],"replies":[{"embeddable":true,"href":"https:\/\/apgsolutions.com\/fr\/wp-json\/wp\/v2\/comments?post=93497"}],"version-history":[{"count":1,"href":"https:\/\/apgsolutions.com\/fr\/wp-json\/wp\/v2\/pages\/93497\/revisions"}],"predecessor-version":[{"id":93498,"href":"https:\/\/apgsolutions.com\/fr\/wp-json\/wp\/v2\/pages\/93497\/revisions\/93498"}],"wp:attachment":[{"href":"https:\/\/apgsolutions.com\/fr\/wp-json\/wp\/v2\/media?parent=93497"}],"curies":[{"name":"wp","href":"https:\/\/api.w.org\/{rel}","templated":true}]}}