{"id":93520,"date":"2025-09-26T06:19:52","date_gmt":"2025-09-26T06:19:52","guid":{"rendered":"https:\/\/apgsolutions.com\/calculoid\/"},"modified":"2026-01-23T10:52:57","modified_gmt":"2026-01-23T10:52:57","slug":"calculoid","status":"publish","type":"page","link":"https:\/\/apgsolutions.com\/fr\/calculoid\/","title":{"rendered":"Calculateur de valeur smarttill"},"content":{"rendered":"<div class=\"section_page-header \">\n    <img decoding=\"async\" class=\"header-image\" src=\"https:\/\/apgsolutions.com\/wp-content\/uploads\/2025\/04\/Smarttill-value-calculator-banner-simple.png\" alt=\"Smarttill-value-calculator-banner-simple\" title=\"Smarttill-value-calculator-banner-simple\">\n            <div class=\"header-content\">\n            <h1>smarttill\u00ae Value Calculator<\/h1>\n        <\/div>\n    <\/div>\n<div class=\"wp-block-columns pad-t0 is-layout-flex wp-container-core-columns-is-layout-9d6595d7 wp-block-columns-is-layout-flex\">\n<div class=\"wp-block-column is-vertically-aligned-center is-layout-flow wp-block-column-is-layout-flow\">\n<h2 class=\"wp-block-heading has-text-align-left has-large-font-size\" id=\"h-discover-your-potential-savings-with-apg-s-smarttill-cash-management-solution\">D\u00e9couvrez vos \u00e9conomies potentielles gr\u00e2ce \u00e0 la solution de gestion de tr\u00e9sorerie smarttill\u00ae d&rsquo;apg.<\/h2>\n\n\n\n<p>La gestion manuelle des esp\u00e8ces prend du temps, mobilise les ressources humaines et augmente le risque d&rsquo;erreurs et de pertes. La <a href=\"https:\/\/apgsolutions.com\/fr\/produits\/smarttill-solution-suite\/\">solution de gestion des esp\u00e8ces smarttill<\/a> offre une m\u00e9thode plus intelligente &#8211; en automatisant les comptages d&rsquo;esp\u00e8ces en temps r\u00e9el, en r\u00e9duisant les pertes et en donnant \u00e0 votre \u00e9quipe plus de temps pour se concentrer sur ce qui compte : vos clients. <\/p>\n\n\n\n<p>Gr\u00e2ce \u00e0 notre calculateur de valeur smarttill, vous pouvez rapidement estimer le temps et l&rsquo;argent que votre commerce de d\u00e9tail ou votre \u00e9tablissement h\u00f4telier pourrait \u00e9conomiser en adoptant une solution de gestion automatis\u00e9e des esp\u00e8ces.<\/p>\n\n\n\n<h3 class=\"wp-block-heading\" id=\"h-see-the-impact-on-your-business\">Voyez l&rsquo;impact sur votre entreprise<\/h3>\n\n\n\n<ul class=\"wp-block-list\">\n<li>Gagnez du temps chaque jour sur les rapprochements de caisse et les changements d&rsquo;\u00e9quipe<\/li>\n\n\n\n<li>R\u00e9duire les pertes de tr\u00e9sorerie jusqu&rsquo;\u00e0 90<\/li>\n\n\n\n<li>R\u00e9duire les co\u00fbts op\u00e9rationnels et am\u00e9liorer l&rsquo;efficacit\u00e9 du personnel<\/li>\n\n\n\n<li>Obtenez une visibilit\u00e9 et un contr\u00f4le en temps r\u00e9el de vos op\u00e9rations de caisse.<\/li>\n<\/ul>\n<\/div>\n\n\n\n<div class=\"wp-block-column is-vertically-aligned-center is-layout-flow wp-block-column-is-layout-flow\">\n<figure class=\"wp-block-image size-large is-resized\"><img fetchpriority=\"high\" decoding=\"async\" width=\"1024\" height=\"848\" src=\"https:\/\/apgsolutions.com\/wp-content\/uploads\/2025\/04\/See_The_Impact_Of_Your_Business-1-1024x848.png\" alt=\"Calculateur de valeur smarttill\" class=\"wp-image-89923\" style=\"width:800px\" srcset=\"https:\/\/apgsolutions.com\/wp-content\/uploads\/2025\/04\/See_The_Impact_Of_Your_Business-1-1024x848.png 1024w, https:\/\/apgsolutions.com\/wp-content\/uploads\/2025\/04\/See_The_Impact_Of_Your_Business-1-300x248.png 300w, https:\/\/apgsolutions.com\/wp-content\/uploads\/2025\/04\/See_The_Impact_Of_Your_Business-1-768x636.png 768w, https:\/\/apgsolutions.com\/wp-content\/uploads\/2025\/04\/See_The_Impact_Of_Your_Business-1-50x41.png 50w, https:\/\/apgsolutions.com\/wp-content\/uploads\/2025\/04\/See_The_Impact_Of_Your_Business-1-550x455.png 550w, https:\/\/apgsolutions.com\/wp-content\/uploads\/2025\/04\/See_The_Impact_Of_Your_Business-1-80x66.png 80w, https:\/\/apgsolutions.com\/wp-content\/uploads\/2025\/04\/See_The_Impact_Of_Your_Business-1-600x497.png 600w, https:\/\/apgsolutions.com\/wp-content\/uploads\/2025\/04\/See_The_Impact_Of_Your_Business-1.png 1080w\" sizes=\"(max-width: 1024px) 100vw, 1024px\" \/><\/figure>\n<\/div>\n<\/div>\n\n<div class=\"wp-block-columns is-layout-flex wp-container-core-columns-is-layout-9d6595d7 wp-block-columns-is-layout-flex\">\n<div class=\"wp-block-column is-layout-flow wp-block-column-is-layout-flow\"><div class=\"wp-block-image\">\n<figure class=\"aligncenter size-full is-resized\"><img decoding=\"async\" width=\"847\" height=\"211\" src=\"https:\/\/apgsolutions.com\/wp-content\/uploads\/2025\/04\/TimeAndMoneySavingsWithSmarttill.png\" alt=\"&#xC9;conomies de temps et d'argent avec Smarttill\" class=\"wp-image-89857\" style=\"width:500px\" srcset=\"https:\/\/apgsolutions.com\/wp-content\/uploads\/2025\/04\/TimeAndMoneySavingsWithSmarttill.png 847w, https:\/\/apgsolutions.com\/wp-content\/uploads\/2025\/04\/TimeAndMoneySavingsWithSmarttill-300x75.png 300w, https:\/\/apgsolutions.com\/wp-content\/uploads\/2025\/04\/TimeAndMoneySavingsWithSmarttill-768x191.png 768w, https:\/\/apgsolutions.com\/wp-content\/uploads\/2025\/04\/TimeAndMoneySavingsWithSmarttill-50x12.png 50w, https:\/\/apgsolutions.com\/wp-content\/uploads\/2025\/04\/TimeAndMoneySavingsWithSmarttill-550x137.png 550w, https:\/\/apgsolutions.com\/wp-content\/uploads\/2025\/04\/TimeAndMoneySavingsWithSmarttill-80x20.png 80w, https:\/\/apgsolutions.com\/wp-content\/uploads\/2025\/04\/TimeAndMoneySavingsWithSmarttill-600x149.png 600w\" sizes=\"(max-width: 847px) 100vw, 847px\" \/><\/figure>\n<\/div>\n\n\n<p class=\"has-text-align-center\">Calculez les \u00e9conomies de temps et d&rsquo;argent que vous pouvez r\u00e9aliser gr\u00e2ce \u00e0 la solution de gestion de tr\u00e9sorerie smarttill d&rsquo;apg.<\/p>\n\n\n\n<p class=\"has-text-align-center\">Ce calculateur fournit un aper\u00e7u simplifi\u00e9 de vos \u00e9conomies potentielles. Pour une analyse plus approfondie et personnalis\u00e9e &#8211; prenant en compte votre nombre exact de sites, de pistes, de caisses, de taux de r\u00e9mun\u00e9ration des employ\u00e9s et d&rsquo;autres facteurs uniques &#8211; veuillez remplir le formulaire ci-dessous pour demander un audit complet \u00e0 nos architectes de solutions smarttill. <\/p>\n\n\n\n<div style=\"height:25px\" aria-hidden=\"true\" class=\"wp-block-spacer\"><\/div>\n\n\n\n<link rel=\"stylesheet\" href=\"https:\/\/embed.calculoid.com\/styles\/main.css\"\/><script src=\"https:\/\/embed.calculoid.com\/scripts\/combined.min.js\"><\/script><div ng-app=\"calculoid\" ng-controller=\"CalculoidMainCtrl\" ng-init=\"init({calcId:106969,apiKey:'c5fa80d86793aaea28a54'})\" ng-include=\"load()\"><\/div>\n<\/div>\n<\/div>\n\n<h2 class=\"wp-block-heading has-text-align-center\" id=\"h-why-choose-smarttill\">Pourquoi choisir smarttill ?<\/h2>\n\n<div class=\"wp-block-columns are-vertically-aligned-center is-layout-flex wp-container-core-columns-is-layout-9d6595d7 wp-block-columns-is-layout-flex\">\n<div class=\"wp-block-column is-vertically-aligned-center is-layout-flow wp-block-column-is-layout-flow\"><div class=\"wp-block-image\">\n<figure class=\"aligncenter size-large is-resized\"><img decoding=\"async\" width=\"1024\" height=\"848\" src=\"https:\/\/apgsolutions.com\/wp-content\/uploads\/2025\/04\/Why_Choose_smarttill-1024x848.png\" alt=\"Calculatrice smarttill\" class=\"wp-image-89966\" style=\"width:700px\" srcset=\"https:\/\/apgsolutions.com\/wp-content\/uploads\/2025\/04\/Why_Choose_smarttill-1024x848.png 1024w, https:\/\/apgsolutions.com\/wp-content\/uploads\/2025\/04\/Why_Choose_smarttill-300x248.png 300w, https:\/\/apgsolutions.com\/wp-content\/uploads\/2025\/04\/Why_Choose_smarttill-768x636.png 768w, https:\/\/apgsolutions.com\/wp-content\/uploads\/2025\/04\/Why_Choose_smarttill-50x41.png 50w, https:\/\/apgsolutions.com\/wp-content\/uploads\/2025\/04\/Why_Choose_smarttill-550x455.png 550w, https:\/\/apgsolutions.com\/wp-content\/uploads\/2025\/04\/Why_Choose_smarttill-80x66.png 80w, https:\/\/apgsolutions.com\/wp-content\/uploads\/2025\/04\/Why_Choose_smarttill-600x497.png 600w, https:\/\/apgsolutions.com\/wp-content\/uploads\/2025\/04\/Why_Choose_smarttill.png 1080w\" sizes=\"(max-width: 1024px) 100vw, 1024px\" \/><\/figure>\n<\/div><\/div>\n\n\n\n<div class=\"wp-block-column is-vertically-aligned-center is-layout-flow wp-block-column-is-layout-flow\">\n<p>smarttill b\u00e9n\u00e9ficie de la confiance des principaux <a href=\"https:\/\/apgsolutions.com\/industry\/retail\/\">d\u00e9taillants<\/a> et prestataires de <a href=\"https:\/\/apgsolutions.com\/industry\/hospitality\/\">services d&rsquo;accueil du monde<\/a> entier. Que vous exploitiez un seul magasin ou une grande cha\u00eene, smarttill s&rsquo;int\u00e8gre parfaitement \u00e0 votre environnement POS existant. <\/p>\n\n\n\n<p>Vous voulez en savoir plus sur le fonctionnement de smarttill ?<\/p>\n\n\n\n<div class=\"wp-block-buttons is-layout-flex wp-block-buttons-is-layout-flex\">\n<div class=\"wp-block-button\"><a class=\"wp-block-button__link wp-element-button\" href=\"https:\/\/apgsolutions.com\/fr\/produits\/smarttill-solution-suite\/\">En savoir plus sur smarttill<\/a><\/div>\n<\/div>\n<\/div>\n<\/div>\n\n<div class=\"wp-block-group graybox has-background is-vertical is-content-justification-center is-layout-flex wp-container-core-group-is-layout-4b2eccd6 wp-block-group-is-layout-flex\" style=\"background-color:#ecf1f7\">\n<figure class=\"wp-block-image size-full is-resized\"><img loading=\"lazy\" decoding=\"async\" width=\"911\" height=\"163\" src=\"https:\/\/apgsolutions.com\/wp-content\/uploads\/2025\/04\/GetInTouch.png\" alt=\"Prenez contact\" class=\"wp-image-89863\" style=\"width:600px\" srcset=\"https:\/\/apgsolutions.com\/wp-content\/uploads\/2025\/04\/GetInTouch.png 911w, https:\/\/apgsolutions.com\/wp-content\/uploads\/2025\/04\/GetInTouch-300x54.png 300w, https:\/\/apgsolutions.com\/wp-content\/uploads\/2025\/04\/GetInTouch-768x137.png 768w, https:\/\/apgsolutions.com\/wp-content\/uploads\/2025\/04\/GetInTouch-50x9.png 50w, https:\/\/apgsolutions.com\/wp-content\/uploads\/2025\/04\/GetInTouch-550x98.png 550w, https:\/\/apgsolutions.com\/wp-content\/uploads\/2025\/04\/GetInTouch-80x14.png 80w, https:\/\/apgsolutions.com\/wp-content\/uploads\/2025\/04\/GetInTouch-600x107.png 600w\" sizes=\"(max-width: 911px) 100vw, 911px\" \/><\/figure>\n\n\n\n<p class=\"has-text-align-center\">R\u00e9servez une consultation avec l&rsquo;un de nos gestionnaires de comptes apg et architectes de solutions smarttill &#8211; en personne ou en ligne.<\/p>\n<\/div>\n\n<div style=\"height:50px\" aria-hidden=\"true\" class=\"wp-block-spacer\"><\/div>\n\n<p><script charset=\"utf-8\" type=\"text\/javascript\" src=\"\/\/js.hsforms.net\/forms\/embed\/v2.js\"><\/script><script>hbspt.forms.create({\n    region: \"na1\",\n    portalId: \"3337275\",\n    formId: \"3fa13a5b-1718-4053-9c9c-d3189889d1b6\",\n    \/\/ Redirect after successful submission\n    onFormSubmit: function($form) {\n      window.location.href = \"https:\/\/apgsolutions.com\/thank-you-for-contacting-apg-cash-drawer\/\";\n    }\n  });\n<\/script><\/p>\n\n<p><\/p>\n","protected":false},"excerpt":{"rendered":"<p>D\u00e9couvrez vos \u00e9conomies potentielles gr\u00e2ce \u00e0 la solution de gestion de tr\u00e9sorerie smarttill\u00ae d&rsquo;apg. La gestion manuelle des esp\u00e8ces prend du temps, mobilise les ressources humaines et augmente le risque d&rsquo;erreurs et de pertes. La solution de gestion des esp\u00e8ces smarttill offre une m\u00e9thode plus intelligente &#8211; en automatisant les comptages d&rsquo;esp\u00e8ces en temps r\u00e9el, [&hellip;]<\/p>\n","protected":false},"author":2921,"featured_media":0,"parent":0,"menu_order":0,"comment_status":"closed","ping_status":"closed","template":"","meta":{"_acf_changed":false,"content-type":"","footnotes":""},"class_list":["post-93520","page","type-page","status-publish"],"yoast_head":"<!-- This site is optimized with the Yoast SEO Premium plugin v23.5 (Yoast SEO v27.2) - https:\/\/yoast.com\/product\/yoast-seo-premium-wordpress\/ -->\n<title>Calculateur de valeur smarttill\u00ae | apg\u00ae<\/title>\n<meta name=\"description\" content=\"Estimez rapidement le temps et l&#039;argent que votre commerce de d\u00e9tail ou votre \u00e9tablissement h\u00f4telier pourrait \u00e9conomiser en adoptant notre solution de gestion des esp\u00e8ces smarttill.\" \/>\n<meta name=\"robots\" content=\"index, follow, max-snippet:-1, max-image-preview:large, max-video-preview:-1\" \/>\n<link rel=\"canonical\" href=\"https:\/\/apgsolutions.com\/fr\/calculoid\/\" \/>\n<meta property=\"og:locale\" content=\"fr_FR\" \/>\n<meta property=\"og:type\" content=\"article\" \/>\n<meta property=\"og:title\" content=\"Calculateur de valeur smarttill\u00ae | apg\u00ae\" \/>\n<meta property=\"og:description\" content=\"Estimez rapidement le temps et l&#039;argent que votre commerce de d\u00e9tail ou votre \u00e9tablissement h\u00f4telier pourrait \u00e9conomiser en adoptant notre solution de gestion des esp\u00e8ces smarttill.\" \/>\n<meta property=\"og:url\" content=\"https:\/\/apgsolutions.com\/fr\/calculoid\/\" \/>\n<meta property=\"og:site_name\" content=\"apg\u00ae Solutions\" \/>\n<meta property=\"article:publisher\" content=\"https:\/\/www.facebook.com\/apgglobalsolutions\" \/>\n<meta property=\"article:modified_time\" content=\"2026-01-23T10:52:57+00:00\" \/>\n<meta property=\"og:image\" content=\"https:\/\/apgsolutions.com\/wp-content\/uploads\/2025\/04\/See_The_Impact_Of_Your_Business-1-1024x848.png\" \/>\n<meta name=\"twitter:card\" content=\"summary_large_image\" \/>\n<meta name=\"twitter:site\" content=\"@apg_solutions\" \/>\n<meta name=\"twitter:label1\" content=\"Dur\u00e9e de lecture estim\u00e9e\" \/>\n\t<meta name=\"twitter:data1\" content=\"2 minutes\" \/>\n<script type=\"application\/ld+json\" class=\"yoast-schema-graph\">{\"@context\":\"https:\/\/schema.org\",\"@graph\":[{\"@type\":\"WebPage\",\"@id\":\"https:\/\/apgsolutions.com\/fr\/calculoid\/\",\"url\":\"https:\/\/apgsolutions.com\/fr\/calculoid\/\",\"name\":\"Calculateur de valeur smarttill\u00ae | apg\u00ae\",\"isPartOf\":{\"@id\":\"https:\/\/apgsolutions.com\/fr\/#website\"},\"primaryImageOfPage\":{\"@id\":\"https:\/\/apgsolutions.com\/fr\/calculoid\/#primaryimage\"},\"image\":{\"@id\":\"https:\/\/apgsolutions.com\/fr\/calculoid\/#primaryimage\"},\"thumbnailUrl\":\"https:\/\/apgsolutions.com\/wp-content\/uploads\/2025\/04\/See_The_Impact_Of_Your_Business-1-1024x848.png\",\"datePublished\":\"2025-09-26T06:19:52+00:00\",\"dateModified\":\"2026-01-23T10:52:57+00:00\",\"description\":\"Estimez rapidement le temps et l'argent que votre commerce de d\u00e9tail ou votre \u00e9tablissement h\u00f4telier pourrait \u00e9conomiser en adoptant notre solution de gestion des esp\u00e8ces smarttill.\",\"inLanguage\":\"fr-FR\",\"potentialAction\":[{\"@type\":\"ReadAction\",\"target\":[\"https:\/\/apgsolutions.com\/fr\/calculoid\/\"]}]},{\"@type\":\"ImageObject\",\"inLanguage\":\"fr-FR\",\"@id\":\"https:\/\/apgsolutions.com\/fr\/calculoid\/#primaryimage\",\"url\":\"https:\/\/apgsolutions.com\/wp-content\/uploads\/2025\/04\/See_The_Impact_Of_Your_Business-1-1024x848.png\",\"contentUrl\":\"https:\/\/apgsolutions.com\/wp-content\/uploads\/2025\/04\/See_The_Impact_Of_Your_Business-1-1024x848.png\"},{\"@type\":\"WebSite\",\"@id\":\"https:\/\/apgsolutions.com\/fr\/#website\",\"url\":\"https:\/\/apgsolutions.com\/fr\/\",\"name\":\"APG Solutions, LLC\",\"description\":\"Trust at every point.\",\"publisher\":{\"@id\":\"https:\/\/apgsolutions.com\/fr\/#organization\"},\"potentialAction\":[{\"@type\":\"SearchAction\",\"target\":{\"@type\":\"EntryPoint\",\"urlTemplate\":\"https:\/\/apgsolutions.com\/fr\/?s={search_term_string}\"},\"query-input\":{\"@type\":\"PropertyValueSpecification\",\"valueRequired\":true,\"valueName\":\"search_term_string\"}}],\"inLanguage\":\"fr-FR\"},{\"@type\":\"Organization\",\"@id\":\"https:\/\/apgsolutions.com\/fr\/#organization\",\"name\":\"APG Solution, LLC\",\"url\":\"https:\/\/apgsolutions.com\/fr\/\",\"logo\":{\"@type\":\"ImageObject\",\"inLanguage\":\"fr-FR\",\"@id\":\"https:\/\/apgsolutions.com\/fr\/#\/schema\/logo\/image\/\",\"url\":\"https:\/\/apgsolutions.com\/wp-content\/uploads\/2023\/12\/logomark-color.svg\",\"contentUrl\":\"https:\/\/apgsolutions.com\/wp-content\/uploads\/2023\/12\/logomark-color.svg\",\"width\":141,\"height\":138,\"caption\":\"APG Solution, LLC\"},\"image\":{\"@id\":\"https:\/\/apgsolutions.com\/fr\/#\/schema\/logo\/image\/\"},\"sameAs\":[\"https:\/\/www.facebook.com\/apgglobalsolutions\",\"https:\/\/x.com\/apg_solutions\",\"https:\/\/www.youtube.com\/c\/CashManagementGlobalSolutionsbyapg\",\"https:\/\/www.linkedin.com\/company\/apgglobalsolutions\/\",\"https:\/\/www.instagram.com\/apgglobalsolutions\/\",\"https:\/\/www.pinterest.com\/apgcashdrawer\/\"]}]}<\/script>\n<!-- \/ Yoast SEO Premium plugin. -->","yoast_head_json":{"title":"Calculateur de valeur smarttill\u00ae | apg\u00ae","description":"Estimez rapidement le temps et l'argent que votre commerce de d\u00e9tail ou votre \u00e9tablissement h\u00f4telier pourrait \u00e9conomiser en adoptant notre solution de gestion des esp\u00e8ces smarttill.","robots":{"index":"index","follow":"follow","max-snippet":"max-snippet:-1","max-image-preview":"max-image-preview:large","max-video-preview":"max-video-preview:-1"},"canonical":"https:\/\/apgsolutions.com\/fr\/calculoid\/","og_locale":"fr_FR","og_type":"article","og_title":"Calculateur de valeur smarttill\u00ae | apg\u00ae","og_description":"Estimez rapidement le temps et l'argent que votre commerce de d\u00e9tail ou votre \u00e9tablissement h\u00f4telier pourrait \u00e9conomiser en adoptant notre solution de gestion des esp\u00e8ces smarttill.","og_url":"https:\/\/apgsolutions.com\/fr\/calculoid\/","og_site_name":"apg\u00ae Solutions","article_publisher":"https:\/\/www.facebook.com\/apgglobalsolutions","article_modified_time":"2026-01-23T10:52:57+00:00","og_image":[{"url":"https:\/\/apgsolutions.com\/wp-content\/uploads\/2025\/04\/See_The_Impact_Of_Your_Business-1-1024x848.png","type":"","width":"","height":""}],"twitter_card":"summary_large_image","twitter_site":"@apg_solutions","twitter_misc":{"Dur\u00e9e de lecture estim\u00e9e":"2 minutes"},"schema":{"@context":"https:\/\/schema.org","@graph":[{"@type":"WebPage","@id":"https:\/\/apgsolutions.com\/fr\/calculoid\/","url":"https:\/\/apgsolutions.com\/fr\/calculoid\/","name":"Calculateur de valeur smarttill\u00ae | apg\u00ae","isPartOf":{"@id":"https:\/\/apgsolutions.com\/fr\/#website"},"primaryImageOfPage":{"@id":"https:\/\/apgsolutions.com\/fr\/calculoid\/#primaryimage"},"image":{"@id":"https:\/\/apgsolutions.com\/fr\/calculoid\/#primaryimage"},"thumbnailUrl":"https:\/\/apgsolutions.com\/wp-content\/uploads\/2025\/04\/See_The_Impact_Of_Your_Business-1-1024x848.png","datePublished":"2025-09-26T06:19:52+00:00","dateModified":"2026-01-23T10:52:57+00:00","description":"Estimez rapidement le temps et l'argent que votre commerce de d\u00e9tail ou votre \u00e9tablissement h\u00f4telier pourrait \u00e9conomiser en adoptant notre solution de gestion des esp\u00e8ces smarttill.","inLanguage":"fr-FR","potentialAction":[{"@type":"ReadAction","target":["https:\/\/apgsolutions.com\/fr\/calculoid\/"]}]},{"@type":"ImageObject","inLanguage":"fr-FR","@id":"https:\/\/apgsolutions.com\/fr\/calculoid\/#primaryimage","url":"https:\/\/apgsolutions.com\/wp-content\/uploads\/2025\/04\/See_The_Impact_Of_Your_Business-1-1024x848.png","contentUrl":"https:\/\/apgsolutions.com\/wp-content\/uploads\/2025\/04\/See_The_Impact_Of_Your_Business-1-1024x848.png"},{"@type":"WebSite","@id":"https:\/\/apgsolutions.com\/fr\/#website","url":"https:\/\/apgsolutions.com\/fr\/","name":"APG Solutions, LLC","description":"Trust at every point.","publisher":{"@id":"https:\/\/apgsolutions.com\/fr\/#organization"},"potentialAction":[{"@type":"SearchAction","target":{"@type":"EntryPoint","urlTemplate":"https:\/\/apgsolutions.com\/fr\/?s={search_term_string}"},"query-input":{"@type":"PropertyValueSpecification","valueRequired":true,"valueName":"search_term_string"}}],"inLanguage":"fr-FR"},{"@type":"Organization","@id":"https:\/\/apgsolutions.com\/fr\/#organization","name":"APG Solution, LLC","url":"https:\/\/apgsolutions.com\/fr\/","logo":{"@type":"ImageObject","inLanguage":"fr-FR","@id":"https:\/\/apgsolutions.com\/fr\/#\/schema\/logo\/image\/","url":"https:\/\/apgsolutions.com\/wp-content\/uploads\/2023\/12\/logomark-color.svg","contentUrl":"https:\/\/apgsolutions.com\/wp-content\/uploads\/2023\/12\/logomark-color.svg","width":141,"height":138,"caption":"APG Solution, LLC"},"image":{"@id":"https:\/\/apgsolutions.com\/fr\/#\/schema\/logo\/image\/"},"sameAs":["https:\/\/www.facebook.com\/apgglobalsolutions","https:\/\/x.com\/apg_solutions","https:\/\/www.youtube.com\/c\/CashManagementGlobalSolutionsbyapg","https:\/\/www.linkedin.com\/company\/apgglobalsolutions\/","https:\/\/www.instagram.com\/apgglobalsolutions\/","https:\/\/www.pinterest.com\/apgcashdrawer\/"]}]}},"acf":[],"_links":{"self":[{"href":"https:\/\/apgsolutions.com\/fr\/wp-json\/wp\/v2\/pages\/93520","targetHints":{"allow":["GET"]}}],"collection":[{"href":"https:\/\/apgsolutions.com\/fr\/wp-json\/wp\/v2\/pages"}],"about":[{"href":"https:\/\/apgsolutions.com\/fr\/wp-json\/wp\/v2\/types\/page"}],"author":[{"embeddable":true,"href":"https:\/\/apgsolutions.com\/fr\/wp-json\/wp\/v2\/users\/2921"}],"replies":[{"embeddable":true,"href":"https:\/\/apgsolutions.com\/fr\/wp-json\/wp\/v2\/comments?post=93520"}],"version-history":[{"count":2,"href":"https:\/\/apgsolutions.com\/fr\/wp-json\/wp\/v2\/pages\/93520\/revisions"}],"predecessor-version":[{"id":99434,"href":"https:\/\/apgsolutions.com\/fr\/wp-json\/wp\/v2\/pages\/93520\/revisions\/99434"}],"wp:attachment":[{"href":"https:\/\/apgsolutions.com\/fr\/wp-json\/wp\/v2\/media?parent=93520"}],"curies":[{"name":"wp","href":"https:\/\/api.w.org\/{rel}","templated":true}]}}