{"id":93576,"date":"2025-09-26T06:45:44","date_gmt":"2025-09-26T06:45:44","guid":{"rendered":"https:\/\/apgsolutions.com\/connecting-cash-drawer-printer\/"},"modified":"2025-11-03T14:12:45","modified_gmt":"2025-11-03T14:12:45","slug":"connecting-cash-drawer-printer","status":"publish","type":"page","link":"https:\/\/apgsolutions.com\/fr\/connecting-cash-drawer-printer\/","title":{"rendered":"Comment connecter un tiroir-caisse \u00e0 une imprimante ?"},"content":{"rendered":"<div class=\"section_page-header \">\n    <img decoding=\"async\" class=\"header-image\" src=\"https:\/\/apgsolutions.com\/wp-content\/uploads\/2023\/05\/connecting-a-cash-dawer-to-a-printer.jpg\" alt=\"connecting-a-cash-dawer-to-a-printer\" title=\"connecting-a-cash-dawer-to-a-printer\">\n            <div class=\"header-content\">\n            <h1>Comment connecter un tiroir-caisse \u00e0 une imprimante ?<\/h1>\n        <\/div>\n    <\/div>\n\n\n<h2 class=\"wp-block-heading has-text-align-center\">Raccordement d&rsquo;un tiroir-caisse SGA \u00e0 une imprimante de re\u00e7us 24V<\/h2>\n\n\n\n<div class=\"wp-block-columns is-layout-flex wp-container-core-columns-is-layout-9d6595d7 wp-block-columns-is-layout-flex\">\n<div class=\"wp-block-column is-layout-flow wp-block-column-is-layout-flow\" style=\"flex-basis:66.66%\">\n<p>La plupart des imprimantes de re\u00e7us sur le march\u00e9 des <a href=\"https:\/\/apgsolutions.com\/fr\/produits\/\">points de vente<\/a> sont dot\u00e9es de ports de tiroir qui envoient un signal 24VDC pour ouvrir le tiroir-caisse. Il est important de noter que les ports d&rsquo;ouverture de tiroir ne sont pas tous identiques chez les fabricants d&rsquo;imprimantes. Cela signifie qu&rsquo;il existe de nombreux c\u00e2bles diff\u00e9rents qui pourraient \u00eatre utilis\u00e9s pour votre installation. Les informations ci-dessous peuvent \u00eatre utilis\u00e9es pour essayer de d\u00e9terminer le bon c\u00e2ble pour de nombreuses imprimantes couramment utilis\u00e9es. Vous pouvez \u00e9galement <a href=\"https:\/\/youtu.be\/AMzGxOqm3GA\" target=\"_blank\" rel=\"noreferrer noopener\">visionner cette vid\u00e9o<\/a> pour vous aider \u00e0 connecter le tiroir-caisse \u00e0 l&rsquo;imprimante de re\u00e7us.<\/p>\n<\/div>\n\n\n\n<div class=\"wp-block-column is-layout-flow wp-block-column-is-layout-flow\" style=\"flex-basis:33.33%\"><div class=\"wp-block-image wp-duotone-unset-2\">\n<figure class=\"aligncenter size-thumbnail\"><img decoding=\"async\" width=\"150\" height=\"150\" src=\"https:\/\/apgsolutions.com\/wp-content\/uploads\/2023\/05\/Cable-used-for-multiple-parts-150x150.jpg\" alt=\"Cable-used-for-multiple-parts\" class=\"wp-image-3257\" srcset=\"https:\/\/apgsolutions.com\/wp-content\/uploads\/2023\/05\/Cable-used-for-multiple-parts-150x150.jpg 150w, https:\/\/apgsolutions.com\/wp-content\/uploads\/2023\/05\/Cable-used-for-multiple-parts-300x300.jpg 300w, https:\/\/apgsolutions.com\/wp-content\/uploads\/2023\/05\/Cable-used-for-multiple-parts-100x100.jpg 100w\" sizes=\"(max-width: 150px) 100vw, 150px\" \/><\/figure>\n<\/div><\/div>\n<\/div>\n\n\n\n<figure class=\"wp-block-embed aligncenter is-type-video is-provider-youtube wp-block-embed-youtube wp-embed-aspect-16-9 wp-has-aspect-ratio\"><div class=\"wp-block-embed__wrapper\">\n<iframe title=\"How to Connect a Cash Drawer to a POS Receipt Printer - Connecting your Cash Register\" width=\"500\" height=\"281\" src=\"https:\/\/www.youtube.com\/embed\/AMzGxOqm3GA?feature=oembed\" frameborder=\"0\" allow=\"accelerometer; autoplay; clipboard-write; encrypted-media; gyroscope; picture-in-picture; web-share\" referrerpolicy=\"strict-origin-when-cross-origin\" allowfullscreen><\/iframe>\n<\/div><\/figure>\n\n\n\n<h3 class=\"wp-block-heading\" id=\"h-quel-est-mon-tiroir-caisse\">Quel est mon tiroir-caisse ?<\/h3>\n\n\n\n<p>Pour obtenir le bon c\u00e2ble, il faut d&rsquo;abord s&rsquo;assurer que vous avez le bon tiroir-caisse. Le tiroir-caisse utilis\u00e9 doit \u00eatre \u00e9quip\u00e9 de notre interface MultiPRO\u00ae \u00ab\u00a0320\u00a0\u00bb pour fonctionner avec les imprimantes de re\u00e7us 24V. Voir les exemples ci-dessous :  <\/p>\n\n\n\n<p>JD320-BL1816-C<br>JB320-BL1816-C<br>T320-BL1616<br>VB320-BL1616<br>VBS320-BL1915<br>VP320-BL1416<\/p>\n\n\n\n<p>Si vous ne connaissez pas votre num\u00e9ro de pi\u00e8ce, consultez les vid\u00e9os sur <a href=\"https:\/\/apgsolutions.com\/fr\/ressources\/\">cette page.<\/a><\/p>\n\n\n\n<h3 class=\"wp-block-heading\" id=\"h-de-quel-cable-ai-je-besoin\">De quel c\u00e2ble ai-je besoin ?<\/h3>\n\n\n\n<p>Le tableau ci-dessous comprend certaines des imprimantes et des fabricants d&rsquo;imprimantes les plus courants. Trouvez l&rsquo;imprimante que vous utilisez ci-dessous et suivez le tableau jusqu&rsquo;\u00e0 la colonne \u00ab\u00a0C\u00e2ble SGA n\u00e9cessaire\u00a0\u00bb pour savoir de quel c\u00e2ble vous aurez besoin. <\/p>\n\n\n\n<figure class=\"wp-block-table is-style-stripes\"><table><thead><tr><th>Fabricant d&rsquo;imprimantes<\/th><th>Mod\u00e8le\/s\u00e9rie de l&rsquo;imprimante<\/th><th>Besoin d&rsquo;un c\u00e2ble SGA<\/th><th>Lien vers notre boutique en ligne<\/th><\/tr><\/thead><tbody><tr><td>Epson<\/td><td>S\u00e9rie TM<\/td><td>CD-101A<\/td><td><a href=\"https:\/\/apgsolutions.com\/store\/cd-101a-printer-cable\/\">Commandez maintenant<\/a><\/td><\/tr><tr><td>\u00c9toile<\/td><td>S\u00e9ries SP et TSP<\/td><td>CD-101A<\/td><td><a href=\"https:\/\/apgsolutions.com\/store\/cd-101a-printer-cable\/\">Commandez maintenant<\/a><\/td><\/tr><tr><td>TPG<\/td><td>\u00ab\u00a0S\u00e9rie \u00ab\u00a0A<\/td><td>CD-102A<\/td><td><a href=\"https:\/\/apgsolutions.com\/fr\/store\/cd-102a\/\">Commandez maintenant<\/a><\/td><\/tr><tr><td>Citoyen<\/td><td>S\u00e9ries CT et CTS<\/td><td>CD-101A<\/td><td><a href=\"https:\/\/apgsolutions.com\/store\/cd-101a-printer-cable\/\">Commandez maintenant<\/a><\/td><\/tr><\/tbody><\/table><\/figure>\n\n\n\n<p>Consultez la liste compl\u00e8te des imprimantes et des c\u00e2bles dans notre <a href=\"https:\/\/apgsolutions.com\/wp-content\/uploads\/2023\/06\/M-43-031_revAT-PDF.pdf\" target=\"_blank\" rel=\"noreferrer noopener\">Guide de connectivit\u00e9<\/a>.<\/p>\n\n\n\n<hr class=\"wp-block-separator has-alpha-channel-opacity\"\/>\n\n\n\n<p>Si vous avez d&rsquo;autres questions \u00e0 ce sujet, veuillez nous appeler au +1 763-571-5000 ou envoyer un courriel \u00e0 <a href=\"mailto:sales.na@apgsolutions.com\">sales.na@apgsolutions.com<\/a> et <a href=\"mailto:sales.eu@apgsolutions.com\">sales.eu@apgsolutions.com<\/a>. Veuillez indiquer la r\u00e9f\u00e9rence de votre tiroir-caisse, la marque et la s\u00e9rie de votre imprimante lorsque vous envoyez un courriel. <\/p>\n","protected":false},"excerpt":{"rendered":"<p>Raccordement d&rsquo;un tiroir-caisse SGA \u00e0 une imprimante de re\u00e7us 24V La plupart des imprimantes de re\u00e7us sur le march\u00e9 des points de vente sont dot\u00e9es de ports de tiroir qui envoient un signal 24VDC pour ouvrir le tiroir-caisse. Il est important de noter que les ports d&rsquo;ouverture de tiroir ne sont pas tous identiques chez [&hellip;]<\/p>\n","protected":false},"author":4,"featured_media":0,"parent":0,"menu_order":0,"comment_status":"closed","ping_status":"closed","template":"","meta":{"_acf_changed":false,"content-type":"","footnotes":""},"class_list":["post-93576","page","type-page","status-publish"],"yoast_head":"<!-- This site is optimized with the Yoast SEO Premium plugin v23.5 (Yoast SEO v27.2) - https:\/\/yoast.com\/product\/yoast-seo-premium-wordpress\/ -->\n<title>Connexion d&#039;un tiroir-caisse \u00e0 une imprimante | apg\u00ae Solutions<\/title>\n<meta name=\"description\" content=\"Comment connecter un tiroir-caisse \u00e0 une imprimante. La plupart des imprimantes de re\u00e7us disponibles sur le march\u00e9 sont \u00e9quip\u00e9es de ports d&#039;ouverture de tiroir qui envoient un signal 24VDC pour ouvrir le tiroir-caisse. Il est important de noter que les ports de tiroir-caisse des fabricants d&#039;imprimantes ne sont pas tous identiques.\" \/>\n<meta name=\"robots\" content=\"index, follow, max-snippet:-1, max-image-preview:large, max-video-preview:-1\" \/>\n<link rel=\"canonical\" href=\"https:\/\/apgsolutions.com\/fr\/connecting-cash-drawer-printer\/\" \/>\n<meta property=\"og:locale\" content=\"fr_FR\" \/>\n<meta property=\"og:type\" content=\"article\" \/>\n<meta property=\"og:title\" content=\"Connexion d&#039;un tiroir-caisse \u00e0 une imprimante | apg\u00ae Solutions\" \/>\n<meta property=\"og:description\" content=\"Comment connecter un tiroir-caisse \u00e0 une imprimante. La plupart des imprimantes de re\u00e7us disponibles sur le march\u00e9 sont \u00e9quip\u00e9es de ports d&#039;ouverture de tiroir qui envoient un signal 24VDC pour ouvrir le tiroir-caisse. Il est important de noter que les ports de tiroir-caisse des fabricants d&#039;imprimantes ne sont pas tous identiques.\" \/>\n<meta property=\"og:url\" content=\"https:\/\/apgsolutions.com\/fr\/connecting-cash-drawer-printer\/\" \/>\n<meta property=\"og:site_name\" content=\"apg\u00ae Solutions\" \/>\n<meta property=\"article:publisher\" content=\"https:\/\/www.facebook.com\/apgglobalsolutions\" \/>\n<meta property=\"article:modified_time\" content=\"2025-11-03T14:12:45+00:00\" \/>\n<meta property=\"og:image\" content=\"https:\/\/apgsolutions.com\/wp-content\/uploads\/2023\/05\/Cable-used-for-multiple-parts-150x150.jpg\" \/>\n<meta name=\"twitter:card\" content=\"summary_large_image\" \/>\n<meta name=\"twitter:site\" content=\"@apg_solutions\" \/>\n<meta name=\"twitter:label1\" content=\"Dur\u00e9e de lecture estim\u00e9e\" \/>\n\t<meta name=\"twitter:data1\" content=\"2 minutes\" \/>\n<script type=\"application\/ld+json\" class=\"yoast-schema-graph\">{\"@context\":\"https:\/\/schema.org\",\"@graph\":[{\"@type\":\"WebPage\",\"@id\":\"https:\/\/apgsolutions.com\/fr\/connecting-cash-drawer-printer\/\",\"url\":\"https:\/\/apgsolutions.com\/fr\/connecting-cash-drawer-printer\/\",\"name\":\"Connexion d'un tiroir-caisse \u00e0 une imprimante | apg\u00ae Solutions\",\"isPartOf\":{\"@id\":\"https:\/\/apgsolutions.com\/fr\/#website\"},\"primaryImageOfPage\":{\"@id\":\"https:\/\/apgsolutions.com\/fr\/connecting-cash-drawer-printer\/#primaryimage\"},\"image\":{\"@id\":\"https:\/\/apgsolutions.com\/fr\/connecting-cash-drawer-printer\/#primaryimage\"},\"thumbnailUrl\":\"https:\/\/apgsolutions.com\/wp-content\/uploads\/2023\/05\/Cable-used-for-multiple-parts-150x150.jpg\",\"datePublished\":\"2025-09-26T06:45:44+00:00\",\"dateModified\":\"2025-11-03T14:12:45+00:00\",\"description\":\"Comment connecter un tiroir-caisse \u00e0 une imprimante. La plupart des imprimantes de re\u00e7us disponibles sur le march\u00e9 sont \u00e9quip\u00e9es de ports d'ouverture de tiroir qui envoient un signal 24VDC pour ouvrir le tiroir-caisse. Il est important de noter que les ports de tiroir-caisse des fabricants d'imprimantes ne sont pas tous identiques.\",\"inLanguage\":\"fr-FR\",\"potentialAction\":[{\"@type\":\"ReadAction\",\"target\":[\"https:\/\/apgsolutions.com\/fr\/connecting-cash-drawer-printer\/\"]}]},{\"@type\":\"ImageObject\",\"inLanguage\":\"fr-FR\",\"@id\":\"https:\/\/apgsolutions.com\/fr\/connecting-cash-drawer-printer\/#primaryimage\",\"url\":\"https:\/\/apgsolutions.com\/wp-content\/uploads\/2023\/05\/Cable-used-for-multiple-parts-150x150.jpg\",\"contentUrl\":\"https:\/\/apgsolutions.com\/wp-content\/uploads\/2023\/05\/Cable-used-for-multiple-parts-150x150.jpg\"},{\"@type\":\"WebSite\",\"@id\":\"https:\/\/apgsolutions.com\/fr\/#website\",\"url\":\"https:\/\/apgsolutions.com\/fr\/\",\"name\":\"APG Solutions, LLC\",\"description\":\"Trust at every point.\",\"publisher\":{\"@id\":\"https:\/\/apgsolutions.com\/fr\/#organization\"},\"potentialAction\":[{\"@type\":\"SearchAction\",\"target\":{\"@type\":\"EntryPoint\",\"urlTemplate\":\"https:\/\/apgsolutions.com\/fr\/?s={search_term_string}\"},\"query-input\":{\"@type\":\"PropertyValueSpecification\",\"valueRequired\":true,\"valueName\":\"search_term_string\"}}],\"inLanguage\":\"fr-FR\"},{\"@type\":\"Organization\",\"@id\":\"https:\/\/apgsolutions.com\/fr\/#organization\",\"name\":\"APG Solution, LLC\",\"url\":\"https:\/\/apgsolutions.com\/fr\/\",\"logo\":{\"@type\":\"ImageObject\",\"inLanguage\":\"fr-FR\",\"@id\":\"https:\/\/apgsolutions.com\/fr\/#\/schema\/logo\/image\/\",\"url\":\"https:\/\/apgsolutions.com\/wp-content\/uploads\/2023\/12\/logomark-color.svg\",\"contentUrl\":\"https:\/\/apgsolutions.com\/wp-content\/uploads\/2023\/12\/logomark-color.svg\",\"width\":141,\"height\":138,\"caption\":\"APG Solution, LLC\"},\"image\":{\"@id\":\"https:\/\/apgsolutions.com\/fr\/#\/schema\/logo\/image\/\"},\"sameAs\":[\"https:\/\/www.facebook.com\/apgglobalsolutions\",\"https:\/\/x.com\/apg_solutions\",\"https:\/\/www.youtube.com\/c\/CashManagementGlobalSolutionsbyapg\",\"https:\/\/www.linkedin.com\/company\/apgglobalsolutions\/\",\"https:\/\/www.instagram.com\/apgglobalsolutions\/\",\"https:\/\/www.pinterest.com\/apgcashdrawer\/\"]}]}<\/script>\n<!-- \/ Yoast SEO Premium plugin. -->","yoast_head_json":{"title":"Connexion d'un tiroir-caisse \u00e0 une imprimante | apg\u00ae Solutions","description":"Comment connecter un tiroir-caisse \u00e0 une imprimante. La plupart des imprimantes de re\u00e7us disponibles sur le march\u00e9 sont \u00e9quip\u00e9es de ports d'ouverture de tiroir qui envoient un signal 24VDC pour ouvrir le tiroir-caisse. Il est important de noter que les ports de tiroir-caisse des fabricants d'imprimantes ne sont pas tous identiques.","robots":{"index":"index","follow":"follow","max-snippet":"max-snippet:-1","max-image-preview":"max-image-preview:large","max-video-preview":"max-video-preview:-1"},"canonical":"https:\/\/apgsolutions.com\/fr\/connecting-cash-drawer-printer\/","og_locale":"fr_FR","og_type":"article","og_title":"Connexion d'un tiroir-caisse \u00e0 une imprimante | apg\u00ae Solutions","og_description":"Comment connecter un tiroir-caisse \u00e0 une imprimante. La plupart des imprimantes de re\u00e7us disponibles sur le march\u00e9 sont \u00e9quip\u00e9es de ports d'ouverture de tiroir qui envoient un signal 24VDC pour ouvrir le tiroir-caisse. Il est important de noter que les ports de tiroir-caisse des fabricants d'imprimantes ne sont pas tous identiques.","og_url":"https:\/\/apgsolutions.com\/fr\/connecting-cash-drawer-printer\/","og_site_name":"apg\u00ae Solutions","article_publisher":"https:\/\/www.facebook.com\/apgglobalsolutions","article_modified_time":"2025-11-03T14:12:45+00:00","og_image":[{"url":"https:\/\/apgsolutions.com\/wp-content\/uploads\/2023\/05\/Cable-used-for-multiple-parts-150x150.jpg","type":"","width":"","height":""}],"twitter_card":"summary_large_image","twitter_site":"@apg_solutions","twitter_misc":{"Dur\u00e9e de lecture estim\u00e9e":"2 minutes"},"schema":{"@context":"https:\/\/schema.org","@graph":[{"@type":"WebPage","@id":"https:\/\/apgsolutions.com\/fr\/connecting-cash-drawer-printer\/","url":"https:\/\/apgsolutions.com\/fr\/connecting-cash-drawer-printer\/","name":"Connexion d'un tiroir-caisse \u00e0 une imprimante | apg\u00ae Solutions","isPartOf":{"@id":"https:\/\/apgsolutions.com\/fr\/#website"},"primaryImageOfPage":{"@id":"https:\/\/apgsolutions.com\/fr\/connecting-cash-drawer-printer\/#primaryimage"},"image":{"@id":"https:\/\/apgsolutions.com\/fr\/connecting-cash-drawer-printer\/#primaryimage"},"thumbnailUrl":"https:\/\/apgsolutions.com\/wp-content\/uploads\/2023\/05\/Cable-used-for-multiple-parts-150x150.jpg","datePublished":"2025-09-26T06:45:44+00:00","dateModified":"2025-11-03T14:12:45+00:00","description":"Comment connecter un tiroir-caisse \u00e0 une imprimante. La plupart des imprimantes de re\u00e7us disponibles sur le march\u00e9 sont \u00e9quip\u00e9es de ports d'ouverture de tiroir qui envoient un signal 24VDC pour ouvrir le tiroir-caisse. Il est important de noter que les ports de tiroir-caisse des fabricants d'imprimantes ne sont pas tous identiques.","inLanguage":"fr-FR","potentialAction":[{"@type":"ReadAction","target":["https:\/\/apgsolutions.com\/fr\/connecting-cash-drawer-printer\/"]}]},{"@type":"ImageObject","inLanguage":"fr-FR","@id":"https:\/\/apgsolutions.com\/fr\/connecting-cash-drawer-printer\/#primaryimage","url":"https:\/\/apgsolutions.com\/wp-content\/uploads\/2023\/05\/Cable-used-for-multiple-parts-150x150.jpg","contentUrl":"https:\/\/apgsolutions.com\/wp-content\/uploads\/2023\/05\/Cable-used-for-multiple-parts-150x150.jpg"},{"@type":"WebSite","@id":"https:\/\/apgsolutions.com\/fr\/#website","url":"https:\/\/apgsolutions.com\/fr\/","name":"APG Solutions, LLC","description":"Trust at every point.","publisher":{"@id":"https:\/\/apgsolutions.com\/fr\/#organization"},"potentialAction":[{"@type":"SearchAction","target":{"@type":"EntryPoint","urlTemplate":"https:\/\/apgsolutions.com\/fr\/?s={search_term_string}"},"query-input":{"@type":"PropertyValueSpecification","valueRequired":true,"valueName":"search_term_string"}}],"inLanguage":"fr-FR"},{"@type":"Organization","@id":"https:\/\/apgsolutions.com\/fr\/#organization","name":"APG Solution, LLC","url":"https:\/\/apgsolutions.com\/fr\/","logo":{"@type":"ImageObject","inLanguage":"fr-FR","@id":"https:\/\/apgsolutions.com\/fr\/#\/schema\/logo\/image\/","url":"https:\/\/apgsolutions.com\/wp-content\/uploads\/2023\/12\/logomark-color.svg","contentUrl":"https:\/\/apgsolutions.com\/wp-content\/uploads\/2023\/12\/logomark-color.svg","width":141,"height":138,"caption":"APG Solution, LLC"},"image":{"@id":"https:\/\/apgsolutions.com\/fr\/#\/schema\/logo\/image\/"},"sameAs":["https:\/\/www.facebook.com\/apgglobalsolutions","https:\/\/x.com\/apg_solutions","https:\/\/www.youtube.com\/c\/CashManagementGlobalSolutionsbyapg","https:\/\/www.linkedin.com\/company\/apgglobalsolutions\/","https:\/\/www.instagram.com\/apgglobalsolutions\/","https:\/\/www.pinterest.com\/apgcashdrawer\/"]}]}},"acf":[],"_links":{"self":[{"href":"https:\/\/apgsolutions.com\/fr\/wp-json\/wp\/v2\/pages\/93576","targetHints":{"allow":["GET"]}}],"collection":[{"href":"https:\/\/apgsolutions.com\/fr\/wp-json\/wp\/v2\/pages"}],"about":[{"href":"https:\/\/apgsolutions.com\/fr\/wp-json\/wp\/v2\/types\/page"}],"author":[{"embeddable":true,"href":"https:\/\/apgsolutions.com\/fr\/wp-json\/wp\/v2\/users\/4"}],"replies":[{"embeddable":true,"href":"https:\/\/apgsolutions.com\/fr\/wp-json\/wp\/v2\/comments?post=93576"}],"version-history":[{"count":5,"href":"https:\/\/apgsolutions.com\/fr\/wp-json\/wp\/v2\/pages\/93576\/revisions"}],"predecessor-version":[{"id":96685,"href":"https:\/\/apgsolutions.com\/fr\/wp-json\/wp\/v2\/pages\/93576\/revisions\/96685"}],"wp:attachment":[{"href":"https:\/\/apgsolutions.com\/fr\/wp-json\/wp\/v2\/media?parent=93576"}],"curies":[{"name":"wp","href":"https:\/\/api.w.org\/{rel}","templated":true}]}}