{"id":93590,"date":"2025-09-26T13:33:32","date_gmt":"2025-09-26T13:33:32","guid":{"rendered":"https:\/\/apgsolutions.com\/convenience-stores\/"},"modified":"2025-11-21T11:27:51","modified_gmt":"2025-11-21T11:27:51","slug":"convenience-stores","status":"publish","type":"page","link":"https:\/\/apgsolutions.com\/fr\/industry\/convenience-stores\/","title":{"rendered":"Solutions POS et tiroirs-caisses pour les commerces de proximit\u00e9"},"content":{"rendered":"<div class=\"section_page-header \">\n    <img decoding=\"async\" class=\"header-image\" src=\"https:\/\/apgsolutions.com\/wp-content\/uploads\/2023\/07\/Convenience-Store.jpg\" alt=\"Convenience Stores\" title=\"Convenience Stores\">\n            <div class=\"header-content\">\n            <h1>POS Solutions &amp; Cash Drawers for Convenience Stores<\/h1>\n        <\/div>\n    <\/div>\n<div class=\"wp-block-group pos-content-div is-vertical is-content-justification-center is-layout-flex wp-container-core-group-is-layout-4b2eccd6 wp-block-group-is-layout-flex\">\n<div style=\"height:0px\" aria-hidden=\"true\" class=\"wp-block-spacer wp-container-content-b83b6736\"><\/div>\n\n\n\n<div class=\"wp-block-group is-vertical is-content-justification-center is-nowrap is-layout-flex wp-container-core-group-is-layout-e862386f wp-block-group-is-layout-flex\">\n<p class=\"has-text-align-center has-large-font-size\"><strong>Cr\u00e9er des gains d&rsquo;efficacit\u00e9 dans la manipulation des esp\u00e8ces<\/strong><\/p>\n\n\n\n<div style=\"height:0px\" aria-hidden=\"true\" class=\"wp-block-spacer wp-container-content-5082a153\"><\/div>\n\n\n\n<p class=\"has-text-align-center\">Dans le monde entier, les d\u00e9panneurs sont en train de se transformer : autrefois ax\u00e9s sur le carburant, ils proposent d\u00e9sormais des produits de premi\u00e8re n\u00e9cessit\u00e9 que les consommateurs achetaient autrefois dans les magasins de d\u00e9tail. Selon la NACS, un d\u00e9panneur am\u00e9ricain effectue en moyenne 1 491 transactions par jour, soit 45 312 par mois. Le secteur est domin\u00e9 par les exploitants d&rsquo;un seul magasin, qui repr\u00e9sentent environ 60 % de tous les magasins de proximit\u00e9. Avec un magasin de petite taille, les clients en d\u00e9placement peuvent rapidement se procurer de la nourriture, de l&rsquo;essence, des produits m\u00e9nagers essentiels et plus encore, avec des transactions typiques inf\u00e9rieures \u00e0 50 dollars. Les consommateurs pr\u00e9f\u00e8rent utiliser de l&rsquo;argent liquide pour environ la moiti\u00e9 de toutes les ventes d&rsquo;une valeur inf\u00e9rieure \u00e0 50 $.    <\/p>\n\n\n\n<p class=\"has-text-align-center\"><\/p>\n\n\n\n<p class=\"has-text-align-center\">Avec de nombreuses transactions en esp\u00e8ces, les commerces de proximit\u00e9 ont besoin de solutions POS durables qui r\u00e9duisent les d\u00e9fis li\u00e9s \u00e0 la manipulation des esp\u00e8ces. Dans ce contexte, la manipulation manuelle des esp\u00e8ces entra\u00eene des co\u00fbts de main-d&rsquo;\u0153uvre \u00e9lev\u00e9s et des \u00e9carts de caisse qui ont un impact sur le r\u00e9sultat net. Les propri\u00e9taires de magasins sont \u00e9galement confront\u00e9s \u00e0 des menaces de vols, de vols internes et de contrefa\u00e7ons. apg\u00ae propose de multiples solutions pour aider \u00e0 r\u00e9duire les probl\u00e8mes de gestion des esp\u00e8ces dans le secteur des commerces de proximit\u00e9.   <\/p>\n<\/div>\n\n\n\n<div style=\"height:0px\" aria-hidden=\"true\" class=\"wp-block-spacer wp-container-content-b83b6736\"><\/div>\n\n\n\n<div class=\"wp-block-group is-vertical is-layout-flex wp-container-core-group-is-layout-8cf370e7 wp-block-group-is-layout-flex\">\n<p style=\"font-size:30px\"><strong>Faits et statistiques<\/strong><\/p>\n\n\n\n<div style=\"height:0px\" aria-hidden=\"true\" class=\"wp-block-spacer wp-container-content-5082a153\"><\/div>\n<\/div>\n\n\n\n<div class=\"wp-block-columns is-layout-flex wp-container-core-columns-is-layout-9d6595d7 wp-block-columns-is-layout-flex\">\n<div class=\"wp-block-column pos-card-box has-background is-layout-flow wp-block-column-is-layout-flow\" style=\"background-color:#fcfaf7;flex-basis:360px\">\n<div style=\"height:1rem\" aria-hidden=\"true\" class=\"wp-block-spacer\"><\/div>\n\n\n<div class=\"wp-block-image\">\n<figure class=\"aligncenter size-full\"><img decoding=\"async\" width=\"80\" height=\"80\" src=\"https:\/\/apgsolutions.com\/wp-content\/uploads\/2023\/07\/Money-Growth_Light-Blue.png\" alt=\"Principale source de revenus Ic&#xF4;ne\" class=\"wp-image-68978\" style=\"object-fit:cover\"\/><\/figure>\n<\/div>\n\n\n<h3 class=\"wp-block-heading has-text-align-center\" id=\"h-growth\">Croissance<\/h3>\n\n\n\n<p class=\"has-text-align-center\">En janvier 2024, il y aura 152 396 magasins de proximit\u00e9 aux \u00c9tats-Unis.<\/p>\n\n\n\n<div style=\"height:1rem\" aria-hidden=\"true\" class=\"wp-block-spacer\"><\/div>\n<\/div>\n\n\n\n<div class=\"wp-block-column pos-card-box has-background is-layout-flow wp-block-column-is-layout-flow\" style=\"background-color:#fcfaf7;flex-basis:360px\">\n<div style=\"height:1rem\" aria-hidden=\"true\" class=\"wp-block-spacer\"><\/div>\n\n\n<div class=\"wp-block-image\">\n<figure class=\"aligncenter size-full\"><img decoding=\"async\" width=\"80\" height=\"80\" src=\"https:\/\/apgsolutions.com\/wp-content\/uploads\/2023\/07\/Partners-5.png\" alt=\"Ic&#xF4;ne des partenaires\" class=\"wp-image-69397\" style=\"object-fit:cover\"\/><\/figure>\n<\/div>\n\n\n<h3 class=\"wp-block-heading has-text-align-center\" id=\"h-opportunity\">Opportunit\u00e9<\/h3>\n\n\n\n<p class=\"has-text-align-center\">En 2023, les magasins de proximit\u00e9 repr\u00e9sentaient 2,74 millions d&#8217;emplois aux \u00c9tats-Unis.<\/p>\n\n\n\n<div style=\"height:1rem\" aria-hidden=\"true\" class=\"wp-block-spacer\"><\/div>\n<\/div>\n\n\n\n<div class=\"wp-block-column pos-card-box has-background is-layout-flow wp-block-column-is-layout-flow\" style=\"background-color:#fcfaf7;flex-basis:360px\">\n<div style=\"height:1rem\" aria-hidden=\"true\" class=\"wp-block-spacer\"><\/div>\n\n\n<div class=\"wp-block-image\">\n<figure class=\"aligncenter size-full\"><img decoding=\"async\" width=\"80\" height=\"80\" src=\"https:\/\/apgsolutions.com\/wp-content\/uploads\/2023\/07\/Finance-3.png\" alt=\"Ic&#xF4;ne de la finance\" class=\"wp-image-69255\" style=\"object-fit:cover\"\/><\/figure>\n<\/div>\n\n\n<h3 class=\"wp-block-heading has-text-align-center\" id=\"h-revenue\">Recettes<\/h3>\n\n\n\n<p class=\"has-text-align-center\">En 2023, les ventes totales des d\u00e9panneurs s&rsquo;\u00e9levaient \u00e0 859,8 milliards de dollars | NACS<\/p>\n\n\n\n<div style=\"height:16px\" aria-hidden=\"true\" class=\"wp-block-spacer\"><\/div>\n<\/div>\n<\/div>\n\n\n\n<div style=\"height:0px\" aria-hidden=\"true\" class=\"wp-block-spacer wp-container-content-b83b6736\"><\/div>\n\n\n\n<div class=\"wp-block-group is-vertical is-layout-flex wp-container-core-group-is-layout-8cf370e7 wp-block-group-is-layout-flex\">\n<p style=\"font-size:30px\"><strong>Nos tiroirs recommand\u00e9s pour les d\u00e9panneurs<\/strong><\/p>\n\n\n\n<div style=\"height:0px\" aria-hidden=\"true\" class=\"wp-block-spacer wp-container-content-2cb1e7d4\"><\/div>\n<\/div>\n\n\n\n<div class=\"wp-block-columns is-layout-flex wp-container-core-columns-is-layout-9d6595d7 wp-block-columns-is-layout-flex\">\n<div class=\"wp-block-column is-layout-flow wp-block-column-is-layout-flow\">\n<div style=\"height:1rem\" aria-hidden=\"true\" class=\"wp-block-spacer\"><\/div>\n\n\n<div class=\"wp-block-image\">\n<figure class=\"aligncenter size-full is-resized\"><img loading=\"lazy\" decoding=\"async\" width=\"280\" height=\"210\" src=\"https:\/\/apgsolutions.com\/wp-content\/uploads\/2023\/06\/Vasario-VBxxx-BL1616-Closed-Left.jpg\" alt=\"Vasario-VBxxx-BL1616-Closed-Left\" class=\"wp-image-62747\" style=\"width:186px\"\/><\/figure>\n<\/div>\n\n\n<h3 class=\"wp-block-heading has-text-align-center\" id=\"h-e3600-cash-drawer\">Tiroir-caisse E3600<\/h3>\n\n\n\n<p class=\"has-text-align-left\">Le tiroir-caisse E3600 facilite le passage en caisse des employ\u00e9s exp\u00e9riment\u00e9s et des nouveaux employ\u00e9s. Assurez un encaissement rapide aux heures de pointe.   <\/p>\n\n\n\n<p class=\"has-text-align-left\">Avec une durabilit\u00e9 test\u00e9e pour plus de quatre millions de transactions, le E3600 offre des performances fiables.<\/p>\n\n\n\n<div style=\"height:1rem\" aria-hidden=\"true\" class=\"wp-block-spacer\"><\/div>\n<\/div>\n\n\n\n<div class=\"wp-block-column is-layout-flow wp-block-column-is-layout-flow\">\n<div style=\"height:1rem\" aria-hidden=\"true\" class=\"wp-block-spacer\"><\/div>\n\n\n<div class=\"wp-block-image\">\n<figure class=\"aligncenter size-full is-resized\"><img decoding=\"async\" src=\"https:\/\/apgsolutions.com\/wp-content\/uploads\/2024\/09\/Series-100.png\" alt=\"Tiroir-caisse de la s&#xE9;rie 100\" class=\"wp-image-86680\" style=\"width:186px\"\/><\/figure>\n<\/div>\n\n\n<h3 class=\"wp-block-heading has-text-align-center\" id=\"h-series-100-cash-drawer\">Tiroir-caisse s\u00e9rie 100<\/h3>\n\n\n\n<p class=\"has-text-align-left\">La s\u00e9rie 100 est con\u00e7ue pour l&rsquo;environnement rapide des magasins de proximit\u00e9, offrant un grand espace de stockage avec un compartiment profond sous le bac, parfait pour contenir les rouleaux de pi\u00e8ces et les billets emball\u00e9s.  <\/p>\n\n\n\n<p class=\"has-text-align-left\">Con\u00e7ue pour r\u00e9sister \u00e0 plus de quatre millions de transactions, la s\u00e9rie 100 garantit des op\u00e9rations fluides et efficaces aux caisses.  <\/p>\n\n\n\n<div style=\"height:1rem\" aria-hidden=\"true\" class=\"wp-block-spacer\"><\/div>\n<\/div>\n<\/div>\n<\/div>\n","protected":false},"excerpt":{"rendered":"<p>Cr\u00e9er des gains d&rsquo;efficacit\u00e9 dans la manipulation des esp\u00e8ces Dans le monde entier, les d\u00e9panneurs sont en train de se transformer : autrefois ax\u00e9s sur le carburant, ils proposent d\u00e9sormais des produits de premi\u00e8re n\u00e9cessit\u00e9 que les consommateurs achetaient autrefois dans les magasins de d\u00e9tail. Selon la NACS, un d\u00e9panneur am\u00e9ricain effectue en moyenne 1 [&hellip;]<\/p>\n","protected":false},"author":4,"featured_media":0,"parent":0,"menu_order":0,"comment_status":"closed","ping_status":"closed","template":"","meta":{"_acf_changed":false,"content-type":"","footnotes":""},"class_list":["post-93590","page","type-page","status-publish"],"yoast_head":"<!-- This site is optimized with the Yoast SEO Premium plugin v23.5 (Yoast SEO v27.2) - https:\/\/yoast.com\/product\/yoast-seo-premium-wordpress\/ -->\n<title>Solutions POS pour les d\u00e9panneurs - Tiroirs-caisses pour d\u00e9panneurs | apg\u00ae<\/title>\n<meta name=\"description\" content=\"Les d\u00e9panneurs dominent avec des paiements en esp\u00e8ces de 63% sur l&#039;ensemble des transactions. Consultez nos solutions POS recommand\u00e9es pour les magasins de proximit\u00e9 et les stations-service.\" \/>\n<meta name=\"robots\" content=\"index, follow, max-snippet:-1, max-image-preview:large, max-video-preview:-1\" \/>\n<link rel=\"canonical\" href=\"https:\/\/apgsolutions.com\/fr\/industry\/convenience-stores\/\" \/>\n<meta property=\"og:locale\" content=\"fr_FR\" \/>\n<meta property=\"og:type\" content=\"article\" \/>\n<meta property=\"og:title\" content=\"Solutions POS pour les d\u00e9panneurs - Tiroirs-caisses pour d\u00e9panneurs | apg\u00ae\" \/>\n<meta property=\"og:description\" content=\"Les d\u00e9panneurs dominent avec des paiements en esp\u00e8ces de 63% sur l&#039;ensemble des transactions. Consultez nos solutions POS recommand\u00e9es pour les magasins de proximit\u00e9 et les stations-service.\" \/>\n<meta property=\"og:url\" content=\"https:\/\/apgsolutions.com\/fr\/industry\/convenience-stores\/\" \/>\n<meta property=\"og:site_name\" content=\"apg\u00ae Solutions\" \/>\n<meta property=\"article:publisher\" content=\"https:\/\/www.facebook.com\/apgglobalsolutions\" \/>\n<meta property=\"article:modified_time\" content=\"2025-11-21T11:27:51+00:00\" \/>\n<meta property=\"og:image\" content=\"https:\/\/apgsolutions.com\/wp-content\/uploads\/2023\/07\/Money-Growth_Light-Blue.png\" \/>\n<meta name=\"twitter:card\" content=\"summary_large_image\" \/>\n<meta name=\"twitter:site\" content=\"@apg_solutions\" \/>\n<meta name=\"twitter:label1\" content=\"Dur\u00e9e de lecture estim\u00e9e\" \/>\n\t<meta name=\"twitter:data1\" content=\"3 minutes\" \/>\n<script type=\"application\/ld+json\" class=\"yoast-schema-graph\">{\"@context\":\"https:\/\/schema.org\",\"@graph\":[{\"@type\":\"WebPage\",\"@id\":\"https:\/\/apgsolutions.com\/fr\/industry\/convenience-stores\/\",\"url\":\"https:\/\/apgsolutions.com\/fr\/industry\/convenience-stores\/\",\"name\":\"Solutions POS pour les d\u00e9panneurs - Tiroirs-caisses pour d\u00e9panneurs | apg\u00ae\",\"isPartOf\":{\"@id\":\"https:\/\/apgsolutions.com\/fr\/#website\"},\"primaryImageOfPage\":{\"@id\":\"https:\/\/apgsolutions.com\/fr\/industry\/convenience-stores\/#primaryimage\"},\"image\":{\"@id\":\"https:\/\/apgsolutions.com\/fr\/industry\/convenience-stores\/#primaryimage\"},\"thumbnailUrl\":\"https:\/\/apgsolutions.com\/wp-content\/uploads\/2023\/07\/Money-Growth_Light-Blue.png\",\"datePublished\":\"2025-09-26T13:33:32+00:00\",\"dateModified\":\"2025-11-21T11:27:51+00:00\",\"description\":\"Les d\u00e9panneurs dominent avec des paiements en esp\u00e8ces de 63% sur l'ensemble des transactions. Consultez nos solutions POS recommand\u00e9es pour les magasins de proximit\u00e9 et les stations-service.\",\"inLanguage\":\"fr-FR\",\"potentialAction\":[{\"@type\":\"ReadAction\",\"target\":[\"https:\/\/apgsolutions.com\/fr\/industry\/convenience-stores\/\"]}]},{\"@type\":\"ImageObject\",\"inLanguage\":\"fr-FR\",\"@id\":\"https:\/\/apgsolutions.com\/fr\/industry\/convenience-stores\/#primaryimage\",\"url\":\"https:\/\/apgsolutions.com\/wp-content\/uploads\/2023\/07\/Money-Growth_Light-Blue.png\",\"contentUrl\":\"https:\/\/apgsolutions.com\/wp-content\/uploads\/2023\/07\/Money-Growth_Light-Blue.png\"},{\"@type\":\"WebSite\",\"@id\":\"https:\/\/apgsolutions.com\/fr\/#website\",\"url\":\"https:\/\/apgsolutions.com\/fr\/\",\"name\":\"APG Solutions, LLC\",\"description\":\"Trust at every point.\",\"publisher\":{\"@id\":\"https:\/\/apgsolutions.com\/fr\/#organization\"},\"potentialAction\":[{\"@type\":\"SearchAction\",\"target\":{\"@type\":\"EntryPoint\",\"urlTemplate\":\"https:\/\/apgsolutions.com\/fr\/?s={search_term_string}\"},\"query-input\":{\"@type\":\"PropertyValueSpecification\",\"valueRequired\":true,\"valueName\":\"search_term_string\"}}],\"inLanguage\":\"fr-FR\"},{\"@type\":\"Organization\",\"@id\":\"https:\/\/apgsolutions.com\/fr\/#organization\",\"name\":\"APG Solution, LLC\",\"url\":\"https:\/\/apgsolutions.com\/fr\/\",\"logo\":{\"@type\":\"ImageObject\",\"inLanguage\":\"fr-FR\",\"@id\":\"https:\/\/apgsolutions.com\/fr\/#\/schema\/logo\/image\/\",\"url\":\"https:\/\/apgsolutions.com\/wp-content\/uploads\/2023\/12\/logomark-color.svg\",\"contentUrl\":\"https:\/\/apgsolutions.com\/wp-content\/uploads\/2023\/12\/logomark-color.svg\",\"width\":141,\"height\":138,\"caption\":\"APG Solution, LLC\"},\"image\":{\"@id\":\"https:\/\/apgsolutions.com\/fr\/#\/schema\/logo\/image\/\"},\"sameAs\":[\"https:\/\/www.facebook.com\/apgglobalsolutions\",\"https:\/\/x.com\/apg_solutions\",\"https:\/\/www.youtube.com\/c\/CashManagementGlobalSolutionsbyapg\",\"https:\/\/www.linkedin.com\/company\/apgglobalsolutions\/\",\"https:\/\/www.instagram.com\/apgglobalsolutions\/\",\"https:\/\/www.pinterest.com\/apgcashdrawer\/\"]}]}<\/script>\n<!-- \/ Yoast SEO Premium plugin. -->","yoast_head_json":{"title":"Solutions POS pour les d\u00e9panneurs - Tiroirs-caisses pour d\u00e9panneurs | apg\u00ae","description":"Les d\u00e9panneurs dominent avec des paiements en esp\u00e8ces de 63% sur l'ensemble des transactions. Consultez nos solutions POS recommand\u00e9es pour les magasins de proximit\u00e9 et les stations-service.","robots":{"index":"index","follow":"follow","max-snippet":"max-snippet:-1","max-image-preview":"max-image-preview:large","max-video-preview":"max-video-preview:-1"},"canonical":"https:\/\/apgsolutions.com\/fr\/industry\/convenience-stores\/","og_locale":"fr_FR","og_type":"article","og_title":"Solutions POS pour les d\u00e9panneurs - Tiroirs-caisses pour d\u00e9panneurs | apg\u00ae","og_description":"Les d\u00e9panneurs dominent avec des paiements en esp\u00e8ces de 63% sur l'ensemble des transactions. Consultez nos solutions POS recommand\u00e9es pour les magasins de proximit\u00e9 et les stations-service.","og_url":"https:\/\/apgsolutions.com\/fr\/industry\/convenience-stores\/","og_site_name":"apg\u00ae Solutions","article_publisher":"https:\/\/www.facebook.com\/apgglobalsolutions","article_modified_time":"2025-11-21T11:27:51+00:00","og_image":[{"url":"https:\/\/apgsolutions.com\/wp-content\/uploads\/2023\/07\/Money-Growth_Light-Blue.png","type":"","width":"","height":""}],"twitter_card":"summary_large_image","twitter_site":"@apg_solutions","twitter_misc":{"Dur\u00e9e de lecture estim\u00e9e":"3 minutes"},"schema":{"@context":"https:\/\/schema.org","@graph":[{"@type":"WebPage","@id":"https:\/\/apgsolutions.com\/fr\/industry\/convenience-stores\/","url":"https:\/\/apgsolutions.com\/fr\/industry\/convenience-stores\/","name":"Solutions POS pour les d\u00e9panneurs - Tiroirs-caisses pour d\u00e9panneurs | apg\u00ae","isPartOf":{"@id":"https:\/\/apgsolutions.com\/fr\/#website"},"primaryImageOfPage":{"@id":"https:\/\/apgsolutions.com\/fr\/industry\/convenience-stores\/#primaryimage"},"image":{"@id":"https:\/\/apgsolutions.com\/fr\/industry\/convenience-stores\/#primaryimage"},"thumbnailUrl":"https:\/\/apgsolutions.com\/wp-content\/uploads\/2023\/07\/Money-Growth_Light-Blue.png","datePublished":"2025-09-26T13:33:32+00:00","dateModified":"2025-11-21T11:27:51+00:00","description":"Les d\u00e9panneurs dominent avec des paiements en esp\u00e8ces de 63% sur l'ensemble des transactions. Consultez nos solutions POS recommand\u00e9es pour les magasins de proximit\u00e9 et les stations-service.","inLanguage":"fr-FR","potentialAction":[{"@type":"ReadAction","target":["https:\/\/apgsolutions.com\/fr\/industry\/convenience-stores\/"]}]},{"@type":"ImageObject","inLanguage":"fr-FR","@id":"https:\/\/apgsolutions.com\/fr\/industry\/convenience-stores\/#primaryimage","url":"https:\/\/apgsolutions.com\/wp-content\/uploads\/2023\/07\/Money-Growth_Light-Blue.png","contentUrl":"https:\/\/apgsolutions.com\/wp-content\/uploads\/2023\/07\/Money-Growth_Light-Blue.png"},{"@type":"WebSite","@id":"https:\/\/apgsolutions.com\/fr\/#website","url":"https:\/\/apgsolutions.com\/fr\/","name":"APG Solutions, LLC","description":"Trust at every point.","publisher":{"@id":"https:\/\/apgsolutions.com\/fr\/#organization"},"potentialAction":[{"@type":"SearchAction","target":{"@type":"EntryPoint","urlTemplate":"https:\/\/apgsolutions.com\/fr\/?s={search_term_string}"},"query-input":{"@type":"PropertyValueSpecification","valueRequired":true,"valueName":"search_term_string"}}],"inLanguage":"fr-FR"},{"@type":"Organization","@id":"https:\/\/apgsolutions.com\/fr\/#organization","name":"APG Solution, LLC","url":"https:\/\/apgsolutions.com\/fr\/","logo":{"@type":"ImageObject","inLanguage":"fr-FR","@id":"https:\/\/apgsolutions.com\/fr\/#\/schema\/logo\/image\/","url":"https:\/\/apgsolutions.com\/wp-content\/uploads\/2023\/12\/logomark-color.svg","contentUrl":"https:\/\/apgsolutions.com\/wp-content\/uploads\/2023\/12\/logomark-color.svg","width":141,"height":138,"caption":"APG Solution, LLC"},"image":{"@id":"https:\/\/apgsolutions.com\/fr\/#\/schema\/logo\/image\/"},"sameAs":["https:\/\/www.facebook.com\/apgglobalsolutions","https:\/\/x.com\/apg_solutions","https:\/\/www.youtube.com\/c\/CashManagementGlobalSolutionsbyapg","https:\/\/www.linkedin.com\/company\/apgglobalsolutions\/","https:\/\/www.instagram.com\/apgglobalsolutions\/","https:\/\/www.pinterest.com\/apgcashdrawer\/"]}]}},"acf":[],"_links":{"self":[{"href":"https:\/\/apgsolutions.com\/fr\/wp-json\/wp\/v2\/pages\/93590","targetHints":{"allow":["GET"]}}],"collection":[{"href":"https:\/\/apgsolutions.com\/fr\/wp-json\/wp\/v2\/pages"}],"about":[{"href":"https:\/\/apgsolutions.com\/fr\/wp-json\/wp\/v2\/types\/page"}],"author":[{"embeddable":true,"href":"https:\/\/apgsolutions.com\/fr\/wp-json\/wp\/v2\/users\/4"}],"replies":[{"embeddable":true,"href":"https:\/\/apgsolutions.com\/fr\/wp-json\/wp\/v2\/comments?post=93590"}],"version-history":[{"count":4,"href":"https:\/\/apgsolutions.com\/fr\/wp-json\/wp\/v2\/pages\/93590\/revisions"}],"predecessor-version":[{"id":95858,"href":"https:\/\/apgsolutions.com\/fr\/wp-json\/wp\/v2\/pages\/93590\/revisions\/95858"}],"wp:attachment":[{"href":"https:\/\/apgsolutions.com\/fr\/wp-json\/wp\/v2\/media?parent=93590"}],"curies":[{"name":"wp","href":"https:\/\/api.w.org\/{rel}","templated":true}]}}