{"id":93964,"date":"2025-10-07T10:47:50","date_gmt":"2025-10-07T10:47:50","guid":{"rendered":"https:\/\/apgsolutions.com\/bakery-point-of-sale-solutions\/"},"modified":"2026-03-12T11:45:21","modified_gmt":"2026-03-12T11:45:21","slug":"bakery-point-of-sale-solutions","status":"publish","type":"page","link":"https:\/\/apgsolutions.com\/fr\/bakery-point-of-sale-solutions\/","title":{"rendered":"Solutions POS et tiroirs-caisses pour les boulangeries"},"content":{"rendered":"<div class=\"section_page-header \">\n    <img decoding=\"async\" class=\"header-image\" src=\"https:\/\/apgsolutions.com\/wp-content\/uploads\/2023\/07\/Bakery-POS-Solutions.jpg\" alt=\"Bakery-POS-Solutions\" title=\"Bakery-POS-Solutions\">\n            <div class=\"header-content\">\n            <h1>POS Solutions &amp; Cash Drawers for Bakeries<\/h1>\n        <\/div>\n    <\/div>\n<div class=\"wp-block-group pos-content-div is-vertical is-content-justification-center is-layout-flex wp-container-core-group-is-layout-4b2eccd6 wp-block-group-is-layout-flex\">\n<div style=\"height:0px\" aria-hidden=\"true\" class=\"wp-block-spacer wp-container-content-b83b6736\"><\/div>\n\n\n\n<div class=\"wp-block-group is-vertical is-content-justification-center is-nowrap is-layout-flex wp-container-core-group-is-layout-e862386f wp-block-group-is-layout-flex\">\n<p class=\"has-text-align-center has-large-font-size\"><strong>Opportunit\u00e9s croissantes pour l&rsquo;industrie de la boulangerie<\/strong><\/p>\n\n\n\n<div style=\"height:0px\" aria-hidden=\"true\" class=\"wp-block-spacer wp-container-content-5082a153\"><\/div>\n\n\n\n<p class=\"has-text-align-center\">En Europe, l&rsquo;industrie de la boulangerie est vitale pour le march\u00e9, le pain, les p\u00e2tisseries et les caf\u00e9s jouant un r\u00f4le essentiel dans la culture de nombreux pays. En 2021, la consommation totale de produits de boulangerie s&rsquo;\u00e9levait \u00e0 38 millions de tonnes dans 29 pays d&rsquo;Europe. Le secteur de la boulangerie est bien \u00e9tabli, offrant une vari\u00e9t\u00e9 de produits avec des canaux de distribution, des r\u00e9glementations, des plateformes d&rsquo;innovation et des pr\u00e9f\u00e9rences des consommateurs r\u00e9put\u00e9s. L&rsquo;industrie de la boulangerie restera l&rsquo;un des march\u00e9s les plus importants au monde dans les ann\u00e9es \u00e0 venir.   <\/p>\n\n\n\n<p class=\"has-text-align-center\">Les transactions en esp\u00e8ces jouent un r\u00f4le cl\u00e9 dans les boulangeries europ\u00e9ennes, mais elles peuvent ralentir le service si elles ne sont pas g\u00e9r\u00e9es efficacement. La commodit\u00e9 est un facteur important pour les Europ\u00e9ens lorsqu&rsquo;il s&rsquo;agit de choisir des aliments et les jeunes g\u00e9n\u00e9rations recherchent des produits frais, biologiques et artisanaux qu&rsquo;ils peuvent acheter sur le pouce. Les attentes des clients \u00e9tant \u00e9lev\u00e9es, il est important que les boulangeries g\u00e8rent les transactions de mani\u00e8re pr\u00e9cise et efficace, sous peine de se laisser distancer par la concurrence.  <\/p>\n\n\n\n<p class=\"has-text-align-center\">L&rsquo;industrie europ\u00e9enne de la boulangerie est stimul\u00e9e par de fr\u00e9quentes innovations technologiques et par l&rsquo;\u00e9volution des pr\u00e9f\u00e9rences des consommateurs. Dans un secteur o\u00f9 de nombreuses transactions sont effectu\u00e9es en esp\u00e8ces, les boulangeries devraient envisager d&rsquo;investir dans des <a href=\"https:\/\/apgsolutions.com\/fr\/produits\/smarttill-solution-suite\/\">solutions de gestion des esp\u00e8ces<\/a> con\u00e7ues pour fournir une protection suppl\u00e9mentaire contre les intrusions dans les environnements o\u00f9 il y a trop de d\u00e9bris tels que des miettes, du sucre et potentiellement des d\u00e9versements de liquides. Ces solutions peuvent faciliter un grand nombre de transactions en esp\u00e8ces et fonctionner de mani\u00e8re coh\u00e9rente dans des environnements \u00e0 forte rotation, tout en am\u00e9liorant l&rsquo;exp\u00e9rience de la caisse dans un environnement au rythme rapide.  <\/p>\n\n\n\n<p class=\"has-text-align-center\"><\/p>\n<\/div>\n\n\n\n<div style=\"height:0px\" aria-hidden=\"true\" class=\"wp-block-spacer wp-container-content-b83b6736\"><\/div>\n\n\n\n<div class=\"wp-block-group is-vertical is-layout-flex wp-container-core-group-is-layout-8cf370e7 wp-block-group-is-layout-flex\">\n<p style=\"font-size:30px\"><strong>Faits et statistiques<\/strong><\/p>\n\n\n\n<div style=\"height:0px\" aria-hidden=\"true\" class=\"wp-block-spacer wp-container-content-5082a153\"><\/div>\n<\/div>\n\n\n\n<div class=\"wp-block-columns is-layout-flex wp-container-core-columns-is-layout-9d6595d7 wp-block-columns-is-layout-flex\">\n<div class=\"wp-block-column pos-card-box has-background is-layout-flow wp-block-column-is-layout-flow\" style=\"background-color:#fcfaf7;flex-basis:360px\">\n<div style=\"height:1rem\" aria-hidden=\"true\" class=\"wp-block-spacer\"><\/div>\n\n\n<div class=\"wp-block-image\">\n<figure class=\"aligncenter size-full\"><img decoding=\"async\" width=\"80\" height=\"80\" src=\"https:\/\/apgsolutions.com\/wp-content\/uploads\/2023\/07\/Money-Growth_Light-Blue.png\" alt=\"Principale source de revenus Ic&#xF4;ne\" class=\"wp-image-68978\" style=\"object-fit:cover\" \/><\/figure>\n<\/div>\n\n\n<h3 class=\"wp-block-heading has-text-align-center\" id=\"h-growth\">Croissance<\/h3>\n\n\n\n<p class=\"has-text-align-center\">Le secteur de la boulangerie a un impact \u00e9conomique global de plus de 186 milliards de dollars aux \u00c9tats-Unis.<\/p>\n\n\n\n<div style=\"height:1rem\" aria-hidden=\"true\" class=\"wp-block-spacer\"><\/div>\n<\/div>\n\n\n\n<div class=\"wp-block-column pos-card-box has-background is-layout-flow wp-block-column-is-layout-flow\" style=\"background-color:#fcfaf7;flex-basis:360px\">\n<div style=\"height:1rem\" aria-hidden=\"true\" class=\"wp-block-spacer\"><\/div>\n\n\n<div class=\"wp-block-image\">\n<figure class=\"aligncenter size-full\"><img decoding=\"async\" width=\"80\" height=\"80\" src=\"https:\/\/apgsolutions.com\/wp-content\/uploads\/2023\/07\/Finance-3.png\" alt=\"Ic&#xF4;ne de la finance\" class=\"wp-image-69255\" style=\"object-fit:cover\" \/><\/figure>\n<\/div>\n\n\n<h3 class=\"wp-block-heading has-text-align-center\" id=\"h-market-share\">Part de march\u00e9<\/h3>\n\n\n\n<p class=\"has-text-align-center\">En Europe, les produits de boulangerie repr\u00e9sentaient 38 % du march\u00e9 total en 2023 | ABA<\/p>\n\n\n\n<div style=\"height:1rem\" aria-hidden=\"true\" class=\"wp-block-spacer\"><\/div>\n<\/div>\n\n\n\n<div class=\"wp-block-column pos-card-box has-background is-layout-flow wp-block-column-is-layout-flow\" style=\"background-color:#fcfaf7;flex-basis:360px\">\n<div style=\"height:1rem\" aria-hidden=\"true\" class=\"wp-block-spacer\"><\/div>\n\n\n<div class=\"wp-block-image\">\n<figure class=\"aligncenter size-full\"><img decoding=\"async\" width=\"80\" height=\"80\" src=\"https:\/\/apgsolutions.com\/wp-content\/uploads\/2023\/07\/Partners-5.png\" alt=\"Ic&#xF4;ne des partenaires\" class=\"wp-image-69397\" style=\"object-fit:cover\" \/><\/figure>\n<\/div>\n\n\n<h3 class=\"wp-block-heading has-text-align-center\" id=\"h-opportunity\">Opportunit\u00e9<\/h3>\n\n\n\n<p class=\"has-text-align-center\">Aux \u00c9tats-Unis, l&rsquo;industrie de la boulangerie emploie pr\u00e8s de 800 000 personnes.<\/p>\n\n\n\n<div style=\"height:16px\" aria-hidden=\"true\" class=\"wp-block-spacer\"><\/div>\n<\/div>\n<\/div>\n\n\n\n<div style=\"height:0px\" aria-hidden=\"true\" class=\"wp-block-spacer wp-container-content-b83b6736\"><\/div>\n\n\n\n<div class=\"wp-block-group is-vertical is-layout-flex wp-container-core-group-is-layout-8cf370e7 wp-block-group-is-layout-flex\">\n<p style=\"font-size:30px\"><strong>Nos tiroirs recommand\u00e9s pour les boulangeries<\/strong><\/p>\n\n\n\n<div style=\"height:0px\" aria-hidden=\"true\" class=\"wp-block-spacer wp-container-content-2cb1e7d4\"><\/div>\n<\/div>\n\n\n\n<div class=\"wp-block-columns is-layout-flex wp-container-core-columns-is-layout-9d6595d7 wp-block-columns-is-layout-flex\">\n<div class=\"wp-block-column is-layout-flow wp-block-column-is-layout-flow\">\n<div style=\"height:1rem\" aria-hidden=\"true\" class=\"wp-block-spacer\"><\/div>\n\n\n<div class=\"wp-block-image\">\n<figure class=\"aligncenter size-full is-resized\"><img decoding=\"async\" src=\"https:\/\/apgsolutions.com\/wp-content\/uploads\/2024\/09\/Series-100.png\" alt=\"Tiroir-caisse de la s&#xE9;rie 100\" class=\"wp-image-86680\" style=\"width:186px\" \/><\/figure>\n<\/div>\n\n\n<h3 class=\"wp-block-heading has-text-align-center\" id=\"h-series-100-cash-drawer\">Tiroir-caisse s\u00e9rie 100<\/h3>\n\n\n\n<p class=\"has-text-align-left\">The <a href=\"https:\/\/apgsolutions.com\/products\/cash-drawers\/heavy-duty\/series-100\/\">Series 100<\/a> is ideal for bakeries, offering ample storage with a deep under-till compartment to organize coin rolls and packaged currency.\u00a0<\/p>\n\n\n\n<p class=\"has-text-align-left\">Sa conception compacte est parfaite pour optimiser l&rsquo;espace de comptoir dans les boulangeries tr\u00e8s fr\u00e9quent\u00e9es. Con\u00e7ue pour supporter plus de quatre millions de transactions, la s\u00e9rie 100 est le choix id\u00e9al pour g\u00e9rer un volume de ventes \u00e9lev\u00e9. <\/p>\n\n\n\n<div style=\"height:1rem\" aria-hidden=\"true\" class=\"wp-block-spacer\"><\/div>\n<\/div>\n\n\n\n<div class=\"wp-block-column is-layout-flow wp-block-column-is-layout-flow\">\n<div style=\"height:1rem\" aria-hidden=\"true\" class=\"wp-block-spacer\"><\/div>\n\n\n<div class=\"wp-block-image\">\n<figure class=\"aligncenter size-full is-resized\"><img loading=\"lazy\" decoding=\"async\" width=\"280\" height=\"211\" src=\"https:\/\/apgsolutions.com\/wp-content\/uploads\/2024\/07\/Vasario-VBxxx-BL1618-Closed-Right-removebg-preview.png\" alt=\"Tiroir-caisse de la s&#xE9;rie Vasario\" class=\"wp-image-85846\" style=\"width:186px\" srcset=\"https:\/\/apgsolutions.com\/wp-content\/uploads\/2024\/07\/Vasario-VBxxx-BL1618-Closed-Right-removebg-preview.png 280w, https:\/\/apgsolutions.com\/wp-content\/uploads\/2024\/07\/Vasario-VBxxx-BL1618-Closed-Right-removebg-preview-80x60.png 80w\" sizes=\"(max-width: 280px) 100vw, 280px\" \/><\/figure>\n<\/div>\n\n\n<h3 class=\"wp-block-heading has-text-align-center\" id=\"h-vasario-series-cash-drawer\">Tiroir-caisse de la s\u00e9rie Vasario<\/h3>\n\n\n\n<p class=\"has-text-align-left\">For a cost-effective option in the bakery industry, consider the <a href=\"https:\/\/apgsolutions.com\/products\/cash-drawers\/standard-duty\/vasario\">Vasario cash drawer<\/a>. Available in a range of sizes to fit various bakery setups, it\u2019s designed to handle bakery demands.\u00a0<\/p>\n\n\n\n<p class=\"has-text-align-left\">Avec une durabilit\u00e9 test\u00e9e pour plus d&rsquo;un million de transactions, le tiroir-caisse Vasario garantit des exp\u00e9riences de caisse fluides et efficaces.<\/p>\n\n\n\n<div style=\"height:1rem\" aria-hidden=\"true\" class=\"wp-block-spacer\"><\/div>\n<\/div>\n<\/div>\n<\/div>\n","protected":false},"excerpt":{"rendered":"<p>Opportunit\u00e9s croissantes pour l&rsquo;industrie de la boulangerie En Europe, l&rsquo;industrie de la boulangerie est vitale pour le march\u00e9, le pain, les p\u00e2tisseries et les caf\u00e9s jouant un r\u00f4le essentiel dans la culture de nombreux pays. En 2021, la consommation totale de produits de boulangerie s&rsquo;\u00e9levait \u00e0 38 millions de tonnes dans 29 pays d&rsquo;Europe. Le [&hellip;]<\/p>\n","protected":false},"author":4,"featured_media":0,"parent":0,"menu_order":0,"comment_status":"closed","ping_status":"closed","template":"","meta":{"_acf_changed":false,"content-type":"","footnotes":""},"class_list":["post-93964","page","type-page","status-publish"],"yoast_head":"<!-- This site is optimized with the Yoast SEO Premium plugin v23.5 (Yoast SEO v27.2) - https:\/\/yoast.com\/product\/yoast-seo-premium-wordpress\/ -->\n<title>Solutions POS pour boulangeries - Tiroirs-caisses pour boulangeries | apg\u00ae - Tiroirs-caisses pour boulangeries<\/title>\n<meta name=\"description\" content=\"Solutions de point de vente pour l&#039;industrie de la boulangerie. Les boulangeries ont besoin de solutions de gestion de tr\u00e9sorerie robustes, con\u00e7ues pour r\u00e9sister aux chutes de miettes de pain et de farine.\" \/>\n<meta name=\"robots\" content=\"index, follow, max-snippet:-1, max-image-preview:large, max-video-preview:-1\" \/>\n<link rel=\"canonical\" href=\"https:\/\/apgsolutions.com\/fr\/bakery-point-of-sale-solutions\/\" \/>\n<meta property=\"og:locale\" content=\"fr_FR\" \/>\n<meta property=\"og:type\" content=\"article\" \/>\n<meta property=\"og:title\" content=\"Solutions POS pour boulangeries - Tiroirs-caisses pour boulangeries | apg\u00ae - Tiroirs-caisses pour boulangeries\" \/>\n<meta property=\"og:description\" content=\"Solutions de point de vente pour l&#039;industrie de la boulangerie. Les boulangeries ont besoin de solutions de gestion de tr\u00e9sorerie robustes, con\u00e7ues pour r\u00e9sister aux chutes de miettes de pain et de farine.\" \/>\n<meta property=\"og:url\" content=\"https:\/\/apgsolutions.com\/fr\/bakery-point-of-sale-solutions\/\" \/>\n<meta property=\"og:site_name\" content=\"apg\u00ae Solutions\" \/>\n<meta property=\"article:publisher\" content=\"https:\/\/www.facebook.com\/apgglobalsolutions\" \/>\n<meta property=\"article:modified_time\" content=\"2026-03-12T11:45:21+00:00\" \/>\n<meta property=\"og:image\" content=\"https:\/\/apgsolutions.com\/wp-content\/uploads\/2023\/07\/Money-Growth_Light-Blue.png\" \/>\n<meta name=\"twitter:card\" content=\"summary_large_image\" \/>\n<meta name=\"twitter:site\" content=\"@apg_solutions\" \/>\n<meta name=\"twitter:label1\" content=\"Dur\u00e9e de lecture estim\u00e9e\" \/>\n\t<meta name=\"twitter:data1\" content=\"3 minutes\" \/>\n<script type=\"application\/ld+json\" class=\"yoast-schema-graph\">{\"@context\":\"https:\/\/schema.org\",\"@graph\":[{\"@type\":\"WebPage\",\"@id\":\"https:\/\/apgsolutions.com\/fr\/bakery-point-of-sale-solutions\/\",\"url\":\"https:\/\/apgsolutions.com\/fr\/bakery-point-of-sale-solutions\/\",\"name\":\"Solutions POS pour boulangeries - Tiroirs-caisses pour boulangeries | apg\u00ae - Tiroirs-caisses pour boulangeries\",\"isPartOf\":{\"@id\":\"https:\/\/apgsolutions.com\/fr\/#website\"},\"primaryImageOfPage\":{\"@id\":\"https:\/\/apgsolutions.com\/fr\/bakery-point-of-sale-solutions\/#primaryimage\"},\"image\":{\"@id\":\"https:\/\/apgsolutions.com\/fr\/bakery-point-of-sale-solutions\/#primaryimage\"},\"thumbnailUrl\":\"https:\/\/apgsolutions.com\/wp-content\/uploads\/2023\/07\/Money-Growth_Light-Blue.png\",\"datePublished\":\"2025-10-07T10:47:50+00:00\",\"dateModified\":\"2026-03-12T11:45:21+00:00\",\"description\":\"Solutions de point de vente pour l'industrie de la boulangerie. Les boulangeries ont besoin de solutions de gestion de tr\u00e9sorerie robustes, con\u00e7ues pour r\u00e9sister aux chutes de miettes de pain et de farine.\",\"inLanguage\":\"fr-FR\",\"potentialAction\":[{\"@type\":\"ReadAction\",\"target\":[\"https:\/\/apgsolutions.com\/fr\/bakery-point-of-sale-solutions\/\"]}]},{\"@type\":\"ImageObject\",\"inLanguage\":\"fr-FR\",\"@id\":\"https:\/\/apgsolutions.com\/fr\/bakery-point-of-sale-solutions\/#primaryimage\",\"url\":\"https:\/\/apgsolutions.com\/wp-content\/uploads\/2023\/07\/Money-Growth_Light-Blue.png\",\"contentUrl\":\"https:\/\/apgsolutions.com\/wp-content\/uploads\/2023\/07\/Money-Growth_Light-Blue.png\"},{\"@type\":\"WebSite\",\"@id\":\"https:\/\/apgsolutions.com\/fr\/#website\",\"url\":\"https:\/\/apgsolutions.com\/fr\/\",\"name\":\"APG Solutions, LLC\",\"description\":\"Trust at every point.\",\"publisher\":{\"@id\":\"https:\/\/apgsolutions.com\/fr\/#organization\"},\"potentialAction\":[{\"@type\":\"SearchAction\",\"target\":{\"@type\":\"EntryPoint\",\"urlTemplate\":\"https:\/\/apgsolutions.com\/fr\/?s={search_term_string}\"},\"query-input\":{\"@type\":\"PropertyValueSpecification\",\"valueRequired\":true,\"valueName\":\"search_term_string\"}}],\"inLanguage\":\"fr-FR\"},{\"@type\":\"Organization\",\"@id\":\"https:\/\/apgsolutions.com\/fr\/#organization\",\"name\":\"APG Solution, LLC\",\"url\":\"https:\/\/apgsolutions.com\/fr\/\",\"logo\":{\"@type\":\"ImageObject\",\"inLanguage\":\"fr-FR\",\"@id\":\"https:\/\/apgsolutions.com\/fr\/#\/schema\/logo\/image\/\",\"url\":\"https:\/\/apgsolutions.com\/wp-content\/uploads\/2023\/12\/logomark-color.svg\",\"contentUrl\":\"https:\/\/apgsolutions.com\/wp-content\/uploads\/2023\/12\/logomark-color.svg\",\"width\":141,\"height\":138,\"caption\":\"APG Solution, LLC\"},\"image\":{\"@id\":\"https:\/\/apgsolutions.com\/fr\/#\/schema\/logo\/image\/\"},\"sameAs\":[\"https:\/\/www.facebook.com\/apgglobalsolutions\",\"https:\/\/x.com\/apg_solutions\",\"https:\/\/www.youtube.com\/c\/CashManagementGlobalSolutionsbyapg\",\"https:\/\/www.linkedin.com\/company\/apgglobalsolutions\/\",\"https:\/\/www.instagram.com\/apgglobalsolutions\/\",\"https:\/\/www.pinterest.com\/apgcashdrawer\/\"]}]}<\/script>\n<!-- \/ Yoast SEO Premium plugin. -->","yoast_head_json":{"title":"Solutions POS pour boulangeries - Tiroirs-caisses pour boulangeries | apg\u00ae - Tiroirs-caisses pour boulangeries","description":"Solutions de point de vente pour l'industrie de la boulangerie. Les boulangeries ont besoin de solutions de gestion de tr\u00e9sorerie robustes, con\u00e7ues pour r\u00e9sister aux chutes de miettes de pain et de farine.","robots":{"index":"index","follow":"follow","max-snippet":"max-snippet:-1","max-image-preview":"max-image-preview:large","max-video-preview":"max-video-preview:-1"},"canonical":"https:\/\/apgsolutions.com\/fr\/bakery-point-of-sale-solutions\/","og_locale":"fr_FR","og_type":"article","og_title":"Solutions POS pour boulangeries - Tiroirs-caisses pour boulangeries | apg\u00ae - Tiroirs-caisses pour boulangeries","og_description":"Solutions de point de vente pour l'industrie de la boulangerie. Les boulangeries ont besoin de solutions de gestion de tr\u00e9sorerie robustes, con\u00e7ues pour r\u00e9sister aux chutes de miettes de pain et de farine.","og_url":"https:\/\/apgsolutions.com\/fr\/bakery-point-of-sale-solutions\/","og_site_name":"apg\u00ae Solutions","article_publisher":"https:\/\/www.facebook.com\/apgglobalsolutions","article_modified_time":"2026-03-12T11:45:21+00:00","og_image":[{"url":"https:\/\/apgsolutions.com\/wp-content\/uploads\/2023\/07\/Money-Growth_Light-Blue.png","type":"","width":"","height":""}],"twitter_card":"summary_large_image","twitter_site":"@apg_solutions","twitter_misc":{"Dur\u00e9e de lecture estim\u00e9e":"3 minutes"},"schema":{"@context":"https:\/\/schema.org","@graph":[{"@type":"WebPage","@id":"https:\/\/apgsolutions.com\/fr\/bakery-point-of-sale-solutions\/","url":"https:\/\/apgsolutions.com\/fr\/bakery-point-of-sale-solutions\/","name":"Solutions POS pour boulangeries - Tiroirs-caisses pour boulangeries | apg\u00ae - Tiroirs-caisses pour boulangeries","isPartOf":{"@id":"https:\/\/apgsolutions.com\/fr\/#website"},"primaryImageOfPage":{"@id":"https:\/\/apgsolutions.com\/fr\/bakery-point-of-sale-solutions\/#primaryimage"},"image":{"@id":"https:\/\/apgsolutions.com\/fr\/bakery-point-of-sale-solutions\/#primaryimage"},"thumbnailUrl":"https:\/\/apgsolutions.com\/wp-content\/uploads\/2023\/07\/Money-Growth_Light-Blue.png","datePublished":"2025-10-07T10:47:50+00:00","dateModified":"2026-03-12T11:45:21+00:00","description":"Solutions de point de vente pour l'industrie de la boulangerie. Les boulangeries ont besoin de solutions de gestion de tr\u00e9sorerie robustes, con\u00e7ues pour r\u00e9sister aux chutes de miettes de pain et de farine.","inLanguage":"fr-FR","potentialAction":[{"@type":"ReadAction","target":["https:\/\/apgsolutions.com\/fr\/bakery-point-of-sale-solutions\/"]}]},{"@type":"ImageObject","inLanguage":"fr-FR","@id":"https:\/\/apgsolutions.com\/fr\/bakery-point-of-sale-solutions\/#primaryimage","url":"https:\/\/apgsolutions.com\/wp-content\/uploads\/2023\/07\/Money-Growth_Light-Blue.png","contentUrl":"https:\/\/apgsolutions.com\/wp-content\/uploads\/2023\/07\/Money-Growth_Light-Blue.png"},{"@type":"WebSite","@id":"https:\/\/apgsolutions.com\/fr\/#website","url":"https:\/\/apgsolutions.com\/fr\/","name":"APG Solutions, LLC","description":"Trust at every point.","publisher":{"@id":"https:\/\/apgsolutions.com\/fr\/#organization"},"potentialAction":[{"@type":"SearchAction","target":{"@type":"EntryPoint","urlTemplate":"https:\/\/apgsolutions.com\/fr\/?s={search_term_string}"},"query-input":{"@type":"PropertyValueSpecification","valueRequired":true,"valueName":"search_term_string"}}],"inLanguage":"fr-FR"},{"@type":"Organization","@id":"https:\/\/apgsolutions.com\/fr\/#organization","name":"APG Solution, LLC","url":"https:\/\/apgsolutions.com\/fr\/","logo":{"@type":"ImageObject","inLanguage":"fr-FR","@id":"https:\/\/apgsolutions.com\/fr\/#\/schema\/logo\/image\/","url":"https:\/\/apgsolutions.com\/wp-content\/uploads\/2023\/12\/logomark-color.svg","contentUrl":"https:\/\/apgsolutions.com\/wp-content\/uploads\/2023\/12\/logomark-color.svg","width":141,"height":138,"caption":"APG Solution, LLC"},"image":{"@id":"https:\/\/apgsolutions.com\/fr\/#\/schema\/logo\/image\/"},"sameAs":["https:\/\/www.facebook.com\/apgglobalsolutions","https:\/\/x.com\/apg_solutions","https:\/\/www.youtube.com\/c\/CashManagementGlobalSolutionsbyapg","https:\/\/www.linkedin.com\/company\/apgglobalsolutions\/","https:\/\/www.instagram.com\/apgglobalsolutions\/","https:\/\/www.pinterest.com\/apgcashdrawer\/"]}]}},"acf":[],"_links":{"self":[{"href":"https:\/\/apgsolutions.com\/fr\/wp-json\/wp\/v2\/pages\/93964","targetHints":{"allow":["GET"]}}],"collection":[{"href":"https:\/\/apgsolutions.com\/fr\/wp-json\/wp\/v2\/pages"}],"about":[{"href":"https:\/\/apgsolutions.com\/fr\/wp-json\/wp\/v2\/types\/page"}],"author":[{"embeddable":true,"href":"https:\/\/apgsolutions.com\/fr\/wp-json\/wp\/v2\/users\/4"}],"replies":[{"embeddable":true,"href":"https:\/\/apgsolutions.com\/fr\/wp-json\/wp\/v2\/comments?post=93964"}],"version-history":[{"count":4,"href":"https:\/\/apgsolutions.com\/fr\/wp-json\/wp\/v2\/pages\/93964\/revisions"}],"predecessor-version":[{"id":105352,"href":"https:\/\/apgsolutions.com\/fr\/wp-json\/wp\/v2\/pages\/93964\/revisions\/105352"}],"wp:attachment":[{"href":"https:\/\/apgsolutions.com\/fr\/wp-json\/wp\/v2\/media?parent=93964"}],"curies":[{"name":"wp","href":"https:\/\/api.w.org\/{rel}","templated":true}]}}