{"id":93983,"date":"2025-10-07T10:55:27","date_gmt":"2025-10-07T10:55:27","guid":{"rendered":"https:\/\/apgsolutions.com\/bars-and-nightclubs\/"},"modified":"2025-11-24T13:42:25","modified_gmt":"2025-11-24T13:42:25","slug":"bars-and-nightclubs","status":"publish","type":"page","link":"https:\/\/apgsolutions.com\/fr\/industry\/bars-and-nightclubs\/","title":{"rendered":"Solutions POS et tiroirs-caisses pour les bars et les bo\u00eetes de nuit"},"content":{"rendered":"<div class=\"section_page-header \">\n    <img decoding=\"async\" class=\"header-image\" src=\"https:\/\/apgsolutions.com\/wp-content\/uploads\/2023\/07\/Bars-Vertical-Page-e1721758476330.jpg\" alt=\"Bars + Nightclubs\" title=\"Bars + Nightclubs\">\n            <div class=\"header-content\">\n            <h1>POS Solutions &amp; Cash Drawers for Bars and Nightclubs<\/h1>\n        <\/div>\n    <\/div>\n<div class=\"wp-block-group pos-content-div is-vertical is-content-justification-center is-layout-flex wp-container-core-group-is-layout-4b2eccd6 wp-block-group-is-layout-flex\">\n<div style=\"height:0px\" aria-hidden=\"true\" class=\"wp-block-spacer wp-container-content-b83b6736\"><\/div>\n\n\n\n<div class=\"wp-block-group is-vertical is-content-justification-center is-nowrap is-layout-flex wp-container-core-group-is-layout-e862386f wp-block-group-is-layout-flex\">\n<p class=\"has-text-align-center has-large-font-size\"><strong>Solutions pour des transactions rapides en esp\u00e8ces<\/strong><\/p>\n\n\n\n<div style=\"height:0px\" aria-hidden=\"true\" class=\"wp-block-spacer wp-container-content-5082a153\"><\/div>\n\n\n\n<p class=\"has-text-align-center\">Les bars et les bo\u00eetes de nuit des \u00c9tats-Unis sont des lieux d&rsquo;interaction sociale tr\u00e8s anim\u00e9s. Avec 67 531 \u00e9tablissements dans tout le pays en 2023, les propri\u00e9taires et les g\u00e9rants sont confront\u00e9s au d\u00e9fi de g\u00e9rer ces lieux de mani\u00e8re efficace tout en donnant la priorit\u00e9 \u00e0 un service exceptionnel, \u00e0 l&rsquo;exp\u00e9rience client et \u00e0 la s\u00e9curit\u00e9.  La manipulation efficace des esp\u00e8ces est cruciale dans ces environnements en constante \u00e9volution, o\u00f9 des transactions s\u00fbres et transparentes sont essentielles. Les propri\u00e9taires peuvent avoir du mal \u00e0 g\u00e9rer d&rsquo;importants volumes de liquidit\u00e9s, \u00e0 faire face aux risques de vol et \u00e0 assurer une gestion pr\u00e9cise des factures. Ces facteurs ont un impact significatif sur la rentabilit\u00e9 et la r\u00e9ussite op\u00e9rationnelle. <\/p>\n\n\n\n<p class=\"has-text-align-center\">  apg\u00ae propose des solutions de point de vente sur mesure, con\u00e7ues pour att\u00e9nuer les difficult\u00e9s li\u00e9es \u00e0 la gestion de la tr\u00e9sorerie, quelle que soit la taille ou l&rsquo;\u00e9tendue de l&rsquo;entreprise. Nos solutions POS offrent une capture s\u00e9curis\u00e9e des transactions et des capacit\u00e9s de stockage robustes, aidant les propri\u00e9taires \u00e0 optimiser l&rsquo;efficacit\u00e9 op\u00e9rationnelle et \u00e0 sauvegarder les actifs financiers. Am\u00e9liorez les performances de votre bar ou de votre bo\u00eete de nuit gr\u00e2ce \u00e0 apg\u00ae, en garantissant des op\u00e9rations fluides et une rentabilit\u00e9 accrue.  <\/p>\n<\/div>\n\n\n\n<div style=\"height:0px\" aria-hidden=\"true\" class=\"wp-block-spacer wp-container-content-b83b6736\"><\/div>\n\n\n\n<div class=\"wp-block-group is-vertical is-layout-flex wp-container-core-group-is-layout-8cf370e7 wp-block-group-is-layout-flex\">\n<p style=\"font-size:30px\"><strong>Faits et statistiques<\/strong><\/p>\n\n\n\n<div style=\"height:0px\" aria-hidden=\"true\" class=\"wp-block-spacer wp-container-content-5082a153\"><\/div>\n<\/div>\n\n\n\n<div class=\"wp-block-columns is-layout-flex wp-container-core-columns-is-layout-9d6595d7 wp-block-columns-is-layout-flex\">\n<div class=\"wp-block-column pos-card-box has-background is-layout-flow wp-block-column-is-layout-flow\" style=\"background-color:#fcfaf7;flex-basis:360px\">\n<div style=\"height:1rem\" aria-hidden=\"true\" class=\"wp-block-spacer\"><\/div>\n\n\n<div class=\"wp-block-image\">\n<figure class=\"aligncenter size-full\"><img decoding=\"async\" width=\"80\" height=\"80\" src=\"https:\/\/apgsolutions.com\/wp-content\/uploads\/2023\/07\/Money-Growth_Light-Blue.png\" alt=\"Principale source de revenus Ic&#xF4;ne\" class=\"wp-image-68978\" style=\"object-fit:cover\"\/><\/figure>\n<\/div>\n\n\n<h3 class=\"wp-block-heading has-text-align-center\" id=\"h-revenue\">Recettes<\/h3>\n\n\n\n<p class=\"has-text-align-center\">En 2023, le chiffre d&rsquo;affaires des bars et bo\u00eetes de nuit s&rsquo;\u00e9levait \u00e0 36,3 milliards de dollars | IBIS World<\/p>\n\n\n\n<div style=\"height:1rem\" aria-hidden=\"true\" class=\"wp-block-spacer\"><\/div>\n<\/div>\n\n\n\n<div class=\"wp-block-column pos-card-box has-background is-layout-flow wp-block-column-is-layout-flow\" style=\"background-color:#fcfaf7;flex-basis:360px\">\n<div style=\"height:1rem\" aria-hidden=\"true\" class=\"wp-block-spacer\"><\/div>\n\n\n<div class=\"wp-block-image\">\n<figure class=\"aligncenter size-full\"><img decoding=\"async\" width=\"80\" height=\"80\" src=\"https:\/\/apgsolutions.com\/wp-content\/uploads\/2023\/07\/Beer_Light-Blue-b.png\" alt=\"Ic&#xF4;ne de la bi&#xE8;re\" class=\"wp-image-69424\" style=\"object-fit:cover\"\/><\/figure>\n<\/div>\n\n\n<h3 class=\"wp-block-heading has-text-align-center\" id=\"h-growth\">Croissance<\/h3>\n\n\n\n<p class=\"has-text-align-center\">En 2023, il y aura 67 500 bars et bo\u00eetes de nuit aux \u00c9tats-Unis.<\/p>\n\n\n\n<div style=\"height:1rem\" aria-hidden=\"true\" class=\"wp-block-spacer\"><\/div>\n<\/div>\n\n\n\n<div class=\"wp-block-column pos-card-box has-background is-layout-flow wp-block-column-is-layout-flow\" style=\"background-color:#fcfaf7;flex-basis:360px\">\n<div style=\"height:1rem\" aria-hidden=\"true\" class=\"wp-block-spacer\"><\/div>\n\n\n<div class=\"wp-block-image\">\n<figure class=\"aligncenter size-full\"><img decoding=\"async\" width=\"80\" height=\"80\" src=\"https:\/\/apgsolutions.com\/wp-content\/uploads\/2023\/07\/Partners-5.png\" alt=\"Ic&#xF4;ne des partenaires\" class=\"wp-image-69397\" style=\"object-fit:cover\"\/><\/figure>\n<\/div>\n\n\n<h3 class=\"wp-block-heading has-text-align-center\" id=\"h-opportunity\">Opportunit\u00e9<\/h3>\n\n\n\n<p class=\"has-text-align-center\">En 2022, le secteur des bars et bo\u00eetes de nuit employait 570 000 personnes aux \u00c9tats-Unis.<\/p>\n\n\n\n<div style=\"height:16px\" aria-hidden=\"true\" class=\"wp-block-spacer\"><\/div>\n<\/div>\n<\/div>\n\n\n\n<div style=\"height:0px\" aria-hidden=\"true\" class=\"wp-block-spacer wp-container-content-b83b6736\"><\/div>\n\n\n\n<div class=\"wp-block-group is-vertical is-layout-flex wp-container-core-group-is-layout-8cf370e7 wp-block-group-is-layout-flex\">\n<p style=\"font-size:30px\"><strong>Nos tiroirs recommand\u00e9s pour les bars et les bo\u00eetes de nuit<\/strong><\/p>\n\n\n\n<div style=\"height:0px\" aria-hidden=\"true\" class=\"wp-block-spacer wp-container-content-2cb1e7d4\"><\/div>\n<\/div>\n\n\n\n<div class=\"wp-block-columns is-layout-flex wp-container-core-columns-is-layout-9d6595d7 wp-block-columns-is-layout-flex\">\n<div class=\"wp-block-column is-layout-flow wp-block-column-is-layout-flow\">\n<div style=\"height:1rem\" aria-hidden=\"true\" class=\"wp-block-spacer\"><\/div>\n\n\n<div class=\"wp-block-image\">\n<figure class=\"aligncenter size-full is-resized\"><img decoding=\"async\" src=\"https:\/\/apgsolutions.com\/wp-content\/uploads\/2024\/09\/Series-100.png\" alt=\"Tiroir-caisse de la s&#xE9;rie 100\" class=\"wp-image-86680\" style=\"width:186px\"\/><\/figure>\n<\/div>\n\n\n<h3 class=\"wp-block-heading has-text-align-center\" id=\"h-series-100-cash-drawer\">Tiroir-caisse s\u00e9rie 100<\/h3>\n\n\n\n<p class=\"has-text-align-left\">La s\u00e9rie 100 est id\u00e9ale pour les bars et les bo\u00eetes de nuit. Elle offre un espace de stockage g\u00e9n\u00e9reux avec un compartiment profond sous la caisse pour les rouleaux de pi\u00e8ces et les billets emball\u00e9s.<\/p>\n\n\n\n<p class=\"has-text-align-left\">Sa conception maximise l&rsquo;espace du comptoir, ce qui en fait l&rsquo;outil id\u00e9al pour les environnements \u00e0 rythme rapide et \u00e0 forte \u00e9nergie. Con\u00e7ue pour durer plus de quatre millions de transactions, la s\u00e9rie 100 garantit des performances et une durabilit\u00e9 fiables. <\/p>\n\n\n\n<div style=\"height:1rem\" aria-hidden=\"true\" class=\"wp-block-spacer\"><\/div>\n<\/div>\n\n\n\n<div class=\"wp-block-column is-layout-flow wp-block-column-is-layout-flow\">\n<div style=\"height:1rem\" aria-hidden=\"true\" class=\"wp-block-spacer\"><\/div>\n\n\n<div class=\"wp-block-image\">\n<figure class=\"aligncenter size-full is-resized\"><img loading=\"lazy\" decoding=\"async\" width=\"1600\" height=\"1200\" src=\"https:\/\/apgsolutions.com\/wp-content\/uploads\/2023\/06\/Series-4000-JB520-BL1816-Closed-Right.png\" alt=\"Series 4000 JB520 BL1816 Closed Right\" class=\"wp-image-83857\" style=\"width:186px\" srcset=\"https:\/\/apgsolutions.com\/wp-content\/uploads\/2023\/06\/Series-4000-JB520-BL1816-Closed-Right.png 1600w, https:\/\/apgsolutions.com\/wp-content\/uploads\/2023\/06\/Series-4000-JB520-BL1816-Closed-Right-300x225.png 300w, https:\/\/apgsolutions.com\/wp-content\/uploads\/2023\/06\/Series-4000-JB520-BL1816-Closed-Right-1024x768.png 1024w, https:\/\/apgsolutions.com\/wp-content\/uploads\/2023\/06\/Series-4000-JB520-BL1816-Closed-Right-768x576.png 768w, https:\/\/apgsolutions.com\/wp-content\/uploads\/2023\/06\/Series-4000-JB520-BL1816-Closed-Right-1536x1152.png 1536w, https:\/\/apgsolutions.com\/wp-content\/uploads\/2023\/06\/Series-4000-JB520-BL1816-Closed-Right-550x413.png 550w, https:\/\/apgsolutions.com\/wp-content\/uploads\/2023\/06\/Series-4000-JB520-BL1816-Closed-Right-80x60.png 80w, https:\/\/apgsolutions.com\/wp-content\/uploads\/2023\/06\/Series-4000-JB520-BL1816-Closed-Right-600x450.png 600w\" sizes=\"(max-width: 1600px) 100vw, 1600px\" \/><\/figure>\n<\/div>\n\n\n<h3 class=\"wp-block-heading has-text-align-center\" id=\"h-series-4000-cash-drawer\">Tiroir-caisse de la s\u00e9rie 4000<\/h3>\n\n\n\n<p class=\"has-text-align-left\">La s\u00e9rie 4000 offre des solutions de stockage polyvalentes avec une gamme de tailles et de couleurs. Con\u00e7ue pour r\u00e9pondre \u00e0 l&rsquo;activit\u00e9 intense des bars ou des bo\u00eetes de nuit \u00e0 forte fr\u00e9quentation.   <\/p>\n\n\n\n<p class=\"has-text-align-left\">La s\u00e9rie 4000 est con\u00e7ue pour supporter plus de quatre millions de transactions, ce qui garantit que les exigences \u00e9lev\u00e9es des bars et des bo\u00eetes de nuit sont toujours satisfaites.<\/p>\n\n\n\n<div style=\"height:1rem\" aria-hidden=\"true\" class=\"wp-block-spacer\"><\/div>\n<\/div>\n<\/div>\n<\/div>\n","protected":false},"excerpt":{"rendered":"<p>Solutions pour des transactions rapides en esp\u00e8ces Les bars et les bo\u00eetes de nuit des \u00c9tats-Unis sont des lieux d&rsquo;interaction sociale tr\u00e8s anim\u00e9s. Avec 67 531 \u00e9tablissements dans tout le pays en 2023, les propri\u00e9taires et les g\u00e9rants sont confront\u00e9s au d\u00e9fi de g\u00e9rer ces lieux de mani\u00e8re efficace tout en donnant la priorit\u00e9 \u00e0 [&hellip;]<\/p>\n","protected":false},"author":4,"featured_media":0,"parent":0,"menu_order":0,"comment_status":"closed","ping_status":"closed","template":"","meta":{"_acf_changed":false,"content-type":"","footnotes":""},"class_list":["post-93983","page","type-page","status-publish"],"yoast_head":"<!-- This site is optimized with the Yoast SEO Premium plugin v23.5 (Yoast SEO v27.2) - https:\/\/yoast.com\/product\/yoast-seo-premium-wordpress\/ -->\n<title>Solutions POS pour les bars et les discoth\u00e8ques - Tiroirs-caisses pour bars et discoth\u00e8ques - apg\u00ae - Tiroirs-caisses pour bars et discoth\u00e8ques - apg\u00ae - Tiroirs-caisses pour bars et discoth\u00e8ques<\/title>\n<meta name=\"description\" content=\"Les meilleures solutions de point de vente et tiroirs-caisses de la SGA pour des transactions rapides dans les bars et les bo\u00eetes de nuit, con\u00e7ues pour r\u00e9duire les probl\u00e8mes de gestion de tr\u00e9sorerie.\" \/>\n<meta name=\"robots\" content=\"index, follow, max-snippet:-1, max-image-preview:large, max-video-preview:-1\" \/>\n<link rel=\"canonical\" href=\"https:\/\/apgsolutions.com\/fr\/industry\/bars-and-nightclubs\/\" \/>\n<meta property=\"og:locale\" content=\"fr_FR\" \/>\n<meta property=\"og:type\" content=\"article\" \/>\n<meta property=\"og:title\" content=\"Solutions POS pour les bars et les discoth\u00e8ques - Tiroirs-caisses pour bars et discoth\u00e8ques - apg\u00ae - Tiroirs-caisses pour bars et discoth\u00e8ques - apg\u00ae - Tiroirs-caisses pour bars et discoth\u00e8ques\" \/>\n<meta property=\"og:description\" content=\"Les meilleures solutions de point de vente et tiroirs-caisses de la SGA pour des transactions rapides dans les bars et les bo\u00eetes de nuit, con\u00e7ues pour r\u00e9duire les probl\u00e8mes de gestion de tr\u00e9sorerie.\" \/>\n<meta property=\"og:url\" content=\"https:\/\/apgsolutions.com\/fr\/industry\/bars-and-nightclubs\/\" \/>\n<meta property=\"og:site_name\" content=\"apg\u00ae Solutions\" \/>\n<meta property=\"article:publisher\" content=\"https:\/\/www.facebook.com\/apgglobalsolutions\" \/>\n<meta property=\"article:modified_time\" content=\"2025-11-24T13:42:25+00:00\" \/>\n<meta property=\"og:image\" content=\"https:\/\/apgsolutions.com\/wp-content\/uploads\/2023\/07\/Money-Growth_Light-Blue.png\" \/>\n<meta name=\"twitter:card\" content=\"summary_large_image\" \/>\n<meta name=\"twitter:site\" content=\"@apg_solutions\" \/>\n<meta name=\"twitter:label1\" content=\"Dur\u00e9e de lecture estim\u00e9e\" \/>\n\t<meta name=\"twitter:data1\" content=\"3 minutes\" \/>\n<script type=\"application\/ld+json\" class=\"yoast-schema-graph\">{\"@context\":\"https:\/\/schema.org\",\"@graph\":[{\"@type\":\"WebPage\",\"@id\":\"https:\/\/apgsolutions.com\/fr\/industry\/bars-and-nightclubs\/\",\"url\":\"https:\/\/apgsolutions.com\/fr\/industry\/bars-and-nightclubs\/\",\"name\":\"Solutions POS pour les bars et les discoth\u00e8ques - Tiroirs-caisses pour bars et discoth\u00e8ques - apg\u00ae - Tiroirs-caisses pour bars et discoth\u00e8ques - apg\u00ae - Tiroirs-caisses pour bars et discoth\u00e8ques\",\"isPartOf\":{\"@id\":\"https:\/\/apgsolutions.com\/fr\/#website\"},\"primaryImageOfPage\":{\"@id\":\"https:\/\/apgsolutions.com\/fr\/industry\/bars-and-nightclubs\/#primaryimage\"},\"image\":{\"@id\":\"https:\/\/apgsolutions.com\/fr\/industry\/bars-and-nightclubs\/#primaryimage\"},\"thumbnailUrl\":\"https:\/\/apgsolutions.com\/wp-content\/uploads\/2023\/07\/Money-Growth_Light-Blue.png\",\"datePublished\":\"2025-10-07T10:55:27+00:00\",\"dateModified\":\"2025-11-24T13:42:25+00:00\",\"description\":\"Les meilleures solutions de point de vente et tiroirs-caisses de la SGA pour des transactions rapides dans les bars et les bo\u00eetes de nuit, con\u00e7ues pour r\u00e9duire les probl\u00e8mes de gestion de tr\u00e9sorerie.\",\"inLanguage\":\"fr-FR\",\"potentialAction\":[{\"@type\":\"ReadAction\",\"target\":[\"https:\/\/apgsolutions.com\/fr\/industry\/bars-and-nightclubs\/\"]}]},{\"@type\":\"ImageObject\",\"inLanguage\":\"fr-FR\",\"@id\":\"https:\/\/apgsolutions.com\/fr\/industry\/bars-and-nightclubs\/#primaryimage\",\"url\":\"https:\/\/apgsolutions.com\/wp-content\/uploads\/2023\/07\/Money-Growth_Light-Blue.png\",\"contentUrl\":\"https:\/\/apgsolutions.com\/wp-content\/uploads\/2023\/07\/Money-Growth_Light-Blue.png\"},{\"@type\":\"WebSite\",\"@id\":\"https:\/\/apgsolutions.com\/fr\/#website\",\"url\":\"https:\/\/apgsolutions.com\/fr\/\",\"name\":\"APG Solutions, LLC\",\"description\":\"Trust at every point.\",\"publisher\":{\"@id\":\"https:\/\/apgsolutions.com\/fr\/#organization\"},\"potentialAction\":[{\"@type\":\"SearchAction\",\"target\":{\"@type\":\"EntryPoint\",\"urlTemplate\":\"https:\/\/apgsolutions.com\/fr\/?s={search_term_string}\"},\"query-input\":{\"@type\":\"PropertyValueSpecification\",\"valueRequired\":true,\"valueName\":\"search_term_string\"}}],\"inLanguage\":\"fr-FR\"},{\"@type\":\"Organization\",\"@id\":\"https:\/\/apgsolutions.com\/fr\/#organization\",\"name\":\"APG Solution, LLC\",\"url\":\"https:\/\/apgsolutions.com\/fr\/\",\"logo\":{\"@type\":\"ImageObject\",\"inLanguage\":\"fr-FR\",\"@id\":\"https:\/\/apgsolutions.com\/fr\/#\/schema\/logo\/image\/\",\"url\":\"https:\/\/apgsolutions.com\/wp-content\/uploads\/2023\/12\/logomark-color.svg\",\"contentUrl\":\"https:\/\/apgsolutions.com\/wp-content\/uploads\/2023\/12\/logomark-color.svg\",\"width\":141,\"height\":138,\"caption\":\"APG Solution, LLC\"},\"image\":{\"@id\":\"https:\/\/apgsolutions.com\/fr\/#\/schema\/logo\/image\/\"},\"sameAs\":[\"https:\/\/www.facebook.com\/apgglobalsolutions\",\"https:\/\/x.com\/apg_solutions\",\"https:\/\/www.youtube.com\/c\/CashManagementGlobalSolutionsbyapg\",\"https:\/\/www.linkedin.com\/company\/apgglobalsolutions\/\",\"https:\/\/www.instagram.com\/apgglobalsolutions\/\",\"https:\/\/www.pinterest.com\/apgcashdrawer\/\"]}]}<\/script>\n<!-- \/ Yoast SEO Premium plugin. -->","yoast_head_json":{"title":"Solutions POS pour les bars et les discoth\u00e8ques - Tiroirs-caisses pour bars et discoth\u00e8ques - apg\u00ae - Tiroirs-caisses pour bars et discoth\u00e8ques - apg\u00ae - Tiroirs-caisses pour bars et discoth\u00e8ques","description":"Les meilleures solutions de point de vente et tiroirs-caisses de la SGA pour des transactions rapides dans les bars et les bo\u00eetes de nuit, con\u00e7ues pour r\u00e9duire les probl\u00e8mes de gestion de tr\u00e9sorerie.","robots":{"index":"index","follow":"follow","max-snippet":"max-snippet:-1","max-image-preview":"max-image-preview:large","max-video-preview":"max-video-preview:-1"},"canonical":"https:\/\/apgsolutions.com\/fr\/industry\/bars-and-nightclubs\/","og_locale":"fr_FR","og_type":"article","og_title":"Solutions POS pour les bars et les discoth\u00e8ques - Tiroirs-caisses pour bars et discoth\u00e8ques - apg\u00ae - Tiroirs-caisses pour bars et discoth\u00e8ques - apg\u00ae - Tiroirs-caisses pour bars et discoth\u00e8ques","og_description":"Les meilleures solutions de point de vente et tiroirs-caisses de la SGA pour des transactions rapides dans les bars et les bo\u00eetes de nuit, con\u00e7ues pour r\u00e9duire les probl\u00e8mes de gestion de tr\u00e9sorerie.","og_url":"https:\/\/apgsolutions.com\/fr\/industry\/bars-and-nightclubs\/","og_site_name":"apg\u00ae Solutions","article_publisher":"https:\/\/www.facebook.com\/apgglobalsolutions","article_modified_time":"2025-11-24T13:42:25+00:00","og_image":[{"url":"https:\/\/apgsolutions.com\/wp-content\/uploads\/2023\/07\/Money-Growth_Light-Blue.png","type":"","width":"","height":""}],"twitter_card":"summary_large_image","twitter_site":"@apg_solutions","twitter_misc":{"Dur\u00e9e de lecture estim\u00e9e":"3 minutes"},"schema":{"@context":"https:\/\/schema.org","@graph":[{"@type":"WebPage","@id":"https:\/\/apgsolutions.com\/fr\/industry\/bars-and-nightclubs\/","url":"https:\/\/apgsolutions.com\/fr\/industry\/bars-and-nightclubs\/","name":"Solutions POS pour les bars et les discoth\u00e8ques - Tiroirs-caisses pour bars et discoth\u00e8ques - apg\u00ae - Tiroirs-caisses pour bars et discoth\u00e8ques - apg\u00ae - Tiroirs-caisses pour bars et discoth\u00e8ques","isPartOf":{"@id":"https:\/\/apgsolutions.com\/fr\/#website"},"primaryImageOfPage":{"@id":"https:\/\/apgsolutions.com\/fr\/industry\/bars-and-nightclubs\/#primaryimage"},"image":{"@id":"https:\/\/apgsolutions.com\/fr\/industry\/bars-and-nightclubs\/#primaryimage"},"thumbnailUrl":"https:\/\/apgsolutions.com\/wp-content\/uploads\/2023\/07\/Money-Growth_Light-Blue.png","datePublished":"2025-10-07T10:55:27+00:00","dateModified":"2025-11-24T13:42:25+00:00","description":"Les meilleures solutions de point de vente et tiroirs-caisses de la SGA pour des transactions rapides dans les bars et les bo\u00eetes de nuit, con\u00e7ues pour r\u00e9duire les probl\u00e8mes de gestion de tr\u00e9sorerie.","inLanguage":"fr-FR","potentialAction":[{"@type":"ReadAction","target":["https:\/\/apgsolutions.com\/fr\/industry\/bars-and-nightclubs\/"]}]},{"@type":"ImageObject","inLanguage":"fr-FR","@id":"https:\/\/apgsolutions.com\/fr\/industry\/bars-and-nightclubs\/#primaryimage","url":"https:\/\/apgsolutions.com\/wp-content\/uploads\/2023\/07\/Money-Growth_Light-Blue.png","contentUrl":"https:\/\/apgsolutions.com\/wp-content\/uploads\/2023\/07\/Money-Growth_Light-Blue.png"},{"@type":"WebSite","@id":"https:\/\/apgsolutions.com\/fr\/#website","url":"https:\/\/apgsolutions.com\/fr\/","name":"APG Solutions, LLC","description":"Trust at every point.","publisher":{"@id":"https:\/\/apgsolutions.com\/fr\/#organization"},"potentialAction":[{"@type":"SearchAction","target":{"@type":"EntryPoint","urlTemplate":"https:\/\/apgsolutions.com\/fr\/?s={search_term_string}"},"query-input":{"@type":"PropertyValueSpecification","valueRequired":true,"valueName":"search_term_string"}}],"inLanguage":"fr-FR"},{"@type":"Organization","@id":"https:\/\/apgsolutions.com\/fr\/#organization","name":"APG Solution, LLC","url":"https:\/\/apgsolutions.com\/fr\/","logo":{"@type":"ImageObject","inLanguage":"fr-FR","@id":"https:\/\/apgsolutions.com\/fr\/#\/schema\/logo\/image\/","url":"https:\/\/apgsolutions.com\/wp-content\/uploads\/2023\/12\/logomark-color.svg","contentUrl":"https:\/\/apgsolutions.com\/wp-content\/uploads\/2023\/12\/logomark-color.svg","width":141,"height":138,"caption":"APG Solution, LLC"},"image":{"@id":"https:\/\/apgsolutions.com\/fr\/#\/schema\/logo\/image\/"},"sameAs":["https:\/\/www.facebook.com\/apgglobalsolutions","https:\/\/x.com\/apg_solutions","https:\/\/www.youtube.com\/c\/CashManagementGlobalSolutionsbyapg","https:\/\/www.linkedin.com\/company\/apgglobalsolutions\/","https:\/\/www.instagram.com\/apgglobalsolutions\/","https:\/\/www.pinterest.com\/apgcashdrawer\/"]}]}},"acf":[],"_links":{"self":[{"href":"https:\/\/apgsolutions.com\/fr\/wp-json\/wp\/v2\/pages\/93983","targetHints":{"allow":["GET"]}}],"collection":[{"href":"https:\/\/apgsolutions.com\/fr\/wp-json\/wp\/v2\/pages"}],"about":[{"href":"https:\/\/apgsolutions.com\/fr\/wp-json\/wp\/v2\/types\/page"}],"author":[{"embeddable":true,"href":"https:\/\/apgsolutions.com\/fr\/wp-json\/wp\/v2\/users\/4"}],"replies":[{"embeddable":true,"href":"https:\/\/apgsolutions.com\/fr\/wp-json\/wp\/v2\/comments?post=93983"}],"version-history":[{"count":2,"href":"https:\/\/apgsolutions.com\/fr\/wp-json\/wp\/v2\/pages\/93983\/revisions"}],"predecessor-version":[{"id":95878,"href":"https:\/\/apgsolutions.com\/fr\/wp-json\/wp\/v2\/pages\/93983\/revisions\/95878"}],"wp:attachment":[{"href":"https:\/\/apgsolutions.com\/fr\/wp-json\/wp\/v2\/media?parent=93983"}],"curies":[{"name":"wp","href":"https:\/\/api.w.org\/{rel}","templated":true}]}}