{"id":94018,"date":"2025-10-07T11:03:45","date_gmt":"2025-10-07T11:03:45","guid":{"rendered":"https:\/\/apgsolutions.com\/medicinal-cannabis-industry\/"},"modified":"2025-11-24T13:44:21","modified_gmt":"2025-11-24T13:44:21","slug":"medicinal-cannabis-industry","status":"publish","type":"page","link":"https:\/\/apgsolutions.com\/fr\/industry\/medicinal-cannabis-industry\/","title":{"rendered":"Solutions POS et tiroirs-caisses pour le cannabis m\u00e9dicinal"},"content":{"rendered":"<div class=\"section_page-header \">\n    <img decoding=\"async\" class=\"header-image\" src=\"https:\/\/apgsolutions.com\/wp-content\/uploads\/2023\/07\/Cannabis-Header-Image.jpg\" alt=\"Medicinal Cannabis\" title=\"Medicinal Cannabis\">\n            <div class=\"header-content\">\n            <h1>Solutions de point de vente et tiroirs-caisses pour le cannabis m\u00e9dicinal<\/h1>\n        <\/div>\n    <\/div>\n<div class=\"wp-block-group pos-content-div is-vertical is-content-justification-center is-layout-flex wp-container-core-group-is-layout-4b2eccd6 wp-block-group-is-layout-flex\">\n<div style=\"height:0px\" aria-hidden=\"true\" class=\"wp-block-spacer wp-container-content-b83b6736\"><\/div>\n\n\n\n<div class=\"wp-block-group is-vertical is-content-justification-center is-nowrap is-layout-flex wp-container-core-group-is-layout-e862386f wp-block-group-is-layout-flex\">\n<p class=\"has-text-align-center has-large-font-size\"><strong>Le besoin croissant de tiroirs-caisses durables et fiables<\/strong><\/p>\n\n\n\n<div style=\"height:0px\" aria-hidden=\"true\" class=\"wp-block-spacer wp-container-content-5082a153\"><\/div>\n\n\n\n<p class=\"has-text-align-center\">La l\u00e9gislation f\u00e9d\u00e9rale impose aux dispensaires de cannabis am\u00e9ricains de traiter toutes les transactions en esp\u00e8ces, ce qui repr\u00e9sente un d\u00e9fi op\u00e9rationnel de taille. La gestion des esp\u00e8ces dans cet environnement demande beaucoup de travail et est sujette \u00e0 des erreurs, \u00e0 moins que les commer\u00e7ants n&rsquo;aient acc\u00e8s \u00e0 des solutions fiables de gestion des esp\u00e8ces et de point de vente pour assurer le bon d\u00e9roulement de leurs activit\u00e9s. Une gestion efficace des liquidit\u00e9s est essentielle pour les commer\u00e7ants de cannabis qui s&rsquo;efforcent de maintenir leur conformit\u00e9 et leur rentabilit\u00e9.  <\/p>\n\n\n\n<p class=\"has-text-align-center\">apg\u00ae est sp\u00e9cialis\u00e9e dans les tiroirs-caisses de grande capacit\u00e9, les solutions avanc\u00e9es de gestion des esp\u00e8ces et les recycleurs d&rsquo;esp\u00e8ces con\u00e7us pour r\u00e9pondre aux d\u00e9fis uniques des entreprises du cannabis. Nos technologies innovantes rationalisent les processus de traitement des esp\u00e8ces, renforcent la s\u00e9curit\u00e9 et optimisent l&rsquo;efficacit\u00e9, permettant aux commer\u00e7ants de cannabis de se concentrer sur la croissance et la satisfaction des clients. <\/p>\n<\/div>\n\n\n\n<div style=\"height:0px\" aria-hidden=\"true\" class=\"wp-block-spacer wp-container-content-b83b6736\"><\/div>\n\n\n\n<div class=\"wp-block-group is-vertical is-layout-flex wp-container-core-group-is-layout-8cf370e7 wp-block-group-is-layout-flex\">\n<p style=\"font-size:30px\"><strong>Faits et statistiques<\/strong><\/p>\n\n\n\n<div style=\"height:0px\" aria-hidden=\"true\" class=\"wp-block-spacer wp-container-content-5082a153\"><\/div>\n<\/div>\n\n\n\n<div class=\"wp-block-columns is-layout-flex wp-container-core-columns-is-layout-9d6595d7 wp-block-columns-is-layout-flex\">\n<div class=\"wp-block-column pos-card-box has-background is-layout-flow wp-block-column-is-layout-flow\" style=\"background-color:#fcfaf7;flex-basis:360px\">\n<div style=\"height:1rem\" aria-hidden=\"true\" class=\"wp-block-spacer\"><\/div>\n\n\n<div class=\"wp-block-image\">\n<figure class=\"aligncenter size-full\"><img decoding=\"async\" width=\"80\" height=\"80\" src=\"https:\/\/apgsolutions.com\/wp-content\/uploads\/2023\/07\/Growth_Light-Blue.png\" alt=\"Licensed Business\" class=\"wp-image-69003\" style=\"object-fit:cover\"\/><\/figure>\n<\/div>\n\n\n<h3 class=\"wp-block-heading has-text-align-center\" id=\"h-licensed-business\">Entreprise agr\u00e9\u00e9e<\/h3>\n\n\n\n<p class=\"has-text-align-center\">Il existe actuellement 15 000 dispensaires de cannabis aux \u00c9tats-Unis.<\/p>\n\n\n\n<div style=\"height:1rem\" aria-hidden=\"true\" class=\"wp-block-spacer\"><\/div>\n<\/div>\n\n\n\n<div class=\"wp-block-column pos-card-box has-background is-layout-flow wp-block-column-is-layout-flow\" style=\"background-color:#fcfaf7;flex-basis:360px\">\n<div style=\"height:1rem\" aria-hidden=\"true\" class=\"wp-block-spacer\"><\/div>\n\n\n<div class=\"wp-block-image\">\n<figure class=\"aligncenter size-full\"><img decoding=\"async\" width=\"80\" height=\"80\" src=\"https:\/\/apgsolutions.com\/wp-content\/uploads\/2023\/07\/Cannabis-Leaf_White-b.png\" alt=\"Cannabis Market\" class=\"wp-image-68989\" style=\"object-fit:cover\"\/><\/figure>\n<\/div>\n\n\n<h3 class=\"wp-block-heading has-text-align-center\" id=\"h-cannabis-legalization\">L\u00e9galisation du cannabis<\/h3>\n\n\n\n<p class=\"has-text-align-center\">En avril 2024, 24 \u00c9tats auront l\u00e9galis\u00e9 l&rsquo;usage r\u00e9cr\u00e9atif du cannabis aux \u00c9tats-Unis .<\/p>\n\n\n\n<div style=\"height:1rem\" aria-hidden=\"true\" class=\"wp-block-spacer\"><\/div>\n<\/div>\n\n\n\n<div class=\"wp-block-column pos-card-box has-background is-layout-flow wp-block-column-is-layout-flow\" style=\"background-color:#fcfaf7;flex-basis:360px\">\n<div style=\"height:1rem\" aria-hidden=\"true\" class=\"wp-block-spacer\"><\/div>\n\n\n<div class=\"wp-block-image\">\n<figure class=\"aligncenter size-full\"><img decoding=\"async\" width=\"80\" height=\"80\" src=\"https:\/\/apgsolutions.com\/wp-content\/uploads\/2023\/07\/Money-Growth_Light-Blue.png\" alt=\"Principale source de revenus Ic&#xF4;ne\" class=\"wp-image-68978\" style=\"object-fit:cover\"\/><\/figure>\n<\/div>\n\n\n<h3 class=\"wp-block-heading has-text-align-center\" id=\"h-growth-potential\">Potentiel de croissance<\/h3>\n\n\n\n<p class=\"has-text-align-center\">Le chiffre d&rsquo;affaires devrait atteindre 42,98 milliards de dollars en 2024 | Statista<\/p>\n\n\n\n<div style=\"height:16px\" aria-hidden=\"true\" class=\"wp-block-spacer\"><\/div>\n<\/div>\n<\/div>\n\n\n\n<div style=\"height:0px\" aria-hidden=\"true\" class=\"wp-block-spacer wp-container-content-b83b6736\"><\/div>\n\n\n\n<div class=\"wp-block-group is-vertical is-layout-flex wp-container-core-group-is-layout-8cf370e7 wp-block-group-is-layout-flex\">\n<p style=\"font-size:30px\"><strong>Nos tiroirs recommand\u00e9s pour l&rsquo;industrie du cannabis m\u00e9dicinal<\/strong><\/p>\n\n\n\n<div style=\"height:0px\" aria-hidden=\"true\" class=\"wp-block-spacer wp-container-content-2cb1e7d4\"><\/div>\n<\/div>\n\n\n\n<div class=\"wp-block-columns is-layout-flex wp-container-core-columns-is-layout-9d6595d7 wp-block-columns-is-layout-flex\">\n<div class=\"wp-block-column is-layout-flow wp-block-column-is-layout-flow\">\n<div style=\"height:1rem\" aria-hidden=\"true\" class=\"wp-block-spacer\"><\/div>\n\n\n<div class=\"wp-block-image\">\n<figure class=\"aligncenter size-full is-resized\"><img loading=\"lazy\" decoding=\"async\" width=\"280\" height=\"210\" src=\"https:\/\/apgsolutions.com\/wp-content\/uploads\/2023\/06\/Vasario-VBxxx-BL1616-Closed-Left.jpg\" alt=\"Vasario-VBxxx-BL1616-Closed-Left\" class=\"wp-image-62747\" style=\"width:186px\"\/><\/figure>\n<\/div>\n\n\n<h3 class=\"wp-block-heading has-text-align-center\" id=\"h-vasario-series-cash-drawer\">Tiroir-caisse de la s\u00e9rie Vasario<\/h3>\n\n\n\n<p class=\"has-text-align-left\">Pour une solution rentable, pensez au tiroir-caisse Vasario. Con\u00e7u pour r\u00e9pondre aux exigences des dispensaires, le tiroir-caisse Vasario est disponible en diff\u00e9rentes tailles pour s&rsquo;adapter \u00e0 votre installation sp\u00e9cifique.   <\/p>\n\n\n\n<p class=\"has-text-align-left\">Avec une durabilit\u00e9 test\u00e9e pour plus d&rsquo;un million de transactions, le tiroir-caisse Vasario garantit des op\u00e9rations fluides et efficaces.<\/p>\n\n\n\n<div style=\"height:1rem\" aria-hidden=\"true\" class=\"wp-block-spacer\"><\/div>\n<\/div>\n\n\n\n<div class=\"wp-block-column is-layout-flow wp-block-column-is-layout-flow\">\n<div style=\"height:1rem\" aria-hidden=\"true\" class=\"wp-block-spacer\"><\/div>\n\n\n<div class=\"wp-block-image\">\n<figure class=\"aligncenter size-full is-resized\"><img decoding=\"async\" src=\"https:\/\/apgsolutions.com\/wp-content\/uploads\/2024\/09\/Series-100.png\" alt=\"Tiroir-caisse de la s&#xE9;rie 100\" class=\"wp-image-86680\" style=\"width:186px\"\/><\/figure>\n<\/div>\n\n\n<h3 class=\"wp-block-heading has-text-align-center\" id=\"h-series-100-cash-drawer\">Tiroir-caisse s\u00e9rie 100<\/h3>\n\n\n\n<p class=\"has-text-align-left\">La s\u00e9rie 100 est id\u00e9ale pour r\u00e9pondre aux besoins de l&rsquo;industrie du cannabis. Elle offre un grand espace de stockage avec un compartiment profond sous le bac con\u00e7u pour contenir des rouleaux de pi\u00e8ces et de l&rsquo;argent emball\u00e9.<\/p>\n\n\n\n<p class=\"has-text-align-left\">Test\u00e9e pour durer plus de quatre millions de transactions, la s\u00e9rie 100 peut r\u00e9sister aux demandes de gros volumes de transactions des dispensaires.<\/p>\n\n\n\n<div style=\"height:1rem\" aria-hidden=\"true\" class=\"wp-block-spacer\"><\/div>\n<\/div>\n<\/div>\n<\/div>\n","protected":false},"excerpt":{"rendered":"<p>Le besoin croissant de tiroirs-caisses durables et fiables La l\u00e9gislation f\u00e9d\u00e9rale impose aux dispensaires de cannabis am\u00e9ricains de traiter toutes les transactions en esp\u00e8ces, ce qui repr\u00e9sente un d\u00e9fi op\u00e9rationnel de taille. La gestion des esp\u00e8ces dans cet environnement demande beaucoup de travail et est sujette \u00e0 des erreurs, \u00e0 moins que les commer\u00e7ants n&rsquo;aient [&hellip;]<\/p>\n","protected":false},"author":4,"featured_media":0,"parent":0,"menu_order":0,"comment_status":"closed","ping_status":"closed","template":"","meta":{"_acf_changed":false,"content-type":"","footnotes":""},"class_list":["post-94018","page","type-page","status-publish"],"yoast_head":"<!-- This site is optimized with the Yoast SEO Premium plugin v23.5 (Yoast SEO v27.2) - https:\/\/yoast.com\/product\/yoast-seo-premium-wordpress\/ -->\n<title>Solutions POS pour le cannabis m\u00e9dicinal - Tiroirs-caisses pour le cannabis m\u00e9dicinal - apg\u00ae - Solutions POS pour le cannabis m\u00e9dicinal - apg\u00ae - Solutions POS pour le cannabis m\u00e9dicinal<\/title>\n<meta name=\"description\" content=\"Un tiroir-caisse est essentiel dans tous les dispensaires de cannabis. D\u00e9couvrez les solutions et produits POS recommand\u00e9s par APG pour votre environnement de vente au d\u00e9tail.\" \/>\n<meta name=\"robots\" content=\"index, follow, max-snippet:-1, max-image-preview:large, max-video-preview:-1\" \/>\n<link rel=\"canonical\" href=\"https:\/\/apgsolutions.com\/fr\/industry\/medicinal-cannabis-industry\/\" \/>\n<meta property=\"og:locale\" content=\"fr_FR\" \/>\n<meta property=\"og:type\" content=\"article\" \/>\n<meta property=\"og:title\" content=\"Solutions POS pour le cannabis m\u00e9dicinal - Tiroirs-caisses pour le cannabis m\u00e9dicinal - apg\u00ae - Solutions POS pour le cannabis m\u00e9dicinal - apg\u00ae - Solutions POS pour le cannabis m\u00e9dicinal\" \/>\n<meta property=\"og:description\" content=\"Un tiroir-caisse est essentiel dans tous les dispensaires de cannabis. D\u00e9couvrez les solutions et produits POS recommand\u00e9s par APG pour votre environnement de vente au d\u00e9tail.\" \/>\n<meta property=\"og:url\" content=\"https:\/\/apgsolutions.com\/fr\/industry\/medicinal-cannabis-industry\/\" \/>\n<meta property=\"og:site_name\" content=\"apg\u00ae Solutions\" \/>\n<meta property=\"article:publisher\" content=\"https:\/\/www.facebook.com\/apgglobalsolutions\" \/>\n<meta property=\"article:modified_time\" content=\"2025-11-24T13:44:21+00:00\" \/>\n<meta property=\"og:image\" content=\"https:\/\/apgsolutions.com\/wp-content\/uploads\/2023\/07\/Growth_Light-Blue.png\" \/>\n<meta name=\"twitter:card\" content=\"summary_large_image\" \/>\n<meta name=\"twitter:site\" content=\"@apg_solutions\" \/>\n<meta name=\"twitter:label1\" content=\"Dur\u00e9e de lecture estim\u00e9e\" \/>\n\t<meta name=\"twitter:data1\" content=\"3 minutes\" \/>\n<script type=\"application\/ld+json\" class=\"yoast-schema-graph\">{\"@context\":\"https:\/\/schema.org\",\"@graph\":[{\"@type\":\"WebPage\",\"@id\":\"https:\/\/apgsolutions.com\/fr\/industry\/medicinal-cannabis-industry\/\",\"url\":\"https:\/\/apgsolutions.com\/fr\/industry\/medicinal-cannabis-industry\/\",\"name\":\"Solutions POS pour le cannabis m\u00e9dicinal - Tiroirs-caisses pour le cannabis m\u00e9dicinal - apg\u00ae - Solutions POS pour le cannabis m\u00e9dicinal - apg\u00ae - Solutions POS pour le cannabis m\u00e9dicinal\",\"isPartOf\":{\"@id\":\"https:\/\/apgsolutions.com\/fr\/#website\"},\"primaryImageOfPage\":{\"@id\":\"https:\/\/apgsolutions.com\/fr\/industry\/medicinal-cannabis-industry\/#primaryimage\"},\"image\":{\"@id\":\"https:\/\/apgsolutions.com\/fr\/industry\/medicinal-cannabis-industry\/#primaryimage\"},\"thumbnailUrl\":\"https:\/\/apgsolutions.com\/wp-content\/uploads\/2023\/07\/Growth_Light-Blue.png\",\"datePublished\":\"2025-10-07T11:03:45+00:00\",\"dateModified\":\"2025-11-24T13:44:21+00:00\",\"description\":\"Un tiroir-caisse est essentiel dans tous les dispensaires de cannabis. D\u00e9couvrez les solutions et produits POS recommand\u00e9s par APG pour votre environnement de vente au d\u00e9tail.\",\"inLanguage\":\"fr-FR\",\"potentialAction\":[{\"@type\":\"ReadAction\",\"target\":[\"https:\/\/apgsolutions.com\/fr\/industry\/medicinal-cannabis-industry\/\"]}]},{\"@type\":\"ImageObject\",\"inLanguage\":\"fr-FR\",\"@id\":\"https:\/\/apgsolutions.com\/fr\/industry\/medicinal-cannabis-industry\/#primaryimage\",\"url\":\"https:\/\/apgsolutions.com\/wp-content\/uploads\/2023\/07\/Growth_Light-Blue.png\",\"contentUrl\":\"https:\/\/apgsolutions.com\/wp-content\/uploads\/2023\/07\/Growth_Light-Blue.png\"},{\"@type\":\"WebSite\",\"@id\":\"https:\/\/apgsolutions.com\/fr\/#website\",\"url\":\"https:\/\/apgsolutions.com\/fr\/\",\"name\":\"APG Solutions, LLC\",\"description\":\"Trust at every point.\",\"publisher\":{\"@id\":\"https:\/\/apgsolutions.com\/fr\/#organization\"},\"potentialAction\":[{\"@type\":\"SearchAction\",\"target\":{\"@type\":\"EntryPoint\",\"urlTemplate\":\"https:\/\/apgsolutions.com\/fr\/?s={search_term_string}\"},\"query-input\":{\"@type\":\"PropertyValueSpecification\",\"valueRequired\":true,\"valueName\":\"search_term_string\"}}],\"inLanguage\":\"fr-FR\"},{\"@type\":\"Organization\",\"@id\":\"https:\/\/apgsolutions.com\/fr\/#organization\",\"name\":\"APG Solution, LLC\",\"url\":\"https:\/\/apgsolutions.com\/fr\/\",\"logo\":{\"@type\":\"ImageObject\",\"inLanguage\":\"fr-FR\",\"@id\":\"https:\/\/apgsolutions.com\/fr\/#\/schema\/logo\/image\/\",\"url\":\"https:\/\/apgsolutions.com\/wp-content\/uploads\/2023\/12\/logomark-color.svg\",\"contentUrl\":\"https:\/\/apgsolutions.com\/wp-content\/uploads\/2023\/12\/logomark-color.svg\",\"width\":141,\"height\":138,\"caption\":\"APG Solution, LLC\"},\"image\":{\"@id\":\"https:\/\/apgsolutions.com\/fr\/#\/schema\/logo\/image\/\"},\"sameAs\":[\"https:\/\/www.facebook.com\/apgglobalsolutions\",\"https:\/\/x.com\/apg_solutions\",\"https:\/\/www.youtube.com\/c\/CashManagementGlobalSolutionsbyapg\",\"https:\/\/www.linkedin.com\/company\/apgglobalsolutions\/\",\"https:\/\/www.instagram.com\/apgglobalsolutions\/\",\"https:\/\/www.pinterest.com\/apgcashdrawer\/\"]}]}<\/script>\n<!-- \/ Yoast SEO Premium plugin. -->","yoast_head_json":{"title":"Solutions POS pour le cannabis m\u00e9dicinal - Tiroirs-caisses pour le cannabis m\u00e9dicinal - apg\u00ae - Solutions POS pour le cannabis m\u00e9dicinal - apg\u00ae - Solutions POS pour le cannabis m\u00e9dicinal","description":"Un tiroir-caisse est essentiel dans tous les dispensaires de cannabis. D\u00e9couvrez les solutions et produits POS recommand\u00e9s par APG pour votre environnement de vente au d\u00e9tail.","robots":{"index":"index","follow":"follow","max-snippet":"max-snippet:-1","max-image-preview":"max-image-preview:large","max-video-preview":"max-video-preview:-1"},"canonical":"https:\/\/apgsolutions.com\/fr\/industry\/medicinal-cannabis-industry\/","og_locale":"fr_FR","og_type":"article","og_title":"Solutions POS pour le cannabis m\u00e9dicinal - Tiroirs-caisses pour le cannabis m\u00e9dicinal - apg\u00ae - Solutions POS pour le cannabis m\u00e9dicinal - apg\u00ae - Solutions POS pour le cannabis m\u00e9dicinal","og_description":"Un tiroir-caisse est essentiel dans tous les dispensaires de cannabis. D\u00e9couvrez les solutions et produits POS recommand\u00e9s par APG pour votre environnement de vente au d\u00e9tail.","og_url":"https:\/\/apgsolutions.com\/fr\/industry\/medicinal-cannabis-industry\/","og_site_name":"apg\u00ae Solutions","article_publisher":"https:\/\/www.facebook.com\/apgglobalsolutions","article_modified_time":"2025-11-24T13:44:21+00:00","og_image":[{"url":"https:\/\/apgsolutions.com\/wp-content\/uploads\/2023\/07\/Growth_Light-Blue.png","type":"","width":"","height":""}],"twitter_card":"summary_large_image","twitter_site":"@apg_solutions","twitter_misc":{"Dur\u00e9e de lecture estim\u00e9e":"3 minutes"},"schema":{"@context":"https:\/\/schema.org","@graph":[{"@type":"WebPage","@id":"https:\/\/apgsolutions.com\/fr\/industry\/medicinal-cannabis-industry\/","url":"https:\/\/apgsolutions.com\/fr\/industry\/medicinal-cannabis-industry\/","name":"Solutions POS pour le cannabis m\u00e9dicinal - Tiroirs-caisses pour le cannabis m\u00e9dicinal - apg\u00ae - Solutions POS pour le cannabis m\u00e9dicinal - apg\u00ae - Solutions POS pour le cannabis m\u00e9dicinal","isPartOf":{"@id":"https:\/\/apgsolutions.com\/fr\/#website"},"primaryImageOfPage":{"@id":"https:\/\/apgsolutions.com\/fr\/industry\/medicinal-cannabis-industry\/#primaryimage"},"image":{"@id":"https:\/\/apgsolutions.com\/fr\/industry\/medicinal-cannabis-industry\/#primaryimage"},"thumbnailUrl":"https:\/\/apgsolutions.com\/wp-content\/uploads\/2023\/07\/Growth_Light-Blue.png","datePublished":"2025-10-07T11:03:45+00:00","dateModified":"2025-11-24T13:44:21+00:00","description":"Un tiroir-caisse est essentiel dans tous les dispensaires de cannabis. D\u00e9couvrez les solutions et produits POS recommand\u00e9s par APG pour votre environnement de vente au d\u00e9tail.","inLanguage":"fr-FR","potentialAction":[{"@type":"ReadAction","target":["https:\/\/apgsolutions.com\/fr\/industry\/medicinal-cannabis-industry\/"]}]},{"@type":"ImageObject","inLanguage":"fr-FR","@id":"https:\/\/apgsolutions.com\/fr\/industry\/medicinal-cannabis-industry\/#primaryimage","url":"https:\/\/apgsolutions.com\/wp-content\/uploads\/2023\/07\/Growth_Light-Blue.png","contentUrl":"https:\/\/apgsolutions.com\/wp-content\/uploads\/2023\/07\/Growth_Light-Blue.png"},{"@type":"WebSite","@id":"https:\/\/apgsolutions.com\/fr\/#website","url":"https:\/\/apgsolutions.com\/fr\/","name":"APG Solutions, LLC","description":"Trust at every point.","publisher":{"@id":"https:\/\/apgsolutions.com\/fr\/#organization"},"potentialAction":[{"@type":"SearchAction","target":{"@type":"EntryPoint","urlTemplate":"https:\/\/apgsolutions.com\/fr\/?s={search_term_string}"},"query-input":{"@type":"PropertyValueSpecification","valueRequired":true,"valueName":"search_term_string"}}],"inLanguage":"fr-FR"},{"@type":"Organization","@id":"https:\/\/apgsolutions.com\/fr\/#organization","name":"APG Solution, LLC","url":"https:\/\/apgsolutions.com\/fr\/","logo":{"@type":"ImageObject","inLanguage":"fr-FR","@id":"https:\/\/apgsolutions.com\/fr\/#\/schema\/logo\/image\/","url":"https:\/\/apgsolutions.com\/wp-content\/uploads\/2023\/12\/logomark-color.svg","contentUrl":"https:\/\/apgsolutions.com\/wp-content\/uploads\/2023\/12\/logomark-color.svg","width":141,"height":138,"caption":"APG Solution, LLC"},"image":{"@id":"https:\/\/apgsolutions.com\/fr\/#\/schema\/logo\/image\/"},"sameAs":["https:\/\/www.facebook.com\/apgglobalsolutions","https:\/\/x.com\/apg_solutions","https:\/\/www.youtube.com\/c\/CashManagementGlobalSolutionsbyapg","https:\/\/www.linkedin.com\/company\/apgglobalsolutions\/","https:\/\/www.instagram.com\/apgglobalsolutions\/","https:\/\/www.pinterest.com\/apgcashdrawer\/"]}]}},"acf":[],"_links":{"self":[{"href":"https:\/\/apgsolutions.com\/fr\/wp-json\/wp\/v2\/pages\/94018","targetHints":{"allow":["GET"]}}],"collection":[{"href":"https:\/\/apgsolutions.com\/fr\/wp-json\/wp\/v2\/pages"}],"about":[{"href":"https:\/\/apgsolutions.com\/fr\/wp-json\/wp\/v2\/types\/page"}],"author":[{"embeddable":true,"href":"https:\/\/apgsolutions.com\/fr\/wp-json\/wp\/v2\/users\/4"}],"replies":[{"embeddable":true,"href":"https:\/\/apgsolutions.com\/fr\/wp-json\/wp\/v2\/comments?post=94018"}],"version-history":[{"count":2,"href":"https:\/\/apgsolutions.com\/fr\/wp-json\/wp\/v2\/pages\/94018\/revisions"}],"predecessor-version":[{"id":95883,"href":"https:\/\/apgsolutions.com\/fr\/wp-json\/wp\/v2\/pages\/94018\/revisions\/95883"}],"wp:attachment":[{"href":"https:\/\/apgsolutions.com\/fr\/wp-json\/wp\/v2\/media?parent=94018"}],"curies":[{"name":"wp","href":"https:\/\/api.w.org\/{rel}","templated":true}]}}