{"id":94056,"date":"2025-10-07T11:26:16","date_gmt":"2025-10-07T11:26:16","guid":{"rendered":"https:\/\/apgsolutions.com\/quick-serve-restaurant-qsr\/"},"modified":"2025-11-24T13:45:39","modified_gmt":"2025-11-24T13:45:39","slug":"quick-serve-restaurant-qsr","status":"publish","type":"page","link":"https:\/\/apgsolutions.com\/fr\/industry\/quick-serve-restaurant-qsr\/","title":{"rendered":"Restaurants \u00e0 service rapide"},"content":{"rendered":"<div class=\"section_page-header \">\n    <img decoding=\"async\" class=\"header-image\" src=\"https:\/\/apgsolutions.com\/wp-content\/uploads\/2023\/07\/QSR-Header.jpg\" alt=\"Restaurants \u00e0 service rapide\" title=\"Restaurants \u00e0 service rapide\">\n            <div class=\"header-content\">\n            <h1>Restaurants \u00e0 service rapide<\/h1>\n        <\/div>\n    <\/div>\n<div class=\"wp-block-group pos-content-div is-vertical is-content-justification-center is-layout-flex wp-container-core-group-is-layout-4b2eccd6 wp-block-group-is-layout-flex\">\n<div style=\"height:0px\" aria-hidden=\"true\" class=\"wp-block-spacer wp-container-content-b83b6736\"><\/div>\n\n\n\n<div class=\"wp-block-group is-vertical is-content-justification-center is-nowrap is-layout-flex wp-container-core-group-is-layout-e862386f wp-block-group-is-layout-flex\">\n<p class=\"has-text-align-center has-large-font-size\"><strong>Solutions POS robustes et durables<\/strong><\/p>\n\n\n\n<div style=\"height:0px\" aria-hidden=\"true\" class=\"wp-block-spacer wp-container-content-5082a153\"><\/div>\n\n\n\n<p class=\"has-text-align-center\">La restauration rapide repr\u00e9sente une part importante du march\u00e9 de l&rsquo;industrie alimentaire. Rien qu&rsquo;aux \u00c9tats-Unis, il y a 195 507 restaurants \u00e0 service rapide, et la taille du march\u00e9 a atteint 382 milliards de dollars en 2022. Les restaurants \u00e0 service rapide jouent un r\u00f4le essentiel dans le secteur de l&rsquo;h\u00f4tellerie et de la restauration. Ils disposent souvent de deux ou trois terminaux de point de vente aux caisses des magasins et d&rsquo;un ou deux aux guichets de vente au volant.    <\/p>\n\n\n\n<p class=\"has-text-align-center\">apg\u00ae poss\u00e8de l&rsquo;exp\u00e9rience et la capacit\u00e9 de fabriquer le mat\u00e9riel de point de vente le plus fiable et le plus s\u00fbr pour les restaurants \u00e0 service rapide. Nos solutions robustes sont con\u00e7ues pour augmenter la productivit\u00e9 et am\u00e9liorer l&rsquo;exp\u00e9rience globale du client. <\/p>\n<\/div>\n\n\n\n<div style=\"height:0px\" aria-hidden=\"true\" class=\"wp-block-spacer wp-container-content-b83b6736\"><\/div>\n\n\n\n<div class=\"wp-block-group is-vertical is-layout-flex wp-container-core-group-is-layout-8cf370e7 wp-block-group-is-layout-flex\">\n<p style=\"font-size:30px\"><strong>Faits et statistiques<\/strong><\/p>\n\n\n\n<div style=\"height:0px\" aria-hidden=\"true\" class=\"wp-block-spacer wp-container-content-5082a153\"><\/div>\n<\/div>\n\n\n\n<div class=\"wp-block-columns is-layout-flex wp-container-core-columns-is-layout-9d6595d7 wp-block-columns-is-layout-flex\">\n<div class=\"wp-block-column pos-card-box has-background is-layout-flow wp-block-column-is-layout-flow\" style=\"background-color:#fcfaf7;flex-basis:360px\">\n<div style=\"height:1rem\" aria-hidden=\"true\" class=\"wp-block-spacer\"><\/div>\n\n\n<div class=\"wp-block-image\">\n<figure class=\"aligncenter size-full\"><img decoding=\"async\" width=\"80\" height=\"80\" src=\"https:\/\/apgsolutions.com\/wp-content\/uploads\/2023\/07\/Money-Growth_Light-Blue.png\" alt=\"Principale source de revenus Ic&#xF4;ne\" class=\"wp-image-68978\" style=\"object-fit:cover\"\/><\/figure>\n<\/div>\n\n\n<h3 class=\"wp-block-heading has-text-align-center\" id=\"h-growth\">Croissance<\/h3>\n\n\n\n<p class=\"has-text-align-center\">En 2023, les d\u00e9penses de consommation dans les QSR s&rsquo;\u00e9levaient \u00e0 350 milliards de dollars | Statista<\/p>\n\n\n\n<div style=\"height:1rem\" aria-hidden=\"true\" class=\"wp-block-spacer\"><\/div>\n<\/div>\n\n\n\n<div class=\"wp-block-column pos-card-box has-background is-layout-flow wp-block-column-is-layout-flow\" style=\"background-color:#fcfaf7;flex-basis:360px\">\n<div style=\"height:1rem\" aria-hidden=\"true\" class=\"wp-block-spacer\"><\/div>\n\n\n<div class=\"wp-block-image\">\n<figure class=\"aligncenter size-full\"><img decoding=\"async\" width=\"80\" height=\"80\" src=\"https:\/\/apgsolutions.com\/wp-content\/uploads\/2023\/08\/Serve-Brands-1.png\" alt=\"Serve-Brands\" class=\"wp-image-70076\" style=\"object-fit:cover\"\/><\/figure>\n<\/div>\n\n\n<h3 class=\"wp-block-heading has-text-align-center\" id=\"h-value\">Valeur<\/h3>\n\n\n\n<p class=\"has-text-align-center\">Les restaurants \u00e0 service rapide sont une option attrayante pour les consommateurs soucieux de leur budget. Les consommateurs utilisent des esp\u00e8ces pour pr\u00e8s de la moiti\u00e9 des ventes d&rsquo;une valeur inf\u00e9rieure \u00e0 50 dollars. <\/p>\n\n\n\n<div style=\"height:1rem\" aria-hidden=\"true\" class=\"wp-block-spacer\"><\/div>\n<\/div>\n\n\n\n<div class=\"wp-block-column pos-card-box has-background is-layout-flow wp-block-column-is-layout-flow\" style=\"background-color:#fcfaf7;flex-basis:360px\">\n<div style=\"height:1rem\" aria-hidden=\"true\" class=\"wp-block-spacer\"><\/div>\n\n\n<div class=\"wp-block-image\">\n<figure class=\"aligncenter size-full\"><img decoding=\"async\" width=\"80\" height=\"80\" src=\"https:\/\/apgsolutions.com\/wp-content\/uploads\/2023\/07\/Bill_Light-Blue.png\" alt=\"Cash Usage in Bars &amp; Clubs\" class=\"wp-image-68967\" style=\"object-fit:cover\"\/><\/figure>\n<\/div>\n\n\n<h3 class=\"wp-block-heading has-text-align-center\" id=\"h-cash-usage\">Utilisation des liquidit\u00e9s<\/h3>\n\n\n\n<p class=\"has-text-align-center\">L&rsquo;argent liquide reste le moyen de paiement le plus utilis\u00e9 : 67 % des Am\u00e9ricains pr\u00e9f\u00e8rent utiliser l&rsquo;argent liquide.<\/p>\n\n\n\n<div style=\"height:16px\" aria-hidden=\"true\" class=\"wp-block-spacer\"><\/div>\n<\/div>\n<\/div>\n\n\n\n<div style=\"height:0px\" aria-hidden=\"true\" class=\"wp-block-spacer wp-container-content-b83b6736\"><\/div>\n\n\n\n<div class=\"wp-block-group is-vertical is-layout-flex wp-container-core-group-is-layout-8cf370e7 wp-block-group-is-layout-flex\">\n<p style=\"font-size:30px\"><strong>Nos tiroirs recommand\u00e9s pour les restaurants \u00e0 service rapide<\/strong><\/p>\n\n\n\n<div style=\"height:0px\" aria-hidden=\"true\" class=\"wp-block-spacer wp-container-content-2cb1e7d4\"><\/div>\n<\/div>\n\n\n\n<div class=\"wp-block-columns is-layout-flex wp-container-core-columns-is-layout-9d6595d7 wp-block-columns-is-layout-flex\">\n<div class=\"wp-block-column is-layout-flow wp-block-column-is-layout-flow\">\n<div style=\"height:1rem\" aria-hidden=\"true\" class=\"wp-block-spacer\"><\/div>\n\n\n<div class=\"wp-block-image\">\n<figure class=\"aligncenter size-full is-resized\"><img decoding=\"async\" src=\"https:\/\/apgsolutions.com\/wp-content\/uploads\/2024\/09\/Series-100.png\" alt=\"Tiroir-caisse de la s&#xE9;rie 100\" class=\"wp-image-86680\" style=\"width:186px\"\/><\/figure>\n<\/div>\n\n\n<h3 class=\"wp-block-heading has-text-align-center\" id=\"h-series-100-cash-drawers\">Tiroirs-caisses de la s\u00e9rie 100<\/h3>\n\n\n\n<p class=\"has-text-align-left\">La s\u00e9rie 100 est id\u00e9ale pour les restaurants \u00e0 service rapide, car elle offre un grand espace de stockage avec un compartiment profond sous la caisse pour les rouleaux de pi\u00e8ces et les billets emball\u00e9s. Sa conception compacte optimise l&rsquo;espace du comptoir, ce qui la rend id\u00e9ale pour les environnements \u00e0 rythme rapide. <\/p>\n\n\n\n<p class=\"has-text-align-left\">Test\u00e9e sur plus de quatre millions de transactions, la s\u00e9rie 100 offre une fiabilit\u00e9 et une durabilit\u00e9 constantes pour les transactions \u00e0 haut volume des restaurants \u00e0 service rapide.<\/p>\n\n\n\n<div style=\"height:1rem\" aria-hidden=\"true\" class=\"wp-block-spacer\"><\/div>\n<\/div>\n\n\n\n<div class=\"wp-block-column is-layout-flow wp-block-column-is-layout-flow\">\n<div style=\"height:1rem\" aria-hidden=\"true\" class=\"wp-block-spacer\"><\/div>\n\n\n<div class=\"wp-block-image\">\n<figure class=\"aligncenter size-full is-resized\"><img loading=\"lazy\" decoding=\"async\" width=\"1600\" height=\"1200\" src=\"https:\/\/apgsolutions.com\/wp-content\/uploads\/2023\/06\/Series-4000-JB520-BL1816-Closed-Right.png\" alt=\"Series 4000 JB520 BL1816 Closed Right\" class=\"wp-image-83857\" style=\"width:186px\" srcset=\"https:\/\/apgsolutions.com\/wp-content\/uploads\/2023\/06\/Series-4000-JB520-BL1816-Closed-Right.png 1600w, https:\/\/apgsolutions.com\/wp-content\/uploads\/2023\/06\/Series-4000-JB520-BL1816-Closed-Right-300x225.png 300w, https:\/\/apgsolutions.com\/wp-content\/uploads\/2023\/06\/Series-4000-JB520-BL1816-Closed-Right-1024x768.png 1024w, https:\/\/apgsolutions.com\/wp-content\/uploads\/2023\/06\/Series-4000-JB520-BL1816-Closed-Right-768x576.png 768w, https:\/\/apgsolutions.com\/wp-content\/uploads\/2023\/06\/Series-4000-JB520-BL1816-Closed-Right-1536x1152.png 1536w, https:\/\/apgsolutions.com\/wp-content\/uploads\/2023\/06\/Series-4000-JB520-BL1816-Closed-Right-550x413.png 550w, https:\/\/apgsolutions.com\/wp-content\/uploads\/2023\/06\/Series-4000-JB520-BL1816-Closed-Right-80x60.png 80w, https:\/\/apgsolutions.com\/wp-content\/uploads\/2023\/06\/Series-4000-JB520-BL1816-Closed-Right-600x450.png 600w\" sizes=\"(max-width: 1600px) 100vw, 1600px\" \/><\/figure>\n<\/div>\n\n\n<h3 class=\"wp-block-heading has-text-align-center\" id=\"h-series-4000-cash-drawer\">Tiroir-caisse de la s\u00e9rie 4000<\/h3>\n\n\n\n<p class=\"has-text-align-left\">La s\u00e9rie 4000 garantit des solutions de stockage flexibles avec diff\u00e9rentes tailles et couleurs pour r\u00e9pondre \u00e0 vos besoins en mati\u00e8re de caisses rapides.  <\/p>\n\n\n\n<p class=\"has-text-align-left\">Con\u00e7ue pour traiter plus de quatre millions de transactions, la s\u00e9rie 4000 garantit des performances et une durabilit\u00e9 fiables, ce qui en fait un choix s\u00fbr pour les restaurants \u00e0 service rapide.<\/p>\n\n\n\n<div style=\"height:1rem\" aria-hidden=\"true\" class=\"wp-block-spacer\"><\/div>\n<\/div>\n<\/div>\n<\/div>\n","protected":false},"excerpt":{"rendered":"<p>Solutions POS robustes et durables La restauration rapide repr\u00e9sente une part importante du march\u00e9 de l&rsquo;industrie alimentaire. Rien qu&rsquo;aux \u00c9tats-Unis, il y a 195 507 restaurants \u00e0 service rapide, et la taille du march\u00e9 a atteint 382 milliards de dollars en 2022. Les restaurants \u00e0 service rapide jouent un r\u00f4le essentiel dans le secteur de [&hellip;]<\/p>\n","protected":false},"author":4,"featured_media":0,"parent":0,"menu_order":0,"comment_status":"closed","ping_status":"closed","template":"","meta":{"_acf_changed":false,"content-type":"","footnotes":""},"class_list":["post-94056","page","type-page","status-publish"],"yoast_head":"<!-- This site is optimized with the Yoast SEO Premium plugin v23.5 (Yoast SEO v27.2) - https:\/\/yoast.com\/product\/yoast-seo-premium-wordpress\/ -->\n<title>Restauration rapide Solutions POS recommand\u00e9es - APG<\/title>\n<meta name=\"description\" content=\"APG propose des solutions de point de vente durables pour les restaurants \u00e0 service rapide. Nos solutions robustes peuvent augmenter la productivit\u00e9 et am\u00e9liorer l&#039;exp\u00e9rience de la caisse.\" \/>\n<meta name=\"robots\" content=\"index, follow, max-snippet:-1, max-image-preview:large, max-video-preview:-1\" \/>\n<link rel=\"canonical\" href=\"https:\/\/apgsolutions.com\/fr\/industry\/quick-serve-restaurant-qsr\/\" \/>\n<meta property=\"og:locale\" content=\"fr_FR\" \/>\n<meta property=\"og:type\" content=\"article\" \/>\n<meta property=\"og:title\" content=\"Restauration rapide Solutions POS recommand\u00e9es - APG\" \/>\n<meta property=\"og:description\" content=\"APG propose des solutions de point de vente durables pour les restaurants \u00e0 service rapide. Nos solutions robustes peuvent augmenter la productivit\u00e9 et am\u00e9liorer l&#039;exp\u00e9rience de la caisse.\" \/>\n<meta property=\"og:url\" content=\"https:\/\/apgsolutions.com\/fr\/industry\/quick-serve-restaurant-qsr\/\" \/>\n<meta property=\"og:site_name\" content=\"apg\u00ae Solutions\" \/>\n<meta property=\"article:publisher\" content=\"https:\/\/www.facebook.com\/apgglobalsolutions\" \/>\n<meta property=\"article:modified_time\" content=\"2025-11-24T13:45:39+00:00\" \/>\n<meta property=\"og:image\" content=\"https:\/\/apgsolutions.com\/wp-content\/uploads\/2023\/07\/Money-Growth_Light-Blue.png\" \/>\n<meta name=\"twitter:card\" content=\"summary_large_image\" \/>\n<meta name=\"twitter:site\" content=\"@apg_solutions\" \/>\n<meta name=\"twitter:label1\" content=\"Dur\u00e9e de lecture estim\u00e9e\" \/>\n\t<meta name=\"twitter:data1\" content=\"3 minutes\" \/>\n<script type=\"application\/ld+json\" class=\"yoast-schema-graph\">{\"@context\":\"https:\/\/schema.org\",\"@graph\":[{\"@type\":\"WebPage\",\"@id\":\"https:\/\/apgsolutions.com\/fr\/industry\/quick-serve-restaurant-qsr\/\",\"url\":\"https:\/\/apgsolutions.com\/fr\/industry\/quick-serve-restaurant-qsr\/\",\"name\":\"Restauration rapide Solutions POS recommand\u00e9es - APG\",\"isPartOf\":{\"@id\":\"https:\/\/apgsolutions.com\/fr\/#website\"},\"primaryImageOfPage\":{\"@id\":\"https:\/\/apgsolutions.com\/fr\/industry\/quick-serve-restaurant-qsr\/#primaryimage\"},\"image\":{\"@id\":\"https:\/\/apgsolutions.com\/fr\/industry\/quick-serve-restaurant-qsr\/#primaryimage\"},\"thumbnailUrl\":\"https:\/\/apgsolutions.com\/wp-content\/uploads\/2023\/07\/Money-Growth_Light-Blue.png\",\"datePublished\":\"2025-10-07T11:26:16+00:00\",\"dateModified\":\"2025-11-24T13:45:39+00:00\",\"description\":\"APG propose des solutions de point de vente durables pour les restaurants \u00e0 service rapide. Nos solutions robustes peuvent augmenter la productivit\u00e9 et am\u00e9liorer l'exp\u00e9rience de la caisse.\",\"inLanguage\":\"fr-FR\",\"potentialAction\":[{\"@type\":\"ReadAction\",\"target\":[\"https:\/\/apgsolutions.com\/fr\/industry\/quick-serve-restaurant-qsr\/\"]}]},{\"@type\":\"ImageObject\",\"inLanguage\":\"fr-FR\",\"@id\":\"https:\/\/apgsolutions.com\/fr\/industry\/quick-serve-restaurant-qsr\/#primaryimage\",\"url\":\"https:\/\/apgsolutions.com\/wp-content\/uploads\/2023\/07\/Money-Growth_Light-Blue.png\",\"contentUrl\":\"https:\/\/apgsolutions.com\/wp-content\/uploads\/2023\/07\/Money-Growth_Light-Blue.png\"},{\"@type\":\"WebSite\",\"@id\":\"https:\/\/apgsolutions.com\/fr\/#website\",\"url\":\"https:\/\/apgsolutions.com\/fr\/\",\"name\":\"APG Solutions, LLC\",\"description\":\"Trust at every point.\",\"publisher\":{\"@id\":\"https:\/\/apgsolutions.com\/fr\/#organization\"},\"potentialAction\":[{\"@type\":\"SearchAction\",\"target\":{\"@type\":\"EntryPoint\",\"urlTemplate\":\"https:\/\/apgsolutions.com\/fr\/?s={search_term_string}\"},\"query-input\":{\"@type\":\"PropertyValueSpecification\",\"valueRequired\":true,\"valueName\":\"search_term_string\"}}],\"inLanguage\":\"fr-FR\"},{\"@type\":\"Organization\",\"@id\":\"https:\/\/apgsolutions.com\/fr\/#organization\",\"name\":\"APG Solution, LLC\",\"url\":\"https:\/\/apgsolutions.com\/fr\/\",\"logo\":{\"@type\":\"ImageObject\",\"inLanguage\":\"fr-FR\",\"@id\":\"https:\/\/apgsolutions.com\/fr\/#\/schema\/logo\/image\/\",\"url\":\"https:\/\/apgsolutions.com\/wp-content\/uploads\/2023\/12\/logomark-color.svg\",\"contentUrl\":\"https:\/\/apgsolutions.com\/wp-content\/uploads\/2023\/12\/logomark-color.svg\",\"width\":141,\"height\":138,\"caption\":\"APG Solution, LLC\"},\"image\":{\"@id\":\"https:\/\/apgsolutions.com\/fr\/#\/schema\/logo\/image\/\"},\"sameAs\":[\"https:\/\/www.facebook.com\/apgglobalsolutions\",\"https:\/\/x.com\/apg_solutions\",\"https:\/\/www.youtube.com\/c\/CashManagementGlobalSolutionsbyapg\",\"https:\/\/www.linkedin.com\/company\/apgglobalsolutions\/\",\"https:\/\/www.instagram.com\/apgglobalsolutions\/\",\"https:\/\/www.pinterest.com\/apgcashdrawer\/\"]}]}<\/script>\n<!-- \/ Yoast SEO Premium plugin. -->","yoast_head_json":{"title":"Restauration rapide Solutions POS recommand\u00e9es - APG","description":"APG propose des solutions de point de vente durables pour les restaurants \u00e0 service rapide. Nos solutions robustes peuvent augmenter la productivit\u00e9 et am\u00e9liorer l'exp\u00e9rience de la caisse.","robots":{"index":"index","follow":"follow","max-snippet":"max-snippet:-1","max-image-preview":"max-image-preview:large","max-video-preview":"max-video-preview:-1"},"canonical":"https:\/\/apgsolutions.com\/fr\/industry\/quick-serve-restaurant-qsr\/","og_locale":"fr_FR","og_type":"article","og_title":"Restauration rapide Solutions POS recommand\u00e9es - APG","og_description":"APG propose des solutions de point de vente durables pour les restaurants \u00e0 service rapide. Nos solutions robustes peuvent augmenter la productivit\u00e9 et am\u00e9liorer l'exp\u00e9rience de la caisse.","og_url":"https:\/\/apgsolutions.com\/fr\/industry\/quick-serve-restaurant-qsr\/","og_site_name":"apg\u00ae Solutions","article_publisher":"https:\/\/www.facebook.com\/apgglobalsolutions","article_modified_time":"2025-11-24T13:45:39+00:00","og_image":[{"url":"https:\/\/apgsolutions.com\/wp-content\/uploads\/2023\/07\/Money-Growth_Light-Blue.png","type":"","width":"","height":""}],"twitter_card":"summary_large_image","twitter_site":"@apg_solutions","twitter_misc":{"Dur\u00e9e de lecture estim\u00e9e":"3 minutes"},"schema":{"@context":"https:\/\/schema.org","@graph":[{"@type":"WebPage","@id":"https:\/\/apgsolutions.com\/fr\/industry\/quick-serve-restaurant-qsr\/","url":"https:\/\/apgsolutions.com\/fr\/industry\/quick-serve-restaurant-qsr\/","name":"Restauration rapide Solutions POS recommand\u00e9es - APG","isPartOf":{"@id":"https:\/\/apgsolutions.com\/fr\/#website"},"primaryImageOfPage":{"@id":"https:\/\/apgsolutions.com\/fr\/industry\/quick-serve-restaurant-qsr\/#primaryimage"},"image":{"@id":"https:\/\/apgsolutions.com\/fr\/industry\/quick-serve-restaurant-qsr\/#primaryimage"},"thumbnailUrl":"https:\/\/apgsolutions.com\/wp-content\/uploads\/2023\/07\/Money-Growth_Light-Blue.png","datePublished":"2025-10-07T11:26:16+00:00","dateModified":"2025-11-24T13:45:39+00:00","description":"APG propose des solutions de point de vente durables pour les restaurants \u00e0 service rapide. Nos solutions robustes peuvent augmenter la productivit\u00e9 et am\u00e9liorer l'exp\u00e9rience de la caisse.","inLanguage":"fr-FR","potentialAction":[{"@type":"ReadAction","target":["https:\/\/apgsolutions.com\/fr\/industry\/quick-serve-restaurant-qsr\/"]}]},{"@type":"ImageObject","inLanguage":"fr-FR","@id":"https:\/\/apgsolutions.com\/fr\/industry\/quick-serve-restaurant-qsr\/#primaryimage","url":"https:\/\/apgsolutions.com\/wp-content\/uploads\/2023\/07\/Money-Growth_Light-Blue.png","contentUrl":"https:\/\/apgsolutions.com\/wp-content\/uploads\/2023\/07\/Money-Growth_Light-Blue.png"},{"@type":"WebSite","@id":"https:\/\/apgsolutions.com\/fr\/#website","url":"https:\/\/apgsolutions.com\/fr\/","name":"APG Solutions, LLC","description":"Trust at every point.","publisher":{"@id":"https:\/\/apgsolutions.com\/fr\/#organization"},"potentialAction":[{"@type":"SearchAction","target":{"@type":"EntryPoint","urlTemplate":"https:\/\/apgsolutions.com\/fr\/?s={search_term_string}"},"query-input":{"@type":"PropertyValueSpecification","valueRequired":true,"valueName":"search_term_string"}}],"inLanguage":"fr-FR"},{"@type":"Organization","@id":"https:\/\/apgsolutions.com\/fr\/#organization","name":"APG Solution, LLC","url":"https:\/\/apgsolutions.com\/fr\/","logo":{"@type":"ImageObject","inLanguage":"fr-FR","@id":"https:\/\/apgsolutions.com\/fr\/#\/schema\/logo\/image\/","url":"https:\/\/apgsolutions.com\/wp-content\/uploads\/2023\/12\/logomark-color.svg","contentUrl":"https:\/\/apgsolutions.com\/wp-content\/uploads\/2023\/12\/logomark-color.svg","width":141,"height":138,"caption":"APG Solution, LLC"},"image":{"@id":"https:\/\/apgsolutions.com\/fr\/#\/schema\/logo\/image\/"},"sameAs":["https:\/\/www.facebook.com\/apgglobalsolutions","https:\/\/x.com\/apg_solutions","https:\/\/www.youtube.com\/c\/CashManagementGlobalSolutionsbyapg","https:\/\/www.linkedin.com\/company\/apgglobalsolutions\/","https:\/\/www.instagram.com\/apgglobalsolutions\/","https:\/\/www.pinterest.com\/apgcashdrawer\/"]}]}},"acf":[],"_links":{"self":[{"href":"https:\/\/apgsolutions.com\/fr\/wp-json\/wp\/v2\/pages\/94056","targetHints":{"allow":["GET"]}}],"collection":[{"href":"https:\/\/apgsolutions.com\/fr\/wp-json\/wp\/v2\/pages"}],"about":[{"href":"https:\/\/apgsolutions.com\/fr\/wp-json\/wp\/v2\/types\/page"}],"author":[{"embeddable":true,"href":"https:\/\/apgsolutions.com\/fr\/wp-json\/wp\/v2\/users\/4"}],"replies":[{"embeddable":true,"href":"https:\/\/apgsolutions.com\/fr\/wp-json\/wp\/v2\/comments?post=94056"}],"version-history":[{"count":2,"href":"https:\/\/apgsolutions.com\/fr\/wp-json\/wp\/v2\/pages\/94056\/revisions"}],"predecessor-version":[{"id":95868,"href":"https:\/\/apgsolutions.com\/fr\/wp-json\/wp\/v2\/pages\/94056\/revisions\/95868"}],"wp:attachment":[{"href":"https:\/\/apgsolutions.com\/fr\/wp-json\/wp\/v2\/media?parent=94056"}],"curies":[{"name":"wp","href":"https:\/\/api.w.org\/{rel}","templated":true}]}}