{"id":94512,"date":"2025-10-10T05:47:06","date_gmt":"2025-10-10T05:47:06","guid":{"rendered":"https:\/\/apgsolutions.com\/thank-you-for-contacting-us\/"},"modified":"2026-01-13T05:34:36","modified_gmt":"2026-01-13T05:34:36","slug":"thank-you-for-contacting-us","status":"publish","type":"page","link":"https:\/\/apgsolutions.com\/fr\/thank-you-for-contacting-us\/","title":{"rendered":"Merci de nous avoir contact\u00e9s"},"content":{"rendered":"<div class=\"section_page-header \">\n    <img decoding=\"async\" class=\"header-image\" src=\"https:\/\/apgsolutions.com\/wp-content\/uploads\/2023\/04\/dark-blue-rotated.jpg\" alt=\"dark-blue\" title=\"dark-blue\">\n            <div class=\"header-content\">\n            <h1>Merci de nous avoir contact\u00e9s<\/h1>\n        <\/div>\n    <\/div>\n\n\n<h3 class=\"wp-block-heading\" id=\"h-merci-de-nous-avoir-contactes\">Merci de nous avoir contact\u00e9s<\/h3>\n\n\n\n<p>N&rsquo;h\u00e9sitez pas \u00e0 consulter les liens ci-dessous pour en savoir plus sur le tiroir-caisse SGA :<\/p>\n\n\n\n<ul class=\"wp-block-list\">\n<li><a href=\"https:\/\/apgsolutions.com\/fr\/produits\/\">Produits APG<\/a><\/li>\n\n\n\n<li><a href=\"https:\/\/apgsolutions.com\/fr\/keys-and-locks\/\">Cl\u00e9s et serrures<\/a><\/li>\n\n\n\n<li><a href=\"https:\/\/apgsolutions.com\/mobility-interface-solutions\">Les Syst\u00e8mes D&rsquo;int\u00e9gration<\/a><\/li>\n\n\n\n<li><a href=\"https:\/\/apgsolutions.com\/fr\/a-propos-de-la-societe-apg-cash-drawer\/\">Pourquoi choisir SGA Cash Drawer ?<\/a><\/li>\n\n\n\n<li><a href=\"https:\/\/apgsolutions.com\/fr\/press\/\">Salle de presse<\/a><\/li>\n\n\n\n<li><a href=\"https:\/\/apgsolutions.com\/fr\/configurator\/\">Configurateur de num\u00e9ro de pi\u00e8ce<\/a><\/li>\n\n\n\n<li><a href=\"https:\/\/apgsolutions.com\/fr\/ressources\/\">Ressources SGA<\/a><\/li>\n<\/ul>\n\n\n\n<p>Lisez le <a href=\"https:\/\/apgsolutions.com\/fr\/blog\/\">blog<\/a> SGA Cash Drawer et restez au courant de l&rsquo;actualit\u00e9 du secteur !<\/p>\n","protected":false},"excerpt":{"rendered":"<p>Merci de nous avoir contact\u00e9s N&rsquo;h\u00e9sitez pas \u00e0 consulter les liens ci-dessous pour en savoir plus sur le tiroir-caisse SGA : Lisez le blog SGA Cash Drawer et restez au courant de l&rsquo;actualit\u00e9 du secteur !<\/p>\n","protected":false},"author":4188,"featured_media":0,"parent":0,"menu_order":0,"comment_status":"closed","ping_status":"closed","template":"","meta":{"_acf_changed":false,"content-type":"","footnotes":""},"class_list":["post-94512","page","type-page","status-publish"],"yoast_head":"<!-- This site is optimized with the Yoast SEO Premium plugin v23.5 (Yoast SEO v27.2) - https:\/\/yoast.com\/product\/yoast-seo-premium-wordpress\/ -->\n<title>Merci d&#039;avoir demand\u00e9 un devis pour les solutions apg\u00ae.<\/title>\n<meta name=\"robots\" content=\"noindex, follow\" \/>\n<meta property=\"og:locale\" content=\"fr_FR\" \/>\n<meta property=\"og:type\" content=\"article\" \/>\n<meta property=\"og:title\" content=\"Merci d&#039;avoir demand\u00e9 un devis pour les solutions apg\u00ae.\" \/>\n<meta property=\"og:description\" content=\"Merci de nous avoir contact\u00e9s N&rsquo;h\u00e9sitez pas \u00e0 consulter les liens ci-dessous pour en savoir plus sur le tiroir-caisse SGA : Lisez le blog SGA Cash Drawer et restez au courant de l&rsquo;actualit\u00e9 du secteur !\" \/>\n<meta property=\"og:url\" content=\"https:\/\/apgsolutions.com\/fr\/thank-you-for-contacting-us\/\" \/>\n<meta property=\"og:site_name\" content=\"apg\u00ae Solutions\" \/>\n<meta property=\"article:publisher\" content=\"https:\/\/www.facebook.com\/apgglobalsolutions\" \/>\n<meta property=\"article:modified_time\" content=\"2026-01-13T05:34:36+00:00\" \/>\n<meta name=\"twitter:card\" content=\"summary_large_image\" \/>\n<meta name=\"twitter:site\" content=\"@apg_solutions\" \/>\n<meta name=\"twitter:label1\" content=\"Dur\u00e9e de lecture estim\u00e9e\" \/>\n\t<meta name=\"twitter:data1\" content=\"1 minute\" \/>\n<script type=\"application\/ld+json\" class=\"yoast-schema-graph\">{\"@context\":\"https:\/\/schema.org\",\"@graph\":[{\"@type\":\"WebPage\",\"@id\":\"https:\/\/apgsolutions.com\/fr\/thank-you-for-contacting-us\/\",\"url\":\"https:\/\/apgsolutions.com\/fr\/thank-you-for-contacting-us\/\",\"name\":\"Merci d'avoir demand\u00e9 un devis pour les solutions apg\u00ae.\",\"isPartOf\":{\"@id\":\"https:\/\/apgsolutions.com\/fr\/#website\"},\"datePublished\":\"2025-10-10T05:47:06+00:00\",\"dateModified\":\"2026-01-13T05:34:36+00:00\",\"inLanguage\":\"fr-FR\",\"potentialAction\":[{\"@type\":\"ReadAction\",\"target\":[\"https:\/\/apgsolutions.com\/fr\/thank-you-for-contacting-us\/\"]}]},{\"@type\":\"WebSite\",\"@id\":\"https:\/\/apgsolutions.com\/fr\/#website\",\"url\":\"https:\/\/apgsolutions.com\/fr\/\",\"name\":\"APG Solutions, LLC\",\"description\":\"Trust at every point.\",\"publisher\":{\"@id\":\"https:\/\/apgsolutions.com\/fr\/#organization\"},\"potentialAction\":[{\"@type\":\"SearchAction\",\"target\":{\"@type\":\"EntryPoint\",\"urlTemplate\":\"https:\/\/apgsolutions.com\/fr\/?s={search_term_string}\"},\"query-input\":{\"@type\":\"PropertyValueSpecification\",\"valueRequired\":true,\"valueName\":\"search_term_string\"}}],\"inLanguage\":\"fr-FR\"},{\"@type\":\"Organization\",\"@id\":\"https:\/\/apgsolutions.com\/fr\/#organization\",\"name\":\"APG Solution, LLC\",\"url\":\"https:\/\/apgsolutions.com\/fr\/\",\"logo\":{\"@type\":\"ImageObject\",\"inLanguage\":\"fr-FR\",\"@id\":\"https:\/\/apgsolutions.com\/fr\/#\/schema\/logo\/image\/\",\"url\":\"https:\/\/apgsolutions.com\/wp-content\/uploads\/2023\/12\/logomark-color.svg\",\"contentUrl\":\"https:\/\/apgsolutions.com\/wp-content\/uploads\/2023\/12\/logomark-color.svg\",\"width\":141,\"height\":138,\"caption\":\"APG Solution, LLC\"},\"image\":{\"@id\":\"https:\/\/apgsolutions.com\/fr\/#\/schema\/logo\/image\/\"},\"sameAs\":[\"https:\/\/www.facebook.com\/apgglobalsolutions\",\"https:\/\/x.com\/apg_solutions\",\"https:\/\/www.youtube.com\/c\/CashManagementGlobalSolutionsbyapg\",\"https:\/\/www.linkedin.com\/company\/apgglobalsolutions\/\",\"https:\/\/www.instagram.com\/apgglobalsolutions\/\",\"https:\/\/www.pinterest.com\/apgcashdrawer\/\"]}]}<\/script>\n<!-- \/ Yoast SEO Premium plugin. -->","yoast_head_json":{"title":"Merci d'avoir demand\u00e9 un devis pour les solutions apg\u00ae.","robots":{"index":"noindex","follow":"follow"},"og_locale":"fr_FR","og_type":"article","og_title":"Merci d'avoir demand\u00e9 un devis pour les solutions apg\u00ae.","og_description":"Merci de nous avoir contact\u00e9s N&rsquo;h\u00e9sitez pas \u00e0 consulter les liens ci-dessous pour en savoir plus sur le tiroir-caisse SGA : Lisez le blog SGA Cash Drawer et restez au courant de l&rsquo;actualit\u00e9 du secteur !","og_url":"https:\/\/apgsolutions.com\/fr\/thank-you-for-contacting-us\/","og_site_name":"apg\u00ae Solutions","article_publisher":"https:\/\/www.facebook.com\/apgglobalsolutions","article_modified_time":"2026-01-13T05:34:36+00:00","twitter_card":"summary_large_image","twitter_site":"@apg_solutions","twitter_misc":{"Dur\u00e9e de lecture estim\u00e9e":"1 minute"},"schema":{"@context":"https:\/\/schema.org","@graph":[{"@type":"WebPage","@id":"https:\/\/apgsolutions.com\/fr\/thank-you-for-contacting-us\/","url":"https:\/\/apgsolutions.com\/fr\/thank-you-for-contacting-us\/","name":"Merci d'avoir demand\u00e9 un devis pour les solutions apg\u00ae.","isPartOf":{"@id":"https:\/\/apgsolutions.com\/fr\/#website"},"datePublished":"2025-10-10T05:47:06+00:00","dateModified":"2026-01-13T05:34:36+00:00","inLanguage":"fr-FR","potentialAction":[{"@type":"ReadAction","target":["https:\/\/apgsolutions.com\/fr\/thank-you-for-contacting-us\/"]}]},{"@type":"WebSite","@id":"https:\/\/apgsolutions.com\/fr\/#website","url":"https:\/\/apgsolutions.com\/fr\/","name":"APG Solutions, LLC","description":"Trust at every point.","publisher":{"@id":"https:\/\/apgsolutions.com\/fr\/#organization"},"potentialAction":[{"@type":"SearchAction","target":{"@type":"EntryPoint","urlTemplate":"https:\/\/apgsolutions.com\/fr\/?s={search_term_string}"},"query-input":{"@type":"PropertyValueSpecification","valueRequired":true,"valueName":"search_term_string"}}],"inLanguage":"fr-FR"},{"@type":"Organization","@id":"https:\/\/apgsolutions.com\/fr\/#organization","name":"APG Solution, LLC","url":"https:\/\/apgsolutions.com\/fr\/","logo":{"@type":"ImageObject","inLanguage":"fr-FR","@id":"https:\/\/apgsolutions.com\/fr\/#\/schema\/logo\/image\/","url":"https:\/\/apgsolutions.com\/wp-content\/uploads\/2023\/12\/logomark-color.svg","contentUrl":"https:\/\/apgsolutions.com\/wp-content\/uploads\/2023\/12\/logomark-color.svg","width":141,"height":138,"caption":"APG Solution, LLC"},"image":{"@id":"https:\/\/apgsolutions.com\/fr\/#\/schema\/logo\/image\/"},"sameAs":["https:\/\/www.facebook.com\/apgglobalsolutions","https:\/\/x.com\/apg_solutions","https:\/\/www.youtube.com\/c\/CashManagementGlobalSolutionsbyapg","https:\/\/www.linkedin.com\/company\/apgglobalsolutions\/","https:\/\/www.instagram.com\/apgglobalsolutions\/","https:\/\/www.pinterest.com\/apgcashdrawer\/"]}]}},"acf":[],"_links":{"self":[{"href":"https:\/\/apgsolutions.com\/fr\/wp-json\/wp\/v2\/pages\/94512","targetHints":{"allow":["GET"]}}],"collection":[{"href":"https:\/\/apgsolutions.com\/fr\/wp-json\/wp\/v2\/pages"}],"about":[{"href":"https:\/\/apgsolutions.com\/fr\/wp-json\/wp\/v2\/types\/page"}],"author":[{"embeddable":true,"href":"https:\/\/apgsolutions.com\/fr\/wp-json\/wp\/v2\/users\/4188"}],"replies":[{"embeddable":true,"href":"https:\/\/apgsolutions.com\/fr\/wp-json\/wp\/v2\/comments?post=94512"}],"version-history":[{"count":4,"href":"https:\/\/apgsolutions.com\/fr\/wp-json\/wp\/v2\/pages\/94512\/revisions"}],"predecessor-version":[{"id":97512,"href":"https:\/\/apgsolutions.com\/fr\/wp-json\/wp\/v2\/pages\/94512\/revisions\/97512"}],"wp:attachment":[{"href":"https:\/\/apgsolutions.com\/fr\/wp-json\/wp\/v2\/media?parent=94512"}],"curies":[{"name":"wp","href":"https:\/\/api.w.org\/{rel}","templated":true}]}}