{"id":94538,"date":"2025-10-10T07:09:40","date_gmt":"2025-10-10T07:09:40","guid":{"rendered":"https:\/\/apgsolutions.com\/events\/"},"modified":"2026-02-10T20:09:23","modified_gmt":"2026-02-10T20:09:23","slug":"events","status":"publish","type":"page","link":"https:\/\/apgsolutions.com\/fr\/events\/","title":{"rendered":"Ev\u00e9nements"},"content":{"rendered":"<h1>Vous participez \u00e0 un salon professionnel ? Nous serions ravis de vous rencontrer ! <\/h1>\n<p>apg expose des <a href=\"https:\/\/apgsolutions.com\/fr\/produits\/\">solutions de points de vente<\/a> et participe \u00e0 des salons professionnels dans le monde entier. Cliquez sur un \u00e9v\u00e9nement \u00e0 venir et prenez rendez-vous avec notre \u00e9quipe d\u00e8s aujourd&rsquo;hui.<\/p>\n\n<p><\/p>\n","protected":false},"excerpt":{"rendered":"<p>Vous participez \u00e0 un salon professionnel ? Nous serions ravis de vous rencontrer ! apg expose des solutions de points de vente et participe \u00e0 des salons professionnels dans le monde entier. Cliquez sur un \u00e9v\u00e9nement \u00e0 venir et prenez rendez-vous avec notre \u00e9quipe d\u00e8s aujourd&rsquo;hui.<\/p>\n","protected":false},"author":4,"featured_media":0,"parent":0,"menu_order":0,"comment_status":"closed","ping_status":"closed","template":"page-events.php","meta":{"_acf_changed":false,"content-type":"","footnotes":""},"class_list":["post-94538","page","type-page","status-publish"],"yoast_head":"<!-- This site is optimized with the Yoast SEO Premium plugin v23.5 (Yoast SEO v27.2) - https:\/\/yoast.com\/product\/yoast-seo-premium-wordpress\/ -->\n<title>\u00c9v\u00e9nements mondiaux | Solutions apg<\/title>\n<meta name=\"description\" content=\"Nous serions ravis de vous rencontrer ! apg expose et participe \u00e0 des salons professionnels dans le monde entier. Cliquez sur un \u00e9v\u00e9nement \u00e0 venir et prenez rendez-vous avec notre \u00e9quipe d\u00e8s aujourd&#039;hui.\" \/>\n<meta name=\"robots\" content=\"index, follow, max-snippet:-1, max-image-preview:large, max-video-preview:-1\" \/>\n<link rel=\"canonical\" href=\"https:\/\/apgsolutions.com\/fr\/events\/\" \/>\n<meta property=\"og:locale\" content=\"fr_FR\" \/>\n<meta property=\"og:type\" content=\"article\" \/>\n<meta property=\"og:title\" content=\"\u00c9v\u00e9nements mondiaux | Solutions apg\" \/>\n<meta property=\"og:description\" content=\"Nous serions ravis de vous rencontrer ! apg expose et participe \u00e0 des salons professionnels dans le monde entier. Cliquez sur un \u00e9v\u00e9nement \u00e0 venir et prenez rendez-vous avec notre \u00e9quipe d\u00e8s aujourd&#039;hui.\" \/>\n<meta property=\"og:url\" content=\"https:\/\/apgsolutions.com\/fr\/events\/\" \/>\n<meta property=\"og:site_name\" content=\"apg\u00ae Solutions\" \/>\n<meta property=\"article:publisher\" content=\"https:\/\/www.facebook.com\/apgglobalsolutions\" \/>\n<meta property=\"article:modified_time\" content=\"2026-02-10T20:09:23+00:00\" \/>\n<meta name=\"twitter:card\" content=\"summary_large_image\" \/>\n<meta name=\"twitter:site\" content=\"@apg_solutions\" \/>\n<meta name=\"twitter:label1\" content=\"Dur\u00e9e de lecture estim\u00e9e\" \/>\n\t<meta name=\"twitter:data1\" content=\"1 minute\" \/>\n<script type=\"application\/ld+json\" class=\"yoast-schema-graph\">{\"@context\":\"https:\/\/schema.org\",\"@graph\":[{\"@type\":\"WebPage\",\"@id\":\"https:\/\/apgsolutions.com\/fr\/events\/\",\"url\":\"https:\/\/apgsolutions.com\/fr\/events\/\",\"name\":\"\u00c9v\u00e9nements mondiaux | Solutions apg\",\"isPartOf\":{\"@id\":\"https:\/\/apgsolutions.com\/fr\/#website\"},\"datePublished\":\"2025-10-10T07:09:40+00:00\",\"dateModified\":\"2026-02-10T20:09:23+00:00\",\"description\":\"Nous serions ravis de vous rencontrer ! apg expose et participe \u00e0 des salons professionnels dans le monde entier. Cliquez sur un \u00e9v\u00e9nement \u00e0 venir et prenez rendez-vous avec notre \u00e9quipe d\u00e8s aujourd'hui.\",\"inLanguage\":\"fr-FR\",\"potentialAction\":[{\"@type\":\"ReadAction\",\"target\":[\"https:\/\/apgsolutions.com\/fr\/events\/\"]}]},{\"@type\":\"WebSite\",\"@id\":\"https:\/\/apgsolutions.com\/fr\/#website\",\"url\":\"https:\/\/apgsolutions.com\/fr\/\",\"name\":\"APG Solutions, LLC\",\"description\":\"Trust at every point.\",\"publisher\":{\"@id\":\"https:\/\/apgsolutions.com\/fr\/#organization\"},\"potentialAction\":[{\"@type\":\"SearchAction\",\"target\":{\"@type\":\"EntryPoint\",\"urlTemplate\":\"https:\/\/apgsolutions.com\/fr\/?s={search_term_string}\"},\"query-input\":{\"@type\":\"PropertyValueSpecification\",\"valueRequired\":true,\"valueName\":\"search_term_string\"}}],\"inLanguage\":\"fr-FR\"},{\"@type\":\"Organization\",\"@id\":\"https:\/\/apgsolutions.com\/fr\/#organization\",\"name\":\"APG Solution, LLC\",\"url\":\"https:\/\/apgsolutions.com\/fr\/\",\"logo\":{\"@type\":\"ImageObject\",\"inLanguage\":\"fr-FR\",\"@id\":\"https:\/\/apgsolutions.com\/fr\/#\/schema\/logo\/image\/\",\"url\":\"https:\/\/apgsolutions.com\/wp-content\/uploads\/2023\/12\/logomark-color.svg\",\"contentUrl\":\"https:\/\/apgsolutions.com\/wp-content\/uploads\/2023\/12\/logomark-color.svg\",\"width\":141,\"height\":138,\"caption\":\"APG Solution, LLC\"},\"image\":{\"@id\":\"https:\/\/apgsolutions.com\/fr\/#\/schema\/logo\/image\/\"},\"sameAs\":[\"https:\/\/www.facebook.com\/apgglobalsolutions\",\"https:\/\/x.com\/apg_solutions\",\"https:\/\/www.youtube.com\/c\/CashManagementGlobalSolutionsbyapg\",\"https:\/\/www.linkedin.com\/company\/apgglobalsolutions\/\",\"https:\/\/www.instagram.com\/apgglobalsolutions\/\",\"https:\/\/www.pinterest.com\/apgcashdrawer\/\"]}]}<\/script>\n<!-- \/ Yoast SEO Premium plugin. -->","yoast_head_json":{"title":"\u00c9v\u00e9nements mondiaux | Solutions apg","description":"Nous serions ravis de vous rencontrer ! apg expose et participe \u00e0 des salons professionnels dans le monde entier. Cliquez sur un \u00e9v\u00e9nement \u00e0 venir et prenez rendez-vous avec notre \u00e9quipe d\u00e8s aujourd'hui.","robots":{"index":"index","follow":"follow","max-snippet":"max-snippet:-1","max-image-preview":"max-image-preview:large","max-video-preview":"max-video-preview:-1"},"canonical":"https:\/\/apgsolutions.com\/fr\/events\/","og_locale":"fr_FR","og_type":"article","og_title":"\u00c9v\u00e9nements mondiaux | Solutions apg","og_description":"Nous serions ravis de vous rencontrer ! apg expose et participe \u00e0 des salons professionnels dans le monde entier. Cliquez sur un \u00e9v\u00e9nement \u00e0 venir et prenez rendez-vous avec notre \u00e9quipe d\u00e8s aujourd'hui.","og_url":"https:\/\/apgsolutions.com\/fr\/events\/","og_site_name":"apg\u00ae Solutions","article_publisher":"https:\/\/www.facebook.com\/apgglobalsolutions","article_modified_time":"2026-02-10T20:09:23+00:00","twitter_card":"summary_large_image","twitter_site":"@apg_solutions","twitter_misc":{"Dur\u00e9e de lecture estim\u00e9e":"1 minute"},"schema":{"@context":"https:\/\/schema.org","@graph":[{"@type":"WebPage","@id":"https:\/\/apgsolutions.com\/fr\/events\/","url":"https:\/\/apgsolutions.com\/fr\/events\/","name":"\u00c9v\u00e9nements mondiaux | Solutions apg","isPartOf":{"@id":"https:\/\/apgsolutions.com\/fr\/#website"},"datePublished":"2025-10-10T07:09:40+00:00","dateModified":"2026-02-10T20:09:23+00:00","description":"Nous serions ravis de vous rencontrer ! apg expose et participe \u00e0 des salons professionnels dans le monde entier. Cliquez sur un \u00e9v\u00e9nement \u00e0 venir et prenez rendez-vous avec notre \u00e9quipe d\u00e8s aujourd'hui.","inLanguage":"fr-FR","potentialAction":[{"@type":"ReadAction","target":["https:\/\/apgsolutions.com\/fr\/events\/"]}]},{"@type":"WebSite","@id":"https:\/\/apgsolutions.com\/fr\/#website","url":"https:\/\/apgsolutions.com\/fr\/","name":"APG Solutions, LLC","description":"Trust at every point.","publisher":{"@id":"https:\/\/apgsolutions.com\/fr\/#organization"},"potentialAction":[{"@type":"SearchAction","target":{"@type":"EntryPoint","urlTemplate":"https:\/\/apgsolutions.com\/fr\/?s={search_term_string}"},"query-input":{"@type":"PropertyValueSpecification","valueRequired":true,"valueName":"search_term_string"}}],"inLanguage":"fr-FR"},{"@type":"Organization","@id":"https:\/\/apgsolutions.com\/fr\/#organization","name":"APG Solution, LLC","url":"https:\/\/apgsolutions.com\/fr\/","logo":{"@type":"ImageObject","inLanguage":"fr-FR","@id":"https:\/\/apgsolutions.com\/fr\/#\/schema\/logo\/image\/","url":"https:\/\/apgsolutions.com\/wp-content\/uploads\/2023\/12\/logomark-color.svg","contentUrl":"https:\/\/apgsolutions.com\/wp-content\/uploads\/2023\/12\/logomark-color.svg","width":141,"height":138,"caption":"APG Solution, LLC"},"image":{"@id":"https:\/\/apgsolutions.com\/fr\/#\/schema\/logo\/image\/"},"sameAs":["https:\/\/www.facebook.com\/apgglobalsolutions","https:\/\/x.com\/apg_solutions","https:\/\/www.youtube.com\/c\/CashManagementGlobalSolutionsbyapg","https:\/\/www.linkedin.com\/company\/apgglobalsolutions\/","https:\/\/www.instagram.com\/apgglobalsolutions\/","https:\/\/www.pinterest.com\/apgcashdrawer\/"]}]}},"acf":[],"_links":{"self":[{"href":"https:\/\/apgsolutions.com\/fr\/wp-json\/wp\/v2\/pages\/94538","targetHints":{"allow":["GET"]}}],"collection":[{"href":"https:\/\/apgsolutions.com\/fr\/wp-json\/wp\/v2\/pages"}],"about":[{"href":"https:\/\/apgsolutions.com\/fr\/wp-json\/wp\/v2\/types\/page"}],"author":[{"embeddable":true,"href":"https:\/\/apgsolutions.com\/fr\/wp-json\/wp\/v2\/users\/4"}],"replies":[{"embeddable":true,"href":"https:\/\/apgsolutions.com\/fr\/wp-json\/wp\/v2\/comments?post=94538"}],"version-history":[{"count":5,"href":"https:\/\/apgsolutions.com\/fr\/wp-json\/wp\/v2\/pages\/94538\/revisions"}],"predecessor-version":[{"id":104000,"href":"https:\/\/apgsolutions.com\/fr\/wp-json\/wp\/v2\/pages\/94538\/revisions\/104000"}],"wp:attachment":[{"href":"https:\/\/apgsolutions.com\/fr\/wp-json\/wp\/v2\/media?parent=94538"}],"curies":[{"name":"wp","href":"https:\/\/api.w.org\/{rel}","templated":true}]}}