{"id":94798,"date":"2025-10-14T04:04:01","date_gmt":"2025-10-14T04:04:01","guid":{"rendered":"https:\/\/apgsolutions.com\/cash-drawer-overview-keys-locks-description-use-white-paper-download\/"},"modified":"2026-01-22T14:42:30","modified_gmt":"2026-01-22T14:42:30","slug":"cash-drawer-overview-keys-locks-description-use-white-paper-download","status":"publish","type":"page","link":"https:\/\/apgsolutions.com\/fr\/cash-drawer-overview-keys-locks-description-use-white-paper-download\/","title":{"rendered":"Aper\u00e7u des tiroirs-caisses : Cl\u00e9s et serrures Description et utilisation"},"content":{"rendered":"\n<h1 class=\"wp-block-heading has-text-align-center\" id=\"h-cash-drawer-overview-keys-and-locks-description-and-use\">Aper\u00e7u des tiroirs-caisses : Cl\u00e9s et serrures Description et utilisation<\/h1>\n\n<p>Un tiroir-caisse constitue un endroit temporaire et raisonnablement s\u00fbr pour stocker et pr\u00e9senter des esp\u00e8ces tri\u00e9es dans le cadre de transactions de d\u00e9tail. Ce livre blanc pr\u00e9sente les options de cl\u00e9 et de serrure des tiroirs-caisses APG. <\/p>\n\n<p><a href=\"\/wp-content\/uploads\/2023\/05\/Lock-Design.pdf\">Aper\u00e7u du tiroir-caisse SGA &#8211; Description et utilisation des cl\u00e9s et des serrures<\/a><\/p>\n","protected":false},"excerpt":{"rendered":"<p>Aper\u00e7u des tiroirs-caisses : Cl\u00e9s et serrures Description et utilisation Un tiroir-caisse constitue un endroit temporaire et raisonnablement s\u00fbr pour stocker et pr\u00e9senter des esp\u00e8ces tri\u00e9es dans le cadre de transactions de d\u00e9tail. Ce livre blanc pr\u00e9sente les options de cl\u00e9 et de serrure des tiroirs-caisses APG. Aper\u00e7u du tiroir-caisse SGA &#8211; Description et utilisation [&hellip;]<\/p>\n","protected":false},"author":4,"featured_media":0,"parent":0,"menu_order":0,"comment_status":"closed","ping_status":"closed","template":"","meta":{"_acf_changed":false,"content-type":"","footnotes":""},"class_list":["post-94798","page","type-page","status-publish"],"yoast_head":"<!-- This site is optimized with the Yoast SEO Premium plugin v23.5 (Yoast SEO v27.2) - https:\/\/yoast.com\/product\/yoast-seo-premium-wordpress\/ -->\n<title>Aper\u00e7u des tiroirs-caisses : Cl\u00e9s et serrures Description et utilisation<\/title>\n<meta name=\"description\" content=\"Vue d&#039;ensemble des cl\u00e9s et serrures de tiroirs-caisses. Acc\u00e8s \u00e0 des ressources et \u00e0 des informations sur l&#039;utilisation et la maintenance des \u00e9quipements de point de vente.\" \/>\n<meta name=\"robots\" content=\"index, follow, max-snippet:-1, max-image-preview:large, max-video-preview:-1\" \/>\n<link rel=\"canonical\" href=\"https:\/\/apgsolutions.com\/fr\/cash-drawer-overview-keys-locks-description-use-white-paper-download\/\" \/>\n<meta property=\"og:locale\" content=\"fr_FR\" \/>\n<meta property=\"og:type\" content=\"article\" \/>\n<meta property=\"og:title\" content=\"Aper\u00e7u des tiroirs-caisses : Cl\u00e9s et serrures Description et utilisation\" \/>\n<meta property=\"og:description\" content=\"Vue d&#039;ensemble des cl\u00e9s et serrures de tiroirs-caisses. Acc\u00e8s \u00e0 des ressources et \u00e0 des informations sur l&#039;utilisation et la maintenance des \u00e9quipements de point de vente.\" \/>\n<meta property=\"og:url\" content=\"https:\/\/apgsolutions.com\/fr\/cash-drawer-overview-keys-locks-description-use-white-paper-download\/\" \/>\n<meta property=\"og:site_name\" content=\"apg\u00ae Solutions\" \/>\n<meta property=\"article:publisher\" content=\"https:\/\/www.facebook.com\/apgglobalsolutions\" \/>\n<meta property=\"article:modified_time\" content=\"2026-01-22T14:42:30+00:00\" \/>\n<meta name=\"twitter:card\" content=\"summary_large_image\" \/>\n<meta name=\"twitter:site\" content=\"@apg_solutions\" \/>\n<script type=\"application\/ld+json\" class=\"yoast-schema-graph\">{\"@context\":\"https:\/\/schema.org\",\"@graph\":[{\"@type\":\"WebPage\",\"@id\":\"https:\/\/apgsolutions.com\/fr\/cash-drawer-overview-keys-locks-description-use-white-paper-download\/\",\"url\":\"https:\/\/apgsolutions.com\/fr\/cash-drawer-overview-keys-locks-description-use-white-paper-download\/\",\"name\":\"Aper\u00e7u des tiroirs-caisses : Cl\u00e9s et serrures Description et utilisation\",\"isPartOf\":{\"@id\":\"https:\/\/apgsolutions.com\/fr\/#website\"},\"datePublished\":\"2025-10-14T04:04:01+00:00\",\"dateModified\":\"2026-01-22T14:42:30+00:00\",\"description\":\"Vue d'ensemble des cl\u00e9s et serrures de tiroirs-caisses. Acc\u00e8s \u00e0 des ressources et \u00e0 des informations sur l'utilisation et la maintenance des \u00e9quipements de point de vente.\",\"inLanguage\":\"fr-FR\",\"potentialAction\":[{\"@type\":\"ReadAction\",\"target\":[\"https:\/\/apgsolutions.com\/fr\/cash-drawer-overview-keys-locks-description-use-white-paper-download\/\"]}]},{\"@type\":\"WebSite\",\"@id\":\"https:\/\/apgsolutions.com\/fr\/#website\",\"url\":\"https:\/\/apgsolutions.com\/fr\/\",\"name\":\"APG Solutions, LLC\",\"description\":\"Trust at every point.\",\"publisher\":{\"@id\":\"https:\/\/apgsolutions.com\/fr\/#organization\"},\"potentialAction\":[{\"@type\":\"SearchAction\",\"target\":{\"@type\":\"EntryPoint\",\"urlTemplate\":\"https:\/\/apgsolutions.com\/fr\/?s={search_term_string}\"},\"query-input\":{\"@type\":\"PropertyValueSpecification\",\"valueRequired\":true,\"valueName\":\"search_term_string\"}}],\"inLanguage\":\"fr-FR\"},{\"@type\":\"Organization\",\"@id\":\"https:\/\/apgsolutions.com\/fr\/#organization\",\"name\":\"APG Solution, LLC\",\"url\":\"https:\/\/apgsolutions.com\/fr\/\",\"logo\":{\"@type\":\"ImageObject\",\"inLanguage\":\"fr-FR\",\"@id\":\"https:\/\/apgsolutions.com\/fr\/#\/schema\/logo\/image\/\",\"url\":\"https:\/\/apgsolutions.com\/wp-content\/uploads\/2023\/12\/logomark-color.svg\",\"contentUrl\":\"https:\/\/apgsolutions.com\/wp-content\/uploads\/2023\/12\/logomark-color.svg\",\"width\":141,\"height\":138,\"caption\":\"APG Solution, LLC\"},\"image\":{\"@id\":\"https:\/\/apgsolutions.com\/fr\/#\/schema\/logo\/image\/\"},\"sameAs\":[\"https:\/\/www.facebook.com\/apgglobalsolutions\",\"https:\/\/x.com\/apg_solutions\",\"https:\/\/www.youtube.com\/c\/CashManagementGlobalSolutionsbyapg\",\"https:\/\/www.linkedin.com\/company\/apgglobalsolutions\/\",\"https:\/\/www.instagram.com\/apgglobalsolutions\/\",\"https:\/\/www.pinterest.com\/apgcashdrawer\/\"]}]}<\/script>\n<!-- \/ Yoast SEO Premium plugin. -->","yoast_head_json":{"title":"Aper\u00e7u des tiroirs-caisses : Cl\u00e9s et serrures Description et utilisation","description":"Vue d'ensemble des cl\u00e9s et serrures de tiroirs-caisses. Acc\u00e8s \u00e0 des ressources et \u00e0 des informations sur l'utilisation et la maintenance des \u00e9quipements de point de vente.","robots":{"index":"index","follow":"follow","max-snippet":"max-snippet:-1","max-image-preview":"max-image-preview:large","max-video-preview":"max-video-preview:-1"},"canonical":"https:\/\/apgsolutions.com\/fr\/cash-drawer-overview-keys-locks-description-use-white-paper-download\/","og_locale":"fr_FR","og_type":"article","og_title":"Aper\u00e7u des tiroirs-caisses : Cl\u00e9s et serrures Description et utilisation","og_description":"Vue d'ensemble des cl\u00e9s et serrures de tiroirs-caisses. Acc\u00e8s \u00e0 des ressources et \u00e0 des informations sur l'utilisation et la maintenance des \u00e9quipements de point de vente.","og_url":"https:\/\/apgsolutions.com\/fr\/cash-drawer-overview-keys-locks-description-use-white-paper-download\/","og_site_name":"apg\u00ae Solutions","article_publisher":"https:\/\/www.facebook.com\/apgglobalsolutions","article_modified_time":"2026-01-22T14:42:30+00:00","twitter_card":"summary_large_image","twitter_site":"@apg_solutions","schema":{"@context":"https:\/\/schema.org","@graph":[{"@type":"WebPage","@id":"https:\/\/apgsolutions.com\/fr\/cash-drawer-overview-keys-locks-description-use-white-paper-download\/","url":"https:\/\/apgsolutions.com\/fr\/cash-drawer-overview-keys-locks-description-use-white-paper-download\/","name":"Aper\u00e7u des tiroirs-caisses : Cl\u00e9s et serrures Description et utilisation","isPartOf":{"@id":"https:\/\/apgsolutions.com\/fr\/#website"},"datePublished":"2025-10-14T04:04:01+00:00","dateModified":"2026-01-22T14:42:30+00:00","description":"Vue d'ensemble des cl\u00e9s et serrures de tiroirs-caisses. Acc\u00e8s \u00e0 des ressources et \u00e0 des informations sur l'utilisation et la maintenance des \u00e9quipements de point de vente.","inLanguage":"fr-FR","potentialAction":[{"@type":"ReadAction","target":["https:\/\/apgsolutions.com\/fr\/cash-drawer-overview-keys-locks-description-use-white-paper-download\/"]}]},{"@type":"WebSite","@id":"https:\/\/apgsolutions.com\/fr\/#website","url":"https:\/\/apgsolutions.com\/fr\/","name":"APG Solutions, LLC","description":"Trust at every point.","publisher":{"@id":"https:\/\/apgsolutions.com\/fr\/#organization"},"potentialAction":[{"@type":"SearchAction","target":{"@type":"EntryPoint","urlTemplate":"https:\/\/apgsolutions.com\/fr\/?s={search_term_string}"},"query-input":{"@type":"PropertyValueSpecification","valueRequired":true,"valueName":"search_term_string"}}],"inLanguage":"fr-FR"},{"@type":"Organization","@id":"https:\/\/apgsolutions.com\/fr\/#organization","name":"APG Solution, LLC","url":"https:\/\/apgsolutions.com\/fr\/","logo":{"@type":"ImageObject","inLanguage":"fr-FR","@id":"https:\/\/apgsolutions.com\/fr\/#\/schema\/logo\/image\/","url":"https:\/\/apgsolutions.com\/wp-content\/uploads\/2023\/12\/logomark-color.svg","contentUrl":"https:\/\/apgsolutions.com\/wp-content\/uploads\/2023\/12\/logomark-color.svg","width":141,"height":138,"caption":"APG Solution, LLC"},"image":{"@id":"https:\/\/apgsolutions.com\/fr\/#\/schema\/logo\/image\/"},"sameAs":["https:\/\/www.facebook.com\/apgglobalsolutions","https:\/\/x.com\/apg_solutions","https:\/\/www.youtube.com\/c\/CashManagementGlobalSolutionsbyapg","https:\/\/www.linkedin.com\/company\/apgglobalsolutions\/","https:\/\/www.instagram.com\/apgglobalsolutions\/","https:\/\/www.pinterest.com\/apgcashdrawer\/"]}]}},"acf":[],"_links":{"self":[{"href":"https:\/\/apgsolutions.com\/fr\/wp-json\/wp\/v2\/pages\/94798","targetHints":{"allow":["GET"]}}],"collection":[{"href":"https:\/\/apgsolutions.com\/fr\/wp-json\/wp\/v2\/pages"}],"about":[{"href":"https:\/\/apgsolutions.com\/fr\/wp-json\/wp\/v2\/types\/page"}],"author":[{"embeddable":true,"href":"https:\/\/apgsolutions.com\/fr\/wp-json\/wp\/v2\/users\/4"}],"replies":[{"embeddable":true,"href":"https:\/\/apgsolutions.com\/fr\/wp-json\/wp\/v2\/comments?post=94798"}],"version-history":[{"count":1,"href":"https:\/\/apgsolutions.com\/fr\/wp-json\/wp\/v2\/pages\/94798\/revisions"}],"predecessor-version":[{"id":94799,"href":"https:\/\/apgsolutions.com\/fr\/wp-json\/wp\/v2\/pages\/94798\/revisions\/94799"}],"wp:attachment":[{"href":"https:\/\/apgsolutions.com\/fr\/wp-json\/wp\/v2\/media?parent=94798"}],"curies":[{"name":"wp","href":"https:\/\/api.w.org\/{rel}","templated":true}]}}