{"id":94812,"date":"2025-10-14T04:26:05","date_gmt":"2025-10-14T04:26:05","guid":{"rendered":"https:\/\/apgsolutions.com\/customer-satisfaction-survey-2\/"},"modified":"2025-10-14T06:10:23","modified_gmt":"2025-10-14T06:10:23","slug":"customer-satisfaction-survey-2","status":"publish","type":"page","link":"https:\/\/apgsolutions.com\/fr\/customer-satisfaction-survey-2\/","title":{"rendered":"Enqu\u00eate de satisfaction aupr\u00e8s des clients"},"content":{"rendered":"<div class=\"section_page-header \">\n    <img decoding=\"async\" class=\"header-image\" src=\"https:\/\/apgsolutions.com\/wp-content\/uploads\/2023\/05\/customer-satisfaction-survey.jpg\" alt=\"customer-satisfaction-survey\" title=\"customer-satisfaction-survey\">\n            <div class=\"header-content\">\n            <h1>Customer Satisfaction Survey<\/h1>\n        <\/div>\n    <\/div>\n<p>Nous vous remercions de votre confiance. Vous \u00eates un client pr\u00e9cieux pour nous. Pour nous permettre de continuer \u00e0 nous am\u00e9liorer, nous aimerions savoir dans quelle mesure le tiroir-caisse SGA fonctionne bien et r\u00e9pond aux besoins de votre entreprise. Auriez-vous l&rsquo;amabilit\u00e9 de r\u00e9pondre \u00e0 cette COURTE enqu\u00eate ? Vous pouvez \u00e9galement l&rsquo;imprimer et nous l&rsquo;envoyer par la poste si vous le souhaitez.    <\/p>\n\n<p>La SGA ne recueille ni ne partage aucune information personnelle dans le cadre de cette enqu\u00eate. Nous consid\u00e9rerons votre r\u00e9ponse comme confidentielle et nous utiliserons les r\u00e9ponses sous forme agr\u00e9g\u00e9e afin d&rsquo;am\u00e9liorer le service que nous offrons \u00e0 nos clients comme vous. <\/p>\n\n<p>Si vous laissez vos coordonn\u00e9es dans la zone de r\u00e9ponse et demandez \u00e0 \u00eatre contact\u00e9, nous vous contacterons. Nous vous remercions d&rsquo;avoir pris le temps de nous faire part de votre opinion \u00e0 la SGA. <\/p>\n<p><script charset=\"utf-8\" type=\"text\/javascript\" src=\"\/\/js.hsforms.net\/forms\/embed\/v2.js\"><\/script><br \/>\n<script>\n  hbspt.forms.create({\n    region: \"na1\",\n    portalId: \"3337275\",\n    formId: \"9d4384ca-f534-46ed-9c1f-0dca9e729321\",\n    sfdcCampaignId: \"7011L000001hPjaQAE\"\n  });\n<\/script><\/p>\n","protected":false},"excerpt":{"rendered":"<p>Nous vous remercions de votre confiance. Vous \u00eates un client pr\u00e9cieux pour nous. Pour nous permettre de continuer \u00e0 nous am\u00e9liorer, nous aimerions savoir dans quelle mesure le tiroir-caisse SGA fonctionne bien et r\u00e9pond aux besoins de votre entreprise. Auriez-vous l&rsquo;amabilit\u00e9 de r\u00e9pondre \u00e0 cette COURTE enqu\u00eate ? Vous pouvez \u00e9galement l&rsquo;imprimer et nous l&rsquo;envoyer [&hellip;]<\/p>\n","protected":false},"author":4,"featured_media":0,"parent":0,"menu_order":0,"comment_status":"closed","ping_status":"closed","template":"","meta":{"_acf_changed":false,"content-type":"","footnotes":""},"class_list":["post-94812","page","type-page","status-publish"],"yoast_head":"<!-- This site is optimized with the Yoast SEO Premium plugin v23.5 (Yoast SEO v27.2) - https:\/\/yoast.com\/product\/yoast-seo-premium-wordpress\/ -->\n<title>Enqu\u00eate de satisfaction aupr\u00e8s des clients - Solutions apg<\/title>\n<meta name=\"description\" content=\"Pour que nous puissions continuer \u00e0 nous am\u00e9liorer, nous aimerions savoir dans quelle mesure la SGA est performante et r\u00e9pond aux besoins de votre entreprise.\" \/>\n<meta name=\"robots\" content=\"index, follow, max-snippet:-1, max-image-preview:large, max-video-preview:-1\" \/>\n<link rel=\"canonical\" href=\"https:\/\/apgsolutions.com\/fr\/customer-satisfaction-survey-2\/\" \/>\n<meta property=\"og:locale\" content=\"fr_FR\" \/>\n<meta property=\"og:type\" content=\"article\" \/>\n<meta property=\"og:title\" content=\"Enqu\u00eate de satisfaction aupr\u00e8s des clients - Solutions apg\" \/>\n<meta property=\"og:description\" content=\"Pour que nous puissions continuer \u00e0 nous am\u00e9liorer, nous aimerions savoir dans quelle mesure la SGA est performante et r\u00e9pond aux besoins de votre entreprise.\" \/>\n<meta property=\"og:url\" content=\"https:\/\/apgsolutions.com\/fr\/customer-satisfaction-survey-2\/\" \/>\n<meta property=\"og:site_name\" content=\"apg\u00ae Solutions\" \/>\n<meta property=\"article:publisher\" content=\"https:\/\/www.facebook.com\/apgglobalsolutions\" \/>\n<meta property=\"article:modified_time\" content=\"2025-10-14T06:10:23+00:00\" \/>\n<meta name=\"twitter:card\" content=\"summary_large_image\" \/>\n<meta name=\"twitter:site\" content=\"@apg_solutions\" \/>\n<meta name=\"twitter:label1\" content=\"Dur\u00e9e de lecture estim\u00e9e\" \/>\n\t<meta name=\"twitter:data1\" content=\"1 minute\" \/>\n<script type=\"application\/ld+json\" class=\"yoast-schema-graph\">{\"@context\":\"https:\/\/schema.org\",\"@graph\":[{\"@type\":\"WebPage\",\"@id\":\"https:\/\/apgsolutions.com\/fr\/customer-satisfaction-survey-2\/\",\"url\":\"https:\/\/apgsolutions.com\/fr\/customer-satisfaction-survey-2\/\",\"name\":\"Enqu\u00eate de satisfaction aupr\u00e8s des clients - Solutions apg\",\"isPartOf\":{\"@id\":\"https:\/\/apgsolutions.com\/fr\/#website\"},\"datePublished\":\"2025-10-14T04:26:05+00:00\",\"dateModified\":\"2025-10-14T06:10:23+00:00\",\"description\":\"Pour que nous puissions continuer \u00e0 nous am\u00e9liorer, nous aimerions savoir dans quelle mesure la SGA est performante et r\u00e9pond aux besoins de votre entreprise.\",\"inLanguage\":\"fr-FR\",\"potentialAction\":[{\"@type\":\"ReadAction\",\"target\":[\"https:\/\/apgsolutions.com\/fr\/customer-satisfaction-survey-2\/\"]}]},{\"@type\":\"WebSite\",\"@id\":\"https:\/\/apgsolutions.com\/fr\/#website\",\"url\":\"https:\/\/apgsolutions.com\/fr\/\",\"name\":\"APG Solutions, LLC\",\"description\":\"Trust at every point.\",\"publisher\":{\"@id\":\"https:\/\/apgsolutions.com\/fr\/#organization\"},\"potentialAction\":[{\"@type\":\"SearchAction\",\"target\":{\"@type\":\"EntryPoint\",\"urlTemplate\":\"https:\/\/apgsolutions.com\/fr\/?s={search_term_string}\"},\"query-input\":{\"@type\":\"PropertyValueSpecification\",\"valueRequired\":true,\"valueName\":\"search_term_string\"}}],\"inLanguage\":\"fr-FR\"},{\"@type\":\"Organization\",\"@id\":\"https:\/\/apgsolutions.com\/fr\/#organization\",\"name\":\"APG Solution, LLC\",\"url\":\"https:\/\/apgsolutions.com\/fr\/\",\"logo\":{\"@type\":\"ImageObject\",\"inLanguage\":\"fr-FR\",\"@id\":\"https:\/\/apgsolutions.com\/fr\/#\/schema\/logo\/image\/\",\"url\":\"https:\/\/apgsolutions.com\/wp-content\/uploads\/2023\/12\/logomark-color.svg\",\"contentUrl\":\"https:\/\/apgsolutions.com\/wp-content\/uploads\/2023\/12\/logomark-color.svg\",\"width\":141,\"height\":138,\"caption\":\"APG Solution, LLC\"},\"image\":{\"@id\":\"https:\/\/apgsolutions.com\/fr\/#\/schema\/logo\/image\/\"},\"sameAs\":[\"https:\/\/www.facebook.com\/apgglobalsolutions\",\"https:\/\/x.com\/apg_solutions\",\"https:\/\/www.youtube.com\/c\/CashManagementGlobalSolutionsbyapg\",\"https:\/\/www.linkedin.com\/company\/apgglobalsolutions\/\",\"https:\/\/www.instagram.com\/apgglobalsolutions\/\",\"https:\/\/www.pinterest.com\/apgcashdrawer\/\"]}]}<\/script>\n<!-- \/ Yoast SEO Premium plugin. -->","yoast_head_json":{"title":"Enqu\u00eate de satisfaction aupr\u00e8s des clients - Solutions apg","description":"Pour que nous puissions continuer \u00e0 nous am\u00e9liorer, nous aimerions savoir dans quelle mesure la SGA est performante et r\u00e9pond aux besoins de votre entreprise.","robots":{"index":"index","follow":"follow","max-snippet":"max-snippet:-1","max-image-preview":"max-image-preview:large","max-video-preview":"max-video-preview:-1"},"canonical":"https:\/\/apgsolutions.com\/fr\/customer-satisfaction-survey-2\/","og_locale":"fr_FR","og_type":"article","og_title":"Enqu\u00eate de satisfaction aupr\u00e8s des clients - Solutions apg","og_description":"Pour que nous puissions continuer \u00e0 nous am\u00e9liorer, nous aimerions savoir dans quelle mesure la SGA est performante et r\u00e9pond aux besoins de votre entreprise.","og_url":"https:\/\/apgsolutions.com\/fr\/customer-satisfaction-survey-2\/","og_site_name":"apg\u00ae Solutions","article_publisher":"https:\/\/www.facebook.com\/apgglobalsolutions","article_modified_time":"2025-10-14T06:10:23+00:00","twitter_card":"summary_large_image","twitter_site":"@apg_solutions","twitter_misc":{"Dur\u00e9e de lecture estim\u00e9e":"1 minute"},"schema":{"@context":"https:\/\/schema.org","@graph":[{"@type":"WebPage","@id":"https:\/\/apgsolutions.com\/fr\/customer-satisfaction-survey-2\/","url":"https:\/\/apgsolutions.com\/fr\/customer-satisfaction-survey-2\/","name":"Enqu\u00eate de satisfaction aupr\u00e8s des clients - Solutions apg","isPartOf":{"@id":"https:\/\/apgsolutions.com\/fr\/#website"},"datePublished":"2025-10-14T04:26:05+00:00","dateModified":"2025-10-14T06:10:23+00:00","description":"Pour que nous puissions continuer \u00e0 nous am\u00e9liorer, nous aimerions savoir dans quelle mesure la SGA est performante et r\u00e9pond aux besoins de votre entreprise.","inLanguage":"fr-FR","potentialAction":[{"@type":"ReadAction","target":["https:\/\/apgsolutions.com\/fr\/customer-satisfaction-survey-2\/"]}]},{"@type":"WebSite","@id":"https:\/\/apgsolutions.com\/fr\/#website","url":"https:\/\/apgsolutions.com\/fr\/","name":"APG Solutions, LLC","description":"Trust at every point.","publisher":{"@id":"https:\/\/apgsolutions.com\/fr\/#organization"},"potentialAction":[{"@type":"SearchAction","target":{"@type":"EntryPoint","urlTemplate":"https:\/\/apgsolutions.com\/fr\/?s={search_term_string}"},"query-input":{"@type":"PropertyValueSpecification","valueRequired":true,"valueName":"search_term_string"}}],"inLanguage":"fr-FR"},{"@type":"Organization","@id":"https:\/\/apgsolutions.com\/fr\/#organization","name":"APG Solution, LLC","url":"https:\/\/apgsolutions.com\/fr\/","logo":{"@type":"ImageObject","inLanguage":"fr-FR","@id":"https:\/\/apgsolutions.com\/fr\/#\/schema\/logo\/image\/","url":"https:\/\/apgsolutions.com\/wp-content\/uploads\/2023\/12\/logomark-color.svg","contentUrl":"https:\/\/apgsolutions.com\/wp-content\/uploads\/2023\/12\/logomark-color.svg","width":141,"height":138,"caption":"APG Solution, LLC"},"image":{"@id":"https:\/\/apgsolutions.com\/fr\/#\/schema\/logo\/image\/"},"sameAs":["https:\/\/www.facebook.com\/apgglobalsolutions","https:\/\/x.com\/apg_solutions","https:\/\/www.youtube.com\/c\/CashManagementGlobalSolutionsbyapg","https:\/\/www.linkedin.com\/company\/apgglobalsolutions\/","https:\/\/www.instagram.com\/apgglobalsolutions\/","https:\/\/www.pinterest.com\/apgcashdrawer\/"]}]}},"acf":[],"_links":{"self":[{"href":"https:\/\/apgsolutions.com\/fr\/wp-json\/wp\/v2\/pages\/94812","targetHints":{"allow":["GET"]}}],"collection":[{"href":"https:\/\/apgsolutions.com\/fr\/wp-json\/wp\/v2\/pages"}],"about":[{"href":"https:\/\/apgsolutions.com\/fr\/wp-json\/wp\/v2\/types\/page"}],"author":[{"embeddable":true,"href":"https:\/\/apgsolutions.com\/fr\/wp-json\/wp\/v2\/users\/4"}],"replies":[{"embeddable":true,"href":"https:\/\/apgsolutions.com\/fr\/wp-json\/wp\/v2\/comments?post=94812"}],"version-history":[{"count":4,"href":"https:\/\/apgsolutions.com\/fr\/wp-json\/wp\/v2\/pages\/94812\/revisions"}],"predecessor-version":[{"id":94943,"href":"https:\/\/apgsolutions.com\/fr\/wp-json\/wp\/v2\/pages\/94812\/revisions\/94943"}],"wp:attachment":[{"href":"https:\/\/apgsolutions.com\/fr\/wp-json\/wp\/v2\/media?parent=94812"}],"curies":[{"name":"wp","href":"https:\/\/api.w.org\/{rel}","templated":true}]}}