{"id":94827,"date":"2025-10-14T04:30:54","date_gmt":"2025-10-14T04:30:54","guid":{"rendered":"https:\/\/apgsolutions.com\/disposal\/"},"modified":"2026-01-22T14:45:55","modified_gmt":"2026-01-22T14:45:55","slug":"disposal","status":"publish","type":"page","link":"https:\/\/apgsolutions.com\/fr\/disposal\/","title":{"rendered":"\u00c9limination"},"content":{"rendered":"<div class=\"section_page-header \">\n    <img decoding=\"async\" class=\"header-image\" src=\"https:\/\/apgsolutions.com\/wp-content\/uploads\/2023\/04\/dark-blue-rotated.jpg\" alt=\"dark-blue\" title=\"dark-blue\">\n            <div class=\"header-content\">\n            <h1>End-of-Life Waste Treatment Program<\/h1>\n        <\/div>\n    <\/div>\n<p class=\"has-text-align-center\">Nous vous remercions de participer au programme de traitement des d\u00e9chets en fin de vie d&rsquo;APG Cash Drawer, LLC. Veuillez compl\u00e9ter et soumettre les informations ci-dessous et APG examinera vos produits pour voir s&rsquo;ils r\u00e9pondent aux exigences de ce programme. <\/p>\n<p><script charset=\"utf-8\" type=\"text\/javascript\" src=\"\/\/js.hsforms.net\/forms\/embed\/v2.js\"><\/script><br \/>\n<script>\n  hbspt.forms.create({\n    region: \"na1\",\n    portalId: \"3337275\",\n    formId: \"191c7b2a-817d-43ae-a246-9e827c0e6547\"\n  });\n<\/script><\/p>\n\n<h2 class=\"wp-block-heading has-text-align-center\" id=\"h-please-enter-the-following-data-so-that-we-may-activate-the-waste-treatment-process-for-you\"><strong>Veuillez saisir les donn\u00e9es suivantes afin que nous puissions activer le processus de traitement des d\u00e9chets pour vous.<\/strong><\/h2>\n\n<p class=\"has-text-align-left\">L&rsquo;\u00e9tiquette du produit (situ\u00e9e sous le tiroir-caisse) se pr\u00e9sente comme suit :<\/p>\n\n<figure class=\"wp-block-image size-full\"><img fetchpriority=\"high\" decoding=\"async\" width=\"300\" height=\"181\" src=\"https:\/\/apgsolutions.com\/wp-content\/uploads\/2023\/07\/prouct-label-example-300x181-1.png\" alt=\"&#xC9;tiquette du produit\" class=\"wp-image-66481\" srcset=\"https:\/\/apgsolutions.com\/wp-content\/uploads\/2023\/07\/prouct-label-example-300x181-1.png 300w, https:\/\/apgsolutions.com\/wp-content\/uploads\/2023\/07\/prouct-label-example-300x181-1-80x48.png 80w\" sizes=\"(max-width: 300px) 100vw, 300px\" \/><\/figure>\n\n<p>Si votre produit est admissible au programme de traitement des d\u00e9chets, APG vous enverra des instructions d&rsquo;exp\u00e9dition pour acheminer vos tiroirs-caisses vers le lieu d&rsquo;\u00e9limination s\u00fbre des d\u00e9chets. Nous vous remercions d&rsquo;avoir activ\u00e9 le processus d&rsquo;\u00e9limination s\u00e9curis\u00e9e des d\u00e9chets de tiroirs-caisses en fin de vie. Apr\u00e8s avoir fourni vos informations dans le formulaire ci-dessus, vous serez contact\u00e9 par <a href=\"mailto:disposal@apgsolutions.com\">disposal@apgsolutions.com.<\/a>  <\/p>\n\n<p>Si vous avez des inqui\u00e9tudes ou d&rsquo;autres questions, veuillez nous contacter \u00e0 l&rsquo;adresse <a href=\"mailto:disposal@apgsolutions.com\">suivante : disposal@apgsolutions.com.<\/a><\/p>\n","protected":false},"excerpt":{"rendered":"<p>Nous vous remercions de participer au programme de traitement des d\u00e9chets en fin de vie d&rsquo;APG Cash Drawer, LLC. Veuillez compl\u00e9ter et soumettre les informations ci-dessous et APG examinera vos produits pour voir s&rsquo;ils r\u00e9pondent aux exigences de ce programme. Veuillez saisir les donn\u00e9es suivantes afin que nous puissions activer le processus de traitement des [&hellip;]<\/p>\n","protected":false},"author":4,"featured_media":0,"parent":0,"menu_order":0,"comment_status":"closed","ping_status":"closed","template":"","meta":{"_acf_changed":false,"content-type":"","footnotes":""},"class_list":["post-94827","page","type-page","status-publish"],"yoast_head":"<!-- This site is optimized with the Yoast SEO Premium plugin v23.5 (Yoast SEO v27.2) - https:\/\/yoast.com\/product\/yoast-seo-premium-wordpress\/ -->\n<title>\u00c9limination<\/title>\n<meta name=\"robots\" content=\"index, follow, max-snippet:-1, max-image-preview:large, max-video-preview:-1\" \/>\n<link rel=\"canonical\" href=\"https:\/\/apgsolutions.com\/fr\/disposal\/\" \/>\n<meta property=\"og:locale\" content=\"fr_FR\" \/>\n<meta property=\"og:type\" content=\"article\" \/>\n<meta property=\"og:title\" content=\"\u00c9limination\" \/>\n<meta property=\"og:description\" content=\"Nous vous remercions de participer au programme de traitement des d\u00e9chets en fin de vie d&rsquo;APG Cash Drawer, LLC. Veuillez compl\u00e9ter et soumettre les informations ci-dessous et APG examinera vos produits pour voir s&rsquo;ils r\u00e9pondent aux exigences de ce programme. Veuillez saisir les donn\u00e9es suivantes afin que nous puissions activer le processus de traitement des [&hellip;]\" \/>\n<meta property=\"og:url\" content=\"https:\/\/apgsolutions.com\/fr\/disposal\/\" \/>\n<meta property=\"og:site_name\" content=\"apg\u00ae Solutions\" \/>\n<meta property=\"article:publisher\" content=\"https:\/\/www.facebook.com\/apgglobalsolutions\" \/>\n<meta property=\"article:modified_time\" content=\"2026-01-22T14:45:55+00:00\" \/>\n<meta property=\"og:image\" content=\"https:\/\/apgsolutions.com\/wp-content\/uploads\/2023\/07\/prouct-label-example-300x181-1.png\" \/>\n<meta name=\"twitter:card\" content=\"summary_large_image\" \/>\n<meta name=\"twitter:site\" content=\"@apg_solutions\" \/>\n<meta name=\"twitter:label1\" content=\"Dur\u00e9e de lecture estim\u00e9e\" \/>\n\t<meta name=\"twitter:data1\" content=\"1 minute\" \/>\n<script type=\"application\/ld+json\" class=\"yoast-schema-graph\">{\"@context\":\"https:\/\/schema.org\",\"@graph\":[{\"@type\":\"WebPage\",\"@id\":\"https:\/\/apgsolutions.com\/fr\/disposal\/\",\"url\":\"https:\/\/apgsolutions.com\/fr\/disposal\/\",\"name\":\"\u00c9limination\",\"isPartOf\":{\"@id\":\"https:\/\/apgsolutions.com\/fr\/#website\"},\"primaryImageOfPage\":{\"@id\":\"https:\/\/apgsolutions.com\/fr\/disposal\/#primaryimage\"},\"image\":{\"@id\":\"https:\/\/apgsolutions.com\/fr\/disposal\/#primaryimage\"},\"thumbnailUrl\":\"https:\/\/apgsolutions.com\/wp-content\/uploads\/2023\/07\/prouct-label-example-300x181-1.png\",\"datePublished\":\"2025-10-14T04:30:54+00:00\",\"dateModified\":\"2026-01-22T14:45:55+00:00\",\"inLanguage\":\"fr-FR\",\"potentialAction\":[{\"@type\":\"ReadAction\",\"target\":[\"https:\/\/apgsolutions.com\/fr\/disposal\/\"]}]},{\"@type\":\"ImageObject\",\"inLanguage\":\"fr-FR\",\"@id\":\"https:\/\/apgsolutions.com\/fr\/disposal\/#primaryimage\",\"url\":\"https:\/\/apgsolutions.com\/wp-content\/uploads\/2023\/07\/prouct-label-example-300x181-1.png\",\"contentUrl\":\"https:\/\/apgsolutions.com\/wp-content\/uploads\/2023\/07\/prouct-label-example-300x181-1.png\"},{\"@type\":\"WebSite\",\"@id\":\"https:\/\/apgsolutions.com\/fr\/#website\",\"url\":\"https:\/\/apgsolutions.com\/fr\/\",\"name\":\"APG Solutions, LLC\",\"description\":\"Trust at every point.\",\"publisher\":{\"@id\":\"https:\/\/apgsolutions.com\/fr\/#organization\"},\"potentialAction\":[{\"@type\":\"SearchAction\",\"target\":{\"@type\":\"EntryPoint\",\"urlTemplate\":\"https:\/\/apgsolutions.com\/fr\/?s={search_term_string}\"},\"query-input\":{\"@type\":\"PropertyValueSpecification\",\"valueRequired\":true,\"valueName\":\"search_term_string\"}}],\"inLanguage\":\"fr-FR\"},{\"@type\":\"Organization\",\"@id\":\"https:\/\/apgsolutions.com\/fr\/#organization\",\"name\":\"APG Solution, LLC\",\"url\":\"https:\/\/apgsolutions.com\/fr\/\",\"logo\":{\"@type\":\"ImageObject\",\"inLanguage\":\"fr-FR\",\"@id\":\"https:\/\/apgsolutions.com\/fr\/#\/schema\/logo\/image\/\",\"url\":\"https:\/\/apgsolutions.com\/wp-content\/uploads\/2023\/12\/logomark-color.svg\",\"contentUrl\":\"https:\/\/apgsolutions.com\/wp-content\/uploads\/2023\/12\/logomark-color.svg\",\"width\":141,\"height\":138,\"caption\":\"APG Solution, LLC\"},\"image\":{\"@id\":\"https:\/\/apgsolutions.com\/fr\/#\/schema\/logo\/image\/\"},\"sameAs\":[\"https:\/\/www.facebook.com\/apgglobalsolutions\",\"https:\/\/x.com\/apg_solutions\",\"https:\/\/www.youtube.com\/c\/CashManagementGlobalSolutionsbyapg\",\"https:\/\/www.linkedin.com\/company\/apgglobalsolutions\/\",\"https:\/\/www.instagram.com\/apgglobalsolutions\/\",\"https:\/\/www.pinterest.com\/apgcashdrawer\/\"]}]}<\/script>\n<!-- \/ Yoast SEO Premium plugin. -->","yoast_head_json":{"title":"\u00c9limination","robots":{"index":"index","follow":"follow","max-snippet":"max-snippet:-1","max-image-preview":"max-image-preview:large","max-video-preview":"max-video-preview:-1"},"canonical":"https:\/\/apgsolutions.com\/fr\/disposal\/","og_locale":"fr_FR","og_type":"article","og_title":"\u00c9limination","og_description":"Nous vous remercions de participer au programme de traitement des d\u00e9chets en fin de vie d&rsquo;APG Cash Drawer, LLC. Veuillez compl\u00e9ter et soumettre les informations ci-dessous et APG examinera vos produits pour voir s&rsquo;ils r\u00e9pondent aux exigences de ce programme. Veuillez saisir les donn\u00e9es suivantes afin que nous puissions activer le processus de traitement des [&hellip;]","og_url":"https:\/\/apgsolutions.com\/fr\/disposal\/","og_site_name":"apg\u00ae Solutions","article_publisher":"https:\/\/www.facebook.com\/apgglobalsolutions","article_modified_time":"2026-01-22T14:45:55+00:00","og_image":[{"url":"https:\/\/apgsolutions.com\/wp-content\/uploads\/2023\/07\/prouct-label-example-300x181-1.png","type":"","width":"","height":""}],"twitter_card":"summary_large_image","twitter_site":"@apg_solutions","twitter_misc":{"Dur\u00e9e de lecture estim\u00e9e":"1 minute"},"schema":{"@context":"https:\/\/schema.org","@graph":[{"@type":"WebPage","@id":"https:\/\/apgsolutions.com\/fr\/disposal\/","url":"https:\/\/apgsolutions.com\/fr\/disposal\/","name":"\u00c9limination","isPartOf":{"@id":"https:\/\/apgsolutions.com\/fr\/#website"},"primaryImageOfPage":{"@id":"https:\/\/apgsolutions.com\/fr\/disposal\/#primaryimage"},"image":{"@id":"https:\/\/apgsolutions.com\/fr\/disposal\/#primaryimage"},"thumbnailUrl":"https:\/\/apgsolutions.com\/wp-content\/uploads\/2023\/07\/prouct-label-example-300x181-1.png","datePublished":"2025-10-14T04:30:54+00:00","dateModified":"2026-01-22T14:45:55+00:00","inLanguage":"fr-FR","potentialAction":[{"@type":"ReadAction","target":["https:\/\/apgsolutions.com\/fr\/disposal\/"]}]},{"@type":"ImageObject","inLanguage":"fr-FR","@id":"https:\/\/apgsolutions.com\/fr\/disposal\/#primaryimage","url":"https:\/\/apgsolutions.com\/wp-content\/uploads\/2023\/07\/prouct-label-example-300x181-1.png","contentUrl":"https:\/\/apgsolutions.com\/wp-content\/uploads\/2023\/07\/prouct-label-example-300x181-1.png"},{"@type":"WebSite","@id":"https:\/\/apgsolutions.com\/fr\/#website","url":"https:\/\/apgsolutions.com\/fr\/","name":"APG Solutions, LLC","description":"Trust at every point.","publisher":{"@id":"https:\/\/apgsolutions.com\/fr\/#organization"},"potentialAction":[{"@type":"SearchAction","target":{"@type":"EntryPoint","urlTemplate":"https:\/\/apgsolutions.com\/fr\/?s={search_term_string}"},"query-input":{"@type":"PropertyValueSpecification","valueRequired":true,"valueName":"search_term_string"}}],"inLanguage":"fr-FR"},{"@type":"Organization","@id":"https:\/\/apgsolutions.com\/fr\/#organization","name":"APG Solution, LLC","url":"https:\/\/apgsolutions.com\/fr\/","logo":{"@type":"ImageObject","inLanguage":"fr-FR","@id":"https:\/\/apgsolutions.com\/fr\/#\/schema\/logo\/image\/","url":"https:\/\/apgsolutions.com\/wp-content\/uploads\/2023\/12\/logomark-color.svg","contentUrl":"https:\/\/apgsolutions.com\/wp-content\/uploads\/2023\/12\/logomark-color.svg","width":141,"height":138,"caption":"APG Solution, LLC"},"image":{"@id":"https:\/\/apgsolutions.com\/fr\/#\/schema\/logo\/image\/"},"sameAs":["https:\/\/www.facebook.com\/apgglobalsolutions","https:\/\/x.com\/apg_solutions","https:\/\/www.youtube.com\/c\/CashManagementGlobalSolutionsbyapg","https:\/\/www.linkedin.com\/company\/apgglobalsolutions\/","https:\/\/www.instagram.com\/apgglobalsolutions\/","https:\/\/www.pinterest.com\/apgcashdrawer\/"]}]}},"acf":[],"_links":{"self":[{"href":"https:\/\/apgsolutions.com\/fr\/wp-json\/wp\/v2\/pages\/94827","targetHints":{"allow":["GET"]}}],"collection":[{"href":"https:\/\/apgsolutions.com\/fr\/wp-json\/wp\/v2\/pages"}],"about":[{"href":"https:\/\/apgsolutions.com\/fr\/wp-json\/wp\/v2\/types\/page"}],"author":[{"embeddable":true,"href":"https:\/\/apgsolutions.com\/fr\/wp-json\/wp\/v2\/users\/4"}],"replies":[{"embeddable":true,"href":"https:\/\/apgsolutions.com\/fr\/wp-json\/wp\/v2\/comments?post=94827"}],"version-history":[{"count":2,"href":"https:\/\/apgsolutions.com\/fr\/wp-json\/wp\/v2\/pages\/94827\/revisions"}],"predecessor-version":[{"id":98471,"href":"https:\/\/apgsolutions.com\/fr\/wp-json\/wp\/v2\/pages\/94827\/revisions\/98471"}],"wp:attachment":[{"href":"https:\/\/apgsolutions.com\/fr\/wp-json\/wp\/v2\/media?parent=94827"}],"curies":[{"name":"wp","href":"https:\/\/api.w.org\/{rel}","templated":true}]}}