{"id":94893,"date":"2025-10-14T05:38:20","date_gmt":"2025-10-14T05:38:20","guid":{"rendered":"https:\/\/apgsolutions.com\/square-cash-drawer-integration\/"},"modified":"2026-01-27T16:23:19","modified_gmt":"2026-01-27T16:23:19","slug":"square-cash-drawer-integration","status":"publish","type":"page","link":"https:\/\/apgsolutions.com\/fr\/square-cash-drawer-integration\/","title":{"rendered":"Int\u00e9gration du tiroir-caisse Square"},"content":{"rendered":"<div class=\"section_page-header \">\n    <img decoding=\"async\" class=\"header-image\" src=\"https:\/\/apgsolutions.com\/wp-content\/uploads\/2023\/05\/configure-counter-7dc4881c9aa248e1c0bca54905eb9b6a-e1529684984186.jpg\" alt=\"configure-counter-7dc4881c9aa248e1c0bca54905eb9b6a-e1529684984186\" title=\"configure-counter-7dc4881c9aa248e1c0bca54905eb9b6a-e1529684984186\">\n            <div class=\"header-content\">\n            <h1>Square Cash Drawer Integration<\/h1>\n        <\/div>\n    <\/div>\n<h2 class=\"wp-block-heading has-text-align-center\" id=\"h-what-kind-of-cash-drawer-should-you-purchase-to-work-with-square\">Quel type de tiroir-caisse devez-vous acheter pour travailler avec Square ?<\/h2>\n\n<p>Square propose de nouvelles fa\u00e7ons de dialoguer avec les clients. Square s&rsquo;int\u00e8gre d\u00e9sormais aux <a href=\"https:\/\/apgsolutions.com\/fr\/produits\/\">tiroirs-caisses<\/a> et aux imprimantes de re\u00e7us. D&rsquo;une simple pression sur un iPad, vous pouvez ouvrir le tiroir de votre caisse pour effectuer une vente en esp\u00e8ces ou rendre la monnaie. Veuillez lire attentivement les options ci-dessous avant d&rsquo;acheter un tiroir-caisse.   <\/p>\n<div class=\"wp-block-image\">\n<figure class=\"aligncenter size-full\"><img decoding=\"async\" width=\"300\" height=\"75\" src=\"https:\/\/apgsolutions.com\/wp-content\/uploads\/2023\/05\/Square_Inc._logo.svg-300x75-1.png\" alt=\"Logo carr&#xE9;\" class=\"wp-image-3325\"\/><\/figure>\n<\/div>\n<div class=\"wp-block-columns is-layout-flex wp-container-core-columns-is-layout-9d6595d7 wp-block-columns-is-layout-flex\">\n<div class=\"wp-block-column is-layout-flow wp-block-column-is-layout-flow\" style=\"flex-basis:33.33%\">\n<figure class=\"wp-block-image size-full\"><img decoding=\"async\" width=\"150\" height=\"150\" src=\"https:\/\/apgsolutions.com\/wp-content\/uploads\/2023\/05\/square-stand-150x150-1.png\" alt=\"Kit de registre carr&#xE9;\" class=\"wp-image-3332\" srcset=\"https:\/\/apgsolutions.com\/wp-content\/uploads\/2023\/05\/square-stand-150x150-1.png 150w, https:\/\/apgsolutions.com\/wp-content\/uploads\/2023\/05\/square-stand-150x150-1-100x100.png 100w\" sizes=\"(max-width: 150px) 100vw, 150px\" \/><\/figure>\n<\/div>\n\n\n\n<div class=\"wp-block-column is-layout-flow wp-block-column-is-layout-flow\" style=\"flex-basis:66.66%\">\n<p><strong>Option 1<\/strong><\/p>\n\n\n\n<p>Si vous utilisez le Square Register Kit et que vous connectez le tiroir-caisse au port USB, achetez <a href=\"https:\/\/apgsolutions.com\/fr\/configurator\/?product_family=Genesis%2C\/VB554A-BL1616\">VB554A-BL1616<\/a> ou notre option enti\u00e8rement blanche <a href=\"https:\/\/apgsolutions.com\/fr\/configurator\/?product_family=Genesis%2C\/VB554A-AW1616\">VB554A-AW1616<\/a>. VEUILLEZ NOTER : Si vous achetez une imprimante de re\u00e7us avec une interface USB pour la connecter au support Square, le VB320-BL1616 ne fonctionnera pas.<\/p>\n<\/div>\n<\/div>\n\n<div class=\"wp-block-columns is-layout-flex wp-container-core-columns-is-layout-9d6595d7 wp-block-columns-is-layout-flex\">\n<div class=\"wp-block-column is-layout-flow wp-block-column-is-layout-flow\" style=\"flex-basis:33.33%\">\n<figure class=\"wp-block-image size-full\"><img decoding=\"async\" width=\"150\" height=\"150\" src=\"https:\/\/apgsolutions.com\/wp-content\/uploads\/2023\/05\/square-stand-150x150-1.jpg\" alt=\"Kits carr&#xE9;s avec imprimante\" class=\"wp-image-3339\" srcset=\"https:\/\/apgsolutions.com\/wp-content\/uploads\/2023\/05\/square-stand-150x150-1.jpg 150w, https:\/\/apgsolutions.com\/wp-content\/uploads\/2023\/05\/square-stand-150x150-1-100x100.jpg 100w\" sizes=\"(max-width: 150px) 100vw, 150px\" \/><\/figure>\n<\/div>\n\n\n\n<div class=\"wp-block-column is-layout-flow wp-block-column-is-layout-flow\">\n<p><strong>Option 2<\/strong><\/p>\n\n\n\n<p>Si vous utilisez un autre kit Square avec une imprimante, le seul moyen de connecter le tiroir-caisse de la SGA est de passer par le port du tiroir-caisse de l&rsquo;imprimante de re\u00e7us. Achetez le <a href=\"https:\/\/apgsolutions.com\/fr\/configurator\/?product_family=Genesis%2C\/VB320-BL1616\">kit VB320-BL1616<\/a> ou l&rsquo;option blanche <a href=\"https:\/\/apgsolutions.com\/fr\/configurator\/?product_family=Genesis%2C\/VB320-AW1616\">VB320-AW1616<\/a> et le <a href=\"https:\/\/apgsolutions.com\/fr\/store\/cd-101a-printer-cable\/\">c\u00e2ble CD-101A<\/a>. <\/p>\n<\/div>\n<\/div>\n\n<p>Pour d&rsquo;autres options de tiroirs-caisses, veuillez consulter : <a href=\"\/wp-content\/uploads\/2023\/05\/M-43-518-Arlo-Cash-Drawer-for-Square.pdf\">Brochure sur les options de tiroirs-caisses carr\u00e9s<\/a><\/p>\n\n<h2 class=\"wp-block-heading has-text-align-center\" id=\"h-what-accessories-work-with-your-apg-cash-drawer\">Quels sont les accessoires compatibles avec votre tiroir-caisse SGA ?<\/h2>\n\n<p>Veuillez lire attentivement les options ci-dessous avant d&rsquo;acheter des accessoires. Nous ne pouvons pas prendre de commandes de pi\u00e8ces et d&rsquo;accessoires par t\u00e9l\u00e9phone. <\/p>\n\n<p><strong>Vous trouverez ci-dessous une liste d&rsquo;accessoires pour tiroirs-caisses qui fonctionneront avec un tiroir-caisse Vasario\u2122 1616 (le num\u00e9ro de pi\u00e8ce commence par VBXXX-XX1616 comme indiqu\u00e9 ci-dessus ou sur la brochure Square)<\/strong>. Beaucoup de ces accessoires sont propos\u00e9s sur la boutique en ligne d&rsquo;APG. Pour ceux qui ne le sont pas, veuillez contacter votre revendeur local. <\/p>\n\n<p>Pour v\u00e9rifier la r\u00e9f\u00e9rence de votre tiroir, regardez l&rsquo;\u00e9tiquette argent\u00e9e sur le fond de l&rsquo;appareil. <a href=\"https:\/\/www.youtube.com\/watch?v=tDuEuduMgwo\" target=\"_blank\" rel=\"noreferrer noopener\">Regardez cette vid\u00e9o<\/a>.<\/p>\n\n<h3 class=\"wp-block-heading\">Cl\u00e9s + serrures<\/h3>\n\n<p>Trouvez vos <a href=\"https:\/\/apgsolutions.com\/fr\/keys-and-locks\/\">cl\u00e9s et serrures de<\/a> remplacement<\/p>\n\n<h3 class=\"wp-block-heading\">Supports de montage sous le comptoir<\/h3>\n\n<p><a href=\"https:\/\/apgsolutions.com\/fr\/store\/vpk-27b-16-bx\/\">VPK-27B-16-BX<\/a><\/p>\n\n<h3 class=\"wp-block-heading\">Couvercles de seuil verrouillables<\/h3>\n\n<p>VPK-14B-3-BX (Contactez votre revendeur local)<br\/><a href=\"https:\/\/apgsolutions.com\/fr\/store\/vpk-14b-6-bx\/\">VPK-14B-6-BX<\/a><\/p>\n\n<h3 class=\"wp-block-heading\">Tills<\/h3>\n\n<p><a href=\"https:\/\/apgsolutions.com\/fr\/store\/vpk-15b-2a-bx\/\">VPK-15B-2A-BX<\/a><br\/>VPK-15B-8-BX (Contactez votre revendeur local)<\/p>\n\n<h3 class=\"wp-block-heading\">C\u00e2bles<\/h3>\n\n<p><a href=\"https:\/\/apgsolutions.com\/fr\/store\/cd-101a-printer-cable\/\">CD-101A<\/a><br\/><\/p>\n","protected":false},"excerpt":{"rendered":"<p>Quel type de tiroir-caisse devez-vous acheter pour travailler avec Square ? Square propose de nouvelles fa\u00e7ons de dialoguer avec les clients. Square s&rsquo;int\u00e8gre d\u00e9sormais aux tiroirs-caisses et aux imprimantes de re\u00e7us. D&rsquo;une simple pression sur un iPad, vous pouvez ouvrir le tiroir de votre caisse pour effectuer une vente en esp\u00e8ces ou rendre la monnaie. [&hellip;]<\/p>\n","protected":false},"author":4,"featured_media":0,"parent":0,"menu_order":0,"comment_status":"closed","ping_status":"closed","template":"","meta":{"_acf_changed":false,"content-type":"","footnotes":""},"class_list":["post-94893","page","type-page","status-publish"],"yoast_head":"<!-- This site is optimized with the Yoast SEO Premium plugin v23.5 (Yoast SEO v27.2) - https:\/\/yoast.com\/product\/yoast-seo-premium-wordpress\/ -->\n<title>Square Cash Drawer Integration - Connectez une caisse enregistreuse \u00e0 Square POS<\/title>\n<meta name=\"description\" content=\"Quel type de tiroir-caisse devriez-vous acheter pour travailler avec Square ? Lisez attentivement les options avant d&#039;acheter un tiroir-caisse.\" \/>\n<meta name=\"robots\" content=\"index, follow, max-snippet:-1, max-image-preview:large, max-video-preview:-1\" \/>\n<link rel=\"canonical\" href=\"https:\/\/apgsolutions.com\/fr\/square-cash-drawer-integration\/\" \/>\n<meta property=\"og:locale\" content=\"fr_FR\" \/>\n<meta property=\"og:type\" content=\"article\" \/>\n<meta property=\"og:title\" content=\"Square Cash Drawer Integration - Connectez une caisse enregistreuse \u00e0 Square POS\" \/>\n<meta property=\"og:description\" content=\"Quel type de tiroir-caisse devriez-vous acheter pour travailler avec Square ? Lisez attentivement les options avant d&#039;acheter un tiroir-caisse.\" \/>\n<meta property=\"og:url\" content=\"https:\/\/apgsolutions.com\/fr\/square-cash-drawer-integration\/\" \/>\n<meta property=\"og:site_name\" content=\"apg\u00ae Solutions\" \/>\n<meta property=\"article:publisher\" content=\"https:\/\/www.facebook.com\/apgglobalsolutions\" \/>\n<meta property=\"article:modified_time\" content=\"2026-01-27T16:23:19+00:00\" \/>\n<meta property=\"og:image\" content=\"https:\/\/apgsolutions.com\/wp-content\/uploads\/2023\/05\/Square_Inc._logo.svg-300x75-1.png\" \/>\n<meta name=\"twitter:card\" content=\"summary_large_image\" \/>\n<meta name=\"twitter:site\" content=\"@apg_solutions\" \/>\n<meta name=\"twitter:label1\" content=\"Dur\u00e9e de lecture estim\u00e9e\" \/>\n\t<meta name=\"twitter:data1\" content=\"2 minutes\" \/>\n<script type=\"application\/ld+json\" class=\"yoast-schema-graph\">{\"@context\":\"https:\/\/schema.org\",\"@graph\":[{\"@type\":\"WebPage\",\"@id\":\"https:\/\/apgsolutions.com\/fr\/square-cash-drawer-integration\/\",\"url\":\"https:\/\/apgsolutions.com\/fr\/square-cash-drawer-integration\/\",\"name\":\"Square Cash Drawer Integration - Connectez une caisse enregistreuse \u00e0 Square POS\",\"isPartOf\":{\"@id\":\"https:\/\/apgsolutions.com\/fr\/#website\"},\"primaryImageOfPage\":{\"@id\":\"https:\/\/apgsolutions.com\/fr\/square-cash-drawer-integration\/#primaryimage\"},\"image\":{\"@id\":\"https:\/\/apgsolutions.com\/fr\/square-cash-drawer-integration\/#primaryimage\"},\"thumbnailUrl\":\"https:\/\/apgsolutions.com\/wp-content\/uploads\/2023\/05\/Square_Inc._logo.svg-300x75-1.png\",\"datePublished\":\"2025-10-14T05:38:20+00:00\",\"dateModified\":\"2026-01-27T16:23:19+00:00\",\"description\":\"Quel type de tiroir-caisse devriez-vous acheter pour travailler avec Square ? Lisez attentivement les options avant d'acheter un tiroir-caisse.\",\"inLanguage\":\"fr-FR\",\"potentialAction\":[{\"@type\":\"ReadAction\",\"target\":[\"https:\/\/apgsolutions.com\/fr\/square-cash-drawer-integration\/\"]}]},{\"@type\":\"ImageObject\",\"inLanguage\":\"fr-FR\",\"@id\":\"https:\/\/apgsolutions.com\/fr\/square-cash-drawer-integration\/#primaryimage\",\"url\":\"https:\/\/apgsolutions.com\/wp-content\/uploads\/2023\/05\/Square_Inc._logo.svg-300x75-1.png\",\"contentUrl\":\"https:\/\/apgsolutions.com\/wp-content\/uploads\/2023\/05\/Square_Inc._logo.svg-300x75-1.png\"},{\"@type\":\"WebSite\",\"@id\":\"https:\/\/apgsolutions.com\/fr\/#website\",\"url\":\"https:\/\/apgsolutions.com\/fr\/\",\"name\":\"APG Solutions, LLC\",\"description\":\"Trust at every point.\",\"publisher\":{\"@id\":\"https:\/\/apgsolutions.com\/fr\/#organization\"},\"potentialAction\":[{\"@type\":\"SearchAction\",\"target\":{\"@type\":\"EntryPoint\",\"urlTemplate\":\"https:\/\/apgsolutions.com\/fr\/?s={search_term_string}\"},\"query-input\":{\"@type\":\"PropertyValueSpecification\",\"valueRequired\":true,\"valueName\":\"search_term_string\"}}],\"inLanguage\":\"fr-FR\"},{\"@type\":\"Organization\",\"@id\":\"https:\/\/apgsolutions.com\/fr\/#organization\",\"name\":\"APG Solution, LLC\",\"url\":\"https:\/\/apgsolutions.com\/fr\/\",\"logo\":{\"@type\":\"ImageObject\",\"inLanguage\":\"fr-FR\",\"@id\":\"https:\/\/apgsolutions.com\/fr\/#\/schema\/logo\/image\/\",\"url\":\"https:\/\/apgsolutions.com\/wp-content\/uploads\/2023\/12\/logomark-color.svg\",\"contentUrl\":\"https:\/\/apgsolutions.com\/wp-content\/uploads\/2023\/12\/logomark-color.svg\",\"width\":141,\"height\":138,\"caption\":\"APG Solution, LLC\"},\"image\":{\"@id\":\"https:\/\/apgsolutions.com\/fr\/#\/schema\/logo\/image\/\"},\"sameAs\":[\"https:\/\/www.facebook.com\/apgglobalsolutions\",\"https:\/\/x.com\/apg_solutions\",\"https:\/\/www.youtube.com\/c\/CashManagementGlobalSolutionsbyapg\",\"https:\/\/www.linkedin.com\/company\/apgglobalsolutions\/\",\"https:\/\/www.instagram.com\/apgglobalsolutions\/\",\"https:\/\/www.pinterest.com\/apgcashdrawer\/\"]}]}<\/script>\n<!-- \/ Yoast SEO Premium plugin. -->","yoast_head_json":{"title":"Square Cash Drawer Integration - Connectez une caisse enregistreuse \u00e0 Square POS","description":"Quel type de tiroir-caisse devriez-vous acheter pour travailler avec Square ? Lisez attentivement les options avant d'acheter un tiroir-caisse.","robots":{"index":"index","follow":"follow","max-snippet":"max-snippet:-1","max-image-preview":"max-image-preview:large","max-video-preview":"max-video-preview:-1"},"canonical":"https:\/\/apgsolutions.com\/fr\/square-cash-drawer-integration\/","og_locale":"fr_FR","og_type":"article","og_title":"Square Cash Drawer Integration - Connectez une caisse enregistreuse \u00e0 Square POS","og_description":"Quel type de tiroir-caisse devriez-vous acheter pour travailler avec Square ? Lisez attentivement les options avant d'acheter un tiroir-caisse.","og_url":"https:\/\/apgsolutions.com\/fr\/square-cash-drawer-integration\/","og_site_name":"apg\u00ae Solutions","article_publisher":"https:\/\/www.facebook.com\/apgglobalsolutions","article_modified_time":"2026-01-27T16:23:19+00:00","og_image":[{"url":"https:\/\/apgsolutions.com\/wp-content\/uploads\/2023\/05\/Square_Inc._logo.svg-300x75-1.png","type":"","width":"","height":""}],"twitter_card":"summary_large_image","twitter_site":"@apg_solutions","twitter_misc":{"Dur\u00e9e de lecture estim\u00e9e":"2 minutes"},"schema":{"@context":"https:\/\/schema.org","@graph":[{"@type":"WebPage","@id":"https:\/\/apgsolutions.com\/fr\/square-cash-drawer-integration\/","url":"https:\/\/apgsolutions.com\/fr\/square-cash-drawer-integration\/","name":"Square Cash Drawer Integration - Connectez une caisse enregistreuse \u00e0 Square POS","isPartOf":{"@id":"https:\/\/apgsolutions.com\/fr\/#website"},"primaryImageOfPage":{"@id":"https:\/\/apgsolutions.com\/fr\/square-cash-drawer-integration\/#primaryimage"},"image":{"@id":"https:\/\/apgsolutions.com\/fr\/square-cash-drawer-integration\/#primaryimage"},"thumbnailUrl":"https:\/\/apgsolutions.com\/wp-content\/uploads\/2023\/05\/Square_Inc._logo.svg-300x75-1.png","datePublished":"2025-10-14T05:38:20+00:00","dateModified":"2026-01-27T16:23:19+00:00","description":"Quel type de tiroir-caisse devriez-vous acheter pour travailler avec Square ? Lisez attentivement les options avant d'acheter un tiroir-caisse.","inLanguage":"fr-FR","potentialAction":[{"@type":"ReadAction","target":["https:\/\/apgsolutions.com\/fr\/square-cash-drawer-integration\/"]}]},{"@type":"ImageObject","inLanguage":"fr-FR","@id":"https:\/\/apgsolutions.com\/fr\/square-cash-drawer-integration\/#primaryimage","url":"https:\/\/apgsolutions.com\/wp-content\/uploads\/2023\/05\/Square_Inc._logo.svg-300x75-1.png","contentUrl":"https:\/\/apgsolutions.com\/wp-content\/uploads\/2023\/05\/Square_Inc._logo.svg-300x75-1.png"},{"@type":"WebSite","@id":"https:\/\/apgsolutions.com\/fr\/#website","url":"https:\/\/apgsolutions.com\/fr\/","name":"APG Solutions, LLC","description":"Trust at every point.","publisher":{"@id":"https:\/\/apgsolutions.com\/fr\/#organization"},"potentialAction":[{"@type":"SearchAction","target":{"@type":"EntryPoint","urlTemplate":"https:\/\/apgsolutions.com\/fr\/?s={search_term_string}"},"query-input":{"@type":"PropertyValueSpecification","valueRequired":true,"valueName":"search_term_string"}}],"inLanguage":"fr-FR"},{"@type":"Organization","@id":"https:\/\/apgsolutions.com\/fr\/#organization","name":"APG Solution, LLC","url":"https:\/\/apgsolutions.com\/fr\/","logo":{"@type":"ImageObject","inLanguage":"fr-FR","@id":"https:\/\/apgsolutions.com\/fr\/#\/schema\/logo\/image\/","url":"https:\/\/apgsolutions.com\/wp-content\/uploads\/2023\/12\/logomark-color.svg","contentUrl":"https:\/\/apgsolutions.com\/wp-content\/uploads\/2023\/12\/logomark-color.svg","width":141,"height":138,"caption":"APG Solution, LLC"},"image":{"@id":"https:\/\/apgsolutions.com\/fr\/#\/schema\/logo\/image\/"},"sameAs":["https:\/\/www.facebook.com\/apgglobalsolutions","https:\/\/x.com\/apg_solutions","https:\/\/www.youtube.com\/c\/CashManagementGlobalSolutionsbyapg","https:\/\/www.linkedin.com\/company\/apgglobalsolutions\/","https:\/\/www.instagram.com\/apgglobalsolutions\/","https:\/\/www.pinterest.com\/apgcashdrawer\/"]}]}},"acf":[],"_links":{"self":[{"href":"https:\/\/apgsolutions.com\/fr\/wp-json\/wp\/v2\/pages\/94893","targetHints":{"allow":["GET"]}}],"collection":[{"href":"https:\/\/apgsolutions.com\/fr\/wp-json\/wp\/v2\/pages"}],"about":[{"href":"https:\/\/apgsolutions.com\/fr\/wp-json\/wp\/v2\/types\/page"}],"author":[{"embeddable":true,"href":"https:\/\/apgsolutions.com\/fr\/wp-json\/wp\/v2\/users\/4"}],"replies":[{"embeddable":true,"href":"https:\/\/apgsolutions.com\/fr\/wp-json\/wp\/v2\/comments?post=94893"}],"version-history":[{"count":6,"href":"https:\/\/apgsolutions.com\/fr\/wp-json\/wp\/v2\/pages\/94893\/revisions"}],"predecessor-version":[{"id":103549,"href":"https:\/\/apgsolutions.com\/fr\/wp-json\/wp\/v2\/pages\/94893\/revisions\/103549"}],"wp:attachment":[{"href":"https:\/\/apgsolutions.com\/fr\/wp-json\/wp\/v2\/media?parent=94893"}],"curies":[{"name":"wp","href":"https:\/\/api.w.org\/{rel}","templated":true}]}}