{"id":94905,"date":"2025-10-14T05:41:29","date_gmt":"2025-10-14T05:41:29","guid":{"rendered":"https:\/\/apgsolutions.com\/software-driver-kits\/"},"modified":"2025-10-14T07:16:44","modified_gmt":"2025-10-14T07:16:44","slug":"software-driver-kits","status":"publish","type":"page","link":"https:\/\/apgsolutions.com\/fr\/software-driver-kits\/","title":{"rendered":"Kits de pilotes logiciels"},"content":{"rendered":"<div class=\"section_page-header \">\n    <img decoding=\"async\" class=\"header-image\" src=\"https:\/\/apgsolutions.com\/wp-content\/uploads\/2023\/04\/software-drivers-and-kits-header-1.jpg\" alt=\"software-drivers-and-kits-header-1\" title=\"software-drivers-and-kits-header-1\">\n            <div class=\"header-content\">\n            <h1>Software Driver Kits<\/h1>\n        <\/div>\n    <\/div>\n<h2 class=\"wp-block-heading has-text-align-center has-large-font-size\" id=\"h-gain-access-to-software-drivers-and-kits\">Acc\u00e9der aux pilotes et kits logiciels<\/h2>\n\n<p class=\"has-text-align-center\">Veuillez noter que ce formulaire est r\u00e9serv\u00e9 aux d\u00e9veloppeurs de logiciels (ISV). Si vous \u00eates un d\u00e9taillant ou un utilisateur final, veuillez consulter cette page :   <br\/><strong><a href=\"https:\/\/apgsolutions.com\/fr\/software-development-kits\/\">T\u00e9l\u00e9chargements de pilotes de tiroirs-caisses et de SDK<\/a><\/strong><\/p>\n\n<div style=\"height:2rem\" aria-hidden=\"true\" class=\"wp-block-spacer\"><\/div>\n\n<h2 class=\"wp-block-heading has-text-align-center\">Pour t\u00e9l\u00e9charger les kits de d\u00e9veloppement logiciel (SDK) de l&rsquo;apg, veuillez remplir le formulaire ci-dessous. Vous serez redirig\u00e9 vers une page contenant les instructions de t\u00e9l\u00e9chargement du SDK. <\/h2>\n\n<p><strong>Remarque :<\/strong> apg\u00ae n&rsquo;a pas de pilotes pour interfacer avec les imprimantes de re\u00e7us. apg\u00ae offre une gamme compl\u00e8te d&rsquo;outils logiciels pour les d\u00e9veloppeurs afin de mettre en \u0153uvre les tiroirs-caisses NetPRO, USB et s\u00e9riels. <\/p>\n<p><script charset=\"utf-8\" type=\"text\/javascript\" src=\"\/\/js.hsforms.net\/forms\/embed\/v2.js\"><\/script><br \/>\n<script>\n  hbspt.forms.create({\n    region: \"na1\",\n    portalId: \"3337275\",\n    formId: \"4c7f06f4-d803-417e-a24f-48d49a2108c6\"\n  });\n<\/script><\/p>\n","protected":false},"excerpt":{"rendered":"<p>Acc\u00e9der aux pilotes et kits logiciels Veuillez noter que ce formulaire est r\u00e9serv\u00e9 aux d\u00e9veloppeurs de logiciels (ISV). Si vous \u00eates un d\u00e9taillant ou un utilisateur final, veuillez consulter cette page : T\u00e9l\u00e9chargements de pilotes de tiroirs-caisses et de SDK Pour t\u00e9l\u00e9charger les kits de d\u00e9veloppement logiciel (SDK) de l&rsquo;apg, veuillez remplir le formulaire ci-dessous. [&hellip;]<\/p>\n","protected":false},"author":4,"featured_media":0,"parent":0,"menu_order":0,"comment_status":"closed","ping_status":"closed","template":"","meta":{"_acf_changed":false,"content-type":"","footnotes":""},"class_list":["post-94905","page","type-page","status-publish"],"yoast_head":"<!-- This site is optimized with the Yoast SEO Premium plugin v23.5 (Yoast SEO v27.2) - https:\/\/yoast.com\/product\/yoast-seo-premium-wordpress\/ -->\n<title>Kits de pilotes et outils logiciels - apg Global Solutions<\/title>\n<meta name=\"description\" content=\"apg propose une gamme compl\u00e8te d&#039;outils logiciels permettant aux d\u00e9veloppeurs de mettre en \u0153uvre les tiroirs-caisses NetPRO, BluePRO, USB et s\u00e9rie.\" \/>\n<meta name=\"robots\" content=\"index, follow, max-snippet:-1, max-image-preview:large, max-video-preview:-1\" \/>\n<link rel=\"canonical\" href=\"https:\/\/apgsolutions.com\/fr\/software-driver-kits\/\" \/>\n<meta property=\"og:locale\" content=\"fr_FR\" \/>\n<meta property=\"og:type\" content=\"article\" \/>\n<meta property=\"og:title\" content=\"Kits de pilotes et outils logiciels - apg Global Solutions\" \/>\n<meta property=\"og:description\" content=\"apg propose une gamme compl\u00e8te d&#039;outils logiciels permettant aux d\u00e9veloppeurs de mettre en \u0153uvre les tiroirs-caisses NetPRO, BluePRO, USB et s\u00e9rie.\" \/>\n<meta property=\"og:url\" content=\"https:\/\/apgsolutions.com\/fr\/software-driver-kits\/\" \/>\n<meta property=\"og:site_name\" content=\"apg\u00ae Solutions\" \/>\n<meta property=\"article:publisher\" content=\"https:\/\/www.facebook.com\/apgglobalsolutions\" \/>\n<meta property=\"article:modified_time\" content=\"2025-10-14T07:16:44+00:00\" \/>\n<meta name=\"twitter:card\" content=\"summary_large_image\" \/>\n<meta name=\"twitter:site\" content=\"@apg_solutions\" \/>\n<meta name=\"twitter:label1\" content=\"Dur\u00e9e de lecture estim\u00e9e\" \/>\n\t<meta name=\"twitter:data1\" content=\"1 minute\" \/>\n<script type=\"application\/ld+json\" class=\"yoast-schema-graph\">{\"@context\":\"https:\/\/schema.org\",\"@graph\":[{\"@type\":\"WebPage\",\"@id\":\"https:\/\/apgsolutions.com\/fr\/software-driver-kits\/\",\"url\":\"https:\/\/apgsolutions.com\/fr\/software-driver-kits\/\",\"name\":\"Kits de pilotes et outils logiciels - apg Global Solutions\",\"isPartOf\":{\"@id\":\"https:\/\/apgsolutions.com\/fr\/#website\"},\"datePublished\":\"2025-10-14T05:41:29+00:00\",\"dateModified\":\"2025-10-14T07:16:44+00:00\",\"description\":\"apg propose une gamme compl\u00e8te d'outils logiciels permettant aux d\u00e9veloppeurs de mettre en \u0153uvre les tiroirs-caisses NetPRO, BluePRO, USB et s\u00e9rie.\",\"inLanguage\":\"fr-FR\",\"potentialAction\":[{\"@type\":\"ReadAction\",\"target\":[\"https:\/\/apgsolutions.com\/fr\/software-driver-kits\/\"]}]},{\"@type\":\"WebSite\",\"@id\":\"https:\/\/apgsolutions.com\/fr\/#website\",\"url\":\"https:\/\/apgsolutions.com\/fr\/\",\"name\":\"APG Solutions, LLC\",\"description\":\"Trust at every point.\",\"publisher\":{\"@id\":\"https:\/\/apgsolutions.com\/fr\/#organization\"},\"potentialAction\":[{\"@type\":\"SearchAction\",\"target\":{\"@type\":\"EntryPoint\",\"urlTemplate\":\"https:\/\/apgsolutions.com\/fr\/?s={search_term_string}\"},\"query-input\":{\"@type\":\"PropertyValueSpecification\",\"valueRequired\":true,\"valueName\":\"search_term_string\"}}],\"inLanguage\":\"fr-FR\"},{\"@type\":\"Organization\",\"@id\":\"https:\/\/apgsolutions.com\/fr\/#organization\",\"name\":\"APG Solution, LLC\",\"url\":\"https:\/\/apgsolutions.com\/fr\/\",\"logo\":{\"@type\":\"ImageObject\",\"inLanguage\":\"fr-FR\",\"@id\":\"https:\/\/apgsolutions.com\/fr\/#\/schema\/logo\/image\/\",\"url\":\"https:\/\/apgsolutions.com\/wp-content\/uploads\/2023\/12\/logomark-color.svg\",\"contentUrl\":\"https:\/\/apgsolutions.com\/wp-content\/uploads\/2023\/12\/logomark-color.svg\",\"width\":141,\"height\":138,\"caption\":\"APG Solution, LLC\"},\"image\":{\"@id\":\"https:\/\/apgsolutions.com\/fr\/#\/schema\/logo\/image\/\"},\"sameAs\":[\"https:\/\/www.facebook.com\/apgglobalsolutions\",\"https:\/\/x.com\/apg_solutions\",\"https:\/\/www.youtube.com\/c\/CashManagementGlobalSolutionsbyapg\",\"https:\/\/www.linkedin.com\/company\/apgglobalsolutions\/\",\"https:\/\/www.instagram.com\/apgglobalsolutions\/\",\"https:\/\/www.pinterest.com\/apgcashdrawer\/\"]}]}<\/script>\n<!-- \/ Yoast SEO Premium plugin. -->","yoast_head_json":{"title":"Kits de pilotes et outils logiciels - apg Global Solutions","description":"apg propose une gamme compl\u00e8te d'outils logiciels permettant aux d\u00e9veloppeurs de mettre en \u0153uvre les tiroirs-caisses NetPRO, BluePRO, USB et s\u00e9rie.","robots":{"index":"index","follow":"follow","max-snippet":"max-snippet:-1","max-image-preview":"max-image-preview:large","max-video-preview":"max-video-preview:-1"},"canonical":"https:\/\/apgsolutions.com\/fr\/software-driver-kits\/","og_locale":"fr_FR","og_type":"article","og_title":"Kits de pilotes et outils logiciels - apg Global Solutions","og_description":"apg propose une gamme compl\u00e8te d'outils logiciels permettant aux d\u00e9veloppeurs de mettre en \u0153uvre les tiroirs-caisses NetPRO, BluePRO, USB et s\u00e9rie.","og_url":"https:\/\/apgsolutions.com\/fr\/software-driver-kits\/","og_site_name":"apg\u00ae Solutions","article_publisher":"https:\/\/www.facebook.com\/apgglobalsolutions","article_modified_time":"2025-10-14T07:16:44+00:00","twitter_card":"summary_large_image","twitter_site":"@apg_solutions","twitter_misc":{"Dur\u00e9e de lecture estim\u00e9e":"1 minute"},"schema":{"@context":"https:\/\/schema.org","@graph":[{"@type":"WebPage","@id":"https:\/\/apgsolutions.com\/fr\/software-driver-kits\/","url":"https:\/\/apgsolutions.com\/fr\/software-driver-kits\/","name":"Kits de pilotes et outils logiciels - apg Global Solutions","isPartOf":{"@id":"https:\/\/apgsolutions.com\/fr\/#website"},"datePublished":"2025-10-14T05:41:29+00:00","dateModified":"2025-10-14T07:16:44+00:00","description":"apg propose une gamme compl\u00e8te d'outils logiciels permettant aux d\u00e9veloppeurs de mettre en \u0153uvre les tiroirs-caisses NetPRO, BluePRO, USB et s\u00e9rie.","inLanguage":"fr-FR","potentialAction":[{"@type":"ReadAction","target":["https:\/\/apgsolutions.com\/fr\/software-driver-kits\/"]}]},{"@type":"WebSite","@id":"https:\/\/apgsolutions.com\/fr\/#website","url":"https:\/\/apgsolutions.com\/fr\/","name":"APG Solutions, LLC","description":"Trust at every point.","publisher":{"@id":"https:\/\/apgsolutions.com\/fr\/#organization"},"potentialAction":[{"@type":"SearchAction","target":{"@type":"EntryPoint","urlTemplate":"https:\/\/apgsolutions.com\/fr\/?s={search_term_string}"},"query-input":{"@type":"PropertyValueSpecification","valueRequired":true,"valueName":"search_term_string"}}],"inLanguage":"fr-FR"},{"@type":"Organization","@id":"https:\/\/apgsolutions.com\/fr\/#organization","name":"APG Solution, LLC","url":"https:\/\/apgsolutions.com\/fr\/","logo":{"@type":"ImageObject","inLanguage":"fr-FR","@id":"https:\/\/apgsolutions.com\/fr\/#\/schema\/logo\/image\/","url":"https:\/\/apgsolutions.com\/wp-content\/uploads\/2023\/12\/logomark-color.svg","contentUrl":"https:\/\/apgsolutions.com\/wp-content\/uploads\/2023\/12\/logomark-color.svg","width":141,"height":138,"caption":"APG Solution, LLC"},"image":{"@id":"https:\/\/apgsolutions.com\/fr\/#\/schema\/logo\/image\/"},"sameAs":["https:\/\/www.facebook.com\/apgglobalsolutions","https:\/\/x.com\/apg_solutions","https:\/\/www.youtube.com\/c\/CashManagementGlobalSolutionsbyapg","https:\/\/www.linkedin.com\/company\/apgglobalsolutions\/","https:\/\/www.instagram.com\/apgglobalsolutions\/","https:\/\/www.pinterest.com\/apgcashdrawer\/"]}]}},"acf":[],"_links":{"self":[{"href":"https:\/\/apgsolutions.com\/fr\/wp-json\/wp\/v2\/pages\/94905","targetHints":{"allow":["GET"]}}],"collection":[{"href":"https:\/\/apgsolutions.com\/fr\/wp-json\/wp\/v2\/pages"}],"about":[{"href":"https:\/\/apgsolutions.com\/fr\/wp-json\/wp\/v2\/types\/page"}],"author":[{"embeddable":true,"href":"https:\/\/apgsolutions.com\/fr\/wp-json\/wp\/v2\/users\/4"}],"replies":[{"embeddable":true,"href":"https:\/\/apgsolutions.com\/fr\/wp-json\/wp\/v2\/comments?post=94905"}],"version-history":[{"count":3,"href":"https:\/\/apgsolutions.com\/fr\/wp-json\/wp\/v2\/pages\/94905\/revisions"}],"predecessor-version":[{"id":95001,"href":"https:\/\/apgsolutions.com\/fr\/wp-json\/wp\/v2\/pages\/94905\/revisions\/95001"}],"wp:attachment":[{"href":"https:\/\/apgsolutions.com\/fr\/wp-json\/wp\/v2\/media?parent=94905"}],"curies":[{"name":"wp","href":"https:\/\/api.w.org\/{rel}","templated":true}]}}