{"id":94915,"date":"2025-10-14T05:44:59","date_gmt":"2025-10-14T05:44:59","guid":{"rendered":"https:\/\/apgsolutions.com\/assistance\/faq\/cables\/"},"modified":"2026-01-23T15:25:00","modified_gmt":"2026-01-23T15:25:00","slug":"cables","status":"publish","type":"page","link":"https:\/\/apgsolutions.com\/fr\/assistance\/faq\/cables\/","title":{"rendered":"C\u00e2bles"},"content":{"rendered":"<div class=\"section_page-header \">\n    <img decoding=\"async\" class=\"header-image\" src=\"https:\/\/apgsolutions.com\/wp-content\/uploads\/2023\/04\/business-cards.jpg\" alt=\"business-cards\" title=\"business-cards\">\n            <div class=\"header-content\">\n            <h1>C\u00e2bles<\/h1>\n        <\/div>\n    <\/div>\n<h2 class=\"wp-block-heading has-text-align-center has-x-large-font-size\" id=\"h-cash-drawer-cables-faqs\">C\u00e2bles pour tiroirs-caisses FAQ<\/h2>\n\n<p>Apprenez-en plus sur vos besoins en mati\u00e8re de c\u00e2bles de connexion pour tiroirs-caisses. APG propose des c\u00e2bles pour se connecter \u00e0 une imprimante POS, \u00e0 un port USB, \u00e0 une interface p\u00e9riph\u00e9rique et plus encore. D\u00e9filez ci-dessous pour consulter nos FAQ sur les c\u00e2bles. Si vous avez besoin d&rsquo;une assistance technique suppl\u00e9mentaire, veuillez remplir le formulaire au bas de cette page ou nous contacter sur notre <a href=\"https:\/\/apgsolutions.com\/fr\/assistance\/\">page d&rsquo;assistance.<\/a>   <\/p>\n\n<div class=\"wp-block-columns is-layout-flex wp-container-core-columns-is-layout-9d6595d7 wp-block-columns-is-layout-flex\">\n<div class=\"wp-block-column tile has-link selected is-layout-flow wp-block-column-is-layout-flow\" style=\"flex-basis:20%\"><div class=\"wp-block-image\">\n<figure class=\"aligncenter size-full is-resized\"><img decoding=\"async\" width=\"100\" height=\"100\" src=\"https:\/\/apgsolutions.com\/wp-content\/uploads\/2023\/06\/USB-Interface-Icon_white-1.png\" alt=\"Ic&#xF4;ne d'interface USB\" class=\"wp-image-65801\" style=\"width:60px;height:60px\" srcset=\"https:\/\/apgsolutions.com\/wp-content\/uploads\/2023\/06\/USB-Interface-Icon_white-1.png 100w, https:\/\/apgsolutions.com\/wp-content\/uploads\/2023\/06\/USB-Interface-Icon_white-1-80x80.png 80w, https:\/\/apgsolutions.com\/wp-content\/uploads\/2023\/06\/USB-Interface-Icon_white-1-95x95.png 95w\" sizes=\"(max-width: 100px) 100vw, 100px\" \/><\/figure>\n<\/div>\n\n\n<h3 class=\"wp-block-heading has-text-align-center\" id=\"h-cables\" style=\"font-size:1.125rem\">C\u00e2bles<\/h3>\n\n\n\n<p class=\"has-text-align-center\">Consultez nos FAQ concernant les tiroirs-caisses \u00e0 imprimante d&rsquo;APG.<\/p>\n\n\n\n<p class=\"has-text-align-center cover-link\"><a href=\"https:\/\/apgsolutions.com\/fr\/assistance\/faq\/cables\/\">Lien<\/a><\/p>\n<\/div>\n\n\n\n<div class=\"wp-block-column tile has-link is-layout-flow wp-block-column-is-layout-flow\" style=\"flex-basis:20%\"><div class=\"wp-block-image\">\n<figure class=\"aligncenter size-full\"><img decoding=\"async\" width=\"63\" height=\"60\" src=\"https:\/\/apgsolutions.com\/wp-content\/uploads\/2023\/06\/Archive_white.png\" alt=\"Ic&#xF4;ne d'archive\" class=\"wp-image-65817\" srcset=\"https:\/\/apgsolutions.com\/wp-content\/uploads\/2023\/06\/Archive_white.png 63w, https:\/\/apgsolutions.com\/wp-content\/uploads\/2023\/06\/Archive_white-61x58.png 61w\" sizes=\"(max-width: 63px) 100vw, 63px\" \/><\/figure>\n<\/div>\n\n\n<h3 class=\"wp-block-heading has-text-align-center\" id=\"h-interface-drivers\" style=\"font-size:1.125rem\">Interface + pilotes<\/h3>\n\n\n\n<p class=\"has-text-align-center\">Cliquez ici pour consulter les questions relatives aux interfaces et aux pilotes<\/p>\n\n\n\n<p class=\"has-text-align-center cover-link\"><a href=\"https:\/\/apgsolutions.com\/fr\/assistance\/faq\/pilotes\/\">Lien<\/a><\/p>\n<\/div>\n\n\n\n<div class=\"wp-block-column tile has-link is-layout-flow wp-block-column-is-layout-flow\" style=\"flex-basis:20%\"><div class=\"wp-block-image\">\n<figure class=\"aligncenter size-full is-resized\"><img decoding=\"async\" width=\"68\" height=\"67\" src=\"https:\/\/apgsolutions.com\/wp-content\/uploads\/2023\/06\/KeysandLocks.png\" alt=\"Ic&#xF4;ne des cl&#xE9;s et serrures\" class=\"wp-image-65822\" style=\"width:61px;height:60px\"\/><\/figure>\n<\/div>\n\n\n<h3 class=\"wp-block-heading has-text-align-center\" id=\"h-keys-and-locks\" style=\"font-size:1.125rem\">Cl\u00e9s et serrures<\/h3>\n\n\n\n<p class=\"has-text-align-center\">Cliquez ici pour consulter les questions relatives aux cl\u00e9s et serrures de tiroirs-caisses<\/p>\n\n\n\n<p class=\"has-text-align-center cover-link\"><a href=\"https:\/\/apgsolutions.com\/fr\/assistance\/faq\/keys-and-locks\/\">Lien<\/a><\/p>\n<\/div>\n\n\n\n<div class=\"wp-block-column tile has-link is-layout-flow wp-block-column-is-layout-flow\" style=\"flex-basis:20%\"><div class=\"wp-block-image\">\n<figure class=\"aligncenter size-full is-resized\"><img loading=\"lazy\" decoding=\"async\" width=\"65\" height=\"65\" src=\"https:\/\/apgsolutions.com\/wp-content\/uploads\/2023\/06\/Operations_White.png\" alt=\"Ic&#xF4;ne des op&#xE9;rations\" class=\"wp-image-65827\" style=\"width:60px;height:60px\"\/><\/figure>\n<\/div>\n\n\n<h3 class=\"wp-block-heading has-text-align-center\" id=\"h-operating-maintenance\" style=\"font-size:1.125rem\">Caract\u00e9ristiques m\u00e9caniques<\/h3>\n\n\n\n<p class=\"has-text-align-center\">Cliquez ici pour consulter les questions fr\u00e9quemment pos\u00e9es concernant la maintenance des tiroirs-caisses et les ressources op\u00e9rationnelles.<\/p>\n\n\n\n<p class=\"has-text-align-center cover-link\"><a href=\"https:\/\/apgsolutions.com\/fr\/assistance\/faq\/caracteristiques-mecaniques\/\">Lien<\/a><\/p>\n<\/div>\n\n\n\n<div class=\"wp-block-column tile has-link is-layout-flow wp-block-column-is-layout-flow\" style=\"flex-basis:20%\"><div class=\"wp-block-image\">\n<figure class=\"aligncenter size-full is-resized\"><img loading=\"lazy\" decoding=\"async\" width=\"65\" height=\"61\" src=\"https:\/\/apgsolutions.com\/wp-content\/uploads\/2023\/06\/repair-tools_white.png\" alt=\"ic&#xF4;ne de l'outil de r&#xE9;paration\" class=\"wp-image-65832\" style=\"width:64px;height:60px\" srcset=\"https:\/\/apgsolutions.com\/wp-content\/uploads\/2023\/06\/repair-tools_white.png 65w, https:\/\/apgsolutions.com\/wp-content\/uploads\/2023\/06\/repair-tools_white-61x58.png 61w\" sizes=\"(max-width: 65px) 100vw, 65px\" \/><\/figure>\n<\/div>\n\n\n<h3 class=\"wp-block-heading has-text-align-center\" id=\"h-warranty-repairs\" style=\"font-size:1.125rem\">R\u00e9parations<\/h3>\n\n\n\n<p class=\"has-text-align-center\">Cliquez ici pour consulter les questions relatives aux r\u00e9parations<\/p>\n\n\n\n<p class=\"has-text-align-center cover-link\"><a href=\"https:\/\/apgsolutions.com\/fr\/assistance\/faq\/reparations\/\">Lien<\/a><\/p>\n<\/div>\n<\/div>\n\n<h2 class=\"wp-block-heading has-text-align-center\" id=\"h-what-cable-do-i-need-i-have-no-cable\">De quel c\u00e2ble ai-je besoin ? Je n&rsquo;ai pas de c\u00e2ble. <\/h2>\n\n<p>La r\u00e9f\u00e9rence du c\u00e2ble du tiroir-caisse MutliPRO\u00ae 320\/420\/520 d\u00e9pend de l&rsquo;imprimante\/terminal auquel il se connecte. Reportez-vous \u00e0 notre <a href=\"https:\/\/apgsolutions.com\/wp-content\/uploads\/2023\/06\/M-43-031_revAT-PDF.pdf\" target=\"_blank\" rel=\"noreferrer noopener\">Guide de connectivit\u00e9<\/a> pour savoir quel c\u00e2ble acheter. Les c\u00e2bles peuvent \u00eatre achet\u00e9s aupr\u00e8s des revendeurs POS ou dans notre <a href=\"\/store\/\">boutique en ligne<\/a>. Veuillez noter les mises \u00e0 jour de c\u00e2bles suivantes : &#8211; Les c\u00e2bles CD-005A et CD-014A ont \u00e9t\u00e9 remplac\u00e9s par le <a href=\"https:\/\/apgsolutions.com\/store\/cd-101a-printer-cable\/\">c\u00e2ble CD-101A<\/a> &#8211; Les c\u00e2bles CD-005B et CD-014B ont \u00e9t\u00e9 remplac\u00e9s par le <a href=\"https:\/\/apgsolutions.com\/fr\/store\/cd-101b\/\">c\u00e2ble CD-101B<\/a> &#8211; Le c\u00e2ble CD-001A a \u00e9t\u00e9 remplac\u00e9 par le <a href=\"https:\/\/apgsolutions.com\/fr\/store\/cd-102a\/\">c\u00e2ble CD-102A<\/a> &#8211; Le c\u00e2ble CD-001B a \u00e9t\u00e9 remplac\u00e9 par le <a href=\"https:\/\/apgsolutions.com\/fr\/store\/cd-102b\/\">c\u00e2ble CD-102B<\/a> &#8211; Les c\u00e2bles CD-005A10 et CD-014A10 ont \u00e9t\u00e9 remplac\u00e9s par le <a href=\"https:\/\/apgsolutions.com\/store\/cd-101a-10\/\">c\u00e2ble CD-101A-10<\/a>.   <\/p>\n\n<figure class=\"wp-block-image size-full\"><img loading=\"lazy\" decoding=\"async\" width=\"300\" height=\"300\" src=\"https:\/\/apgsolutions.com\/wp-content\/uploads\/2023\/06\/cable-comparison-3-300x300-1.jpg\" alt=\"comparaison des c&#xE2;bles\" class=\"wp-image-65847\" srcset=\"https:\/\/apgsolutions.com\/wp-content\/uploads\/2023\/06\/cable-comparison-3-300x300-1.jpg 300w, https:\/\/apgsolutions.com\/wp-content\/uploads\/2023\/06\/cable-comparison-3-300x300-1-150x150.jpg 150w, https:\/\/apgsolutions.com\/wp-content\/uploads\/2023\/06\/cable-comparison-3-300x300-1-80x80.jpg 80w, https:\/\/apgsolutions.com\/wp-content\/uploads\/2023\/06\/cable-comparison-3-300x300-1-160x160.jpg 160w, https:\/\/apgsolutions.com\/wp-content\/uploads\/2023\/06\/cable-comparison-3-300x300-1-95x95.jpg 95w, https:\/\/apgsolutions.com\/wp-content\/uploads\/2023\/06\/cable-comparison-3-300x300-1-100x100.jpg 100w\" sizes=\"(max-width: 300px) 100vw, 300px\" \/><\/figure>\n\n<p>Un c\u00e2ble apg utilise un fil robuste de gros calibre, avec notre nom sur une \u00e9tiquette blanche. Le c\u00e2ble contrefait utilise un fil de calibre plus fin qui se casse facilement, avec une longue \u00e9tiquette argent\u00e9e ou pas d&rsquo;\u00e9tiquette du tout. Veuillez prendre les bonnes d\u00e9cisions d&rsquo;achat afin d&rsquo;\u00e9viter des complications et des dysfonctionnements ult\u00e9rieurs. Les c\u00e2bles apg peuvent \u00eatre achet\u00e9s dans notre <a href=\"\/store\/\">magasin en ligne<\/a>.   <\/p>\n\n<h2 class=\"wp-block-heading has-text-align-center\" id=\"h-what-cables-are-required-for-my-cash-drawer\">Quels sont les c\u00e2bles n\u00e9cessaires pour mon tiroir-caisse ?<\/h2>\n\n<p>Le c\u00e2blage n\u00e9cessaire d\u00e9pend du tiroir-caisse que vous avez achet\u00e9 et de la fa\u00e7on dont vous souhaitez configurer votre syst\u00e8me POS. Vous pouvez avoir besoin d&rsquo;un r\u00e9partiteur de c\u00e2bles, d&rsquo;une cha\u00eene en guirlande, de plusieurs c\u00e2bles pour plusieurs configurations de tiroirs. Veuillez consulter notre <a href=\"https:\/\/apgsolutions.com\/wp-content\/uploads\/2023\/06\/M-43-031_revAT-PDF.pdf\" target=\"_blank\" rel=\"noreferrer noopener\">Guide de connectivit\u00e9 POS<\/a> pour en savoir plus sur le type de c\u00e2ble dont vous avez besoin pour configurer votre tiroir-caisse.  <\/p>\n\n<h2 class=\"wp-block-heading has-text-align-center\" id=\"h-why-is-there-no-cable-included-with-my-multipro-320-cash-drawer\">Pourquoi aucun c\u00e2ble n&rsquo;est-il fourni avec mon MultiPRO\u00ae 320\/tiroir de caisse ?<\/h2>\n\n<p>Les c\u00e2bles MultiPRO\u00ae sont vendus s\u00e9par\u00e9ment. Le c\u00e2ble appropri\u00e9 d\u00e9pend de la marque et du mod\u00e8le de votre imprimante de re\u00e7us. Nous disposons de divers c\u00e2bles pr\u00eats \u00e0 l&#8217;emploi. Consultez le <a href=\"https:\/\/apgsolutions.com\/wp-content\/uploads\/2023\/06\/M-43-031_revAT-PDF.pdf\" target=\"_blank\" rel=\"noreferrer noopener\">Guide de connectivit\u00e9<\/a> et d\u00e9couvrez <a href=\"https:\/\/apgsolutions.com\/fr\/connecting-cash-drawer-printer\/\">comment connecter un tiroir-caisse \u00e0 une imprimante<\/a>.<\/p>\n\n<h2 class=\"wp-block-heading has-text-align-center\" id=\"h-how-to-connect-a-cash-drawer-to-a-pos-receipt-printer\">Comment connecter un tiroir-caisse \u00e0 une imprimante de re\u00e7us POS<\/h2>\n\n<p>Vous voulez savoir comment connecter un tiroir-caisse \u00e0 une imprimante de re\u00e7us POS ? Consultez les instructions et regardez la vid\u00e9o ci-dessous pour obtenir de l&rsquo;aide ! Vous avez achet\u00e9 le tiroir-caisse 24 volts dc pilot\u00e9 par une imprimante. Cette vid\u00e9o vous aidera \u00e0 vous procurer le c\u00e2ble et vous donnera des conseils de d\u00e9pannage concernant l&rsquo;ouverture \u00e9lectronique du tiroir-caisse \u00e0 partir de votre imprimante de re\u00e7us POS. Le num\u00e9ro de r\u00e9f\u00e9rence du c\u00e2ble APG requis d\u00e9pend de la marque et du mod\u00e8le de votre imprimante de re\u00e7us. Le num\u00e9ro de r\u00e9f\u00e9rence pr\u00e9cis de votre c\u00e2ble APG est indiqu\u00e9 dans notre <a href=\"https:\/\/apgsolutions.com\/wp-content\/uploads\/2023\/06\/M-43-031_revAT-PDF.pdf\">guide de connectivit\u00e9<\/a>. La r\u00e9f\u00e9rence de votre c\u00e2ble se trouve dans la troisi\u00e8me colonne. Par exemple, si vous avez une imprimante de re\u00e7us de la s\u00e9rie TM d&rsquo;Epson, vous avez besoin du c\u00e2ble CD-101A. Ce c\u00e2ble est disponible aupr\u00e8s des revendeurs POS et facilement trouvable en ligne. Dans votre navigateur, recherchez CD-101A pour afficher vos options d&rsquo;achat. Fixez la plus petite extr\u00e9mit\u00e9 du c\u00e2ble au port du tiroir de votre imprimante. Ensuite, v\u00e9rifiez que la plus grande extr\u00e9mit\u00e9 du c\u00e2ble est install\u00e9e dans le port RJ 45 du tiroir-caisse, situ\u00e9 au bas du tiroir. Maintenant que la connexion est termin\u00e9e, quelques conditions doivent \u00eatre remplies. Assurez-vous que votre <a href=\"https:\/\/apgsolutions.com\/fr\/\">tiroir-caisse<\/a> est m\u00e9caniquement en bon \u00e9tat. Utilisez la cl\u00e9 pour ouvrir et fermer le tiroir en douceur, avec le clic de fermeture du loquet. V\u00e9rifiez que la serrure est en position verticale, de 12 \u00e0 6 heures, c&rsquo;est-\u00e0-dire en ligne \u00e9lectriquement. Votre imprimante de re\u00e7us doit \u00eatre op\u00e9rationnelle et sans erreur, sinon elle ne pourra pas ouvrir le tiroir \u00e9lectroniquement. Enfin, votre logiciel de point de vente doit communiquer \u00e0 l&rsquo;imprimante qu&rsquo;il y a un tiroir-caisse, alors assurez-vous que votre tiroir-caisse est activ\u00e9 dans votre logiciel de point de vente. Pour ce faire, vous devrez peut-\u00eatre demander l&rsquo;aide de votre fournisseur de logiciel de point de vente. Pour plus d&rsquo;informations, <a href=\"https:\/\/apgsolutions.com\/fr\/connecting-cash-drawer-printer\/\">cliquez ici<\/a>.                   <\/p>\n\n<figure class=\"wp-block-embed aligncenter is-type-video is-provider-youtube wp-block-embed-youtube wp-embed-aspect-16-9 wp-has-aspect-ratio\"><div class=\"wp-block-embed__wrapper\">\n<iframe title=\"How to Connect a Cash Drawer to a POS Receipt Printer - Connecting your Cash Register\" width=\"500\" height=\"281\" src=\"https:\/\/www.youtube.com\/embed\/AMzGxOqm3GA?feature=oembed\" frameborder=\"0\" allow=\"accelerometer; autoplay; clipboard-write; encrypted-media; gyroscope; picture-in-picture; web-share\" referrerpolicy=\"strict-origin-when-cross-origin\" allowfullscreen><\/iframe>\n<\/div><\/figure>\n\n<h2 class=\"wp-block-heading has-text-align-center\" id=\"h-contact-us-for-cash-drawer-technical-support\">Contactez-nous pour une assistance technique sur les tiroirs-caisses<\/h2>\n<p><script charset=\"utf-8\" type=\"text\/javascript\" src=\"\/\/js.hsforms.net\/forms\/embed\/v2.js\"><\/script><br \/>\n<script>\n  hbspt.forms.create({\n    region: \"na1\",\n    portalId: \"3337275\",\n    formId: \"3a628e92-d1cb-47d1-aee7-a34c02043524\"\n  });\n<\/script><\/p>\n","protected":false},"excerpt":{"rendered":"<p>C\u00e2bles pour tiroirs-caisses FAQ Apprenez-en plus sur vos besoins en mati\u00e8re de c\u00e2bles de connexion pour tiroirs-caisses. APG propose des c\u00e2bles pour se connecter \u00e0 une imprimante POS, \u00e0 un port USB, \u00e0 une interface p\u00e9riph\u00e9rique et plus encore. D\u00e9filez ci-dessous pour consulter nos FAQ sur les c\u00e2bles. Si vous avez besoin d&rsquo;une assistance technique [&hellip;]<\/p>\n","protected":false},"author":4,"featured_media":0,"parent":61787,"menu_order":0,"comment_status":"closed","ping_status":"closed","template":"","meta":{"_acf_changed":false,"content-type":"","footnotes":""},"class_list":["post-94915","page","type-page","status-publish"],"yoast_head":"<!-- This site is optimized with the Yoast SEO Premium plugin v23.5 (Yoast SEO v27.2) - https:\/\/yoast.com\/product\/yoast-seo-premium-wordpress\/ -->\n<title>C\u00e2bles<\/title>\n<meta name=\"description\" content=\"Trouvez les r\u00e9ponses aux questions les plus courantes sur les c\u00e2bles de tiroirs-caisses, y compris la s\u00e9lection, la connexion et la compatibilit\u00e9 avec les syst\u00e8mes POS.\" \/>\n<meta name=\"robots\" content=\"index, follow, max-snippet:-1, max-image-preview:large, max-video-preview:-1\" \/>\n<link rel=\"canonical\" href=\"https:\/\/apgsolutions.com\/fr\/assistance\/faq\/cables\/\" \/>\n<meta property=\"og:locale\" content=\"fr_FR\" \/>\n<meta property=\"og:type\" content=\"article\" \/>\n<meta property=\"og:title\" content=\"C\u00e2bles\" \/>\n<meta property=\"og:description\" content=\"Trouvez les r\u00e9ponses aux questions les plus courantes sur les c\u00e2bles de tiroirs-caisses, y compris la s\u00e9lection, la connexion et la compatibilit\u00e9 avec les syst\u00e8mes POS.\" \/>\n<meta property=\"og:url\" content=\"https:\/\/apgsolutions.com\/fr\/assistance\/faq\/cables\/\" \/>\n<meta property=\"og:site_name\" content=\"apg\u00ae Solutions\" \/>\n<meta property=\"article:publisher\" content=\"https:\/\/www.facebook.com\/apgglobalsolutions\" \/>\n<meta property=\"article:modified_time\" content=\"2026-01-23T15:25:00+00:00\" \/>\n<meta property=\"og:image\" content=\"https:\/\/apgsolutions.com\/wp-content\/uploads\/2023\/06\/USB-Interface-Icon_white-1.png\" \/>\n<meta name=\"twitter:card\" content=\"summary_large_image\" \/>\n<meta name=\"twitter:site\" content=\"@apg_solutions\" \/>\n<meta name=\"twitter:label1\" content=\"Dur\u00e9e de lecture estim\u00e9e\" \/>\n\t<meta name=\"twitter:data1\" content=\"5 minutes\" \/>\n<script type=\"application\/ld+json\" class=\"yoast-schema-graph\">{\"@context\":\"https:\/\/schema.org\",\"@graph\":[{\"@type\":\"WebPage\",\"@id\":\"https:\/\/apgsolutions.com\/fr\/assistance\/faq\/cables\/\",\"url\":\"https:\/\/apgsolutions.com\/fr\/assistance\/faq\/cables\/\",\"name\":\"C\u00e2bles\",\"isPartOf\":{\"@id\":\"https:\/\/apgsolutions.com\/fr\/#website\"},\"primaryImageOfPage\":{\"@id\":\"https:\/\/apgsolutions.com\/fr\/assistance\/faq\/cables\/#primaryimage\"},\"image\":{\"@id\":\"https:\/\/apgsolutions.com\/fr\/assistance\/faq\/cables\/#primaryimage\"},\"thumbnailUrl\":\"https:\/\/apgsolutions.com\/wp-content\/uploads\/2023\/06\/USB-Interface-Icon_white-1.png\",\"datePublished\":\"2025-10-14T05:44:59+00:00\",\"dateModified\":\"2026-01-23T15:25:00+00:00\",\"description\":\"Trouvez les r\u00e9ponses aux questions les plus courantes sur les c\u00e2bles de tiroirs-caisses, y compris la s\u00e9lection, la connexion et la compatibilit\u00e9 avec les syst\u00e8mes POS.\",\"breadcrumb\":{\"@id\":\"https:\/\/apgsolutions.com\/fr\/assistance\/faq\/cables\/#breadcrumb\"},\"inLanguage\":\"fr-FR\",\"potentialAction\":[{\"@type\":\"ReadAction\",\"target\":[\"https:\/\/apgsolutions.com\/fr\/assistance\/faq\/cables\/\"]}]},{\"@type\":\"ImageObject\",\"inLanguage\":\"fr-FR\",\"@id\":\"https:\/\/apgsolutions.com\/fr\/assistance\/faq\/cables\/#primaryimage\",\"url\":\"https:\/\/apgsolutions.com\/wp-content\/uploads\/2023\/06\/USB-Interface-Icon_white-1.png\",\"contentUrl\":\"https:\/\/apgsolutions.com\/wp-content\/uploads\/2023\/06\/USB-Interface-Icon_white-1.png\"},{\"@type\":\"BreadcrumbList\",\"@id\":\"https:\/\/apgsolutions.com\/fr\/assistance\/faq\/cables\/#breadcrumb\",\"itemListElement\":[{\"@type\":\"ListItem\",\"position\":1,\"name\":\"Assistance\",\"item\":\"https:\/\/apgsolutions.com\/fr\/assistance\/\"},{\"@type\":\"ListItem\",\"position\":2,\"name\":\"Foire aux questions\",\"item\":\"https:\/\/apgsolutions.com\/fr\/assistance\/faq\/\"},{\"@type\":\"ListItem\",\"position\":3,\"name\":\"C\u00e2bles\"}]},{\"@type\":\"WebSite\",\"@id\":\"https:\/\/apgsolutions.com\/fr\/#website\",\"url\":\"https:\/\/apgsolutions.com\/fr\/\",\"name\":\"APG Solutions, LLC\",\"description\":\"Trust at every point.\",\"publisher\":{\"@id\":\"https:\/\/apgsolutions.com\/fr\/#organization\"},\"potentialAction\":[{\"@type\":\"SearchAction\",\"target\":{\"@type\":\"EntryPoint\",\"urlTemplate\":\"https:\/\/apgsolutions.com\/fr\/?s={search_term_string}\"},\"query-input\":{\"@type\":\"PropertyValueSpecification\",\"valueRequired\":true,\"valueName\":\"search_term_string\"}}],\"inLanguage\":\"fr-FR\"},{\"@type\":\"Organization\",\"@id\":\"https:\/\/apgsolutions.com\/fr\/#organization\",\"name\":\"APG Solution, LLC\",\"url\":\"https:\/\/apgsolutions.com\/fr\/\",\"logo\":{\"@type\":\"ImageObject\",\"inLanguage\":\"fr-FR\",\"@id\":\"https:\/\/apgsolutions.com\/fr\/#\/schema\/logo\/image\/\",\"url\":\"https:\/\/apgsolutions.com\/wp-content\/uploads\/2023\/12\/logomark-color.svg\",\"contentUrl\":\"https:\/\/apgsolutions.com\/wp-content\/uploads\/2023\/12\/logomark-color.svg\",\"width\":141,\"height\":138,\"caption\":\"APG Solution, LLC\"},\"image\":{\"@id\":\"https:\/\/apgsolutions.com\/fr\/#\/schema\/logo\/image\/\"},\"sameAs\":[\"https:\/\/www.facebook.com\/apgglobalsolutions\",\"https:\/\/x.com\/apg_solutions\",\"https:\/\/www.youtube.com\/c\/CashManagementGlobalSolutionsbyapg\",\"https:\/\/www.linkedin.com\/company\/apgglobalsolutions\/\",\"https:\/\/www.instagram.com\/apgglobalsolutions\/\",\"https:\/\/www.pinterest.com\/apgcashdrawer\/\"]}]}<\/script>\n<!-- \/ Yoast SEO Premium plugin. -->","yoast_head_json":{"title":"C\u00e2bles","description":"Trouvez les r\u00e9ponses aux questions les plus courantes sur les c\u00e2bles de tiroirs-caisses, y compris la s\u00e9lection, la connexion et la compatibilit\u00e9 avec les syst\u00e8mes POS.","robots":{"index":"index","follow":"follow","max-snippet":"max-snippet:-1","max-image-preview":"max-image-preview:large","max-video-preview":"max-video-preview:-1"},"canonical":"https:\/\/apgsolutions.com\/fr\/assistance\/faq\/cables\/","og_locale":"fr_FR","og_type":"article","og_title":"C\u00e2bles","og_description":"Trouvez les r\u00e9ponses aux questions les plus courantes sur les c\u00e2bles de tiroirs-caisses, y compris la s\u00e9lection, la connexion et la compatibilit\u00e9 avec les syst\u00e8mes POS.","og_url":"https:\/\/apgsolutions.com\/fr\/assistance\/faq\/cables\/","og_site_name":"apg\u00ae Solutions","article_publisher":"https:\/\/www.facebook.com\/apgglobalsolutions","article_modified_time":"2026-01-23T15:25:00+00:00","og_image":[{"url":"https:\/\/apgsolutions.com\/wp-content\/uploads\/2023\/06\/USB-Interface-Icon_white-1.png","type":"","width":"","height":""}],"twitter_card":"summary_large_image","twitter_site":"@apg_solutions","twitter_misc":{"Dur\u00e9e de lecture estim\u00e9e":"5 minutes"},"schema":{"@context":"https:\/\/schema.org","@graph":[{"@type":"WebPage","@id":"https:\/\/apgsolutions.com\/fr\/assistance\/faq\/cables\/","url":"https:\/\/apgsolutions.com\/fr\/assistance\/faq\/cables\/","name":"C\u00e2bles","isPartOf":{"@id":"https:\/\/apgsolutions.com\/fr\/#website"},"primaryImageOfPage":{"@id":"https:\/\/apgsolutions.com\/fr\/assistance\/faq\/cables\/#primaryimage"},"image":{"@id":"https:\/\/apgsolutions.com\/fr\/assistance\/faq\/cables\/#primaryimage"},"thumbnailUrl":"https:\/\/apgsolutions.com\/wp-content\/uploads\/2023\/06\/USB-Interface-Icon_white-1.png","datePublished":"2025-10-14T05:44:59+00:00","dateModified":"2026-01-23T15:25:00+00:00","description":"Trouvez les r\u00e9ponses aux questions les plus courantes sur les c\u00e2bles de tiroirs-caisses, y compris la s\u00e9lection, la connexion et la compatibilit\u00e9 avec les syst\u00e8mes POS.","breadcrumb":{"@id":"https:\/\/apgsolutions.com\/fr\/assistance\/faq\/cables\/#breadcrumb"},"inLanguage":"fr-FR","potentialAction":[{"@type":"ReadAction","target":["https:\/\/apgsolutions.com\/fr\/assistance\/faq\/cables\/"]}]},{"@type":"ImageObject","inLanguage":"fr-FR","@id":"https:\/\/apgsolutions.com\/fr\/assistance\/faq\/cables\/#primaryimage","url":"https:\/\/apgsolutions.com\/wp-content\/uploads\/2023\/06\/USB-Interface-Icon_white-1.png","contentUrl":"https:\/\/apgsolutions.com\/wp-content\/uploads\/2023\/06\/USB-Interface-Icon_white-1.png"},{"@type":"BreadcrumbList","@id":"https:\/\/apgsolutions.com\/fr\/assistance\/faq\/cables\/#breadcrumb","itemListElement":[{"@type":"ListItem","position":1,"name":"Assistance","item":"https:\/\/apgsolutions.com\/fr\/assistance\/"},{"@type":"ListItem","position":2,"name":"Foire aux questions","item":"https:\/\/apgsolutions.com\/fr\/assistance\/faq\/"},{"@type":"ListItem","position":3,"name":"C\u00e2bles"}]},{"@type":"WebSite","@id":"https:\/\/apgsolutions.com\/fr\/#website","url":"https:\/\/apgsolutions.com\/fr\/","name":"APG Solutions, LLC","description":"Trust at every point.","publisher":{"@id":"https:\/\/apgsolutions.com\/fr\/#organization"},"potentialAction":[{"@type":"SearchAction","target":{"@type":"EntryPoint","urlTemplate":"https:\/\/apgsolutions.com\/fr\/?s={search_term_string}"},"query-input":{"@type":"PropertyValueSpecification","valueRequired":true,"valueName":"search_term_string"}}],"inLanguage":"fr-FR"},{"@type":"Organization","@id":"https:\/\/apgsolutions.com\/fr\/#organization","name":"APG Solution, LLC","url":"https:\/\/apgsolutions.com\/fr\/","logo":{"@type":"ImageObject","inLanguage":"fr-FR","@id":"https:\/\/apgsolutions.com\/fr\/#\/schema\/logo\/image\/","url":"https:\/\/apgsolutions.com\/wp-content\/uploads\/2023\/12\/logomark-color.svg","contentUrl":"https:\/\/apgsolutions.com\/wp-content\/uploads\/2023\/12\/logomark-color.svg","width":141,"height":138,"caption":"APG Solution, LLC"},"image":{"@id":"https:\/\/apgsolutions.com\/fr\/#\/schema\/logo\/image\/"},"sameAs":["https:\/\/www.facebook.com\/apgglobalsolutions","https:\/\/x.com\/apg_solutions","https:\/\/www.youtube.com\/c\/CashManagementGlobalSolutionsbyapg","https:\/\/www.linkedin.com\/company\/apgglobalsolutions\/","https:\/\/www.instagram.com\/apgglobalsolutions\/","https:\/\/www.pinterest.com\/apgcashdrawer\/"]}]}},"acf":[],"_links":{"self":[{"href":"https:\/\/apgsolutions.com\/fr\/wp-json\/wp\/v2\/pages\/94915","targetHints":{"allow":["GET"]}}],"collection":[{"href":"https:\/\/apgsolutions.com\/fr\/wp-json\/wp\/v2\/pages"}],"about":[{"href":"https:\/\/apgsolutions.com\/fr\/wp-json\/wp\/v2\/types\/page"}],"author":[{"embeddable":true,"href":"https:\/\/apgsolutions.com\/fr\/wp-json\/wp\/v2\/users\/4"}],"replies":[{"embeddable":true,"href":"https:\/\/apgsolutions.com\/fr\/wp-json\/wp\/v2\/comments?post=94915"}],"version-history":[{"count":10,"href":"https:\/\/apgsolutions.com\/fr\/wp-json\/wp\/v2\/pages\/94915\/revisions"}],"predecessor-version":[{"id":100831,"href":"https:\/\/apgsolutions.com\/fr\/wp-json\/wp\/v2\/pages\/94915\/revisions\/100831"}],"up":[{"embeddable":true,"href":"https:\/\/apgsolutions.com\/fr\/wp-json\/wp\/v2\/pages\/61787"}],"wp:attachment":[{"href":"https:\/\/apgsolutions.com\/fr\/wp-json\/wp\/v2\/media?parent=94915"}],"curies":[{"name":"wp","href":"https:\/\/api.w.org\/{rel}","templated":true}]}}