{"id":95050,"date":"2025-10-14T09:06:33","date_gmt":"2025-10-14T09:06:33","guid":{"rendered":"https:\/\/apgsolutions.com\/hp-partners\/"},"modified":"2026-01-22T14:42:20","modified_gmt":"2026-01-22T14:42:20","slug":"hp-partners","status":"publish","type":"page","link":"https:\/\/apgsolutions.com\/fr\/hp-partners\/","title":{"rendered":"Partenaires HP"},"content":{"rendered":"<div class=\"section_page-header \">\n    <img decoding=\"async\" class=\"header-image\" src=\"https:\/\/apgsolutions.com\/wp-content\/uploads\/2023\/04\/dark-blue-rotated.jpg\" alt=\"dark-blue\" title=\"dark-blue\">\n            <div class=\"header-content\">\n            <h1>HP Product Exchange Form<\/h1>\n        <\/div>\n    <\/div>\n<h2 class=\"wp-block-heading has-text-align-center\" id=\"h-please-complete-and-submit-the-information-below-and-apg-will-review-your-products-to-see-if-they-meet-the-requirements-for-this-exchange\">Veuillez compl\u00e9ter et soumettre les informations ci-dessous et APG examinera vos produits pour voir s&rsquo;ils r\u00e9pondent aux exigences de cet \u00e9change.<\/h2>\n\n<h3 class=\"wp-block-heading has-text-align-left\"><strong>Veuillez saisir les donn\u00e9es suivantes afin que nous puissions activer le processus de traitement des d\u00e9chets pour vous.<\/strong><\/h3>\n\n<p class=\"has-text-align-left\">Il vous sera demand\u00e9 ci-dessous de fournir le num\u00e9ro de pi\u00e8ce et le num\u00e9ro de s\u00e9rie de votre tiroir-caisse. Reportez-vous \u00e0 l&rsquo;exemple d&rsquo;\u00e9tiquette ci-dessous, qui indique l&#8217;emplacement g\u00e9n\u00e9ral o\u00f9 trouver ces informations. Les num\u00e9ros de pi\u00e8ces se trouvent g\u00e9n\u00e9ralement dans la case surlign\u00e9e en vert et votre num\u00e9ro de s\u00e9rie se trouve sur l&rsquo;\u00e9tiquette dans la case surlign\u00e9e en jaune.  <\/p>\n<div class=\"wp-block-image\">\n<figure class=\"aligncenter size-full\"><img fetchpriority=\"high\" decoding=\"async\" width=\"474\" height=\"711\" src=\"https:\/\/apgsolutions.com\/wp-content\/uploads\/2023\/04\/serial-number-example.jpg\" alt=\"exemple de num&#xE9;ro de s&#xE9;rie\" class=\"wp-image-1487\" srcset=\"https:\/\/apgsolutions.com\/wp-content\/uploads\/2023\/04\/serial-number-example.jpg 474w, https:\/\/apgsolutions.com\/wp-content\/uploads\/2023\/04\/serial-number-example-200x300.jpg 200w\" sizes=\"(max-width: 474px) 100vw, 474px\" \/><\/figure>\n<\/div><p><script charset=\"utf-8\" type=\"text\/javascript\" src=\"\/\/js.hsforms.net\/forms\/embed\/v2.js\"><\/script><br \/>\n<script>\n  hbspt.forms.create({\n    region: \"na1\",\n    portalId: \"3337275\",\n    formId: \"45e03d15-1b29-415f-90a0-01f72d58239b\"\n  });\n<\/script><\/p>\n\n<p class=\"has-text-align-left\">Si votre produit est \u00e9ligible au programme d&rsquo;\u00e9change, la SGA vous enverra les instructions d&rsquo;exp\u00e9dition pour acheminer vos tiroirs-caisses vers le site Safe Waste Disposal. Une fois que le produit arrive au site de Safe Waste Disposal, il sera retravaill\u00e9 et renvoy\u00e9. Apr\u00e8s avoir fourni vos informations dans le formulaire ci-dessus, vous serez contact\u00e9 par <a href=\"mailto:Dwr-returns@apgsolutions.com\">Dwr-returns@apgsolutions.com.<\/a>  <\/p>\n\n<p class=\"has-text-align-left\">Si vous avez des inqui\u00e9tudes ou d&rsquo;autres questions, veuillez nous contacter \u00e0 l&rsquo;adresse <a href=\"mailto:Dwr-returns@apgsolutions.com\">suivante : Dwr-returns@apgsolutions.com.<\/a><\/p>\n","protected":false},"excerpt":{"rendered":"<p>Veuillez compl\u00e9ter et soumettre les informations ci-dessous et APG examinera vos produits pour voir s&rsquo;ils r\u00e9pondent aux exigences de cet \u00e9change. Veuillez saisir les donn\u00e9es suivantes afin que nous puissions activer le processus de traitement des d\u00e9chets pour vous. Il vous sera demand\u00e9 ci-dessous de fournir le num\u00e9ro de pi\u00e8ce et le num\u00e9ro de s\u00e9rie [&hellip;]<\/p>\n","protected":false},"author":4,"featured_media":0,"parent":0,"menu_order":0,"comment_status":"closed","ping_status":"closed","template":"","meta":{"_acf_changed":false,"content-type":"","footnotes":""},"class_list":["post-95050","page","type-page","status-publish"],"yoast_head":"<!-- This site is optimized with the Yoast SEO Premium plugin v23.5 (Yoast SEO v27.2) - https:\/\/yoast.com\/product\/yoast-seo-premium-wordpress\/ -->\n<title>Partenaires HP<\/title>\n<meta name=\"description\" content=\"Informations pour les partenaires HP sur l&#039;\u00e9change de produits et l&#039;assistance. Gestion des mises \u00e0 jour et de la conformit\u00e9 des tiroirs-caisses.\" \/>\n<meta name=\"robots\" content=\"index, follow, max-snippet:-1, max-image-preview:large, max-video-preview:-1\" \/>\n<link rel=\"canonical\" href=\"https:\/\/apgsolutions.com\/fr\/hp-partners\/\" \/>\n<meta property=\"og:locale\" content=\"fr_FR\" \/>\n<meta property=\"og:type\" content=\"article\" \/>\n<meta property=\"og:title\" content=\"Partenaires HP\" \/>\n<meta property=\"og:description\" content=\"Informations pour les partenaires HP sur l&#039;\u00e9change de produits et l&#039;assistance. Gestion des mises \u00e0 jour et de la conformit\u00e9 des tiroirs-caisses.\" \/>\n<meta property=\"og:url\" content=\"https:\/\/apgsolutions.com\/fr\/hp-partners\/\" \/>\n<meta property=\"og:site_name\" content=\"apg\u00ae Solutions\" \/>\n<meta property=\"article:publisher\" content=\"https:\/\/www.facebook.com\/apgglobalsolutions\" \/>\n<meta property=\"article:modified_time\" content=\"2026-01-22T14:42:20+00:00\" \/>\n<meta property=\"og:image\" content=\"https:\/\/apgsolutions.com\/wp-content\/uploads\/2023\/04\/serial-number-example.jpg\" \/>\n<meta name=\"twitter:card\" content=\"summary_large_image\" \/>\n<meta name=\"twitter:site\" content=\"@apg_solutions\" \/>\n<meta name=\"twitter:label1\" content=\"Dur\u00e9e de lecture estim\u00e9e\" \/>\n\t<meta name=\"twitter:data1\" content=\"1 minute\" \/>\n<script type=\"application\/ld+json\" class=\"yoast-schema-graph\">{\"@context\":\"https:\/\/schema.org\",\"@graph\":[{\"@type\":\"WebPage\",\"@id\":\"https:\/\/apgsolutions.com\/fr\/hp-partners\/\",\"url\":\"https:\/\/apgsolutions.com\/fr\/hp-partners\/\",\"name\":\"Partenaires HP\",\"isPartOf\":{\"@id\":\"https:\/\/apgsolutions.com\/fr\/#website\"},\"primaryImageOfPage\":{\"@id\":\"https:\/\/apgsolutions.com\/fr\/hp-partners\/#primaryimage\"},\"image\":{\"@id\":\"https:\/\/apgsolutions.com\/fr\/hp-partners\/#primaryimage\"},\"thumbnailUrl\":\"https:\/\/apgsolutions.com\/wp-content\/uploads\/2023\/04\/serial-number-example.jpg\",\"datePublished\":\"2025-10-14T09:06:33+00:00\",\"dateModified\":\"2026-01-22T14:42:20+00:00\",\"description\":\"Informations pour les partenaires HP sur l'\u00e9change de produits et l'assistance. Gestion des mises \u00e0 jour et de la conformit\u00e9 des tiroirs-caisses.\",\"inLanguage\":\"fr-FR\",\"potentialAction\":[{\"@type\":\"ReadAction\",\"target\":[\"https:\/\/apgsolutions.com\/fr\/hp-partners\/\"]}]},{\"@type\":\"ImageObject\",\"inLanguage\":\"fr-FR\",\"@id\":\"https:\/\/apgsolutions.com\/fr\/hp-partners\/#primaryimage\",\"url\":\"https:\/\/apgsolutions.com\/wp-content\/uploads\/2023\/04\/serial-number-example.jpg\",\"contentUrl\":\"https:\/\/apgsolutions.com\/wp-content\/uploads\/2023\/04\/serial-number-example.jpg\"},{\"@type\":\"WebSite\",\"@id\":\"https:\/\/apgsolutions.com\/fr\/#website\",\"url\":\"https:\/\/apgsolutions.com\/fr\/\",\"name\":\"APG Solutions, LLC\",\"description\":\"Trust at every point.\",\"publisher\":{\"@id\":\"https:\/\/apgsolutions.com\/fr\/#organization\"},\"potentialAction\":[{\"@type\":\"SearchAction\",\"target\":{\"@type\":\"EntryPoint\",\"urlTemplate\":\"https:\/\/apgsolutions.com\/fr\/?s={search_term_string}\"},\"query-input\":{\"@type\":\"PropertyValueSpecification\",\"valueRequired\":true,\"valueName\":\"search_term_string\"}}],\"inLanguage\":\"fr-FR\"},{\"@type\":\"Organization\",\"@id\":\"https:\/\/apgsolutions.com\/fr\/#organization\",\"name\":\"APG Solution, LLC\",\"url\":\"https:\/\/apgsolutions.com\/fr\/\",\"logo\":{\"@type\":\"ImageObject\",\"inLanguage\":\"fr-FR\",\"@id\":\"https:\/\/apgsolutions.com\/fr\/#\/schema\/logo\/image\/\",\"url\":\"https:\/\/apgsolutions.com\/wp-content\/uploads\/2023\/12\/logomark-color.svg\",\"contentUrl\":\"https:\/\/apgsolutions.com\/wp-content\/uploads\/2023\/12\/logomark-color.svg\",\"width\":141,\"height\":138,\"caption\":\"APG Solution, LLC\"},\"image\":{\"@id\":\"https:\/\/apgsolutions.com\/fr\/#\/schema\/logo\/image\/\"},\"sameAs\":[\"https:\/\/www.facebook.com\/apgglobalsolutions\",\"https:\/\/x.com\/apg_solutions\",\"https:\/\/www.youtube.com\/c\/CashManagementGlobalSolutionsbyapg\",\"https:\/\/www.linkedin.com\/company\/apgglobalsolutions\/\",\"https:\/\/www.instagram.com\/apgglobalsolutions\/\",\"https:\/\/www.pinterest.com\/apgcashdrawer\/\"]}]}<\/script>\n<!-- \/ Yoast SEO Premium plugin. -->","yoast_head_json":{"title":"Partenaires HP","description":"Informations pour les partenaires HP sur l'\u00e9change de produits et l'assistance. Gestion des mises \u00e0 jour et de la conformit\u00e9 des tiroirs-caisses.","robots":{"index":"index","follow":"follow","max-snippet":"max-snippet:-1","max-image-preview":"max-image-preview:large","max-video-preview":"max-video-preview:-1"},"canonical":"https:\/\/apgsolutions.com\/fr\/hp-partners\/","og_locale":"fr_FR","og_type":"article","og_title":"Partenaires HP","og_description":"Informations pour les partenaires HP sur l'\u00e9change de produits et l'assistance. Gestion des mises \u00e0 jour et de la conformit\u00e9 des tiroirs-caisses.","og_url":"https:\/\/apgsolutions.com\/fr\/hp-partners\/","og_site_name":"apg\u00ae Solutions","article_publisher":"https:\/\/www.facebook.com\/apgglobalsolutions","article_modified_time":"2026-01-22T14:42:20+00:00","og_image":[{"url":"https:\/\/apgsolutions.com\/wp-content\/uploads\/2023\/04\/serial-number-example.jpg","type":"","width":"","height":""}],"twitter_card":"summary_large_image","twitter_site":"@apg_solutions","twitter_misc":{"Dur\u00e9e de lecture estim\u00e9e":"1 minute"},"schema":{"@context":"https:\/\/schema.org","@graph":[{"@type":"WebPage","@id":"https:\/\/apgsolutions.com\/fr\/hp-partners\/","url":"https:\/\/apgsolutions.com\/fr\/hp-partners\/","name":"Partenaires HP","isPartOf":{"@id":"https:\/\/apgsolutions.com\/fr\/#website"},"primaryImageOfPage":{"@id":"https:\/\/apgsolutions.com\/fr\/hp-partners\/#primaryimage"},"image":{"@id":"https:\/\/apgsolutions.com\/fr\/hp-partners\/#primaryimage"},"thumbnailUrl":"https:\/\/apgsolutions.com\/wp-content\/uploads\/2023\/04\/serial-number-example.jpg","datePublished":"2025-10-14T09:06:33+00:00","dateModified":"2026-01-22T14:42:20+00:00","description":"Informations pour les partenaires HP sur l'\u00e9change de produits et l'assistance. Gestion des mises \u00e0 jour et de la conformit\u00e9 des tiroirs-caisses.","inLanguage":"fr-FR","potentialAction":[{"@type":"ReadAction","target":["https:\/\/apgsolutions.com\/fr\/hp-partners\/"]}]},{"@type":"ImageObject","inLanguage":"fr-FR","@id":"https:\/\/apgsolutions.com\/fr\/hp-partners\/#primaryimage","url":"https:\/\/apgsolutions.com\/wp-content\/uploads\/2023\/04\/serial-number-example.jpg","contentUrl":"https:\/\/apgsolutions.com\/wp-content\/uploads\/2023\/04\/serial-number-example.jpg"},{"@type":"WebSite","@id":"https:\/\/apgsolutions.com\/fr\/#website","url":"https:\/\/apgsolutions.com\/fr\/","name":"APG Solutions, LLC","description":"Trust at every point.","publisher":{"@id":"https:\/\/apgsolutions.com\/fr\/#organization"},"potentialAction":[{"@type":"SearchAction","target":{"@type":"EntryPoint","urlTemplate":"https:\/\/apgsolutions.com\/fr\/?s={search_term_string}"},"query-input":{"@type":"PropertyValueSpecification","valueRequired":true,"valueName":"search_term_string"}}],"inLanguage":"fr-FR"},{"@type":"Organization","@id":"https:\/\/apgsolutions.com\/fr\/#organization","name":"APG Solution, LLC","url":"https:\/\/apgsolutions.com\/fr\/","logo":{"@type":"ImageObject","inLanguage":"fr-FR","@id":"https:\/\/apgsolutions.com\/fr\/#\/schema\/logo\/image\/","url":"https:\/\/apgsolutions.com\/wp-content\/uploads\/2023\/12\/logomark-color.svg","contentUrl":"https:\/\/apgsolutions.com\/wp-content\/uploads\/2023\/12\/logomark-color.svg","width":141,"height":138,"caption":"APG Solution, LLC"},"image":{"@id":"https:\/\/apgsolutions.com\/fr\/#\/schema\/logo\/image\/"},"sameAs":["https:\/\/www.facebook.com\/apgglobalsolutions","https:\/\/x.com\/apg_solutions","https:\/\/www.youtube.com\/c\/CashManagementGlobalSolutionsbyapg","https:\/\/www.linkedin.com\/company\/apgglobalsolutions\/","https:\/\/www.instagram.com\/apgglobalsolutions\/","https:\/\/www.pinterest.com\/apgcashdrawer\/"]}]}},"acf":[],"_links":{"self":[{"href":"https:\/\/apgsolutions.com\/fr\/wp-json\/wp\/v2\/pages\/95050","targetHints":{"allow":["GET"]}}],"collection":[{"href":"https:\/\/apgsolutions.com\/fr\/wp-json\/wp\/v2\/pages"}],"about":[{"href":"https:\/\/apgsolutions.com\/fr\/wp-json\/wp\/v2\/types\/page"}],"author":[{"embeddable":true,"href":"https:\/\/apgsolutions.com\/fr\/wp-json\/wp\/v2\/users\/4"}],"replies":[{"embeddable":true,"href":"https:\/\/apgsolutions.com\/fr\/wp-json\/wp\/v2\/comments?post=95050"}],"version-history":[{"count":2,"href":"https:\/\/apgsolutions.com\/fr\/wp-json\/wp\/v2\/pages\/95050\/revisions"}],"predecessor-version":[{"id":98383,"href":"https:\/\/apgsolutions.com\/fr\/wp-json\/wp\/v2\/pages\/95050\/revisions\/98383"}],"wp:attachment":[{"href":"https:\/\/apgsolutions.com\/fr\/wp-json\/wp\/v2\/media?parent=95050"}],"curies":[{"name":"wp","href":"https:\/\/api.w.org\/{rel}","templated":true}]}}