{"id":95096,"date":"2025-10-14T09:22:10","date_gmt":"2025-10-14T09:22:10","guid":{"rendered":"https:\/\/apgsolutions.com\/job-positions\/open-newhaven-uk-positions\/"},"modified":"2026-01-27T16:04:51","modified_gmt":"2026-01-27T16:04:51","slug":"open-newhaven-uk-positions","status":"publish","type":"page","link":"https:\/\/apgsolutions.com\/fr\/job-positions\/open-newhaven-uk-positions\/","title":{"rendered":"Postes \u00e0 pourvoir \u00e0 Newhaven (UK)"},"content":{"rendered":"\n<h1 class=\"wp-block-heading\" id=\"h-open-newhaven-uk-positions\">Postes \u00e0 pourvoir \u00e0 Newhaven (UK)<\/h1>\n\n<h2 class=\"wp-block-heading\" id=\"h-product-designer\">Concepteur de produits<\/h2>\n\n<p>APG Solutions EMEA<br\/>Unit 4, The Drove, Newhaven BN9 0LA<br\/>\u00a326,000 &#8211; \u00a330,000 par an &#8211; Temps plein<br\/> <\/p>\n\n<h3 class=\"wp-block-heading\" id=\"h-job-title\">Titre du poste :<\/h3>\n\n<p>Concepteur de produits<\/p>\n\n<h3 class=\"wp-block-heading\">Lieu de travail :<\/h3>\n\n<p>Newhaven, Royaume-Uni<\/p>\n\n<h3 class=\"wp-block-heading\">D\u00e9partement :<\/h3>\n\n<p>Ing\u00e9nierie Salary Band : Office\/Technical\/Leads<\/p>\n\n<h3 class=\"wp-block-heading\">Rend compte au :<\/h3>\n\n<p>Responsable de la conception technique<\/p>\n\n<h3 class=\"wp-block-heading\">Type de poste :<\/h3>\n\n<p>Temps plein<\/p>\n\n<h3 class=\"wp-block-heading\">OBJECTIF :<\/h3>\n\n<p>Le concepteur de produits est charg\u00e9 de fournir une assistance technique sp\u00e9cialis\u00e9e par le biais de la conception CAO dans SolidWorks et d&rsquo;effectuer des contr\u00f4les de qualit\u00e9 pour les composants nouveaux et existants. Il s&rsquo;agit d&rsquo;\u00e9laborer des conceptions pr\u00e9cises et fonctionnelles, de veiller au respect des exigences techniques et de produire des rapports d\u00e9taill\u00e9s pour maintenir l&rsquo;int\u00e9grit\u00e9 de la conception et les normes de performance. En contribuant au d\u00e9veloppement des produits et \u00e0 l&rsquo;am\u00e9lioration continue, ce poste joue un r\u00f4le essentiel dans l&rsquo;am\u00e9lioration de l&rsquo;ensemble des processus d&rsquo;ing\u00e9nierie et de fabrication.  <\/p>\n\n<h3 class=\"wp-block-heading\">LES RESPONSABILIT\u00c9S :<\/h3>\n\n<p>Conception et d\u00e9veloppement de produits<\/p>\n\n<ul class=\"wp-block-list\">\n<li>Concevoir et modifier des produits dans le cadre de projets d&rsquo;ing\u00e9nierie, en veillant \u00e0 ce qu&rsquo;ils soient conformes aux exigences techniques et fonctionnelles.<\/li>\n\n\n\n<li>D\u00e9velopper et mettre \u00e0 jour des mod\u00e8les 3D et des dessins techniques dans SolidWorks dans le cadre du processus de gestion du changement.<\/li>\n\n\n\n<li>R\u00e9viser et maintenir la documentation technique conform\u00e9ment aux demandes de changement approuv\u00e9es afin de garantir l&rsquo;exactitude et la conformit\u00e9.<\/li>\n\n\n\n<li>Collaborer avec la R&amp;D pour \u00e9valuer la n\u00e9cessit\u00e9 d&rsquo;une v\u00e9rification et d&rsquo;une validation (V&amp;V) suppl\u00e9mentaires pour les modifications de conception applicables.<\/li>\n<\/ul>\n\n<p>Gestion du changement et assurance qualit\u00e9<\/p>\n\n<ul class=\"wp-block-list\">\n<li>Effectuer des contr\u00f4les de qualit\u00e9 sur les pi\u00e8ces fournies par les fournisseurs sur demande, en s&rsquo;assurant de la conformit\u00e9 avec les sp\u00e9cifications et les normes.<\/li>\n\n\n\n<li>\u00c9tablir et g\u00e9rer une liste de priorit\u00e9s claires pour les modifications de conception qui s&rsquo;alignent sur les calendriers de production et les processus d&rsquo;introduction de nouvelles pi\u00e8ces.<\/li>\n\n\n\n<li>Assurer la mise en \u0153uvre et la validation sans faille des demandes de changement approuv\u00e9es, en pr\u00e9servant l&rsquo;int\u00e9grit\u00e9 du produit.<\/li>\n\n\n\n<li>Coordonner avec l&rsquo;ing\u00e9nierie de production l&rsquo;examen, l&rsquo;\u00e9valuation et la mise en \u0153uvre des actions n\u00e9cessaires d\u00e9coulant des demandes de changement afin d&rsquo;optimiser l&rsquo;efficacit\u00e9 de la fabrication.<\/li>\n<\/ul>\n\n<h3 class=\"wp-block-heading\" id=\"h-knowledge-skills-and-abilities\">CONNAISSANCES, COMP\u00c9TENCES ET APTITUDES :<\/h3>\n\n<ul class=\"wp-block-list\">\n<li>HNC\/HND en g\u00e9nie m\u00e9canique ou \u00e9quivalent.<\/li>\n\n\n\n<li>Exp\u00e9rience dans un poste pr\u00e9c\u00e9dent impliquant la mise \u00e0 jour de dessins via Solidworks.<\/li>\n\n\n\n<li>Exp\u00e9rience de la mod\u00e9lisation SolidWorks.<\/li>\n\n\n\n<li>Exp\u00e9rience des syst\u00e8mes de gestion du changement.<\/li>\n\n\n\n<li>Solide exp\u00e9rience de l&rsquo;utilisation d&rsquo;outils de mesure manuels.<\/li>\n\n\n\n<li>Vous \u00eates un bon communicateur, dot\u00e9 de bonnes comp\u00e9tences interpersonnelles et analytiques.<\/li>\n\n\n\n<li>Solides comp\u00e9tences en mati\u00e8re de collaboration et capacit\u00e9 \u00e0 travailler au sein d&rsquo;une \u00e9quipe ou de mani\u00e8re ind\u00e9pendante avec un minimum de soutien.<\/li>\n\n\n\n<li>Capacit\u00e9 \u00e0 g\u00e9rer des priorit\u00e9s changeantes et \u00e0 s&rsquo;adapter \u00e0 plusieurs projets en m\u00eame temps.<\/li>\n<\/ul>\n\n<h3 class=\"wp-block-heading\">CONDITIONS \u00c0 REMPLIR :<\/h3>\n\n<ul class=\"wp-block-list\">\n<li>HNC\/HND ou plus en g\u00e9nie m\u00e9canique ou dans un domaine connexe.<\/li>\n\n\n\n<li>Des certifications pertinentes en mati\u00e8re de logiciels de CAO (par exemple, SolidWorks) sont souhaitables.<\/li>\n\n\n\n<li>2 \u00e0 5 ans d&rsquo;exp\u00e9rience dans un poste de concepteur de produits ou d&rsquo;ing\u00e9nieur en conception m\u00e9canique, ou dans un poste similaire.<\/li>\n<\/ul>\n<p><script charset=\"utf-8\" type=\"text\/javascript\" src=\"\/\/js.hsforms.net\/forms\/embed\/v2.js\"><\/script><br \/>\n<script>\n  hbspt.forms.create({\n    portalId: \"3337275\",\n    formId: \"dce214bb-a4d0-4cc2-a8ad-0023beda9f2c\",\n    region: \"na1\"\n  });\n<\/script><\/p>\n","protected":false},"excerpt":{"rendered":"<p>Postes \u00e0 pourvoir \u00e0 Newhaven (UK) Concepteur de produits APG Solutions EMEAUnit 4, The Drove, Newhaven BN9 0LA\u00a326,000 &#8211; \u00a330,000 par an &#8211; Temps plein Titre du poste : Concepteur de produits Lieu de travail : Newhaven, Royaume-Uni D\u00e9partement : Ing\u00e9nierie Salary Band : Office\/Technical\/Leads Rend compte au : Responsable de la conception technique Type [&hellip;]<\/p>\n","protected":false},"author":4,"featured_media":0,"parent":64493,"menu_order":0,"comment_status":"closed","ping_status":"closed","template":"","meta":{"_acf_changed":false,"content-type":"","footnotes":""},"class_list":["post-95096","page","type-page","status-publish"],"yoast_head":"<!-- This site is optimized with the Yoast SEO Premium plugin v23.5 (Yoast SEO v27.2) - https:\/\/yoast.com\/product\/yoast-seo-premium-wordpress\/ -->\n<title>Postes \u00e0 pourvoir \u00e0 Newhaven (UK)<\/title>\n<meta name=\"description\" content=\"Consultez les offres d&#039;emploi actuelles d&#039;APG \u00e0 Newhaven, au Royaume-Uni. Opportunit\u00e9s dans le domaine de la conception de produits et de la technologie de gestion des liquidit\u00e9s.\" \/>\n<meta name=\"robots\" content=\"index, follow, max-snippet:-1, max-image-preview:large, max-video-preview:-1\" \/>\n<link rel=\"canonical\" href=\"https:\/\/apgsolutions.com\/fr\/job-positions\/open-newhaven-uk-positions\/\" \/>\n<meta property=\"og:locale\" content=\"fr_FR\" \/>\n<meta property=\"og:type\" content=\"article\" \/>\n<meta property=\"og:title\" content=\"Postes \u00e0 pourvoir \u00e0 Newhaven (UK)\" \/>\n<meta property=\"og:description\" content=\"Consultez les offres d&#039;emploi actuelles d&#039;APG \u00e0 Newhaven, au Royaume-Uni. Opportunit\u00e9s dans le domaine de la conception de produits et de la technologie de gestion des liquidit\u00e9s.\" \/>\n<meta property=\"og:url\" content=\"https:\/\/apgsolutions.com\/fr\/job-positions\/open-newhaven-uk-positions\/\" \/>\n<meta property=\"og:site_name\" content=\"apg\u00ae Solutions\" \/>\n<meta property=\"article:publisher\" content=\"https:\/\/www.facebook.com\/apgglobalsolutions\" \/>\n<meta property=\"article:modified_time\" content=\"2026-01-27T16:04:51+00:00\" \/>\n<meta name=\"twitter:card\" content=\"summary_large_image\" \/>\n<meta name=\"twitter:site\" content=\"@apg_solutions\" \/>\n<meta name=\"twitter:label1\" content=\"Dur\u00e9e de lecture estim\u00e9e\" \/>\n\t<meta name=\"twitter:data1\" content=\"3 minutes\" \/>\n<script type=\"application\/ld+json\" class=\"yoast-schema-graph\">{\"@context\":\"https:\/\/schema.org\",\"@graph\":[{\"@type\":\"WebPage\",\"@id\":\"https:\/\/apgsolutions.com\/fr\/job-positions\/open-newhaven-uk-positions\/\",\"url\":\"https:\/\/apgsolutions.com\/fr\/job-positions\/open-newhaven-uk-positions\/\",\"name\":\"Postes \u00e0 pourvoir \u00e0 Newhaven (UK)\",\"isPartOf\":{\"@id\":\"https:\/\/apgsolutions.com\/fr\/#website\"},\"datePublished\":\"2025-10-14T09:22:10+00:00\",\"dateModified\":\"2026-01-27T16:04:51+00:00\",\"description\":\"Consultez les offres d'emploi actuelles d'APG \u00e0 Newhaven, au Royaume-Uni. Opportunit\u00e9s dans le domaine de la conception de produits et de la technologie de gestion des liquidit\u00e9s.\",\"breadcrumb\":{\"@id\":\"https:\/\/apgsolutions.com\/fr\/job-positions\/open-newhaven-uk-positions\/#breadcrumb\"},\"inLanguage\":\"fr-FR\",\"potentialAction\":[{\"@type\":\"ReadAction\",\"target\":[\"https:\/\/apgsolutions.com\/fr\/job-positions\/open-newhaven-uk-positions\/\"]}]},{\"@type\":\"BreadcrumbList\",\"@id\":\"https:\/\/apgsolutions.com\/fr\/job-positions\/open-newhaven-uk-positions\/#breadcrumb\",\"itemListElement\":[{\"@type\":\"ListItem\",\"position\":1,\"name\":\"Postes \u00e0 pourvoir\",\"item\":\"https:\/\/apgsolutions.com\/fr\/job-positions\/\"},{\"@type\":\"ListItem\",\"position\":2,\"name\":\"Postes \u00e0 pourvoir \u00e0 Newhaven (UK)\"}]},{\"@type\":\"WebSite\",\"@id\":\"https:\/\/apgsolutions.com\/fr\/#website\",\"url\":\"https:\/\/apgsolutions.com\/fr\/\",\"name\":\"APG Solutions, LLC\",\"description\":\"Trust at every point.\",\"publisher\":{\"@id\":\"https:\/\/apgsolutions.com\/fr\/#organization\"},\"potentialAction\":[{\"@type\":\"SearchAction\",\"target\":{\"@type\":\"EntryPoint\",\"urlTemplate\":\"https:\/\/apgsolutions.com\/fr\/?s={search_term_string}\"},\"query-input\":{\"@type\":\"PropertyValueSpecification\",\"valueRequired\":true,\"valueName\":\"search_term_string\"}}],\"inLanguage\":\"fr-FR\"},{\"@type\":\"Organization\",\"@id\":\"https:\/\/apgsolutions.com\/fr\/#organization\",\"name\":\"APG Solution, LLC\",\"url\":\"https:\/\/apgsolutions.com\/fr\/\",\"logo\":{\"@type\":\"ImageObject\",\"inLanguage\":\"fr-FR\",\"@id\":\"https:\/\/apgsolutions.com\/fr\/#\/schema\/logo\/image\/\",\"url\":\"https:\/\/apgsolutions.com\/wp-content\/uploads\/2023\/12\/logomark-color.svg\",\"contentUrl\":\"https:\/\/apgsolutions.com\/wp-content\/uploads\/2023\/12\/logomark-color.svg\",\"width\":141,\"height\":138,\"caption\":\"APG Solution, LLC\"},\"image\":{\"@id\":\"https:\/\/apgsolutions.com\/fr\/#\/schema\/logo\/image\/\"},\"sameAs\":[\"https:\/\/www.facebook.com\/apgglobalsolutions\",\"https:\/\/x.com\/apg_solutions\",\"https:\/\/www.youtube.com\/c\/CashManagementGlobalSolutionsbyapg\",\"https:\/\/www.linkedin.com\/company\/apgglobalsolutions\/\",\"https:\/\/www.instagram.com\/apgglobalsolutions\/\",\"https:\/\/www.pinterest.com\/apgcashdrawer\/\"]}]}<\/script>\n<!-- \/ Yoast SEO Premium plugin. -->","yoast_head_json":{"title":"Postes \u00e0 pourvoir \u00e0 Newhaven (UK)","description":"Consultez les offres d'emploi actuelles d'APG \u00e0 Newhaven, au Royaume-Uni. Opportunit\u00e9s dans le domaine de la conception de produits et de la technologie de gestion des liquidit\u00e9s.","robots":{"index":"index","follow":"follow","max-snippet":"max-snippet:-1","max-image-preview":"max-image-preview:large","max-video-preview":"max-video-preview:-1"},"canonical":"https:\/\/apgsolutions.com\/fr\/job-positions\/open-newhaven-uk-positions\/","og_locale":"fr_FR","og_type":"article","og_title":"Postes \u00e0 pourvoir \u00e0 Newhaven (UK)","og_description":"Consultez les offres d'emploi actuelles d'APG \u00e0 Newhaven, au Royaume-Uni. Opportunit\u00e9s dans le domaine de la conception de produits et de la technologie de gestion des liquidit\u00e9s.","og_url":"https:\/\/apgsolutions.com\/fr\/job-positions\/open-newhaven-uk-positions\/","og_site_name":"apg\u00ae Solutions","article_publisher":"https:\/\/www.facebook.com\/apgglobalsolutions","article_modified_time":"2026-01-27T16:04:51+00:00","twitter_card":"summary_large_image","twitter_site":"@apg_solutions","twitter_misc":{"Dur\u00e9e de lecture estim\u00e9e":"3 minutes"},"schema":{"@context":"https:\/\/schema.org","@graph":[{"@type":"WebPage","@id":"https:\/\/apgsolutions.com\/fr\/job-positions\/open-newhaven-uk-positions\/","url":"https:\/\/apgsolutions.com\/fr\/job-positions\/open-newhaven-uk-positions\/","name":"Postes \u00e0 pourvoir \u00e0 Newhaven (UK)","isPartOf":{"@id":"https:\/\/apgsolutions.com\/fr\/#website"},"datePublished":"2025-10-14T09:22:10+00:00","dateModified":"2026-01-27T16:04:51+00:00","description":"Consultez les offres d'emploi actuelles d'APG \u00e0 Newhaven, au Royaume-Uni. Opportunit\u00e9s dans le domaine de la conception de produits et de la technologie de gestion des liquidit\u00e9s.","breadcrumb":{"@id":"https:\/\/apgsolutions.com\/fr\/job-positions\/open-newhaven-uk-positions\/#breadcrumb"},"inLanguage":"fr-FR","potentialAction":[{"@type":"ReadAction","target":["https:\/\/apgsolutions.com\/fr\/job-positions\/open-newhaven-uk-positions\/"]}]},{"@type":"BreadcrumbList","@id":"https:\/\/apgsolutions.com\/fr\/job-positions\/open-newhaven-uk-positions\/#breadcrumb","itemListElement":[{"@type":"ListItem","position":1,"name":"Postes \u00e0 pourvoir","item":"https:\/\/apgsolutions.com\/fr\/job-positions\/"},{"@type":"ListItem","position":2,"name":"Postes \u00e0 pourvoir \u00e0 Newhaven (UK)"}]},{"@type":"WebSite","@id":"https:\/\/apgsolutions.com\/fr\/#website","url":"https:\/\/apgsolutions.com\/fr\/","name":"APG Solutions, LLC","description":"Trust at every point.","publisher":{"@id":"https:\/\/apgsolutions.com\/fr\/#organization"},"potentialAction":[{"@type":"SearchAction","target":{"@type":"EntryPoint","urlTemplate":"https:\/\/apgsolutions.com\/fr\/?s={search_term_string}"},"query-input":{"@type":"PropertyValueSpecification","valueRequired":true,"valueName":"search_term_string"}}],"inLanguage":"fr-FR"},{"@type":"Organization","@id":"https:\/\/apgsolutions.com\/fr\/#organization","name":"APG Solution, LLC","url":"https:\/\/apgsolutions.com\/fr\/","logo":{"@type":"ImageObject","inLanguage":"fr-FR","@id":"https:\/\/apgsolutions.com\/fr\/#\/schema\/logo\/image\/","url":"https:\/\/apgsolutions.com\/wp-content\/uploads\/2023\/12\/logomark-color.svg","contentUrl":"https:\/\/apgsolutions.com\/wp-content\/uploads\/2023\/12\/logomark-color.svg","width":141,"height":138,"caption":"APG Solution, LLC"},"image":{"@id":"https:\/\/apgsolutions.com\/fr\/#\/schema\/logo\/image\/"},"sameAs":["https:\/\/www.facebook.com\/apgglobalsolutions","https:\/\/x.com\/apg_solutions","https:\/\/www.youtube.com\/c\/CashManagementGlobalSolutionsbyapg","https:\/\/www.linkedin.com\/company\/apgglobalsolutions\/","https:\/\/www.instagram.com\/apgglobalsolutions\/","https:\/\/www.pinterest.com\/apgcashdrawer\/"]}]}},"acf":[],"_links":{"self":[{"href":"https:\/\/apgsolutions.com\/fr\/wp-json\/wp\/v2\/pages\/95096","targetHints":{"allow":["GET"]}}],"collection":[{"href":"https:\/\/apgsolutions.com\/fr\/wp-json\/wp\/v2\/pages"}],"about":[{"href":"https:\/\/apgsolutions.com\/fr\/wp-json\/wp\/v2\/types\/page"}],"author":[{"embeddable":true,"href":"https:\/\/apgsolutions.com\/fr\/wp-json\/wp\/v2\/users\/4"}],"replies":[{"embeddable":true,"href":"https:\/\/apgsolutions.com\/fr\/wp-json\/wp\/v2\/comments?post=95096"}],"version-history":[{"count":1,"href":"https:\/\/apgsolutions.com\/fr\/wp-json\/wp\/v2\/pages\/95096\/revisions"}],"predecessor-version":[{"id":95097,"href":"https:\/\/apgsolutions.com\/fr\/wp-json\/wp\/v2\/pages\/95096\/revisions\/95097"}],"up":[{"embeddable":true,"href":"https:\/\/apgsolutions.com\/fr\/wp-json\/wp\/v2\/pages\/64493"}],"wp:attachment":[{"href":"https:\/\/apgsolutions.com\/fr\/wp-json\/wp\/v2\/media?parent=95096"}],"curies":[{"name":"wp","href":"https:\/\/api.w.org\/{rel}","templated":true}]}}