{"id":95108,"date":"2025-10-14T09:23:55","date_gmt":"2025-10-14T09:23:55","guid":{"rendered":"https:\/\/apgsolutions.com\/job-positions\/open-saint-germain-en-laye-positions\/"},"modified":"2026-01-22T14:42:49","modified_gmt":"2026-01-22T14:42:49","slug":"open-saint-germain-en-laye-positions","status":"publish","type":"page","link":"https:\/\/apgsolutions.com\/fr\/job-positions\/open-saint-germain-en-laye-positions\/","title":{"rendered":"Positions ouvertes \u00e0 Saint Germain en Laye"},"content":{"rendered":"\n<h1 class=\"wp-block-heading\" id=\"h-open-saint-germain-en-laye-positions\">Positions ouvertes \u00e0 Saint Germain en Laye<\/h1>\n\n<h2 class=\"wp-block-heading\" id=\"h-branch-office-administrator-h-f\">Administrateur d&rsquo;agence H\/F<\/h2>\n\n<p>apg est un fabricant de tiroirs-caisses et de solutions de cash-management, leader sur son march\u00e9. Nous recherchons un\/une Branch Office Administrator \u00e0 temps partiel pour notre bureau fran\u00e7ais en charge des march\u00e9s France, Benelux et Italie. <\/p>\n\n<h3 class=\"wp-block-heading\" id=\"h-salaire\">Salaire :  <\/h3>\n\n<p>Non communiqu\u00e9<\/p>\n\n<h3 class=\"wp-block-heading\" id=\"h-type-de-contrat\">Type de contrat :<\/h3>\n\n<p>Temps Partiel \u00e0 d\u00e9finir<\/p>\n\n<h3 class=\"wp-block-heading\" id=\"h-adresse\">Adresse :  <\/h3>\n\n<p>Saint-Germain en Laye, Ile de France<\/p>\n\n<h3 class=\"wp-block-heading\" id=\"h-vos-missions-sont\">Vos missions sont :<\/h3>\n\n<ul class=\"wp-block-list\">\n<li>G\u00e9rer les commandes clients en utilisant le logiciel pr\u00e9vu \u00e0 cet effet tout en respectant les proc\u00e9dures internes.\n<ul class=\"wp-block-list\">\n<li>Renseigner les clients (tel. Email) en fonction de leurs demandes, assurer le relais entre les clients et les commerciaux.<\/li>\n\n\n\n<li>Etablir les pr\u00e9parations de commande \u00e0 effectuer et \u00e9mettre les bons de livraison. G\u00e9rer les stocks France et travailler en interaction avec les autres bureaux. <\/li>\n<\/ul>\n<\/li>\n\n\n\n<li>Gestion des r\u00e9parations et RMA en lien avec le service technique\n<ul class=\"wp-block-list\">\n<li>Organiser la livraison chez le client : Contact avec les transporteurs et prise de rdv, planning de livraisons \u00e0 suivre.<\/li>\n\n\n\n<li>Suivre les paiements en support du service facturation anglais.<\/li>\n<\/ul>\n<\/li>\n\n\n\n<li>G\u00e9rer les cong\u00e9s, les fournitures, le courrier, et une partie du support RH et des services g\u00e9n\u00e9raux du bureau fran\u00e7ais, 6 personnes<\/li>\n<\/ul>\n\n<h3 class=\"wp-block-heading\" id=\"h-profil-recherche\">Profil recherch\u00e9 :<\/h3>\n\n<p>Vous justifiez d&rsquo;au moins une premi\u00e8re exp\u00e9rience \u00e0 un poste similaire et \u00eates issu d&rsquo;une formation administrative et\/ou commerciale. Vous associez rigueur et organisation dans votre travail ainsi qu&rsquo;une bonne aisance relationnelle et un grand sens du service aux clients. Vous \u00eates \u00e0 l&rsquo;aise avec l&rsquo;outil informatique et la saisie de commande sur ERP. La ma\u00eetrise de l&rsquo;anglais est indispensable et une deuxi\u00e8me langue est bienvenue. Vous travaillerez en bin\u00f4me au sein d&rsquo;une petite \u00e9quipe \u00e0 l&rsquo;esprit convivial.    <\/p>\n\n<p>Merci de nous envoyer votre lettre de motivation en anglais et votre CV \u00e0 <a href=\"mailto:ventes@apgsolutions.com\">ventes@apgsolutions.com<\/a>.<\/p>\n\n<div class=\"wp-block-buttons is-layout-flex wp-block-buttons-is-layout-flex\"><\/div>\n<p><script charset=\"utf-8\" type=\"text\/javascript\" src=\"\/\/js.hsforms.net\/forms\/embed\/v2.js\"><\/script><br \/>\n<script>\n  hbspt.forms.create({\n    region: \"na1\",\n    portalId: \"3337275\",\n    formId: \"16245354-99a4-4dd2-9e9f-fa84d519082d\"\n  });\n<\/script><\/p>\n","protected":false},"excerpt":{"rendered":"<p>Positions ouvertes \u00e0 Saint Germain en Laye Administrateur d&rsquo;agence H\/F apg est un fabricant de tiroirs-caisses et de solutions de cash-management, leader sur son march\u00e9. Nous recherchons un\/une Branch Office Administrator \u00e0 temps partiel pour notre bureau fran\u00e7ais en charge des march\u00e9s France, Benelux et Italie. Salaire : Non communiqu\u00e9 Type de contrat : Temps [&hellip;]<\/p>\n","protected":false},"author":4,"featured_media":0,"parent":64493,"menu_order":0,"comment_status":"closed","ping_status":"closed","template":"","meta":{"_acf_changed":false,"content-type":"","footnotes":""},"class_list":["post-95108","page","type-page","status-publish"],"yoast_head":"<!-- This site is optimized with the Yoast SEO Premium plugin v23.5 (Yoast SEO v27.2) - https:\/\/yoast.com\/product\/yoast-seo-premium-wordpress\/ -->\n<title>Positions ouvertes \u00e0 Saint Germain en Laye<\/title>\n<meta name=\"description\" content=\"Consultez les postes disponibles \u00e0 Saint-Germain-en-Laye, France, chez APG. D\u00e9couvrez les fonctions li\u00e9es aux op\u00e9rations de gestion de tr\u00e9sorerie.\" \/>\n<meta name=\"robots\" content=\"index, follow, max-snippet:-1, max-image-preview:large, max-video-preview:-1\" \/>\n<link rel=\"canonical\" href=\"https:\/\/apgsolutions.com\/fr\/job-positions\/open-saint-germain-en-laye-positions\/\" \/>\n<meta property=\"og:locale\" content=\"fr_FR\" \/>\n<meta property=\"og:type\" content=\"article\" \/>\n<meta property=\"og:title\" content=\"Positions ouvertes \u00e0 Saint Germain en Laye\" \/>\n<meta property=\"og:description\" content=\"Consultez les postes disponibles \u00e0 Saint-Germain-en-Laye, France, chez APG. D\u00e9couvrez les fonctions li\u00e9es aux op\u00e9rations de gestion de tr\u00e9sorerie.\" \/>\n<meta property=\"og:url\" content=\"https:\/\/apgsolutions.com\/fr\/job-positions\/open-saint-germain-en-laye-positions\/\" \/>\n<meta property=\"og:site_name\" content=\"apg\u00ae Solutions\" \/>\n<meta property=\"article:publisher\" content=\"https:\/\/www.facebook.com\/apgglobalsolutions\" \/>\n<meta property=\"article:modified_time\" content=\"2026-01-22T14:42:49+00:00\" \/>\n<meta name=\"twitter:card\" content=\"summary_large_image\" \/>\n<meta name=\"twitter:site\" content=\"@apg_solutions\" \/>\n<meta name=\"twitter:label1\" content=\"Dur\u00e9e de lecture estim\u00e9e\" \/>\n\t<meta name=\"twitter:data1\" content=\"1 minute\" \/>\n<script type=\"application\/ld+json\" class=\"yoast-schema-graph\">{\"@context\":\"https:\/\/schema.org\",\"@graph\":[{\"@type\":\"WebPage\",\"@id\":\"https:\/\/apgsolutions.com\/fr\/job-positions\/open-saint-germain-en-laye-positions\/\",\"url\":\"https:\/\/apgsolutions.com\/fr\/job-positions\/open-saint-germain-en-laye-positions\/\",\"name\":\"Positions ouvertes \u00e0 Saint Germain en Laye\",\"isPartOf\":{\"@id\":\"https:\/\/apgsolutions.com\/fr\/#website\"},\"datePublished\":\"2025-10-14T09:23:55+00:00\",\"dateModified\":\"2026-01-22T14:42:49+00:00\",\"description\":\"Consultez les postes disponibles \u00e0 Saint-Germain-en-Laye, France, chez APG. D\u00e9couvrez les fonctions li\u00e9es aux op\u00e9rations de gestion de tr\u00e9sorerie.\",\"breadcrumb\":{\"@id\":\"https:\/\/apgsolutions.com\/fr\/job-positions\/open-saint-germain-en-laye-positions\/#breadcrumb\"},\"inLanguage\":\"fr-FR\",\"potentialAction\":[{\"@type\":\"ReadAction\",\"target\":[\"https:\/\/apgsolutions.com\/fr\/job-positions\/open-saint-germain-en-laye-positions\/\"]}]},{\"@type\":\"BreadcrumbList\",\"@id\":\"https:\/\/apgsolutions.com\/fr\/job-positions\/open-saint-germain-en-laye-positions\/#breadcrumb\",\"itemListElement\":[{\"@type\":\"ListItem\",\"position\":1,\"name\":\"Postes \u00e0 pourvoir\",\"item\":\"https:\/\/apgsolutions.com\/fr\/job-positions\/\"},{\"@type\":\"ListItem\",\"position\":2,\"name\":\"Positions ouvertes \u00e0 Saint Germain en Laye\"}]},{\"@type\":\"WebSite\",\"@id\":\"https:\/\/apgsolutions.com\/fr\/#website\",\"url\":\"https:\/\/apgsolutions.com\/fr\/\",\"name\":\"APG Solutions, LLC\",\"description\":\"Trust at every point.\",\"publisher\":{\"@id\":\"https:\/\/apgsolutions.com\/fr\/#organization\"},\"potentialAction\":[{\"@type\":\"SearchAction\",\"target\":{\"@type\":\"EntryPoint\",\"urlTemplate\":\"https:\/\/apgsolutions.com\/fr\/?s={search_term_string}\"},\"query-input\":{\"@type\":\"PropertyValueSpecification\",\"valueRequired\":true,\"valueName\":\"search_term_string\"}}],\"inLanguage\":\"fr-FR\"},{\"@type\":\"Organization\",\"@id\":\"https:\/\/apgsolutions.com\/fr\/#organization\",\"name\":\"APG Solution, LLC\",\"url\":\"https:\/\/apgsolutions.com\/fr\/\",\"logo\":{\"@type\":\"ImageObject\",\"inLanguage\":\"fr-FR\",\"@id\":\"https:\/\/apgsolutions.com\/fr\/#\/schema\/logo\/image\/\",\"url\":\"https:\/\/apgsolutions.com\/wp-content\/uploads\/2023\/12\/logomark-color.svg\",\"contentUrl\":\"https:\/\/apgsolutions.com\/wp-content\/uploads\/2023\/12\/logomark-color.svg\",\"width\":141,\"height\":138,\"caption\":\"APG Solution, LLC\"},\"image\":{\"@id\":\"https:\/\/apgsolutions.com\/fr\/#\/schema\/logo\/image\/\"},\"sameAs\":[\"https:\/\/www.facebook.com\/apgglobalsolutions\",\"https:\/\/x.com\/apg_solutions\",\"https:\/\/www.youtube.com\/c\/CashManagementGlobalSolutionsbyapg\",\"https:\/\/www.linkedin.com\/company\/apgglobalsolutions\/\",\"https:\/\/www.instagram.com\/apgglobalsolutions\/\",\"https:\/\/www.pinterest.com\/apgcashdrawer\/\"]}]}<\/script>\n<!-- \/ Yoast SEO Premium plugin. -->","yoast_head_json":{"title":"Positions ouvertes \u00e0 Saint Germain en Laye","description":"Consultez les postes disponibles \u00e0 Saint-Germain-en-Laye, France, chez APG. D\u00e9couvrez les fonctions li\u00e9es aux op\u00e9rations de gestion de tr\u00e9sorerie.","robots":{"index":"index","follow":"follow","max-snippet":"max-snippet:-1","max-image-preview":"max-image-preview:large","max-video-preview":"max-video-preview:-1"},"canonical":"https:\/\/apgsolutions.com\/fr\/job-positions\/open-saint-germain-en-laye-positions\/","og_locale":"fr_FR","og_type":"article","og_title":"Positions ouvertes \u00e0 Saint Germain en Laye","og_description":"Consultez les postes disponibles \u00e0 Saint-Germain-en-Laye, France, chez APG. D\u00e9couvrez les fonctions li\u00e9es aux op\u00e9rations de gestion de tr\u00e9sorerie.","og_url":"https:\/\/apgsolutions.com\/fr\/job-positions\/open-saint-germain-en-laye-positions\/","og_site_name":"apg\u00ae Solutions","article_publisher":"https:\/\/www.facebook.com\/apgglobalsolutions","article_modified_time":"2026-01-22T14:42:49+00:00","twitter_card":"summary_large_image","twitter_site":"@apg_solutions","twitter_misc":{"Dur\u00e9e de lecture estim\u00e9e":"1 minute"},"schema":{"@context":"https:\/\/schema.org","@graph":[{"@type":"WebPage","@id":"https:\/\/apgsolutions.com\/fr\/job-positions\/open-saint-germain-en-laye-positions\/","url":"https:\/\/apgsolutions.com\/fr\/job-positions\/open-saint-germain-en-laye-positions\/","name":"Positions ouvertes \u00e0 Saint Germain en Laye","isPartOf":{"@id":"https:\/\/apgsolutions.com\/fr\/#website"},"datePublished":"2025-10-14T09:23:55+00:00","dateModified":"2026-01-22T14:42:49+00:00","description":"Consultez les postes disponibles \u00e0 Saint-Germain-en-Laye, France, chez APG. D\u00e9couvrez les fonctions li\u00e9es aux op\u00e9rations de gestion de tr\u00e9sorerie.","breadcrumb":{"@id":"https:\/\/apgsolutions.com\/fr\/job-positions\/open-saint-germain-en-laye-positions\/#breadcrumb"},"inLanguage":"fr-FR","potentialAction":[{"@type":"ReadAction","target":["https:\/\/apgsolutions.com\/fr\/job-positions\/open-saint-germain-en-laye-positions\/"]}]},{"@type":"BreadcrumbList","@id":"https:\/\/apgsolutions.com\/fr\/job-positions\/open-saint-germain-en-laye-positions\/#breadcrumb","itemListElement":[{"@type":"ListItem","position":1,"name":"Postes \u00e0 pourvoir","item":"https:\/\/apgsolutions.com\/fr\/job-positions\/"},{"@type":"ListItem","position":2,"name":"Positions ouvertes \u00e0 Saint Germain en Laye"}]},{"@type":"WebSite","@id":"https:\/\/apgsolutions.com\/fr\/#website","url":"https:\/\/apgsolutions.com\/fr\/","name":"APG Solutions, LLC","description":"Trust at every point.","publisher":{"@id":"https:\/\/apgsolutions.com\/fr\/#organization"},"potentialAction":[{"@type":"SearchAction","target":{"@type":"EntryPoint","urlTemplate":"https:\/\/apgsolutions.com\/fr\/?s={search_term_string}"},"query-input":{"@type":"PropertyValueSpecification","valueRequired":true,"valueName":"search_term_string"}}],"inLanguage":"fr-FR"},{"@type":"Organization","@id":"https:\/\/apgsolutions.com\/fr\/#organization","name":"APG Solution, LLC","url":"https:\/\/apgsolutions.com\/fr\/","logo":{"@type":"ImageObject","inLanguage":"fr-FR","@id":"https:\/\/apgsolutions.com\/fr\/#\/schema\/logo\/image\/","url":"https:\/\/apgsolutions.com\/wp-content\/uploads\/2023\/12\/logomark-color.svg","contentUrl":"https:\/\/apgsolutions.com\/wp-content\/uploads\/2023\/12\/logomark-color.svg","width":141,"height":138,"caption":"APG Solution, LLC"},"image":{"@id":"https:\/\/apgsolutions.com\/fr\/#\/schema\/logo\/image\/"},"sameAs":["https:\/\/www.facebook.com\/apgglobalsolutions","https:\/\/x.com\/apg_solutions","https:\/\/www.youtube.com\/c\/CashManagementGlobalSolutionsbyapg","https:\/\/www.linkedin.com\/company\/apgglobalsolutions\/","https:\/\/www.instagram.com\/apgglobalsolutions\/","https:\/\/www.pinterest.com\/apgcashdrawer\/"]}]}},"acf":[],"_links":{"self":[{"href":"https:\/\/apgsolutions.com\/fr\/wp-json\/wp\/v2\/pages\/95108","targetHints":{"allow":["GET"]}}],"collection":[{"href":"https:\/\/apgsolutions.com\/fr\/wp-json\/wp\/v2\/pages"}],"about":[{"href":"https:\/\/apgsolutions.com\/fr\/wp-json\/wp\/v2\/types\/page"}],"author":[{"embeddable":true,"href":"https:\/\/apgsolutions.com\/fr\/wp-json\/wp\/v2\/users\/4"}],"replies":[{"embeddable":true,"href":"https:\/\/apgsolutions.com\/fr\/wp-json\/wp\/v2\/comments?post=95108"}],"version-history":[{"count":4,"href":"https:\/\/apgsolutions.com\/fr\/wp-json\/wp\/v2\/pages\/95108\/revisions"}],"predecessor-version":[{"id":98407,"href":"https:\/\/apgsolutions.com\/fr\/wp-json\/wp\/v2\/pages\/95108\/revisions\/98407"}],"up":[{"embeddable":true,"href":"https:\/\/apgsolutions.com\/fr\/wp-json\/wp\/v2\/pages\/64493"}],"wp:attachment":[{"href":"https:\/\/apgsolutions.com\/fr\/wp-json\/wp\/v2\/media?parent=95108"}],"curies":[{"name":"wp","href":"https:\/\/api.w.org\/{rel}","templated":true}]}}