{"id":95271,"date":"2025-10-15T04:00:07","date_gmt":"2025-10-15T04:00:07","guid":{"rendered":"https:\/\/apgsolutions.com\/oem-fujitsu-australia-2\/"},"modified":"2025-10-15T10:02:51","modified_gmt":"2025-10-15T10:02:51","slug":"oem-fujitsu-australia-2","status":"publish","type":"page","link":"https:\/\/apgsolutions.com\/fr\/oem-fujitsu-australia-2\/","title":{"rendered":"OEM Fujitsu Australie"},"content":{"rendered":"<div class=\"section_page-header \">\n    <img decoding=\"async\" class=\"header-image\" src=\"https:\/\/apgsolutions.com\/wp-content\/uploads\/2023\/04\/dark-blue-rotated.jpg\" alt=\"dark-blue\" title=\"dark-blue\">\n            <div class=\"header-content\">\n            <h1>OEM \u2013 Fujitsu (Australia)<\/h1>\n        <\/div>\n    <\/div><div class=\"wp-block-image\">\n<figure class=\"aligncenter size-full\"><img fetchpriority=\"high\" decoding=\"async\" width=\"286\" height=\"176\" src=\"https:\/\/apgsolutions.com\/wp-content\/uploads\/2023\/05\/Fujitsu-logo1.jpg\" alt=\"Fujitsu-logo1\" class=\"wp-image-3799\"\/><\/figure>\n<\/div>\n<p class=\"has-text-align-center\">Veuillez contacter Fujitsu (Australie) pour tous les produits de cette liste.<\/p>\n\n<p class=\"has-text-align-center\">T\u00e9l\u00e9phone : +61 2 9113 9200 | Site Internet : <a href=\"https:\/\/www.fujitsu.com\/au\/\" target=\"_blank\" rel=\"noreferrer noopener nofollow\">www.fujitsu.com\/au\/<\/a><\/p>\n\n<figure class=\"wp-block-table is-style-stripes\"><table><thead><tr><th>Num\u00e9ro de pi\u00e8ce du produit<\/th><th>Description<\/th><th>Code produit<\/th><\/tr><\/thead><tbody><tr><td>JB092-3-BL1816-C<\/td><td>TIROIR-CAISSE S4000<\/td><td>S4000-FG<\/td><\/tr><tr><td>MFS546-1-BG460<\/td><td>TIROIR-CAISSE \u00c0 RABAT<\/td><td>FLIPTOP-FG<\/td><\/tr><tr><td>MFS546-BG460<\/td><td>TIROIR-CAISSE \u00c0 RABAT<\/td><td>FLIPTOP-FG<\/td><\/tr><\/tbody><\/table><\/figure>\n","protected":false},"excerpt":{"rendered":"<p>Veuillez contacter Fujitsu (Australie) pour tous les produits de cette liste. T\u00e9l\u00e9phone : +61 2 9113 9200 | Site Internet : www.fujitsu.com\/au\/ Num\u00e9ro de pi\u00e8ce du produit Description Code produit JB092-3-BL1816-C TIROIR-CAISSE S4000 S4000-FG MFS546-1-BG460 TIROIR-CAISSE \u00c0 RABAT FLIPTOP-FG MFS546-BG460 TIROIR-CAISSE \u00c0 RABAT FLIPTOP-FG<\/p>\n","protected":false},"author":4,"featured_media":0,"parent":0,"menu_order":0,"comment_status":"closed","ping_status":"closed","template":"","meta":{"_acf_changed":false,"content-type":"","footnotes":""},"class_list":["post-95271","page","type-page","status-publish"],"yoast_head":"<!-- This site is optimized with the Yoast SEO Premium plugin v23.5 (Yoast SEO v27.2) - https:\/\/yoast.com\/product\/yoast-seo-premium-wordpress\/ -->\n<title>Fujitsu (Australie) - Fabricant d&#039;\u00e9quipements d&#039;origine (OEM) - APG<\/title>\n<meta name=\"description\" content=\"Veuillez contacter Fujitsu (Australie) pour tous les produits de cette liste. T\u00e9l\u00e9phone : +61 2 9113 9200 +61 2 9113 9200 | Site web : www.fujitsu.com\/au\" \/>\n<meta name=\"robots\" content=\"index, follow, max-snippet:-1, max-image-preview:large, max-video-preview:-1\" \/>\n<link rel=\"canonical\" href=\"https:\/\/apgsolutions.com\/fr\/oem-fujitsu-australia-2\/\" \/>\n<meta property=\"og:locale\" content=\"fr_FR\" \/>\n<meta property=\"og:type\" content=\"article\" \/>\n<meta property=\"og:title\" content=\"Fujitsu (Australie) - Fabricant d&#039;\u00e9quipements d&#039;origine (OEM) - APG\" \/>\n<meta property=\"og:description\" content=\"Veuillez contacter Fujitsu (Australie) pour tous les produits de cette liste. T\u00e9l\u00e9phone : +61 2 9113 9200 +61 2 9113 9200 | Site web : www.fujitsu.com\/au\" \/>\n<meta property=\"og:url\" content=\"https:\/\/apgsolutions.com\/fr\/oem-fujitsu-australia-2\/\" \/>\n<meta property=\"og:site_name\" content=\"apg\u00ae Solutions\" \/>\n<meta property=\"article:publisher\" content=\"https:\/\/www.facebook.com\/apgglobalsolutions\" \/>\n<meta property=\"article:modified_time\" content=\"2025-10-15T10:02:51+00:00\" \/>\n<meta property=\"og:image\" content=\"https:\/\/apgsolutions.com\/wp-content\/uploads\/2023\/05\/Fujitsu-logo1.jpg\" \/>\n<meta name=\"twitter:card\" content=\"summary_large_image\" \/>\n<meta name=\"twitter:site\" content=\"@apg_solutions\" \/>\n<script type=\"application\/ld+json\" class=\"yoast-schema-graph\">{\"@context\":\"https:\/\/schema.org\",\"@graph\":[{\"@type\":\"WebPage\",\"@id\":\"https:\/\/apgsolutions.com\/fr\/oem-fujitsu-australia-2\/\",\"url\":\"https:\/\/apgsolutions.com\/fr\/oem-fujitsu-australia-2\/\",\"name\":\"Fujitsu (Australie) - Fabricant d'\u00e9quipements d'origine (OEM) - APG\",\"isPartOf\":{\"@id\":\"https:\/\/apgsolutions.com\/fr\/#website\"},\"primaryImageOfPage\":{\"@id\":\"https:\/\/apgsolutions.com\/fr\/oem-fujitsu-australia-2\/#primaryimage\"},\"image\":{\"@id\":\"https:\/\/apgsolutions.com\/fr\/oem-fujitsu-australia-2\/#primaryimage\"},\"thumbnailUrl\":\"https:\/\/apgsolutions.com\/wp-content\/uploads\/2023\/05\/Fujitsu-logo1.jpg\",\"datePublished\":\"2025-10-15T04:00:07+00:00\",\"dateModified\":\"2025-10-15T10:02:51+00:00\",\"description\":\"Veuillez contacter Fujitsu (Australie) pour tous les produits de cette liste. T\u00e9l\u00e9phone : +61 2 9113 9200 +61 2 9113 9200 | Site web : www.fujitsu.com\/au\",\"inLanguage\":\"fr-FR\",\"potentialAction\":[{\"@type\":\"ReadAction\",\"target\":[\"https:\/\/apgsolutions.com\/fr\/oem-fujitsu-australia-2\/\"]}]},{\"@type\":\"ImageObject\",\"inLanguage\":\"fr-FR\",\"@id\":\"https:\/\/apgsolutions.com\/fr\/oem-fujitsu-australia-2\/#primaryimage\",\"url\":\"https:\/\/apgsolutions.com\/wp-content\/uploads\/2023\/05\/Fujitsu-logo1.jpg\",\"contentUrl\":\"https:\/\/apgsolutions.com\/wp-content\/uploads\/2023\/05\/Fujitsu-logo1.jpg\"},{\"@type\":\"WebSite\",\"@id\":\"https:\/\/apgsolutions.com\/fr\/#website\",\"url\":\"https:\/\/apgsolutions.com\/fr\/\",\"name\":\"APG Solutions, LLC\",\"description\":\"Trust at every point.\",\"publisher\":{\"@id\":\"https:\/\/apgsolutions.com\/fr\/#organization\"},\"potentialAction\":[{\"@type\":\"SearchAction\",\"target\":{\"@type\":\"EntryPoint\",\"urlTemplate\":\"https:\/\/apgsolutions.com\/fr\/?s={search_term_string}\"},\"query-input\":{\"@type\":\"PropertyValueSpecification\",\"valueRequired\":true,\"valueName\":\"search_term_string\"}}],\"inLanguage\":\"fr-FR\"},{\"@type\":\"Organization\",\"@id\":\"https:\/\/apgsolutions.com\/fr\/#organization\",\"name\":\"APG Solution, LLC\",\"url\":\"https:\/\/apgsolutions.com\/fr\/\",\"logo\":{\"@type\":\"ImageObject\",\"inLanguage\":\"fr-FR\",\"@id\":\"https:\/\/apgsolutions.com\/fr\/#\/schema\/logo\/image\/\",\"url\":\"https:\/\/apgsolutions.com\/wp-content\/uploads\/2023\/12\/logomark-color.svg\",\"contentUrl\":\"https:\/\/apgsolutions.com\/wp-content\/uploads\/2023\/12\/logomark-color.svg\",\"width\":141,\"height\":138,\"caption\":\"APG Solution, LLC\"},\"image\":{\"@id\":\"https:\/\/apgsolutions.com\/fr\/#\/schema\/logo\/image\/\"},\"sameAs\":[\"https:\/\/www.facebook.com\/apgglobalsolutions\",\"https:\/\/x.com\/apg_solutions\",\"https:\/\/www.youtube.com\/c\/CashManagementGlobalSolutionsbyapg\",\"https:\/\/www.linkedin.com\/company\/apgglobalsolutions\/\",\"https:\/\/www.instagram.com\/apgglobalsolutions\/\",\"https:\/\/www.pinterest.com\/apgcashdrawer\/\"]}]}<\/script>\n<!-- \/ Yoast SEO Premium plugin. -->","yoast_head_json":{"title":"Fujitsu (Australie) - Fabricant d'\u00e9quipements d'origine (OEM) - APG","description":"Veuillez contacter Fujitsu (Australie) pour tous les produits de cette liste. T\u00e9l\u00e9phone : +61 2 9113 9200 +61 2 9113 9200 | Site web : www.fujitsu.com\/au","robots":{"index":"index","follow":"follow","max-snippet":"max-snippet:-1","max-image-preview":"max-image-preview:large","max-video-preview":"max-video-preview:-1"},"canonical":"https:\/\/apgsolutions.com\/fr\/oem-fujitsu-australia-2\/","og_locale":"fr_FR","og_type":"article","og_title":"Fujitsu (Australie) - Fabricant d'\u00e9quipements d'origine (OEM) - APG","og_description":"Veuillez contacter Fujitsu (Australie) pour tous les produits de cette liste. T\u00e9l\u00e9phone : +61 2 9113 9200 +61 2 9113 9200 | Site web : www.fujitsu.com\/au","og_url":"https:\/\/apgsolutions.com\/fr\/oem-fujitsu-australia-2\/","og_site_name":"apg\u00ae Solutions","article_publisher":"https:\/\/www.facebook.com\/apgglobalsolutions","article_modified_time":"2025-10-15T10:02:51+00:00","og_image":[{"url":"https:\/\/apgsolutions.com\/wp-content\/uploads\/2023\/05\/Fujitsu-logo1.jpg","type":"","width":"","height":""}],"twitter_card":"summary_large_image","twitter_site":"@apg_solutions","schema":{"@context":"https:\/\/schema.org","@graph":[{"@type":"WebPage","@id":"https:\/\/apgsolutions.com\/fr\/oem-fujitsu-australia-2\/","url":"https:\/\/apgsolutions.com\/fr\/oem-fujitsu-australia-2\/","name":"Fujitsu (Australie) - Fabricant d'\u00e9quipements d'origine (OEM) - APG","isPartOf":{"@id":"https:\/\/apgsolutions.com\/fr\/#website"},"primaryImageOfPage":{"@id":"https:\/\/apgsolutions.com\/fr\/oem-fujitsu-australia-2\/#primaryimage"},"image":{"@id":"https:\/\/apgsolutions.com\/fr\/oem-fujitsu-australia-2\/#primaryimage"},"thumbnailUrl":"https:\/\/apgsolutions.com\/wp-content\/uploads\/2023\/05\/Fujitsu-logo1.jpg","datePublished":"2025-10-15T04:00:07+00:00","dateModified":"2025-10-15T10:02:51+00:00","description":"Veuillez contacter Fujitsu (Australie) pour tous les produits de cette liste. T\u00e9l\u00e9phone : +61 2 9113 9200 +61 2 9113 9200 | Site web : www.fujitsu.com\/au","inLanguage":"fr-FR","potentialAction":[{"@type":"ReadAction","target":["https:\/\/apgsolutions.com\/fr\/oem-fujitsu-australia-2\/"]}]},{"@type":"ImageObject","inLanguage":"fr-FR","@id":"https:\/\/apgsolutions.com\/fr\/oem-fujitsu-australia-2\/#primaryimage","url":"https:\/\/apgsolutions.com\/wp-content\/uploads\/2023\/05\/Fujitsu-logo1.jpg","contentUrl":"https:\/\/apgsolutions.com\/wp-content\/uploads\/2023\/05\/Fujitsu-logo1.jpg"},{"@type":"WebSite","@id":"https:\/\/apgsolutions.com\/fr\/#website","url":"https:\/\/apgsolutions.com\/fr\/","name":"APG Solutions, LLC","description":"Trust at every point.","publisher":{"@id":"https:\/\/apgsolutions.com\/fr\/#organization"},"potentialAction":[{"@type":"SearchAction","target":{"@type":"EntryPoint","urlTemplate":"https:\/\/apgsolutions.com\/fr\/?s={search_term_string}"},"query-input":{"@type":"PropertyValueSpecification","valueRequired":true,"valueName":"search_term_string"}}],"inLanguage":"fr-FR"},{"@type":"Organization","@id":"https:\/\/apgsolutions.com\/fr\/#organization","name":"APG Solution, LLC","url":"https:\/\/apgsolutions.com\/fr\/","logo":{"@type":"ImageObject","inLanguage":"fr-FR","@id":"https:\/\/apgsolutions.com\/fr\/#\/schema\/logo\/image\/","url":"https:\/\/apgsolutions.com\/wp-content\/uploads\/2023\/12\/logomark-color.svg","contentUrl":"https:\/\/apgsolutions.com\/wp-content\/uploads\/2023\/12\/logomark-color.svg","width":141,"height":138,"caption":"APG Solution, LLC"},"image":{"@id":"https:\/\/apgsolutions.com\/fr\/#\/schema\/logo\/image\/"},"sameAs":["https:\/\/www.facebook.com\/apgglobalsolutions","https:\/\/x.com\/apg_solutions","https:\/\/www.youtube.com\/c\/CashManagementGlobalSolutionsbyapg","https:\/\/www.linkedin.com\/company\/apgglobalsolutions\/","https:\/\/www.instagram.com\/apgglobalsolutions\/","https:\/\/www.pinterest.com\/apgcashdrawer\/"]}]}},"acf":[],"_links":{"self":[{"href":"https:\/\/apgsolutions.com\/fr\/wp-json\/wp\/v2\/pages\/95271","targetHints":{"allow":["GET"]}}],"collection":[{"href":"https:\/\/apgsolutions.com\/fr\/wp-json\/wp\/v2\/pages"}],"about":[{"href":"https:\/\/apgsolutions.com\/fr\/wp-json\/wp\/v2\/types\/page"}],"author":[{"embeddable":true,"href":"https:\/\/apgsolutions.com\/fr\/wp-json\/wp\/v2\/users\/4"}],"replies":[{"embeddable":true,"href":"https:\/\/apgsolutions.com\/fr\/wp-json\/wp\/v2\/comments?post=95271"}],"version-history":[{"count":3,"href":"https:\/\/apgsolutions.com\/fr\/wp-json\/wp\/v2\/pages\/95271\/revisions"}],"predecessor-version":[{"id":95730,"href":"https:\/\/apgsolutions.com\/fr\/wp-json\/wp\/v2\/pages\/95271\/revisions\/95730"}],"wp:attachment":[{"href":"https:\/\/apgsolutions.com\/fr\/wp-json\/wp\/v2\/media?parent=95271"}],"curies":[{"name":"wp","href":"https:\/\/api.w.org\/{rel}","templated":true}]}}