{"id":95277,"date":"2025-10-15T04:00:54","date_gmt":"2025-10-15T04:00:54","guid":{"rendered":"https:\/\/apgsolutions.com\/oem-fujitsu-emea-2\/"},"modified":"2025-10-15T10:02:55","modified_gmt":"2025-10-15T10:02:55","slug":"oem-fujitsu-emea-2","status":"publish","type":"page","link":"https:\/\/apgsolutions.com\/fr\/oem-fujitsu-emea-2\/","title":{"rendered":"OEM Fujitsu EMEA"},"content":{"rendered":"<div class=\"section_page-header \">\n    <img decoding=\"async\" class=\"header-image\" src=\"https:\/\/apgsolutions.com\/wp-content\/uploads\/2023\/04\/dark-blue-rotated.jpg\" alt=\"dark-blue\" title=\"dark-blue\">\n            <div class=\"header-content\">\n            <h1>OEM \u2013 Fujitsu (EMEA)<\/h1>\n        <\/div>\n    <\/div><div class=\"wp-block-image\">\n<figure class=\"aligncenter size-full\"><img decoding=\"async\" src=\"https:\/\/apgsolutions.com\/wp-content\/uploads\/2023\/05\/Fujitsu-logo1-1.jpg\" alt=\"Fujitsu Logo1 1\" class=\"wp-image-3809\"\/><\/figure>\n<\/div>\n<p class=\"has-text-align-center\">Veuillez contacter Fujitsu (EMEA) pour tous les produits de cette liste.<\/p>\n\n<p class=\"has-text-align-center\">Site web : www.fujitsu.com\/emea\/<\/p>\n\n<figure class=\"wp-block-table is-style-stripes\"><table><thead><tr><th>Num\u00e9ro de pi\u00e8ce du produit<\/th><th>Description<\/th><th>Code produit<\/th><\/tr><\/thead><tbody><tr><td>INT646-BL16195-M1<\/td><td>FUJITSU STACKED SOLUTION, EURO TRAY<\/td><td>INTEGRAT-FG<\/td><\/tr><tr><td>INT646-BL16195-M5<\/td><td>FUJITSU STACKED SOLUTION, STERLING TRAY<\/td><td>INTEGRAT-FG<\/td><\/tr><tr><td>JB092-3-BL1816-C<\/td><td>TIROIR-CAISSE S4000, NOIR<\/td><td>S4000-FG<\/td><\/tr><tr><td>JB646-BL1816-M1<\/td><td>TIROIR-CAISSE STANDARD FUJITSU, NOIR<\/td><td>S4000-FG<\/td><\/tr><tr><td>JB646-BL1816-M5<\/td><td>TIROIR-CAISSE STANDARD FUJITSU, NOIR<\/td><td>S4000-FG<\/td><\/tr><tr><td>JB646-CW1816-M1<\/td><td>FUJITSU STANDARD CASH DRAWER, CLOUD WHT<\/td><td>S4000-FG<\/td><\/tr><tr><td>JB646-CW1816-M5<\/td><td>FUJITSU STANDARD CASH DRAWER, CLOUD WHT<\/td><td>S4000-FG<\/td><\/tr><tr><td>JG646-2-BL1517<\/td><td>FUJITSU (EU) CASH DRAWER, BLACK &#8211; 2YR  <\/td><td>S4000-FG<\/td><\/tr><tr><td>JG646-BL1517  <\/td><td>TIROIR-CAISSE FUJITSU (EU), NOIR  <\/td><td>S4000-FG<\/td><\/tr><tr><td>JG646-CW1517<\/td><td>TIROIR-CAISSE FUJITSU (EU)<\/td><td>S4000-FG<\/td><\/tr><tr><td>MFS646-BG460<\/td><td>TIROIR-CAISSE FUJITSU FLIP-TOP, BEIGE<\/td><td>FLIPTOP-FG<\/td><\/tr><tr><td>MFS646-BL460<\/td><td>TIROIR-CAISSE FUJITSU FLIP-TOP, NOIR  <\/td><td>FLIPTOP-FG<\/td><\/tr><tr><td>T646-BL1616-M1<\/td><td>TIROIR-CAISSE COMPACT FUJITSU, NOIR<\/td><td>S100-FG<\/td><\/tr><tr><td>T646-BL1616-M5  <\/td><td>TIROIR-CAISSE COMPACT FUJITSU, NOIR  <\/td><td>S100-FG<\/td><\/tr><tr><td>T646-CW1616-M1<\/td><td>TIROIR-CAISSE COMPACT FUJITSU, BLANC NUAGE<\/td><td>S100-FG<\/td><\/tr><tr><td>T646-CW1616-M5<\/td><td>TIROIR-CAISSE COMPACT FUJITSU, BLANC NUAGE<\/td><td>S100-FG<\/td><\/tr><tr><td>VB646-BL1212<\/td><td>TIROIR-CAISSE VASARIO\u2122<\/td><td>VASARIO-FG<\/td><\/tr><\/tbody><\/table><\/figure>\n","protected":false},"excerpt":{"rendered":"<p>Veuillez contacter Fujitsu (EMEA) pour tous les produits de cette liste. Site web : www.fujitsu.com\/emea\/ Num\u00e9ro de pi\u00e8ce du produit Description Code produit INT646-BL16195-M1 FUJITSU STACKED SOLUTION, EURO TRAY INTEGRAT-FG INT646-BL16195-M5 FUJITSU STACKED SOLUTION, STERLING TRAY INTEGRAT-FG JB092-3-BL1816-C TIROIR-CAISSE S4000, NOIR S4000-FG JB646-BL1816-M1 TIROIR-CAISSE STANDARD FUJITSU, NOIR S4000-FG JB646-BL1816-M5 TIROIR-CAISSE STANDARD FUJITSU, NOIR S4000-FG JB646-CW1816-M1 [&hellip;]<\/p>\n","protected":false},"author":4,"featured_media":0,"parent":0,"menu_order":0,"comment_status":"closed","ping_status":"closed","template":"","meta":{"_acf_changed":false,"content-type":"","footnotes":""},"class_list":["post-95277","page","type-page","status-publish"],"yoast_head":"<!-- This site is optimized with the Yoast SEO Premium plugin v23.5 (Yoast SEO v27.2) - https:\/\/yoast.com\/product\/yoast-seo-premium-wordpress\/ -->\n<title>Fujitsu (EMEA) - Fabricant d&#039;\u00e9quipements d&#039;origine (OEM) - APG<\/title>\n<meta name=\"description\" content=\"Veuillez contacter Fujitsu (EMEA) pour obtenir la liste des num\u00e9ros de pi\u00e8ces et des codes de produits OEM. Visitez leur site web : www.fujitsu.com\/emea\" \/>\n<meta name=\"robots\" content=\"index, follow, max-snippet:-1, max-image-preview:large, max-video-preview:-1\" \/>\n<link rel=\"canonical\" href=\"https:\/\/apgsolutions.com\/fr\/oem-fujitsu-emea-2\/\" \/>\n<meta property=\"og:locale\" content=\"fr_FR\" \/>\n<meta property=\"og:type\" content=\"article\" \/>\n<meta property=\"og:title\" content=\"Fujitsu (EMEA) - Fabricant d&#039;\u00e9quipements d&#039;origine (OEM) - APG\" \/>\n<meta property=\"og:description\" content=\"Veuillez contacter Fujitsu (EMEA) pour obtenir la liste des num\u00e9ros de pi\u00e8ces et des codes de produits OEM. Visitez leur site web : www.fujitsu.com\/emea\" \/>\n<meta property=\"og:url\" content=\"https:\/\/apgsolutions.com\/fr\/oem-fujitsu-emea-2\/\" \/>\n<meta property=\"og:site_name\" content=\"apg\u00ae Solutions\" \/>\n<meta property=\"article:publisher\" content=\"https:\/\/www.facebook.com\/apgglobalsolutions\" \/>\n<meta property=\"article:modified_time\" content=\"2025-10-15T10:02:55+00:00\" \/>\n<meta property=\"og:image\" content=\"https:\/\/apgsolutions.com\/wp-content\/uploads\/2023\/05\/Fujitsu-logo1-1.jpg\" \/>\n<meta name=\"twitter:card\" content=\"summary_large_image\" \/>\n<meta name=\"twitter:site\" content=\"@apg_solutions\" \/>\n<meta name=\"twitter:label1\" content=\"Dur\u00e9e de lecture estim\u00e9e\" \/>\n\t<meta name=\"twitter:data1\" content=\"1 minute\" \/>\n<script type=\"application\/ld+json\" class=\"yoast-schema-graph\">{\"@context\":\"https:\/\/schema.org\",\"@graph\":[{\"@type\":\"WebPage\",\"@id\":\"https:\/\/apgsolutions.com\/fr\/oem-fujitsu-emea-2\/\",\"url\":\"https:\/\/apgsolutions.com\/fr\/oem-fujitsu-emea-2\/\",\"name\":\"Fujitsu (EMEA) - Fabricant d'\u00e9quipements d'origine (OEM) - APG\",\"isPartOf\":{\"@id\":\"https:\/\/apgsolutions.com\/fr\/#website\"},\"primaryImageOfPage\":{\"@id\":\"https:\/\/apgsolutions.com\/fr\/oem-fujitsu-emea-2\/#primaryimage\"},\"image\":{\"@id\":\"https:\/\/apgsolutions.com\/fr\/oem-fujitsu-emea-2\/#primaryimage\"},\"thumbnailUrl\":\"https:\/\/apgsolutions.com\/wp-content\/uploads\/2023\/05\/Fujitsu-logo1-1.jpg\",\"datePublished\":\"2025-10-15T04:00:54+00:00\",\"dateModified\":\"2025-10-15T10:02:55+00:00\",\"description\":\"Veuillez contacter Fujitsu (EMEA) pour obtenir la liste des num\u00e9ros de pi\u00e8ces et des codes de produits OEM. Visitez leur site web : www.fujitsu.com\/emea\",\"inLanguage\":\"fr-FR\",\"potentialAction\":[{\"@type\":\"ReadAction\",\"target\":[\"https:\/\/apgsolutions.com\/fr\/oem-fujitsu-emea-2\/\"]}]},{\"@type\":\"ImageObject\",\"inLanguage\":\"fr-FR\",\"@id\":\"https:\/\/apgsolutions.com\/fr\/oem-fujitsu-emea-2\/#primaryimage\",\"url\":\"https:\/\/apgsolutions.com\/wp-content\/uploads\/2023\/05\/Fujitsu-logo1-1.jpg\",\"contentUrl\":\"https:\/\/apgsolutions.com\/wp-content\/uploads\/2023\/05\/Fujitsu-logo1-1.jpg\"},{\"@type\":\"WebSite\",\"@id\":\"https:\/\/apgsolutions.com\/fr\/#website\",\"url\":\"https:\/\/apgsolutions.com\/fr\/\",\"name\":\"APG Solutions, LLC\",\"description\":\"Trust at every point.\",\"publisher\":{\"@id\":\"https:\/\/apgsolutions.com\/fr\/#organization\"},\"potentialAction\":[{\"@type\":\"SearchAction\",\"target\":{\"@type\":\"EntryPoint\",\"urlTemplate\":\"https:\/\/apgsolutions.com\/fr\/?s={search_term_string}\"},\"query-input\":{\"@type\":\"PropertyValueSpecification\",\"valueRequired\":true,\"valueName\":\"search_term_string\"}}],\"inLanguage\":\"fr-FR\"},{\"@type\":\"Organization\",\"@id\":\"https:\/\/apgsolutions.com\/fr\/#organization\",\"name\":\"APG Solution, LLC\",\"url\":\"https:\/\/apgsolutions.com\/fr\/\",\"logo\":{\"@type\":\"ImageObject\",\"inLanguage\":\"fr-FR\",\"@id\":\"https:\/\/apgsolutions.com\/fr\/#\/schema\/logo\/image\/\",\"url\":\"https:\/\/apgsolutions.com\/wp-content\/uploads\/2023\/12\/logomark-color.svg\",\"contentUrl\":\"https:\/\/apgsolutions.com\/wp-content\/uploads\/2023\/12\/logomark-color.svg\",\"width\":141,\"height\":138,\"caption\":\"APG Solution, LLC\"},\"image\":{\"@id\":\"https:\/\/apgsolutions.com\/fr\/#\/schema\/logo\/image\/\"},\"sameAs\":[\"https:\/\/www.facebook.com\/apgglobalsolutions\",\"https:\/\/x.com\/apg_solutions\",\"https:\/\/www.youtube.com\/c\/CashManagementGlobalSolutionsbyapg\",\"https:\/\/www.linkedin.com\/company\/apgglobalsolutions\/\",\"https:\/\/www.instagram.com\/apgglobalsolutions\/\",\"https:\/\/www.pinterest.com\/apgcashdrawer\/\"]}]}<\/script>\n<!-- \/ Yoast SEO Premium plugin. -->","yoast_head_json":{"title":"Fujitsu (EMEA) - Fabricant d'\u00e9quipements d'origine (OEM) - APG","description":"Veuillez contacter Fujitsu (EMEA) pour obtenir la liste des num\u00e9ros de pi\u00e8ces et des codes de produits OEM. Visitez leur site web : www.fujitsu.com\/emea","robots":{"index":"index","follow":"follow","max-snippet":"max-snippet:-1","max-image-preview":"max-image-preview:large","max-video-preview":"max-video-preview:-1"},"canonical":"https:\/\/apgsolutions.com\/fr\/oem-fujitsu-emea-2\/","og_locale":"fr_FR","og_type":"article","og_title":"Fujitsu (EMEA) - Fabricant d'\u00e9quipements d'origine (OEM) - APG","og_description":"Veuillez contacter Fujitsu (EMEA) pour obtenir la liste des num\u00e9ros de pi\u00e8ces et des codes de produits OEM. Visitez leur site web : www.fujitsu.com\/emea","og_url":"https:\/\/apgsolutions.com\/fr\/oem-fujitsu-emea-2\/","og_site_name":"apg\u00ae Solutions","article_publisher":"https:\/\/www.facebook.com\/apgglobalsolutions","article_modified_time":"2025-10-15T10:02:55+00:00","og_image":[{"url":"https:\/\/apgsolutions.com\/wp-content\/uploads\/2023\/05\/Fujitsu-logo1-1.jpg","type":"","width":"","height":""}],"twitter_card":"summary_large_image","twitter_site":"@apg_solutions","twitter_misc":{"Dur\u00e9e de lecture estim\u00e9e":"1 minute"},"schema":{"@context":"https:\/\/schema.org","@graph":[{"@type":"WebPage","@id":"https:\/\/apgsolutions.com\/fr\/oem-fujitsu-emea-2\/","url":"https:\/\/apgsolutions.com\/fr\/oem-fujitsu-emea-2\/","name":"Fujitsu (EMEA) - Fabricant d'\u00e9quipements d'origine (OEM) - APG","isPartOf":{"@id":"https:\/\/apgsolutions.com\/fr\/#website"},"primaryImageOfPage":{"@id":"https:\/\/apgsolutions.com\/fr\/oem-fujitsu-emea-2\/#primaryimage"},"image":{"@id":"https:\/\/apgsolutions.com\/fr\/oem-fujitsu-emea-2\/#primaryimage"},"thumbnailUrl":"https:\/\/apgsolutions.com\/wp-content\/uploads\/2023\/05\/Fujitsu-logo1-1.jpg","datePublished":"2025-10-15T04:00:54+00:00","dateModified":"2025-10-15T10:02:55+00:00","description":"Veuillez contacter Fujitsu (EMEA) pour obtenir la liste des num\u00e9ros de pi\u00e8ces et des codes de produits OEM. Visitez leur site web : www.fujitsu.com\/emea","inLanguage":"fr-FR","potentialAction":[{"@type":"ReadAction","target":["https:\/\/apgsolutions.com\/fr\/oem-fujitsu-emea-2\/"]}]},{"@type":"ImageObject","inLanguage":"fr-FR","@id":"https:\/\/apgsolutions.com\/fr\/oem-fujitsu-emea-2\/#primaryimage","url":"https:\/\/apgsolutions.com\/wp-content\/uploads\/2023\/05\/Fujitsu-logo1-1.jpg","contentUrl":"https:\/\/apgsolutions.com\/wp-content\/uploads\/2023\/05\/Fujitsu-logo1-1.jpg"},{"@type":"WebSite","@id":"https:\/\/apgsolutions.com\/fr\/#website","url":"https:\/\/apgsolutions.com\/fr\/","name":"APG Solutions, LLC","description":"Trust at every point.","publisher":{"@id":"https:\/\/apgsolutions.com\/fr\/#organization"},"potentialAction":[{"@type":"SearchAction","target":{"@type":"EntryPoint","urlTemplate":"https:\/\/apgsolutions.com\/fr\/?s={search_term_string}"},"query-input":{"@type":"PropertyValueSpecification","valueRequired":true,"valueName":"search_term_string"}}],"inLanguage":"fr-FR"},{"@type":"Organization","@id":"https:\/\/apgsolutions.com\/fr\/#organization","name":"APG Solution, LLC","url":"https:\/\/apgsolutions.com\/fr\/","logo":{"@type":"ImageObject","inLanguage":"fr-FR","@id":"https:\/\/apgsolutions.com\/fr\/#\/schema\/logo\/image\/","url":"https:\/\/apgsolutions.com\/wp-content\/uploads\/2023\/12\/logomark-color.svg","contentUrl":"https:\/\/apgsolutions.com\/wp-content\/uploads\/2023\/12\/logomark-color.svg","width":141,"height":138,"caption":"APG Solution, LLC"},"image":{"@id":"https:\/\/apgsolutions.com\/fr\/#\/schema\/logo\/image\/"},"sameAs":["https:\/\/www.facebook.com\/apgglobalsolutions","https:\/\/x.com\/apg_solutions","https:\/\/www.youtube.com\/c\/CashManagementGlobalSolutionsbyapg","https:\/\/www.linkedin.com\/company\/apgglobalsolutions\/","https:\/\/www.instagram.com\/apgglobalsolutions\/","https:\/\/www.pinterest.com\/apgcashdrawer\/"]}]}},"acf":[],"_links":{"self":[{"href":"https:\/\/apgsolutions.com\/fr\/wp-json\/wp\/v2\/pages\/95277","targetHints":{"allow":["GET"]}}],"collection":[{"href":"https:\/\/apgsolutions.com\/fr\/wp-json\/wp\/v2\/pages"}],"about":[{"href":"https:\/\/apgsolutions.com\/fr\/wp-json\/wp\/v2\/types\/page"}],"author":[{"embeddable":true,"href":"https:\/\/apgsolutions.com\/fr\/wp-json\/wp\/v2\/users\/4"}],"replies":[{"embeddable":true,"href":"https:\/\/apgsolutions.com\/fr\/wp-json\/wp\/v2\/comments?post=95277"}],"version-history":[{"count":3,"href":"https:\/\/apgsolutions.com\/fr\/wp-json\/wp\/v2\/pages\/95277\/revisions"}],"predecessor-version":[{"id":95736,"href":"https:\/\/apgsolutions.com\/fr\/wp-json\/wp\/v2\/pages\/95277\/revisions\/95736"}],"wp:attachment":[{"href":"https:\/\/apgsolutions.com\/fr\/wp-json\/wp\/v2\/media?parent=95277"}],"curies":[{"name":"wp","href":"https:\/\/api.w.org\/{rel}","templated":true}]}}