{"id":95360,"date":"2025-10-15T04:16:46","date_gmt":"2025-10-15T04:16:46","guid":{"rendered":"https:\/\/apgsolutions.com\/oem-ncr-2\/"},"modified":"2026-01-22T14:47:49","modified_gmt":"2026-01-22T14:47:49","slug":"oem-ncr-2","status":"publish","type":"page","link":"https:\/\/apgsolutions.com\/fr\/oem-ncr-2\/","title":{"rendered":"OEM NCR"},"content":{"rendered":"<div class=\"section_page-header \">\n    <img decoding=\"async\" class=\"header-image\" src=\"https:\/\/apgsolutions.com\/wp-content\/uploads\/2023\/04\/dark-blue-rotated.jpg\" alt=\"dark-blue\" title=\"dark-blue\">\n            <div class=\"header-content\">\n            <h1>OEM \u2013 NCR<\/h1>\n        <\/div>\n    <\/div><div class=\"wp-block-image\">\n<figure class=\"aligncenter size-medium\"><img fetchpriority=\"high\" decoding=\"async\" width=\"300\" height=\"300\" src=\"https:\/\/apgsolutions.com\/wp-content\/uploads\/2023\/05\/NCR-300x300.jpg\" alt=\"NCR\" class=\"wp-image-3663\" srcset=\"https:\/\/apgsolutions.com\/wp-content\/uploads\/2023\/05\/NCR-300x300.jpg 300w, https:\/\/apgsolutions.com\/wp-content\/uploads\/2023\/05\/NCR-1024x1024.jpg 1024w, https:\/\/apgsolutions.com\/wp-content\/uploads\/2023\/05\/NCR-150x150.jpg 150w, https:\/\/apgsolutions.com\/wp-content\/uploads\/2023\/05\/NCR-768x768.jpg 768w, https:\/\/apgsolutions.com\/wp-content\/uploads\/2023\/05\/NCR-1536x1536.jpg 1536w, https:\/\/apgsolutions.com\/wp-content\/uploads\/2023\/05\/NCR-2048x2048.jpg 2048w, https:\/\/apgsolutions.com\/wp-content\/uploads\/2023\/05\/NCR-600x600.jpg 600w, https:\/\/apgsolutions.com\/wp-content\/uploads\/2023\/05\/NCR-100x100.jpg 100w\" sizes=\"(max-width: 300px) 100vw, 300px\" \/><\/figure>\n<\/div>\n<p class=\"has-text-align-center\">Veuillez contacter le NCR pour tous les produits de cette liste.<\/p>\n\n<p class=\"has-text-align-center\">T\u00e9l\u00e9phone : 1-800-225-5627 | Site web : <a href=\"https:\/\/www.ncr.com\/\" target=\"_blank\" rel=\"noreferrer noopener nofollow\">www.ncr.com<\/a><\/p>\n\n<figure class=\"wp-block-table is-style-stripes\"><table><thead><tr><th>ID<\/th><th>DESCRIPTION<\/th><th>CODE_PROGRAMME<\/th><\/tr><\/thead><tbody><tr><td>AB096-4-BL1611<\/td><td>S\u00c9RIE 1150 TIROIR-CAISSE<\/td><td>S1150-FG<\/td><\/tr><tr><td>AB096-5-BL1611<\/td><td>S\u00c9RIE 1150 TIROIR-CAISSE<\/td><td>S1150-FG<\/td><\/tr><tr><td>INT096-3-BL1611  <\/td><td>INT\u00c9GRATION DES TIROIRS-CAISSES DE LA S\u00c9RIE 1150  <\/td><td>INTEGRAT-FG<\/td><\/tr><tr><td>JB096-1-BL1815-M1  <\/td><td>TIROIR-CAISSE S\u00c9RIE 4000  <\/td><td>S4000-FG<\/td><\/tr><tr><td>JB096-1-BL1815-M5  <\/td><td>TIROIR-CAISSE S\u00c9RIE 4000  <\/td><td>S4000-FG<\/td><\/tr><tr><td>JC096-BL1816-C  <\/td><td>TIROIR-CAISSE S\u00c9RIE 4000  <\/td><td>S4000-FG<\/td><\/tr><tr><td>JC096-BL1816-C-K7  <\/td><td>TIROIR-CAISSE S\u00c9RIE 4000  <\/td><td>S4000-FG<\/td><\/tr><tr><td>JD096-1-BL1317  <\/td><td>TIROIR-CAISSE S\u00c9RIE 4000  <\/td><td>S4000-FG<\/td><\/tr><tr><td>JD096-BL1317  <\/td><td>TIROIR-CAISSE S\u00c9RIE 4000  <\/td><td>S4000-FG<\/td><\/tr><tr><td>JD096-BL1317-K8  <\/td><td>TIROIR-CAISSE S\u00c9RIE 4000  <\/td><td>S4000-FG<\/td><\/tr><tr><td>JD096-BL1816  <\/td><td>TIROIR-CAISSE S\u00c9RIE 4000  <\/td><td>S4000-FG<\/td><\/tr><tr><td>JD096-BL1816-C  <\/td><td>TIROIR-CAISSE S\u00c9RIE 4000  <\/td><td>S4000-FG<\/td><\/tr><tr><td>JD096-BL1816-C-K7  <\/td><td>TIROIR-CAISSE S\u00c9RIE 4000  <\/td><td>S4000-FG<\/td><\/tr><tr><td>JD096-BL1816-J  <\/td><td>TIROIR-CAISSE S\u00c9RIE 4000  <\/td><td>S4000-FG<\/td><\/tr><tr><td>JD096-BL1816-K8  <\/td><td>TIROIR-CAISSE S\u00c9RIE 4000  <\/td><td>S4000-FG<\/td><\/tr><tr><td>JD096-BL1816-M1  <\/td><td>TIROIR-CAISSE S\u00c9RIE 4000  <\/td><td>S4000-FG<\/td><\/tr><tr><td>T096-BL1616  <\/td><td>TIROIR-CAISSE S\u00c9RIE 100  <\/td><td>S100-FG<\/td><\/tr><tr><td>T096-CW1616  <\/td><td>TIROIR-CAISSE S\u00c9RIE 100  <\/td><td>S100-FG<\/td><\/tr><tr><td>VB096-1-BL1616  <\/td><td>TIROIR-CAISSE VASARIO\u2122  <\/td><td>VASARIO-FG<\/td><\/tr><tr><td>VB096-1-BL1616-00  <\/td><td>TIROIR-CAISSE VASARIO\u2122  <\/td><td>VASARIO-FG<\/td><\/tr><tr><td>VB096-2-BG1616-B5  <\/td><td>TIROIR-CAISSE VASARIO\u2122  <\/td><td>VASARIO-FG<\/td><\/tr><tr><td>VB096-2-BG1616-B5-70A  <\/td><td>ASSEMBLAGE DU TIROIR-CAISSE, BUMIL<\/td><td>VASARIO-FG<\/td><\/tr><tr><td>VB096-2-BL1616-B5  <\/td><td>TIROIR-CAISSE VASARIO\u2122  <\/td><td>VASARIO-FG<\/td><\/tr><tr><td>VB096-2-BL1616-B5-00<\/td><td>TIROIR-CAISSE VASARIO\u2122  <\/td><td>VASARIO-FG<\/td><\/tr><tr><td>VB096-3A-BG1616<\/td><td>TIROIR-CAISSE VASARIO\u2122<\/td><td>VASARIO-FG<\/td><\/tr><tr><td>VB096-BG1616  <\/td><td>TIROIR-CAISSE VASARIO\u2122  <\/td><td>VASARIO-FG<\/td><\/tr><tr><td>VB096-BG1616-00  <\/td><td>TIROIR-CAISSE VASARIO\u2122  <\/td><td>VASARIO-FG<\/td><\/tr><tr><td>VB096-BG1616-B5  <\/td><td>TIROIR-CAISSE VASARIO\u2122  <\/td><td>VASARIO-FG<\/td><\/tr><tr><td>VB096-BG1616-B5-00  <\/td><td>TIROIR-CAISSE VASARIO\u2122  <\/td><td>VASARIO-FG<\/td><\/tr><tr><td>VBS096-3-BL1616-B5  <\/td><td>TIROIR-CAISSE VASARIO\u2122  <\/td><td>VASARIO-FG<\/td><\/tr><tr><td>VBS096-3-BL1616-B5-00  <\/td><td>TIROIR-CAISSE VASARIO\u2122  <\/td><td>VASARIO-FG<\/td><\/tr><tr><td>VBS096-BL1616  <\/td><td>TIROIR-CAISSE VASARIO\u2122  <\/td><td>VASARIO-FG<\/td><\/tr><tr><td>VBS096-BL1616-00  <\/td><td>TIROIR-CAISSE VASARIO\u2122  <\/td><td>VASARIO-FG<\/td><\/tr><tr><td>VFS096-1-BG460  <\/td><td>TIROIR-CAISSE \u00c0 RABAT  <\/td><td>FLIPTOP-FG<\/td><\/tr><tr><td>VFS096-1-BL460  <\/td><td>TIROIR-CAISSE \u00c0 RABAT  <\/td><td>VASARIO-FG<\/td><\/tr><tr><td>VFS096-1-CG460  <\/td><td>TIROIR-CAISSE \u00c0 RABAT  <\/td><td>FLIPTOP-FG<\/td><\/tr><tr><td>VFS096-BG460  <\/td><td>TIROIR-CAISSE \u00c0 RABAT  <\/td><td>FLIPTOP-FG<\/td><\/tr><\/tbody><\/table><\/figure>\n\n<figure class=\"wp-block-table is-style-stripes\"><table><thead><tr><th>id<\/th><th>desc<\/th><th>code<\/th><\/tr><\/thead><tbody><tr><td>VB146-5A-BL1618<\/td><td>TIROIR-CAISSE VASARIO\u2122<\/td><td>VASARIO-FG<\/td><\/tr><tr><td>VB146-5C-BL1618<\/td><td>TIROIR-CAISSE VASARIO\u2122<\/td><td>VASARIO-FG<\/td><\/tr><tr><td>VB146-BL1416<\/td><td>TIROIR-CAISSE VASARIO\u2122<\/td><td>VASARIO-FG<\/td><\/tr><tr><td>VP146-5A-BL1416<\/td><td>TIROIR-CAISSE VASARIO\u2122<\/td><td>VASARIO-FG<\/td><\/tr><tr><td>VP146-5A-BL1416-B4<\/td><td>TIROIR-CAISSE VASARIO\u2122<\/td><td>VASARIO-FG<\/td><\/tr><tr><td>VP146-5B-BG1416-B4<\/td><td>TIROIR-CAISSE VASARIO\u2122<\/td><td>VASARIO-FG<\/td><\/tr><tr><td>VP146-5B-BL1416<\/td><td>TIROIR-CAISSE VASARIO\u2122<\/td><td>VASARIO-FG<\/td><\/tr><tr><td>VP146-5B-BL1416-B4<\/td><td>TIROIR-CAISSE VASARIO\u2122<\/td><td>VASARIO-FG<\/td><\/tr><tr><td>VP146-5C-BG1416-B4<\/td><td>TIROIR-CAISSE VASARIO\u2122<\/td><td>VASARIO-FG<\/td><\/tr><tr><td>VP146-5C-BL1416<\/td><td>TIROIR-CAISSE VASARIO\u2122<\/td><td>VASARIO-FG<\/td><\/tr><tr><td>VP146-5C-BL1416-B4<\/td><td>TIROIR-CAISSE VASARIO\u2122<\/td><td>VASARIO-FG<\/td><\/tr><tr><td>JG146-1-BL1714<\/td><td>TIROIR-CAISSE NF5<\/td><td>S4000-FG<\/td><\/tr><\/tbody><\/table><\/figure>\n","protected":false},"excerpt":{"rendered":"<p>Veuillez contacter le NCR pour tous les produits de cette liste. T\u00e9l\u00e9phone : 1-800-225-5627 | Site web : www.ncr.com ID DESCRIPTION CODE_PROGRAMME AB096-4-BL1611 S\u00c9RIE 1150 TIROIR-CAISSE S1150-FG AB096-5-BL1611 S\u00c9RIE 1150 TIROIR-CAISSE S1150-FG INT096-3-BL1611 INT\u00c9GRATION DES TIROIRS-CAISSES DE LA S\u00c9RIE 1150 INTEGRAT-FG JB096-1-BL1815-M1 TIROIR-CAISSE S\u00c9RIE 4000 S4000-FG JB096-1-BL1815-M5 TIROIR-CAISSE S\u00c9RIE 4000 S4000-FG JC096-BL1816-C TIROIR-CAISSE S\u00c9RIE 4000 [&hellip;]<\/p>\n","protected":false},"author":4,"featured_media":0,"parent":0,"menu_order":0,"comment_status":"closed","ping_status":"closed","template":"","meta":{"_acf_changed":false,"content-type":"","footnotes":""},"class_list":["post-95360","page","type-page","status-publish"],"yoast_head":"<!-- This site is optimized with the Yoast SEO Premium plugin v23.5 (Yoast SEO v27.2) - https:\/\/yoast.com\/product\/yoast-seo-premium-wordpress\/ -->\n<title>NCR - Fabricant d&#039;\u00e9quipement d&#039;origine (OEM) | apg\u00ae Solutions<\/title>\n<meta name=\"description\" content=\"Veuillez contacter NCR pour obtenir la liste des num\u00e9ros de pi\u00e8ces et des codes de produits OEM. T\u00e9l\u00e9phone : 1-800-225-5627 1-800-225-5627 | Site Web : www.ncr.com\" \/>\n<meta name=\"robots\" content=\"index, follow, max-snippet:-1, max-image-preview:large, max-video-preview:-1\" \/>\n<link rel=\"canonical\" href=\"https:\/\/apgsolutions.com\/fr\/oem-ncr-2\/\" \/>\n<meta property=\"og:locale\" content=\"fr_FR\" \/>\n<meta property=\"og:type\" content=\"article\" \/>\n<meta property=\"og:title\" content=\"NCR - Fabricant d&#039;\u00e9quipement d&#039;origine (OEM) | apg\u00ae Solutions\" \/>\n<meta property=\"og:description\" content=\"Veuillez contacter NCR pour obtenir la liste des num\u00e9ros de pi\u00e8ces et des codes de produits OEM. T\u00e9l\u00e9phone : 1-800-225-5627 1-800-225-5627 | Site Web : www.ncr.com\" \/>\n<meta property=\"og:url\" content=\"https:\/\/apgsolutions.com\/fr\/oem-ncr-2\/\" \/>\n<meta property=\"og:site_name\" content=\"apg\u00ae Solutions\" \/>\n<meta property=\"article:publisher\" content=\"https:\/\/www.facebook.com\/apgglobalsolutions\" \/>\n<meta property=\"article:modified_time\" content=\"2026-01-22T14:47:49+00:00\" \/>\n<meta property=\"og:image\" content=\"https:\/\/apgsolutions.com\/wp-content\/uploads\/2023\/05\/NCR-300x300.jpg\" \/>\n<meta name=\"twitter:card\" content=\"summary_large_image\" \/>\n<meta name=\"twitter:site\" content=\"@apg_solutions\" \/>\n<meta name=\"twitter:label1\" content=\"Dur\u00e9e de lecture estim\u00e9e\" \/>\n\t<meta name=\"twitter:data1\" content=\"2 minutes\" \/>\n<script type=\"application\/ld+json\" class=\"yoast-schema-graph\">{\"@context\":\"https:\/\/schema.org\",\"@graph\":[{\"@type\":\"WebPage\",\"@id\":\"https:\/\/apgsolutions.com\/fr\/oem-ncr-2\/\",\"url\":\"https:\/\/apgsolutions.com\/fr\/oem-ncr-2\/\",\"name\":\"NCR - Fabricant d'\u00e9quipement d'origine (OEM) | apg\u00ae Solutions\",\"isPartOf\":{\"@id\":\"https:\/\/apgsolutions.com\/fr\/#website\"},\"primaryImageOfPage\":{\"@id\":\"https:\/\/apgsolutions.com\/fr\/oem-ncr-2\/#primaryimage\"},\"image\":{\"@id\":\"https:\/\/apgsolutions.com\/fr\/oem-ncr-2\/#primaryimage\"},\"thumbnailUrl\":\"https:\/\/apgsolutions.com\/wp-content\/uploads\/2023\/05\/NCR-300x300.jpg\",\"datePublished\":\"2025-10-15T04:16:46+00:00\",\"dateModified\":\"2026-01-22T14:47:49+00:00\",\"description\":\"Veuillez contacter NCR pour obtenir la liste des num\u00e9ros de pi\u00e8ces et des codes de produits OEM. T\u00e9l\u00e9phone : 1-800-225-5627 1-800-225-5627 | Site Web : www.ncr.com\",\"inLanguage\":\"fr-FR\",\"potentialAction\":[{\"@type\":\"ReadAction\",\"target\":[\"https:\/\/apgsolutions.com\/fr\/oem-ncr-2\/\"]}]},{\"@type\":\"ImageObject\",\"inLanguage\":\"fr-FR\",\"@id\":\"https:\/\/apgsolutions.com\/fr\/oem-ncr-2\/#primaryimage\",\"url\":\"https:\/\/apgsolutions.com\/wp-content\/uploads\/2023\/05\/NCR-300x300.jpg\",\"contentUrl\":\"https:\/\/apgsolutions.com\/wp-content\/uploads\/2023\/05\/NCR-300x300.jpg\"},{\"@type\":\"WebSite\",\"@id\":\"https:\/\/apgsolutions.com\/fr\/#website\",\"url\":\"https:\/\/apgsolutions.com\/fr\/\",\"name\":\"APG Solutions, LLC\",\"description\":\"Trust at every point.\",\"publisher\":{\"@id\":\"https:\/\/apgsolutions.com\/fr\/#organization\"},\"potentialAction\":[{\"@type\":\"SearchAction\",\"target\":{\"@type\":\"EntryPoint\",\"urlTemplate\":\"https:\/\/apgsolutions.com\/fr\/?s={search_term_string}\"},\"query-input\":{\"@type\":\"PropertyValueSpecification\",\"valueRequired\":true,\"valueName\":\"search_term_string\"}}],\"inLanguage\":\"fr-FR\"},{\"@type\":\"Organization\",\"@id\":\"https:\/\/apgsolutions.com\/fr\/#organization\",\"name\":\"APG Solution, LLC\",\"url\":\"https:\/\/apgsolutions.com\/fr\/\",\"logo\":{\"@type\":\"ImageObject\",\"inLanguage\":\"fr-FR\",\"@id\":\"https:\/\/apgsolutions.com\/fr\/#\/schema\/logo\/image\/\",\"url\":\"https:\/\/apgsolutions.com\/wp-content\/uploads\/2023\/12\/logomark-color.svg\",\"contentUrl\":\"https:\/\/apgsolutions.com\/wp-content\/uploads\/2023\/12\/logomark-color.svg\",\"width\":141,\"height\":138,\"caption\":\"APG Solution, LLC\"},\"image\":{\"@id\":\"https:\/\/apgsolutions.com\/fr\/#\/schema\/logo\/image\/\"},\"sameAs\":[\"https:\/\/www.facebook.com\/apgglobalsolutions\",\"https:\/\/x.com\/apg_solutions\",\"https:\/\/www.youtube.com\/c\/CashManagementGlobalSolutionsbyapg\",\"https:\/\/www.linkedin.com\/company\/apgglobalsolutions\/\",\"https:\/\/www.instagram.com\/apgglobalsolutions\/\",\"https:\/\/www.pinterest.com\/apgcashdrawer\/\"]}]}<\/script>\n<!-- \/ Yoast SEO Premium plugin. -->","yoast_head_json":{"title":"NCR - Fabricant d'\u00e9quipement d'origine (OEM) | apg\u00ae Solutions","description":"Veuillez contacter NCR pour obtenir la liste des num\u00e9ros de pi\u00e8ces et des codes de produits OEM. T\u00e9l\u00e9phone : 1-800-225-5627 1-800-225-5627 | Site Web : www.ncr.com","robots":{"index":"index","follow":"follow","max-snippet":"max-snippet:-1","max-image-preview":"max-image-preview:large","max-video-preview":"max-video-preview:-1"},"canonical":"https:\/\/apgsolutions.com\/fr\/oem-ncr-2\/","og_locale":"fr_FR","og_type":"article","og_title":"NCR - Fabricant d'\u00e9quipement d'origine (OEM) | apg\u00ae Solutions","og_description":"Veuillez contacter NCR pour obtenir la liste des num\u00e9ros de pi\u00e8ces et des codes de produits OEM. T\u00e9l\u00e9phone : 1-800-225-5627 1-800-225-5627 | Site Web : www.ncr.com","og_url":"https:\/\/apgsolutions.com\/fr\/oem-ncr-2\/","og_site_name":"apg\u00ae Solutions","article_publisher":"https:\/\/www.facebook.com\/apgglobalsolutions","article_modified_time":"2026-01-22T14:47:49+00:00","og_image":[{"url":"https:\/\/apgsolutions.com\/wp-content\/uploads\/2023\/05\/NCR-300x300.jpg","type":"","width":"","height":""}],"twitter_card":"summary_large_image","twitter_site":"@apg_solutions","twitter_misc":{"Dur\u00e9e de lecture estim\u00e9e":"2 minutes"},"schema":{"@context":"https:\/\/schema.org","@graph":[{"@type":"WebPage","@id":"https:\/\/apgsolutions.com\/fr\/oem-ncr-2\/","url":"https:\/\/apgsolutions.com\/fr\/oem-ncr-2\/","name":"NCR - Fabricant d'\u00e9quipement d'origine (OEM) | apg\u00ae Solutions","isPartOf":{"@id":"https:\/\/apgsolutions.com\/fr\/#website"},"primaryImageOfPage":{"@id":"https:\/\/apgsolutions.com\/fr\/oem-ncr-2\/#primaryimage"},"image":{"@id":"https:\/\/apgsolutions.com\/fr\/oem-ncr-2\/#primaryimage"},"thumbnailUrl":"https:\/\/apgsolutions.com\/wp-content\/uploads\/2023\/05\/NCR-300x300.jpg","datePublished":"2025-10-15T04:16:46+00:00","dateModified":"2026-01-22T14:47:49+00:00","description":"Veuillez contacter NCR pour obtenir la liste des num\u00e9ros de pi\u00e8ces et des codes de produits OEM. T\u00e9l\u00e9phone : 1-800-225-5627 1-800-225-5627 | Site Web : www.ncr.com","inLanguage":"fr-FR","potentialAction":[{"@type":"ReadAction","target":["https:\/\/apgsolutions.com\/fr\/oem-ncr-2\/"]}]},{"@type":"ImageObject","inLanguage":"fr-FR","@id":"https:\/\/apgsolutions.com\/fr\/oem-ncr-2\/#primaryimage","url":"https:\/\/apgsolutions.com\/wp-content\/uploads\/2023\/05\/NCR-300x300.jpg","contentUrl":"https:\/\/apgsolutions.com\/wp-content\/uploads\/2023\/05\/NCR-300x300.jpg"},{"@type":"WebSite","@id":"https:\/\/apgsolutions.com\/fr\/#website","url":"https:\/\/apgsolutions.com\/fr\/","name":"APG Solutions, LLC","description":"Trust at every point.","publisher":{"@id":"https:\/\/apgsolutions.com\/fr\/#organization"},"potentialAction":[{"@type":"SearchAction","target":{"@type":"EntryPoint","urlTemplate":"https:\/\/apgsolutions.com\/fr\/?s={search_term_string}"},"query-input":{"@type":"PropertyValueSpecification","valueRequired":true,"valueName":"search_term_string"}}],"inLanguage":"fr-FR"},{"@type":"Organization","@id":"https:\/\/apgsolutions.com\/fr\/#organization","name":"APG Solution, LLC","url":"https:\/\/apgsolutions.com\/fr\/","logo":{"@type":"ImageObject","inLanguage":"fr-FR","@id":"https:\/\/apgsolutions.com\/fr\/#\/schema\/logo\/image\/","url":"https:\/\/apgsolutions.com\/wp-content\/uploads\/2023\/12\/logomark-color.svg","contentUrl":"https:\/\/apgsolutions.com\/wp-content\/uploads\/2023\/12\/logomark-color.svg","width":141,"height":138,"caption":"APG Solution, LLC"},"image":{"@id":"https:\/\/apgsolutions.com\/fr\/#\/schema\/logo\/image\/"},"sameAs":["https:\/\/www.facebook.com\/apgglobalsolutions","https:\/\/x.com\/apg_solutions","https:\/\/www.youtube.com\/c\/CashManagementGlobalSolutionsbyapg","https:\/\/www.linkedin.com\/company\/apgglobalsolutions\/","https:\/\/www.instagram.com\/apgglobalsolutions\/","https:\/\/www.pinterest.com\/apgcashdrawer\/"]}]}},"acf":[],"_links":{"self":[{"href":"https:\/\/apgsolutions.com\/fr\/wp-json\/wp\/v2\/pages\/95360","targetHints":{"allow":["GET"]}}],"collection":[{"href":"https:\/\/apgsolutions.com\/fr\/wp-json\/wp\/v2\/pages"}],"about":[{"href":"https:\/\/apgsolutions.com\/fr\/wp-json\/wp\/v2\/types\/page"}],"author":[{"embeddable":true,"href":"https:\/\/apgsolutions.com\/fr\/wp-json\/wp\/v2\/users\/4"}],"replies":[{"embeddable":true,"href":"https:\/\/apgsolutions.com\/fr\/wp-json\/wp\/v2\/comments?post=95360"}],"version-history":[{"count":2,"href":"https:\/\/apgsolutions.com\/fr\/wp-json\/wp\/v2\/pages\/95360\/revisions"}],"predecessor-version":[{"id":98526,"href":"https:\/\/apgsolutions.com\/fr\/wp-json\/wp\/v2\/pages\/95360\/revisions\/98526"}],"wp:attachment":[{"href":"https:\/\/apgsolutions.com\/fr\/wp-json\/wp\/v2\/media?parent=95360"}],"curies":[{"name":"wp","href":"https:\/\/api.w.org\/{rel}","templated":true}]}}