{"id":95388,"date":"2025-10-15T04:20:56","date_gmt":"2025-10-15T04:20:56","guid":{"rendered":"https:\/\/apgsolutions.com\/oem-partech-2\/"},"modified":"2026-01-27T16:23:40","modified_gmt":"2026-01-27T16:23:40","slug":"oem-partech-2","status":"publish","type":"page","link":"https:\/\/apgsolutions.com\/fr\/oem-partech-2\/","title":{"rendered":"OEM Partech"},"content":{"rendered":"<div class=\"section_page-header \">\n    <img decoding=\"async\" class=\"header-image\" src=\"https:\/\/apgsolutions.com\/wp-content\/uploads\/2023\/04\/dark-blue-rotated.jpg\" alt=\"dark-blue\" title=\"dark-blue\">\n            <div class=\"header-content\">\n            <h1>OEM \u2013 <br>Partech<\/h1>\n        <\/div>\n    <\/div><div class=\"wp-block-image\">\n<figure class=\"aligncenter size-full\"><img decoding=\"async\" width=\"300\" height=\"90\" src=\"https:\/\/apgsolutions.com\/wp-content\/uploads\/2023\/05\/PAR_logo-300x90-1.jpg\" alt=\"PAR_logo-300&#215;90-1\" class=\"wp-image-3624\"\/><\/figure>\n<\/div>\n<p class=\"has-text-align-center\">Veuillez contacter Partech pour tous les produits de cette liste.<\/p>\n\n<p class=\"has-text-align-center\"><a href=\"https:\/\/www.partech.com\/\" target=\"_blank\" rel=\"noreferrer noopener nofollow\">https:\/\/www.partech.com\/<\/a><\/p>\n\n<figure class=\"wp-block-table is-style-stripes\"><table><thead><tr><th>Num\u00e9ro de pi\u00e8ce du produit<\/th><th>Description<\/th><th>Code produit<\/th><\/tr><\/thead><tbody><tr><td>JC032-6-BL1816-M1  <\/td><td>TIROIR-CAISSE S\u00c9RIE 4000  <\/td><td>S4000-FG<\/td><\/tr><tr><td>JD032-3A-BL1816-C  <\/td><td>TIROIR-CAISSE S\u00c9RIE 4000  <\/td><td>S4000-FG<\/td><\/tr><tr><td>JD032-5-BL1816-C  <\/td><td>TIROIR-CAISSE S\u00c9RIE 4000  <\/td><td>S4000-FG<\/td><\/tr><tr><td>JD032-5-BL1816-M1  <\/td><td>TIROIR-CAISSE S\u00c9RIE 4000  <\/td><td>S4000-FG<\/td><\/tr><tr><td>JD032-BL1816  <\/td><td>TIROIR-CAISSE S\u00c9RIE 4000  <\/td><td>S4000-FG<\/td><\/tr><tr><td>JD032A-2-BL1816-C  <\/td><td>TIROIR-CAISSE S\u00c9RIE 4000  <\/td><td>S4000-FG<\/td><\/tr><tr><td>JD032A-BL1816-N-86  <\/td><td>TIROIR-CAISSE S\u00c9RIE 4000  <\/td><td>S4000-FG<\/td><\/tr><tr><td>JD032A-BL1816-U32  <\/td><td>TIROIR-CAISSE S\u00c9RIE 4000  <\/td><td>S4000-FG<\/td><\/tr><tr><td>JG032-BL1517-B5  <\/td><td>TIROIR-CAISSE S\u00c9RIE 4000  <\/td><td>S4000-FG<\/td><\/tr><tr><td>T032-7-BL1616  <\/td><td>TIROIR-CAISSE S\u00c9RIE 100  <\/td><td>S100-FG<\/td><\/tr><tr><td>VB032-BL1616-435  <\/td><td>TIROIR-CAISSE VASARIO\u2122  <\/td><td>VASARIO-FG<\/td><\/tr><tr><td>JC032-1A-BL1816-N  <\/td><td>TIROIR-CAISSE S\u00c9RIE 4000  <\/td><td>S4000-FG<\/td><\/tr><tr><td>JC032-6-BL1816-C  <\/td><td>TIROIR-CAISSE S\u00c9RIE 4000  <\/td><td>S4000-FG<\/td><\/tr><tr><td>JD032-1A-BL1816-N  <\/td><td>TIROIR-CAISSE S\u00c9RIE 4000  <\/td><td>S4000-FG<\/td><\/tr><tr><td>T032-6-BL1616  <\/td><td>TIROIR-CAISSE S\u00c9RIE 100  <\/td><td>S100-FG<\/td><\/tr><tr><td>T032-BL1616-N  <\/td><td>TIROIR-CAISSE S\u00c9RIE 100  <\/td><td>S100-FG<\/td><\/tr><tr><td>VP032-BL1416  <\/td><td>TIROIR-CAISSE VASARIO\u2122  <\/td><td>VASARIO-FG<\/td><\/tr><tr><td>JC032A-BL1816-N  <\/td><td>TIROIR-CAISSE S\u00c9RIE 4000  <\/td><td>S4000-FG<\/td><\/tr><tr><td>JD032A-BL1816-N  <\/td><td>TIROIR-CAISSE S\u00c9RIE 4000  <\/td><td>S4000-FG<\/td><\/tr><\/tbody><\/table><\/figure>\n","protected":false},"excerpt":{"rendered":"<p>Veuillez contacter Partech pour tous les produits de cette liste. https:\/\/www.partech.com\/ Num\u00e9ro de pi\u00e8ce du produit Description Code produit JC032-6-BL1816-M1 TIROIR-CAISSE S\u00c9RIE 4000 S4000-FG JD032-3A-BL1816-C TIROIR-CAISSE S\u00c9RIE 4000 S4000-FG JD032-5-BL1816-C TIROIR-CAISSE S\u00c9RIE 4000 S4000-FG JD032-5-BL1816-M1 TIROIR-CAISSE S\u00c9RIE 4000 S4000-FG JD032-BL1816 TIROIR-CAISSE S\u00c9RIE 4000 S4000-FG JD032A-2-BL1816-C TIROIR-CAISSE S\u00c9RIE 4000 S4000-FG JD032A-BL1816-N-86 TIROIR-CAISSE S\u00c9RIE 4000 S4000-FG JD032A-BL1816-U32 [&hellip;]<\/p>\n","protected":false},"author":4,"featured_media":0,"parent":0,"menu_order":0,"comment_status":"closed","ping_status":"closed","template":"","meta":{"_acf_changed":false,"content-type":"","footnotes":""},"class_list":["post-95388","page","type-page","status-publish"],"yoast_head":"<!-- This site is optimized with the Yoast SEO Premium plugin v23.5 (Yoast SEO v27.2) - https:\/\/yoast.com\/product\/yoast-seo-premium-wordpress\/ -->\n<title>Partech - Fabricant d&#039;\u00e9quipement d&#039;origine (OEM) | apg\u00ae - Partech - Fabricant d&#039;\u00e9quipement d&#039;origine (OEM) | apg\u00ae - Partech<\/title>\n<meta name=\"description\" content=\"Veuillez contacter Partech en ce qui concerne la liste des num\u00e9ros de pi\u00e8ces et des codes de produits OEM. Consultez cette page pour obtenir des informations de contact et des d\u00e9tails.\" \/>\n<meta name=\"robots\" content=\"index, follow, max-snippet:-1, max-image-preview:large, max-video-preview:-1\" \/>\n<link rel=\"canonical\" href=\"https:\/\/apgsolutions.com\/fr\/oem-partech-2\/\" \/>\n<meta property=\"og:locale\" content=\"fr_FR\" \/>\n<meta property=\"og:type\" content=\"article\" \/>\n<meta property=\"og:title\" content=\"Partech - Fabricant d&#039;\u00e9quipement d&#039;origine (OEM) | apg\u00ae - Partech - Fabricant d&#039;\u00e9quipement d&#039;origine (OEM) | apg\u00ae - Partech\" \/>\n<meta property=\"og:description\" content=\"Veuillez contacter Partech en ce qui concerne la liste des num\u00e9ros de pi\u00e8ces et des codes de produits OEM. Consultez cette page pour obtenir des informations de contact et des d\u00e9tails.\" \/>\n<meta property=\"og:url\" content=\"https:\/\/apgsolutions.com\/fr\/oem-partech-2\/\" \/>\n<meta property=\"og:site_name\" content=\"apg\u00ae Solutions\" \/>\n<meta property=\"article:publisher\" content=\"https:\/\/www.facebook.com\/apgglobalsolutions\" \/>\n<meta property=\"article:modified_time\" content=\"2026-01-27T16:23:40+00:00\" \/>\n<meta property=\"og:image\" content=\"https:\/\/apgsolutions.com\/wp-content\/uploads\/2023\/05\/PAR_logo-300x90-1.jpg\" \/>\n<meta name=\"twitter:card\" content=\"summary_large_image\" \/>\n<meta name=\"twitter:site\" content=\"@apg_solutions\" \/>\n<meta name=\"twitter:label1\" content=\"Dur\u00e9e de lecture estim\u00e9e\" \/>\n\t<meta name=\"twitter:data1\" content=\"1 minute\" \/>\n<script type=\"application\/ld+json\" class=\"yoast-schema-graph\">{\"@context\":\"https:\/\/schema.org\",\"@graph\":[{\"@type\":\"WebPage\",\"@id\":\"https:\/\/apgsolutions.com\/fr\/oem-partech-2\/\",\"url\":\"https:\/\/apgsolutions.com\/fr\/oem-partech-2\/\",\"name\":\"Partech - Fabricant d'\u00e9quipement d'origine (OEM) | apg\u00ae - Partech - Fabricant d'\u00e9quipement d'origine (OEM) | apg\u00ae - Partech\",\"isPartOf\":{\"@id\":\"https:\/\/apgsolutions.com\/fr\/#website\"},\"primaryImageOfPage\":{\"@id\":\"https:\/\/apgsolutions.com\/fr\/oem-partech-2\/#primaryimage\"},\"image\":{\"@id\":\"https:\/\/apgsolutions.com\/fr\/oem-partech-2\/#primaryimage\"},\"thumbnailUrl\":\"https:\/\/apgsolutions.com\/wp-content\/uploads\/2023\/05\/PAR_logo-300x90-1.jpg\",\"datePublished\":\"2025-10-15T04:20:56+00:00\",\"dateModified\":\"2026-01-27T16:23:40+00:00\",\"description\":\"Veuillez contacter Partech en ce qui concerne la liste des num\u00e9ros de pi\u00e8ces et des codes de produits OEM. Consultez cette page pour obtenir des informations de contact et des d\u00e9tails.\",\"inLanguage\":\"fr-FR\",\"potentialAction\":[{\"@type\":\"ReadAction\",\"target\":[\"https:\/\/apgsolutions.com\/fr\/oem-partech-2\/\"]}]},{\"@type\":\"ImageObject\",\"inLanguage\":\"fr-FR\",\"@id\":\"https:\/\/apgsolutions.com\/fr\/oem-partech-2\/#primaryimage\",\"url\":\"https:\/\/apgsolutions.com\/wp-content\/uploads\/2023\/05\/PAR_logo-300x90-1.jpg\",\"contentUrl\":\"https:\/\/apgsolutions.com\/wp-content\/uploads\/2023\/05\/PAR_logo-300x90-1.jpg\"},{\"@type\":\"WebSite\",\"@id\":\"https:\/\/apgsolutions.com\/fr\/#website\",\"url\":\"https:\/\/apgsolutions.com\/fr\/\",\"name\":\"APG Solutions, LLC\",\"description\":\"Trust at every point.\",\"publisher\":{\"@id\":\"https:\/\/apgsolutions.com\/fr\/#organization\"},\"potentialAction\":[{\"@type\":\"SearchAction\",\"target\":{\"@type\":\"EntryPoint\",\"urlTemplate\":\"https:\/\/apgsolutions.com\/fr\/?s={search_term_string}\"},\"query-input\":{\"@type\":\"PropertyValueSpecification\",\"valueRequired\":true,\"valueName\":\"search_term_string\"}}],\"inLanguage\":\"fr-FR\"},{\"@type\":\"Organization\",\"@id\":\"https:\/\/apgsolutions.com\/fr\/#organization\",\"name\":\"APG Solution, LLC\",\"url\":\"https:\/\/apgsolutions.com\/fr\/\",\"logo\":{\"@type\":\"ImageObject\",\"inLanguage\":\"fr-FR\",\"@id\":\"https:\/\/apgsolutions.com\/fr\/#\/schema\/logo\/image\/\",\"url\":\"https:\/\/apgsolutions.com\/wp-content\/uploads\/2023\/12\/logomark-color.svg\",\"contentUrl\":\"https:\/\/apgsolutions.com\/wp-content\/uploads\/2023\/12\/logomark-color.svg\",\"width\":141,\"height\":138,\"caption\":\"APG Solution, LLC\"},\"image\":{\"@id\":\"https:\/\/apgsolutions.com\/fr\/#\/schema\/logo\/image\/\"},\"sameAs\":[\"https:\/\/www.facebook.com\/apgglobalsolutions\",\"https:\/\/x.com\/apg_solutions\",\"https:\/\/www.youtube.com\/c\/CashManagementGlobalSolutionsbyapg\",\"https:\/\/www.linkedin.com\/company\/apgglobalsolutions\/\",\"https:\/\/www.instagram.com\/apgglobalsolutions\/\",\"https:\/\/www.pinterest.com\/apgcashdrawer\/\"]}]}<\/script>\n<!-- \/ Yoast SEO Premium plugin. -->","yoast_head_json":{"title":"Partech - Fabricant d'\u00e9quipement d'origine (OEM) | apg\u00ae - Partech - Fabricant d'\u00e9quipement d'origine (OEM) | apg\u00ae - Partech","description":"Veuillez contacter Partech en ce qui concerne la liste des num\u00e9ros de pi\u00e8ces et des codes de produits OEM. Consultez cette page pour obtenir des informations de contact et des d\u00e9tails.","robots":{"index":"index","follow":"follow","max-snippet":"max-snippet:-1","max-image-preview":"max-image-preview:large","max-video-preview":"max-video-preview:-1"},"canonical":"https:\/\/apgsolutions.com\/fr\/oem-partech-2\/","og_locale":"fr_FR","og_type":"article","og_title":"Partech - Fabricant d'\u00e9quipement d'origine (OEM) | apg\u00ae - Partech - Fabricant d'\u00e9quipement d'origine (OEM) | apg\u00ae - Partech","og_description":"Veuillez contacter Partech en ce qui concerne la liste des num\u00e9ros de pi\u00e8ces et des codes de produits OEM. Consultez cette page pour obtenir des informations de contact et des d\u00e9tails.","og_url":"https:\/\/apgsolutions.com\/fr\/oem-partech-2\/","og_site_name":"apg\u00ae Solutions","article_publisher":"https:\/\/www.facebook.com\/apgglobalsolutions","article_modified_time":"2026-01-27T16:23:40+00:00","og_image":[{"url":"https:\/\/apgsolutions.com\/wp-content\/uploads\/2023\/05\/PAR_logo-300x90-1.jpg","type":"","width":"","height":""}],"twitter_card":"summary_large_image","twitter_site":"@apg_solutions","twitter_misc":{"Dur\u00e9e de lecture estim\u00e9e":"1 minute"},"schema":{"@context":"https:\/\/schema.org","@graph":[{"@type":"WebPage","@id":"https:\/\/apgsolutions.com\/fr\/oem-partech-2\/","url":"https:\/\/apgsolutions.com\/fr\/oem-partech-2\/","name":"Partech - Fabricant d'\u00e9quipement d'origine (OEM) | apg\u00ae - Partech - Fabricant d'\u00e9quipement d'origine (OEM) | apg\u00ae - Partech","isPartOf":{"@id":"https:\/\/apgsolutions.com\/fr\/#website"},"primaryImageOfPage":{"@id":"https:\/\/apgsolutions.com\/fr\/oem-partech-2\/#primaryimage"},"image":{"@id":"https:\/\/apgsolutions.com\/fr\/oem-partech-2\/#primaryimage"},"thumbnailUrl":"https:\/\/apgsolutions.com\/wp-content\/uploads\/2023\/05\/PAR_logo-300x90-1.jpg","datePublished":"2025-10-15T04:20:56+00:00","dateModified":"2026-01-27T16:23:40+00:00","description":"Veuillez contacter Partech en ce qui concerne la liste des num\u00e9ros de pi\u00e8ces et des codes de produits OEM. Consultez cette page pour obtenir des informations de contact et des d\u00e9tails.","inLanguage":"fr-FR","potentialAction":[{"@type":"ReadAction","target":["https:\/\/apgsolutions.com\/fr\/oem-partech-2\/"]}]},{"@type":"ImageObject","inLanguage":"fr-FR","@id":"https:\/\/apgsolutions.com\/fr\/oem-partech-2\/#primaryimage","url":"https:\/\/apgsolutions.com\/wp-content\/uploads\/2023\/05\/PAR_logo-300x90-1.jpg","contentUrl":"https:\/\/apgsolutions.com\/wp-content\/uploads\/2023\/05\/PAR_logo-300x90-1.jpg"},{"@type":"WebSite","@id":"https:\/\/apgsolutions.com\/fr\/#website","url":"https:\/\/apgsolutions.com\/fr\/","name":"APG Solutions, LLC","description":"Trust at every point.","publisher":{"@id":"https:\/\/apgsolutions.com\/fr\/#organization"},"potentialAction":[{"@type":"SearchAction","target":{"@type":"EntryPoint","urlTemplate":"https:\/\/apgsolutions.com\/fr\/?s={search_term_string}"},"query-input":{"@type":"PropertyValueSpecification","valueRequired":true,"valueName":"search_term_string"}}],"inLanguage":"fr-FR"},{"@type":"Organization","@id":"https:\/\/apgsolutions.com\/fr\/#organization","name":"APG Solution, LLC","url":"https:\/\/apgsolutions.com\/fr\/","logo":{"@type":"ImageObject","inLanguage":"fr-FR","@id":"https:\/\/apgsolutions.com\/fr\/#\/schema\/logo\/image\/","url":"https:\/\/apgsolutions.com\/wp-content\/uploads\/2023\/12\/logomark-color.svg","contentUrl":"https:\/\/apgsolutions.com\/wp-content\/uploads\/2023\/12\/logomark-color.svg","width":141,"height":138,"caption":"APG Solution, LLC"},"image":{"@id":"https:\/\/apgsolutions.com\/fr\/#\/schema\/logo\/image\/"},"sameAs":["https:\/\/www.facebook.com\/apgglobalsolutions","https:\/\/x.com\/apg_solutions","https:\/\/www.youtube.com\/c\/CashManagementGlobalSolutionsbyapg","https:\/\/www.linkedin.com\/company\/apgglobalsolutions\/","https:\/\/www.instagram.com\/apgglobalsolutions\/","https:\/\/www.pinterest.com\/apgcashdrawer\/"]}]}},"acf":[],"_links":{"self":[{"href":"https:\/\/apgsolutions.com\/fr\/wp-json\/wp\/v2\/pages\/95388","targetHints":{"allow":["GET"]}}],"collection":[{"href":"https:\/\/apgsolutions.com\/fr\/wp-json\/wp\/v2\/pages"}],"about":[{"href":"https:\/\/apgsolutions.com\/fr\/wp-json\/wp\/v2\/types\/page"}],"author":[{"embeddable":true,"href":"https:\/\/apgsolutions.com\/fr\/wp-json\/wp\/v2\/users\/4"}],"replies":[{"embeddable":true,"href":"https:\/\/apgsolutions.com\/fr\/wp-json\/wp\/v2\/comments?post=95388"}],"version-history":[{"count":6,"href":"https:\/\/apgsolutions.com\/fr\/wp-json\/wp\/v2\/pages\/95388\/revisions"}],"predecessor-version":[{"id":103578,"href":"https:\/\/apgsolutions.com\/fr\/wp-json\/wp\/v2\/pages\/95388\/revisions\/103578"}],"wp:attachment":[{"href":"https:\/\/apgsolutions.com\/fr\/wp-json\/wp\/v2\/media?parent=95388"}],"curies":[{"name":"wp","href":"https:\/\/api.w.org\/{rel}","templated":true}]}}