{"id":95395,"date":"2025-10-15T04:21:46","date_gmt":"2025-10-15T04:21:46","guid":{"rendered":"https:\/\/apgsolutions.com\/oem-r2\/"},"modified":"2025-10-15T10:03:15","modified_gmt":"2025-10-15T10:03:15","slug":"oem-r2","status":"publish","type":"page","link":"https:\/\/apgsolutions.com\/fr\/oem-r2\/","title":{"rendered":"OEM R2"},"content":{"rendered":"<div class=\"section_page-header \">\n    <img decoding=\"async\" class=\"header-image\" src=\"https:\/\/apgsolutions.com\/wp-content\/uploads\/2023\/04\/dark-blue-rotated.jpg\" alt=\"dark-blue\" title=\"dark-blue\">\n            <div class=\"header-content\">\n            <h1>OEM \u2013 R2<\/h1>\n        <\/div>\n    <\/div>\n<p class=\"has-text-align-center\">Veuillez contacter R2 pour tous les produits de cette liste.<\/p>\n\n<p class=\"has-text-align-center\"><a href=\"https:\/\/apgsolutions.com\/fr\/distributeurs\/\">www.apgsolutions.com\/distributors\/<\/a><\/p>\n\n<figure class=\"wp-block-table is-style-stripes\"><table><thead><tr><th>Num\u00e9ro de pi\u00e8ce du produit<\/th><th>Description<\/th><th>Code produit<\/th><\/tr><\/thead><tbody><tr><td>JB237A-CW1816<\/td><td>TIROIR-CAISSE S\u00c9RIE 4000<\/td><td>S4000-FG<\/td><\/tr><tr><td>JB237A-D2-CW1816-C<\/td><td>TIROIR-CAISSE S\u00c9RIE 4000<\/td><td>S4000-FG<\/td><\/tr><tr><td>JD237A-D2-BL1816<\/td><td>TIROIR-CAISSE S\u00c9RIE 4000<\/td><td>S4000-FG<\/td><\/tr><tr><td>JB237A-BL1816-C  <\/td><td>TIROIR-CAISSE S\u00c9RIE 4000  <\/td><td>S4000-FG<\/td><\/tr><tr><td>JB237A-CW1816-C  <\/td><td>TIROIR-CAISSE S\u00c9RIE 4000  <\/td><td>S4000-FG<\/td><\/tr><tr><td>JB237A-CW1816-K2-C  <\/td><td>TIROIR-CAISSE S\u00c9RIE 4000  <\/td><td>S4000-FG<\/td><\/tr><tr><td>JB237A-CW1816-K7  <\/td><td>TIROIR-CAISSE S\u00c9RIE 4000  <\/td><td>S4000-FG<\/td><\/tr><tr><td>JB237A-CW1821-C  <\/td><td>TIROIR-CAISSE S\u00c9RIE 4000  <\/td><td>S4000-FG<\/td><\/tr><tr><td>JD237A-BL1816  <\/td><td>TIROIR-CAISSE S\u00c9RIE 4000  <\/td><td>S4000-FG<\/td><\/tr><tr><td>JD237A-BL1816-C  <\/td><td>TIROIR-CAISSE S\u00c9RIE 4000  <\/td><td>S4000-FG<\/td><\/tr><tr><td>JD237A-CW1816  <\/td><td>TIROIR-CAISSE S\u00c9RIE 4000  <\/td><td>S4000-FG<\/td><\/tr><tr><td>JD237A-CW1816-C  <\/td><td>TIROIR-CAISSE S\u00c9RIE 4000  <\/td><td>S4000-FG<\/td><\/tr><tr><td>JD237A-CW1816-J  <\/td><td>TIROIR-CAISSE S\u00c9RIE 4000  <\/td><td>S4000-FG<\/td><\/tr><tr><td>JD237A-CW1821-C  <\/td><td>TIROIR-CAISSE S\u00c9RIE 4000  <\/td><td>S4000-FG<\/td><\/tr><tr><td>JD237A-D2-CW1816  <\/td><td>TIROIR-CAISSE S\u00c9RIE 4000  <\/td><td>S4000-FG<\/td><\/tr><tr><td>T237A-BL1616  <\/td><td>TIROIR-CAISSE S\u00c9RIE 100  <\/td><td>S100-FG<\/td><\/tr><tr><td>T237A-CW1616  <\/td><td>TIROIR-CAISSE S\u00c9RIE 100  <\/td><td>S100-FG<\/td><\/tr><tr><td>T237A-CW1616-U6  <\/td><td>TIROIR-CAISSE S\u00c9RIE 100  <\/td><td>S100-FG<\/td><\/tr><tr><td>VB237A-BL1616-B5  <\/td><td>TIROIR-CAISSE VASARIO\u2122  <\/td><td>VASARIO-FG<\/td><\/tr><\/tbody><\/table><\/figure>\n","protected":false},"excerpt":{"rendered":"<p>Veuillez contacter R2 pour tous les produits de cette liste. www.apgsolutions.com\/distributors\/ Num\u00e9ro de pi\u00e8ce du produit Description Code produit JB237A-CW1816 TIROIR-CAISSE S\u00c9RIE 4000 S4000-FG JB237A-D2-CW1816-C TIROIR-CAISSE S\u00c9RIE 4000 S4000-FG JD237A-D2-BL1816 TIROIR-CAISSE S\u00c9RIE 4000 S4000-FG JB237A-BL1816-C TIROIR-CAISSE S\u00c9RIE 4000 S4000-FG JB237A-CW1816-C TIROIR-CAISSE S\u00c9RIE 4000 S4000-FG JB237A-CW1816-K2-C TIROIR-CAISSE S\u00c9RIE 4000 S4000-FG JB237A-CW1816-K7 TIROIR-CAISSE S\u00c9RIE 4000 S4000-FG JB237A-CW1821-C [&hellip;]<\/p>\n","protected":false},"author":4,"featured_media":0,"parent":0,"menu_order":0,"comment_status":"closed","ping_status":"closed","template":"","meta":{"_acf_changed":false,"content-type":"","footnotes":""},"class_list":["post-95395","page","type-page","status-publish"],"yoast_head":"<!-- This site is optimized with the Yoast SEO Premium plugin v23.5 (Yoast SEO v27.2) - https:\/\/yoast.com\/product\/yoast-seo-premium-wordpress\/ -->\n<title>R2 - Fabricant d&#039;\u00e9quipement d&#039;origine (OEM)<\/title>\n<meta name=\"description\" content=\"Veuillez contacter R2 au sujet de la liste des num\u00e9ros de pi\u00e8ces et des codes de produits OEM. Visitez cette page pour obtenir des informations de contact et des d\u00e9tails sur les pi\u00e8ces.\" \/>\n<meta name=\"robots\" content=\"index, follow, max-snippet:-1, max-image-preview:large, max-video-preview:-1\" \/>\n<link rel=\"canonical\" href=\"https:\/\/apgsolutions.com\/fr\/oem-r2\/\" \/>\n<meta property=\"og:locale\" content=\"fr_FR\" \/>\n<meta property=\"og:type\" content=\"article\" \/>\n<meta property=\"og:title\" content=\"R2 - Fabricant d&#039;\u00e9quipement d&#039;origine (OEM)\" \/>\n<meta property=\"og:description\" content=\"Veuillez contacter R2 au sujet de la liste des num\u00e9ros de pi\u00e8ces et des codes de produits OEM. Visitez cette page pour obtenir des informations de contact et des d\u00e9tails sur les pi\u00e8ces.\" \/>\n<meta property=\"og:url\" content=\"https:\/\/apgsolutions.com\/fr\/oem-r2\/\" \/>\n<meta property=\"og:site_name\" content=\"apg\u00ae Solutions\" \/>\n<meta property=\"article:publisher\" content=\"https:\/\/www.facebook.com\/apgglobalsolutions\" \/>\n<meta property=\"article:modified_time\" content=\"2025-10-15T10:03:15+00:00\" \/>\n<meta name=\"twitter:card\" content=\"summary_large_image\" \/>\n<meta name=\"twitter:site\" content=\"@apg_solutions\" \/>\n<meta name=\"twitter:label1\" content=\"Dur\u00e9e de lecture estim\u00e9e\" \/>\n\t<meta name=\"twitter:data1\" content=\"1 minute\" \/>\n<script type=\"application\/ld+json\" class=\"yoast-schema-graph\">{\"@context\":\"https:\/\/schema.org\",\"@graph\":[{\"@type\":\"WebPage\",\"@id\":\"https:\/\/apgsolutions.com\/fr\/oem-r2\/\",\"url\":\"https:\/\/apgsolutions.com\/fr\/oem-r2\/\",\"name\":\"R2 - Fabricant d'\u00e9quipement d'origine (OEM)\",\"isPartOf\":{\"@id\":\"https:\/\/apgsolutions.com\/fr\/#website\"},\"datePublished\":\"2025-10-15T04:21:46+00:00\",\"dateModified\":\"2025-10-15T10:03:15+00:00\",\"description\":\"Veuillez contacter R2 au sujet de la liste des num\u00e9ros de pi\u00e8ces et des codes de produits OEM. Visitez cette page pour obtenir des informations de contact et des d\u00e9tails sur les pi\u00e8ces.\",\"inLanguage\":\"fr-FR\",\"potentialAction\":[{\"@type\":\"ReadAction\",\"target\":[\"https:\/\/apgsolutions.com\/fr\/oem-r2\/\"]}]},{\"@type\":\"WebSite\",\"@id\":\"https:\/\/apgsolutions.com\/fr\/#website\",\"url\":\"https:\/\/apgsolutions.com\/fr\/\",\"name\":\"APG Solutions, LLC\",\"description\":\"Trust at every point.\",\"publisher\":{\"@id\":\"https:\/\/apgsolutions.com\/fr\/#organization\"},\"potentialAction\":[{\"@type\":\"SearchAction\",\"target\":{\"@type\":\"EntryPoint\",\"urlTemplate\":\"https:\/\/apgsolutions.com\/fr\/?s={search_term_string}\"},\"query-input\":{\"@type\":\"PropertyValueSpecification\",\"valueRequired\":true,\"valueName\":\"search_term_string\"}}],\"inLanguage\":\"fr-FR\"},{\"@type\":\"Organization\",\"@id\":\"https:\/\/apgsolutions.com\/fr\/#organization\",\"name\":\"APG Solution, LLC\",\"url\":\"https:\/\/apgsolutions.com\/fr\/\",\"logo\":{\"@type\":\"ImageObject\",\"inLanguage\":\"fr-FR\",\"@id\":\"https:\/\/apgsolutions.com\/fr\/#\/schema\/logo\/image\/\",\"url\":\"https:\/\/apgsolutions.com\/wp-content\/uploads\/2023\/12\/logomark-color.svg\",\"contentUrl\":\"https:\/\/apgsolutions.com\/wp-content\/uploads\/2023\/12\/logomark-color.svg\",\"width\":141,\"height\":138,\"caption\":\"APG Solution, LLC\"},\"image\":{\"@id\":\"https:\/\/apgsolutions.com\/fr\/#\/schema\/logo\/image\/\"},\"sameAs\":[\"https:\/\/www.facebook.com\/apgglobalsolutions\",\"https:\/\/x.com\/apg_solutions\",\"https:\/\/www.youtube.com\/c\/CashManagementGlobalSolutionsbyapg\",\"https:\/\/www.linkedin.com\/company\/apgglobalsolutions\/\",\"https:\/\/www.instagram.com\/apgglobalsolutions\/\",\"https:\/\/www.pinterest.com\/apgcashdrawer\/\"]}]}<\/script>\n<!-- \/ Yoast SEO Premium plugin. -->","yoast_head_json":{"title":"R2 - Fabricant d'\u00e9quipement d'origine (OEM)","description":"Veuillez contacter R2 au sujet de la liste des num\u00e9ros de pi\u00e8ces et des codes de produits OEM. Visitez cette page pour obtenir des informations de contact et des d\u00e9tails sur les pi\u00e8ces.","robots":{"index":"index","follow":"follow","max-snippet":"max-snippet:-1","max-image-preview":"max-image-preview:large","max-video-preview":"max-video-preview:-1"},"canonical":"https:\/\/apgsolutions.com\/fr\/oem-r2\/","og_locale":"fr_FR","og_type":"article","og_title":"R2 - Fabricant d'\u00e9quipement d'origine (OEM)","og_description":"Veuillez contacter R2 au sujet de la liste des num\u00e9ros de pi\u00e8ces et des codes de produits OEM. Visitez cette page pour obtenir des informations de contact et des d\u00e9tails sur les pi\u00e8ces.","og_url":"https:\/\/apgsolutions.com\/fr\/oem-r2\/","og_site_name":"apg\u00ae Solutions","article_publisher":"https:\/\/www.facebook.com\/apgglobalsolutions","article_modified_time":"2025-10-15T10:03:15+00:00","twitter_card":"summary_large_image","twitter_site":"@apg_solutions","twitter_misc":{"Dur\u00e9e de lecture estim\u00e9e":"1 minute"},"schema":{"@context":"https:\/\/schema.org","@graph":[{"@type":"WebPage","@id":"https:\/\/apgsolutions.com\/fr\/oem-r2\/","url":"https:\/\/apgsolutions.com\/fr\/oem-r2\/","name":"R2 - Fabricant d'\u00e9quipement d'origine (OEM)","isPartOf":{"@id":"https:\/\/apgsolutions.com\/fr\/#website"},"datePublished":"2025-10-15T04:21:46+00:00","dateModified":"2025-10-15T10:03:15+00:00","description":"Veuillez contacter R2 au sujet de la liste des num\u00e9ros de pi\u00e8ces et des codes de produits OEM. Visitez cette page pour obtenir des informations de contact et des d\u00e9tails sur les pi\u00e8ces.","inLanguage":"fr-FR","potentialAction":[{"@type":"ReadAction","target":["https:\/\/apgsolutions.com\/fr\/oem-r2\/"]}]},{"@type":"WebSite","@id":"https:\/\/apgsolutions.com\/fr\/#website","url":"https:\/\/apgsolutions.com\/fr\/","name":"APG Solutions, LLC","description":"Trust at every point.","publisher":{"@id":"https:\/\/apgsolutions.com\/fr\/#organization"},"potentialAction":[{"@type":"SearchAction","target":{"@type":"EntryPoint","urlTemplate":"https:\/\/apgsolutions.com\/fr\/?s={search_term_string}"},"query-input":{"@type":"PropertyValueSpecification","valueRequired":true,"valueName":"search_term_string"}}],"inLanguage":"fr-FR"},{"@type":"Organization","@id":"https:\/\/apgsolutions.com\/fr\/#organization","name":"APG Solution, LLC","url":"https:\/\/apgsolutions.com\/fr\/","logo":{"@type":"ImageObject","inLanguage":"fr-FR","@id":"https:\/\/apgsolutions.com\/fr\/#\/schema\/logo\/image\/","url":"https:\/\/apgsolutions.com\/wp-content\/uploads\/2023\/12\/logomark-color.svg","contentUrl":"https:\/\/apgsolutions.com\/wp-content\/uploads\/2023\/12\/logomark-color.svg","width":141,"height":138,"caption":"APG Solution, LLC"},"image":{"@id":"https:\/\/apgsolutions.com\/fr\/#\/schema\/logo\/image\/"},"sameAs":["https:\/\/www.facebook.com\/apgglobalsolutions","https:\/\/x.com\/apg_solutions","https:\/\/www.youtube.com\/c\/CashManagementGlobalSolutionsbyapg","https:\/\/www.linkedin.com\/company\/apgglobalsolutions\/","https:\/\/www.instagram.com\/apgglobalsolutions\/","https:\/\/www.pinterest.com\/apgcashdrawer\/"]}]}},"acf":[],"_links":{"self":[{"href":"https:\/\/apgsolutions.com\/fr\/wp-json\/wp\/v2\/pages\/95395","targetHints":{"allow":["GET"]}}],"collection":[{"href":"https:\/\/apgsolutions.com\/fr\/wp-json\/wp\/v2\/pages"}],"about":[{"href":"https:\/\/apgsolutions.com\/fr\/wp-json\/wp\/v2\/types\/page"}],"author":[{"embeddable":true,"href":"https:\/\/apgsolutions.com\/fr\/wp-json\/wp\/v2\/users\/4"}],"replies":[{"embeddable":true,"href":"https:\/\/apgsolutions.com\/fr\/wp-json\/wp\/v2\/comments?post=95395"}],"version-history":[{"count":3,"href":"https:\/\/apgsolutions.com\/fr\/wp-json\/wp\/v2\/pages\/95395\/revisions"}],"predecessor-version":[{"id":95772,"href":"https:\/\/apgsolutions.com\/fr\/wp-json\/wp\/v2\/pages\/95395\/revisions\/95772"}],"wp:attachment":[{"href":"https:\/\/apgsolutions.com\/fr\/wp-json\/wp\/v2\/media?parent=95395"}],"curies":[{"name":"wp","href":"https:\/\/api.w.org\/{rel}","templated":true}]}}