{"id":95446,"date":"2025-10-15T04:29:09","date_gmt":"2025-10-15T04:29:09","guid":{"rendered":"https:\/\/apgsolutions.com\/oem-royston-2\/"},"modified":"2025-10-15T04:29:09","modified_gmt":"2025-10-15T04:29:09","slug":"oem-royston-2","status":"publish","type":"page","link":"https:\/\/apgsolutions.com\/fr\/oem-royston-2\/","title":{"rendered":"OEM Royston"},"content":{"rendered":"<div class=\"section_page-header \">\n    <img decoding=\"async\" class=\"header-image\" src=\"https:\/\/apgsolutions.com\/wp-content\/uploads\/2023\/04\/dark-blue-rotated.jpg\" alt=\"dark-blue\" title=\"dark-blue\">\n            <div class=\"header-content\">\n            <h1>OEM \u2013 <br>Royston<\/h1>\n        <\/div>\n    <\/div>\n<div style=\"height:2rem\" aria-hidden=\"true\" class=\"wp-block-spacer\"><\/div>\n<div class=\"wp-block-image\">\n<figure class=\"aligncenter size-full\"><img decoding=\"async\" width=\"300\" height=\"34\" src=\"https:\/\/apgsolutions.com\/wp-content\/uploads\/2023\/05\/Royston-Logo-300x34-1.jpg\" alt=\"Royston-Logo-300&#215;34-1\" class=\"wp-image-3614\"\/><\/figure>\n<\/div>\n<p class=\"has-text-align-center\">Veuillez contacter Royston pour tous les produits de cette liste.<\/p>\n\n<p class=\"has-text-align-center\">T\u00e9l\u00e9phone : 706-245-7384 706-245-7384 | Site Internet : www.roystonllc.com<\/p>\n\n<figure class=\"wp-block-table is-style-stripes\"><table><thead><tr><th>Num\u00e9ro de pi\u00e8ce du produit<\/th><th>Description<\/th><th>Code produit<\/th><\/tr><\/thead><tbody><tr><td>MFS423-1-BL460  <\/td><td>TIROIR-CAISSE FLIPTOP  <\/td><td>FLIPTOP-FG<\/td><\/tr><tr><td>MFS423-BL460  <\/td><td>TIROIR-CAISSE \u00c0 RABAT  <\/td><td>FLIPTOP-FG<\/td><\/tr><\/tbody><\/table><\/figure>\n","protected":false},"excerpt":{"rendered":"<p>Veuillez contacter Royston pour tous les produits de cette liste. T\u00e9l\u00e9phone : 706-245-7384 706-245-7384 | Site Internet : www.roystonllc.com Num\u00e9ro de pi\u00e8ce du produit Description Code produit MFS423-1-BL460 TIROIR-CAISSE FLIPTOP FLIPTOP-FG MFS423-BL460 TIROIR-CAISSE \u00c0 RABAT FLIPTOP-FG<\/p>\n","protected":false},"author":4,"featured_media":0,"parent":0,"menu_order":0,"comment_status":"closed","ping_status":"closed","template":"","meta":{"_acf_changed":false,"content-type":"","footnotes":""},"class_list":["post-95446","page","type-page","status-publish"],"yoast_head":"<!-- This site is optimized with the Yoast SEO Premium plugin v23.5 (Yoast SEO v27.2) - https:\/\/yoast.com\/product\/yoast-seo-premium-wordpress\/ -->\n<title>Royston - Fabricant d&#039;\u00e9quipement d&#039;origine (OEM)<\/title>\n<meta name=\"description\" content=\"Veuillez contacter Royston pour obtenir la liste des num\u00e9ros de pi\u00e8ces et des codes de produits OEM. T\u00e9l\u00e9phone : 706-245-7384 706-245-7384 | Site Web : www.roystonllc.com\" \/>\n<meta name=\"robots\" content=\"index, follow, max-snippet:-1, max-image-preview:large, max-video-preview:-1\" \/>\n<link rel=\"canonical\" href=\"https:\/\/apgsolutions.com\/fr\/oem-royston-2\/\" \/>\n<meta property=\"og:locale\" content=\"fr_FR\" \/>\n<meta property=\"og:type\" content=\"article\" \/>\n<meta property=\"og:title\" content=\"Royston - Fabricant d&#039;\u00e9quipement d&#039;origine (OEM)\" \/>\n<meta property=\"og:description\" content=\"Veuillez contacter Royston pour obtenir la liste des num\u00e9ros de pi\u00e8ces et des codes de produits OEM. T\u00e9l\u00e9phone : 706-245-7384 706-245-7384 | Site Web : www.roystonllc.com\" \/>\n<meta property=\"og:url\" content=\"https:\/\/apgsolutions.com\/fr\/oem-royston-2\/\" \/>\n<meta property=\"og:site_name\" content=\"apg\u00ae Solutions\" \/>\n<meta property=\"article:publisher\" content=\"https:\/\/www.facebook.com\/apgglobalsolutions\" \/>\n<meta property=\"og:image\" content=\"https:\/\/apgsolutions.com\/wp-content\/uploads\/2023\/05\/Royston-Logo-300x34-1.jpg\" \/>\n<meta name=\"twitter:card\" content=\"summary_large_image\" \/>\n<meta name=\"twitter:site\" content=\"@apg_solutions\" \/>\n<script type=\"application\/ld+json\" class=\"yoast-schema-graph\">{\"@context\":\"https:\/\/schema.org\",\"@graph\":[{\"@type\":\"WebPage\",\"@id\":\"https:\/\/apgsolutions.com\/fr\/oem-royston-2\/\",\"url\":\"https:\/\/apgsolutions.com\/fr\/oem-royston-2\/\",\"name\":\"Royston - Fabricant d'\u00e9quipement d'origine (OEM)\",\"isPartOf\":{\"@id\":\"https:\/\/apgsolutions.com\/fr\/#website\"},\"primaryImageOfPage\":{\"@id\":\"https:\/\/apgsolutions.com\/fr\/oem-royston-2\/#primaryimage\"},\"image\":{\"@id\":\"https:\/\/apgsolutions.com\/fr\/oem-royston-2\/#primaryimage\"},\"thumbnailUrl\":\"https:\/\/apgsolutions.com\/wp-content\/uploads\/2023\/05\/Royston-Logo-300x34-1.jpg\",\"datePublished\":\"2025-10-15T04:29:09+00:00\",\"description\":\"Veuillez contacter Royston pour obtenir la liste des num\u00e9ros de pi\u00e8ces et des codes de produits OEM. T\u00e9l\u00e9phone : 706-245-7384 706-245-7384 | Site Web : www.roystonllc.com\",\"inLanguage\":\"fr-FR\",\"potentialAction\":[{\"@type\":\"ReadAction\",\"target\":[\"https:\/\/apgsolutions.com\/fr\/oem-royston-2\/\"]}]},{\"@type\":\"ImageObject\",\"inLanguage\":\"fr-FR\",\"@id\":\"https:\/\/apgsolutions.com\/fr\/oem-royston-2\/#primaryimage\",\"url\":\"https:\/\/apgsolutions.com\/wp-content\/uploads\/2023\/05\/Royston-Logo-300x34-1.jpg\",\"contentUrl\":\"https:\/\/apgsolutions.com\/wp-content\/uploads\/2023\/05\/Royston-Logo-300x34-1.jpg\"},{\"@type\":\"WebSite\",\"@id\":\"https:\/\/apgsolutions.com\/fr\/#website\",\"url\":\"https:\/\/apgsolutions.com\/fr\/\",\"name\":\"APG Solutions, LLC\",\"description\":\"Trust at every point.\",\"publisher\":{\"@id\":\"https:\/\/apgsolutions.com\/fr\/#organization\"},\"potentialAction\":[{\"@type\":\"SearchAction\",\"target\":{\"@type\":\"EntryPoint\",\"urlTemplate\":\"https:\/\/apgsolutions.com\/fr\/?s={search_term_string}\"},\"query-input\":{\"@type\":\"PropertyValueSpecification\",\"valueRequired\":true,\"valueName\":\"search_term_string\"}}],\"inLanguage\":\"fr-FR\"},{\"@type\":\"Organization\",\"@id\":\"https:\/\/apgsolutions.com\/fr\/#organization\",\"name\":\"APG Solution, LLC\",\"url\":\"https:\/\/apgsolutions.com\/fr\/\",\"logo\":{\"@type\":\"ImageObject\",\"inLanguage\":\"fr-FR\",\"@id\":\"https:\/\/apgsolutions.com\/fr\/#\/schema\/logo\/image\/\",\"url\":\"https:\/\/apgsolutions.com\/wp-content\/uploads\/2023\/12\/logomark-color.svg\",\"contentUrl\":\"https:\/\/apgsolutions.com\/wp-content\/uploads\/2023\/12\/logomark-color.svg\",\"width\":141,\"height\":138,\"caption\":\"APG Solution, LLC\"},\"image\":{\"@id\":\"https:\/\/apgsolutions.com\/fr\/#\/schema\/logo\/image\/\"},\"sameAs\":[\"https:\/\/www.facebook.com\/apgglobalsolutions\",\"https:\/\/x.com\/apg_solutions\",\"https:\/\/www.youtube.com\/c\/CashManagementGlobalSolutionsbyapg\",\"https:\/\/www.linkedin.com\/company\/apgglobalsolutions\/\",\"https:\/\/www.instagram.com\/apgglobalsolutions\/\",\"https:\/\/www.pinterest.com\/apgcashdrawer\/\"]}]}<\/script>\n<!-- \/ Yoast SEO Premium plugin. -->","yoast_head_json":{"title":"Royston - Fabricant d'\u00e9quipement d'origine (OEM)","description":"Veuillez contacter Royston pour obtenir la liste des num\u00e9ros de pi\u00e8ces et des codes de produits OEM. T\u00e9l\u00e9phone : 706-245-7384 706-245-7384 | Site Web : www.roystonllc.com","robots":{"index":"index","follow":"follow","max-snippet":"max-snippet:-1","max-image-preview":"max-image-preview:large","max-video-preview":"max-video-preview:-1"},"canonical":"https:\/\/apgsolutions.com\/fr\/oem-royston-2\/","og_locale":"fr_FR","og_type":"article","og_title":"Royston - Fabricant d'\u00e9quipement d'origine (OEM)","og_description":"Veuillez contacter Royston pour obtenir la liste des num\u00e9ros de pi\u00e8ces et des codes de produits OEM. T\u00e9l\u00e9phone : 706-245-7384 706-245-7384 | Site Web : www.roystonllc.com","og_url":"https:\/\/apgsolutions.com\/fr\/oem-royston-2\/","og_site_name":"apg\u00ae Solutions","article_publisher":"https:\/\/www.facebook.com\/apgglobalsolutions","og_image":[{"url":"https:\/\/apgsolutions.com\/wp-content\/uploads\/2023\/05\/Royston-Logo-300x34-1.jpg","type":"","width":"","height":""}],"twitter_card":"summary_large_image","twitter_site":"@apg_solutions","schema":{"@context":"https:\/\/schema.org","@graph":[{"@type":"WebPage","@id":"https:\/\/apgsolutions.com\/fr\/oem-royston-2\/","url":"https:\/\/apgsolutions.com\/fr\/oem-royston-2\/","name":"Royston - Fabricant d'\u00e9quipement d'origine (OEM)","isPartOf":{"@id":"https:\/\/apgsolutions.com\/fr\/#website"},"primaryImageOfPage":{"@id":"https:\/\/apgsolutions.com\/fr\/oem-royston-2\/#primaryimage"},"image":{"@id":"https:\/\/apgsolutions.com\/fr\/oem-royston-2\/#primaryimage"},"thumbnailUrl":"https:\/\/apgsolutions.com\/wp-content\/uploads\/2023\/05\/Royston-Logo-300x34-1.jpg","datePublished":"2025-10-15T04:29:09+00:00","description":"Veuillez contacter Royston pour obtenir la liste des num\u00e9ros de pi\u00e8ces et des codes de produits OEM. T\u00e9l\u00e9phone : 706-245-7384 706-245-7384 | Site Web : www.roystonllc.com","inLanguage":"fr-FR","potentialAction":[{"@type":"ReadAction","target":["https:\/\/apgsolutions.com\/fr\/oem-royston-2\/"]}]},{"@type":"ImageObject","inLanguage":"fr-FR","@id":"https:\/\/apgsolutions.com\/fr\/oem-royston-2\/#primaryimage","url":"https:\/\/apgsolutions.com\/wp-content\/uploads\/2023\/05\/Royston-Logo-300x34-1.jpg","contentUrl":"https:\/\/apgsolutions.com\/wp-content\/uploads\/2023\/05\/Royston-Logo-300x34-1.jpg"},{"@type":"WebSite","@id":"https:\/\/apgsolutions.com\/fr\/#website","url":"https:\/\/apgsolutions.com\/fr\/","name":"APG Solutions, LLC","description":"Trust at every point.","publisher":{"@id":"https:\/\/apgsolutions.com\/fr\/#organization"},"potentialAction":[{"@type":"SearchAction","target":{"@type":"EntryPoint","urlTemplate":"https:\/\/apgsolutions.com\/fr\/?s={search_term_string}"},"query-input":{"@type":"PropertyValueSpecification","valueRequired":true,"valueName":"search_term_string"}}],"inLanguage":"fr-FR"},{"@type":"Organization","@id":"https:\/\/apgsolutions.com\/fr\/#organization","name":"APG Solution, LLC","url":"https:\/\/apgsolutions.com\/fr\/","logo":{"@type":"ImageObject","inLanguage":"fr-FR","@id":"https:\/\/apgsolutions.com\/fr\/#\/schema\/logo\/image\/","url":"https:\/\/apgsolutions.com\/wp-content\/uploads\/2023\/12\/logomark-color.svg","contentUrl":"https:\/\/apgsolutions.com\/wp-content\/uploads\/2023\/12\/logomark-color.svg","width":141,"height":138,"caption":"APG Solution, LLC"},"image":{"@id":"https:\/\/apgsolutions.com\/fr\/#\/schema\/logo\/image\/"},"sameAs":["https:\/\/www.facebook.com\/apgglobalsolutions","https:\/\/x.com\/apg_solutions","https:\/\/www.youtube.com\/c\/CashManagementGlobalSolutionsbyapg","https:\/\/www.linkedin.com\/company\/apgglobalsolutions\/","https:\/\/www.instagram.com\/apgglobalsolutions\/","https:\/\/www.pinterest.com\/apgcashdrawer\/"]}]}},"acf":[],"_links":{"self":[{"href":"https:\/\/apgsolutions.com\/fr\/wp-json\/wp\/v2\/pages\/95446","targetHints":{"allow":["GET"]}}],"collection":[{"href":"https:\/\/apgsolutions.com\/fr\/wp-json\/wp\/v2\/pages"}],"about":[{"href":"https:\/\/apgsolutions.com\/fr\/wp-json\/wp\/v2\/types\/page"}],"author":[{"embeddable":true,"href":"https:\/\/apgsolutions.com\/fr\/wp-json\/wp\/v2\/users\/4"}],"replies":[{"embeddable":true,"href":"https:\/\/apgsolutions.com\/fr\/wp-json\/wp\/v2\/comments?post=95446"}],"version-history":[{"count":1,"href":"https:\/\/apgsolutions.com\/fr\/wp-json\/wp\/v2\/pages\/95446\/revisions"}],"predecessor-version":[{"id":95447,"href":"https:\/\/apgsolutions.com\/fr\/wp-json\/wp\/v2\/pages\/95446\/revisions\/95447"}],"wp:attachment":[{"href":"https:\/\/apgsolutions.com\/fr\/wp-json\/wp\/v2\/media?parent=95446"}],"curies":[{"name":"wp","href":"https:\/\/api.w.org\/{rel}","templated":true}]}}