{"id":95448,"date":"2025-10-15T04:29:10","date_gmt":"2025-10-15T04:29:10","guid":{"rendered":"https:\/\/apgsolutions.com\/oem-utc-retail-2\/"},"modified":"2025-10-15T10:03:33","modified_gmt":"2025-10-15T10:03:33","slug":"oem-utc-retail-2","status":"publish","type":"page","link":"https:\/\/apgsolutions.com\/fr\/oem-utc-retail-2\/","title":{"rendered":"OEM UTC Commerce de d\u00e9tail"},"content":{"rendered":"<div class=\"section_page-header \">\n    <img decoding=\"async\" class=\"header-image\" src=\"https:\/\/apgsolutions.com\/wp-content\/uploads\/2023\/04\/dark-blue-rotated.jpg\" alt=\"dark-blue\" title=\"dark-blue\">\n            <div class=\"header-content\">\n            <h1>OEM \u2013 UTC Retail<\/h1>\n        <\/div>\n    <\/div><div class=\"wp-block-image\">\n<figure class=\"aligncenter size-full\"><img fetchpriority=\"high\" decoding=\"async\" width=\"600\" height=\"108\" src=\"https:\/\/apgsolutions.com\/wp-content\/uploads\/2023\/05\/utc-logo.png\" alt=\"utc-logo\" class=\"wp-image-3565\" srcset=\"https:\/\/apgsolutions.com\/wp-content\/uploads\/2023\/05\/utc-logo.png 600w, https:\/\/apgsolutions.com\/wp-content\/uploads\/2023\/05\/utc-logo-300x54.png 300w\" sizes=\"(max-width: 600px) 100vw, 600px\" \/><\/figure>\n<\/div>\n<p class=\"has-text-align-center\">Veuillez contacter UTC Retail pour tous les produits de cette liste.<\/p>\n\n<p class=\"has-text-align-center\">T\u00e9l\u00e9phone : 1-800-349-0546 | Site web : www.ultimatetechnology.com<\/p>\n\n<figure class=\"wp-block-table is-style-stripes\"><table><thead><tr><th>Num\u00e9ro de pi\u00e8ce du produit<\/th><th>Description<\/th><th>Code produit<\/th><\/tr><\/thead><tbody><tr><td>INT222A-1-UG1819-C<\/td><td>TIROIR-CAISSE INT &#8211; EMBALLAGE R\u00c9DUIT<\/td><td>INTEGRAT-FG<\/td><\/tr><tr><td>INT222A-UG1819-C  <\/td><td>INT\u00c9GRATION DES TIROIRS-CAISSES<\/td><td>INTEGRAT-FG<\/td><\/tr><tr><td>INT222A-UG1819-U6  <\/td><td>INT\u00c9GRATION DES TIROIRS-CAISSES  <\/td><td>INTEGRAT-FG<\/td><\/tr><tr><td>JB222-25A-BL20203  <\/td><td>TIROIR-CAISSE S\u00c9RIE 4000  <\/td><td>S4000-FG<\/td><\/tr><tr><td>JB222-25A-BL20203-U6  <\/td><td>TIROIR-CAISSE S\u00c9RIE 4000  <\/td><td>S4000-FG<\/td><\/tr><tr><td>JB222-25A-CW20203  <\/td><td>TIROIR-CAISSE S\u00c9RIE 4000  <\/td><td>S4000-FG<\/td><\/tr><tr><td>JB222-25A-CW20203-U6<\/td><td>TIROIR-CAISSE S\u00c9RIE 4000  <\/td><td>S4000-FG<\/td><\/tr><tr><td>JB222-UG1818-U6  <\/td><td>TIROIR-CAISSE S\u00c9RIE 4000<\/td><td>S4000-FG<\/td><\/tr><tr><td>JB222A-UG1819-C  <\/td><td>TIROIR-CAISSE S\u00c9RIE 4000  <\/td><td>S4000-FG<\/td><\/tr><tr><td>JB222A-UG1819-U6  <\/td><td>TIROIR-CAISSE S\u00c9RIE 4000  <\/td><td>S4000-FG<\/td><\/tr><tr><td>T22219C1616  <\/td><td>TIROIR-CAISSE S\u00c9RIE 100  <\/td><td>S100-FG<\/td><\/tr><tr><td>T22219C1616KA10  <\/td><td>TIROIR-CAISSE S\u00c9RIE 100  <\/td><td>S100-FG<\/td><\/tr><tr><td>T22219C1616KA2  <\/td><td>TIROIR-CAISSE S\u00c9RIE 100<\/td><td>S100-FG<\/td><\/tr><tr><td>T22219C1616KA3  <\/td><td>TIROIR-CAISSE S\u00c9RIE 100  <\/td><td>S100-FG<\/td><\/tr><tr><td>T22219C1616KA5  <\/td><td>TIROIR-CAISSE S\u00c9RIE 100  <\/td><td>S100-FG<\/td><\/tr><tr><td>T22219C1616KA6  <\/td><td>TIROIR-CAISSE S\u00c9RIE 100  <\/td><td>S100-FG<\/td><\/tr><tr><td>T22219C1616KA7  <\/td><td>TIROIR-CAISSE S\u00c9RIE 100  <\/td><td>S100-FG<\/td><\/tr><tr><td>JB222-25-CW20203  <\/td><td>TIROIR-CAISSE S\u00c9RIE 4000  <\/td><td>S4000-FG<\/td><\/tr><tr><td>JB222-UG1818-C  <\/td><td>TIROIR-CAISSE S\u00c9RIE 4000  <\/td><td>S4000-FG<\/td><\/tr><tr><td>T22219B1616KA7  <\/td><td>TIROIR-CAISSE S\u00c9RIE 100  <\/td><td>S100-FG<\/td><\/tr><\/tbody><\/table><\/figure>\n","protected":false},"excerpt":{"rendered":"<p>Veuillez contacter UTC Retail pour tous les produits de cette liste. T\u00e9l\u00e9phone : 1-800-349-0546 | Site web : www.ultimatetechnology.com Num\u00e9ro de pi\u00e8ce du produit Description Code produit INT222A-1-UG1819-C TIROIR-CAISSE INT &#8211; EMBALLAGE R\u00c9DUIT INTEGRAT-FG INT222A-UG1819-C INT\u00c9GRATION DES TIROIRS-CAISSES INTEGRAT-FG INT222A-UG1819-U6 INT\u00c9GRATION DES TIROIRS-CAISSES INTEGRAT-FG JB222-25A-BL20203 TIROIR-CAISSE S\u00c9RIE 4000 S4000-FG JB222-25A-BL20203-U6 TIROIR-CAISSE S\u00c9RIE 4000 S4000-FG JB222-25A-CW20203 [&hellip;]<\/p>\n","protected":false},"author":4,"featured_media":0,"parent":0,"menu_order":0,"comment_status":"closed","ping_status":"closed","template":"","meta":{"_acf_changed":false,"content-type":"","footnotes":""},"class_list":["post-95448","page","type-page","status-publish"],"yoast_head":"<!-- This site is optimized with the Yoast SEO Premium plugin v23.5 (Yoast SEO v27.2) - https:\/\/yoast.com\/product\/yoast-seo-premium-wordpress\/ -->\n<title>UTC Retail - Fabricant d&#039;\u00e9quipement d&#039;origine (OEM) - apg\u00ae - UTC Retail - Fabricant d&#039;\u00e9quipement d&#039;origine (OEM) - apg\u00ae - UTC Retail<\/title>\n<meta name=\"description\" content=\"Veuillez contacter UTC Retail pour obtenir la liste des num\u00e9ros de pi\u00e8ces et des codes de produits OEM. T\u00e9l\u00e9phone : 1-800-349-0546 | Site Internet : www.ultimatetechnology.com\" \/>\n<meta name=\"robots\" content=\"index, follow, max-snippet:-1, max-image-preview:large, max-video-preview:-1\" \/>\n<link rel=\"canonical\" href=\"https:\/\/apgsolutions.com\/fr\/oem-utc-retail-2\/\" \/>\n<meta property=\"og:locale\" content=\"fr_FR\" \/>\n<meta property=\"og:type\" content=\"article\" \/>\n<meta property=\"og:title\" content=\"UTC Retail - Fabricant d&#039;\u00e9quipement d&#039;origine (OEM) - apg\u00ae - UTC Retail - Fabricant d&#039;\u00e9quipement d&#039;origine (OEM) - apg\u00ae - UTC Retail\" \/>\n<meta property=\"og:description\" content=\"Veuillez contacter UTC Retail pour obtenir la liste des num\u00e9ros de pi\u00e8ces et des codes de produits OEM. T\u00e9l\u00e9phone : 1-800-349-0546 | Site Internet : www.ultimatetechnology.com\" \/>\n<meta property=\"og:url\" content=\"https:\/\/apgsolutions.com\/fr\/oem-utc-retail-2\/\" \/>\n<meta property=\"og:site_name\" content=\"apg\u00ae Solutions\" \/>\n<meta property=\"article:publisher\" content=\"https:\/\/www.facebook.com\/apgglobalsolutions\" \/>\n<meta property=\"article:modified_time\" content=\"2025-10-15T10:03:33+00:00\" \/>\n<meta property=\"og:image\" content=\"https:\/\/apgsolutions.com\/wp-content\/uploads\/2023\/05\/utc-logo.png\" \/>\n<meta name=\"twitter:card\" content=\"summary_large_image\" \/>\n<meta name=\"twitter:site\" content=\"@apg_solutions\" \/>\n<meta name=\"twitter:label1\" content=\"Dur\u00e9e de lecture estim\u00e9e\" \/>\n\t<meta name=\"twitter:data1\" content=\"1 minute\" \/>\n<script type=\"application\/ld+json\" class=\"yoast-schema-graph\">{\"@context\":\"https:\/\/schema.org\",\"@graph\":[{\"@type\":\"WebPage\",\"@id\":\"https:\/\/apgsolutions.com\/fr\/oem-utc-retail-2\/\",\"url\":\"https:\/\/apgsolutions.com\/fr\/oem-utc-retail-2\/\",\"name\":\"UTC Retail - Fabricant d'\u00e9quipement d'origine (OEM) - apg\u00ae - UTC Retail - Fabricant d'\u00e9quipement d'origine (OEM) - apg\u00ae - UTC Retail\",\"isPartOf\":{\"@id\":\"https:\/\/apgsolutions.com\/fr\/#website\"},\"primaryImageOfPage\":{\"@id\":\"https:\/\/apgsolutions.com\/fr\/oem-utc-retail-2\/#primaryimage\"},\"image\":{\"@id\":\"https:\/\/apgsolutions.com\/fr\/oem-utc-retail-2\/#primaryimage\"},\"thumbnailUrl\":\"https:\/\/apgsolutions.com\/wp-content\/uploads\/2023\/05\/utc-logo.png\",\"datePublished\":\"2025-10-15T04:29:10+00:00\",\"dateModified\":\"2025-10-15T10:03:33+00:00\",\"description\":\"Veuillez contacter UTC Retail pour obtenir la liste des num\u00e9ros de pi\u00e8ces et des codes de produits OEM. T\u00e9l\u00e9phone : 1-800-349-0546 | Site Internet : www.ultimatetechnology.com\",\"inLanguage\":\"fr-FR\",\"potentialAction\":[{\"@type\":\"ReadAction\",\"target\":[\"https:\/\/apgsolutions.com\/fr\/oem-utc-retail-2\/\"]}]},{\"@type\":\"ImageObject\",\"inLanguage\":\"fr-FR\",\"@id\":\"https:\/\/apgsolutions.com\/fr\/oem-utc-retail-2\/#primaryimage\",\"url\":\"https:\/\/apgsolutions.com\/wp-content\/uploads\/2023\/05\/utc-logo.png\",\"contentUrl\":\"https:\/\/apgsolutions.com\/wp-content\/uploads\/2023\/05\/utc-logo.png\"},{\"@type\":\"WebSite\",\"@id\":\"https:\/\/apgsolutions.com\/fr\/#website\",\"url\":\"https:\/\/apgsolutions.com\/fr\/\",\"name\":\"APG Solutions, LLC\",\"description\":\"Trust at every point.\",\"publisher\":{\"@id\":\"https:\/\/apgsolutions.com\/fr\/#organization\"},\"potentialAction\":[{\"@type\":\"SearchAction\",\"target\":{\"@type\":\"EntryPoint\",\"urlTemplate\":\"https:\/\/apgsolutions.com\/fr\/?s={search_term_string}\"},\"query-input\":{\"@type\":\"PropertyValueSpecification\",\"valueRequired\":true,\"valueName\":\"search_term_string\"}}],\"inLanguage\":\"fr-FR\"},{\"@type\":\"Organization\",\"@id\":\"https:\/\/apgsolutions.com\/fr\/#organization\",\"name\":\"APG Solution, LLC\",\"url\":\"https:\/\/apgsolutions.com\/fr\/\",\"logo\":{\"@type\":\"ImageObject\",\"inLanguage\":\"fr-FR\",\"@id\":\"https:\/\/apgsolutions.com\/fr\/#\/schema\/logo\/image\/\",\"url\":\"https:\/\/apgsolutions.com\/wp-content\/uploads\/2023\/12\/logomark-color.svg\",\"contentUrl\":\"https:\/\/apgsolutions.com\/wp-content\/uploads\/2023\/12\/logomark-color.svg\",\"width\":141,\"height\":138,\"caption\":\"APG Solution, LLC\"},\"image\":{\"@id\":\"https:\/\/apgsolutions.com\/fr\/#\/schema\/logo\/image\/\"},\"sameAs\":[\"https:\/\/www.facebook.com\/apgglobalsolutions\",\"https:\/\/x.com\/apg_solutions\",\"https:\/\/www.youtube.com\/c\/CashManagementGlobalSolutionsbyapg\",\"https:\/\/www.linkedin.com\/company\/apgglobalsolutions\/\",\"https:\/\/www.instagram.com\/apgglobalsolutions\/\",\"https:\/\/www.pinterest.com\/apgcashdrawer\/\"]}]}<\/script>\n<!-- \/ Yoast SEO Premium plugin. -->","yoast_head_json":{"title":"UTC Retail - Fabricant d'\u00e9quipement d'origine (OEM) - apg\u00ae - UTC Retail - Fabricant d'\u00e9quipement d'origine (OEM) - apg\u00ae - UTC Retail","description":"Veuillez contacter UTC Retail pour obtenir la liste des num\u00e9ros de pi\u00e8ces et des codes de produits OEM. T\u00e9l\u00e9phone : 1-800-349-0546 | Site Internet : www.ultimatetechnology.com","robots":{"index":"index","follow":"follow","max-snippet":"max-snippet:-1","max-image-preview":"max-image-preview:large","max-video-preview":"max-video-preview:-1"},"canonical":"https:\/\/apgsolutions.com\/fr\/oem-utc-retail-2\/","og_locale":"fr_FR","og_type":"article","og_title":"UTC Retail - Fabricant d'\u00e9quipement d'origine (OEM) - apg\u00ae - UTC Retail - Fabricant d'\u00e9quipement d'origine (OEM) - apg\u00ae - UTC Retail","og_description":"Veuillez contacter UTC Retail pour obtenir la liste des num\u00e9ros de pi\u00e8ces et des codes de produits OEM. T\u00e9l\u00e9phone : 1-800-349-0546 | Site Internet : www.ultimatetechnology.com","og_url":"https:\/\/apgsolutions.com\/fr\/oem-utc-retail-2\/","og_site_name":"apg\u00ae Solutions","article_publisher":"https:\/\/www.facebook.com\/apgglobalsolutions","article_modified_time":"2025-10-15T10:03:33+00:00","og_image":[{"url":"https:\/\/apgsolutions.com\/wp-content\/uploads\/2023\/05\/utc-logo.png","type":"","width":"","height":""}],"twitter_card":"summary_large_image","twitter_site":"@apg_solutions","twitter_misc":{"Dur\u00e9e de lecture estim\u00e9e":"1 minute"},"schema":{"@context":"https:\/\/schema.org","@graph":[{"@type":"WebPage","@id":"https:\/\/apgsolutions.com\/fr\/oem-utc-retail-2\/","url":"https:\/\/apgsolutions.com\/fr\/oem-utc-retail-2\/","name":"UTC Retail - Fabricant d'\u00e9quipement d'origine (OEM) - apg\u00ae - UTC Retail - Fabricant d'\u00e9quipement d'origine (OEM) - apg\u00ae - UTC Retail","isPartOf":{"@id":"https:\/\/apgsolutions.com\/fr\/#website"},"primaryImageOfPage":{"@id":"https:\/\/apgsolutions.com\/fr\/oem-utc-retail-2\/#primaryimage"},"image":{"@id":"https:\/\/apgsolutions.com\/fr\/oem-utc-retail-2\/#primaryimage"},"thumbnailUrl":"https:\/\/apgsolutions.com\/wp-content\/uploads\/2023\/05\/utc-logo.png","datePublished":"2025-10-15T04:29:10+00:00","dateModified":"2025-10-15T10:03:33+00:00","description":"Veuillez contacter UTC Retail pour obtenir la liste des num\u00e9ros de pi\u00e8ces et des codes de produits OEM. T\u00e9l\u00e9phone : 1-800-349-0546 | Site Internet : www.ultimatetechnology.com","inLanguage":"fr-FR","potentialAction":[{"@type":"ReadAction","target":["https:\/\/apgsolutions.com\/fr\/oem-utc-retail-2\/"]}]},{"@type":"ImageObject","inLanguage":"fr-FR","@id":"https:\/\/apgsolutions.com\/fr\/oem-utc-retail-2\/#primaryimage","url":"https:\/\/apgsolutions.com\/wp-content\/uploads\/2023\/05\/utc-logo.png","contentUrl":"https:\/\/apgsolutions.com\/wp-content\/uploads\/2023\/05\/utc-logo.png"},{"@type":"WebSite","@id":"https:\/\/apgsolutions.com\/fr\/#website","url":"https:\/\/apgsolutions.com\/fr\/","name":"APG Solutions, LLC","description":"Trust at every point.","publisher":{"@id":"https:\/\/apgsolutions.com\/fr\/#organization"},"potentialAction":[{"@type":"SearchAction","target":{"@type":"EntryPoint","urlTemplate":"https:\/\/apgsolutions.com\/fr\/?s={search_term_string}"},"query-input":{"@type":"PropertyValueSpecification","valueRequired":true,"valueName":"search_term_string"}}],"inLanguage":"fr-FR"},{"@type":"Organization","@id":"https:\/\/apgsolutions.com\/fr\/#organization","name":"APG Solution, LLC","url":"https:\/\/apgsolutions.com\/fr\/","logo":{"@type":"ImageObject","inLanguage":"fr-FR","@id":"https:\/\/apgsolutions.com\/fr\/#\/schema\/logo\/image\/","url":"https:\/\/apgsolutions.com\/wp-content\/uploads\/2023\/12\/logomark-color.svg","contentUrl":"https:\/\/apgsolutions.com\/wp-content\/uploads\/2023\/12\/logomark-color.svg","width":141,"height":138,"caption":"APG Solution, LLC"},"image":{"@id":"https:\/\/apgsolutions.com\/fr\/#\/schema\/logo\/image\/"},"sameAs":["https:\/\/www.facebook.com\/apgglobalsolutions","https:\/\/x.com\/apg_solutions","https:\/\/www.youtube.com\/c\/CashManagementGlobalSolutionsbyapg","https:\/\/www.linkedin.com\/company\/apgglobalsolutions\/","https:\/\/www.instagram.com\/apgglobalsolutions\/","https:\/\/www.pinterest.com\/apgcashdrawer\/"]}]}},"acf":[],"_links":{"self":[{"href":"https:\/\/apgsolutions.com\/fr\/wp-json\/wp\/v2\/pages\/95448","targetHints":{"allow":["GET"]}}],"collection":[{"href":"https:\/\/apgsolutions.com\/fr\/wp-json\/wp\/v2\/pages"}],"about":[{"href":"https:\/\/apgsolutions.com\/fr\/wp-json\/wp\/v2\/types\/page"}],"author":[{"embeddable":true,"href":"https:\/\/apgsolutions.com\/fr\/wp-json\/wp\/v2\/users\/4"}],"replies":[{"embeddable":true,"href":"https:\/\/apgsolutions.com\/fr\/wp-json\/wp\/v2\/comments?post=95448"}],"version-history":[{"count":3,"href":"https:\/\/apgsolutions.com\/fr\/wp-json\/wp\/v2\/pages\/95448\/revisions"}],"predecessor-version":[{"id":95804,"href":"https:\/\/apgsolutions.com\/fr\/wp-json\/wp\/v2\/pages\/95448\/revisions\/95804"}],"wp:attachment":[{"href":"https:\/\/apgsolutions.com\/fr\/wp-json\/wp\/v2\/media?parent=95448"}],"curies":[{"name":"wp","href":"https:\/\/api.w.org\/{rel}","templated":true}]}}