{"id":95640,"date":"2025-10-15T07:18:17","date_gmt":"2025-10-15T07:18:17","guid":{"rendered":"https:\/\/apgsolutions.com\/un-engagement-en-faveur-de-lexcellence\/supply-chain-environmental-responsibility-policy\/"},"modified":"2025-10-15T07:18:17","modified_gmt":"2025-10-15T07:18:17","slug":"supply-chain-environmental-responsibility-policy","status":"publish","type":"page","link":"https:\/\/apgsolutions.com\/fr\/un-engagement-en-faveur-de-lexcellence\/supply-chain-environmental-responsibility-policy\/","title":{"rendered":"Politique de responsabilit\u00e9 environnementale de la cha\u00eene d&rsquo;approvisionnement"},"content":{"rendered":"<div class=\"section_page-header \">\n    <img decoding=\"async\" class=\"header-image\" src=\"https:\/\/apgsolutions.com\/wp-content\/uploads\/2023\/05\/Supply-chain.jpg\" alt=\"Supply-chain\" title=\"Supply-chain\">\n            <div class=\"header-content\">\n            <h1>Supply Chain Environmental Responsibility Policy<\/h1>\n        <\/div>\n    <\/div>\n<h2 class=\"wp-block-heading has-text-align-center has-large-font-size\" id=\"h-apg-cash-drawer-strives-to-be-a-steward-of-the-environment\">APG Cash Drawer s&rsquo;efforce de respecter l&rsquo;environnement.<\/h2>\n\n<p>Nous avons la responsabilit\u00e9 de prendre soin de l&rsquo;environnement dans lequel nous op\u00e9rons et de le prot\u00e9ger. Nous nous engageons pleinement \u00e0 am\u00e9liorer les performances environnementales dans toutes nos activit\u00e9s commerciales et nous encouragerons nos fournisseurs, nos partenaires commerciaux et les membres de la communaut\u00e9 au sens large \u00e0 se joindre \u00e0 nous dans cet effort. <\/p>\n\n<h2 class=\"wp-block-heading\"><strong>Impacts cl\u00e9s dans les domaines suivants<\/strong><\/h2>\n\n<ul class=\"wp-block-list\">\n<li>Consommation d&rsquo;\u00e9nergie, de mati\u00e8res premi\u00e8res et d&rsquo;eau<\/li>\n\n\n\n<li>Production de d\u00e9chets<\/li>\n\n\n\n<li>\u00c9missions dans l&rsquo;air\/l&rsquo;eau<\/li>\n\n\n\n<li>Transport<\/li>\n\n\n\n<li>March\u00e9s publics<\/li>\n<\/ul>\n\n<h2 class=\"wp-block-heading\"><strong>APG Cash Drawer s&rsquo;efforce de :<\/strong><\/h2>\n\n<ul class=\"wp-block-list\">\n<li>\u00c9valuer nos activit\u00e9s organisationnelles et identifier les domaines dans lesquels nous pouvons minimiser les impacts.<\/li>\n\n\n\n<li>Minimiser les d\u00e9chets par une utilisation prudente et efficace de tous les mat\u00e9riaux et de l&rsquo;\u00e9nergie.<\/li>\n\n\n\n<li>Acheter des produits durables et d&rsquo;origine \u00e9thique dans la mesure du possible. Il s&rsquo;agit notamment de produits recycl\u00e9s, FSC ou \u00e0 faible impact environnemental, de composants contenant des minerais exempts de conflits et d&rsquo;\u00e9nergie provenant de sources renouvelables. <\/li>\n\n\n\n<li>Former les employ\u00e9s aux bonnes pratiques environnementales et encourager leur participation aux actions environnementales.<\/li>\n\n\n\n<li>R\u00e9duire les risques li\u00e9s \u00e0 l&rsquo;environnement, \u00e0 la sant\u00e9 ou \u00e0 la s\u00e9curit\u00e9 pour les employ\u00e9s et les autres personnes se trouvant \u00e0 proximit\u00e9 de nos activit\u00e9s.<\/li>\n\n\n\n<li>Adopter une strat\u00e9gie de transport respectueuse de l&rsquo;environnement.<\/li>\n\n\n\n<li>\u00c9valuer en permanence l&rsquo;impact de nos activit\u00e9s sur l&rsquo;environnement et les optimiser afin de r\u00e9duire au maximum les effets n\u00e9gatifs.<\/li>\n\n\n\n<li>S&rsquo;efforcer d&rsquo;inclure des consid\u00e9rations environnementales et \u00e9thiques dans les d\u00e9cisions d&rsquo;investissement, le cas \u00e9ch\u00e9ant.<\/li>\n\n\n\n<li>Contribuer \u00e0 l&rsquo;\u00e9laboration de solutions aux probl\u00e8mes environnementaux.<\/li>\n\n\n\n<li>Faire conna\u00eetre notre position en mati\u00e8re d&rsquo;environnement.<\/li>\n\n\n\n<li>S&rsquo;aligner sur les fournisseurs qui s&rsquo;efforcent eux-m\u00eames d&rsquo;atteindre des normes \u00e9lev\u00e9es en mati\u00e8re de gestion de l&rsquo;environnement.<\/li>\n\n\n\n<li>Veiller \u00e0 l&rsquo;\u00e9limination correcte de nos produits \u00e0 la fin de leur vie utile.<\/li>\n<\/ul>\n\n<h2 class=\"wp-block-heading\"><strong>R\u00e8glement (CE) n\u00b0 1907\/2006, article 33<\/strong><\/h2>\n\n<p>Certains produits APG contiennent du Dod\u00e9cam\u00e9thylcyclohexasiloxane, du plomb (Pb), du trioxyde de dibore et du 1,3,5-Tris(oxiran-2-ylm\u00e9thyl)-1,3,5-triazinane-2,4,6-trione (TGIC). Veuillez nous contacter \u00e0 l&rsquo;adresse <a href=\"mailto:compliance@apgsolutions.com\">compliance@apgsolutions.com<\/a> pour obtenir de plus amples informations sur des produits sp\u00e9cifiques et sur leur manipulation en toute s\u00e9curit\u00e9. <\/p>\n","protected":false},"excerpt":{"rendered":"<p>APG Cash Drawer s&rsquo;efforce de respecter l&rsquo;environnement. Nous avons la responsabilit\u00e9 de prendre soin de l&rsquo;environnement dans lequel nous op\u00e9rons et de le prot\u00e9ger. Nous nous engageons pleinement \u00e0 am\u00e9liorer les performances environnementales dans toutes nos activit\u00e9s commerciales et nous encouragerons nos fournisseurs, nos partenaires commerciaux et les membres de la communaut\u00e9 au sens large [&hellip;]<\/p>\n","protected":false},"author":4,"featured_media":0,"parent":61340,"menu_order":0,"comment_status":"closed","ping_status":"closed","template":"","meta":{"_acf_changed":false,"content-type":"","footnotes":""},"class_list":["post-95640","page","type-page","status-publish"],"yoast_head":"<!-- This site is optimized with the Yoast SEO Premium plugin v23.5 (Yoast SEO v27.2) - https:\/\/yoast.com\/product\/yoast-seo-premium-wordpress\/ -->\n<title>Politique de responsabilit\u00e9 environnementale de la cha\u00eene d&#039;approvisionnement - Tiroir-caisse SGA<\/title>\n<meta name=\"description\" content=\"APG Cash Drawer s&#039;efforce de respecter l&#039;environnement. Nous avons la responsabilit\u00e9 de prendre soin de l&#039;environnement dans lequel nous op\u00e9rons et de le prot\u00e9ger. Nous nous engageons pleinement \u00e0 am\u00e9liorer nos performances environnementales.\" \/>\n<meta name=\"robots\" content=\"index, follow, max-snippet:-1, max-image-preview:large, max-video-preview:-1\" \/>\n<link rel=\"canonical\" href=\"https:\/\/apgsolutions.com\/fr\/un-engagement-en-faveur-de-lexcellence\/supply-chain-environmental-responsibility-policy\/\" \/>\n<meta property=\"og:locale\" content=\"fr_FR\" \/>\n<meta property=\"og:type\" content=\"article\" \/>\n<meta property=\"og:title\" content=\"Politique de responsabilit\u00e9 environnementale de la cha\u00eene d&#039;approvisionnement - Tiroir-caisse SGA\" \/>\n<meta property=\"og:description\" content=\"APG Cash Drawer s&#039;efforce de respecter l&#039;environnement. Nous avons la responsabilit\u00e9 de prendre soin de l&#039;environnement dans lequel nous op\u00e9rons et de le prot\u00e9ger. Nous nous engageons pleinement \u00e0 am\u00e9liorer nos performances environnementales.\" \/>\n<meta property=\"og:url\" content=\"https:\/\/apgsolutions.com\/fr\/un-engagement-en-faveur-de-lexcellence\/supply-chain-environmental-responsibility-policy\/\" \/>\n<meta property=\"og:site_name\" content=\"apg\u00ae Solutions\" \/>\n<meta property=\"article:publisher\" content=\"https:\/\/www.facebook.com\/apgglobalsolutions\" \/>\n<meta name=\"twitter:card\" content=\"summary_large_image\" \/>\n<meta name=\"twitter:site\" content=\"@apg_solutions\" \/>\n<meta name=\"twitter:label1\" content=\"Dur\u00e9e de lecture estim\u00e9e\" \/>\n\t<meta name=\"twitter:data1\" content=\"2 minutes\" \/>\n<script type=\"application\/ld+json\" class=\"yoast-schema-graph\">{\"@context\":\"https:\/\/schema.org\",\"@graph\":[{\"@type\":\"WebPage\",\"@id\":\"https:\/\/apgsolutions.com\/fr\/un-engagement-en-faveur-de-lexcellence\/supply-chain-environmental-responsibility-policy\/\",\"url\":\"https:\/\/apgsolutions.com\/fr\/un-engagement-en-faveur-de-lexcellence\/supply-chain-environmental-responsibility-policy\/\",\"name\":\"Politique de responsabilit\u00e9 environnementale de la cha\u00eene d'approvisionnement - Tiroir-caisse SGA\",\"isPartOf\":{\"@id\":\"https:\/\/apgsolutions.com\/fr\/#website\"},\"datePublished\":\"2025-10-15T07:18:17+00:00\",\"description\":\"APG Cash Drawer s'efforce de respecter l'environnement. Nous avons la responsabilit\u00e9 de prendre soin de l'environnement dans lequel nous op\u00e9rons et de le prot\u00e9ger. Nous nous engageons pleinement \u00e0 am\u00e9liorer nos performances environnementales.\",\"breadcrumb\":{\"@id\":\"https:\/\/apgsolutions.com\/fr\/un-engagement-en-faveur-de-lexcellence\/supply-chain-environmental-responsibility-policy\/#breadcrumb\"},\"inLanguage\":\"fr-FR\",\"potentialAction\":[{\"@type\":\"ReadAction\",\"target\":[\"https:\/\/apgsolutions.com\/fr\/un-engagement-en-faveur-de-lexcellence\/supply-chain-environmental-responsibility-policy\/\"]}]},{\"@type\":\"BreadcrumbList\",\"@id\":\"https:\/\/apgsolutions.com\/fr\/un-engagement-en-faveur-de-lexcellence\/supply-chain-environmental-responsibility-policy\/#breadcrumb\",\"itemListElement\":[{\"@type\":\"ListItem\",\"position\":1,\"name\":\"Engagement en faveur de l&#8217;excellence\",\"item\":\"https:\/\/apgsolutions.com\/fr\/un-engagement-en-faveur-de-lexcellence\/\"},{\"@type\":\"ListItem\",\"position\":2,\"name\":\"Politique de responsabilit\u00e9 environnementale de la cha\u00eene d&#8217;approvisionnement\"}]},{\"@type\":\"WebSite\",\"@id\":\"https:\/\/apgsolutions.com\/fr\/#website\",\"url\":\"https:\/\/apgsolutions.com\/fr\/\",\"name\":\"APG Solutions, LLC\",\"description\":\"Trust at every point.\",\"publisher\":{\"@id\":\"https:\/\/apgsolutions.com\/fr\/#organization\"},\"potentialAction\":[{\"@type\":\"SearchAction\",\"target\":{\"@type\":\"EntryPoint\",\"urlTemplate\":\"https:\/\/apgsolutions.com\/fr\/?s={search_term_string}\"},\"query-input\":{\"@type\":\"PropertyValueSpecification\",\"valueRequired\":true,\"valueName\":\"search_term_string\"}}],\"inLanguage\":\"fr-FR\"},{\"@type\":\"Organization\",\"@id\":\"https:\/\/apgsolutions.com\/fr\/#organization\",\"name\":\"APG Solution, LLC\",\"url\":\"https:\/\/apgsolutions.com\/fr\/\",\"logo\":{\"@type\":\"ImageObject\",\"inLanguage\":\"fr-FR\",\"@id\":\"https:\/\/apgsolutions.com\/fr\/#\/schema\/logo\/image\/\",\"url\":\"https:\/\/apgsolutions.com\/wp-content\/uploads\/2023\/12\/logomark-color.svg\",\"contentUrl\":\"https:\/\/apgsolutions.com\/wp-content\/uploads\/2023\/12\/logomark-color.svg\",\"width\":141,\"height\":138,\"caption\":\"APG Solution, LLC\"},\"image\":{\"@id\":\"https:\/\/apgsolutions.com\/fr\/#\/schema\/logo\/image\/\"},\"sameAs\":[\"https:\/\/www.facebook.com\/apgglobalsolutions\",\"https:\/\/x.com\/apg_solutions\",\"https:\/\/www.youtube.com\/c\/CashManagementGlobalSolutionsbyapg\",\"https:\/\/www.linkedin.com\/company\/apgglobalsolutions\/\",\"https:\/\/www.instagram.com\/apgglobalsolutions\/\",\"https:\/\/www.pinterest.com\/apgcashdrawer\/\"]}]}<\/script>\n<!-- \/ Yoast SEO Premium plugin. -->","yoast_head_json":{"title":"Politique de responsabilit\u00e9 environnementale de la cha\u00eene d'approvisionnement - Tiroir-caisse SGA","description":"APG Cash Drawer s'efforce de respecter l'environnement. Nous avons la responsabilit\u00e9 de prendre soin de l'environnement dans lequel nous op\u00e9rons et de le prot\u00e9ger. Nous nous engageons pleinement \u00e0 am\u00e9liorer nos performances environnementales.","robots":{"index":"index","follow":"follow","max-snippet":"max-snippet:-1","max-image-preview":"max-image-preview:large","max-video-preview":"max-video-preview:-1"},"canonical":"https:\/\/apgsolutions.com\/fr\/un-engagement-en-faveur-de-lexcellence\/supply-chain-environmental-responsibility-policy\/","og_locale":"fr_FR","og_type":"article","og_title":"Politique de responsabilit\u00e9 environnementale de la cha\u00eene d'approvisionnement - Tiroir-caisse SGA","og_description":"APG Cash Drawer s'efforce de respecter l'environnement. Nous avons la responsabilit\u00e9 de prendre soin de l'environnement dans lequel nous op\u00e9rons et de le prot\u00e9ger. Nous nous engageons pleinement \u00e0 am\u00e9liorer nos performances environnementales.","og_url":"https:\/\/apgsolutions.com\/fr\/un-engagement-en-faveur-de-lexcellence\/supply-chain-environmental-responsibility-policy\/","og_site_name":"apg\u00ae Solutions","article_publisher":"https:\/\/www.facebook.com\/apgglobalsolutions","twitter_card":"summary_large_image","twitter_site":"@apg_solutions","twitter_misc":{"Dur\u00e9e de lecture estim\u00e9e":"2 minutes"},"schema":{"@context":"https:\/\/schema.org","@graph":[{"@type":"WebPage","@id":"https:\/\/apgsolutions.com\/fr\/un-engagement-en-faveur-de-lexcellence\/supply-chain-environmental-responsibility-policy\/","url":"https:\/\/apgsolutions.com\/fr\/un-engagement-en-faveur-de-lexcellence\/supply-chain-environmental-responsibility-policy\/","name":"Politique de responsabilit\u00e9 environnementale de la cha\u00eene d'approvisionnement - Tiroir-caisse SGA","isPartOf":{"@id":"https:\/\/apgsolutions.com\/fr\/#website"},"datePublished":"2025-10-15T07:18:17+00:00","description":"APG Cash Drawer s'efforce de respecter l'environnement. Nous avons la responsabilit\u00e9 de prendre soin de l'environnement dans lequel nous op\u00e9rons et de le prot\u00e9ger. Nous nous engageons pleinement \u00e0 am\u00e9liorer nos performances environnementales.","breadcrumb":{"@id":"https:\/\/apgsolutions.com\/fr\/un-engagement-en-faveur-de-lexcellence\/supply-chain-environmental-responsibility-policy\/#breadcrumb"},"inLanguage":"fr-FR","potentialAction":[{"@type":"ReadAction","target":["https:\/\/apgsolutions.com\/fr\/un-engagement-en-faveur-de-lexcellence\/supply-chain-environmental-responsibility-policy\/"]}]},{"@type":"BreadcrumbList","@id":"https:\/\/apgsolutions.com\/fr\/un-engagement-en-faveur-de-lexcellence\/supply-chain-environmental-responsibility-policy\/#breadcrumb","itemListElement":[{"@type":"ListItem","position":1,"name":"Engagement en faveur de l&#8217;excellence","item":"https:\/\/apgsolutions.com\/fr\/un-engagement-en-faveur-de-lexcellence\/"},{"@type":"ListItem","position":2,"name":"Politique de responsabilit\u00e9 environnementale de la cha\u00eene d&#8217;approvisionnement"}]},{"@type":"WebSite","@id":"https:\/\/apgsolutions.com\/fr\/#website","url":"https:\/\/apgsolutions.com\/fr\/","name":"APG Solutions, LLC","description":"Trust at every point.","publisher":{"@id":"https:\/\/apgsolutions.com\/fr\/#organization"},"potentialAction":[{"@type":"SearchAction","target":{"@type":"EntryPoint","urlTemplate":"https:\/\/apgsolutions.com\/fr\/?s={search_term_string}"},"query-input":{"@type":"PropertyValueSpecification","valueRequired":true,"valueName":"search_term_string"}}],"inLanguage":"fr-FR"},{"@type":"Organization","@id":"https:\/\/apgsolutions.com\/fr\/#organization","name":"APG Solution, LLC","url":"https:\/\/apgsolutions.com\/fr\/","logo":{"@type":"ImageObject","inLanguage":"fr-FR","@id":"https:\/\/apgsolutions.com\/fr\/#\/schema\/logo\/image\/","url":"https:\/\/apgsolutions.com\/wp-content\/uploads\/2023\/12\/logomark-color.svg","contentUrl":"https:\/\/apgsolutions.com\/wp-content\/uploads\/2023\/12\/logomark-color.svg","width":141,"height":138,"caption":"APG Solution, LLC"},"image":{"@id":"https:\/\/apgsolutions.com\/fr\/#\/schema\/logo\/image\/"},"sameAs":["https:\/\/www.facebook.com\/apgglobalsolutions","https:\/\/x.com\/apg_solutions","https:\/\/www.youtube.com\/c\/CashManagementGlobalSolutionsbyapg","https:\/\/www.linkedin.com\/company\/apgglobalsolutions\/","https:\/\/www.instagram.com\/apgglobalsolutions\/","https:\/\/www.pinterest.com\/apgcashdrawer\/"]}]}},"acf":[],"_links":{"self":[{"href":"https:\/\/apgsolutions.com\/fr\/wp-json\/wp\/v2\/pages\/95640","targetHints":{"allow":["GET"]}}],"collection":[{"href":"https:\/\/apgsolutions.com\/fr\/wp-json\/wp\/v2\/pages"}],"about":[{"href":"https:\/\/apgsolutions.com\/fr\/wp-json\/wp\/v2\/types\/page"}],"author":[{"embeddable":true,"href":"https:\/\/apgsolutions.com\/fr\/wp-json\/wp\/v2\/users\/4"}],"replies":[{"embeddable":true,"href":"https:\/\/apgsolutions.com\/fr\/wp-json\/wp\/v2\/comments?post=95640"}],"version-history":[{"count":1,"href":"https:\/\/apgsolutions.com\/fr\/wp-json\/wp\/v2\/pages\/95640\/revisions"}],"predecessor-version":[{"id":95641,"href":"https:\/\/apgsolutions.com\/fr\/wp-json\/wp\/v2\/pages\/95640\/revisions\/95641"}],"up":[{"embeddable":true,"href":"https:\/\/apgsolutions.com\/fr\/wp-json\/wp\/v2\/pages\/61340"}],"wp:attachment":[{"href":"https:\/\/apgsolutions.com\/fr\/wp-json\/wp\/v2\/media?parent=95640"}],"curies":[{"name":"wp","href":"https:\/\/api.w.org\/{rel}","templated":true}]}}