{"id":98377,"date":"2026-01-22T14:42:09","date_gmt":"2026-01-22T14:42:09","guid":{"rendered":"https:\/\/apgsolutions.com\/cash-transactions-mobile-world-download\/"},"modified":"2026-01-22T14:42:09","modified_gmt":"2026-01-22T14:42:09","slug":"cash-transactions-mobile-world-download","status":"publish","type":"page","link":"https:\/\/apgsolutions.com\/fr\/cash-transactions-mobile-world-download\/","title":{"rendered":"Cash Transactions Mobile World T\u00e9l\u00e9charger"},"content":{"rendered":"<div class=\"section_page-header \">\n    <img decoding=\"async\" class=\"header-image\" src=\"https:\/\/apgsolutions.com\/wp-content\/uploads\/2023\/05\/GettyImages-184405133-1-1.jpg\" alt=\"GettyImages-184405133-1-1\" title=\"GettyImages-184405133-1-1\">\n            <div class=\"header-content\">\n            <h1>Cash Transactions Mobile World Download<\/h1>\n        <\/div>\n    <\/div>\n<h2 class=\"wp-block-heading has-text-align-center has-x-large-font-size\" id=\"h-cash-transactions-in-a-mobile-world-download\">Transactions en esp\u00e8ces dans un monde mobile T\u00e9l\u00e9charger<\/h2>\n\n<p>L&rsquo;introduction des solutions de point de vente mPOS a amen\u00e9 les d\u00e9taillants du monde entier \u00e0 changer la fa\u00e7on dont ils encaissent les clients. Qu&rsquo;il s&rsquo;agisse d&rsquo;un client l\u00e9ger, d&rsquo;une solution bas\u00e9e sur le cloud ou d&rsquo;une solution de raccordement \u00e0 une installation POS existante, APG dispose de la solution de connectivit\u00e9 avec une suite d&rsquo;interfaces \u00e9tendue. T\u00e9l\u00e9chargez nos livres blancs pour en savoir plus sur les transactions mobiles et les solutions POS pour aider votre entreprise \u00e0 prosp\u00e9rer en 2018.  <\/p>\n\n<h2 class=\"wp-block-heading\" id=\"h-english\">Anglais<\/h2>\n\n<p><a href=\"\/wp-content\/uploads\/2023\/05\/APG_whitepaper_dealer.pdf\">Les op\u00e9rations de caisse dans un monde mobile (version revendeur)<\/a><br\/><a href=\"https:\/\/apgsolutions.com\/wp-content\/uploads\/2023\/05\/APG_whitepaper_ISV.pdf\">Les op\u00e9rations de caisse dans un monde mobile (version ISV)<\/a><br\/><a href=\"https:\/\/apgsolutions.com\/wp-content\/uploads\/2023\/05\/APG_whitepaper_technical.pdf\">Les op\u00e9rations de caisse dans un monde mobile (version technique)<\/a><\/p>\n\n<p><\/p>\n\n<h2 class=\"wp-block-heading\" id=\"h-francais\">Fran\u00e7ais<\/h2>\n\n<p>L&rsquo;introduction de mPOS solution de point de vente a d\u00e9taillants \u00e0 travers le monde qui change la fa\u00e7on dont ils check-out clients. Qu&rsquo;il s&rsquo;agisse d&rsquo;un client l\u00e9ger, bas\u00e9 sur le cloud ou un boulon sur la solution \u00e0 une installation de POS existant, APG a la solution de connectivit\u00e9 avec une suite d&rsquo;interface \u00e9largie. T\u00e9l\u00e9chargez nos livres blancs pour en savoir plus sur les transactions mobiles et solutions de point de vente pour aider votre entreprise \u00e0 prosp\u00e9rer en 2018.  <\/p>\n\n<p><a href=\"\/wp-content\/uploads\/2023\/05\/APG_whitepaper_dealer-Fr1-French.pdf\">Op\u00e9rations De Caisse Dans Un Monde Mobile (Pointe Vue de concessionnaire : Vue d&rsquo;ensemble)<\/a><br\/><a href=\"https:\/\/apgsolutions.com\/wp-content\/uploads\/2023\/05\/APG_whitepaper_ISV-French.pdf\">Op\u00e9rations De Caisse Dans Un Monde Mobile (\u00e9diteurs de Logiciels Ind\u00e9pendants : Vue D&rsquo;ensemble)<\/a><br\/><a href=\"https:\/\/apgsolutions.com\/wp-content\/uploads\/2023\/05\/APG_whitepaper_technical-Fr-French.pdf\">Op\u00e9rations De Caisse Dans Un Monde Mobile (Vue D&rsquo;ensemble Technique)<\/a><\/p>\n\n<p><\/p>\n\n<h2 class=\"wp-block-heading\" id=\"h-deutsch\">Deutsch<\/h2>\n\n<p>L&rsquo;introduction de solutions mPOS pour les points de vente a permis aux entreprises du monde entier de gagner du temps lors de l&rsquo;encaissement de leurs clients. Qu&rsquo;il s&rsquo;agisse d&rsquo;un client l\u00e9ger, d&rsquo;une solution bas\u00e9e sur le cloud ou d&rsquo;une solution compl\u00e8te pour l&rsquo;installation d&rsquo;un point de vente, la solution de connectivit\u00e9 d&rsquo;APG dispose d&rsquo;une nouvelle gamme de services. Consultez notre livre blanc pour en savoir plus sur les transactions mobiles et les solutions de point de vente, afin de faire \u00e9voluer votre entreprise en 2018.  <\/p>\n\n<p><a href=\"\/wp-content\/uploads\/2023\/05\/APG_whitepaper_dealer-DE-German.pdf\">Les transports de fonds dans un monde mobile (version pour les particuliers)<\/a><br\/><a href=\"https:\/\/apgsolutions.com\/wp-content\/uploads\/2023\/05\/APG_whitepaper_ISV-German.pdf\">Transport de fonds dans le monde mobile (version pour les particuliers)<\/a><br\/><a href=\"https:\/\/apgsolutions.com\/wp-content\/uploads\/2023\/05\/APG_whitepaper_technical-DE-German.pdf\">Transport de fonds dans un monde mobile (version technique)<\/a><\/p>\n\n<p><\/p>\n","protected":false},"excerpt":{"rendered":"<p>Transactions en esp\u00e8ces dans un monde mobile T\u00e9l\u00e9charger L&rsquo;introduction des solutions de point de vente mPOS a amen\u00e9 les d\u00e9taillants du monde entier \u00e0 changer la fa\u00e7on dont ils encaissent les clients. Qu&rsquo;il s&rsquo;agisse d&rsquo;un client l\u00e9ger, d&rsquo;une solution bas\u00e9e sur le cloud ou d&rsquo;une solution de raccordement \u00e0 une installation POS existante, APG dispose [&hellip;]<\/p>\n","protected":false},"author":4,"featured_media":0,"parent":0,"menu_order":0,"comment_status":"closed","ping_status":"closed","template":"","meta":{"_acf_changed":false,"content-type":"","footnotes":""},"class_list":["post-98377","page","type-page","status-publish"],"yoast_head":"<!-- This site is optimized with the Yoast SEO Premium plugin v23.5 (Yoast SEO v27.2) - https:\/\/yoast.com\/product\/yoast-seo-premium-wordpress\/ -->\n<title>Cash Transactions Mobile World T\u00e9l\u00e9charger<\/title>\n<meta name=\"description\" content=\"Acc\u00e9dez \u00e0 des informations sur le traitement des esp\u00e8ces dans les environnements de points de vente mobiles. T\u00e9l\u00e9chargez des guides sur les solutions int\u00e9gr\u00e9es pour le commerce de d\u00e9tail.\" \/>\n<meta name=\"robots\" content=\"index, follow, max-snippet:-1, max-image-preview:large, max-video-preview:-1\" \/>\n<link rel=\"canonical\" href=\"https:\/\/apgsolutions.com\/fr\/cash-transactions-mobile-world-download\/\" \/>\n<meta property=\"og:locale\" content=\"fr_FR\" \/>\n<meta property=\"og:type\" content=\"article\" \/>\n<meta property=\"og:title\" content=\"Cash Transactions Mobile World T\u00e9l\u00e9charger\" \/>\n<meta property=\"og:description\" content=\"Acc\u00e9dez \u00e0 des informations sur le traitement des esp\u00e8ces dans les environnements de points de vente mobiles. T\u00e9l\u00e9chargez des guides sur les solutions int\u00e9gr\u00e9es pour le commerce de d\u00e9tail.\" \/>\n<meta property=\"og:url\" content=\"https:\/\/apgsolutions.com\/fr\/cash-transactions-mobile-world-download\/\" \/>\n<meta property=\"og:site_name\" content=\"apg\u00ae Solutions\" \/>\n<meta property=\"article:publisher\" content=\"https:\/\/www.facebook.com\/apgglobalsolutions\" \/>\n<meta name=\"twitter:card\" content=\"summary_large_image\" \/>\n<meta name=\"twitter:site\" content=\"@apg_solutions\" \/>\n<meta name=\"twitter:label1\" content=\"Dur\u00e9e de lecture estim\u00e9e\" \/>\n\t<meta name=\"twitter:data1\" content=\"2 minutes\" \/>\n<script type=\"application\/ld+json\" class=\"yoast-schema-graph\">{\"@context\":\"https:\/\/schema.org\",\"@graph\":[{\"@type\":\"WebPage\",\"@id\":\"https:\/\/apgsolutions.com\/fr\/cash-transactions-mobile-world-download\/\",\"url\":\"https:\/\/apgsolutions.com\/fr\/cash-transactions-mobile-world-download\/\",\"name\":\"Cash Transactions Mobile World T\u00e9l\u00e9charger\",\"isPartOf\":{\"@id\":\"https:\/\/apgsolutions.com\/fr\/#website\"},\"datePublished\":\"2026-01-22T14:42:09+00:00\",\"description\":\"Acc\u00e9dez \u00e0 des informations sur le traitement des esp\u00e8ces dans les environnements de points de vente mobiles. T\u00e9l\u00e9chargez des guides sur les solutions int\u00e9gr\u00e9es pour le commerce de d\u00e9tail.\",\"inLanguage\":\"fr-FR\",\"potentialAction\":[{\"@type\":\"ReadAction\",\"target\":[\"https:\/\/apgsolutions.com\/fr\/cash-transactions-mobile-world-download\/\"]}]},{\"@type\":\"WebSite\",\"@id\":\"https:\/\/apgsolutions.com\/fr\/#website\",\"url\":\"https:\/\/apgsolutions.com\/fr\/\",\"name\":\"APG Solutions, LLC\",\"description\":\"Trust at every point.\",\"publisher\":{\"@id\":\"https:\/\/apgsolutions.com\/fr\/#organization\"},\"potentialAction\":[{\"@type\":\"SearchAction\",\"target\":{\"@type\":\"EntryPoint\",\"urlTemplate\":\"https:\/\/apgsolutions.com\/fr\/?s={search_term_string}\"},\"query-input\":{\"@type\":\"PropertyValueSpecification\",\"valueRequired\":true,\"valueName\":\"search_term_string\"}}],\"inLanguage\":\"fr-FR\"},{\"@type\":\"Organization\",\"@id\":\"https:\/\/apgsolutions.com\/fr\/#organization\",\"name\":\"APG Solution, LLC\",\"url\":\"https:\/\/apgsolutions.com\/fr\/\",\"logo\":{\"@type\":\"ImageObject\",\"inLanguage\":\"fr-FR\",\"@id\":\"https:\/\/apgsolutions.com\/fr\/#\/schema\/logo\/image\/\",\"url\":\"https:\/\/apgsolutions.com\/wp-content\/uploads\/2023\/12\/logomark-color.svg\",\"contentUrl\":\"https:\/\/apgsolutions.com\/wp-content\/uploads\/2023\/12\/logomark-color.svg\",\"width\":141,\"height\":138,\"caption\":\"APG Solution, LLC\"},\"image\":{\"@id\":\"https:\/\/apgsolutions.com\/fr\/#\/schema\/logo\/image\/\"},\"sameAs\":[\"https:\/\/www.facebook.com\/apgglobalsolutions\",\"https:\/\/x.com\/apg_solutions\",\"https:\/\/www.youtube.com\/c\/CashManagementGlobalSolutionsbyapg\",\"https:\/\/www.linkedin.com\/company\/apgglobalsolutions\/\",\"https:\/\/www.instagram.com\/apgglobalsolutions\/\",\"https:\/\/www.pinterest.com\/apgcashdrawer\/\"]}]}<\/script>\n<!-- \/ Yoast SEO Premium plugin. -->","yoast_head_json":{"title":"Cash Transactions Mobile World T\u00e9l\u00e9charger","description":"Acc\u00e9dez \u00e0 des informations sur le traitement des esp\u00e8ces dans les environnements de points de vente mobiles. T\u00e9l\u00e9chargez des guides sur les solutions int\u00e9gr\u00e9es pour le commerce de d\u00e9tail.","robots":{"index":"index","follow":"follow","max-snippet":"max-snippet:-1","max-image-preview":"max-image-preview:large","max-video-preview":"max-video-preview:-1"},"canonical":"https:\/\/apgsolutions.com\/fr\/cash-transactions-mobile-world-download\/","og_locale":"fr_FR","og_type":"article","og_title":"Cash Transactions Mobile World T\u00e9l\u00e9charger","og_description":"Acc\u00e9dez \u00e0 des informations sur le traitement des esp\u00e8ces dans les environnements de points de vente mobiles. T\u00e9l\u00e9chargez des guides sur les solutions int\u00e9gr\u00e9es pour le commerce de d\u00e9tail.","og_url":"https:\/\/apgsolutions.com\/fr\/cash-transactions-mobile-world-download\/","og_site_name":"apg\u00ae Solutions","article_publisher":"https:\/\/www.facebook.com\/apgglobalsolutions","twitter_card":"summary_large_image","twitter_site":"@apg_solutions","twitter_misc":{"Dur\u00e9e de lecture estim\u00e9e":"2 minutes"},"schema":{"@context":"https:\/\/schema.org","@graph":[{"@type":"WebPage","@id":"https:\/\/apgsolutions.com\/fr\/cash-transactions-mobile-world-download\/","url":"https:\/\/apgsolutions.com\/fr\/cash-transactions-mobile-world-download\/","name":"Cash Transactions Mobile World T\u00e9l\u00e9charger","isPartOf":{"@id":"https:\/\/apgsolutions.com\/fr\/#website"},"datePublished":"2026-01-22T14:42:09+00:00","description":"Acc\u00e9dez \u00e0 des informations sur le traitement des esp\u00e8ces dans les environnements de points de vente mobiles. T\u00e9l\u00e9chargez des guides sur les solutions int\u00e9gr\u00e9es pour le commerce de d\u00e9tail.","inLanguage":"fr-FR","potentialAction":[{"@type":"ReadAction","target":["https:\/\/apgsolutions.com\/fr\/cash-transactions-mobile-world-download\/"]}]},{"@type":"WebSite","@id":"https:\/\/apgsolutions.com\/fr\/#website","url":"https:\/\/apgsolutions.com\/fr\/","name":"APG Solutions, LLC","description":"Trust at every point.","publisher":{"@id":"https:\/\/apgsolutions.com\/fr\/#organization"},"potentialAction":[{"@type":"SearchAction","target":{"@type":"EntryPoint","urlTemplate":"https:\/\/apgsolutions.com\/fr\/?s={search_term_string}"},"query-input":{"@type":"PropertyValueSpecification","valueRequired":true,"valueName":"search_term_string"}}],"inLanguage":"fr-FR"},{"@type":"Organization","@id":"https:\/\/apgsolutions.com\/fr\/#organization","name":"APG Solution, LLC","url":"https:\/\/apgsolutions.com\/fr\/","logo":{"@type":"ImageObject","inLanguage":"fr-FR","@id":"https:\/\/apgsolutions.com\/fr\/#\/schema\/logo\/image\/","url":"https:\/\/apgsolutions.com\/wp-content\/uploads\/2023\/12\/logomark-color.svg","contentUrl":"https:\/\/apgsolutions.com\/wp-content\/uploads\/2023\/12\/logomark-color.svg","width":141,"height":138,"caption":"APG Solution, LLC"},"image":{"@id":"https:\/\/apgsolutions.com\/fr\/#\/schema\/logo\/image\/"},"sameAs":["https:\/\/www.facebook.com\/apgglobalsolutions","https:\/\/x.com\/apg_solutions","https:\/\/www.youtube.com\/c\/CashManagementGlobalSolutionsbyapg","https:\/\/www.linkedin.com\/company\/apgglobalsolutions\/","https:\/\/www.instagram.com\/apgglobalsolutions\/","https:\/\/www.pinterest.com\/apgcashdrawer\/"]}]}},"acf":[],"_links":{"self":[{"href":"https:\/\/apgsolutions.com\/fr\/wp-json\/wp\/v2\/pages\/98377","targetHints":{"allow":["GET"]}}],"collection":[{"href":"https:\/\/apgsolutions.com\/fr\/wp-json\/wp\/v2\/pages"}],"about":[{"href":"https:\/\/apgsolutions.com\/fr\/wp-json\/wp\/v2\/types\/page"}],"author":[{"embeddable":true,"href":"https:\/\/apgsolutions.com\/fr\/wp-json\/wp\/v2\/users\/4"}],"replies":[{"embeddable":true,"href":"https:\/\/apgsolutions.com\/fr\/wp-json\/wp\/v2\/comments?post=98377"}],"version-history":[{"count":1,"href":"https:\/\/apgsolutions.com\/fr\/wp-json\/wp\/v2\/pages\/98377\/revisions"}],"predecessor-version":[{"id":98378,"href":"https:\/\/apgsolutions.com\/fr\/wp-json\/wp\/v2\/pages\/98377\/revisions\/98378"}],"wp:attachment":[{"href":"https:\/\/apgsolutions.com\/fr\/wp-json\/wp\/v2\/media?parent=98377"}],"curies":[{"name":"wp","href":"https:\/\/api.w.org\/{rel}","templated":true}]}}