{"id":99062,"date":"2026-01-22T18:00:16","date_gmt":"2026-01-22T18:00:16","guid":{"rendered":"https:\/\/apgsolutions.com\/cash-management-solutions-white-paper-download\/"},"modified":"2026-01-23T10:50:30","modified_gmt":"2026-01-23T10:50:30","slug":"cash-management-solutions-white-paper-download","status":"publish","type":"page","link":"https:\/\/apgsolutions.com\/fr\/cash-management-solutions-white-paper-download\/","title":{"rendered":"Livre blanc sur les solutions de gestion de tr\u00e9sorerie T\u00e9l\u00e9charger"},"content":{"rendered":"\n<h1 class=\"wp-block-heading has-text-align-center\" id=\"h-cash-management-solutions\">Solutions De Gestion Des Esp\u00e8ces<\/h1>\n\n<p>Si vous pensez que les cartes de cr\u00e9dit et de d\u00e9bit sont sur le point de remplacer l&rsquo;argent liquide pour les transactions de d\u00e9tail, d\u00e9trompez-vous. La monnaie l\u00e9gale repr\u00e9sente 40 % de l&rsquo;ensemble des transactions et jusqu&rsquo;\u00e0 deux tiers des achats de moins de 10 dollars. Les entreprises ont besoin de solutions de gestion de tr\u00e9sorerie efficaces et abordables.   Alors que la technologie des points de vente \u00e9volue, passant d&rsquo;un \u00e9quipement lourd et complexe \u00e0 des solutions plus l\u00e9g\u00e8res et mobiles, les distributeurs doivent trouver des moyens de rester pertinents. Des solutions intelligentes de gestion des esp\u00e8ces avec des coffres-forts intelligents, des recycleurs d&rsquo;esp\u00e8ces et des compteurs de billets bas\u00e9s sur le poids aident les clients \u00e0 surmonter les d\u00e9fis li\u00e9s \u00e0 l&rsquo;argent liquide et permettent aux distributeurs de consolider leur r\u00f4le de conseiller informatique de confiance. <\/p>\n\n<h2 class=\"wp-block-heading\" id=\"h-english\">Anglais<\/h2>\n\n<p><a href=\"\/wp-content\/uploads\/2023\/05\/APG-White-Paper-Cash-Mgmt_FINAL-2.pdf\">Solutions de gestion de tr\u00e9sorerie : L&rsquo;opportunit\u00e9 \u00e9mergente pour les distributeurs de points de vente<\/a><br\/><a href=\"https:\/\/apgsolutions.com\/wp-content\/uploads\/2023\/05\/APG-White-Paper-Cash-Mgmt_FINAL-2.pdf\">Solutions de gestion des esp\u00e8ces : Int\u00e9grer le recyclage des esp\u00e8ces dans les syst\u00e8mes de point de vente<\/a><br\/><a href=\"https:\/\/apgsolutions.com\/wp-content\/uploads\/2023\/05\/APG-White-Paper-Cash-Mgmt-3.pdf\">Solutions de gestion des esp\u00e8ces : Valeur ajout\u00e9e gr\u00e2ce \u00e0 une technologie intelligente de recyclage des esp\u00e8ces de bout en bout<\/a><\/p>\n\n<h2 class=\"wp-block-heading\" id=\"h-francais\">Fran\u00e7ais<\/h2>\n\n<p>Si vous estimez que les cartes de cr\u00e9dit et de d\u00e9bit sont sur le point de supplanter les paiements comptant pour les transactions de vente au d\u00e9tail, d\u00e9trompez-vous. La monnaie l\u00e9gale repr\u00e9sente environ 40 pour cent des transactions globales et jusqu&rsquo;\u00e0 deux-tiers des achats de moins de 10 $. Tandis que les paiements \u00e9lectroniques et par carte de cr\u00e9dit ont souvent \u00e9t\u00e9 pressentis comme les transactions du futur, la soci\u00e9t\u00e9 sans num\u00e9raire n&rsquo;est pr\u00e8s de voir le jour.  <\/p>\n\n<p><a href=\"\/wp-content\/uploads\/2023\/05\/APG-White-Paper-Cash-Mgmt-FR-2-Integrating-Cash-Recycling.pdf\">SOLUTIONS DE GESTION DES PAIEMENTS COMPTANT : Une nouvelle opportunit\u00e9 pour les fournisseurs de POS<\/a><br\/><a href=\"https:\/\/apgsolutions.com\/wp-content\/uploads\/2023\/05\/FR-3-APG-WhitePaper-Cash-Mgmt-BLUE-FR-Intergating-cash-recycling-into-POS-systems.pdf\">SOLUTIONS DE GESTION DES ESP\u00c8CES : Int\u00e9gration du recyclage des esp\u00e8ces dans des syst\u00e8mes POS<\/a><\/p>\n\n<h2 class=\"wp-block-heading\" id=\"h-deutsch\">Deutsch<\/h2>\n\n<p>Si vous \u00eates d&rsquo;avis que les cartes de cr\u00e9dit et de d\u00e9bit doivent \u00eatre r\u00e9gl\u00e9es avec une marge pour les clients particuliers, vous ne devez pas vous tromper. Les frais l\u00e9gaux repr\u00e9sentent jusqu&rsquo;\u00e0 40 % des transactions au total et jusqu&rsquo;\u00e0 deux tiers des d\u00e9penses inf\u00e9rieures \u00e0 10 $. Si l&rsquo;on consid\u00e8re que les cartes plastifi\u00e9es et les paiements \u00e9lectroniques sont souvent la voie de l&rsquo;avenir, la soci\u00e9t\u00e9 qui a souvent \u00e9t\u00e9 proph\u00e9tis\u00e9e comme une soci\u00e9t\u00e9 de march\u00e9 n&rsquo;est pas du tout \u00e0 l&rsquo;ordre du jour.  <\/p>\n\n<p><a href=\"\/wp-content\/uploads\/2023\/05\/DE-APG-White-Paper-Cash-Mgmt-BLUE-DE.pdf\">CASH MANAGEMENT-L\u00d6SUNGEN : L&rsquo;importance croissante pour les distributeurs automatiques de billets<\/a><br\/><a href=\"https:\/\/apgsolutions.com\/wp-content\/uploads\/2023\/05\/APG-White-Paper-Cash-Mgmt-2-Integrating-Cash-Recycling-DE.pdf\">CASH MANAGEMENT-L\u00d6SUNGEN : Int\u00e9grer le Cash Recycling dans les syst\u00e8mes POS<\/a><br\/><a href=\"https:\/\/apgsolutions.com\/wp-content\/uploads\/2023\/05\/APG-White-Paper-Cash-Mgmt-3-Adding-Value-DE.pdf\">CASH MANAGEMENT-L\u00d6SUNGEN : L&rsquo;am\u00e9lioration de la performance gr\u00e2ce \u00e0 une technologie de Cash Recycling compl\u00e8te<\/a><\/p>\n\n<p><\/p>\n","protected":false},"excerpt":{"rendered":"<p>Solutions De Gestion Des Esp\u00e8ces Si vous pensez que les cartes de cr\u00e9dit et de d\u00e9bit sont sur le point de remplacer l&rsquo;argent liquide pour les transactions de d\u00e9tail, d\u00e9trompez-vous. La monnaie l\u00e9gale repr\u00e9sente 40 % de l&rsquo;ensemble des transactions et jusqu&rsquo;\u00e0 deux tiers des achats de moins de 10 dollars. Les entreprises ont besoin [&hellip;]<\/p>\n","protected":false},"author":4,"featured_media":0,"parent":0,"menu_order":0,"comment_status":"closed","ping_status":"closed","template":"","meta":{"_acf_changed":false,"content-type":"","footnotes":""},"class_list":["post-99062","page","type-page","status-publish"],"yoast_head":"<!-- This site is optimized with the Yoast SEO Premium plugin v23.5 (Yoast SEO v27.2) - https:\/\/yoast.com\/product\/yoast-seo-premium-wordpress\/ -->\n<title>Livre blanc sur les solutions de gestion de tr\u00e9sorerie T\u00e9l\u00e9charger<\/title>\n<meta name=\"description\" content=\"T\u00e9l\u00e9chargez des ressources sur les solutions de gestion des esp\u00e8ces. D\u00e9couvrez des outils intelligents pour l&#039;efficacit\u00e9 et la s\u00e9curit\u00e9 du commerce de d\u00e9tail.\" \/>\n<meta name=\"robots\" content=\"index, follow, max-snippet:-1, max-image-preview:large, max-video-preview:-1\" \/>\n<link rel=\"canonical\" href=\"https:\/\/apgsolutions.com\/fr\/cash-management-solutions-white-paper-download\/\" \/>\n<meta property=\"og:locale\" content=\"fr_FR\" \/>\n<meta property=\"og:type\" content=\"article\" \/>\n<meta property=\"og:title\" content=\"Livre blanc sur les solutions de gestion de tr\u00e9sorerie T\u00e9l\u00e9charger\" \/>\n<meta property=\"og:description\" content=\"T\u00e9l\u00e9chargez des ressources sur les solutions de gestion des esp\u00e8ces. D\u00e9couvrez des outils intelligents pour l&#039;efficacit\u00e9 et la s\u00e9curit\u00e9 du commerce de d\u00e9tail.\" \/>\n<meta property=\"og:url\" content=\"https:\/\/apgsolutions.com\/fr\/cash-management-solutions-white-paper-download\/\" \/>\n<meta property=\"og:site_name\" content=\"apg\u00ae Solutions\" \/>\n<meta property=\"article:publisher\" content=\"https:\/\/www.facebook.com\/apgglobalsolutions\" \/>\n<meta property=\"article:modified_time\" content=\"2026-01-23T10:50:30+00:00\" \/>\n<meta name=\"twitter:card\" content=\"summary_large_image\" \/>\n<meta name=\"twitter:site\" content=\"@apg_solutions\" \/>\n<meta name=\"twitter:label1\" content=\"Dur\u00e9e de lecture estim\u00e9e\" \/>\n\t<meta name=\"twitter:data1\" content=\"2 minutes\" \/>\n<script type=\"application\/ld+json\" class=\"yoast-schema-graph\">{\"@context\":\"https:\/\/schema.org\",\"@graph\":[{\"@type\":\"WebPage\",\"@id\":\"https:\/\/apgsolutions.com\/fr\/cash-management-solutions-white-paper-download\/\",\"url\":\"https:\/\/apgsolutions.com\/fr\/cash-management-solutions-white-paper-download\/\",\"name\":\"Livre blanc sur les solutions de gestion de tr\u00e9sorerie T\u00e9l\u00e9charger\",\"isPartOf\":{\"@id\":\"https:\/\/apgsolutions.com\/fr\/#website\"},\"datePublished\":\"2026-01-22T18:00:16+00:00\",\"dateModified\":\"2026-01-23T10:50:30+00:00\",\"description\":\"T\u00e9l\u00e9chargez des ressources sur les solutions de gestion des esp\u00e8ces. D\u00e9couvrez des outils intelligents pour l'efficacit\u00e9 et la s\u00e9curit\u00e9 du commerce de d\u00e9tail.\",\"inLanguage\":\"fr-FR\",\"potentialAction\":[{\"@type\":\"ReadAction\",\"target\":[\"https:\/\/apgsolutions.com\/fr\/cash-management-solutions-white-paper-download\/\"]}]},{\"@type\":\"WebSite\",\"@id\":\"https:\/\/apgsolutions.com\/fr\/#website\",\"url\":\"https:\/\/apgsolutions.com\/fr\/\",\"name\":\"APG Solutions, LLC\",\"description\":\"Trust at every point.\",\"publisher\":{\"@id\":\"https:\/\/apgsolutions.com\/fr\/#organization\"},\"potentialAction\":[{\"@type\":\"SearchAction\",\"target\":{\"@type\":\"EntryPoint\",\"urlTemplate\":\"https:\/\/apgsolutions.com\/fr\/?s={search_term_string}\"},\"query-input\":{\"@type\":\"PropertyValueSpecification\",\"valueRequired\":true,\"valueName\":\"search_term_string\"}}],\"inLanguage\":\"fr-FR\"},{\"@type\":\"Organization\",\"@id\":\"https:\/\/apgsolutions.com\/fr\/#organization\",\"name\":\"APG Solution, LLC\",\"url\":\"https:\/\/apgsolutions.com\/fr\/\",\"logo\":{\"@type\":\"ImageObject\",\"inLanguage\":\"fr-FR\",\"@id\":\"https:\/\/apgsolutions.com\/fr\/#\/schema\/logo\/image\/\",\"url\":\"https:\/\/apgsolutions.com\/wp-content\/uploads\/2023\/12\/logomark-color.svg\",\"contentUrl\":\"https:\/\/apgsolutions.com\/wp-content\/uploads\/2023\/12\/logomark-color.svg\",\"width\":141,\"height\":138,\"caption\":\"APG Solution, LLC\"},\"image\":{\"@id\":\"https:\/\/apgsolutions.com\/fr\/#\/schema\/logo\/image\/\"},\"sameAs\":[\"https:\/\/www.facebook.com\/apgglobalsolutions\",\"https:\/\/x.com\/apg_solutions\",\"https:\/\/www.youtube.com\/c\/CashManagementGlobalSolutionsbyapg\",\"https:\/\/www.linkedin.com\/company\/apgglobalsolutions\/\",\"https:\/\/www.instagram.com\/apgglobalsolutions\/\",\"https:\/\/www.pinterest.com\/apgcashdrawer\/\"]}]}<\/script>\n<!-- \/ Yoast SEO Premium plugin. -->","yoast_head_json":{"title":"Livre blanc sur les solutions de gestion de tr\u00e9sorerie T\u00e9l\u00e9charger","description":"T\u00e9l\u00e9chargez des ressources sur les solutions de gestion des esp\u00e8ces. D\u00e9couvrez des outils intelligents pour l'efficacit\u00e9 et la s\u00e9curit\u00e9 du commerce de d\u00e9tail.","robots":{"index":"index","follow":"follow","max-snippet":"max-snippet:-1","max-image-preview":"max-image-preview:large","max-video-preview":"max-video-preview:-1"},"canonical":"https:\/\/apgsolutions.com\/fr\/cash-management-solutions-white-paper-download\/","og_locale":"fr_FR","og_type":"article","og_title":"Livre blanc sur les solutions de gestion de tr\u00e9sorerie T\u00e9l\u00e9charger","og_description":"T\u00e9l\u00e9chargez des ressources sur les solutions de gestion des esp\u00e8ces. D\u00e9couvrez des outils intelligents pour l'efficacit\u00e9 et la s\u00e9curit\u00e9 du commerce de d\u00e9tail.","og_url":"https:\/\/apgsolutions.com\/fr\/cash-management-solutions-white-paper-download\/","og_site_name":"apg\u00ae Solutions","article_publisher":"https:\/\/www.facebook.com\/apgglobalsolutions","article_modified_time":"2026-01-23T10:50:30+00:00","twitter_card":"summary_large_image","twitter_site":"@apg_solutions","twitter_misc":{"Dur\u00e9e de lecture estim\u00e9e":"2 minutes"},"schema":{"@context":"https:\/\/schema.org","@graph":[{"@type":"WebPage","@id":"https:\/\/apgsolutions.com\/fr\/cash-management-solutions-white-paper-download\/","url":"https:\/\/apgsolutions.com\/fr\/cash-management-solutions-white-paper-download\/","name":"Livre blanc sur les solutions de gestion de tr\u00e9sorerie T\u00e9l\u00e9charger","isPartOf":{"@id":"https:\/\/apgsolutions.com\/fr\/#website"},"datePublished":"2026-01-22T18:00:16+00:00","dateModified":"2026-01-23T10:50:30+00:00","description":"T\u00e9l\u00e9chargez des ressources sur les solutions de gestion des esp\u00e8ces. D\u00e9couvrez des outils intelligents pour l'efficacit\u00e9 et la s\u00e9curit\u00e9 du commerce de d\u00e9tail.","inLanguage":"fr-FR","potentialAction":[{"@type":"ReadAction","target":["https:\/\/apgsolutions.com\/fr\/cash-management-solutions-white-paper-download\/"]}]},{"@type":"WebSite","@id":"https:\/\/apgsolutions.com\/fr\/#website","url":"https:\/\/apgsolutions.com\/fr\/","name":"APG Solutions, LLC","description":"Trust at every point.","publisher":{"@id":"https:\/\/apgsolutions.com\/fr\/#organization"},"potentialAction":[{"@type":"SearchAction","target":{"@type":"EntryPoint","urlTemplate":"https:\/\/apgsolutions.com\/fr\/?s={search_term_string}"},"query-input":{"@type":"PropertyValueSpecification","valueRequired":true,"valueName":"search_term_string"}}],"inLanguage":"fr-FR"},{"@type":"Organization","@id":"https:\/\/apgsolutions.com\/fr\/#organization","name":"APG Solution, LLC","url":"https:\/\/apgsolutions.com\/fr\/","logo":{"@type":"ImageObject","inLanguage":"fr-FR","@id":"https:\/\/apgsolutions.com\/fr\/#\/schema\/logo\/image\/","url":"https:\/\/apgsolutions.com\/wp-content\/uploads\/2023\/12\/logomark-color.svg","contentUrl":"https:\/\/apgsolutions.com\/wp-content\/uploads\/2023\/12\/logomark-color.svg","width":141,"height":138,"caption":"APG Solution, LLC"},"image":{"@id":"https:\/\/apgsolutions.com\/fr\/#\/schema\/logo\/image\/"},"sameAs":["https:\/\/www.facebook.com\/apgglobalsolutions","https:\/\/x.com\/apg_solutions","https:\/\/www.youtube.com\/c\/CashManagementGlobalSolutionsbyapg","https:\/\/www.linkedin.com\/company\/apgglobalsolutions\/","https:\/\/www.instagram.com\/apgglobalsolutions\/","https:\/\/www.pinterest.com\/apgcashdrawer\/"]}]}},"acf":[],"_links":{"self":[{"href":"https:\/\/apgsolutions.com\/fr\/wp-json\/wp\/v2\/pages\/99062","targetHints":{"allow":["GET"]}}],"collection":[{"href":"https:\/\/apgsolutions.com\/fr\/wp-json\/wp\/v2\/pages"}],"about":[{"href":"https:\/\/apgsolutions.com\/fr\/wp-json\/wp\/v2\/types\/page"}],"author":[{"embeddable":true,"href":"https:\/\/apgsolutions.com\/fr\/wp-json\/wp\/v2\/users\/4"}],"replies":[{"embeddable":true,"href":"https:\/\/apgsolutions.com\/fr\/wp-json\/wp\/v2\/comments?post=99062"}],"version-history":[{"count":3,"href":"https:\/\/apgsolutions.com\/fr\/wp-json\/wp\/v2\/pages\/99062\/revisions"}],"predecessor-version":[{"id":99273,"href":"https:\/\/apgsolutions.com\/fr\/wp-json\/wp\/v2\/pages\/99062\/revisions\/99273"}],"wp:attachment":[{"href":"https:\/\/apgsolutions.com\/fr\/wp-json\/wp\/v2\/media?parent=99062"}],"curies":[{"name":"wp","href":"https:\/\/api.w.org\/{rel}","templated":true}]}}