{"id":100852,"date":"2026-01-23T15:30:27","date_gmt":"2026-01-23T15:30:27","guid":{"rendered":"https:\/\/apgsolutions.com\/store\/vpk-15b-5-bx\/"},"modified":"2026-01-23T15:30:27","modified_gmt":"2026-01-23T15:30:27","slug":"vpk-15b-5-bx","status":"publish","type":"product","link":"https:\/\/apgsolutions.com\/fr\/store\/vpk-15b-5-bx\/","title":{"rendered":"VPK-15B-5-BX"},"content":{"rendered":"<p>4 billets 8 pi\u00e8ces avec largeur r\u00e9glable pour les billets et les pi\u00e8ces, compatible avec l&rsquo;Euro, convient aux tiroirs-caisses Vasario 1616 et 1618. La caisse mesure 14,2 x 12,65 x 2,4 pouces \/ 361 x 321 x 61 mm. Devises compatibles avec cette caisse : Dollar canadien, dollar n\u00e9o-z\u00e9landais, rouble russe, dirham marocain, won sud-cor\u00e9en, franc suisse, livre turque, dollar jama\u00efcain, baht tha\u00eflandais, dinar bahre\u00efnien, renminbi chinois, peso chilien, dinar jordanien, litas lituanien, livre sterling britannique, bolivianos boliviens, dollar australien, colon costaricien, couronne danoise, dollar fidjien, dollar de Hong Kong, lats lettons, forint hongrois, shilling kenyan, euro, yen japonais, nouveau shekel isra\u00e9lien.  <\/p>\n","protected":false},"excerpt":{"rendered":"<p>4 billets 8 pi\u00e8ces, pr\u00eat pour l&rsquo;euro, convient aux tiroirs-caisses Vasario 1616 et 1618<\/p>\n","protected":false},"featured_media":4530,"template":"","meta":{"_acf_changed":false,"content-type":""},"product_brand":[],"product_cat":[779,738,780,737],"product_tag":[],"class_list":{"0":"post-100852","1":"product","2":"type-product","3":"status-publish","4":"has-post-thumbnail","6":"product_cat-accessoires-standard","7":"product_cat-pieces-et-accessoires","8":"product_cat-tills-encarts","9":"product_cat-tous-les-produits","11":"first","12":"instock","13":"taxable","14":"shipping-taxable","15":"purchasable","16":"product-type-simple"},"yoast_head":"<!-- This site is optimized with the Yoast SEO Premium plugin v23.5 (Yoast SEO v27.2) - https:\/\/yoast.com\/product\/yoast-seo-premium-wordpress\/ -->\n<title>VPK-15B-5-BX | apg\u00ae Boutique en ligne de pi\u00e8ces d\u00e9tach\u00e9es et d&#039;accessoires<\/title>\n<meta name=\"description\" content=\"Till 4 billets 8 pi\u00e8ces. SKU : VPK-15B-5-BX. Cliquez ici pour visiter le magasin de pi\u00e8ces et d&#039;accessoires en ligne d&#039;APG Cash Drawer et achetez ces accessoires d\u00e8s aujourd&#039;hui.\" \/>\n<meta name=\"robots\" content=\"index, follow, max-snippet:-1, max-image-preview:large, max-video-preview:-1\" \/>\n<link rel=\"canonical\" href=\"https:\/\/apgsolutions.com\/fr\/store\/vpk-15b-5-bx\/\" \/>\n<meta property=\"og:locale\" content=\"fr_FR\" \/>\n<meta property=\"og:type\" content=\"article\" \/>\n<meta property=\"og:title\" content=\"VPK-15B-5-BX | apg\u00ae Boutique en ligne de pi\u00e8ces d\u00e9tach\u00e9es et d&#039;accessoires\" \/>\n<meta property=\"og:description\" content=\"Till 4 billets 8 pi\u00e8ces. SKU : VPK-15B-5-BX. Cliquez ici pour visiter le magasin de pi\u00e8ces et d&#039;accessoires en ligne d&#039;APG Cash Drawer et achetez ces accessoires d\u00e8s aujourd&#039;hui.\" \/>\n<meta property=\"og:url\" content=\"https:\/\/apgsolutions.com\/fr\/store\/vpk-15b-5-bx\/\" \/>\n<meta property=\"og:site_name\" content=\"apg\u00ae Solutions\" \/>\n<meta property=\"article:publisher\" content=\"https:\/\/www.facebook.com\/apgglobalsolutions\" \/>\n<meta property=\"og:image\" content=\"https:\/\/apgsolutions.com\/wp-content\/uploads\/2023\/05\/VPK-15B-5-BX.jpg\" \/>\n\t<meta property=\"og:image:width\" content=\"295\" \/>\n\t<meta property=\"og:image:height\" content=\"295\" \/>\n\t<meta property=\"og:image:type\" content=\"image\/jpeg\" \/>\n<meta name=\"twitter:card\" content=\"summary_large_image\" \/>\n<meta name=\"twitter:site\" content=\"@apg_solutions\" \/>\n<meta name=\"twitter:label1\" content=\"Dur\u00e9e de lecture estim\u00e9e\" \/>\n\t<meta name=\"twitter:data1\" content=\"1 minute\" \/>\n<script type=\"application\/ld+json\" class=\"yoast-schema-graph\">{\"@context\":\"https:\/\/schema.org\",\"@graph\":[{\"@type\":\"WebPage\",\"@id\":\"https:\/\/apgsolutions.com\/fr\/store\/vpk-15b-5-bx\/\",\"url\":\"https:\/\/apgsolutions.com\/fr\/store\/vpk-15b-5-bx\/\",\"name\":\"VPK-15B-5-BX | apg\u00ae Boutique en ligne de pi\u00e8ces d\u00e9tach\u00e9es et d'accessoires\",\"isPartOf\":{\"@id\":\"https:\/\/apgsolutions.com\/fr\/#website\"},\"primaryImageOfPage\":{\"@id\":\"https:\/\/apgsolutions.com\/fr\/store\/vpk-15b-5-bx\/#primaryimage\"},\"image\":{\"@id\":\"https:\/\/apgsolutions.com\/fr\/store\/vpk-15b-5-bx\/#primaryimage\"},\"thumbnailUrl\":\"https:\/\/apgsolutions.com\/wp-content\/uploads\/2023\/05\/VPK-15B-5-BX.jpg\",\"datePublished\":\"2026-01-23T15:30:27+00:00\",\"description\":\"Till 4 billets 8 pi\u00e8ces. SKU : VPK-15B-5-BX. Cliquez ici pour visiter le magasin de pi\u00e8ces et d'accessoires en ligne d'APG Cash Drawer et achetez ces accessoires d\u00e8s aujourd'hui.\",\"breadcrumb\":{\"@id\":\"https:\/\/apgsolutions.com\/fr\/store\/vpk-15b-5-bx\/#breadcrumb\"},\"inLanguage\":\"fr-FR\",\"potentialAction\":[{\"@type\":\"ReadAction\",\"target\":[\"https:\/\/apgsolutions.com\/fr\/store\/vpk-15b-5-bx\/\"]}]},{\"@type\":\"ImageObject\",\"inLanguage\":\"fr-FR\",\"@id\":\"https:\/\/apgsolutions.com\/fr\/store\/vpk-15b-5-bx\/#primaryimage\",\"url\":\"https:\/\/apgsolutions.com\/wp-content\/uploads\/2023\/05\/VPK-15B-5-BX.jpg\",\"contentUrl\":\"https:\/\/apgsolutions.com\/wp-content\/uploads\/2023\/05\/VPK-15B-5-BX.jpg\",\"width\":295,\"height\":295,\"caption\":\"VPK-15B-5-BX\"},{\"@type\":\"BreadcrumbList\",\"@id\":\"https:\/\/apgsolutions.com\/fr\/store\/vpk-15b-5-bx\/#breadcrumb\",\"itemListElement\":[{\"@type\":\"ListItem\",\"position\":1,\"name\":\"U.S. Online Parts Store\",\"item\":\"https:\/\/apgsolutions.com\/store\/\"},{\"@type\":\"ListItem\",\"position\":2,\"name\":\"VPK-15B-5-BX\"}]},{\"@type\":\"WebSite\",\"@id\":\"https:\/\/apgsolutions.com\/fr\/#website\",\"url\":\"https:\/\/apgsolutions.com\/fr\/\",\"name\":\"APG Solutions, LLC\",\"description\":\"Trust at every point.\",\"publisher\":{\"@id\":\"https:\/\/apgsolutions.com\/fr\/#organization\"},\"potentialAction\":[{\"@type\":\"SearchAction\",\"target\":{\"@type\":\"EntryPoint\",\"urlTemplate\":\"https:\/\/apgsolutions.com\/fr\/?s={search_term_string}\"},\"query-input\":{\"@type\":\"PropertyValueSpecification\",\"valueRequired\":true,\"valueName\":\"search_term_string\"}}],\"inLanguage\":\"fr-FR\"},{\"@type\":\"Organization\",\"@id\":\"https:\/\/apgsolutions.com\/fr\/#organization\",\"name\":\"APG Solution, LLC\",\"url\":\"https:\/\/apgsolutions.com\/fr\/\",\"logo\":{\"@type\":\"ImageObject\",\"inLanguage\":\"fr-FR\",\"@id\":\"https:\/\/apgsolutions.com\/fr\/#\/schema\/logo\/image\/\",\"url\":\"https:\/\/apgsolutions.com\/wp-content\/uploads\/2023\/12\/logomark-color.svg\",\"contentUrl\":\"https:\/\/apgsolutions.com\/wp-content\/uploads\/2023\/12\/logomark-color.svg\",\"width\":141,\"height\":138,\"caption\":\"APG Solution, LLC\"},\"image\":{\"@id\":\"https:\/\/apgsolutions.com\/fr\/#\/schema\/logo\/image\/\"},\"sameAs\":[\"https:\/\/www.facebook.com\/apgglobalsolutions\",\"https:\/\/x.com\/apg_solutions\",\"https:\/\/www.youtube.com\/c\/CashManagementGlobalSolutionsbyapg\",\"https:\/\/www.linkedin.com\/company\/apgglobalsolutions\/\",\"https:\/\/www.instagram.com\/apgglobalsolutions\/\",\"https:\/\/www.pinterest.com\/apgcashdrawer\/\"]}]}<\/script>\n<!-- \/ Yoast SEO Premium plugin. -->","yoast_head_json":{"title":"VPK-15B-5-BX | apg\u00ae Boutique en ligne de pi\u00e8ces d\u00e9tach\u00e9es et d'accessoires","description":"Till 4 billets 8 pi\u00e8ces. SKU : VPK-15B-5-BX. Cliquez ici pour visiter le magasin de pi\u00e8ces et d'accessoires en ligne d'APG Cash Drawer et achetez ces accessoires d\u00e8s aujourd'hui.","robots":{"index":"index","follow":"follow","max-snippet":"max-snippet:-1","max-image-preview":"max-image-preview:large","max-video-preview":"max-video-preview:-1"},"canonical":"https:\/\/apgsolutions.com\/fr\/store\/vpk-15b-5-bx\/","og_locale":"fr_FR","og_type":"article","og_title":"VPK-15B-5-BX | apg\u00ae Boutique en ligne de pi\u00e8ces d\u00e9tach\u00e9es et d'accessoires","og_description":"Till 4 billets 8 pi\u00e8ces. SKU : VPK-15B-5-BX. Cliquez ici pour visiter le magasin de pi\u00e8ces et d'accessoires en ligne d'APG Cash Drawer et achetez ces accessoires d\u00e8s aujourd'hui.","og_url":"https:\/\/apgsolutions.com\/fr\/store\/vpk-15b-5-bx\/","og_site_name":"apg\u00ae Solutions","article_publisher":"https:\/\/www.facebook.com\/apgglobalsolutions","og_image":[{"width":295,"height":295,"url":"https:\/\/apgsolutions.com\/wp-content\/uploads\/2023\/05\/VPK-15B-5-BX.jpg","type":"image\/jpeg"}],"twitter_card":"summary_large_image","twitter_site":"@apg_solutions","twitter_misc":{"Dur\u00e9e de lecture estim\u00e9e":"1 minute"},"schema":{"@context":"https:\/\/schema.org","@graph":[{"@type":"WebPage","@id":"https:\/\/apgsolutions.com\/fr\/store\/vpk-15b-5-bx\/","url":"https:\/\/apgsolutions.com\/fr\/store\/vpk-15b-5-bx\/","name":"VPK-15B-5-BX | apg\u00ae Boutique en ligne de pi\u00e8ces d\u00e9tach\u00e9es et d'accessoires","isPartOf":{"@id":"https:\/\/apgsolutions.com\/fr\/#website"},"primaryImageOfPage":{"@id":"https:\/\/apgsolutions.com\/fr\/store\/vpk-15b-5-bx\/#primaryimage"},"image":{"@id":"https:\/\/apgsolutions.com\/fr\/store\/vpk-15b-5-bx\/#primaryimage"},"thumbnailUrl":"https:\/\/apgsolutions.com\/wp-content\/uploads\/2023\/05\/VPK-15B-5-BX.jpg","datePublished":"2026-01-23T15:30:27+00:00","description":"Till 4 billets 8 pi\u00e8ces. SKU : VPK-15B-5-BX. Cliquez ici pour visiter le magasin de pi\u00e8ces et d'accessoires en ligne d'APG Cash Drawer et achetez ces accessoires d\u00e8s aujourd'hui.","breadcrumb":{"@id":"https:\/\/apgsolutions.com\/fr\/store\/vpk-15b-5-bx\/#breadcrumb"},"inLanguage":"fr-FR","potentialAction":[{"@type":"ReadAction","target":["https:\/\/apgsolutions.com\/fr\/store\/vpk-15b-5-bx\/"]}]},{"@type":"ImageObject","inLanguage":"fr-FR","@id":"https:\/\/apgsolutions.com\/fr\/store\/vpk-15b-5-bx\/#primaryimage","url":"https:\/\/apgsolutions.com\/wp-content\/uploads\/2023\/05\/VPK-15B-5-BX.jpg","contentUrl":"https:\/\/apgsolutions.com\/wp-content\/uploads\/2023\/05\/VPK-15B-5-BX.jpg","width":295,"height":295,"caption":"VPK-15B-5-BX"},{"@type":"BreadcrumbList","@id":"https:\/\/apgsolutions.com\/fr\/store\/vpk-15b-5-bx\/#breadcrumb","itemListElement":[{"@type":"ListItem","position":1,"name":"U.S. Online Parts Store","item":"https:\/\/apgsolutions.com\/store\/"},{"@type":"ListItem","position":2,"name":"VPK-15B-5-BX"}]},{"@type":"WebSite","@id":"https:\/\/apgsolutions.com\/fr\/#website","url":"https:\/\/apgsolutions.com\/fr\/","name":"APG Solutions, LLC","description":"Trust at every point.","publisher":{"@id":"https:\/\/apgsolutions.com\/fr\/#organization"},"potentialAction":[{"@type":"SearchAction","target":{"@type":"EntryPoint","urlTemplate":"https:\/\/apgsolutions.com\/fr\/?s={search_term_string}"},"query-input":{"@type":"PropertyValueSpecification","valueRequired":true,"valueName":"search_term_string"}}],"inLanguage":"fr-FR"},{"@type":"Organization","@id":"https:\/\/apgsolutions.com\/fr\/#organization","name":"APG Solution, LLC","url":"https:\/\/apgsolutions.com\/fr\/","logo":{"@type":"ImageObject","inLanguage":"fr-FR","@id":"https:\/\/apgsolutions.com\/fr\/#\/schema\/logo\/image\/","url":"https:\/\/apgsolutions.com\/wp-content\/uploads\/2023\/12\/logomark-color.svg","contentUrl":"https:\/\/apgsolutions.com\/wp-content\/uploads\/2023\/12\/logomark-color.svg","width":141,"height":138,"caption":"APG Solution, LLC"},"image":{"@id":"https:\/\/apgsolutions.com\/fr\/#\/schema\/logo\/image\/"},"sameAs":["https:\/\/www.facebook.com\/apgglobalsolutions","https:\/\/x.com\/apg_solutions","https:\/\/www.youtube.com\/c\/CashManagementGlobalSolutionsbyapg","https:\/\/www.linkedin.com\/company\/apgglobalsolutions\/","https:\/\/www.instagram.com\/apgglobalsolutions\/","https:\/\/www.pinterest.com\/apgcashdrawer\/"]}]}},"acf":[],"_links":{"self":[{"href":"https:\/\/apgsolutions.com\/fr\/wp-json\/wp\/v2\/product\/100852","targetHints":{"allow":["GET"]}}],"collection":[{"href":"https:\/\/apgsolutions.com\/fr\/wp-json\/wp\/v2\/product"}],"about":[{"href":"https:\/\/apgsolutions.com\/fr\/wp-json\/wp\/v2\/types\/product"}],"wp:featuredmedia":[{"embeddable":true,"href":"https:\/\/apgsolutions.com\/fr\/wp-json\/wp\/v2\/media\/4530"}],"wp:attachment":[{"href":"https:\/\/apgsolutions.com\/fr\/wp-json\/wp\/v2\/media?parent=100852"}],"wp:term":[{"taxonomy":"product_brand","embeddable":true,"href":"https:\/\/apgsolutions.com\/fr\/wp-json\/wp\/v2\/product_brand?post=100852"},{"taxonomy":"product_cat","embeddable":true,"href":"https:\/\/apgsolutions.com\/fr\/wp-json\/wp\/v2\/product_cat?post=100852"},{"taxonomy":"product_tag","embeddable":true,"href":"https:\/\/apgsolutions.com\/fr\/wp-json\/wp\/v2\/product_tag?post=100852"}],"curies":[{"name":"wp","href":"https:\/\/api.w.org\/{rel}","templated":true}]}}