{"id":100858,"date":"2026-01-23T15:30:28","date_gmt":"2026-01-23T15:30:28","guid":{"rendered":"https:\/\/apgsolutions.com\/store\/vpk-15b-3-bx\/"},"modified":"2026-01-23T15:30:28","modified_gmt":"2026-01-23T15:30:28","slug":"vpk-15b-3-bx","status":"publish","type":"product","link":"https:\/\/apgsolutions.com\/fr\/store\/vpk-15b-3-bx\/","title":{"rendered":"VPK-15B-3-BX"},"content":{"rendered":"<p>Zone fixe pour les billets et les pi\u00e8ces, supports de billets en fil m\u00e9tallique, 5 billets x 5 pi\u00e8ces, convient aux tiroirs-caisses Vasario de taille 1915. La caisse mesure 16,0 x 11,0 x 2,2 pouces \/ 407 x 278 x 55 mm. Devises compatibles avec cette caisse : Dollar am\u00e9ricain, Dirham des EAU, Riyal saoudien, Riyal qatari, Couronne norv\u00e9gienne, Ringgit malaisien, Dinar kowe\u00eftien, Couronne islandaise, Couronne estonienne, Dollar baham\u00e9en, Peso argentin.  <\/p>\n","protected":false},"excerpt":{"rendered":"<p>Assemblage de caisse fixe 5\u00d75 &#8211; s&rsquo;adapte aux tiroirs-caisses Vasario 1915.<\/p>\n<ul>\n<li>INSERTION POUR TIRAGE : Tiroir en plastique ABS noir pour les tiroirs-caisses APG Vasario 1915 qui sont vendus s\u00e9par\u00e9ment. Convient aux syst\u00e8mes de point de vente et au stockage temporaire de l&rsquo;argent. Utilise cinq compartiments \u00e0 billets et cinq compartiments \u00e0 pi\u00e8ces pour organiser l&rsquo;argent.  <\/li>\n<li>DESIGN : La caisse est fabriqu\u00e9e en plastique ABS (acrylonitrile butadi\u00e8ne styr\u00e8ne) pour sa rigidit\u00e9 et sa r\u00e9sistance aux chocs et \u00e0 l&rsquo;abrasion. Elle est \u00e9quip\u00e9e d&rsquo;un syst\u00e8me de retenue des billets \u00e0 ressort pour maintenir les billets en place et d&rsquo;un syst\u00e8me de rabattement pour ins\u00e9rer ou r\u00e9cup\u00e9rer les billets. <\/li>\n<li>COMMUTATION RAPIDE ET FACILE : Avec la caisse en plastique ABS standard, remplacez ou d\u00e9comptez rapidement et facilement la caisse utilis\u00e9e sans ralentir le temps de transaction.<\/li>\n<li>L&rsquo;ARGENT PAR DENOMINATION : les cinq compartiments permettent de classer l&rsquo;argent par d\u00e9nomination. Les devises compatibles sont l&rsquo;ARS, le MYR et l&rsquo;USD. <\/li>\n<li>DIMENSIONS : La caisse mesure 16,0&Prime; x 11,0&Prime; x 2,2&Prime;. Compatible avec les tiroirs-caisses : Vasario 1915 <\/li>\n<\/ul>\n","protected":false},"featured_media":4504,"template":"","meta":{"_acf_changed":false,"content-type":""},"product_brand":[],"product_cat":[779,738,780,737],"product_tag":[],"class_list":{"0":"post-100858","1":"product","2":"type-product","3":"status-publish","4":"has-post-thumbnail","6":"product_cat-accessoires-standard","7":"product_cat-pieces-et-accessoires","8":"product_cat-tills-encarts","9":"product_cat-tous-les-produits","11":"first","12":"instock","13":"taxable","14":"shipping-taxable","15":"purchasable","16":"product-type-simple"},"yoast_head":"<!-- This site is optimized with the Yoast SEO Premium plugin v23.5 (Yoast SEO v27.2) - https:\/\/yoast.com\/product\/yoast-seo-premium-wordpress\/ -->\n<title>VPK-15B-3-BX | apg\u00ae Boutique en ligne de pi\u00e8ces d\u00e9tach\u00e9es et d&#039;accessoires<\/title>\n<meta name=\"description\" content=\"Vasario 1915 Till. SKU : VPK-15B-3-BX. Cliquez ici pour visiter le magasin de pi\u00e8ces et d&#039;accessoires en ligne d&#039;APG Cash Drawer et achetez ces accessoires d\u00e8s aujourd&#039;hui.\" \/>\n<meta name=\"robots\" content=\"index, follow, max-snippet:-1, max-image-preview:large, max-video-preview:-1\" \/>\n<link rel=\"canonical\" href=\"https:\/\/apgsolutions.com\/fr\/store\/vpk-15b-3-bx\/\" \/>\n<meta property=\"og:locale\" content=\"fr_FR\" \/>\n<meta property=\"og:type\" content=\"article\" \/>\n<meta property=\"og:title\" content=\"VPK-15B-3-BX | apg\u00ae Boutique en ligne de pi\u00e8ces d\u00e9tach\u00e9es et d&#039;accessoires\" \/>\n<meta property=\"og:description\" content=\"Vasario 1915 Till. SKU : VPK-15B-3-BX. Cliquez ici pour visiter le magasin de pi\u00e8ces et d&#039;accessoires en ligne d&#039;APG Cash Drawer et achetez ces accessoires d\u00e8s aujourd&#039;hui.\" \/>\n<meta property=\"og:url\" content=\"https:\/\/apgsolutions.com\/fr\/store\/vpk-15b-3-bx\/\" \/>\n<meta property=\"og:site_name\" content=\"apg\u00ae Solutions\" \/>\n<meta property=\"article:publisher\" content=\"https:\/\/www.facebook.com\/apgglobalsolutions\" \/>\n<meta property=\"og:image\" content=\"https:\/\/apgsolutions.com\/wp-content\/uploads\/2023\/05\/VPK-15B-3-BX.jpg\" \/>\n\t<meta property=\"og:image:width\" content=\"295\" \/>\n\t<meta property=\"og:image:height\" content=\"295\" \/>\n\t<meta property=\"og:image:type\" content=\"image\/jpeg\" \/>\n<meta name=\"twitter:card\" content=\"summary_large_image\" \/>\n<meta name=\"twitter:site\" content=\"@apg_solutions\" \/>\n<script type=\"application\/ld+json\" class=\"yoast-schema-graph\">{\"@context\":\"https:\/\/schema.org\",\"@graph\":[{\"@type\":\"WebPage\",\"@id\":\"https:\/\/apgsolutions.com\/fr\/store\/vpk-15b-3-bx\/\",\"url\":\"https:\/\/apgsolutions.com\/fr\/store\/vpk-15b-3-bx\/\",\"name\":\"VPK-15B-3-BX | apg\u00ae Boutique en ligne de pi\u00e8ces d\u00e9tach\u00e9es et d'accessoires\",\"isPartOf\":{\"@id\":\"https:\/\/apgsolutions.com\/fr\/#website\"},\"primaryImageOfPage\":{\"@id\":\"https:\/\/apgsolutions.com\/fr\/store\/vpk-15b-3-bx\/#primaryimage\"},\"image\":{\"@id\":\"https:\/\/apgsolutions.com\/fr\/store\/vpk-15b-3-bx\/#primaryimage\"},\"thumbnailUrl\":\"https:\/\/apgsolutions.com\/wp-content\/uploads\/2023\/05\/VPK-15B-3-BX.jpg\",\"datePublished\":\"2026-01-23T15:30:28+00:00\",\"description\":\"Vasario 1915 Till. SKU : VPK-15B-3-BX. Cliquez ici pour visiter le magasin de pi\u00e8ces et d'accessoires en ligne d'APG Cash Drawer et achetez ces accessoires d\u00e8s aujourd'hui.\",\"breadcrumb\":{\"@id\":\"https:\/\/apgsolutions.com\/fr\/store\/vpk-15b-3-bx\/#breadcrumb\"},\"inLanguage\":\"fr-FR\",\"potentialAction\":[{\"@type\":\"ReadAction\",\"target\":[\"https:\/\/apgsolutions.com\/fr\/store\/vpk-15b-3-bx\/\"]}]},{\"@type\":\"ImageObject\",\"inLanguage\":\"fr-FR\",\"@id\":\"https:\/\/apgsolutions.com\/fr\/store\/vpk-15b-3-bx\/#primaryimage\",\"url\":\"https:\/\/apgsolutions.com\/wp-content\/uploads\/2023\/05\/VPK-15B-3-BX.jpg\",\"contentUrl\":\"https:\/\/apgsolutions.com\/wp-content\/uploads\/2023\/05\/VPK-15B-3-BX.jpg\",\"width\":295,\"height\":295,\"caption\":\"VPK-15B-3-BX\"},{\"@type\":\"BreadcrumbList\",\"@id\":\"https:\/\/apgsolutions.com\/fr\/store\/vpk-15b-3-bx\/#breadcrumb\",\"itemListElement\":[{\"@type\":\"ListItem\",\"position\":1,\"name\":\"U.S. Online Parts Store\",\"item\":\"https:\/\/apgsolutions.com\/store\/\"},{\"@type\":\"ListItem\",\"position\":2,\"name\":\"VPK-15B-3-BX\"}]},{\"@type\":\"WebSite\",\"@id\":\"https:\/\/apgsolutions.com\/fr\/#website\",\"url\":\"https:\/\/apgsolutions.com\/fr\/\",\"name\":\"APG Solutions, LLC\",\"description\":\"Trust at every point.\",\"publisher\":{\"@id\":\"https:\/\/apgsolutions.com\/fr\/#organization\"},\"potentialAction\":[{\"@type\":\"SearchAction\",\"target\":{\"@type\":\"EntryPoint\",\"urlTemplate\":\"https:\/\/apgsolutions.com\/fr\/?s={search_term_string}\"},\"query-input\":{\"@type\":\"PropertyValueSpecification\",\"valueRequired\":true,\"valueName\":\"search_term_string\"}}],\"inLanguage\":\"fr-FR\"},{\"@type\":\"Organization\",\"@id\":\"https:\/\/apgsolutions.com\/fr\/#organization\",\"name\":\"APG Solution, LLC\",\"url\":\"https:\/\/apgsolutions.com\/fr\/\",\"logo\":{\"@type\":\"ImageObject\",\"inLanguage\":\"fr-FR\",\"@id\":\"https:\/\/apgsolutions.com\/fr\/#\/schema\/logo\/image\/\",\"url\":\"https:\/\/apgsolutions.com\/wp-content\/uploads\/2023\/12\/logomark-color.svg\",\"contentUrl\":\"https:\/\/apgsolutions.com\/wp-content\/uploads\/2023\/12\/logomark-color.svg\",\"width\":141,\"height\":138,\"caption\":\"APG Solution, LLC\"},\"image\":{\"@id\":\"https:\/\/apgsolutions.com\/fr\/#\/schema\/logo\/image\/\"},\"sameAs\":[\"https:\/\/www.facebook.com\/apgglobalsolutions\",\"https:\/\/x.com\/apg_solutions\",\"https:\/\/www.youtube.com\/c\/CashManagementGlobalSolutionsbyapg\",\"https:\/\/www.linkedin.com\/company\/apgglobalsolutions\/\",\"https:\/\/www.instagram.com\/apgglobalsolutions\/\",\"https:\/\/www.pinterest.com\/apgcashdrawer\/\"]}]}<\/script>\n<!-- \/ Yoast SEO Premium plugin. -->","yoast_head_json":{"title":"VPK-15B-3-BX | apg\u00ae Boutique en ligne de pi\u00e8ces d\u00e9tach\u00e9es et d'accessoires","description":"Vasario 1915 Till. SKU : VPK-15B-3-BX. Cliquez ici pour visiter le magasin de pi\u00e8ces et d'accessoires en ligne d'APG Cash Drawer et achetez ces accessoires d\u00e8s aujourd'hui.","robots":{"index":"index","follow":"follow","max-snippet":"max-snippet:-1","max-image-preview":"max-image-preview:large","max-video-preview":"max-video-preview:-1"},"canonical":"https:\/\/apgsolutions.com\/fr\/store\/vpk-15b-3-bx\/","og_locale":"fr_FR","og_type":"article","og_title":"VPK-15B-3-BX | apg\u00ae Boutique en ligne de pi\u00e8ces d\u00e9tach\u00e9es et d'accessoires","og_description":"Vasario 1915 Till. SKU : VPK-15B-3-BX. Cliquez ici pour visiter le magasin de pi\u00e8ces et d'accessoires en ligne d'APG Cash Drawer et achetez ces accessoires d\u00e8s aujourd'hui.","og_url":"https:\/\/apgsolutions.com\/fr\/store\/vpk-15b-3-bx\/","og_site_name":"apg\u00ae Solutions","article_publisher":"https:\/\/www.facebook.com\/apgglobalsolutions","og_image":[{"width":295,"height":295,"url":"https:\/\/apgsolutions.com\/wp-content\/uploads\/2023\/05\/VPK-15B-3-BX.jpg","type":"image\/jpeg"}],"twitter_card":"summary_large_image","twitter_site":"@apg_solutions","schema":{"@context":"https:\/\/schema.org","@graph":[{"@type":"WebPage","@id":"https:\/\/apgsolutions.com\/fr\/store\/vpk-15b-3-bx\/","url":"https:\/\/apgsolutions.com\/fr\/store\/vpk-15b-3-bx\/","name":"VPK-15B-3-BX | apg\u00ae Boutique en ligne de pi\u00e8ces d\u00e9tach\u00e9es et d'accessoires","isPartOf":{"@id":"https:\/\/apgsolutions.com\/fr\/#website"},"primaryImageOfPage":{"@id":"https:\/\/apgsolutions.com\/fr\/store\/vpk-15b-3-bx\/#primaryimage"},"image":{"@id":"https:\/\/apgsolutions.com\/fr\/store\/vpk-15b-3-bx\/#primaryimage"},"thumbnailUrl":"https:\/\/apgsolutions.com\/wp-content\/uploads\/2023\/05\/VPK-15B-3-BX.jpg","datePublished":"2026-01-23T15:30:28+00:00","description":"Vasario 1915 Till. SKU : VPK-15B-3-BX. Cliquez ici pour visiter le magasin de pi\u00e8ces et d'accessoires en ligne d'APG Cash Drawer et achetez ces accessoires d\u00e8s aujourd'hui.","breadcrumb":{"@id":"https:\/\/apgsolutions.com\/fr\/store\/vpk-15b-3-bx\/#breadcrumb"},"inLanguage":"fr-FR","potentialAction":[{"@type":"ReadAction","target":["https:\/\/apgsolutions.com\/fr\/store\/vpk-15b-3-bx\/"]}]},{"@type":"ImageObject","inLanguage":"fr-FR","@id":"https:\/\/apgsolutions.com\/fr\/store\/vpk-15b-3-bx\/#primaryimage","url":"https:\/\/apgsolutions.com\/wp-content\/uploads\/2023\/05\/VPK-15B-3-BX.jpg","contentUrl":"https:\/\/apgsolutions.com\/wp-content\/uploads\/2023\/05\/VPK-15B-3-BX.jpg","width":295,"height":295,"caption":"VPK-15B-3-BX"},{"@type":"BreadcrumbList","@id":"https:\/\/apgsolutions.com\/fr\/store\/vpk-15b-3-bx\/#breadcrumb","itemListElement":[{"@type":"ListItem","position":1,"name":"U.S. Online Parts Store","item":"https:\/\/apgsolutions.com\/store\/"},{"@type":"ListItem","position":2,"name":"VPK-15B-3-BX"}]},{"@type":"WebSite","@id":"https:\/\/apgsolutions.com\/fr\/#website","url":"https:\/\/apgsolutions.com\/fr\/","name":"APG Solutions, LLC","description":"Trust at every point.","publisher":{"@id":"https:\/\/apgsolutions.com\/fr\/#organization"},"potentialAction":[{"@type":"SearchAction","target":{"@type":"EntryPoint","urlTemplate":"https:\/\/apgsolutions.com\/fr\/?s={search_term_string}"},"query-input":{"@type":"PropertyValueSpecification","valueRequired":true,"valueName":"search_term_string"}}],"inLanguage":"fr-FR"},{"@type":"Organization","@id":"https:\/\/apgsolutions.com\/fr\/#organization","name":"APG Solution, LLC","url":"https:\/\/apgsolutions.com\/fr\/","logo":{"@type":"ImageObject","inLanguage":"fr-FR","@id":"https:\/\/apgsolutions.com\/fr\/#\/schema\/logo\/image\/","url":"https:\/\/apgsolutions.com\/wp-content\/uploads\/2023\/12\/logomark-color.svg","contentUrl":"https:\/\/apgsolutions.com\/wp-content\/uploads\/2023\/12\/logomark-color.svg","width":141,"height":138,"caption":"APG Solution, LLC"},"image":{"@id":"https:\/\/apgsolutions.com\/fr\/#\/schema\/logo\/image\/"},"sameAs":["https:\/\/www.facebook.com\/apgglobalsolutions","https:\/\/x.com\/apg_solutions","https:\/\/www.youtube.com\/c\/CashManagementGlobalSolutionsbyapg","https:\/\/www.linkedin.com\/company\/apgglobalsolutions\/","https:\/\/www.instagram.com\/apgglobalsolutions\/","https:\/\/www.pinterest.com\/apgcashdrawer\/"]}]}},"acf":[],"_links":{"self":[{"href":"https:\/\/apgsolutions.com\/fr\/wp-json\/wp\/v2\/product\/100858","targetHints":{"allow":["GET"]}}],"collection":[{"href":"https:\/\/apgsolutions.com\/fr\/wp-json\/wp\/v2\/product"}],"about":[{"href":"https:\/\/apgsolutions.com\/fr\/wp-json\/wp\/v2\/types\/product"}],"wp:featuredmedia":[{"embeddable":true,"href":"https:\/\/apgsolutions.com\/fr\/wp-json\/wp\/v2\/media\/4504"}],"wp:attachment":[{"href":"https:\/\/apgsolutions.com\/fr\/wp-json\/wp\/v2\/media?parent=100858"}],"wp:term":[{"taxonomy":"product_brand","embeddable":true,"href":"https:\/\/apgsolutions.com\/fr\/wp-json\/wp\/v2\/product_brand?post=100858"},{"taxonomy":"product_cat","embeddable":true,"href":"https:\/\/apgsolutions.com\/fr\/wp-json\/wp\/v2\/product_cat?post=100858"},{"taxonomy":"product_tag","embeddable":true,"href":"https:\/\/apgsolutions.com\/fr\/wp-json\/wp\/v2\/product_tag?post=100858"}],"curies":[{"name":"wp","href":"https:\/\/api.w.org\/{rel}","templated":true}]}}