{"id":100870,"date":"2026-01-23T15:33:33","date_gmt":"2026-01-23T15:33:33","guid":{"rendered":"https:\/\/apgsolutions.com\/store\/pks100divbl\/"},"modified":"2026-01-23T15:33:33","modified_gmt":"2026-01-23T15:33:33","slug":"pks100divbl","status":"publish","type":"product","link":"https:\/\/apgsolutions.com\/fr\/store\/pks100divbl\/","title":{"rendered":"PKS100DIVBL"},"content":{"rendered":"<p>Kit d&rsquo;intercalaires (noir) ; comprend (2) intercalaires et un clip pour fente de m\u00e9dia<\/p>\n","protected":false},"excerpt":{"rendered":"<p>Kit d&rsquo;intercalaires (noir) ; comprend (2) intercalaires et un clip pour fente de m\u00e9dia.<\/p>\n","protected":false},"featured_media":4445,"template":"","meta":{"_acf_changed":false,"content-type":""},"product_brand":[],"product_cat":[785,738,784,737],"product_tag":[],"class_list":{"0":"post-100870","1":"product","2":"type-product","3":"status-publish","4":"has-post-thumbnail","6":"product_cat-autres-pieces","7":"product_cat-pieces-et-accessoires","8":"product_cat-serie-100","9":"product_cat-tous-les-produits","11":"first","12":"instock","13":"taxable","14":"shipping-taxable","15":"purchasable","16":"product-type-simple"},"yoast_head":"<!-- This site is optimized with the Yoast SEO Premium plugin v23.5 (Yoast SEO v27.2) - https:\/\/yoast.com\/product\/yoast-seo-premium-wordpress\/ -->\n<title>PKS100DIVBL | apg\u00ae Boutique en ligne de pi\u00e8ces d\u00e9tach\u00e9es et d&#039;accessoires<\/title>\n<meta name=\"description\" content=\"Kit de s\u00e9paration (noir). SKU : PKS100DIVBL. Cliquez ici pour visiter le magasin de pi\u00e8ces et accessoires en ligne de APG Cash Drawer et achetez ces accessoires d\u00e8s aujourd&#039;hui.\" \/>\n<meta name=\"robots\" content=\"index, follow, max-snippet:-1, max-image-preview:large, max-video-preview:-1\" \/>\n<link rel=\"canonical\" href=\"https:\/\/apgsolutions.com\/fr\/store\/pks100divbl\/\" \/>\n<meta property=\"og:locale\" content=\"fr_FR\" \/>\n<meta property=\"og:type\" content=\"article\" \/>\n<meta property=\"og:title\" content=\"PKS100DIVBL | apg\u00ae Boutique en ligne de pi\u00e8ces d\u00e9tach\u00e9es et d&#039;accessoires\" \/>\n<meta property=\"og:description\" content=\"Kit de s\u00e9paration (noir). SKU : PKS100DIVBL. Cliquez ici pour visiter le magasin de pi\u00e8ces et accessoires en ligne de APG Cash Drawer et achetez ces accessoires d\u00e8s aujourd&#039;hui.\" \/>\n<meta property=\"og:url\" content=\"https:\/\/apgsolutions.com\/fr\/store\/pks100divbl\/\" \/>\n<meta property=\"og:site_name\" content=\"apg\u00ae Solutions\" \/>\n<meta property=\"article:publisher\" content=\"https:\/\/www.facebook.com\/apgglobalsolutions\" \/>\n<meta property=\"og:image\" content=\"https:\/\/apgsolutions.com\/wp-content\/uploads\/2023\/05\/PKS100DIVBL.jpg\" \/>\n\t<meta property=\"og:image:width\" content=\"295\" \/>\n\t<meta property=\"og:image:height\" content=\"295\" \/>\n\t<meta property=\"og:image:type\" content=\"image\/jpeg\" \/>\n<meta name=\"twitter:card\" content=\"summary_large_image\" \/>\n<meta name=\"twitter:site\" content=\"@apg_solutions\" \/>\n<script type=\"application\/ld+json\" class=\"yoast-schema-graph\">{\"@context\":\"https:\/\/schema.org\",\"@graph\":[{\"@type\":\"WebPage\",\"@id\":\"https:\/\/apgsolutions.com\/fr\/store\/pks100divbl\/\",\"url\":\"https:\/\/apgsolutions.com\/fr\/store\/pks100divbl\/\",\"name\":\"PKS100DIVBL | apg\u00ae Boutique en ligne de pi\u00e8ces d\u00e9tach\u00e9es et d'accessoires\",\"isPartOf\":{\"@id\":\"https:\/\/apgsolutions.com\/fr\/#website\"},\"primaryImageOfPage\":{\"@id\":\"https:\/\/apgsolutions.com\/fr\/store\/pks100divbl\/#primaryimage\"},\"image\":{\"@id\":\"https:\/\/apgsolutions.com\/fr\/store\/pks100divbl\/#primaryimage\"},\"thumbnailUrl\":\"https:\/\/apgsolutions.com\/wp-content\/uploads\/2023\/05\/PKS100DIVBL.jpg\",\"datePublished\":\"2026-01-23T15:33:33+00:00\",\"description\":\"Kit de s\u00e9paration (noir). SKU : PKS100DIVBL. Cliquez ici pour visiter le magasin de pi\u00e8ces et accessoires en ligne de APG Cash Drawer et achetez ces accessoires d\u00e8s aujourd'hui.\",\"breadcrumb\":{\"@id\":\"https:\/\/apgsolutions.com\/fr\/store\/pks100divbl\/#breadcrumb\"},\"inLanguage\":\"fr-FR\",\"potentialAction\":[{\"@type\":\"ReadAction\",\"target\":[\"https:\/\/apgsolutions.com\/fr\/store\/pks100divbl\/\"]}]},{\"@type\":\"ImageObject\",\"inLanguage\":\"fr-FR\",\"@id\":\"https:\/\/apgsolutions.com\/fr\/store\/pks100divbl\/#primaryimage\",\"url\":\"https:\/\/apgsolutions.com\/wp-content\/uploads\/2023\/05\/PKS100DIVBL.jpg\",\"contentUrl\":\"https:\/\/apgsolutions.com\/wp-content\/uploads\/2023\/05\/PKS100DIVBL.jpg\",\"width\":295,\"height\":295,\"caption\":\"PKS100DIVBL\"},{\"@type\":\"BreadcrumbList\",\"@id\":\"https:\/\/apgsolutions.com\/fr\/store\/pks100divbl\/#breadcrumb\",\"itemListElement\":[{\"@type\":\"ListItem\",\"position\":1,\"name\":\"U.S. Online Parts Store\",\"item\":\"https:\/\/apgsolutions.com\/store\/\"},{\"@type\":\"ListItem\",\"position\":2,\"name\":\"PKS100DIVBL\"}]},{\"@type\":\"WebSite\",\"@id\":\"https:\/\/apgsolutions.com\/fr\/#website\",\"url\":\"https:\/\/apgsolutions.com\/fr\/\",\"name\":\"APG Solutions, LLC\",\"description\":\"Trust at every point.\",\"publisher\":{\"@id\":\"https:\/\/apgsolutions.com\/fr\/#organization\"},\"potentialAction\":[{\"@type\":\"SearchAction\",\"target\":{\"@type\":\"EntryPoint\",\"urlTemplate\":\"https:\/\/apgsolutions.com\/fr\/?s={search_term_string}\"},\"query-input\":{\"@type\":\"PropertyValueSpecification\",\"valueRequired\":true,\"valueName\":\"search_term_string\"}}],\"inLanguage\":\"fr-FR\"},{\"@type\":\"Organization\",\"@id\":\"https:\/\/apgsolutions.com\/fr\/#organization\",\"name\":\"APG Solution, LLC\",\"url\":\"https:\/\/apgsolutions.com\/fr\/\",\"logo\":{\"@type\":\"ImageObject\",\"inLanguage\":\"fr-FR\",\"@id\":\"https:\/\/apgsolutions.com\/fr\/#\/schema\/logo\/image\/\",\"url\":\"https:\/\/apgsolutions.com\/wp-content\/uploads\/2023\/12\/logomark-color.svg\",\"contentUrl\":\"https:\/\/apgsolutions.com\/wp-content\/uploads\/2023\/12\/logomark-color.svg\",\"width\":141,\"height\":138,\"caption\":\"APG Solution, LLC\"},\"image\":{\"@id\":\"https:\/\/apgsolutions.com\/fr\/#\/schema\/logo\/image\/\"},\"sameAs\":[\"https:\/\/www.facebook.com\/apgglobalsolutions\",\"https:\/\/x.com\/apg_solutions\",\"https:\/\/www.youtube.com\/c\/CashManagementGlobalSolutionsbyapg\",\"https:\/\/www.linkedin.com\/company\/apgglobalsolutions\/\",\"https:\/\/www.instagram.com\/apgglobalsolutions\/\",\"https:\/\/www.pinterest.com\/apgcashdrawer\/\"]}]}<\/script>\n<!-- \/ Yoast SEO Premium plugin. -->","yoast_head_json":{"title":"PKS100DIVBL | apg\u00ae Boutique en ligne de pi\u00e8ces d\u00e9tach\u00e9es et d'accessoires","description":"Kit de s\u00e9paration (noir). SKU : PKS100DIVBL. Cliquez ici pour visiter le magasin de pi\u00e8ces et accessoires en ligne de APG Cash Drawer et achetez ces accessoires d\u00e8s aujourd'hui.","robots":{"index":"index","follow":"follow","max-snippet":"max-snippet:-1","max-image-preview":"max-image-preview:large","max-video-preview":"max-video-preview:-1"},"canonical":"https:\/\/apgsolutions.com\/fr\/store\/pks100divbl\/","og_locale":"fr_FR","og_type":"article","og_title":"PKS100DIVBL | apg\u00ae Boutique en ligne de pi\u00e8ces d\u00e9tach\u00e9es et d'accessoires","og_description":"Kit de s\u00e9paration (noir). SKU : PKS100DIVBL. Cliquez ici pour visiter le magasin de pi\u00e8ces et accessoires en ligne de APG Cash Drawer et achetez ces accessoires d\u00e8s aujourd'hui.","og_url":"https:\/\/apgsolutions.com\/fr\/store\/pks100divbl\/","og_site_name":"apg\u00ae Solutions","article_publisher":"https:\/\/www.facebook.com\/apgglobalsolutions","og_image":[{"width":295,"height":295,"url":"https:\/\/apgsolutions.com\/wp-content\/uploads\/2023\/05\/PKS100DIVBL.jpg","type":"image\/jpeg"}],"twitter_card":"summary_large_image","twitter_site":"@apg_solutions","schema":{"@context":"https:\/\/schema.org","@graph":[{"@type":"WebPage","@id":"https:\/\/apgsolutions.com\/fr\/store\/pks100divbl\/","url":"https:\/\/apgsolutions.com\/fr\/store\/pks100divbl\/","name":"PKS100DIVBL | apg\u00ae Boutique en ligne de pi\u00e8ces d\u00e9tach\u00e9es et d'accessoires","isPartOf":{"@id":"https:\/\/apgsolutions.com\/fr\/#website"},"primaryImageOfPage":{"@id":"https:\/\/apgsolutions.com\/fr\/store\/pks100divbl\/#primaryimage"},"image":{"@id":"https:\/\/apgsolutions.com\/fr\/store\/pks100divbl\/#primaryimage"},"thumbnailUrl":"https:\/\/apgsolutions.com\/wp-content\/uploads\/2023\/05\/PKS100DIVBL.jpg","datePublished":"2026-01-23T15:33:33+00:00","description":"Kit de s\u00e9paration (noir). SKU : PKS100DIVBL. Cliquez ici pour visiter le magasin de pi\u00e8ces et accessoires en ligne de APG Cash Drawer et achetez ces accessoires d\u00e8s aujourd'hui.","breadcrumb":{"@id":"https:\/\/apgsolutions.com\/fr\/store\/pks100divbl\/#breadcrumb"},"inLanguage":"fr-FR","potentialAction":[{"@type":"ReadAction","target":["https:\/\/apgsolutions.com\/fr\/store\/pks100divbl\/"]}]},{"@type":"ImageObject","inLanguage":"fr-FR","@id":"https:\/\/apgsolutions.com\/fr\/store\/pks100divbl\/#primaryimage","url":"https:\/\/apgsolutions.com\/wp-content\/uploads\/2023\/05\/PKS100DIVBL.jpg","contentUrl":"https:\/\/apgsolutions.com\/wp-content\/uploads\/2023\/05\/PKS100DIVBL.jpg","width":295,"height":295,"caption":"PKS100DIVBL"},{"@type":"BreadcrumbList","@id":"https:\/\/apgsolutions.com\/fr\/store\/pks100divbl\/#breadcrumb","itemListElement":[{"@type":"ListItem","position":1,"name":"U.S. Online Parts Store","item":"https:\/\/apgsolutions.com\/store\/"},{"@type":"ListItem","position":2,"name":"PKS100DIVBL"}]},{"@type":"WebSite","@id":"https:\/\/apgsolutions.com\/fr\/#website","url":"https:\/\/apgsolutions.com\/fr\/","name":"APG Solutions, LLC","description":"Trust at every point.","publisher":{"@id":"https:\/\/apgsolutions.com\/fr\/#organization"},"potentialAction":[{"@type":"SearchAction","target":{"@type":"EntryPoint","urlTemplate":"https:\/\/apgsolutions.com\/fr\/?s={search_term_string}"},"query-input":{"@type":"PropertyValueSpecification","valueRequired":true,"valueName":"search_term_string"}}],"inLanguage":"fr-FR"},{"@type":"Organization","@id":"https:\/\/apgsolutions.com\/fr\/#organization","name":"APG Solution, LLC","url":"https:\/\/apgsolutions.com\/fr\/","logo":{"@type":"ImageObject","inLanguage":"fr-FR","@id":"https:\/\/apgsolutions.com\/fr\/#\/schema\/logo\/image\/","url":"https:\/\/apgsolutions.com\/wp-content\/uploads\/2023\/12\/logomark-color.svg","contentUrl":"https:\/\/apgsolutions.com\/wp-content\/uploads\/2023\/12\/logomark-color.svg","width":141,"height":138,"caption":"APG Solution, LLC"},"image":{"@id":"https:\/\/apgsolutions.com\/fr\/#\/schema\/logo\/image\/"},"sameAs":["https:\/\/www.facebook.com\/apgglobalsolutions","https:\/\/x.com\/apg_solutions","https:\/\/www.youtube.com\/c\/CashManagementGlobalSolutionsbyapg","https:\/\/www.linkedin.com\/company\/apgglobalsolutions\/","https:\/\/www.instagram.com\/apgglobalsolutions\/","https:\/\/www.pinterest.com\/apgcashdrawer\/"]}]}},"acf":[],"_links":{"self":[{"href":"https:\/\/apgsolutions.com\/fr\/wp-json\/wp\/v2\/product\/100870","targetHints":{"allow":["GET"]}}],"collection":[{"href":"https:\/\/apgsolutions.com\/fr\/wp-json\/wp\/v2\/product"}],"about":[{"href":"https:\/\/apgsolutions.com\/fr\/wp-json\/wp\/v2\/types\/product"}],"wp:featuredmedia":[{"embeddable":true,"href":"https:\/\/apgsolutions.com\/fr\/wp-json\/wp\/v2\/media\/4445"}],"wp:attachment":[{"href":"https:\/\/apgsolutions.com\/fr\/wp-json\/wp\/v2\/media?parent=100870"}],"wp:term":[{"taxonomy":"product_brand","embeddable":true,"href":"https:\/\/apgsolutions.com\/fr\/wp-json\/wp\/v2\/product_brand?post=100870"},{"taxonomy":"product_cat","embeddable":true,"href":"https:\/\/apgsolutions.com\/fr\/wp-json\/wp\/v2\/product_cat?post=100870"},{"taxonomy":"product_tag","embeddable":true,"href":"https:\/\/apgsolutions.com\/fr\/wp-json\/wp\/v2\/product_tag?post=100870"}],"curies":[{"name":"wp","href":"https:\/\/api.w.org\/{rel}","templated":true}]}}