{"id":100904,"date":"2026-01-23T15:42:48","date_gmt":"2026-01-23T15:42:48","guid":{"rendered":"https:\/\/apgsolutions.com\/store\/pk-15ta-m3-bx\/"},"modified":"2026-01-23T15:42:48","modified_gmt":"2026-01-23T15:42:48","slug":"pk-15ta-m3-bx","status":"publish","type":"product","link":"https:\/\/apgsolutions.com\/fr\/store\/pk-15ta-m3-bx\/","title":{"rendered":"PK-15TA-M3-BX"},"content":{"rendered":"<p>Dollar canadien format plat 8 pi\u00e8ces, 5 billets. La caisse mesure 15,4 x 11,1 x 2,4 pouces \/ 391 x 282 x 61 mm. Devises compatibles avec cette caisse : Dollar jama\u00efcain, Dinar bahre\u00efnien, Bolivianos, Real br\u00e9silien, Dollar canadien, Peso chilien, Nouveau Shekel isra\u00e9lien, Lats lettons, Litas lituaniens, Peso mexicain, Nuevo Sol p\u00e9ruvien, Rouble russe, Dinar serbe, Zloty polonais, Lari g\u00e9orgien.  <\/p>\n","protected":false},"excerpt":{"rendered":"<p>Dollar canadien format plat 8 pi\u00e8ces, 5 billets<\/p>\n","protected":false},"featured_media":4235,"template":"","meta":{"_acf_changed":false,"content-type":""},"product_brand":[],"product_cat":[739,738,784,747,765,883,748,737],"product_tag":[],"class_list":{"0":"post-100904","1":"product","2":"type-product","3":"status-publish","4":"has-post-thumbnail","6":"product_cat-accessoires-pour-charges-lourdes","7":"product_cat-pieces-et-accessoires","8":"product_cat-serie-100","9":"product_cat-serie-4000","10":"product_cat-tills-encarts","13":"product_cat-tous-les-produits","14":"product_shipping_class-general","16":"first","17":"instock","18":"taxable","19":"shipping-taxable","20":"purchasable","21":"product-type-simple"},"yoast_head":"<!-- This site is optimized with the Yoast SEO Premium plugin v23.5 (Yoast SEO v27.2) - https:\/\/yoast.com\/product\/yoast-seo-premium-wordpress\/ -->\n<title>PK-15TA-M3-BX | apg\u00ae Boutique en ligne de pi\u00e8ces d\u00e9tach\u00e9es et d&#039;accessoires<\/title>\n<meta name=\"description\" content=\"Tiroir-caisse 5 billets x 8 pi\u00e8ces. SKU : PK-15TA-M3-BX. Cliquez ici pour parcourir la boutique en ligne de pi\u00e8ces et accessoires apg\u00ae et acheter ces accessoires d\u00e8s aujourd&#039;hui.\" \/>\n<meta name=\"robots\" content=\"index, follow, max-snippet:-1, max-image-preview:large, max-video-preview:-1\" \/>\n<link rel=\"canonical\" href=\"https:\/\/apgsolutions.com\/fr\/store\/pk-15ta-m3-bx\/\" \/>\n<meta property=\"og:locale\" content=\"fr_FR\" \/>\n<meta property=\"og:type\" content=\"article\" \/>\n<meta property=\"og:title\" content=\"PK-15TA-M3-BX | apg\u00ae Boutique en ligne de pi\u00e8ces d\u00e9tach\u00e9es et d&#039;accessoires\" \/>\n<meta property=\"og:description\" content=\"Tiroir-caisse 5 billets x 8 pi\u00e8ces. SKU : PK-15TA-M3-BX. Cliquez ici pour parcourir la boutique en ligne de pi\u00e8ces et accessoires apg\u00ae et acheter ces accessoires d\u00e8s aujourd&#039;hui.\" \/>\n<meta property=\"og:url\" content=\"https:\/\/apgsolutions.com\/fr\/store\/pk-15ta-m3-bx\/\" \/>\n<meta property=\"og:site_name\" content=\"apg\u00ae Solutions\" \/>\n<meta property=\"article:publisher\" content=\"https:\/\/www.facebook.com\/apgglobalsolutions\" \/>\n<meta property=\"og:image\" content=\"https:\/\/apgsolutions.com\/wp-content\/uploads\/2023\/05\/PK-15TA-M3-BX.jpg\" \/>\n\t<meta property=\"og:image:width\" content=\"295\" \/>\n\t<meta property=\"og:image:height\" content=\"295\" \/>\n\t<meta property=\"og:image:type\" content=\"image\/jpeg\" \/>\n<meta name=\"twitter:card\" content=\"summary_large_image\" \/>\n<meta name=\"twitter:site\" content=\"@apg_solutions\" \/>\n<script type=\"application\/ld+json\" class=\"yoast-schema-graph\">{\"@context\":\"https:\/\/schema.org\",\"@graph\":[{\"@type\":\"WebPage\",\"@id\":\"https:\/\/apgsolutions.com\/fr\/store\/pk-15ta-m3-bx\/\",\"url\":\"https:\/\/apgsolutions.com\/fr\/store\/pk-15ta-m3-bx\/\",\"name\":\"PK-15TA-M3-BX | apg\u00ae Boutique en ligne de pi\u00e8ces d\u00e9tach\u00e9es et d'accessoires\",\"isPartOf\":{\"@id\":\"https:\/\/apgsolutions.com\/fr\/#website\"},\"primaryImageOfPage\":{\"@id\":\"https:\/\/apgsolutions.com\/fr\/store\/pk-15ta-m3-bx\/#primaryimage\"},\"image\":{\"@id\":\"https:\/\/apgsolutions.com\/fr\/store\/pk-15ta-m3-bx\/#primaryimage\"},\"thumbnailUrl\":\"https:\/\/apgsolutions.com\/wp-content\/uploads\/2023\/05\/PK-15TA-M3-BX.jpg\",\"datePublished\":\"2026-01-23T15:42:48+00:00\",\"description\":\"Tiroir-caisse 5 billets x 8 pi\u00e8ces. SKU : PK-15TA-M3-BX. Cliquez ici pour parcourir la boutique en ligne de pi\u00e8ces et accessoires apg\u00ae et acheter ces accessoires d\u00e8s aujourd'hui.\",\"breadcrumb\":{\"@id\":\"https:\/\/apgsolutions.com\/fr\/store\/pk-15ta-m3-bx\/#breadcrumb\"},\"inLanguage\":\"fr-FR\",\"potentialAction\":[{\"@type\":\"ReadAction\",\"target\":[\"https:\/\/apgsolutions.com\/fr\/store\/pk-15ta-m3-bx\/\"]}]},{\"@type\":\"ImageObject\",\"inLanguage\":\"fr-FR\",\"@id\":\"https:\/\/apgsolutions.com\/fr\/store\/pk-15ta-m3-bx\/#primaryimage\",\"url\":\"https:\/\/apgsolutions.com\/wp-content\/uploads\/2023\/05\/PK-15TA-M3-BX.jpg\",\"contentUrl\":\"https:\/\/apgsolutions.com\/wp-content\/uploads\/2023\/05\/PK-15TA-M3-BX.jpg\",\"width\":295,\"height\":295,\"caption\":\"PK-15TA-M3-BX\"},{\"@type\":\"BreadcrumbList\",\"@id\":\"https:\/\/apgsolutions.com\/fr\/store\/pk-15ta-m3-bx\/#breadcrumb\",\"itemListElement\":[{\"@type\":\"ListItem\",\"position\":1,\"name\":\"U.S. Online Parts Store\",\"item\":\"https:\/\/apgsolutions.com\/store\/\"},{\"@type\":\"ListItem\",\"position\":2,\"name\":\"PK-15TA-M3-BX\"}]},{\"@type\":\"WebSite\",\"@id\":\"https:\/\/apgsolutions.com\/fr\/#website\",\"url\":\"https:\/\/apgsolutions.com\/fr\/\",\"name\":\"APG Solutions, LLC\",\"description\":\"Trust at every point.\",\"publisher\":{\"@id\":\"https:\/\/apgsolutions.com\/fr\/#organization\"},\"potentialAction\":[{\"@type\":\"SearchAction\",\"target\":{\"@type\":\"EntryPoint\",\"urlTemplate\":\"https:\/\/apgsolutions.com\/fr\/?s={search_term_string}\"},\"query-input\":{\"@type\":\"PropertyValueSpecification\",\"valueRequired\":true,\"valueName\":\"search_term_string\"}}],\"inLanguage\":\"fr-FR\"},{\"@type\":\"Organization\",\"@id\":\"https:\/\/apgsolutions.com\/fr\/#organization\",\"name\":\"APG Solution, LLC\",\"url\":\"https:\/\/apgsolutions.com\/fr\/\",\"logo\":{\"@type\":\"ImageObject\",\"inLanguage\":\"fr-FR\",\"@id\":\"https:\/\/apgsolutions.com\/fr\/#\/schema\/logo\/image\/\",\"url\":\"https:\/\/apgsolutions.com\/wp-content\/uploads\/2023\/12\/logomark-color.svg\",\"contentUrl\":\"https:\/\/apgsolutions.com\/wp-content\/uploads\/2023\/12\/logomark-color.svg\",\"width\":141,\"height\":138,\"caption\":\"APG Solution, LLC\"},\"image\":{\"@id\":\"https:\/\/apgsolutions.com\/fr\/#\/schema\/logo\/image\/\"},\"sameAs\":[\"https:\/\/www.facebook.com\/apgglobalsolutions\",\"https:\/\/x.com\/apg_solutions\",\"https:\/\/www.youtube.com\/c\/CashManagementGlobalSolutionsbyapg\",\"https:\/\/www.linkedin.com\/company\/apgglobalsolutions\/\",\"https:\/\/www.instagram.com\/apgglobalsolutions\/\",\"https:\/\/www.pinterest.com\/apgcashdrawer\/\"]}]}<\/script>\n<!-- \/ Yoast SEO Premium plugin. -->","yoast_head_json":{"title":"PK-15TA-M3-BX | apg\u00ae Boutique en ligne de pi\u00e8ces d\u00e9tach\u00e9es et d'accessoires","description":"Tiroir-caisse 5 billets x 8 pi\u00e8ces. SKU : PK-15TA-M3-BX. Cliquez ici pour parcourir la boutique en ligne de pi\u00e8ces et accessoires apg\u00ae et acheter ces accessoires d\u00e8s aujourd'hui.","robots":{"index":"index","follow":"follow","max-snippet":"max-snippet:-1","max-image-preview":"max-image-preview:large","max-video-preview":"max-video-preview:-1"},"canonical":"https:\/\/apgsolutions.com\/fr\/store\/pk-15ta-m3-bx\/","og_locale":"fr_FR","og_type":"article","og_title":"PK-15TA-M3-BX | apg\u00ae Boutique en ligne de pi\u00e8ces d\u00e9tach\u00e9es et d'accessoires","og_description":"Tiroir-caisse 5 billets x 8 pi\u00e8ces. SKU : PK-15TA-M3-BX. Cliquez ici pour parcourir la boutique en ligne de pi\u00e8ces et accessoires apg\u00ae et acheter ces accessoires d\u00e8s aujourd'hui.","og_url":"https:\/\/apgsolutions.com\/fr\/store\/pk-15ta-m3-bx\/","og_site_name":"apg\u00ae Solutions","article_publisher":"https:\/\/www.facebook.com\/apgglobalsolutions","og_image":[{"width":295,"height":295,"url":"https:\/\/apgsolutions.com\/wp-content\/uploads\/2023\/05\/PK-15TA-M3-BX.jpg","type":"image\/jpeg"}],"twitter_card":"summary_large_image","twitter_site":"@apg_solutions","schema":{"@context":"https:\/\/schema.org","@graph":[{"@type":"WebPage","@id":"https:\/\/apgsolutions.com\/fr\/store\/pk-15ta-m3-bx\/","url":"https:\/\/apgsolutions.com\/fr\/store\/pk-15ta-m3-bx\/","name":"PK-15TA-M3-BX | apg\u00ae Boutique en ligne de pi\u00e8ces d\u00e9tach\u00e9es et d'accessoires","isPartOf":{"@id":"https:\/\/apgsolutions.com\/fr\/#website"},"primaryImageOfPage":{"@id":"https:\/\/apgsolutions.com\/fr\/store\/pk-15ta-m3-bx\/#primaryimage"},"image":{"@id":"https:\/\/apgsolutions.com\/fr\/store\/pk-15ta-m3-bx\/#primaryimage"},"thumbnailUrl":"https:\/\/apgsolutions.com\/wp-content\/uploads\/2023\/05\/PK-15TA-M3-BX.jpg","datePublished":"2026-01-23T15:42:48+00:00","description":"Tiroir-caisse 5 billets x 8 pi\u00e8ces. SKU : PK-15TA-M3-BX. Cliquez ici pour parcourir la boutique en ligne de pi\u00e8ces et accessoires apg\u00ae et acheter ces accessoires d\u00e8s aujourd'hui.","breadcrumb":{"@id":"https:\/\/apgsolutions.com\/fr\/store\/pk-15ta-m3-bx\/#breadcrumb"},"inLanguage":"fr-FR","potentialAction":[{"@type":"ReadAction","target":["https:\/\/apgsolutions.com\/fr\/store\/pk-15ta-m3-bx\/"]}]},{"@type":"ImageObject","inLanguage":"fr-FR","@id":"https:\/\/apgsolutions.com\/fr\/store\/pk-15ta-m3-bx\/#primaryimage","url":"https:\/\/apgsolutions.com\/wp-content\/uploads\/2023\/05\/PK-15TA-M3-BX.jpg","contentUrl":"https:\/\/apgsolutions.com\/wp-content\/uploads\/2023\/05\/PK-15TA-M3-BX.jpg","width":295,"height":295,"caption":"PK-15TA-M3-BX"},{"@type":"BreadcrumbList","@id":"https:\/\/apgsolutions.com\/fr\/store\/pk-15ta-m3-bx\/#breadcrumb","itemListElement":[{"@type":"ListItem","position":1,"name":"U.S. Online Parts Store","item":"https:\/\/apgsolutions.com\/store\/"},{"@type":"ListItem","position":2,"name":"PK-15TA-M3-BX"}]},{"@type":"WebSite","@id":"https:\/\/apgsolutions.com\/fr\/#website","url":"https:\/\/apgsolutions.com\/fr\/","name":"APG Solutions, LLC","description":"Trust at every point.","publisher":{"@id":"https:\/\/apgsolutions.com\/fr\/#organization"},"potentialAction":[{"@type":"SearchAction","target":{"@type":"EntryPoint","urlTemplate":"https:\/\/apgsolutions.com\/fr\/?s={search_term_string}"},"query-input":{"@type":"PropertyValueSpecification","valueRequired":true,"valueName":"search_term_string"}}],"inLanguage":"fr-FR"},{"@type":"Organization","@id":"https:\/\/apgsolutions.com\/fr\/#organization","name":"APG Solution, LLC","url":"https:\/\/apgsolutions.com\/fr\/","logo":{"@type":"ImageObject","inLanguage":"fr-FR","@id":"https:\/\/apgsolutions.com\/fr\/#\/schema\/logo\/image\/","url":"https:\/\/apgsolutions.com\/wp-content\/uploads\/2023\/12\/logomark-color.svg","contentUrl":"https:\/\/apgsolutions.com\/wp-content\/uploads\/2023\/12\/logomark-color.svg","width":141,"height":138,"caption":"APG Solution, LLC"},"image":{"@id":"https:\/\/apgsolutions.com\/fr\/#\/schema\/logo\/image\/"},"sameAs":["https:\/\/www.facebook.com\/apgglobalsolutions","https:\/\/x.com\/apg_solutions","https:\/\/www.youtube.com\/c\/CashManagementGlobalSolutionsbyapg","https:\/\/www.linkedin.com\/company\/apgglobalsolutions\/","https:\/\/www.instagram.com\/apgglobalsolutions\/","https:\/\/www.pinterest.com\/apgcashdrawer\/"]}]}},"acf":[],"_links":{"self":[{"href":"https:\/\/apgsolutions.com\/fr\/wp-json\/wp\/v2\/product\/100904","targetHints":{"allow":["GET"]}}],"collection":[{"href":"https:\/\/apgsolutions.com\/fr\/wp-json\/wp\/v2\/product"}],"about":[{"href":"https:\/\/apgsolutions.com\/fr\/wp-json\/wp\/v2\/types\/product"}],"wp:featuredmedia":[{"embeddable":true,"href":"https:\/\/apgsolutions.com\/fr\/wp-json\/wp\/v2\/media\/4235"}],"wp:attachment":[{"href":"https:\/\/apgsolutions.com\/fr\/wp-json\/wp\/v2\/media?parent=100904"}],"wp:term":[{"taxonomy":"product_brand","embeddable":true,"href":"https:\/\/apgsolutions.com\/fr\/wp-json\/wp\/v2\/product_brand?post=100904"},{"taxonomy":"product_cat","embeddable":true,"href":"https:\/\/apgsolutions.com\/fr\/wp-json\/wp\/v2\/product_cat?post=100904"},{"taxonomy":"product_tag","embeddable":true,"href":"https:\/\/apgsolutions.com\/fr\/wp-json\/wp\/v2\/product_tag?post=100904"}],"curies":[{"name":"wp","href":"https:\/\/api.w.org\/{rel}","templated":true}]}}