{"id":101365,"date":"2026-01-26T02:34:07","date_gmt":"2026-01-26T02:34:07","guid":{"rendered":"https:\/\/apgsolutions.com\/store\/cd-017a\/"},"modified":"2026-01-27T16:21:14","modified_gmt":"2026-01-27T16:21:14","slug":"cd-017a","status":"publish","type":"product","link":"https:\/\/apgsolutions.com\/fr\/store\/cd-017a\/","title":{"rendered":"CD-017A"},"content":{"rendered":"<p>Ce c\u00e2ble apg de 5 pieds est \u00e9quip\u00e9 d&rsquo;une prise modulaire 8P8C (RJ45) pour votre tiroir-caisse et d&rsquo;une prise modulaire 6P6C (RJ12).<\/p>\n","protected":false},"excerpt":{"rendered":"<p>C\u00e2ble d&rsquo;interface MultiPRO, 5 pieds<\/p>\n","protected":false},"featured_media":88543,"template":"","meta":{"_acf_changed":false,"content-type":""},"product_brand":[],"product_cat":[807,738,737],"product_tag":[],"class_list":{"0":"post-101365","1":"product","2":"type-product","3":"status-publish","4":"has-post-thumbnail","6":"product_cat-interfaces-cables","7":"product_cat-pieces-et-accessoires","8":"product_cat-tous-les-produits","10":"first","11":"instock","12":"taxable","13":"shipping-taxable","14":"purchasable","15":"product-type-simple"},"yoast_head":"<!-- This site is optimized with the Yoast SEO Premium plugin v23.5 (Yoast SEO v27.2) - https:\/\/yoast.com\/product\/yoast-seo-premium-wordpress\/ -->\n<title>CD-017A | apg\u00ae Boutique en ligne de pi\u00e8ces d\u00e9tach\u00e9es et d&#039;accessoires<\/title>\n<meta name=\"description\" content=\"C\u00e2ble d&#039;interface MultiPRO\u00ae 5&#039;. SKU : CD-017A. Cliquez ici pour parcourir la boutique en ligne de pi\u00e8ces et d&#039;accessoires apg\u00ae et acheter ces accessoires d\u00e8s aujourd&#039;hui.\" \/>\n<meta name=\"robots\" content=\"index, follow, max-snippet:-1, max-image-preview:large, max-video-preview:-1\" \/>\n<link rel=\"canonical\" href=\"https:\/\/apgsolutions.com\/fr\/store\/cd-017a\/\" \/>\n<meta property=\"og:locale\" content=\"fr_FR\" \/>\n<meta property=\"og:type\" content=\"article\" \/>\n<meta property=\"og:title\" content=\"CD-017A | apg\u00ae Boutique en ligne de pi\u00e8ces d\u00e9tach\u00e9es et d&#039;accessoires\" \/>\n<meta property=\"og:description\" content=\"C\u00e2ble d&#039;interface MultiPRO\u00ae 5&#039;. SKU : CD-017A. Cliquez ici pour parcourir la boutique en ligne de pi\u00e8ces et d&#039;accessoires apg\u00ae et acheter ces accessoires d\u00e8s aujourd&#039;hui.\" \/>\n<meta property=\"og:url\" content=\"https:\/\/apgsolutions.com\/fr\/store\/cd-017a\/\" \/>\n<meta property=\"og:site_name\" content=\"apg\u00ae Solutions\" \/>\n<meta property=\"article:publisher\" content=\"https:\/\/www.facebook.com\/apgglobalsolutions\" \/>\n<meta property=\"article:modified_time\" content=\"2026-01-27T16:21:14+00:00\" \/>\n<meta property=\"og:image\" content=\"https:\/\/apgsolutions.com\/wp-content\/uploads\/2025\/03\/CD-017A.jpg\" \/>\n\t<meta property=\"og:image:width\" content=\"295\" \/>\n\t<meta property=\"og:image:height\" content=\"295\" \/>\n\t<meta property=\"og:image:type\" content=\"image\/jpeg\" \/>\n<meta name=\"twitter:card\" content=\"summary_large_image\" \/>\n<meta name=\"twitter:site\" content=\"@apg_solutions\" \/>\n<script type=\"application\/ld+json\" class=\"yoast-schema-graph\">{\"@context\":\"https:\/\/schema.org\",\"@graph\":[{\"@type\":\"WebPage\",\"@id\":\"https:\/\/apgsolutions.com\/fr\/store\/cd-017a\/\",\"url\":\"https:\/\/apgsolutions.com\/fr\/store\/cd-017a\/\",\"name\":\"CD-017A | apg\u00ae Boutique en ligne de pi\u00e8ces d\u00e9tach\u00e9es et d'accessoires\",\"isPartOf\":{\"@id\":\"https:\/\/apgsolutions.com\/fr\/#website\"},\"primaryImageOfPage\":{\"@id\":\"https:\/\/apgsolutions.com\/fr\/store\/cd-017a\/#primaryimage\"},\"image\":{\"@id\":\"https:\/\/apgsolutions.com\/fr\/store\/cd-017a\/#primaryimage\"},\"thumbnailUrl\":\"https:\/\/apgsolutions.com\/wp-content\/uploads\/2025\/03\/CD-017A.jpg\",\"datePublished\":\"2026-01-26T02:34:07+00:00\",\"dateModified\":\"2026-01-27T16:21:14+00:00\",\"description\":\"C\u00e2ble d'interface MultiPRO\u00ae 5'. SKU : CD-017A. Cliquez ici pour parcourir la boutique en ligne de pi\u00e8ces et d'accessoires apg\u00ae et acheter ces accessoires d\u00e8s aujourd'hui.\",\"breadcrumb\":{\"@id\":\"https:\/\/apgsolutions.com\/fr\/store\/cd-017a\/#breadcrumb\"},\"inLanguage\":\"fr-FR\",\"potentialAction\":[{\"@type\":\"ReadAction\",\"target\":[\"https:\/\/apgsolutions.com\/fr\/store\/cd-017a\/\"]}]},{\"@type\":\"ImageObject\",\"inLanguage\":\"fr-FR\",\"@id\":\"https:\/\/apgsolutions.com\/fr\/store\/cd-017a\/#primaryimage\",\"url\":\"https:\/\/apgsolutions.com\/wp-content\/uploads\/2025\/03\/CD-017A.jpg\",\"contentUrl\":\"https:\/\/apgsolutions.com\/wp-content\/uploads\/2025\/03\/CD-017A.jpg\",\"width\":295,\"height\":295,\"caption\":\"CD-017A\"},{\"@type\":\"BreadcrumbList\",\"@id\":\"https:\/\/apgsolutions.com\/fr\/store\/cd-017a\/#breadcrumb\",\"itemListElement\":[{\"@type\":\"ListItem\",\"position\":1,\"name\":\"U.S. Online Parts Store\",\"item\":\"https:\/\/apgsolutions.com\/store\/\"},{\"@type\":\"ListItem\",\"position\":2,\"name\":\"CD-017A\"}]},{\"@type\":\"WebSite\",\"@id\":\"https:\/\/apgsolutions.com\/fr\/#website\",\"url\":\"https:\/\/apgsolutions.com\/fr\/\",\"name\":\"APG Solutions, LLC\",\"description\":\"Trust at every point.\",\"publisher\":{\"@id\":\"https:\/\/apgsolutions.com\/fr\/#organization\"},\"potentialAction\":[{\"@type\":\"SearchAction\",\"target\":{\"@type\":\"EntryPoint\",\"urlTemplate\":\"https:\/\/apgsolutions.com\/fr\/?s={search_term_string}\"},\"query-input\":{\"@type\":\"PropertyValueSpecification\",\"valueRequired\":true,\"valueName\":\"search_term_string\"}}],\"inLanguage\":\"fr-FR\"},{\"@type\":\"Organization\",\"@id\":\"https:\/\/apgsolutions.com\/fr\/#organization\",\"name\":\"APG Solution, LLC\",\"url\":\"https:\/\/apgsolutions.com\/fr\/\",\"logo\":{\"@type\":\"ImageObject\",\"inLanguage\":\"fr-FR\",\"@id\":\"https:\/\/apgsolutions.com\/fr\/#\/schema\/logo\/image\/\",\"url\":\"https:\/\/apgsolutions.com\/wp-content\/uploads\/2023\/12\/logomark-color.svg\",\"contentUrl\":\"https:\/\/apgsolutions.com\/wp-content\/uploads\/2023\/12\/logomark-color.svg\",\"width\":141,\"height\":138,\"caption\":\"APG Solution, LLC\"},\"image\":{\"@id\":\"https:\/\/apgsolutions.com\/fr\/#\/schema\/logo\/image\/\"},\"sameAs\":[\"https:\/\/www.facebook.com\/apgglobalsolutions\",\"https:\/\/x.com\/apg_solutions\",\"https:\/\/www.youtube.com\/c\/CashManagementGlobalSolutionsbyapg\",\"https:\/\/www.linkedin.com\/company\/apgglobalsolutions\/\",\"https:\/\/www.instagram.com\/apgglobalsolutions\/\",\"https:\/\/www.pinterest.com\/apgcashdrawer\/\"]}]}<\/script>\n<!-- \/ Yoast SEO Premium plugin. -->","yoast_head_json":{"title":"CD-017A | apg\u00ae Boutique en ligne de pi\u00e8ces d\u00e9tach\u00e9es et d'accessoires","description":"C\u00e2ble d'interface MultiPRO\u00ae 5'. SKU : CD-017A. Cliquez ici pour parcourir la boutique en ligne de pi\u00e8ces et d'accessoires apg\u00ae et acheter ces accessoires d\u00e8s aujourd'hui.","robots":{"index":"index","follow":"follow","max-snippet":"max-snippet:-1","max-image-preview":"max-image-preview:large","max-video-preview":"max-video-preview:-1"},"canonical":"https:\/\/apgsolutions.com\/fr\/store\/cd-017a\/","og_locale":"fr_FR","og_type":"article","og_title":"CD-017A | apg\u00ae Boutique en ligne de pi\u00e8ces d\u00e9tach\u00e9es et d'accessoires","og_description":"C\u00e2ble d'interface MultiPRO\u00ae 5'. SKU : CD-017A. Cliquez ici pour parcourir la boutique en ligne de pi\u00e8ces et d'accessoires apg\u00ae et acheter ces accessoires d\u00e8s aujourd'hui.","og_url":"https:\/\/apgsolutions.com\/fr\/store\/cd-017a\/","og_site_name":"apg\u00ae Solutions","article_publisher":"https:\/\/www.facebook.com\/apgglobalsolutions","article_modified_time":"2026-01-27T16:21:14+00:00","og_image":[{"width":295,"height":295,"url":"https:\/\/apgsolutions.com\/wp-content\/uploads\/2025\/03\/CD-017A.jpg","type":"image\/jpeg"}],"twitter_card":"summary_large_image","twitter_site":"@apg_solutions","schema":{"@context":"https:\/\/schema.org","@graph":[{"@type":"WebPage","@id":"https:\/\/apgsolutions.com\/fr\/store\/cd-017a\/","url":"https:\/\/apgsolutions.com\/fr\/store\/cd-017a\/","name":"CD-017A | apg\u00ae Boutique en ligne de pi\u00e8ces d\u00e9tach\u00e9es et d'accessoires","isPartOf":{"@id":"https:\/\/apgsolutions.com\/fr\/#website"},"primaryImageOfPage":{"@id":"https:\/\/apgsolutions.com\/fr\/store\/cd-017a\/#primaryimage"},"image":{"@id":"https:\/\/apgsolutions.com\/fr\/store\/cd-017a\/#primaryimage"},"thumbnailUrl":"https:\/\/apgsolutions.com\/wp-content\/uploads\/2025\/03\/CD-017A.jpg","datePublished":"2026-01-26T02:34:07+00:00","dateModified":"2026-01-27T16:21:14+00:00","description":"C\u00e2ble d'interface MultiPRO\u00ae 5'. SKU : CD-017A. Cliquez ici pour parcourir la boutique en ligne de pi\u00e8ces et d'accessoires apg\u00ae et acheter ces accessoires d\u00e8s aujourd'hui.","breadcrumb":{"@id":"https:\/\/apgsolutions.com\/fr\/store\/cd-017a\/#breadcrumb"},"inLanguage":"fr-FR","potentialAction":[{"@type":"ReadAction","target":["https:\/\/apgsolutions.com\/fr\/store\/cd-017a\/"]}]},{"@type":"ImageObject","inLanguage":"fr-FR","@id":"https:\/\/apgsolutions.com\/fr\/store\/cd-017a\/#primaryimage","url":"https:\/\/apgsolutions.com\/wp-content\/uploads\/2025\/03\/CD-017A.jpg","contentUrl":"https:\/\/apgsolutions.com\/wp-content\/uploads\/2025\/03\/CD-017A.jpg","width":295,"height":295,"caption":"CD-017A"},{"@type":"BreadcrumbList","@id":"https:\/\/apgsolutions.com\/fr\/store\/cd-017a\/#breadcrumb","itemListElement":[{"@type":"ListItem","position":1,"name":"U.S. Online Parts Store","item":"https:\/\/apgsolutions.com\/store\/"},{"@type":"ListItem","position":2,"name":"CD-017A"}]},{"@type":"WebSite","@id":"https:\/\/apgsolutions.com\/fr\/#website","url":"https:\/\/apgsolutions.com\/fr\/","name":"APG Solutions, LLC","description":"Trust at every point.","publisher":{"@id":"https:\/\/apgsolutions.com\/fr\/#organization"},"potentialAction":[{"@type":"SearchAction","target":{"@type":"EntryPoint","urlTemplate":"https:\/\/apgsolutions.com\/fr\/?s={search_term_string}"},"query-input":{"@type":"PropertyValueSpecification","valueRequired":true,"valueName":"search_term_string"}}],"inLanguage":"fr-FR"},{"@type":"Organization","@id":"https:\/\/apgsolutions.com\/fr\/#organization","name":"APG Solution, LLC","url":"https:\/\/apgsolutions.com\/fr\/","logo":{"@type":"ImageObject","inLanguage":"fr-FR","@id":"https:\/\/apgsolutions.com\/fr\/#\/schema\/logo\/image\/","url":"https:\/\/apgsolutions.com\/wp-content\/uploads\/2023\/12\/logomark-color.svg","contentUrl":"https:\/\/apgsolutions.com\/wp-content\/uploads\/2023\/12\/logomark-color.svg","width":141,"height":138,"caption":"APG Solution, LLC"},"image":{"@id":"https:\/\/apgsolutions.com\/fr\/#\/schema\/logo\/image\/"},"sameAs":["https:\/\/www.facebook.com\/apgglobalsolutions","https:\/\/x.com\/apg_solutions","https:\/\/www.youtube.com\/c\/CashManagementGlobalSolutionsbyapg","https:\/\/www.linkedin.com\/company\/apgglobalsolutions\/","https:\/\/www.instagram.com\/apgglobalsolutions\/","https:\/\/www.pinterest.com\/apgcashdrawer\/"]}]}},"acf":[],"_links":{"self":[{"href":"https:\/\/apgsolutions.com\/fr\/wp-json\/wp\/v2\/product\/101365","targetHints":{"allow":["GET"]}}],"collection":[{"href":"https:\/\/apgsolutions.com\/fr\/wp-json\/wp\/v2\/product"}],"about":[{"href":"https:\/\/apgsolutions.com\/fr\/wp-json\/wp\/v2\/types\/product"}],"wp:featuredmedia":[{"embeddable":true,"href":"https:\/\/apgsolutions.com\/fr\/wp-json\/wp\/v2\/media\/88543"}],"wp:attachment":[{"href":"https:\/\/apgsolutions.com\/fr\/wp-json\/wp\/v2\/media?parent=101365"}],"wp:term":[{"taxonomy":"product_brand","embeddable":true,"href":"https:\/\/apgsolutions.com\/fr\/wp-json\/wp\/v2\/product_brand?post=101365"},{"taxonomy":"product_cat","embeddable":true,"href":"https:\/\/apgsolutions.com\/fr\/wp-json\/wp\/v2\/product_cat?post=101365"},{"taxonomy":"product_tag","embeddable":true,"href":"https:\/\/apgsolutions.com\/fr\/wp-json\/wp\/v2\/product_tag?post=101365"}],"curies":[{"name":"wp","href":"https:\/\/api.w.org\/{rel}","templated":true}]}}