{"id":101811,"date":"2026-01-26T14:24:52","date_gmt":"2026-01-26T14:24:52","guid":{"rendered":"https:\/\/apgsolutions.com\/store\/vpk-15b-4a-bx\/"},"modified":"2026-01-26T14:24:52","modified_gmt":"2026-01-26T14:24:52","slug":"vpk-15b-4a-bx","status":"publish","type":"product","link":"https:\/\/apgsolutions.com\/fr\/store\/vpk-15b-4a-bx\/","title":{"rendered":"VPK-15B-4A-BX"},"content":{"rendered":"<p>Largeurs de billets r\u00e9glables, plateau \u00e0 pi\u00e8ces amovible, 4 billets x 8 pi\u00e8ces, pr\u00eat pour l&rsquo;euro, convient aux tiroirs-caisses Vasario 1416 et S\u00e9rie 4000 1317. La caisse mesure 12,7 x 11,7 x 2,2 pouces \/ 321 x 297 x 56 mm. Devises compatibles avec cette caisse : Nouveau dollar de Taiwan, Forint hongrois, Lats letton, Litas lituanien, Dollar australien, Baht tha\u00eflandais, Lire turque, Francs suisses, Dollar jama\u00efcain, Dollar n\u00e9o-z\u00e9landais, Shilling kenyan, Dinar bahre\u00efni, Bolivianos boliviens, Peso chilien, Renminbi chinois, Colon costaricien, Couronne danoise, Nouveau shekel isra\u00e9lien, Dollar canadien, Dinar jordanien, Rouble russe.  <\/p>\n","protected":false},"excerpt":{"rendered":"<p>Largeurs de billets r\u00e9glables, bac \u00e0 monnaie amovible, pr\u00eat pour l&rsquo;euro, convient aux tiroirs-caisses Vasario 1416.<\/p>\n","protected":false},"featured_media":68608,"template":"","meta":{"_acf_changed":false,"content-type":""},"product_brand":[],"product_cat":[739,779,738,747,765,780,748,737],"product_tag":[],"class_list":{"0":"post-101811","1":"product","2":"type-product","3":"status-publish","4":"has-post-thumbnail","6":"product_cat-accessoires-pour-charges-lourdes","7":"product_cat-accessoires-standard","8":"product_cat-pieces-et-accessoires","9":"product_cat-serie-4000","10":"product_cat-tills-encarts","13":"product_cat-tous-les-produits","15":"first","16":"instock","17":"taxable","18":"shipping-taxable","19":"purchasable","20":"product-type-simple"},"yoast_head":"<!-- This site is optimized with the Yoast SEO Premium plugin v23.5 (Yoast SEO v27.2) - https:\/\/yoast.com\/product\/yoast-seo-premium-wordpress\/ -->\n<title>VPK-15B-4A-BX - NA Online Parts Accessories Store | apg | Cash Management Solutions<\/title>\n<meta name=\"description\" content=\"Vasario 1416 Till. SKU : VPK-15B-4A-BX. Cliquez ici pour visiter le magasin de pi\u00e8ces et d&#039;accessoires en ligne d&#039;APG Cash Drawer et achetez ces accessoires d\u00e8s aujourd&#039;hui.\" \/>\n<meta name=\"robots\" content=\"index, follow, max-snippet:-1, max-image-preview:large, max-video-preview:-1\" \/>\n<link rel=\"canonical\" href=\"https:\/\/apgsolutions.com\/fr\/store\/vpk-15b-4a-bx\/\" \/>\n<meta property=\"og:locale\" content=\"fr_FR\" \/>\n<meta property=\"og:type\" content=\"article\" \/>\n<meta property=\"og:title\" content=\"VPK-15B-4A-BX - NA Online Parts Accessories Store | apg | Cash Management Solutions\" \/>\n<meta property=\"og:description\" content=\"Vasario 1416 Till. SKU : VPK-15B-4A-BX. Cliquez ici pour visiter le magasin de pi\u00e8ces et d&#039;accessoires en ligne d&#039;APG Cash Drawer et achetez ces accessoires d\u00e8s aujourd&#039;hui.\" \/>\n<meta property=\"og:url\" content=\"https:\/\/apgsolutions.com\/fr\/store\/vpk-15b-4a-bx\/\" \/>\n<meta property=\"og:site_name\" content=\"apg\u00ae Solutions\" \/>\n<meta property=\"article:publisher\" content=\"https:\/\/www.facebook.com\/apgglobalsolutions\" \/>\n<meta property=\"og:image\" content=\"https:\/\/apgsolutions.com\/wp-content\/uploads\/2023\/07\/VPK-15B-4A-BX.jpg\" \/>\n\t<meta property=\"og:image:width\" content=\"295\" \/>\n\t<meta property=\"og:image:height\" content=\"295\" \/>\n\t<meta property=\"og:image:type\" content=\"image\/jpeg\" \/>\n<meta name=\"twitter:card\" content=\"summary_large_image\" \/>\n<meta name=\"twitter:site\" content=\"@apg_solutions\" \/>\n<script type=\"application\/ld+json\" class=\"yoast-schema-graph\">{\"@context\":\"https:\/\/schema.org\",\"@graph\":[{\"@type\":\"WebPage\",\"@id\":\"https:\/\/apgsolutions.com\/fr\/store\/vpk-15b-4a-bx\/\",\"url\":\"https:\/\/apgsolutions.com\/fr\/store\/vpk-15b-4a-bx\/\",\"name\":\"VPK-15B-4A-BX - NA Online Parts Accessories Store | apg | Cash Management Solutions\",\"isPartOf\":{\"@id\":\"https:\/\/apgsolutions.com\/fr\/#website\"},\"primaryImageOfPage\":{\"@id\":\"https:\/\/apgsolutions.com\/fr\/store\/vpk-15b-4a-bx\/#primaryimage\"},\"image\":{\"@id\":\"https:\/\/apgsolutions.com\/fr\/store\/vpk-15b-4a-bx\/#primaryimage\"},\"thumbnailUrl\":\"https:\/\/apgsolutions.com\/wp-content\/uploads\/2023\/07\/VPK-15B-4A-BX.jpg\",\"datePublished\":\"2026-01-26T14:24:52+00:00\",\"description\":\"Vasario 1416 Till. SKU : VPK-15B-4A-BX. Cliquez ici pour visiter le magasin de pi\u00e8ces et d'accessoires en ligne d'APG Cash Drawer et achetez ces accessoires d\u00e8s aujourd'hui.\",\"breadcrumb\":{\"@id\":\"https:\/\/apgsolutions.com\/fr\/store\/vpk-15b-4a-bx\/#breadcrumb\"},\"inLanguage\":\"fr-FR\",\"potentialAction\":[{\"@type\":\"ReadAction\",\"target\":[\"https:\/\/apgsolutions.com\/fr\/store\/vpk-15b-4a-bx\/\"]}]},{\"@type\":\"ImageObject\",\"inLanguage\":\"fr-FR\",\"@id\":\"https:\/\/apgsolutions.com\/fr\/store\/vpk-15b-4a-bx\/#primaryimage\",\"url\":\"https:\/\/apgsolutions.com\/wp-content\/uploads\/2023\/07\/VPK-15B-4A-BX.jpg\",\"contentUrl\":\"https:\/\/apgsolutions.com\/wp-content\/uploads\/2023\/07\/VPK-15B-4A-BX.jpg\",\"width\":295,\"height\":295,\"caption\":\"VPK-15B-4A-BX\"},{\"@type\":\"BreadcrumbList\",\"@id\":\"https:\/\/apgsolutions.com\/fr\/store\/vpk-15b-4a-bx\/#breadcrumb\",\"itemListElement\":[{\"@type\":\"ListItem\",\"position\":1,\"name\":\"U.S. Online Parts Store\",\"item\":\"https:\/\/apgsolutions.com\/store\/\"},{\"@type\":\"ListItem\",\"position\":2,\"name\":\"VPK-15B-4A-BX\"}]},{\"@type\":\"WebSite\",\"@id\":\"https:\/\/apgsolutions.com\/fr\/#website\",\"url\":\"https:\/\/apgsolutions.com\/fr\/\",\"name\":\"APG Solutions, LLC\",\"description\":\"Trust at every point.\",\"publisher\":{\"@id\":\"https:\/\/apgsolutions.com\/fr\/#organization\"},\"potentialAction\":[{\"@type\":\"SearchAction\",\"target\":{\"@type\":\"EntryPoint\",\"urlTemplate\":\"https:\/\/apgsolutions.com\/fr\/?s={search_term_string}\"},\"query-input\":{\"@type\":\"PropertyValueSpecification\",\"valueRequired\":true,\"valueName\":\"search_term_string\"}}],\"inLanguage\":\"fr-FR\"},{\"@type\":\"Organization\",\"@id\":\"https:\/\/apgsolutions.com\/fr\/#organization\",\"name\":\"APG Solution, LLC\",\"url\":\"https:\/\/apgsolutions.com\/fr\/\",\"logo\":{\"@type\":\"ImageObject\",\"inLanguage\":\"fr-FR\",\"@id\":\"https:\/\/apgsolutions.com\/fr\/#\/schema\/logo\/image\/\",\"url\":\"https:\/\/apgsolutions.com\/wp-content\/uploads\/2023\/12\/logomark-color.svg\",\"contentUrl\":\"https:\/\/apgsolutions.com\/wp-content\/uploads\/2023\/12\/logomark-color.svg\",\"width\":141,\"height\":138,\"caption\":\"APG Solution, LLC\"},\"image\":{\"@id\":\"https:\/\/apgsolutions.com\/fr\/#\/schema\/logo\/image\/\"},\"sameAs\":[\"https:\/\/www.facebook.com\/apgglobalsolutions\",\"https:\/\/x.com\/apg_solutions\",\"https:\/\/www.youtube.com\/c\/CashManagementGlobalSolutionsbyapg\",\"https:\/\/www.linkedin.com\/company\/apgglobalsolutions\/\",\"https:\/\/www.instagram.com\/apgglobalsolutions\/\",\"https:\/\/www.pinterest.com\/apgcashdrawer\/\"]}]}<\/script>\n<!-- \/ Yoast SEO Premium plugin. -->","yoast_head_json":{"title":"VPK-15B-4A-BX - NA Online Parts Accessories Store | apg | Cash Management Solutions","description":"Vasario 1416 Till. SKU : VPK-15B-4A-BX. Cliquez ici pour visiter le magasin de pi\u00e8ces et d'accessoires en ligne d'APG Cash Drawer et achetez ces accessoires d\u00e8s aujourd'hui.","robots":{"index":"index","follow":"follow","max-snippet":"max-snippet:-1","max-image-preview":"max-image-preview:large","max-video-preview":"max-video-preview:-1"},"canonical":"https:\/\/apgsolutions.com\/fr\/store\/vpk-15b-4a-bx\/","og_locale":"fr_FR","og_type":"article","og_title":"VPK-15B-4A-BX - NA Online Parts Accessories Store | apg | Cash Management Solutions","og_description":"Vasario 1416 Till. SKU : VPK-15B-4A-BX. Cliquez ici pour visiter le magasin de pi\u00e8ces et d'accessoires en ligne d'APG Cash Drawer et achetez ces accessoires d\u00e8s aujourd'hui.","og_url":"https:\/\/apgsolutions.com\/fr\/store\/vpk-15b-4a-bx\/","og_site_name":"apg\u00ae Solutions","article_publisher":"https:\/\/www.facebook.com\/apgglobalsolutions","og_image":[{"width":295,"height":295,"url":"https:\/\/apgsolutions.com\/wp-content\/uploads\/2023\/07\/VPK-15B-4A-BX.jpg","type":"image\/jpeg"}],"twitter_card":"summary_large_image","twitter_site":"@apg_solutions","schema":{"@context":"https:\/\/schema.org","@graph":[{"@type":"WebPage","@id":"https:\/\/apgsolutions.com\/fr\/store\/vpk-15b-4a-bx\/","url":"https:\/\/apgsolutions.com\/fr\/store\/vpk-15b-4a-bx\/","name":"VPK-15B-4A-BX - NA Online Parts Accessories Store | apg | Cash Management Solutions","isPartOf":{"@id":"https:\/\/apgsolutions.com\/fr\/#website"},"primaryImageOfPage":{"@id":"https:\/\/apgsolutions.com\/fr\/store\/vpk-15b-4a-bx\/#primaryimage"},"image":{"@id":"https:\/\/apgsolutions.com\/fr\/store\/vpk-15b-4a-bx\/#primaryimage"},"thumbnailUrl":"https:\/\/apgsolutions.com\/wp-content\/uploads\/2023\/07\/VPK-15B-4A-BX.jpg","datePublished":"2026-01-26T14:24:52+00:00","description":"Vasario 1416 Till. SKU : VPK-15B-4A-BX. Cliquez ici pour visiter le magasin de pi\u00e8ces et d'accessoires en ligne d'APG Cash Drawer et achetez ces accessoires d\u00e8s aujourd'hui.","breadcrumb":{"@id":"https:\/\/apgsolutions.com\/fr\/store\/vpk-15b-4a-bx\/#breadcrumb"},"inLanguage":"fr-FR","potentialAction":[{"@type":"ReadAction","target":["https:\/\/apgsolutions.com\/fr\/store\/vpk-15b-4a-bx\/"]}]},{"@type":"ImageObject","inLanguage":"fr-FR","@id":"https:\/\/apgsolutions.com\/fr\/store\/vpk-15b-4a-bx\/#primaryimage","url":"https:\/\/apgsolutions.com\/wp-content\/uploads\/2023\/07\/VPK-15B-4A-BX.jpg","contentUrl":"https:\/\/apgsolutions.com\/wp-content\/uploads\/2023\/07\/VPK-15B-4A-BX.jpg","width":295,"height":295,"caption":"VPK-15B-4A-BX"},{"@type":"BreadcrumbList","@id":"https:\/\/apgsolutions.com\/fr\/store\/vpk-15b-4a-bx\/#breadcrumb","itemListElement":[{"@type":"ListItem","position":1,"name":"U.S. Online Parts Store","item":"https:\/\/apgsolutions.com\/store\/"},{"@type":"ListItem","position":2,"name":"VPK-15B-4A-BX"}]},{"@type":"WebSite","@id":"https:\/\/apgsolutions.com\/fr\/#website","url":"https:\/\/apgsolutions.com\/fr\/","name":"APG Solutions, LLC","description":"Trust at every point.","publisher":{"@id":"https:\/\/apgsolutions.com\/fr\/#organization"},"potentialAction":[{"@type":"SearchAction","target":{"@type":"EntryPoint","urlTemplate":"https:\/\/apgsolutions.com\/fr\/?s={search_term_string}"},"query-input":{"@type":"PropertyValueSpecification","valueRequired":true,"valueName":"search_term_string"}}],"inLanguage":"fr-FR"},{"@type":"Organization","@id":"https:\/\/apgsolutions.com\/fr\/#organization","name":"APG Solution, LLC","url":"https:\/\/apgsolutions.com\/fr\/","logo":{"@type":"ImageObject","inLanguage":"fr-FR","@id":"https:\/\/apgsolutions.com\/fr\/#\/schema\/logo\/image\/","url":"https:\/\/apgsolutions.com\/wp-content\/uploads\/2023\/12\/logomark-color.svg","contentUrl":"https:\/\/apgsolutions.com\/wp-content\/uploads\/2023\/12\/logomark-color.svg","width":141,"height":138,"caption":"APG Solution, LLC"},"image":{"@id":"https:\/\/apgsolutions.com\/fr\/#\/schema\/logo\/image\/"},"sameAs":["https:\/\/www.facebook.com\/apgglobalsolutions","https:\/\/x.com\/apg_solutions","https:\/\/www.youtube.com\/c\/CashManagementGlobalSolutionsbyapg","https:\/\/www.linkedin.com\/company\/apgglobalsolutions\/","https:\/\/www.instagram.com\/apgglobalsolutions\/","https:\/\/www.pinterest.com\/apgcashdrawer\/"]}]}},"acf":[],"_links":{"self":[{"href":"https:\/\/apgsolutions.com\/fr\/wp-json\/wp\/v2\/product\/101811","targetHints":{"allow":["GET"]}}],"collection":[{"href":"https:\/\/apgsolutions.com\/fr\/wp-json\/wp\/v2\/product"}],"about":[{"href":"https:\/\/apgsolutions.com\/fr\/wp-json\/wp\/v2\/types\/product"}],"wp:featuredmedia":[{"embeddable":true,"href":"https:\/\/apgsolutions.com\/fr\/wp-json\/wp\/v2\/media\/68608"}],"wp:attachment":[{"href":"https:\/\/apgsolutions.com\/fr\/wp-json\/wp\/v2\/media?parent=101811"}],"wp:term":[{"taxonomy":"product_brand","embeddable":true,"href":"https:\/\/apgsolutions.com\/fr\/wp-json\/wp\/v2\/product_brand?post=101811"},{"taxonomy":"product_cat","embeddable":true,"href":"https:\/\/apgsolutions.com\/fr\/wp-json\/wp\/v2\/product_cat?post=101811"},{"taxonomy":"product_tag","embeddable":true,"href":"https:\/\/apgsolutions.com\/fr\/wp-json\/wp\/v2\/product_tag?post=101811"}],"curies":[{"name":"wp","href":"https:\/\/api.w.org\/{rel}","templated":true}]}}