{"id":105499,"date":"2026-03-18T16:23:33","date_gmt":"2026-03-18T16:23:33","guid":{"rendered":"https:\/\/apgsolutions.com\/medicinal-cannabis-industry\/"},"modified":"2026-04-16T14:35:33","modified_gmt":"2026-04-16T14:35:33","slug":"medicinal-cannabis-industry","status":"publish","type":"page","link":"https:\/\/apgsolutions.com\/it\/industry\/medicinal-cannabis\/","title":{"rendered":"Soluzioni POS e cassetti per la cannabis terapeutica"},"content":{"rendered":"<div class=\"section_page-header \">\n    <img decoding=\"async\" class=\"header-image\" src=\"https:\/\/apgsolutions.com\/wp-content\/uploads\/2023\/07\/Cannabis-Header-Image.jpg\" alt=\"Medicinal Cannabis\" title=\"Medicinal Cannabis\">\n            <div class=\"header-content\">\n            <h1>POS Solutions &amp; Cash Drawers for Medicinal Cannabis<\/h1>\n        <\/div>\n    <\/div>\n<div class=\"wp-block-group pos-content-div is-vertical is-content-justification-center is-layout-flex wp-container-core-group-is-layout-4b2eccd6 wp-block-group-is-layout-flex\">\n<div style=\"height:0px\" aria-hidden=\"true\" class=\"wp-block-spacer wp-container-content-b83b6736\"><\/div>\n\n\n\n<div class=\"wp-block-group is-vertical is-content-justification-center is-nowrap is-layout-flex wp-container-core-group-is-layout-e862386f wp-block-group-is-layout-flex\">\n<p class=\"has-text-align-center has-large-font-size\"><strong>La crescente necessit\u00e0 di cassetti per contanti durevoli e affidabili<\/strong><\/p>\n\n\n\n<div style=\"height:0px\" aria-hidden=\"true\" class=\"wp-block-spacer wp-container-content-5082a153\"><\/div>\n\n\n\n<p class=\"has-text-align-center\">La legislazione federale impone ai dispensari di cannabis statunitensi di gestire tutte le transazioni in contanti, il che rappresenta una sfida operativa significativa. La gestione del contante in questo ambiente richiede molto lavoro ed \u00e8 soggetta a errori, a meno che i commercianti non abbiano accesso a <a href=\"https:\/\/apgsolutions.com\/it\/products\/\">soluzioni POS<\/a> e di <a href=\"https:\/\/apgsolutions.com\/it\/products\/smarttill-solution-suite\/\">gestione del contante<\/a> affidabili per garantire operazioni commerciali senza intoppi. Una gestione efficace del contante \u00e8 fondamentale per i commercianti di cannabis che vogliono mantenere la conformit\u00e0 e la redditivit\u00e0.  <\/p>\n\n\n\n<p class=\"has-text-align-center\">apg\u00ae \u00e8 specializzata in cassetti per contanti ad alta capacit\u00e0, soluzioni avanzate per la gestione del contante e riciclatori di denaro contante, studiati su misura per rispondere alle sfide uniche delle imprese del settore della cannabis. Le nostre tecnologie innovative semplificano i processi di gestione del contante, migliorano la sicurezza e ottimizzano l&#8217;efficienza, consentendo ai commercianti di cannabis di concentrarsi sulla crescita e sulla soddisfazione dei clienti. <\/p>\n<\/div>\n\n\n\n<div style=\"height:0px\" aria-hidden=\"true\" class=\"wp-block-spacer wp-container-content-b83b6736\"><\/div>\n\n\n\n<div class=\"wp-block-group is-vertical is-layout-flex wp-container-core-group-is-layout-8cf370e7 wp-block-group-is-layout-flex\">\n<p style=\"font-size:30px\"><strong>Fatti e statistiche<\/strong><\/p>\n\n\n\n<div style=\"height:0px\" aria-hidden=\"true\" class=\"wp-block-spacer wp-container-content-5082a153\"><\/div>\n<\/div>\n\n\n\n<div class=\"wp-block-columns is-layout-flex wp-container-core-columns-is-layout-9d6595d7 wp-block-columns-is-layout-flex\">\n<div class=\"wp-block-column pos-card-box has-background is-layout-flow wp-block-column-is-layout-flow\" style=\"background-color:#fcfaf7;flex-basis:360px\">\n<div style=\"height:1rem\" aria-hidden=\"true\" class=\"wp-block-spacer\"><\/div>\n\n\n<div class=\"wp-block-image\">\n<figure class=\"aligncenter size-full\"><img decoding=\"async\" width=\"80\" height=\"80\" src=\"https:\/\/apgsolutions.com\/wp-content\/uploads\/2023\/07\/Growth_Light-Blue.png\" alt=\"Attivit&#xE0; con licenza&#010;\" class=\"wp-image-69003\" style=\"object-fit:cover\" \/><\/figure>\n<\/div>\n\n\n<h3 class=\"wp-block-heading has-text-align-center\" id=\"h-licensed-business\">Attivit\u00e0 con licenza<\/h3>\n\n\n\n<p class=\"has-text-align-center\">Attualmente ci sono 15.000 dispensari di cannabis negli Stati Uniti | Pew Research<\/p>\n\n\n\n<div style=\"height:1rem\" aria-hidden=\"true\" class=\"wp-block-spacer\"><\/div>\n<\/div>\n\n\n\n<div class=\"wp-block-column pos-card-box has-background is-layout-flow wp-block-column-is-layout-flow\" style=\"background-color:#fcfaf7;flex-basis:360px\">\n<div style=\"height:1rem\" aria-hidden=\"true\" class=\"wp-block-spacer\"><\/div>\n\n\n<div class=\"wp-block-image\">\n<figure class=\"aligncenter size-full\"><img decoding=\"async\" width=\"80\" height=\"80\" src=\"https:\/\/apgsolutions.com\/wp-content\/uploads\/2023\/07\/Cannabis-Leaf_White-b.png\" alt=\"Legalizzazione della cannabis\" class=\"wp-image-68989\" style=\"object-fit:cover\" \/><\/figure>\n<\/div>\n\n\n<h3 class=\"wp-block-heading has-text-align-center\" id=\"h-cannabis-legalization\">Legalizzazione della cannabis<\/h3>\n\n\n\n<p class=\"has-text-align-center\">Ad aprile 2024, 24 Stati avranno legalizzato il consumo di cannabis a scopo ricreativo negli Stati Uniti.<\/p>\n\n\n\n<div style=\"height:1rem\" aria-hidden=\"true\" class=\"wp-block-spacer\"><\/div>\n<\/div>\n\n\n\n<div class=\"wp-block-column pos-card-box has-background is-layout-flow wp-block-column-is-layout-flow\" style=\"background-color:#fcfaf7;flex-basis:360px\">\n<div style=\"height:1rem\" aria-hidden=\"true\" class=\"wp-block-spacer\"><\/div>\n\n\n<div class=\"wp-block-image\">\n<figure class=\"aligncenter size-full\"><img decoding=\"async\" width=\"80\" height=\"80\" src=\"https:\/\/apgsolutions.com\/wp-content\/uploads\/2023\/07\/Money-Growth_Light-Blue.png\" alt=\"Principale fonte di entrate Icona\" class=\"wp-image-68978\" style=\"object-fit:cover\" \/><\/figure>\n<\/div>\n\n\n<h3 class=\"wp-block-heading has-text-align-center\" id=\"h-growth-potential\">Potenziale di crescita<\/h3>\n\n\n\n<p class=\"has-text-align-center\">Si prevede che il fatturato raggiunger\u00e0 i 42,98 miliardi di dollari nel 2024 | Statista<\/p>\n\n\n\n<div style=\"height:16px\" aria-hidden=\"true\" class=\"wp-block-spacer\"><\/div>\n<\/div>\n<\/div>\n\n\n\n<div style=\"height:0px\" aria-hidden=\"true\" class=\"wp-block-spacer wp-container-content-b83b6736\"><\/div>\n\n\n\n<div class=\"wp-block-group is-vertical is-layout-flex wp-container-core-group-is-layout-8cf370e7 wp-block-group-is-layout-flex\">\n<p style=\"font-size:30px\"><strong>I nostri cassetti consigliati per l&#8217;industria della cannabis terapeutica<\/strong><\/p>\n\n\n\n<div style=\"height:0px\" aria-hidden=\"true\" class=\"wp-block-spacer wp-container-content-2cb1e7d4\"><\/div>\n<\/div>\n\n\n\n<div class=\"wp-block-columns is-layout-flex wp-container-core-columns-is-layout-9d6595d7 wp-block-columns-is-layout-flex\">\n<div class=\"wp-block-column is-layout-flow wp-block-column-is-layout-flow\">\n<div style=\"height:1rem\" aria-hidden=\"true\" class=\"wp-block-spacer\"><\/div>\n\n\n<div class=\"wp-block-image\">\n<figure class=\"aligncenter size-full is-resized\"><img loading=\"lazy\" decoding=\"async\" width=\"280\" height=\"210\" src=\"https:\/\/apgsolutions.com\/wp-content\/uploads\/2023\/06\/Vasario-VBxxx-BL1616-Closed-Left.jpg\" alt=\"Cassetto per contanti serie Vasario\" class=\"wp-image-62747\" style=\"width:186px\" \/><\/figure>\n<\/div>\n\n\n<h3 class=\"wp-block-heading has-text-align-center\" id=\"h-vasario-series-cash-drawer\">Cassetto per contanti serie Vasario<\/h3>\n\n\n\n<p class=\"has-text-align-left\">Per una soluzione conveniente, prendi in considerazione il <a href=\"https:\/\/apgsolutions.com\/products\/cash-drawers\/standard-duty\/vasario\">cassetto portavalori Vasario<\/a>. Costruito per soddisfare le esigenze dei dispensari, il cassetto portavalori Vasario \u00e8 disponibile in varie dimensioni per adattarsi alla tua configurazione specifica.   <\/p>\n\n\n\n<p class=\"has-text-align-left\">Con una durata testata per superare un milione di transazioni, il cassetto per contanti Vasario assicura operazioni fluide ed efficienti.<\/p>\n\n\n\n<div style=\"height:1rem\" aria-hidden=\"true\" class=\"wp-block-spacer\"><\/div>\n<\/div>\n\n\n\n<div class=\"wp-block-column is-layout-flow wp-block-column-is-layout-flow\">\n<div style=\"height:1rem\" aria-hidden=\"true\" class=\"wp-block-spacer\"><\/div>\n\n\n<div class=\"wp-block-image\">\n<figure class=\"aligncenter size-full is-resized\"><img decoding=\"async\" src=\"https:\/\/apgsolutions.com\/wp-content\/uploads\/2024\/09\/Series-100.png\" alt=\"Cassetto per contanti Serie 100\" class=\"wp-image-86680\" style=\"width:186px\" \/><\/figure>\n<\/div>\n\n\n<h3 class=\"wp-block-heading has-text-align-center\" id=\"h-series-100-cash-drawer\">Cassetto Serie 100<\/h3>\n\n\n\n<p class=\"has-text-align-left\">La <a href=\"https:\/\/apgsolutions.com\/products\/cash-drawers\/heavy-duty\/series-100\/\">Serie 100<\/a> \u00e8 ideale per le esigenze dell&#8217;industria della cannabis, in quanto offre un ampio spazio di archiviazione con un profondo scomparto sotto la soglia progettato per contenere rotoli di monete e valuta confezionata.<\/p>\n\n\n\n<p class=\"has-text-align-left\">Testata per durare oltre quattro milioni di transazioni, la Serie 100 \u00e8 in grado di resistere ai grandi volumi di transazioni dei dispensari.<\/p>\n\n\n\n<div style=\"height:1rem\" aria-hidden=\"true\" class=\"wp-block-spacer\"><\/div>\n<\/div>\n<\/div>\n<\/div>\n","protected":false},"excerpt":{"rendered":"<p>La crescente necessit\u00e0 di cassetti per contanti durevoli e affidabili La legislazione federale impone ai dispensari di cannabis statunitensi di gestire tutte le transazioni in contanti, il che rappresenta una sfida operativa significativa. La gestione del contante in questo ambiente richiede molto lavoro ed \u00e8 soggetta a errori, a meno che i commercianti non abbiano [&hellip;]<\/p>\n","protected":false},"author":4,"featured_media":0,"parent":0,"menu_order":0,"comment_status":"closed","ping_status":"closed","template":"","meta":{"_acf_changed":false,"content-type":"","footnotes":""},"class_list":["post-105499","page","type-page","status-publish"],"yoast_head":"<!-- This site is optimized with the Yoast SEO Premium plugin v23.5 (Yoast SEO v27.2) - https:\/\/yoast.com\/product\/yoast-seo-premium-wordpress\/ -->\n<title>Soluzioni POS per la cannabis terapeutica - Cassetti per la cannabis terapeutica | apg\u00ae<\/title>\n<meta name=\"description\" content=\"Un cassetto per i contanti \u00e8 essenziale in tutti i dispensari di cannabis. Scopri le soluzioni e i prodotti POS consigliati da APG per il tuo ambiente di vendita al dettaglio.\" \/>\n<meta name=\"robots\" content=\"index, follow, max-snippet:-1, max-image-preview:large, max-video-preview:-1\" \/>\n<link rel=\"canonical\" href=\"https:\/\/apgsolutions.com\/it\/industry\/medicinal-cannabis\/\" \/>\n<meta property=\"og:locale\" content=\"it_IT\" \/>\n<meta property=\"og:type\" content=\"article\" \/>\n<meta property=\"og:title\" content=\"Soluzioni POS per la cannabis terapeutica - Cassetti per la cannabis terapeutica | apg\u00ae\" \/>\n<meta property=\"og:description\" content=\"Un cassetto per i contanti \u00e8 essenziale in tutti i dispensari di cannabis. Scopri le soluzioni e i prodotti POS consigliati da APG per il tuo ambiente di vendita al dettaglio.\" \/>\n<meta property=\"og:url\" content=\"https:\/\/apgsolutions.com\/it\/industry\/medicinal-cannabis\/\" \/>\n<meta property=\"og:site_name\" content=\"apg\u00ae Solutions\" \/>\n<meta property=\"article:publisher\" content=\"https:\/\/www.facebook.com\/apgglobalsolutions\" \/>\n<meta property=\"article:modified_time\" content=\"2026-04-16T14:35:33+00:00\" \/>\n<meta property=\"og:image\" content=\"https:\/\/apgsolutions.com\/wp-content\/uploads\/2023\/07\/Growth_Light-Blue.png\" \/>\n<meta name=\"twitter:card\" content=\"summary_large_image\" \/>\n<meta name=\"twitter:site\" content=\"@apg_solutions\" \/>\n<meta name=\"twitter:label1\" content=\"Tempo di lettura stimato\" \/>\n\t<meta name=\"twitter:data1\" content=\"3 minuti\" \/>\n<script type=\"application\/ld+json\" class=\"yoast-schema-graph\">{\"@context\":\"https:\/\/schema.org\",\"@graph\":[{\"@type\":\"WebPage\",\"@id\":\"https:\/\/apgsolutions.com\/it\/industry\/medicinal-cannabis\/\",\"url\":\"https:\/\/apgsolutions.com\/it\/industry\/medicinal-cannabis\/\",\"name\":\"Soluzioni POS per la cannabis terapeutica - Cassetti per la cannabis terapeutica | apg\u00ae\",\"isPartOf\":{\"@id\":\"https:\/\/apgsolutions.com\/it\/#website\"},\"primaryImageOfPage\":{\"@id\":\"https:\/\/apgsolutions.com\/it\/industry\/medicinal-cannabis\/#primaryimage\"},\"image\":{\"@id\":\"https:\/\/apgsolutions.com\/it\/industry\/medicinal-cannabis\/#primaryimage\"},\"thumbnailUrl\":\"https:\/\/apgsolutions.com\/wp-content\/uploads\/2023\/07\/Growth_Light-Blue.png\",\"datePublished\":\"2026-03-18T16:23:33+00:00\",\"dateModified\":\"2026-04-16T14:35:33+00:00\",\"description\":\"Un cassetto per i contanti \u00e8 essenziale in tutti i dispensari di cannabis. Scopri le soluzioni e i prodotti POS consigliati da APG per il tuo ambiente di vendita al dettaglio.\",\"inLanguage\":\"it-IT\",\"potentialAction\":[{\"@type\":\"ReadAction\",\"target\":[\"https:\/\/apgsolutions.com\/it\/industry\/medicinal-cannabis\/\"]}]},{\"@type\":\"ImageObject\",\"inLanguage\":\"it-IT\",\"@id\":\"https:\/\/apgsolutions.com\/it\/industry\/medicinal-cannabis\/#primaryimage\",\"url\":\"https:\/\/apgsolutions.com\/wp-content\/uploads\/2023\/07\/Growth_Light-Blue.png\",\"contentUrl\":\"https:\/\/apgsolutions.com\/wp-content\/uploads\/2023\/07\/Growth_Light-Blue.png\"},{\"@type\":\"WebSite\",\"@id\":\"https:\/\/apgsolutions.com\/it\/#website\",\"url\":\"https:\/\/apgsolutions.com\/it\/\",\"name\":\"APG Solutions, LLC\",\"description\":\"Trust at every point.\",\"publisher\":{\"@id\":\"https:\/\/apgsolutions.com\/it\/#organization\"},\"potentialAction\":[{\"@type\":\"SearchAction\",\"target\":{\"@type\":\"EntryPoint\",\"urlTemplate\":\"https:\/\/apgsolutions.com\/it\/?s={search_term_string}\"},\"query-input\":{\"@type\":\"PropertyValueSpecification\",\"valueRequired\":true,\"valueName\":\"search_term_string\"}}],\"inLanguage\":\"it-IT\"},{\"@type\":\"Organization\",\"@id\":\"https:\/\/apgsolutions.com\/it\/#organization\",\"name\":\"APG Solution, LLC\",\"url\":\"https:\/\/apgsolutions.com\/it\/\",\"logo\":{\"@type\":\"ImageObject\",\"inLanguage\":\"it-IT\",\"@id\":\"https:\/\/apgsolutions.com\/it\/#\/schema\/logo\/image\/\",\"url\":\"https:\/\/apgsolutions.com\/wp-content\/uploads\/2023\/12\/logomark-color.svg\",\"contentUrl\":\"https:\/\/apgsolutions.com\/wp-content\/uploads\/2023\/12\/logomark-color.svg\",\"width\":141,\"height\":138,\"caption\":\"APG Solution, LLC\"},\"image\":{\"@id\":\"https:\/\/apgsolutions.com\/it\/#\/schema\/logo\/image\/\"},\"sameAs\":[\"https:\/\/www.facebook.com\/apgglobalsolutions\",\"https:\/\/x.com\/apg_solutions\",\"https:\/\/www.youtube.com\/c\/CashManagementGlobalSolutionsbyapg\",\"https:\/\/www.linkedin.com\/company\/apgglobalsolutions\/\",\"https:\/\/www.instagram.com\/apgglobalsolutions\/\",\"https:\/\/www.pinterest.com\/apgcashdrawer\/\"]}]}<\/script>\n<!-- \/ Yoast SEO Premium plugin. -->","yoast_head_json":{"title":"Soluzioni POS per la cannabis terapeutica - Cassetti per la cannabis terapeutica | apg\u00ae","description":"Un cassetto per i contanti \u00e8 essenziale in tutti i dispensari di cannabis. Scopri le soluzioni e i prodotti POS consigliati da APG per il tuo ambiente di vendita al dettaglio.","robots":{"index":"index","follow":"follow","max-snippet":"max-snippet:-1","max-image-preview":"max-image-preview:large","max-video-preview":"max-video-preview:-1"},"canonical":"https:\/\/apgsolutions.com\/it\/industry\/medicinal-cannabis\/","og_locale":"it_IT","og_type":"article","og_title":"Soluzioni POS per la cannabis terapeutica - Cassetti per la cannabis terapeutica | apg\u00ae","og_description":"Un cassetto per i contanti \u00e8 essenziale in tutti i dispensari di cannabis. Scopri le soluzioni e i prodotti POS consigliati da APG per il tuo ambiente di vendita al dettaglio.","og_url":"https:\/\/apgsolutions.com\/it\/industry\/medicinal-cannabis\/","og_site_name":"apg\u00ae Solutions","article_publisher":"https:\/\/www.facebook.com\/apgglobalsolutions","article_modified_time":"2026-04-16T14:35:33+00:00","og_image":[{"url":"https:\/\/apgsolutions.com\/wp-content\/uploads\/2023\/07\/Growth_Light-Blue.png","type":"","width":"","height":""}],"twitter_card":"summary_large_image","twitter_site":"@apg_solutions","twitter_misc":{"Tempo di lettura stimato":"3 minuti"},"schema":{"@context":"https:\/\/schema.org","@graph":[{"@type":"WebPage","@id":"https:\/\/apgsolutions.com\/it\/industry\/medicinal-cannabis\/","url":"https:\/\/apgsolutions.com\/it\/industry\/medicinal-cannabis\/","name":"Soluzioni POS per la cannabis terapeutica - Cassetti per la cannabis terapeutica | apg\u00ae","isPartOf":{"@id":"https:\/\/apgsolutions.com\/it\/#website"},"primaryImageOfPage":{"@id":"https:\/\/apgsolutions.com\/it\/industry\/medicinal-cannabis\/#primaryimage"},"image":{"@id":"https:\/\/apgsolutions.com\/it\/industry\/medicinal-cannabis\/#primaryimage"},"thumbnailUrl":"https:\/\/apgsolutions.com\/wp-content\/uploads\/2023\/07\/Growth_Light-Blue.png","datePublished":"2026-03-18T16:23:33+00:00","dateModified":"2026-04-16T14:35:33+00:00","description":"Un cassetto per i contanti \u00e8 essenziale in tutti i dispensari di cannabis. Scopri le soluzioni e i prodotti POS consigliati da APG per il tuo ambiente di vendita al dettaglio.","inLanguage":"it-IT","potentialAction":[{"@type":"ReadAction","target":["https:\/\/apgsolutions.com\/it\/industry\/medicinal-cannabis\/"]}]},{"@type":"ImageObject","inLanguage":"it-IT","@id":"https:\/\/apgsolutions.com\/it\/industry\/medicinal-cannabis\/#primaryimage","url":"https:\/\/apgsolutions.com\/wp-content\/uploads\/2023\/07\/Growth_Light-Blue.png","contentUrl":"https:\/\/apgsolutions.com\/wp-content\/uploads\/2023\/07\/Growth_Light-Blue.png"},{"@type":"WebSite","@id":"https:\/\/apgsolutions.com\/it\/#website","url":"https:\/\/apgsolutions.com\/it\/","name":"APG Solutions, LLC","description":"Trust at every point.","publisher":{"@id":"https:\/\/apgsolutions.com\/it\/#organization"},"potentialAction":[{"@type":"SearchAction","target":{"@type":"EntryPoint","urlTemplate":"https:\/\/apgsolutions.com\/it\/?s={search_term_string}"},"query-input":{"@type":"PropertyValueSpecification","valueRequired":true,"valueName":"search_term_string"}}],"inLanguage":"it-IT"},{"@type":"Organization","@id":"https:\/\/apgsolutions.com\/it\/#organization","name":"APG Solution, LLC","url":"https:\/\/apgsolutions.com\/it\/","logo":{"@type":"ImageObject","inLanguage":"it-IT","@id":"https:\/\/apgsolutions.com\/it\/#\/schema\/logo\/image\/","url":"https:\/\/apgsolutions.com\/wp-content\/uploads\/2023\/12\/logomark-color.svg","contentUrl":"https:\/\/apgsolutions.com\/wp-content\/uploads\/2023\/12\/logomark-color.svg","width":141,"height":138,"caption":"APG Solution, LLC"},"image":{"@id":"https:\/\/apgsolutions.com\/it\/#\/schema\/logo\/image\/"},"sameAs":["https:\/\/www.facebook.com\/apgglobalsolutions","https:\/\/x.com\/apg_solutions","https:\/\/www.youtube.com\/c\/CashManagementGlobalSolutionsbyapg","https:\/\/www.linkedin.com\/company\/apgglobalsolutions\/","https:\/\/www.instagram.com\/apgglobalsolutions\/","https:\/\/www.pinterest.com\/apgcashdrawer\/"]}]}},"acf":[],"_links":{"self":[{"href":"https:\/\/apgsolutions.com\/it\/wp-json\/wp\/v2\/pages\/105499","targetHints":{"allow":["GET"]}}],"collection":[{"href":"https:\/\/apgsolutions.com\/it\/wp-json\/wp\/v2\/pages"}],"about":[{"href":"https:\/\/apgsolutions.com\/it\/wp-json\/wp\/v2\/types\/page"}],"author":[{"embeddable":true,"href":"https:\/\/apgsolutions.com\/it\/wp-json\/wp\/v2\/users\/4"}],"replies":[{"embeddable":true,"href":"https:\/\/apgsolutions.com\/it\/wp-json\/wp\/v2\/comments?post=105499"}],"version-history":[{"count":3,"href":"https:\/\/apgsolutions.com\/it\/wp-json\/wp\/v2\/pages\/105499\/revisions"}],"predecessor-version":[{"id":106002,"href":"https:\/\/apgsolutions.com\/it\/wp-json\/wp\/v2\/pages\/105499\/revisions\/106002"}],"wp:attachment":[{"href":"https:\/\/apgsolutions.com\/it\/wp-json\/wp\/v2\/media?parent=105499"}],"curies":[{"name":"wp","href":"https:\/\/api.w.org\/{rel}","templated":true}]}}