{"id":105579,"date":"2026-03-18T16:23:39","date_gmt":"2026-03-18T16:23:39","guid":{"rendered":"https:\/\/apgsolutions.com\/bakery-point-of-sale-solutions\/"},"modified":"2026-03-18T16:27:08","modified_gmt":"2026-03-18T16:27:08","slug":"bakery-point-of-sale-solutions","status":"publish","type":"page","link":"https:\/\/apgsolutions.com\/it\/bakery-point-of-sale-solutions\/","title":{"rendered":"Soluzioni POS e cassetti di cassa per panifici"},"content":{"rendered":"<div class=\"section_page-header \">\n    <img decoding=\"async\" class=\"header-image\" src=\"https:\/\/apgsolutions.com\/wp-content\/uploads\/2023\/07\/Bakery-POS-Solutions.jpg\" alt=\"Bakery-POS-Solutions\" title=\"Bakery-POS-Solutions\">\n            <div class=\"header-content\">\n            <h1>POS Solutions &amp; Cash Drawers for Bakeries<\/h1>\n        <\/div>\n    <\/div>\n<div class=\"wp-block-group pos-content-div is-vertical is-content-justification-center is-layout-flex wp-container-core-group-is-layout-4b2eccd6 wp-block-group-is-layout-flex\">\n<div style=\"height:0px\" aria-hidden=\"true\" class=\"wp-block-spacer wp-container-content-b83b6736\"><\/div>\n\n\n\n<div class=\"wp-block-group is-vertical is-content-justification-center is-nowrap is-layout-flex wp-container-core-group-is-layout-e862386f wp-block-group-is-layout-flex\">\n<p class=\"has-text-align-center has-large-font-size\"><strong>Opportunit\u00e0 in crescita per l&#8217;industria della panificazione<\/strong><\/p>\n\n\n\n<div style=\"height:0px\" aria-hidden=\"true\" class=\"wp-block-spacer wp-container-content-5082a153\"><\/div>\n\n\n\n<p class=\"has-text-align-center\">In Europa, l&#8217;industria dei prodotti da forno \u00e8 fondamentale per il mercato: il pane, le pasticcerie e i caff\u00e8 svolgono un ruolo fondamentale nella cultura di molte nazioni. Nel 2021, il consumo totale di prodotti da forno \u00e8 stato di 38 milioni di tonnellate in 29 paesi europei. L&#8217;industria dei prodotti da forno \u00e8 ben consolidata e offre una variet\u00e0 di prodotti con canali di distribuzione, normative, piattaforme di innovazione e preferenze dei consumatori affidabili. Il settore dei prodotti da forno rimarr\u00e0 uno dei mercati pi\u00f9 importanti al mondo anche nei prossimi anni.   <\/p>\n\n\n\n<p class=\"has-text-align-center\">Le transazioni in contanti svolgono un ruolo fondamentale nelle panetterie europee, ma possono rallentare il servizio se non vengono gestite in modo efficiente. La convenienza \u00e8 un fattore importante per gli europei quando si tratta di scegliere il cibo e le generazioni pi\u00f9 giovani sono alla ricerca di prodotti freschi, biologici e artigianali da acquistare in viaggio. Con le elevate aspettative di servizio dei clienti, \u00e8 importante che le panetterie gestiscano le transazioni in modo accurato ed efficiente, altrimenti rischiano di perdere terreno rispetto alla concorrenza.  <\/p>\n\n\n\n<p class=\"has-text-align-center\">L&#8217;industria europea della panificazione \u00e8 guidata da frequenti innovazioni tecnologiche e dall&#8217;evoluzione delle preferenze dei consumatori. In un settore in cui molte transazioni vengono effettuate in contanti, le panetterie dovrebbero prendere in considerazione l&#8217;idea di investire in <a href=\"https:\/\/apgsolutions.com\/it\/products\/smarttill-solution-suite\/\">soluzioni di gestione del contante<\/a> progettate per fornire una protezione aggiuntiva all&#8217;ingresso in ambienti in cui sono presenti detriti eccessivi come briciole, zucchero e potenzialmente fuoriuscite di liquidi. Queste soluzioni possono facilitare un grande volume di transazioni in contanti, garantendo prestazioni costanti in ambienti ad alto turnover e migliorando l&#8217;esperienza di cassa in un ambiente frenetico.  <\/p>\n\n\n\n<p class=\"has-text-align-center\"><\/p>\n<\/div>\n\n\n\n<div style=\"height:0px\" aria-hidden=\"true\" class=\"wp-block-spacer wp-container-content-b83b6736\"><\/div>\n\n\n\n<div class=\"wp-block-group is-vertical is-layout-flex wp-container-core-group-is-layout-8cf370e7 wp-block-group-is-layout-flex\">\n<p style=\"font-size:30px\"><strong>Fatti e statistiche<\/strong><\/p>\n\n\n\n<div style=\"height:0px\" aria-hidden=\"true\" class=\"wp-block-spacer wp-container-content-5082a153\"><\/div>\n<\/div>\n\n\n\n<div class=\"wp-block-columns is-layout-flex wp-container-core-columns-is-layout-9d6595d7 wp-block-columns-is-layout-flex\">\n<div class=\"wp-block-column pos-card-box has-background is-layout-flow wp-block-column-is-layout-flow\" style=\"background-color:#fcfaf7;flex-basis:360px\">\n<div style=\"height:1rem\" aria-hidden=\"true\" class=\"wp-block-spacer\"><\/div>\n\n\n<div class=\"wp-block-image\">\n<figure class=\"aligncenter size-full\"><img decoding=\"async\" width=\"80\" height=\"80\" src=\"https:\/\/apgsolutions.com\/wp-content\/uploads\/2023\/07\/Money-Growth_Light-Blue.png\" alt=\"Principale fonte di entrate Icona\" class=\"wp-image-68978\" style=\"object-fit:cover\" \/><\/figure>\n<\/div>\n\n\n<h3 class=\"wp-block-heading has-text-align-center\" id=\"h-growth\">Crescita<\/h3>\n\n\n\n<p class=\"has-text-align-center\">L&#8217;industria della panificazione ha un impatto economico complessivo di oltre 186 miliardi di dollari negli Stati Uniti.<\/p>\n\n\n\n<div style=\"height:1rem\" aria-hidden=\"true\" class=\"wp-block-spacer\"><\/div>\n<\/div>\n\n\n\n<div class=\"wp-block-column pos-card-box has-background is-layout-flow wp-block-column-is-layout-flow\" style=\"background-color:#fcfaf7;flex-basis:360px\">\n<div style=\"height:1rem\" aria-hidden=\"true\" class=\"wp-block-spacer\"><\/div>\n\n\n<div class=\"wp-block-image\">\n<figure class=\"aligncenter size-full\"><img decoding=\"async\" width=\"80\" height=\"80\" src=\"https:\/\/apgsolutions.com\/wp-content\/uploads\/2023\/07\/Finance-3.png\" alt=\"Icona Finanza\" class=\"wp-image-69255\" style=\"object-fit:cover\" \/><\/figure>\n<\/div>\n\n\n<h3 class=\"wp-block-heading has-text-align-center\" id=\"h-market-share\">Quota di mercato<\/h3>\n\n\n\n<p class=\"has-text-align-center\">In Europa, i prodotti da forno hanno rappresentato una quota del 38% del mercato totale nel 2023 | ABA<\/p>\n\n\n\n<div style=\"height:1rem\" aria-hidden=\"true\" class=\"wp-block-spacer\"><\/div>\n<\/div>\n\n\n\n<div class=\"wp-block-column pos-card-box has-background is-layout-flow wp-block-column-is-layout-flow\" style=\"background-color:#fcfaf7;flex-basis:360px\">\n<div style=\"height:1rem\" aria-hidden=\"true\" class=\"wp-block-spacer\"><\/div>\n\n\n<div class=\"wp-block-image\">\n<figure class=\"aligncenter size-full\"><img decoding=\"async\" width=\"80\" height=\"80\" src=\"https:\/\/apgsolutions.com\/wp-content\/uploads\/2023\/07\/Partners-5.png\" alt=\"Icona Partner\" class=\"wp-image-69397\" style=\"object-fit:cover\" \/><\/figure>\n<\/div>\n\n\n<h3 class=\"wp-block-heading has-text-align-center\" id=\"h-opportunity\">Opportunit\u00e0<\/h3>\n\n\n\n<p class=\"has-text-align-center\">Negli Stati Uniti, l&#8217;industria della panificazione impiega quasi 800.000 lavoratori | ABA<\/p>\n\n\n\n<div style=\"height:16px\" aria-hidden=\"true\" class=\"wp-block-spacer\"><\/div>\n<\/div>\n<\/div>\n\n\n\n<div style=\"height:0px\" aria-hidden=\"true\" class=\"wp-block-spacer wp-container-content-b83b6736\"><\/div>\n\n\n\n<div class=\"wp-block-group is-vertical is-layout-flex wp-container-core-group-is-layout-8cf370e7 wp-block-group-is-layout-flex\">\n<p style=\"font-size:30px\"><strong>I nostri cassetti consigliati per le panetterie<\/strong><\/p>\n\n\n\n<div style=\"height:0px\" aria-hidden=\"true\" class=\"wp-block-spacer wp-container-content-2cb1e7d4\"><\/div>\n<\/div>\n\n\n\n<div class=\"wp-block-columns is-layout-flex wp-container-core-columns-is-layout-9d6595d7 wp-block-columns-is-layout-flex\">\n<div class=\"wp-block-column is-layout-flow wp-block-column-is-layout-flow\">\n<div style=\"height:1rem\" aria-hidden=\"true\" class=\"wp-block-spacer\"><\/div>\n\n\n<div class=\"wp-block-image\">\n<figure class=\"aligncenter size-full is-resized\"><img decoding=\"async\" src=\"https:\/\/apgsolutions.com\/wp-content\/uploads\/2024\/09\/Series-100.png\" alt=\"Cassetto per contanti Serie 100\" class=\"wp-image-86680\" style=\"width:186px\" \/><\/figure>\n<\/div>\n\n\n<h3 class=\"wp-block-heading has-text-align-center\" id=\"h-series-100-cash-drawer\">Cassetto Serie 100<\/h3>\n\n\n\n<p class=\"has-text-align-left\">La <a href=\"https:\/\/apgsolutions.com\/products\/cash-drawers\/heavy-duty\/series-100\/\">Serie 100<\/a> \u00e8 ideale per le panetterie e offre un ampio spazio di archiviazione con un profondo scomparto sotto la soglia per organizzare i rotoli di monete e le valute confezionate.  <\/p>\n\n\n\n<p class=\"has-text-align-left\">Il suo design compatto \u00e8 perfetto per ottimizzare lo spazio sul banco in ambienti di panificazione molto frequentati. Costruita per resistere a oltre quattro milioni di transazioni, la Serie 100 \u00e8 la scelta ideale per gestire un elevato volume di vendite. <\/p>\n\n\n\n<div style=\"height:1rem\" aria-hidden=\"true\" class=\"wp-block-spacer\"><\/div>\n<\/div>\n\n\n\n<div class=\"wp-block-column is-layout-flow wp-block-column-is-layout-flow\">\n<div style=\"height:1rem\" aria-hidden=\"true\" class=\"wp-block-spacer\"><\/div>\n\n\n<div class=\"wp-block-image\">\n<figure class=\"aligncenter size-full is-resized\"><img loading=\"lazy\" decoding=\"async\" width=\"280\" height=\"211\" src=\"https:\/\/apgsolutions.com\/wp-content\/uploads\/2024\/07\/Vasario-VBxxx-BL1618-Closed-Right-removebg-preview.png\" alt=\"Cassetto per contanti serie Vasario\" class=\"wp-image-85846\" style=\"width:186px\" srcset=\"https:\/\/apgsolutions.com\/wp-content\/uploads\/2024\/07\/Vasario-VBxxx-BL1618-Closed-Right-removebg-preview.png 280w, https:\/\/apgsolutions.com\/wp-content\/uploads\/2024\/07\/Vasario-VBxxx-BL1618-Closed-Right-removebg-preview-80x60.png 80w\" sizes=\"(max-width: 280px) 100vw, 280px\" \/><\/figure>\n<\/div>\n\n\n<h3 class=\"wp-block-heading has-text-align-center\" id=\"h-vasario-series-cash-drawer\">Cassetto per contanti serie Vasario<\/h3>\n\n\n\n<p class=\"has-text-align-left\">Per un&#8217;opzione conveniente nel settore della panificazione, prendi in considerazione il <a href=\"https:\/\/apgsolutions.com\/products\/cash-drawers\/standard-duty\/vasario\">cassetto cassa Vasario<\/a>. Disponibile in diverse dimensioni per adattarsi alle varie configurazioni dei panifici, \u00e8 stata progettata per far fronte alle esigenze dei panifici.   <\/p>\n\n\n\n<p class=\"has-text-align-left\">Con una durata testata per superare un milione di transazioni, il cassetto portavalori Vasario garantisce un&#8217;esperienza di cassa fluida ed efficiente.<\/p>\n\n\n\n<div style=\"height:1rem\" aria-hidden=\"true\" class=\"wp-block-spacer\"><\/div>\n<\/div>\n<\/div>\n<\/div>\n","protected":false},"excerpt":{"rendered":"<p>Opportunit\u00e0 in crescita per l&#8217;industria della panificazione In Europa, l&#8217;industria dei prodotti da forno \u00e8 fondamentale per il mercato: il pane, le pasticcerie e i caff\u00e8 svolgono un ruolo fondamentale nella cultura di molte nazioni. Nel 2021, il consumo totale di prodotti da forno \u00e8 stato di 38 milioni di tonnellate in 29 paesi europei. [&hellip;]<\/p>\n","protected":false},"author":4,"featured_media":0,"parent":0,"menu_order":0,"comment_status":"closed","ping_status":"closed","template":"","meta":{"_acf_changed":false,"content-type":"","footnotes":""},"class_list":["post-105579","page","type-page","status-publish"],"yoast_head":"<!-- This site is optimized with the Yoast SEO Premium plugin v23.5 (Yoast SEO v27.2) - https:\/\/yoast.com\/product\/yoast-seo-premium-wordpress\/ -->\n<title>Soluzioni POS per panifici - Cassetti per panifici | apg\u00ae<\/title>\n<meta name=\"description\" content=\"Negozio di soluzioni per punti vendita per l&#039;industria della panificazione. I panifici hanno bisogno di soluzioni di gestione del contante robuste, in grado di resistere alla caduta di briciole di pane e farina.\" \/>\n<meta name=\"robots\" content=\"index, follow, max-snippet:-1, max-image-preview:large, max-video-preview:-1\" \/>\n<link rel=\"canonical\" href=\"https:\/\/apgsolutions.com\/it\/bakery-point-of-sale-solutions\/\" \/>\n<meta property=\"og:locale\" content=\"it_IT\" \/>\n<meta property=\"og:type\" content=\"article\" \/>\n<meta property=\"og:title\" content=\"Soluzioni POS per panifici - Cassetti per panifici | apg\u00ae\" \/>\n<meta property=\"og:description\" content=\"Negozio di soluzioni per punti vendita per l&#039;industria della panificazione. I panifici hanno bisogno di soluzioni di gestione del contante robuste, in grado di resistere alla caduta di briciole di pane e farina.\" \/>\n<meta property=\"og:url\" content=\"https:\/\/apgsolutions.com\/it\/bakery-point-of-sale-solutions\/\" \/>\n<meta property=\"og:site_name\" content=\"apg\u00ae Solutions\" \/>\n<meta property=\"article:publisher\" content=\"https:\/\/www.facebook.com\/apgglobalsolutions\" \/>\n<meta property=\"article:modified_time\" content=\"2026-03-18T16:27:08+00:00\" \/>\n<meta property=\"og:image\" content=\"https:\/\/apgsolutions.com\/wp-content\/uploads\/2023\/07\/Money-Growth_Light-Blue.png\" \/>\n<meta name=\"twitter:card\" content=\"summary_large_image\" \/>\n<meta name=\"twitter:site\" content=\"@apg_solutions\" \/>\n<meta name=\"twitter:label1\" content=\"Tempo di lettura stimato\" \/>\n\t<meta name=\"twitter:data1\" content=\"2 minuti\" \/>\n<script type=\"application\/ld+json\" class=\"yoast-schema-graph\">{\"@context\":\"https:\/\/schema.org\",\"@graph\":[{\"@type\":\"WebPage\",\"@id\":\"https:\/\/apgsolutions.com\/it\/bakery-point-of-sale-solutions\/\",\"url\":\"https:\/\/apgsolutions.com\/it\/bakery-point-of-sale-solutions\/\",\"name\":\"Soluzioni POS per panifici - Cassetti per panifici | apg\u00ae\",\"isPartOf\":{\"@id\":\"https:\/\/apgsolutions.com\/it\/#website\"},\"primaryImageOfPage\":{\"@id\":\"https:\/\/apgsolutions.com\/it\/bakery-point-of-sale-solutions\/#primaryimage\"},\"image\":{\"@id\":\"https:\/\/apgsolutions.com\/it\/bakery-point-of-sale-solutions\/#primaryimage\"},\"thumbnailUrl\":\"https:\/\/apgsolutions.com\/wp-content\/uploads\/2023\/07\/Money-Growth_Light-Blue.png\",\"datePublished\":\"2026-03-18T16:23:39+00:00\",\"dateModified\":\"2026-03-18T16:27:08+00:00\",\"description\":\"Negozio di soluzioni per punti vendita per l'industria della panificazione. I panifici hanno bisogno di soluzioni di gestione del contante robuste, in grado di resistere alla caduta di briciole di pane e farina.\",\"inLanguage\":\"it-IT\",\"potentialAction\":[{\"@type\":\"ReadAction\",\"target\":[\"https:\/\/apgsolutions.com\/it\/bakery-point-of-sale-solutions\/\"]}]},{\"@type\":\"ImageObject\",\"inLanguage\":\"it-IT\",\"@id\":\"https:\/\/apgsolutions.com\/it\/bakery-point-of-sale-solutions\/#primaryimage\",\"url\":\"https:\/\/apgsolutions.com\/wp-content\/uploads\/2023\/07\/Money-Growth_Light-Blue.png\",\"contentUrl\":\"https:\/\/apgsolutions.com\/wp-content\/uploads\/2023\/07\/Money-Growth_Light-Blue.png\"},{\"@type\":\"WebSite\",\"@id\":\"https:\/\/apgsolutions.com\/it\/#website\",\"url\":\"https:\/\/apgsolutions.com\/it\/\",\"name\":\"APG Solutions, LLC\",\"description\":\"Trust at every point.\",\"publisher\":{\"@id\":\"https:\/\/apgsolutions.com\/it\/#organization\"},\"potentialAction\":[{\"@type\":\"SearchAction\",\"target\":{\"@type\":\"EntryPoint\",\"urlTemplate\":\"https:\/\/apgsolutions.com\/it\/?s={search_term_string}\"},\"query-input\":{\"@type\":\"PropertyValueSpecification\",\"valueRequired\":true,\"valueName\":\"search_term_string\"}}],\"inLanguage\":\"it-IT\"},{\"@type\":\"Organization\",\"@id\":\"https:\/\/apgsolutions.com\/it\/#organization\",\"name\":\"APG Solution, LLC\",\"url\":\"https:\/\/apgsolutions.com\/it\/\",\"logo\":{\"@type\":\"ImageObject\",\"inLanguage\":\"it-IT\",\"@id\":\"https:\/\/apgsolutions.com\/it\/#\/schema\/logo\/image\/\",\"url\":\"https:\/\/apgsolutions.com\/wp-content\/uploads\/2023\/12\/logomark-color.svg\",\"contentUrl\":\"https:\/\/apgsolutions.com\/wp-content\/uploads\/2023\/12\/logomark-color.svg\",\"width\":141,\"height\":138,\"caption\":\"APG Solution, LLC\"},\"image\":{\"@id\":\"https:\/\/apgsolutions.com\/it\/#\/schema\/logo\/image\/\"},\"sameAs\":[\"https:\/\/www.facebook.com\/apgglobalsolutions\",\"https:\/\/x.com\/apg_solutions\",\"https:\/\/www.youtube.com\/c\/CashManagementGlobalSolutionsbyapg\",\"https:\/\/www.linkedin.com\/company\/apgglobalsolutions\/\",\"https:\/\/www.instagram.com\/apgglobalsolutions\/\",\"https:\/\/www.pinterest.com\/apgcashdrawer\/\"]}]}<\/script>\n<!-- \/ Yoast SEO Premium plugin. -->","yoast_head_json":{"title":"Soluzioni POS per panifici - Cassetti per panifici | apg\u00ae","description":"Negozio di soluzioni per punti vendita per l'industria della panificazione. I panifici hanno bisogno di soluzioni di gestione del contante robuste, in grado di resistere alla caduta di briciole di pane e farina.","robots":{"index":"index","follow":"follow","max-snippet":"max-snippet:-1","max-image-preview":"max-image-preview:large","max-video-preview":"max-video-preview:-1"},"canonical":"https:\/\/apgsolutions.com\/it\/bakery-point-of-sale-solutions\/","og_locale":"it_IT","og_type":"article","og_title":"Soluzioni POS per panifici - Cassetti per panifici | apg\u00ae","og_description":"Negozio di soluzioni per punti vendita per l'industria della panificazione. I panifici hanno bisogno di soluzioni di gestione del contante robuste, in grado di resistere alla caduta di briciole di pane e farina.","og_url":"https:\/\/apgsolutions.com\/it\/bakery-point-of-sale-solutions\/","og_site_name":"apg\u00ae Solutions","article_publisher":"https:\/\/www.facebook.com\/apgglobalsolutions","article_modified_time":"2026-03-18T16:27:08+00:00","og_image":[{"url":"https:\/\/apgsolutions.com\/wp-content\/uploads\/2023\/07\/Money-Growth_Light-Blue.png","type":"","width":"","height":""}],"twitter_card":"summary_large_image","twitter_site":"@apg_solutions","twitter_misc":{"Tempo di lettura stimato":"2 minuti"},"schema":{"@context":"https:\/\/schema.org","@graph":[{"@type":"WebPage","@id":"https:\/\/apgsolutions.com\/it\/bakery-point-of-sale-solutions\/","url":"https:\/\/apgsolutions.com\/it\/bakery-point-of-sale-solutions\/","name":"Soluzioni POS per panifici - Cassetti per panifici | apg\u00ae","isPartOf":{"@id":"https:\/\/apgsolutions.com\/it\/#website"},"primaryImageOfPage":{"@id":"https:\/\/apgsolutions.com\/it\/bakery-point-of-sale-solutions\/#primaryimage"},"image":{"@id":"https:\/\/apgsolutions.com\/it\/bakery-point-of-sale-solutions\/#primaryimage"},"thumbnailUrl":"https:\/\/apgsolutions.com\/wp-content\/uploads\/2023\/07\/Money-Growth_Light-Blue.png","datePublished":"2026-03-18T16:23:39+00:00","dateModified":"2026-03-18T16:27:08+00:00","description":"Negozio di soluzioni per punti vendita per l'industria della panificazione. I panifici hanno bisogno di soluzioni di gestione del contante robuste, in grado di resistere alla caduta di briciole di pane e farina.","inLanguage":"it-IT","potentialAction":[{"@type":"ReadAction","target":["https:\/\/apgsolutions.com\/it\/bakery-point-of-sale-solutions\/"]}]},{"@type":"ImageObject","inLanguage":"it-IT","@id":"https:\/\/apgsolutions.com\/it\/bakery-point-of-sale-solutions\/#primaryimage","url":"https:\/\/apgsolutions.com\/wp-content\/uploads\/2023\/07\/Money-Growth_Light-Blue.png","contentUrl":"https:\/\/apgsolutions.com\/wp-content\/uploads\/2023\/07\/Money-Growth_Light-Blue.png"},{"@type":"WebSite","@id":"https:\/\/apgsolutions.com\/it\/#website","url":"https:\/\/apgsolutions.com\/it\/","name":"APG Solutions, LLC","description":"Trust at every point.","publisher":{"@id":"https:\/\/apgsolutions.com\/it\/#organization"},"potentialAction":[{"@type":"SearchAction","target":{"@type":"EntryPoint","urlTemplate":"https:\/\/apgsolutions.com\/it\/?s={search_term_string}"},"query-input":{"@type":"PropertyValueSpecification","valueRequired":true,"valueName":"search_term_string"}}],"inLanguage":"it-IT"},{"@type":"Organization","@id":"https:\/\/apgsolutions.com\/it\/#organization","name":"APG Solution, LLC","url":"https:\/\/apgsolutions.com\/it\/","logo":{"@type":"ImageObject","inLanguage":"it-IT","@id":"https:\/\/apgsolutions.com\/it\/#\/schema\/logo\/image\/","url":"https:\/\/apgsolutions.com\/wp-content\/uploads\/2023\/12\/logomark-color.svg","contentUrl":"https:\/\/apgsolutions.com\/wp-content\/uploads\/2023\/12\/logomark-color.svg","width":141,"height":138,"caption":"APG Solution, LLC"},"image":{"@id":"https:\/\/apgsolutions.com\/it\/#\/schema\/logo\/image\/"},"sameAs":["https:\/\/www.facebook.com\/apgglobalsolutions","https:\/\/x.com\/apg_solutions","https:\/\/www.youtube.com\/c\/CashManagementGlobalSolutionsbyapg","https:\/\/www.linkedin.com\/company\/apgglobalsolutions\/","https:\/\/www.instagram.com\/apgglobalsolutions\/","https:\/\/www.pinterest.com\/apgcashdrawer\/"]}]}},"acf":[],"_links":{"self":[{"href":"https:\/\/apgsolutions.com\/it\/wp-json\/wp\/v2\/pages\/105579","targetHints":{"allow":["GET"]}}],"collection":[{"href":"https:\/\/apgsolutions.com\/it\/wp-json\/wp\/v2\/pages"}],"about":[{"href":"https:\/\/apgsolutions.com\/it\/wp-json\/wp\/v2\/types\/page"}],"author":[{"embeddable":true,"href":"https:\/\/apgsolutions.com\/it\/wp-json\/wp\/v2\/users\/4"}],"replies":[{"embeddable":true,"href":"https:\/\/apgsolutions.com\/it\/wp-json\/wp\/v2\/comments?post=105579"}],"version-history":[{"count":3,"href":"https:\/\/apgsolutions.com\/it\/wp-json\/wp\/v2\/pages\/105579\/revisions"}],"predecessor-version":[{"id":106004,"href":"https:\/\/apgsolutions.com\/it\/wp-json\/wp\/v2\/pages\/105579\/revisions\/106004"}],"wp:attachment":[{"href":"https:\/\/apgsolutions.com\/it\/wp-json\/wp\/v2\/media?parent=105579"}],"curies":[{"name":"wp","href":"https:\/\/api.w.org\/{rel}","templated":true}]}}