{"id":105628,"date":"2026-03-18T16:23:52","date_gmt":"2026-03-18T16:23:52","guid":{"rendered":"https:\/\/apgsolutions.com\/bars-and-nightclubs\/"},"modified":"2026-03-18T16:26:21","modified_gmt":"2026-03-18T16:26:21","slug":"bars-and-nightclubs","status":"publish","type":"page","link":"https:\/\/apgsolutions.com\/it\/bars-and-nightclubs\/","title":{"rendered":"Soluzioni POS e cassetti di cassa per bar e locali notturni"},"content":{"rendered":"<div class=\"section_page-header \">\n    <img decoding=\"async\" class=\"header-image\" src=\"https:\/\/apgsolutions.com\/wp-content\/uploads\/2023\/07\/Bars-Vertical-Page-e1721758476330.jpg\" alt=\"Bars + Nightclubs\" title=\"Bars + Nightclubs\">\n            <div class=\"header-content\">\n            <h1>POS Solutions &amp; Cash Drawers for Bars and Nightclubs<\/h1>\n        <\/div>\n    <\/div>\n<div class=\"wp-block-group pos-content-div is-vertical is-content-justification-center is-layout-flex wp-container-core-group-is-layout-4b2eccd6 wp-block-group-is-layout-flex\">\n<div style=\"height:0px\" aria-hidden=\"true\" class=\"wp-block-spacer wp-container-content-b83b6736\"><\/div>\n\n\n\n<div class=\"wp-block-group is-vertical is-content-justification-center is-nowrap is-layout-flex wp-container-core-group-is-layout-e862386f wp-block-group-is-layout-flex\">\n<p class=\"has-text-align-center has-large-font-size\"><strong>Soluzioni per velocizzare le transazioni in contanti<\/strong><\/p>\n\n\n\n<div style=\"height:0px\" aria-hidden=\"true\" class=\"wp-block-spacer wp-container-content-5082a153\"><\/div>\n\n\n\n<p class=\"has-text-align-center\">I bar e i locali notturni negli Stati Uniti sono centri di interazione sociale molto vivaci. Con 67.531 locali in tutta la nazione a partire dal 2023, i proprietari e i gestori devono affrontare la sfida di gestire questi locali in modo efficiente, dando la priorit\u00e0 a un servizio eccezionale, all&#8217;esperienza dei clienti e alla sicurezza.  Una gestione efficace del contante \u00e8 fondamentale in questi ambienti frenetici, dove \u00e8 essenziale effettuare transazioni sicure e senza interruzioni. I proprietari possono trovarsi in difficolt\u00e0 nel gestire grandi volumi di contanti, affrontare i rischi di furto e garantire una gestione accurata delle fatture. Questi fattori hanno un impatto significativo sulla redditivit\u00e0 e sul successo operativo.  <\/p>\n\n\n\n<p class=\"has-text-align-center\">  apg\u00ae offre soluzioni POS su misura, progettate per risolvere i problemi di gestione del contante, indipendentemente dalle dimensioni e dalla portata. Le nostre <a href=\"https:\/\/apgsolutions.com\/it\/products\/\">soluzioni POS<\/a> offrono un&#8217;acquisizione sicura delle transazioni e solide capacit\u00e0 di archiviazione, supportando i proprietari nell&#8217;ottimizzazione dell&#8217;efficienza operativa e nella salvaguardia delle risorse finanziarie. Migliora le prestazioni del tuo bar o locale notturno con apg\u00ae, assicurandoti un&#8217;operativit\u00e0 regolare e una maggiore redditivit\u00e0.  <\/p>\n<\/div>\n\n\n\n<div style=\"height:0px\" aria-hidden=\"true\" class=\"wp-block-spacer wp-container-content-b83b6736\"><\/div>\n\n\n\n<div class=\"wp-block-group is-vertical is-layout-flex wp-container-core-group-is-layout-8cf370e7 wp-block-group-is-layout-flex\">\n<p style=\"font-size:30px\"><strong>Fatti e statistiche<\/strong><\/p>\n\n\n\n<div style=\"height:0px\" aria-hidden=\"true\" class=\"wp-block-spacer wp-container-content-5082a153\"><\/div>\n<\/div>\n\n\n\n<div class=\"wp-block-columns is-layout-flex wp-container-core-columns-is-layout-9d6595d7 wp-block-columns-is-layout-flex\">\n<div class=\"wp-block-column pos-card-box has-background is-layout-flow wp-block-column-is-layout-flow\" style=\"background-color:#fcfaf7;flex-basis:360px\">\n<div style=\"height:1rem\" aria-hidden=\"true\" class=\"wp-block-spacer\"><\/div>\n\n\n<div class=\"wp-block-image\">\n<figure class=\"aligncenter size-full\"><img decoding=\"async\" width=\"80\" height=\"80\" src=\"https:\/\/apgsolutions.com\/wp-content\/uploads\/2023\/07\/Money-Growth_Light-Blue.png\" alt=\"Principale fonte di entrate Icona\" class=\"wp-image-68978\" style=\"object-fit:cover\" \/><\/figure>\n<\/div>\n\n\n<h3 class=\"wp-block-heading has-text-align-center\" id=\"h-revenue\">Entrate<\/h3>\n\n\n\n<p class=\"has-text-align-center\">Nel 2023, il fatturato di bar e discoteche \u00e8 stato di 36,3 miliardi di dollari | IBIS World<\/p>\n\n\n\n<div style=\"height:1rem\" aria-hidden=\"true\" class=\"wp-block-spacer\"><\/div>\n<\/div>\n\n\n\n<div class=\"wp-block-column pos-card-box has-background is-layout-flow wp-block-column-is-layout-flow\" style=\"background-color:#fcfaf7;flex-basis:360px\">\n<div style=\"height:1rem\" aria-hidden=\"true\" class=\"wp-block-spacer\"><\/div>\n\n\n<div class=\"wp-block-image\">\n<figure class=\"aligncenter size-full\"><img decoding=\"async\" width=\"80\" height=\"80\" src=\"https:\/\/apgsolutions.com\/wp-content\/uploads\/2023\/07\/Beer_Light-Blue-b.png\" alt=\"Icona Birra\" class=\"wp-image-69424\" style=\"object-fit:cover\" \/><\/figure>\n<\/div>\n\n\n<h3 class=\"wp-block-heading has-text-align-center\" id=\"h-growth\">Crescita<\/h3>\n\n\n\n<p class=\"has-text-align-center\">Nel 2023, ci saranno 67.500 bar e discoteche negli Stati Uniti | IBIS World<\/p>\n\n\n\n<div style=\"height:1rem\" aria-hidden=\"true\" class=\"wp-block-spacer\"><\/div>\n<\/div>\n\n\n\n<div class=\"wp-block-column pos-card-box has-background is-layout-flow wp-block-column-is-layout-flow\" style=\"background-color:#fcfaf7;flex-basis:360px\">\n<div style=\"height:1rem\" aria-hidden=\"true\" class=\"wp-block-spacer\"><\/div>\n\n\n<div class=\"wp-block-image\">\n<figure class=\"aligncenter size-full\"><img decoding=\"async\" width=\"80\" height=\"80\" src=\"https:\/\/apgsolutions.com\/wp-content\/uploads\/2023\/07\/Partners-5.png\" alt=\"Icona Partner\" class=\"wp-image-69397\" style=\"object-fit:cover\" \/><\/figure>\n<\/div>\n\n\n<h3 class=\"wp-block-heading has-text-align-center\" id=\"h-opportunity\">Opportunit\u00e0<\/h3>\n\n\n\n<p class=\"has-text-align-center\">Nel 2022, negli Stati Uniti c&#8217;erano 570.000 dipendenti nel settore dei bar e dei locali notturni | Statista<\/p>\n\n\n\n<div style=\"height:16px\" aria-hidden=\"true\" class=\"wp-block-spacer\"><\/div>\n<\/div>\n<\/div>\n\n\n\n<div style=\"height:0px\" aria-hidden=\"true\" class=\"wp-block-spacer wp-container-content-b83b6736\"><\/div>\n\n\n\n<div class=\"wp-block-group is-vertical is-layout-flex wp-container-core-group-is-layout-8cf370e7 wp-block-group-is-layout-flex\">\n<p style=\"font-size:30px\"><strong>I nostri cassetti consigliati per bar e discoteche<\/strong><\/p>\n\n\n\n<div style=\"height:0px\" aria-hidden=\"true\" class=\"wp-block-spacer wp-container-content-2cb1e7d4\"><\/div>\n<\/div>\n\n\n\n<div class=\"wp-block-columns is-layout-flex wp-container-core-columns-is-layout-9d6595d7 wp-block-columns-is-layout-flex\">\n<div class=\"wp-block-column is-layout-flow wp-block-column-is-layout-flow\">\n<div style=\"height:1rem\" aria-hidden=\"true\" class=\"wp-block-spacer\"><\/div>\n\n\n<div class=\"wp-block-image\">\n<figure class=\"aligncenter size-full is-resized\"><img decoding=\"async\" src=\"https:\/\/apgsolutions.com\/wp-content\/uploads\/2024\/09\/Series-100.png\" alt=\"Cassetto per contanti Serie 100\" class=\"wp-image-86680\" style=\"width:186px\" \/><\/figure>\n<\/div>\n\n\n<h3 class=\"wp-block-heading has-text-align-center\" id=\"h-series-100-cash-drawer\">Cassetto Serie 100<\/h3>\n\n\n\n<p class=\"has-text-align-left\">La <a href=\"https:\/\/apgsolutions.com\/products\/cash-drawers\/heavy-duty\/series-100\/\">Serie 100<\/a> \u00e8 perfetta per i bar e i locali notturni, grazie all&#8217;ampio spazio di archiviazione con un profondo scomparto sotto la soglia per i rotoli di monete e la valuta confezionata.<\/p>\n\n\n\n<p class=\"has-text-align-left\">Il suo design massimizza lo spazio sul bancone, rendendolo ideale per gli ambienti con ritmi veloci e ad alta energia. Costruita per durare oltre quattro milioni di transazioni, la Serie 100 garantisce prestazioni affidabili e durata nel tempo. <\/p>\n\n\n\n<div style=\"height:1rem\" aria-hidden=\"true\" class=\"wp-block-spacer\"><\/div>\n<\/div>\n\n\n\n<div class=\"wp-block-column is-layout-flow wp-block-column-is-layout-flow\">\n<div style=\"height:1rem\" aria-hidden=\"true\" class=\"wp-block-spacer\"><\/div>\n\n\n<div class=\"wp-block-image\">\n<figure class=\"aligncenter size-full is-resized\"><img loading=\"lazy\" decoding=\"async\" width=\"1600\" height=\"1200\" src=\"https:\/\/apgsolutions.com\/wp-content\/uploads\/2023\/06\/Series-4000-JB520-BL1816-Closed-Right.png\" alt=\"Cassetto Serie 4000\" class=\"wp-image-83857\" style=\"width:186px\" srcset=\"https:\/\/apgsolutions.com\/wp-content\/uploads\/2023\/06\/Series-4000-JB520-BL1816-Closed-Right.png 1600w, https:\/\/apgsolutions.com\/wp-content\/uploads\/2023\/06\/Series-4000-JB520-BL1816-Closed-Right-300x225.png 300w, https:\/\/apgsolutions.com\/wp-content\/uploads\/2023\/06\/Series-4000-JB520-BL1816-Closed-Right-1024x768.png 1024w, https:\/\/apgsolutions.com\/wp-content\/uploads\/2023\/06\/Series-4000-JB520-BL1816-Closed-Right-768x576.png 768w, https:\/\/apgsolutions.com\/wp-content\/uploads\/2023\/06\/Series-4000-JB520-BL1816-Closed-Right-1536x1152.png 1536w, https:\/\/apgsolutions.com\/wp-content\/uploads\/2023\/06\/Series-4000-JB520-BL1816-Closed-Right-550x413.png 550w, https:\/\/apgsolutions.com\/wp-content\/uploads\/2023\/06\/Series-4000-JB520-BL1816-Closed-Right-80x60.png 80w, https:\/\/apgsolutions.com\/wp-content\/uploads\/2023\/06\/Series-4000-JB520-BL1816-Closed-Right-600x450.png 600w\" sizes=\"(max-width: 1600px) 100vw, 1600px\" \/><\/figure>\n<\/div>\n\n\n<h3 class=\"wp-block-heading has-text-align-center\" id=\"h-series-4000-cash-drawer\">Cassetto Serie 4000<\/h3>\n\n\n\n<p class=\"has-text-align-left\">La <a href=\"https:\/\/apgsolutions.com\/products\/cash-drawers\/heavy-duty\/series-4000\/\">Serie 4000<\/a> offre soluzioni di stoccaggio versatili con una vasta gamma di dimensioni e colori. Progettato per gestire l&#8217;intensa attivit\u00e0 di bar e discoteche ad alto volume.   <\/p>\n\n\n\n<p class=\"has-text-align-left\">La Serie 4000 \u00e8 costruita per resistere a oltre quattro milioni di transazioni, assicurando che le elevate esigenze di bar e discoteche siano sempre soddisfatte.<\/p>\n\n\n\n<div style=\"height:1rem\" aria-hidden=\"true\" class=\"wp-block-spacer\"><\/div>\n<\/div>\n<\/div>\n<\/div>\n","protected":false},"excerpt":{"rendered":"<p>Soluzioni per velocizzare le transazioni in contanti I bar e i locali notturni negli Stati Uniti sono centri di interazione sociale molto vivaci. Con 67.531 locali in tutta la nazione a partire dal 2023, i proprietari e i gestori devono affrontare la sfida di gestire questi locali in modo efficiente, dando la priorit\u00e0 a un [&hellip;]<\/p>\n","protected":false},"author":4,"featured_media":0,"parent":0,"menu_order":0,"comment_status":"closed","ping_status":"closed","template":"","meta":{"_acf_changed":false,"content-type":"","footnotes":""},"class_list":["post-105628","page","type-page","status-publish"],"yoast_head":"<!-- This site is optimized with the Yoast SEO Premium plugin v23.5 (Yoast SEO v27.2) - https:\/\/yoast.com\/product\/yoast-seo-premium-wordpress\/ -->\n<title>Soluzioni POS per bar e locali notturni - Cassetti per bar e locali notturni | apg\u00ae<\/title>\n<meta name=\"description\" content=\"Le migliori soluzioni per punti vendita e cassetti di cassa APG per velocizzare le transazioni di cassa nei bar e nei locali notturni, progettate per risolvere i problemi di gestione del contante.\" \/>\n<meta name=\"robots\" content=\"index, follow, max-snippet:-1, max-image-preview:large, max-video-preview:-1\" \/>\n<link rel=\"canonical\" href=\"https:\/\/apgsolutions.com\/it\/bars-and-nightclubs\/\" \/>\n<meta property=\"og:locale\" content=\"it_IT\" \/>\n<meta property=\"og:type\" content=\"article\" \/>\n<meta property=\"og:title\" content=\"Soluzioni POS per bar e locali notturni - Cassetti per bar e locali notturni | apg\u00ae\" \/>\n<meta property=\"og:description\" content=\"Le migliori soluzioni per punti vendita e cassetti di cassa APG per velocizzare le transazioni di cassa nei bar e nei locali notturni, progettate per risolvere i problemi di gestione del contante.\" \/>\n<meta property=\"og:url\" content=\"https:\/\/apgsolutions.com\/it\/bars-and-nightclubs\/\" \/>\n<meta property=\"og:site_name\" content=\"apg\u00ae Solutions\" \/>\n<meta property=\"article:publisher\" content=\"https:\/\/www.facebook.com\/apgglobalsolutions\" \/>\n<meta property=\"article:modified_time\" content=\"2026-03-18T16:26:21+00:00\" \/>\n<meta property=\"og:image\" content=\"https:\/\/apgsolutions.com\/wp-content\/uploads\/2023\/07\/Money-Growth_Light-Blue.png\" \/>\n<meta name=\"twitter:card\" content=\"summary_large_image\" \/>\n<meta name=\"twitter:site\" content=\"@apg_solutions\" \/>\n<meta name=\"twitter:label1\" content=\"Tempo di lettura stimato\" \/>\n\t<meta name=\"twitter:data1\" content=\"2 minuti\" \/>\n<script type=\"application\/ld+json\" class=\"yoast-schema-graph\">{\"@context\":\"https:\/\/schema.org\",\"@graph\":[{\"@type\":\"WebPage\",\"@id\":\"https:\/\/apgsolutions.com\/it\/bars-and-nightclubs\/\",\"url\":\"https:\/\/apgsolutions.com\/it\/bars-and-nightclubs\/\",\"name\":\"Soluzioni POS per bar e locali notturni - Cassetti per bar e locali notturni | apg\u00ae\",\"isPartOf\":{\"@id\":\"https:\/\/apgsolutions.com\/it\/#website\"},\"primaryImageOfPage\":{\"@id\":\"https:\/\/apgsolutions.com\/it\/bars-and-nightclubs\/#primaryimage\"},\"image\":{\"@id\":\"https:\/\/apgsolutions.com\/it\/bars-and-nightclubs\/#primaryimage\"},\"thumbnailUrl\":\"https:\/\/apgsolutions.com\/wp-content\/uploads\/2023\/07\/Money-Growth_Light-Blue.png\",\"datePublished\":\"2026-03-18T16:23:52+00:00\",\"dateModified\":\"2026-03-18T16:26:21+00:00\",\"description\":\"Le migliori soluzioni per punti vendita e cassetti di cassa APG per velocizzare le transazioni di cassa nei bar e nei locali notturni, progettate per risolvere i problemi di gestione del contante.\",\"inLanguage\":\"it-IT\",\"potentialAction\":[{\"@type\":\"ReadAction\",\"target\":[\"https:\/\/apgsolutions.com\/it\/bars-and-nightclubs\/\"]}]},{\"@type\":\"ImageObject\",\"inLanguage\":\"it-IT\",\"@id\":\"https:\/\/apgsolutions.com\/it\/bars-and-nightclubs\/#primaryimage\",\"url\":\"https:\/\/apgsolutions.com\/wp-content\/uploads\/2023\/07\/Money-Growth_Light-Blue.png\",\"contentUrl\":\"https:\/\/apgsolutions.com\/wp-content\/uploads\/2023\/07\/Money-Growth_Light-Blue.png\"},{\"@type\":\"WebSite\",\"@id\":\"https:\/\/apgsolutions.com\/it\/#website\",\"url\":\"https:\/\/apgsolutions.com\/it\/\",\"name\":\"APG Solutions, LLC\",\"description\":\"Trust at every point.\",\"publisher\":{\"@id\":\"https:\/\/apgsolutions.com\/it\/#organization\"},\"potentialAction\":[{\"@type\":\"SearchAction\",\"target\":{\"@type\":\"EntryPoint\",\"urlTemplate\":\"https:\/\/apgsolutions.com\/it\/?s={search_term_string}\"},\"query-input\":{\"@type\":\"PropertyValueSpecification\",\"valueRequired\":true,\"valueName\":\"search_term_string\"}}],\"inLanguage\":\"it-IT\"},{\"@type\":\"Organization\",\"@id\":\"https:\/\/apgsolutions.com\/it\/#organization\",\"name\":\"APG Solution, LLC\",\"url\":\"https:\/\/apgsolutions.com\/it\/\",\"logo\":{\"@type\":\"ImageObject\",\"inLanguage\":\"it-IT\",\"@id\":\"https:\/\/apgsolutions.com\/it\/#\/schema\/logo\/image\/\",\"url\":\"https:\/\/apgsolutions.com\/wp-content\/uploads\/2023\/12\/logomark-color.svg\",\"contentUrl\":\"https:\/\/apgsolutions.com\/wp-content\/uploads\/2023\/12\/logomark-color.svg\",\"width\":141,\"height\":138,\"caption\":\"APG Solution, LLC\"},\"image\":{\"@id\":\"https:\/\/apgsolutions.com\/it\/#\/schema\/logo\/image\/\"},\"sameAs\":[\"https:\/\/www.facebook.com\/apgglobalsolutions\",\"https:\/\/x.com\/apg_solutions\",\"https:\/\/www.youtube.com\/c\/CashManagementGlobalSolutionsbyapg\",\"https:\/\/www.linkedin.com\/company\/apgglobalsolutions\/\",\"https:\/\/www.instagram.com\/apgglobalsolutions\/\",\"https:\/\/www.pinterest.com\/apgcashdrawer\/\"]}]}<\/script>\n<!-- \/ Yoast SEO Premium plugin. -->","yoast_head_json":{"title":"Soluzioni POS per bar e locali notturni - Cassetti per bar e locali notturni | apg\u00ae","description":"Le migliori soluzioni per punti vendita e cassetti di cassa APG per velocizzare le transazioni di cassa nei bar e nei locali notturni, progettate per risolvere i problemi di gestione del contante.","robots":{"index":"index","follow":"follow","max-snippet":"max-snippet:-1","max-image-preview":"max-image-preview:large","max-video-preview":"max-video-preview:-1"},"canonical":"https:\/\/apgsolutions.com\/it\/bars-and-nightclubs\/","og_locale":"it_IT","og_type":"article","og_title":"Soluzioni POS per bar e locali notturni - Cassetti per bar e locali notturni | apg\u00ae","og_description":"Le migliori soluzioni per punti vendita e cassetti di cassa APG per velocizzare le transazioni di cassa nei bar e nei locali notturni, progettate per risolvere i problemi di gestione del contante.","og_url":"https:\/\/apgsolutions.com\/it\/bars-and-nightclubs\/","og_site_name":"apg\u00ae Solutions","article_publisher":"https:\/\/www.facebook.com\/apgglobalsolutions","article_modified_time":"2026-03-18T16:26:21+00:00","og_image":[{"url":"https:\/\/apgsolutions.com\/wp-content\/uploads\/2023\/07\/Money-Growth_Light-Blue.png","type":"","width":"","height":""}],"twitter_card":"summary_large_image","twitter_site":"@apg_solutions","twitter_misc":{"Tempo di lettura stimato":"2 minuti"},"schema":{"@context":"https:\/\/schema.org","@graph":[{"@type":"WebPage","@id":"https:\/\/apgsolutions.com\/it\/bars-and-nightclubs\/","url":"https:\/\/apgsolutions.com\/it\/bars-and-nightclubs\/","name":"Soluzioni POS per bar e locali notturni - Cassetti per bar e locali notturni | apg\u00ae","isPartOf":{"@id":"https:\/\/apgsolutions.com\/it\/#website"},"primaryImageOfPage":{"@id":"https:\/\/apgsolutions.com\/it\/bars-and-nightclubs\/#primaryimage"},"image":{"@id":"https:\/\/apgsolutions.com\/it\/bars-and-nightclubs\/#primaryimage"},"thumbnailUrl":"https:\/\/apgsolutions.com\/wp-content\/uploads\/2023\/07\/Money-Growth_Light-Blue.png","datePublished":"2026-03-18T16:23:52+00:00","dateModified":"2026-03-18T16:26:21+00:00","description":"Le migliori soluzioni per punti vendita e cassetti di cassa APG per velocizzare le transazioni di cassa nei bar e nei locali notturni, progettate per risolvere i problemi di gestione del contante.","inLanguage":"it-IT","potentialAction":[{"@type":"ReadAction","target":["https:\/\/apgsolutions.com\/it\/bars-and-nightclubs\/"]}]},{"@type":"ImageObject","inLanguage":"it-IT","@id":"https:\/\/apgsolutions.com\/it\/bars-and-nightclubs\/#primaryimage","url":"https:\/\/apgsolutions.com\/wp-content\/uploads\/2023\/07\/Money-Growth_Light-Blue.png","contentUrl":"https:\/\/apgsolutions.com\/wp-content\/uploads\/2023\/07\/Money-Growth_Light-Blue.png"},{"@type":"WebSite","@id":"https:\/\/apgsolutions.com\/it\/#website","url":"https:\/\/apgsolutions.com\/it\/","name":"APG Solutions, LLC","description":"Trust at every point.","publisher":{"@id":"https:\/\/apgsolutions.com\/it\/#organization"},"potentialAction":[{"@type":"SearchAction","target":{"@type":"EntryPoint","urlTemplate":"https:\/\/apgsolutions.com\/it\/?s={search_term_string}"},"query-input":{"@type":"PropertyValueSpecification","valueRequired":true,"valueName":"search_term_string"}}],"inLanguage":"it-IT"},{"@type":"Organization","@id":"https:\/\/apgsolutions.com\/it\/#organization","name":"APG Solution, LLC","url":"https:\/\/apgsolutions.com\/it\/","logo":{"@type":"ImageObject","inLanguage":"it-IT","@id":"https:\/\/apgsolutions.com\/it\/#\/schema\/logo\/image\/","url":"https:\/\/apgsolutions.com\/wp-content\/uploads\/2023\/12\/logomark-color.svg","contentUrl":"https:\/\/apgsolutions.com\/wp-content\/uploads\/2023\/12\/logomark-color.svg","width":141,"height":138,"caption":"APG Solution, LLC"},"image":{"@id":"https:\/\/apgsolutions.com\/it\/#\/schema\/logo\/image\/"},"sameAs":["https:\/\/www.facebook.com\/apgglobalsolutions","https:\/\/x.com\/apg_solutions","https:\/\/www.youtube.com\/c\/CashManagementGlobalSolutionsbyapg","https:\/\/www.linkedin.com\/company\/apgglobalsolutions\/","https:\/\/www.instagram.com\/apgglobalsolutions\/","https:\/\/www.pinterest.com\/apgcashdrawer\/"]}]}},"acf":[],"_links":{"self":[{"href":"https:\/\/apgsolutions.com\/it\/wp-json\/wp\/v2\/pages\/105628","targetHints":{"allow":["GET"]}}],"collection":[{"href":"https:\/\/apgsolutions.com\/it\/wp-json\/wp\/v2\/pages"}],"about":[{"href":"https:\/\/apgsolutions.com\/it\/wp-json\/wp\/v2\/types\/page"}],"author":[{"embeddable":true,"href":"https:\/\/apgsolutions.com\/it\/wp-json\/wp\/v2\/users\/4"}],"replies":[{"embeddable":true,"href":"https:\/\/apgsolutions.com\/it\/wp-json\/wp\/v2\/comments?post=105628"}],"version-history":[{"count":3,"href":"https:\/\/apgsolutions.com\/it\/wp-json\/wp\/v2\/pages\/105628\/revisions"}],"predecessor-version":[{"id":106097,"href":"https:\/\/apgsolutions.com\/it\/wp-json\/wp\/v2\/pages\/105628\/revisions\/106097"}],"wp:attachment":[{"href":"https:\/\/apgsolutions.com\/it\/wp-json\/wp\/v2\/media?parent=105628"}],"curies":[{"name":"wp","href":"https:\/\/api.w.org\/{rel}","templated":true}]}}